{"id":10786,"date":"2021-12-08T13:07:22","date_gmt":"2021-12-08T11:07:22","guid":{"rendered":"https:\/\/www.filha.fi\/?page_id=10786"},"modified":"2022-02-22T20:56:14","modified_gmt":"2022-02-22T18:56:14","slug":"long-covid","status":"publish","type":"page","link":"https:\/\/www.filha.fi\/en\/long-covid\/","title":{"rendered":"Pitk\u00e4kestoinen tauti"},"content":{"rendered":"<p>Suomi on muuhun maailmaan verrattuna selvinnyt Sars-CoV-2-viruksen aiheuttamasta koronaviruspandemiasta hyvin. Sairaalapaikat ovat riitt\u00e4neet ja tautiin kuolleita on vain v\u00e4h\u00e4n.<\/p>\n<p>Pian pandemian alettua kuitenkin huomattiin, ett\u00e4 akuutista taudista selviytymisen j\u00e4lkeen osa potilaista k\u00e4rsi taudin oireista huomattavan pitk\u00e4\u00e4n ja toipuminen oli hidasta. Toipumisella ei v\u00e4ltt\u00e4m\u00e4tt\u00e4 ole yhteytt\u00e4 sairastetun taudin vaikeusasteeseen, vaan pitk\u00e4kestoinen oireilu voi jatkua my\u00f6s liev\u00e4n, kotona hoidetun koronataudin j\u00e4lkeen. Joidenkin arvioiden mukaan yli puolet koronavirustaudin sairastaneista oireilee pitkittyneesti. Tutkimusten mukaan 60-70 prosentilla sairastuneista on viel\u00e4 4-6 kuukauden j\u00e4lkeen n\u00e4ht\u00e4viss\u00e4 muutoksia v\u00e4hint\u00e4\u00e4n yhdess\u00e4 elimess\u00e4. Osalla potilaista taas ei ole objektiivisesti osoitettavissa olevia elinmuutoksia, mutta oireita on runsaasti.<\/p>\n<figure id=\"attachment_10787\" aria-describedby=\"caption-attachment-10787\" style=\"width: 607px\" class=\"wp-caption alignright\"><img fetchpriority=\"high\" decoding=\"async\" class=\" wp-image-10787\" src=\"https:\/\/www.filha.fi\/wp-content\/uploads\/2021\/12\/long-covid-oireet-300x213.png\" alt=\"\" width=\"617\" height=\"437\" srcset=\"https:\/\/www.filha.fi\/wp-content\/uploads\/2021\/12\/long-covid-oireet-300x213.png 300w, https:\/\/www.filha.fi\/wp-content\/uploads\/2021\/12\/long-covid-oireet-768x544.png 768w, https:\/\/www.filha.fi\/wp-content\/uploads\/2021\/12\/long-covid-oireet.png 793w\" sizes=\"(max-width: 617px) 100vw, 617px\" \/><figcaption id=\"caption-attachment-10787\" class=\"wp-caption-text\">Pitk\u00e4aikaisen koronataudin tyyppioireita. Kuva muokattu l\u00e4hteest\u00e4 Garg et al. Int J Gen Med. 2021; 14: 2491\u20132506. The Conundrum of \u2018Long-COVID-19\u02b9: A Narrative Review.<\/figcaption><\/figure>\n<p>Akuutiksi koronataudiksi kutsutaan tilannetta, jolloin oireet ovat kest\u00e4neet alle 4 viikkoa, pitkittyneeksi taudiksi jos oireilu kest\u00e4\u00e4 4\u201312 viikkoa ja varsinaiseksi pitk\u00e4kestoiseksi koronataudiksi (long covid) jos oireet kest\u00e4v\u00e4t yli 12 viikkoa.<\/p>\n<p>WHO:n m\u00e4\u00e4ritelm\u00e4n mukaan pitk\u00e4kestoinen koronatauti (post COVID-19 tila) esiintyy todenn\u00e4k\u00f6isen tai varmennetun SARS CoV 2 infektion j\u00e4lkeen, yleens\u00e4 3 kuukauden kuluttua sairastumisesta ja oireet ovat kest\u00e4neet v\u00e4hint\u00e4\u00e4n 2 kuukautta, eik\u00e4 niit\u00e4 voi selitt\u00e4\u00e4 muulla diagnoosilla. Tavallisimpia oireita ovat v\u00e4symys, hengenahdistus, kognitiiviset ongelmat ja monet muut oireet, jotka yleens\u00e4 vaikuttavat p\u00e4ivitt\u00e4iseen toimintakykyyn. Oireet voivat jatkua katkeamatta sairastumisen j\u00e4lkeen tai ilmet\u00e4 uudestaan akuutista taudista toipumisen j\u00e4lkeen. Oireet voivat my\u00f6s vaihdella tai uusiutua ajan my\u00f6t\u00e4.<\/p>\n<hr><div id='filha-kysely'><div id='filha-kysymys'>Haluatko j\u00e4tt\u00e4\u00e4 palautetta tai kehitysehdotuksia?<\/div><div id='filha-kyselyinfo'>Terveydenhuollon ammattilainen, voit antaa meille palautetta tai kehitysehdotuksia ohjeiden sis\u00e4ll\u00f6st\u00e4.\r\n\r\nEmme vastaa n\u00e4ihin palautteisiin henkil\u00f6kohtaisesti vaan k\u00e4yt\u00e4mme tietoja sivustomme kehitt\u00e4misess\u00e4.<\/div><button class='filha-kysely-nappula palaute' id='nappula_0'>Vapaa palaute<\/button><\/div><div id='vapaa-palaute'><textarea id='palauteteksti' placeholder='Kirjoita palautteesi...' ><\/textarea><button type='button' id='tallenna-palaute' onclick='tallenna_palaute();'>L\u00e4het\u00e4<\/button><\/div><script>\nfunction register_click(btn){\n                    var data = {\n                        'action' : 'filha_save_votes',\n                        'vote' : btn.textContent,\n                        'q' : 10786\n                    };\n                    jQuery.post('https:\/\/www.filha.fi\/wp-admin\/admin-ajax.php', data, function(response){\n                        confirm('Kiitos palautteestasi');\n                        window.location.reload();\n                    });\n                }\njQuery(function(){jQuery('.palaute').on('click', function(event){\n                        event.stopImmediatePropagation();\n                        jQuery('#vapaa-palaute').show();\n                    });\njQuery('.filha-vastaus-admin').each(function(){\n                        const all = parseInt(jQuery('#filha-all-count').html());\n                        const n = parseInt(jQuery(this).data('count'));\n                        const w = jQuery(this).outerWidth();\n                        jQuery(this).css('width', (w \/all * n));\n                    });\n                });function tallenna_palaute(){\n                    var data = {\n                        'action' : 'filha_save_votes',\n                        'feedback' : jQuery('#palauteteksti').val(),\n                        'q' : 10786\n                    };\n                   jQuery.post('https:\/\/www.filha.fi\/wp-admin\/admin-ajax.php', data, function(response){\n                        confirm('Kiitos palautteestasi');\n                        window.location.reload();\n                    });\n                    jQuery('#vapaa-palaute').hide();\n                }\n\n                function filhaExportCSV(){\n                    var data = {\n                        'action' : 'filha_export_votes',\n                        'q' : 10786\n                    };\n                   jQuery.post('https:\/\/www.filha.fi\/wp-admin\/admin-ajax.php', data, function(response){\n                    var downloadLink = document.createElement('a');\n                    var fileData = ['\\ufeff'+response];\n      \n                    var blobObject = new Blob(fileData,{\n                       type: 'text\/csv;charset=utf-8;'\n                     });\n      \n                    var url = URL.createObjectURL(blobObject);\n                    downloadLink.href = url;\n                    downloadLink.download = 'tulokset.csv';\n                    document.body.appendChild(downloadLink);\n                    downloadLink.click();\n                    document.body.removeChild(downloadLink);\n                    });\n                }\n<\/script>","protected":false},"excerpt":{"rendered":"<p>Suomi on muuhun maailmaan verrattuna selvinnyt Sars-CoV-2-viruksen aiheuttamasta koronaviruspandemiasta hyvin. Sairaalapaikat ovat riitt\u00e4neet ja tautiin kuolleita on vain v\u00e4h\u00e4n. Pian pandemian alettua kuitenkin huomattiin, ett\u00e4 akuutista taudista selviytymisen j\u00e4lkeen osa &#8230; <a title=\"Pitk\u00e4kestoinen tauti\" class=\"read-more\" href=\"https:\/\/www.filha.fi\/en\/long-covid\/\" aria-label=\"Read more about Pitk\u00e4kestoinen tauti\">Read more<\/a><\/p>\n","protected":false},"author":17,"featured_media":0,"parent":0,"menu_order":0,"comment_status":"closed","ping_status":"closed","template":"","meta":{"_acf_changed":false,"footnotes":""},"categories":[94,85,72,74,47],"class_list":["post-10786","page","type-page","status-publish","category-covid-19","category-fincovid-19","category-hanna","category-miia","category-tuula"],"translation":{"provider":"WPGlobus","version":"3.0.2","language":"en","enabled_languages":["fi","en"],"languages":{"fi":{"title":true,"content":true,"excerpt":false},"en":{"title":false,"content":false,"excerpt":false}}},"acf":[],"yoast_head":"<!-- This site is optimized with the Yoast SEO plugin v27.4 - https:\/\/yoast.com\/product\/yoast-seo-wordpress\/ -->\n<title>Pitk\u00e4kestoinen tauti - Filha<\/title>\n<meta name=\"robots\" content=\"index, follow, max-snippet:-1, max-image-preview:large, max-video-preview:-1\" \/>\n<link rel=\"canonical\" href=\"https:\/\/www.filha.fi\/long-covid\/\" \/>\n<meta property=\"og:locale\" content=\"en_US\" \/>\n<meta property=\"og:type\" content=\"article\" \/>\n<meta property=\"og:title\" content=\"Pitk\u00e4kestoinen tauti - Filha\" \/>\n<meta property=\"og:url\" content=\"https:\/\/www.filha.fi\/long-covid\/\" \/>\n<meta property=\"og:site_name\" content=\"Filha\" \/>\n<meta property=\"article:modified_time\" content=\"2022-02-22T18:56:14+00:00\" \/>\n<meta property=\"og:image\" content=\"https:\/\/www.filha.fi\/wp-content\/uploads\/2021\/12\/long-covid-oireet-300x213.png\" \/>\n<meta name=\"twitter:card\" content=\"summary_large_image\" \/>\n<meta name=\"twitter:label1\" content=\"Est. reading time\" \/>\n\t<meta name=\"twitter:data1\" content=\"2 minutes\" \/>\n<script type=\"application\/ld+json\" class=\"yoast-schema-graph\">{\"@context\":\"https:\\\/\\\/schema.org\",\"@graph\":[{\"@type\":\"WebPage\",\"@id\":\"https:\\\/\\\/www.filha.fi\\\/long-covid\\\/\",\"url\":\"https:\\\/\\\/www.filha.fi\\\/long-covid\\\/\",\"name\":\"Pitk\u00e4kestoinen tauti - Filha\",\"isPartOf\":{\"@id\":\"https:\\\/\\\/www.filha.fi\\\/#website\"},\"primaryImageOfPage\":{\"@id\":\"https:\\\/\\\/www.filha.fi\\\/long-covid\\\/#primaryimage\"},\"image\":{\"@id\":\"https:\\\/\\\/www.filha.fi\\\/long-covid\\\/#primaryimage\"},\"thumbnailUrl\":\"https:\\\/\\\/www.filha.fi\\\/wp-content\\\/uploads\\\/2021\\\/12\\\/long-covid-oireet-300x213.png\",\"datePublished\":\"2021-12-08T11:07:22+00:00\",\"dateModified\":\"2022-02-22T18:56:14+00:00\",\"breadcrumb\":{\"@id\":\"https:\\\/\\\/www.filha.fi\\\/long-covid\\\/#breadcrumb\"},\"inLanguage\":\"en-US\",\"potentialAction\":[{\"@type\":\"ReadAction\",\"target\":[\"https:\\\/\\\/www.filha.fi\\\/long-covid\\\/\"]}]},{\"@type\":\"ImageObject\",\"inLanguage\":\"en-US\",\"@id\":\"https:\\\/\\\/www.filha.fi\\\/long-covid\\\/#primaryimage\",\"url\":\"https:\\\/\\\/www.filha.fi\\\/wp-content\\\/uploads\\\/2021\\\/12\\\/long-covid-oireet-300x213.png\",\"contentUrl\":\"https:\\\/\\\/www.filha.fi\\\/wp-content\\\/uploads\\\/2021\\\/12\\\/long-covid-oireet-300x213.png\"},{\"@type\":\"BreadcrumbList\",\"@id\":\"https:\\\/\\\/www.filha.fi\\\/long-covid\\\/#breadcrumb\",\"itemListElement\":[{\"@type\":\"ListItem\",\"position\":1,\"name\":\"Home\",\"item\":\"https:\\\/\\\/www.filha.fi\\\/\"},{\"@type\":\"ListItem\",\"position\":2,\"name\":\"Pitk\u00e4kestoinen tauti\"}]},{\"@type\":\"WebSite\",\"@id\":\"https:\\\/\\\/www.filha.fi\\\/#website\",\"url\":\"https:\\\/\\\/www.filha.fi\\\/\",\"name\":\"Filha\",\"description\":\"Expertise in lung health\",\"publisher\":{\"@id\":\"https:\\\/\\\/www.filha.fi\\\/#organization\"},\"potentialAction\":[{\"@type\":\"SearchAction\",\"target\":{\"@type\":\"EntryPoint\",\"urlTemplate\":\"https:\\\/\\\/www.filha.fi\\\/?s={search_term_string}\"},\"query-input\":{\"@type\":\"PropertyValueSpecification\",\"valueRequired\":true,\"valueName\":\"search_term_string\"}}],\"inLanguage\":\"en-US\"},{\"@type\":\"Organization\",\"@id\":\"https:\\\/\\\/www.filha.fi\\\/#organization\",\"name\":\"Filha ry\",\"url\":\"https:\\\/\\\/www.filha.fi\\\/\",\"logo\":{\"@type\":\"ImageObject\",\"inLanguage\":\"en-US\",\"@id\":\"https:\\\/\\\/www.filha.fi\\\/#\\\/schema\\\/logo\\\/image\\\/\",\"url\":\"https:\\\/\\\/www.filha.fi\\\/wp-content\\\/uploads\\\/2019\\\/04\\\/Filha-logo.png\",\"contentUrl\":\"https:\\\/\\\/www.filha.fi\\\/wp-content\\\/uploads\\\/2019\\\/04\\\/Filha-logo.png\",\"width\":960,\"height\":1230,\"caption\":\"Filha ry\"},\"image\":{\"@id\":\"https:\\\/\\\/www.filha.fi\\\/#\\\/schema\\\/logo\\\/image\\\/\"}}]}<\/script>\n<!-- \/ Yoast SEO plugin. -->","yoast_head_json":{"title":"Pitk\u00e4kestoinen tauti - Filha","robots":{"index":"index","follow":"follow","max-snippet":"max-snippet:-1","max-image-preview":"max-image-preview:large","max-video-preview":"max-video-preview:-1"},"canonical":"https:\/\/www.filha.fi\/long-covid\/","og_locale":"en_US","og_type":"article","og_title":"Pitk\u00e4kestoinen tauti - Filha","og_url":"https:\/\/www.filha.fi\/long-covid\/","og_site_name":"Filha","article_modified_time":"2022-02-22T18:56:14+00:00","og_image":[{"url":"https:\/\/www.filha.fi\/wp-content\/uploads\/2021\/12\/long-covid-oireet-300x213.png","type":"","width":"","height":""}],"twitter_card":"summary_large_image","twitter_misc":{"Est. reading time":"2 minutes"},"schema":{"@context":"https:\/\/schema.org","@graph":[{"@type":"WebPage","@id":"https:\/\/www.filha.fi\/long-covid\/","url":"https:\/\/www.filha.fi\/long-covid\/","name":"Pitk\u00e4kestoinen tauti - Filha","isPartOf":{"@id":"https:\/\/www.filha.fi\/#website"},"primaryImageOfPage":{"@id":"https:\/\/www.filha.fi\/long-covid\/#primaryimage"},"image":{"@id":"https:\/\/www.filha.fi\/long-covid\/#primaryimage"},"thumbnailUrl":"https:\/\/www.filha.fi\/wp-content\/uploads\/2021\/12\/long-covid-oireet-300x213.png","datePublished":"2021-12-08T11:07:22+00:00","dateModified":"2022-02-22T18:56:14+00:00","breadcrumb":{"@id":"https:\/\/www.filha.fi\/long-covid\/#breadcrumb"},"inLanguage":"en-US","potentialAction":[{"@type":"ReadAction","target":["https:\/\/www.filha.fi\/long-covid\/"]}]},{"@type":"ImageObject","inLanguage":"en-US","@id":"https:\/\/www.filha.fi\/long-covid\/#primaryimage","url":"https:\/\/www.filha.fi\/wp-content\/uploads\/2021\/12\/long-covid-oireet-300x213.png","contentUrl":"https:\/\/www.filha.fi\/wp-content\/uploads\/2021\/12\/long-covid-oireet-300x213.png"},{"@type":"BreadcrumbList","@id":"https:\/\/www.filha.fi\/long-covid\/#breadcrumb","itemListElement":[{"@type":"ListItem","position":1,"name":"Home","item":"https:\/\/www.filha.fi\/"},{"@type":"ListItem","position":2,"name":"Pitk\u00e4kestoinen tauti"}]},{"@type":"WebSite","@id":"https:\/\/www.filha.fi\/#website","url":"https:\/\/www.filha.fi\/","name":"Filha","description":"Expertise in lung health","publisher":{"@id":"https:\/\/www.filha.fi\/#organization"},"potentialAction":[{"@type":"SearchAction","target":{"@type":"EntryPoint","urlTemplate":"https:\/\/www.filha.fi\/?s={search_term_string}"},"query-input":{"@type":"PropertyValueSpecification","valueRequired":true,"valueName":"search_term_string"}}],"inLanguage":"en-US"},{"@type":"Organization","@id":"https:\/\/www.filha.fi\/#organization","name":"Filha ry","url":"https:\/\/www.filha.fi\/","logo":{"@type":"ImageObject","inLanguage":"en-US","@id":"https:\/\/www.filha.fi\/#\/schema\/logo\/image\/","url":"https:\/\/www.filha.fi\/wp-content\/uploads\/2019\/04\/Filha-logo.png","contentUrl":"https:\/\/www.filha.fi\/wp-content\/uploads\/2019\/04\/Filha-logo.png","width":960,"height":1230,"caption":"Filha ry"},"image":{"@id":"https:\/\/www.filha.fi\/#\/schema\/logo\/image\/"}}]}},"_links":{"self":[{"href":"https:\/\/www.filha.fi\/en\/wp-json\/wp\/v2\/pages\/10786","targetHints":{"allow":["GET"]}}],"collection":[{"href":"https:\/\/www.filha.fi\/en\/wp-json\/wp\/v2\/pages"}],"about":[{"href":"https:\/\/www.filha.fi\/en\/wp-json\/wp\/v2\/types\/page"}],"author":[{"embeddable":true,"href":"https:\/\/www.filha.fi\/en\/wp-json\/wp\/v2\/users\/17"}],"replies":[{"embeddable":true,"href":"https:\/\/www.filha.fi\/en\/wp-json\/wp\/v2\/comments?post=10786"}],"version-history":[{"count":0,"href":"https:\/\/www.filha.fi\/en\/wp-json\/wp\/v2\/pages\/10786\/revisions"}],"wp:attachment":[{"href":"https:\/\/www.filha.fi\/en\/wp-json\/wp\/v2\/media?parent=10786"}],"wp:term":[{"taxonomy":"category","embeddable":true,"href":"https:\/\/www.filha.fi\/en\/wp-json\/wp\/v2\/categories?post=10786"}],"curies":[{"name":"wp","href":"https:\/\/api.w.org\/{rel}","templated":true}]}}