{"id":11137,"date":"2021-12-22T11:54:30","date_gmt":"2021-12-22T09:54:30","guid":{"rendered":"https:\/\/www.filha.fi\/?page_id=11137"},"modified":"2021-12-22T11:57:54","modified_gmt":"2021-12-22T09:57:54","slug":"voinko-auttaa-laheistani-saamaan-motivaatiota-lopettamiseen","status":"publish","type":"page","link":"https:\/\/www.filha.fi\/en\/tupakka-ja-nikotiini\/haluatko-auttaa-laheistasi-lopettamaan-tupakoinnin\/voinko-auttaa-laheistani-saamaan-motivaatiota-lopettamiseen\/","title":{"rendered":"Voinko auttaa l\u00e4heist\u00e4ni saamaan motivaatiota lopettamiseen?"},"content":{"rendered":"\t\t<div data-elementor-type=\"wp-page\" data-elementor-id=\"11137\" class=\"elementor elementor-11137\">\n\t\t\t\t\t\t<section class=\"elementor-section elementor-top-section elementor-element elementor-element-4f0555e elementor-section-boxed elementor-section-height-default elementor-section-height-default\" data-id=\"4f0555e\" data-element_type=\"section\" data-e-type=\"section\">\n\t\t\t\t\t\t<div class=\"elementor-container elementor-column-gap-default\">\n\t\t\t\t\t<div class=\"elementor-column elementor-col-100 elementor-top-column elementor-element elementor-element-b981159\" data-id=\"b981159\" data-element_type=\"column\" data-e-type=\"column\">\n\t\t\t<div class=\"elementor-widget-wrap elementor-element-populated\">\n\t\t\t\t\t\t<div class=\"elementor-element elementor-element-a6fe6f1 elementor-widget elementor-widget-spacer\" data-id=\"a6fe6f1\" data-element_type=\"widget\" data-e-type=\"widget\" data-widget_type=\"spacer.default\">\n\t\t\t\t<div class=\"elementor-widget-container\">\n\t\t\t\t\t\t\t<div class=\"elementor-spacer\">\n\t\t\t<div class=\"elementor-spacer-inner\"><\/div>\n\t\t<\/div>\n\t\t\t\t\t\t<\/div>\n\t\t\t\t<\/div>\n\t\t\t\t\t<\/div>\n\t\t<\/div>\n\t\t\t\t\t<\/div>\n\t\t<\/section>\n\t\t\t\t<section class=\"elementor-section elementor-top-section elementor-element elementor-element-478ee05 elementor-section-boxed elementor-section-height-default elementor-section-height-default\" data-id=\"478ee05\" data-element_type=\"section\" data-e-type=\"section\">\n\t\t\t\t\t\t<div class=\"elementor-container elementor-column-gap-default\">\n\t\t\t\t\t<div class=\"elementor-column elementor-col-100 elementor-top-column elementor-element elementor-element-47c2e95\" data-id=\"47c2e95\" data-element_type=\"column\" data-e-type=\"column\">\n\t\t\t<div class=\"elementor-widget-wrap elementor-element-populated\">\n\t\t\t\t\t\t<div class=\"elementor-element elementor-element-67293a7 elementor-widget elementor-widget-heading\" data-id=\"67293a7\" data-element_type=\"widget\" data-e-type=\"widget\" data-widget_type=\"heading.default\">\n\t\t\t\t<div class=\"elementor-widget-container\">\n\t\t\t\t\t<h1 class=\"elementor-heading-title elementor-size-default\">Voinko auttaa l\u00e4heist\u00e4ni saamaan motivaatiota lopettamiseen? <\/h1>\t\t\t\t<\/div>\n\t\t\t\t<\/div>\n\t\t\t\t\t<\/div>\n\t\t<\/div>\n\t\t\t\t\t<\/div>\n\t\t<\/section>\n\t\t\t\t<section class=\"elementor-section elementor-top-section elementor-element elementor-element-0191c79 elementor-section-boxed elementor-section-height-default elementor-section-height-default\" data-id=\"0191c79\" data-element_type=\"section\" data-e-type=\"section\">\n\t\t\t\t\t\t<div class=\"elementor-container elementor-column-gap-default\">\n\t\t\t\t\t<div class=\"elementor-column elementor-col-100 elementor-top-column elementor-element elementor-element-f4970c5\" data-id=\"f4970c5\" data-element_type=\"column\" data-e-type=\"column\">\n\t\t\t<div class=\"elementor-widget-wrap elementor-element-populated\">\n\t\t\t\t\t\t<div class=\"elementor-element elementor-element-e06f213 elementor-widget elementor-widget-spacer\" data-id=\"e06f213\" data-element_type=\"widget\" data-e-type=\"widget\" data-widget_type=\"spacer.default\">\n\t\t\t\t<div class=\"elementor-widget-container\">\n\t\t\t\t\t\t\t<div class=\"elementor-spacer\">\n\t\t\t<div class=\"elementor-spacer-inner\"><\/div>\n\t\t<\/div>\n\t\t\t\t\t\t<\/div>\n\t\t\t\t<\/div>\n\t\t\t\t\t<\/div>\n\t\t<\/div>\n\t\t\t\t\t<\/div>\n\t\t<\/section>\n\t\t\t\t<section class=\"elementor-section elementor-top-section elementor-element elementor-element-a50d940 elementor-section-boxed elementor-section-height-default elementor-section-height-default\" data-id=\"a50d940\" data-element_type=\"section\" data-e-type=\"section\">\n\t\t\t\t\t\t<div class=\"elementor-container elementor-column-gap-default\">\n\t\t\t\t\t<div class=\"elementor-column elementor-col-50 elementor-top-column elementor-element elementor-element-77addf2\" data-id=\"77addf2\" data-element_type=\"column\" data-e-type=\"column\">\n\t\t\t<div class=\"elementor-widget-wrap elementor-element-populated\">\n\t\t\t\t\t\t<div class=\"elementor-element elementor-element-cff95fe elementor-widget elementor-widget-image\" data-id=\"cff95fe\" data-element_type=\"widget\" data-e-type=\"widget\" data-widget_type=\"image.default\">\n\t\t\t\t<div class=\"elementor-widget-container\">\n\t\t\t\t\t\t\t\t\t\t\t\t\t\t\t<img fetchpriority=\"high\" decoding=\"async\" width=\"1024\" height=\"683\" src=\"https:\/\/www.filha.fi\/wp-content\/uploads\/2021\/05\/Maailman-astmapv-2021-1024x683.jpg\" class=\"attachment-large size-large wp-image-8174\" alt=\"l\u00e4heisten tuki\" srcset=\"https:\/\/www.filha.fi\/wp-content\/uploads\/2021\/05\/Maailman-astmapv-2021-1024x683.jpg 1024w, https:\/\/www.filha.fi\/wp-content\/uploads\/2021\/05\/Maailman-astmapv-2021-300x200.jpg 300w, https:\/\/www.filha.fi\/wp-content\/uploads\/2021\/05\/Maailman-astmapv-2021-768x512.jpg 768w, https:\/\/www.filha.fi\/wp-content\/uploads\/2021\/05\/Maailman-astmapv-2021.jpg 1070w\" sizes=\"(max-width: 1024px) 100vw, 1024px\" \/>\t\t\t\t\t\t\t\t\t\t\t\t\t\t\t<\/div>\n\t\t\t\t<\/div>\n\t\t\t\t\t<\/div>\n\t\t<\/div>\n\t\t\t\t<div class=\"elementor-column elementor-col-50 elementor-top-column elementor-element elementor-element-d705e3c\" data-id=\"d705e3c\" data-element_type=\"column\" data-e-type=\"column\">\n\t\t\t<div class=\"elementor-widget-wrap elementor-element-populated\">\n\t\t\t\t\t\t<div class=\"elementor-element elementor-element-31a4bbc elementor-widget elementor-widget-text-editor\" data-id=\"31a4bbc\" data-element_type=\"widget\" data-e-type=\"widget\" data-widget_type=\"text-editor.default\">\n\t\t\t\t<div class=\"elementor-widget-container\">\n\t\t\t\t\t\t\t\t\t<p>Suurin osa tupakoijista haluaa lopettaa ja ovat joskus yritt\u00e4neet. Voit kysy\u00e4 l\u00e4heiselt\u00e4si haluaako h\u00e4n lopettaa tupakkatuotteiden k\u00e4yt\u00f6n. Voit kertoa h\u00e4nelle miksi sin\u00e4 n\u00e4et, ett\u00e4 olisi hyv\u00e4 lopettaa. Yksi hyv\u00e4 tapa on ottaa esille lopettamisen syit\u00e4, jotka ovat yht\u00e4 t\u00e4rkeit\u00e4 teille molemmille.<\/p><p>Voit my\u00f6s ottaa asian puheeksi esim. kertomalla jostain lopettamisen tukimuodosta, josta olet kuullut. Muista, ett\u00e4 sin\u00e4 et voi tehd\u00e4 p\u00e4\u00e4t\u00f6st\u00e4 lopettamisesta l\u00e4heisesi puolesta. Kerro h\u00e4nelle sen sijaan, ett\u00e4 olet h\u00e4nen tukenaan, kun h\u00e4n haluaa lopettaa.<\/p>\t\t\t\t\t\t\t\t<\/div>\n\t\t\t\t<\/div>\n\t\t\t\t\t<\/div>\n\t\t<\/div>\n\t\t\t\t\t<\/div>\n\t\t<\/section>\n\t\t\t\t<section class=\"elementor-section elementor-top-section elementor-element elementor-element-cfdfd60 elementor-section-boxed elementor-section-height-default elementor-section-height-default\" data-id=\"cfdfd60\" data-element_type=\"section\" data-e-type=\"section\">\n\t\t\t\t\t\t<div class=\"elementor-container elementor-column-gap-default\">\n\t\t\t\t\t<div class=\"elementor-column elementor-col-25 elementor-top-column elementor-element elementor-element-49d608c\" data-id=\"49d608c\" data-element_type=\"column\" data-e-type=\"column\">\n\t\t\t<div class=\"elementor-widget-wrap elementor-element-populated\">\n\t\t\t\t\t\t<div class=\"elementor-element elementor-element-c115c45 elementor-align-center elementor-widget elementor-widget-button\" data-id=\"c115c45\" data-element_type=\"widget\" data-e-type=\"widget\" data-widget_type=\"button.default\">\n\t\t\t\t<div class=\"elementor-widget-container\">\n\t\t\t\t\t\t\t\t\t<div class=\"elementor-button-wrapper\">\n\t\t\t\t\t<a class=\"elementor-button elementor-button-link elementor-size-sm\" href=\"https:\/\/www.filha.fi\/tupakka-ja-nikotiini\/haluatko-auttaa-laheistasi-lopettamaan-tupakoinnin\/\">\n\t\t\t\t\t\t<span class=\"elementor-button-content-wrapper\">\n\t\t\t\t\t\t\t\t\t<span class=\"elementor-button-text\">Takaisin p\u00e4\u00e4sivulle<\/span>\n\t\t\t\t\t<\/span>\n\t\t\t\t\t<\/a>\n\t\t\t\t<\/div>\n\t\t\t\t\t\t\t\t<\/div>\n\t\t\t\t<\/div>\n\t\t\t\t\t<\/div>\n\t\t<\/div>\n\t\t\t\t<div class=\"elementor-column elementor-col-25 elementor-top-column elementor-element elementor-element-7e6df1a\" data-id=\"7e6df1a\" data-element_type=\"column\" data-e-type=\"column\">\n\t\t\t<div class=\"elementor-widget-wrap\">\n\t\t\t\t\t\t\t<\/div>\n\t\t<\/div>\n\t\t\t\t<div class=\"elementor-column elementor-col-25 elementor-top-column elementor-element elementor-element-d148d03\" data-id=\"d148d03\" data-element_type=\"column\" data-e-type=\"column\">\n\t\t\t<div class=\"elementor-widget-wrap\">\n\t\t\t\t\t\t\t<\/div>\n\t\t<\/div>\n\t\t\t\t<div class=\"elementor-column elementor-col-25 elementor-top-column elementor-element elementor-element-9d76f6b\" data-id=\"9d76f6b\" data-element_type=\"column\" data-e-type=\"column\">\n\t\t\t<div class=\"elementor-widget-wrap\">\n\t\t\t\t\t\t\t<\/div>\n\t\t<\/div>\n\t\t\t\t\t<\/div>\n\t\t<\/section>\n\t\t\t\t<\/div>\n\t\t","protected":false},"excerpt":{"rendered":"<p>Voinko auttaa l\u00e4heist\u00e4ni saamaan motivaatiota lopettamiseen? Suurin osa tupakoijista haluaa lopettaa ja ovat joskus yritt\u00e4neet. Voit kysy\u00e4 l\u00e4heiselt\u00e4si haluaako h\u00e4n lopettaa tupakkatuotteiden k\u00e4yt\u00f6n. Voit kertoa h\u00e4nelle miksi sin\u00e4 n\u00e4et, ett\u00e4 &#8230; <a title=\"Voinko auttaa l\u00e4heist\u00e4ni saamaan motivaatiota lopettamiseen?\" class=\"read-more\" href=\"https:\/\/www.filha.fi\/en\/tupakka-ja-nikotiini\/haluatko-auttaa-laheistasi-lopettamaan-tupakoinnin\/voinko-auttaa-laheistani-saamaan-motivaatiota-lopettamiseen\/\" aria-label=\"Read more about Voinko auttaa l\u00e4heist\u00e4ni saamaan motivaatiota lopettamiseen?\">Read more<\/a><\/p>\n","protected":false},"author":4,"featured_media":0,"parent":10447,"menu_order":0,"comment_status":"closed","ping_status":"closed","template":"elementor_canvas","meta":{"_acf_changed":false,"footnotes":""},"categories":[],"class_list":["post-11137","page","type-page","status-publish"],"translation":{"provider":"WPGlobus","version":"3.0.2","language":"en","enabled_languages":["fi","en"],"languages":{"fi":{"title":true,"content":true,"excerpt":false},"en":{"title":false,"content":false,"excerpt":false}}},"acf":[],"yoast_head":"<!-- This site is optimized with the Yoast SEO plugin v27.5 - https:\/\/yoast.com\/product\/yoast-seo-wordpress\/ -->\n<title>Voinko auttaa l\u00e4heist\u00e4ni saamaan motivaatiota lopettamiseen? - Filha<\/title>\n<meta name=\"robots\" content=\"index, follow, max-snippet:-1, max-image-preview:large, max-video-preview:-1\" \/>\n<link rel=\"canonical\" href=\"https:\/\/www.filha.fi\/tupakka-ja-nikotiini\/haluatko-auttaa-laheistasi-lopettamaan-tupakoinnin\/voinko-auttaa-laheistani-saamaan-motivaatiota-lopettamiseen\/\" \/>\n<meta property=\"og:locale\" content=\"en_US\" \/>\n<meta property=\"og:type\" content=\"article\" \/>\n<meta property=\"og:title\" content=\"Voinko auttaa l\u00e4heist\u00e4ni saamaan motivaatiota lopettamiseen? - Filha\" \/>\n<meta property=\"og:url\" content=\"https:\/\/www.filha.fi\/tupakka-ja-nikotiini\/haluatko-auttaa-laheistasi-lopettamaan-tupakoinnin\/voinko-auttaa-laheistani-saamaan-motivaatiota-lopettamiseen\/\" \/>\n<meta property=\"og:site_name\" content=\"Filha\" \/>\n<meta property=\"article:modified_time\" content=\"2021-12-22T09:57:54+00:00\" \/>\n<meta property=\"og:image\" content=\"https:\/\/www.filha.fi\/wp-content\/uploads\/2021\/05\/Maailman-astmapv-2021-1024x683.jpg\" \/>\n<meta name=\"twitter:card\" content=\"summary_large_image\" \/>\n<meta name=\"twitter:label1\" content=\"Est. reading time\" \/>\n\t<meta name=\"twitter:data1\" content=\"1 minute\" \/>\n<script type=\"application\/ld+json\" class=\"yoast-schema-graph\">{\"@context\":\"https:\\\/\\\/schema.org\",\"@graph\":[{\"@type\":\"WebPage\",\"@id\":\"https:\\\/\\\/www.filha.fi\\\/tupakka-ja-nikotiini\\\/haluatko-auttaa-laheistasi-lopettamaan-tupakoinnin\\\/voinko-auttaa-laheistani-saamaan-motivaatiota-lopettamiseen\\\/\",\"url\":\"https:\\\/\\\/www.filha.fi\\\/tupakka-ja-nikotiini\\\/haluatko-auttaa-laheistasi-lopettamaan-tupakoinnin\\\/voinko-auttaa-laheistani-saamaan-motivaatiota-lopettamiseen\\\/\",\"name\":\"Voinko auttaa l\u00e4heist\u00e4ni saamaan motivaatiota lopettamiseen? - Filha\",\"isPartOf\":{\"@id\":\"https:\\\/\\\/www.filha.fi\\\/#website\"},\"primaryImageOfPage\":{\"@id\":\"https:\\\/\\\/www.filha.fi\\\/tupakka-ja-nikotiini\\\/haluatko-auttaa-laheistasi-lopettamaan-tupakoinnin\\\/voinko-auttaa-laheistani-saamaan-motivaatiota-lopettamiseen\\\/#primaryimage\"},\"image\":{\"@id\":\"https:\\\/\\\/www.filha.fi\\\/tupakka-ja-nikotiini\\\/haluatko-auttaa-laheistasi-lopettamaan-tupakoinnin\\\/voinko-auttaa-laheistani-saamaan-motivaatiota-lopettamiseen\\\/#primaryimage\"},\"thumbnailUrl\":\"https:\\\/\\\/www.filha.fi\\\/wp-content\\\/uploads\\\/2021\\\/05\\\/Maailman-astmapv-2021-1024x683.jpg\",\"datePublished\":\"2021-12-22T09:54:30+00:00\",\"dateModified\":\"2021-12-22T09:57:54+00:00\",\"breadcrumb\":{\"@id\":\"https:\\\/\\\/www.filha.fi\\\/tupakka-ja-nikotiini\\\/haluatko-auttaa-laheistasi-lopettamaan-tupakoinnin\\\/voinko-auttaa-laheistani-saamaan-motivaatiota-lopettamiseen\\\/#breadcrumb\"},\"inLanguage\":\"en-US\",\"potentialAction\":[{\"@type\":\"ReadAction\",\"target\":[\"https:\\\/\\\/www.filha.fi\\\/tupakka-ja-nikotiini\\\/haluatko-auttaa-laheistasi-lopettamaan-tupakoinnin\\\/voinko-auttaa-laheistani-saamaan-motivaatiota-lopettamiseen\\\/\"]}]},{\"@type\":\"ImageObject\",\"inLanguage\":\"en-US\",\"@id\":\"https:\\\/\\\/www.filha.fi\\\/tupakka-ja-nikotiini\\\/haluatko-auttaa-laheistasi-lopettamaan-tupakoinnin\\\/voinko-auttaa-laheistani-saamaan-motivaatiota-lopettamiseen\\\/#primaryimage\",\"url\":\"https:\\\/\\\/www.filha.fi\\\/wp-content\\\/uploads\\\/2021\\\/05\\\/Maailman-astmapv-2021-1024x683.jpg\",\"contentUrl\":\"https:\\\/\\\/www.filha.fi\\\/wp-content\\\/uploads\\\/2021\\\/05\\\/Maailman-astmapv-2021-1024x683.jpg\"},{\"@type\":\"BreadcrumbList\",\"@id\":\"https:\\\/\\\/www.filha.fi\\\/tupakka-ja-nikotiini\\\/haluatko-auttaa-laheistasi-lopettamaan-tupakoinnin\\\/voinko-auttaa-laheistani-saamaan-motivaatiota-lopettamiseen\\\/#breadcrumb\",\"itemListElement\":[{\"@type\":\"ListItem\",\"position\":1,\"name\":\"Home\",\"item\":\"https:\\\/\\\/www.filha.fi\\\/\"},{\"@type\":\"ListItem\",\"position\":2,\"name\":\"Tupakka ja nikotiini\",\"item\":\"https:\\\/\\\/www.filha.fi\\\/tupakka-ja-nikotiini\\\/\"},{\"@type\":\"ListItem\",\"position\":3,\"name\":\"Haluatko auttaa l\u00e4heist\u00e4si lopettamaan tupakoinnin?\",\"item\":\"https:\\\/\\\/www.filha.fi\\\/tupakka-ja-nikotiini\\\/haluatko-auttaa-laheistasi-lopettamaan-tupakoinnin\\\/\"},{\"@type\":\"ListItem\",\"position\":4,\"name\":\"Voinko auttaa l\u00e4heist\u00e4ni saamaan motivaatiota lopettamiseen?\"}]},{\"@type\":\"WebSite\",\"@id\":\"https:\\\/\\\/www.filha.fi\\\/#website\",\"url\":\"https:\\\/\\\/www.filha.fi\\\/\",\"name\":\"Filha\",\"description\":\"Expertise in lung health\",\"publisher\":{\"@id\":\"https:\\\/\\\/www.filha.fi\\\/#organization\"},\"potentialAction\":[{\"@type\":\"SearchAction\",\"target\":{\"@type\":\"EntryPoint\",\"urlTemplate\":\"https:\\\/\\\/www.filha.fi\\\/?s={search_term_string}\"},\"query-input\":{\"@type\":\"PropertyValueSpecification\",\"valueRequired\":true,\"valueName\":\"search_term_string\"}}],\"inLanguage\":\"en-US\"},{\"@type\":\"Organization\",\"@id\":\"https:\\\/\\\/www.filha.fi\\\/#organization\",\"name\":\"Filha ry\",\"url\":\"https:\\\/\\\/www.filha.fi\\\/\",\"logo\":{\"@type\":\"ImageObject\",\"inLanguage\":\"en-US\",\"@id\":\"https:\\\/\\\/www.filha.fi\\\/#\\\/schema\\\/logo\\\/image\\\/\",\"url\":\"https:\\\/\\\/www.filha.fi\\\/wp-content\\\/uploads\\\/2019\\\/04\\\/Filha-logo.png\",\"contentUrl\":\"https:\\\/\\\/www.filha.fi\\\/wp-content\\\/uploads\\\/2019\\\/04\\\/Filha-logo.png\",\"width\":960,\"height\":1230,\"caption\":\"Filha ry\"},\"image\":{\"@id\":\"https:\\\/\\\/www.filha.fi\\\/#\\\/schema\\\/logo\\\/image\\\/\"}}]}<\/script>\n<!-- \/ Yoast SEO plugin. -->","yoast_head_json":{"title":"Voinko auttaa l\u00e4heist\u00e4ni saamaan motivaatiota lopettamiseen? - Filha","robots":{"index":"index","follow":"follow","max-snippet":"max-snippet:-1","max-image-preview":"max-image-preview:large","max-video-preview":"max-video-preview:-1"},"canonical":"https:\/\/www.filha.fi\/tupakka-ja-nikotiini\/haluatko-auttaa-laheistasi-lopettamaan-tupakoinnin\/voinko-auttaa-laheistani-saamaan-motivaatiota-lopettamiseen\/","og_locale":"en_US","og_type":"article","og_title":"Voinko auttaa l\u00e4heist\u00e4ni saamaan motivaatiota lopettamiseen? - Filha","og_url":"https:\/\/www.filha.fi\/tupakka-ja-nikotiini\/haluatko-auttaa-laheistasi-lopettamaan-tupakoinnin\/voinko-auttaa-laheistani-saamaan-motivaatiota-lopettamiseen\/","og_site_name":"Filha","article_modified_time":"2021-12-22T09:57:54+00:00","og_image":[{"url":"https:\/\/www.filha.fi\/wp-content\/uploads\/2021\/05\/Maailman-astmapv-2021-1024x683.jpg","type":"","width":"","height":""}],"twitter_card":"summary_large_image","twitter_misc":{"Est. reading time":"1 minute"},"schema":{"@context":"https:\/\/schema.org","@graph":[{"@type":"WebPage","@id":"https:\/\/www.filha.fi\/tupakka-ja-nikotiini\/haluatko-auttaa-laheistasi-lopettamaan-tupakoinnin\/voinko-auttaa-laheistani-saamaan-motivaatiota-lopettamiseen\/","url":"https:\/\/www.filha.fi\/tupakka-ja-nikotiini\/haluatko-auttaa-laheistasi-lopettamaan-tupakoinnin\/voinko-auttaa-laheistani-saamaan-motivaatiota-lopettamiseen\/","name":"Voinko auttaa l\u00e4heist\u00e4ni saamaan motivaatiota lopettamiseen? - Filha","isPartOf":{"@id":"https:\/\/www.filha.fi\/#website"},"primaryImageOfPage":{"@id":"https:\/\/www.filha.fi\/tupakka-ja-nikotiini\/haluatko-auttaa-laheistasi-lopettamaan-tupakoinnin\/voinko-auttaa-laheistani-saamaan-motivaatiota-lopettamiseen\/#primaryimage"},"image":{"@id":"https:\/\/www.filha.fi\/tupakka-ja-nikotiini\/haluatko-auttaa-laheistasi-lopettamaan-tupakoinnin\/voinko-auttaa-laheistani-saamaan-motivaatiota-lopettamiseen\/#primaryimage"},"thumbnailUrl":"https:\/\/www.filha.fi\/wp-content\/uploads\/2021\/05\/Maailman-astmapv-2021-1024x683.jpg","datePublished":"2021-12-22T09:54:30+00:00","dateModified":"2021-12-22T09:57:54+00:00","breadcrumb":{"@id":"https:\/\/www.filha.fi\/tupakka-ja-nikotiini\/haluatko-auttaa-laheistasi-lopettamaan-tupakoinnin\/voinko-auttaa-laheistani-saamaan-motivaatiota-lopettamiseen\/#breadcrumb"},"inLanguage":"en-US","potentialAction":[{"@type":"ReadAction","target":["https:\/\/www.filha.fi\/tupakka-ja-nikotiini\/haluatko-auttaa-laheistasi-lopettamaan-tupakoinnin\/voinko-auttaa-laheistani-saamaan-motivaatiota-lopettamiseen\/"]}]},{"@type":"ImageObject","inLanguage":"en-US","@id":"https:\/\/www.filha.fi\/tupakka-ja-nikotiini\/haluatko-auttaa-laheistasi-lopettamaan-tupakoinnin\/voinko-auttaa-laheistani-saamaan-motivaatiota-lopettamiseen\/#primaryimage","url":"https:\/\/www.filha.fi\/wp-content\/uploads\/2021\/05\/Maailman-astmapv-2021-1024x683.jpg","contentUrl":"https:\/\/www.filha.fi\/wp-content\/uploads\/2021\/05\/Maailman-astmapv-2021-1024x683.jpg"},{"@type":"BreadcrumbList","@id":"https:\/\/www.filha.fi\/tupakka-ja-nikotiini\/haluatko-auttaa-laheistasi-lopettamaan-tupakoinnin\/voinko-auttaa-laheistani-saamaan-motivaatiota-lopettamiseen\/#breadcrumb","itemListElement":[{"@type":"ListItem","position":1,"name":"Home","item":"https:\/\/www.filha.fi\/"},{"@type":"ListItem","position":2,"name":"Tupakka ja nikotiini","item":"https:\/\/www.filha.fi\/tupakka-ja-nikotiini\/"},{"@type":"ListItem","position":3,"name":"Haluatko auttaa l\u00e4heist\u00e4si lopettamaan tupakoinnin?","item":"https:\/\/www.filha.fi\/tupakka-ja-nikotiini\/haluatko-auttaa-laheistasi-lopettamaan-tupakoinnin\/"},{"@type":"ListItem","position":4,"name":"Voinko auttaa l\u00e4heist\u00e4ni saamaan motivaatiota lopettamiseen?"}]},{"@type":"WebSite","@id":"https:\/\/www.filha.fi\/#website","url":"https:\/\/www.filha.fi\/","name":"Filha","description":"Expertise in lung health","publisher":{"@id":"https:\/\/www.filha.fi\/#organization"},"potentialAction":[{"@type":"SearchAction","target":{"@type":"EntryPoint","urlTemplate":"https:\/\/www.filha.fi\/?s={search_term_string}"},"query-input":{"@type":"PropertyValueSpecification","valueRequired":true,"valueName":"search_term_string"}}],"inLanguage":"en-US"},{"@type":"Organization","@id":"https:\/\/www.filha.fi\/#organization","name":"Filha ry","url":"https:\/\/www.filha.fi\/","logo":{"@type":"ImageObject","inLanguage":"en-US","@id":"https:\/\/www.filha.fi\/#\/schema\/logo\/image\/","url":"https:\/\/www.filha.fi\/wp-content\/uploads\/2019\/04\/Filha-logo.png","contentUrl":"https:\/\/www.filha.fi\/wp-content\/uploads\/2019\/04\/Filha-logo.png","width":960,"height":1230,"caption":"Filha ry"},"image":{"@id":"https:\/\/www.filha.fi\/#\/schema\/logo\/image\/"}}]}},"_links":{"self":[{"href":"https:\/\/www.filha.fi\/en\/wp-json\/wp\/v2\/pages\/11137","targetHints":{"allow":["GET"]}}],"collection":[{"href":"https:\/\/www.filha.fi\/en\/wp-json\/wp\/v2\/pages"}],"about":[{"href":"https:\/\/www.filha.fi\/en\/wp-json\/wp\/v2\/types\/page"}],"author":[{"embeddable":true,"href":"https:\/\/www.filha.fi\/en\/wp-json\/wp\/v2\/users\/4"}],"replies":[{"embeddable":true,"href":"https:\/\/www.filha.fi\/en\/wp-json\/wp\/v2\/comments?post=11137"}],"version-history":[{"count":0,"href":"https:\/\/www.filha.fi\/en\/wp-json\/wp\/v2\/pages\/11137\/revisions"}],"up":[{"embeddable":true,"href":"https:\/\/www.filha.fi\/en\/wp-json\/wp\/v2\/pages\/10447"}],"wp:attachment":[{"href":"https:\/\/www.filha.fi\/en\/wp-json\/wp\/v2\/media?parent=11137"}],"wp:term":[{"taxonomy":"category","embeddable":true,"href":"https:\/\/www.filha.fi\/en\/wp-json\/wp\/v2\/categories?post=11137"}],"curies":[{"name":"wp","href":"https:\/\/api.w.org\/{rel}","templated":true}]}}