{"id":113,"date":"2015-09-09T10:15:11","date_gmt":"2015-09-09T10:15:11","guid":{"rendered":"http:\/\/www.filha.fi\/content_page\/tuberkuloosi-2\/"},"modified":"2021-10-21T10:00:51","modified_gmt":"2021-10-21T07:00:51","slug":"tuberkuloosi","status":"publish","type":"page","link":"https:\/\/www.filha.fi\/en\/tuberkuloosi\/","title":{"rendered":"Tuberkuloosi"},"content":{"rendered":"<p>Tuberkuloosi on tartuntatautilain mukaisesti yleisvaarallinen tartuntatauti. Maailmalla tuberkuloosi on yksi yleisimmist\u00e4 infektiotaudeista. Maamme l\u00e4hialueilla ongelmana on erityisesti l\u00e4\u00e4kkeille vastustuskykyinen tuberkuloosi.<\/p>\n<p>Suomessa tautiin sairastuu nykyisin noin 250 henkil\u00f6\u00e4 vuodessa. Sairastuneissa on yh\u00e4 enemm\u00e4n nuoria ja ty\u00f6ik\u00e4isi\u00e4, ja joukkoaltistumiset ovat lis\u00e4\u00e4ntyneet.<\/p>\n<h3><strong>Ohjeita ja suosituksia<\/strong><\/h3>\n<p><a href=\"http:\/\/urn.fi\/URN:ISBN:978-952-343-505-6\" target=\"_blank\" rel=\"noopener\">Valtakunnallinen tuberkuloosiohjelma 2020 &#8211; Tuberkuloosin ehk\u00e4isyn, hoidon ja seurannan suositukset<\/a>. Filhan asiantuntijaty\u00f6ryhm\u00e4 valmisteli ohjelman yhdess\u00e4 THL:n kanssa.<\/p>\n<p><a href=\"https:\/\/thl.fi\/fi\/web\/infektiotaudit-ja-rokotukset\/taudit-ja-torjunta\/taudit-ja-taudinaiheuttajat-a-o\/tuberkuloosi\/suositus-tuberkuloosin-tartunnanjaljityksesta\" target=\"_blank\" rel=\"noopener\">Suositus tuberkuloosin tartunnanj\u00e4ljityksest\u00e4<\/a> (THL)<\/p>\n<p>Lis\u00e4\u00e4 ohjeita <a href=\"https:\/\/thl.fi\/fi\/web\/infektiotaudit-ja-rokotukset\/taudit-ja-torjunta\/taudit-ja-taudinaiheuttajat-a-o\/tuberkuloosi\" target=\"_blank\" rel=\"noopener\">THL:n sivuilla.<\/a><\/p>\n<h3><strong>TB-L\u00e4\u00e4keapuri<\/strong><\/h3>\n<p><a href=\"https:\/\/tb-laakeapuri.fi\/#\/\" target=\"_blank\" rel=\"noopener\">TB-L\u00e4\u00e4keapuri<\/a> on k\u00e4yt\u00e4nn\u00f6n ty\u00f6kalu hoitavalle l\u00e4\u00e4k\u00e4rille ja TB-hoitajalle. L\u00e4\u00e4keapurista saa tietoa m\u00e4\u00e4r\u00e4tyst\u00e4 l\u00e4\u00e4keyhdistelm\u00e4st\u00e4 ja l\u00e4\u00e4kkeiden haittavaikutuksista.<\/p>\n<h3><strong>Tuberkuloosin hoidon asiantuntijaryhm\u00e4<\/strong><\/h3>\n<p><a href=\"https:\/\/www.filha.fi\/tuberkuloosi\/tuberkuloosin-hoidon-asiantuntijaryhma\/\" rel=\"noopener\">Valtakunnallinen tuberkuloosin hoidon asiantuntijaryhm\u00e4<\/a>\u00a0antaa konsultaatioapua hoitaville l\u00e4\u00e4k\u00e4reille vaikeahoitoisten tuberkuloositapausten hoitokysymyksiss\u00e4.<\/p>\n<h3><strong>Tuberkuloosiverkkokurssit<\/strong><\/h3>\n<p><a href=\"https:\/\/www.filha.fi\/tuberkuloosi\/verkkokurssit\" rel=\"noopener\">Tuberkuloosiverkkokurssit<\/a> ovat Filhan ja Duodecimin toteuttamia maksuttomia\u00a0verkkokoulutuksia.<\/p>\n<h3><strong>tuberkuloosi.fi-verkkosivusto<\/strong><\/h3>\n<p>Filhan yll\u00e4pit\u00e4m\u00e4ll\u00e4 <a href=\"http:\/\/tuberkuloosi.fi\/\" target=\"_blank\" rel=\"noopener\">tuberkuloosi.fi<\/a> -sivustolla on ajankohtaista ja luotettavaa tietoa tuberkuloosista 10 kielell\u00e4 sek\u00e4 runsaasti <a href=\"http:\/\/tuberkuloosi.fi\/materiaali\/\" target=\"_blank\" rel=\"noopener\">tuberkuloosia k\u00e4sittelevi\u00e4 materiaaleja<\/a>, <a href=\"https:\/\/tuberkuloosi.fi\/medialle\/tietopaketti-tuberkuloosi\/\" target=\"_blank\" rel=\"noopener\">tietopaketti medialle tuberkuloosista<\/a> ja tietoa my\u00f6s <a href=\"https:\/\/tuberkuloosi.fi\/medialle\/tilastotietoa\/\" target=\"_blank\" rel=\"noopener\">maailman ja Euroopan tuberkuloositilanteesta<\/a>.<\/p>\n<h3><strong>Vertaistukea tuberkuloosiin sairastuneille<\/strong><\/h3>\n<p>Tuberkuloosiin sairastuminen ja sairauden hoito muuttavat yksil\u00f6n el\u00e4m\u00e4\u00e4 monin tavoin ja her\u00e4tt\u00e4v\u00e4t tarpeen keskustella samassa tilanteessa olevan ihmisen kanssa. Tuberkuloosiin sairastuneilla on nyt <a href=\"https:\/\/tuberkuloosi.fi\/apua\/vertaistuki\/\" target=\"_blank\" rel=\"noopener\">mahdollisuus vertaistukeen<\/a> l\u00e4\u00e4kehoidon aikana.<\/p>\n<h3><strong>Hengityksensuojaimen pukemisohje<\/strong><\/h3>\n<p><a href=\"https:\/\/www.filha.fi\/tuberkuloosi\/hengityksensuojaimen-pukemisohje\/\" rel=\"noopener\">Hengityksensuojaimen pukemisohje<\/a> -sivulla on ladattava ja tulostettava ohje sek\u00e4 video hengityksensuojaimen oikeaoppisesta pukemisesta.<\/p>\n<p><a href=\"https:\/\/www.filha.fi\/wp-content\/uploads\/2019\/05\/filha_yski_oikein_sarjakuva_fi.jpg\"><img decoding=\"async\" class=\"alignnone wp-image-1764 size-medium\" src=\"https:\/\/www.filha.fi\/wp-content\/uploads\/2019\/05\/filha_yski_oikein_sarjakuva_fi-300x162.jpg\" alt=\"tuberkuloosi, yski oikein sarjakuva\" width=\"300\" height=\"162\" srcset=\"https:\/\/www.filha.fi\/wp-content\/uploads\/2019\/05\/filha_yski_oikein_sarjakuva_fi-300x162.jpg 300w, https:\/\/www.filha.fi\/wp-content\/uploads\/2019\/05\/filha_yski_oikein_sarjakuva_fi-768x414.jpg 768w, https:\/\/www.filha.fi\/wp-content\/uploads\/2019\/05\/filha_yski_oikein_sarjakuva_fi-1024x551.jpg 1024w\" sizes=\"(max-width: 300px) 100vw, 300px\" \/><\/a><\/p>\n<p>Filha julkaisi vuonna 2010 sarjakuvan muistuttamaan yskimishygieniasta, joka on yksinkertainen, halpa ja tehokas keino est\u00e4\u00e4 ilmav\u00e4litteisten tautien ml. tuberkuloosin levi\u00e4mist\u00e4.<\/p>\n<p><a href=\"http:\/\/www.filha.fi\/wp-content\/uploads\/2019\/05\/filha_yski_oikein_sarjakuva_fi.jpg\" target=\"_blank\" rel=\"noopener noreferrer\">Yski oikein &#8211; sarjakuva suomeksi<\/a><br \/>\n<a href=\"http:\/\/www.filha.fi\/wp-content\/uploads\/2019\/05\/filha_hosta_ratt_serie_se.jpg\" target=\"_blank\" rel=\"noopener noreferrer\">Hosta r\u00e4tt &#8211; seriestrip p\u00e5 svenska<\/a><br \/>\n<a href=\"http:\/\/www.filha.fi\/wp-content\/uploads\/2019\/05\/filha_cough_correctly_strip_en.jpg\" target=\"_blank\" rel=\"noopener noreferrer\">Cough correctly &#8211; comic strip in English<\/a><\/p>\n","protected":false},"excerpt":{"rendered":"<p>Tuberkuloosi on tartuntatautilain mukaisesti yleisvaarallinen tartuntatauti. Maailmalla tuberkuloosi on yksi yleisimmist\u00e4 infektiotaudeista. Maamme l\u00e4hialueilla ongelmana on erityisesti l\u00e4\u00e4kkeille vastustuskykyinen tuberkuloosi. Suomessa tautiin sairastuu nykyisin noin 250 henkil\u00f6\u00e4 vuodessa. Sairastuneissa on &#8230; <a title=\"Tuberkuloosi\" class=\"read-more\" href=\"https:\/\/www.filha.fi\/en\/tuberkuloosi\/\" aria-label=\"Read more about Tuberkuloosi\">Read more<\/a><\/p>\n","protected":false},"author":4,"featured_media":0,"parent":0,"menu_order":0,"comment_status":"closed","ping_status":"closed","template":"","meta":{"_acf_changed":false,"footnotes":""},"categories":[84,3,47,73],"class_list":["post-113","page","type-page","status-publish","category-marianne","category-tuberkuloosi","category-tuula","category-tuuli"],"translation":{"provider":"WPGlobus","version":"3.0.2","language":"en","enabled_languages":["fi","en"],"languages":{"fi":{"title":true,"content":true,"excerpt":false},"en":{"title":false,"content":false,"excerpt":false}}},"acf":[],"yoast_head":"<!-- This site is optimized with the Yoast SEO plugin v27.5 - https:\/\/yoast.com\/product\/yoast-seo-wordpress\/ -->\n<title>Tuberkuloosi - Filha<\/title>\n<meta name=\"robots\" content=\"index, follow, max-snippet:-1, max-image-preview:large, max-video-preview:-1\" \/>\n<link rel=\"canonical\" href=\"https:\/\/www.filha.fi\/tuberkuloosi\/\" \/>\n<meta property=\"og:locale\" content=\"en_US\" \/>\n<meta property=\"og:type\" content=\"article\" \/>\n<meta property=\"og:title\" content=\"Tuberkuloosi - Filha\" \/>\n<meta property=\"og:url\" content=\"https:\/\/www.filha.fi\/tuberkuloosi\/\" \/>\n<meta property=\"og:site_name\" content=\"Filha\" \/>\n<meta property=\"article:modified_time\" content=\"2021-10-21T07:00:51+00:00\" \/>\n<meta property=\"og:image\" content=\"https:\/\/www.filha.fi\/wp-content\/uploads\/2019\/05\/filha_yski_oikein_sarjakuva_fi-300x162.jpg\" \/>\n<meta name=\"twitter:card\" content=\"summary_large_image\" \/>\n<meta name=\"twitter:label1\" content=\"Est. reading time\" \/>\n\t<meta name=\"twitter:data1\" content=\"2 minutes\" \/>\n<script type=\"application\/ld+json\" class=\"yoast-schema-graph\">{\"@context\":\"https:\\\/\\\/schema.org\",\"@graph\":[{\"@type\":\"WebPage\",\"@id\":\"https:\\\/\\\/www.filha.fi\\\/tuberkuloosi\\\/\",\"url\":\"https:\\\/\\\/www.filha.fi\\\/tuberkuloosi\\\/\",\"name\":\"Tuberkuloosi - Filha\",\"isPartOf\":{\"@id\":\"https:\\\/\\\/www.filha.fi\\\/#website\"},\"primaryImageOfPage\":{\"@id\":\"https:\\\/\\\/www.filha.fi\\\/tuberkuloosi\\\/#primaryimage\"},\"image\":{\"@id\":\"https:\\\/\\\/www.filha.fi\\\/tuberkuloosi\\\/#primaryimage\"},\"thumbnailUrl\":\"https:\\\/\\\/www.filha.fi\\\/wp-content\\\/uploads\\\/2019\\\/05\\\/filha_yski_oikein_sarjakuva_fi-300x162.jpg\",\"datePublished\":\"2015-09-09T10:15:11+00:00\",\"dateModified\":\"2021-10-21T07:00:51+00:00\",\"description\":\"Tuberkuloosi on yleisvaarallinen tartuntatauti. Tuberkuloosi tarttuu ilmateitse. Suomessa todetaan n. 200 uutta tapausta vuodessa.\",\"breadcrumb\":{\"@id\":\"https:\\\/\\\/www.filha.fi\\\/tuberkuloosi\\\/#breadcrumb\"},\"inLanguage\":\"en-US\",\"potentialAction\":[{\"@type\":\"ReadAction\",\"target\":[\"https:\\\/\\\/www.filha.fi\\\/tuberkuloosi\\\/\"]}]},{\"@type\":\"ImageObject\",\"inLanguage\":\"en-US\",\"@id\":\"https:\\\/\\\/www.filha.fi\\\/tuberkuloosi\\\/#primaryimage\",\"url\":\"https:\\\/\\\/www.filha.fi\\\/wp-content\\\/uploads\\\/2019\\\/05\\\/filha_yski_oikein_sarjakuva_fi-300x162.jpg\",\"contentUrl\":\"https:\\\/\\\/www.filha.fi\\\/wp-content\\\/uploads\\\/2019\\\/05\\\/filha_yski_oikein_sarjakuva_fi-300x162.jpg\"},{\"@type\":\"BreadcrumbList\",\"@id\":\"https:\\\/\\\/www.filha.fi\\\/tuberkuloosi\\\/#breadcrumb\",\"itemListElement\":[{\"@type\":\"ListItem\",\"position\":1,\"name\":\"Home\",\"item\":\"https:\\\/\\\/www.filha.fi\\\/\"},{\"@type\":\"ListItem\",\"position\":2,\"name\":\"Tuberkuloosi\"}]},{\"@type\":\"WebSite\",\"@id\":\"https:\\\/\\\/www.filha.fi\\\/#website\",\"url\":\"https:\\\/\\\/www.filha.fi\\\/\",\"name\":\"Filha\",\"description\":\"Expertise in lung health\",\"publisher\":{\"@id\":\"https:\\\/\\\/www.filha.fi\\\/#organization\"},\"potentialAction\":[{\"@type\":\"SearchAction\",\"target\":{\"@type\":\"EntryPoint\",\"urlTemplate\":\"https:\\\/\\\/www.filha.fi\\\/?s={search_term_string}\"},\"query-input\":{\"@type\":\"PropertyValueSpecification\",\"valueRequired\":true,\"valueName\":\"search_term_string\"}}],\"inLanguage\":\"en-US\"},{\"@type\":\"Organization\",\"@id\":\"https:\\\/\\\/www.filha.fi\\\/#organization\",\"name\":\"Filha ry\",\"url\":\"https:\\\/\\\/www.filha.fi\\\/\",\"logo\":{\"@type\":\"ImageObject\",\"inLanguage\":\"en-US\",\"@id\":\"https:\\\/\\\/www.filha.fi\\\/#\\\/schema\\\/logo\\\/image\\\/\",\"url\":\"https:\\\/\\\/www.filha.fi\\\/wp-content\\\/uploads\\\/2019\\\/04\\\/Filha-logo.png\",\"contentUrl\":\"https:\\\/\\\/www.filha.fi\\\/wp-content\\\/uploads\\\/2019\\\/04\\\/Filha-logo.png\",\"width\":960,\"height\":1230,\"caption\":\"Filha ry\"},\"image\":{\"@id\":\"https:\\\/\\\/www.filha.fi\\\/#\\\/schema\\\/logo\\\/image\\\/\"}}]}<\/script>\n<!-- \/ Yoast SEO plugin. -->","yoast_head_json":{"title":"Tuberkuloosi - Filha","robots":{"index":"index","follow":"follow","max-snippet":"max-snippet:-1","max-image-preview":"max-image-preview:large","max-video-preview":"max-video-preview:-1"},"canonical":"https:\/\/www.filha.fi\/tuberkuloosi\/","og_locale":"en_US","og_type":"article","og_title":"Tuberkuloosi - Filha","og_url":"https:\/\/www.filha.fi\/tuberkuloosi\/","og_site_name":"Filha","article_modified_time":"2021-10-21T07:00:51+00:00","og_image":[{"url":"https:\/\/www.filha.fi\/wp-content\/uploads\/2019\/05\/filha_yski_oikein_sarjakuva_fi-300x162.jpg","type":"","width":"","height":""}],"twitter_card":"summary_large_image","twitter_misc":{"Est. reading time":"2 minutes"},"schema":{"@context":"https:\/\/schema.org","@graph":[{"@type":"WebPage","@id":"https:\/\/www.filha.fi\/tuberkuloosi\/","url":"https:\/\/www.filha.fi\/tuberkuloosi\/","name":"Tuberkuloosi - Filha","isPartOf":{"@id":"https:\/\/www.filha.fi\/#website"},"primaryImageOfPage":{"@id":"https:\/\/www.filha.fi\/tuberkuloosi\/#primaryimage"},"image":{"@id":"https:\/\/www.filha.fi\/tuberkuloosi\/#primaryimage"},"thumbnailUrl":"https:\/\/www.filha.fi\/wp-content\/uploads\/2019\/05\/filha_yski_oikein_sarjakuva_fi-300x162.jpg","datePublished":"2015-09-09T10:15:11+00:00","dateModified":"2021-10-21T07:00:51+00:00","description":"Tuberkuloosi on yleisvaarallinen tartuntatauti. Tuberkuloosi tarttuu ilmateitse. Suomessa todetaan n. 200 uutta tapausta vuodessa.","breadcrumb":{"@id":"https:\/\/www.filha.fi\/tuberkuloosi\/#breadcrumb"},"inLanguage":"en-US","potentialAction":[{"@type":"ReadAction","target":["https:\/\/www.filha.fi\/tuberkuloosi\/"]}]},{"@type":"ImageObject","inLanguage":"en-US","@id":"https:\/\/www.filha.fi\/tuberkuloosi\/#primaryimage","url":"https:\/\/www.filha.fi\/wp-content\/uploads\/2019\/05\/filha_yski_oikein_sarjakuva_fi-300x162.jpg","contentUrl":"https:\/\/www.filha.fi\/wp-content\/uploads\/2019\/05\/filha_yski_oikein_sarjakuva_fi-300x162.jpg"},{"@type":"BreadcrumbList","@id":"https:\/\/www.filha.fi\/tuberkuloosi\/#breadcrumb","itemListElement":[{"@type":"ListItem","position":1,"name":"Home","item":"https:\/\/www.filha.fi\/"},{"@type":"ListItem","position":2,"name":"Tuberkuloosi"}]},{"@type":"WebSite","@id":"https:\/\/www.filha.fi\/#website","url":"https:\/\/www.filha.fi\/","name":"Filha","description":"Expertise in lung health","publisher":{"@id":"https:\/\/www.filha.fi\/#organization"},"potentialAction":[{"@type":"SearchAction","target":{"@type":"EntryPoint","urlTemplate":"https:\/\/www.filha.fi\/?s={search_term_string}"},"query-input":{"@type":"PropertyValueSpecification","valueRequired":true,"valueName":"search_term_string"}}],"inLanguage":"en-US"},{"@type":"Organization","@id":"https:\/\/www.filha.fi\/#organization","name":"Filha ry","url":"https:\/\/www.filha.fi\/","logo":{"@type":"ImageObject","inLanguage":"en-US","@id":"https:\/\/www.filha.fi\/#\/schema\/logo\/image\/","url":"https:\/\/www.filha.fi\/wp-content\/uploads\/2019\/04\/Filha-logo.png","contentUrl":"https:\/\/www.filha.fi\/wp-content\/uploads\/2019\/04\/Filha-logo.png","width":960,"height":1230,"caption":"Filha ry"},"image":{"@id":"https:\/\/www.filha.fi\/#\/schema\/logo\/image\/"}}]}},"_links":{"self":[{"href":"https:\/\/www.filha.fi\/en\/wp-json\/wp\/v2\/pages\/113","targetHints":{"allow":["GET"]}}],"collection":[{"href":"https:\/\/www.filha.fi\/en\/wp-json\/wp\/v2\/pages"}],"about":[{"href":"https:\/\/www.filha.fi\/en\/wp-json\/wp\/v2\/types\/page"}],"author":[{"embeddable":true,"href":"https:\/\/www.filha.fi\/en\/wp-json\/wp\/v2\/users\/4"}],"replies":[{"embeddable":true,"href":"https:\/\/www.filha.fi\/en\/wp-json\/wp\/v2\/comments?post=113"}],"version-history":[{"count":0,"href":"https:\/\/www.filha.fi\/en\/wp-json\/wp\/v2\/pages\/113\/revisions"}],"wp:attachment":[{"href":"https:\/\/www.filha.fi\/en\/wp-json\/wp\/v2\/media?parent=113"}],"wp:term":[{"taxonomy":"category","embeddable":true,"href":"https:\/\/www.filha.fi\/en\/wp-json\/wp\/v2\/categories?post=113"}],"curies":[{"name":"wp","href":"https:\/\/api.w.org\/{rel}","templated":true}]}}