{"id":11989,"date":"2022-02-22T11:06:45","date_gmt":"2022-02-22T09:06:45","guid":{"rendered":"https:\/\/www.filha.fi\/?page_id=11989"},"modified":"2022-02-22T20:47:57","modified_gmt":"2022-02-22T18:47:57","slug":"taudin-ehkaisy","status":"publish","type":"page","link":"https:\/\/www.filha.fi\/en\/taudin-ehkaisy\/","title":{"rendered":"Taudin ehk\u00e4isy"},"content":{"rendered":"<p>&nbsp;<\/p>\n<table>\n<tbody>\n<tr>\n<td>T\u00e4lle sivulle kootaan tietoa, ohjeita ja materiaalia koronan ehk\u00e4isyyn ja terveydenhuollon ammattilaisten suojautumiseen liittyen.<\/p>\n<p>&nbsp;<\/p>\n<p>&nbsp;<\/td>\n<td><img fetchpriority=\"high\" decoding=\"async\" class=\"size-medium wp-image-4120 alignright\" src=\"https:\/\/www.filha.fi\/wp-content\/uploads\/2020\/03\/stethoscope-3541909_1920-300x184.jpg\" alt=\"\" width=\"300\" height=\"184\" srcset=\"https:\/\/www.filha.fi\/wp-content\/uploads\/2020\/03\/stethoscope-3541909_1920-300x184.jpg 300w, https:\/\/www.filha.fi\/wp-content\/uploads\/2020\/03\/stethoscope-3541909_1920-1024x627.jpg 1024w, https:\/\/www.filha.fi\/wp-content\/uploads\/2020\/03\/stethoscope-3541909_1920-768x470.jpg 768w, https:\/\/www.filha.fi\/wp-content\/uploads\/2020\/03\/stethoscope-3541909_1920-1536x941.jpg 1536w, https:\/\/www.filha.fi\/wp-content\/uploads\/2020\/03\/stethoscope-3541909_1920.jpg 1920w\" sizes=\"(max-width: 300px) 100vw, 300px\" \/><\/td>\n<\/tr>\n<\/tbody>\n<\/table>\n<h2><\/h2>\n<h2>Kasvomaskijulisteita useilla kielill\u00e4<\/h2>\n<p>Julkaistu 22.12.2020<\/p>\n<p><img decoding=\"async\" class=\"alignnone size-medium wp-image-6632\" src=\"https:\/\/www.filha.fi\/wp-content\/uploads\/2020\/12\/Kasvosuoja_875x1237-5_suomi_v2-page-001-212x300.jpg\" alt=\"\" width=\"212\" height=\"300\" srcset=\"https:\/\/www.filha.fi\/wp-content\/uploads\/2020\/12\/Kasvosuoja_875x1237-5_suomi_v2-page-001-212x300.jpg 212w, https:\/\/www.filha.fi\/wp-content\/uploads\/2020\/12\/Kasvosuoja_875x1237-5_suomi_v2-page-001-724x1024.jpg 724w, https:\/\/www.filha.fi\/wp-content\/uploads\/2020\/12\/Kasvosuoja_875x1237-5_suomi_v2-page-001-768x1086.jpg 768w, https:\/\/www.filha.fi\/wp-content\/uploads\/2020\/12\/Kasvosuoja_875x1237-5_suomi_v2-page-001-1086x1536.jpg 1086w, https:\/\/www.filha.fi\/wp-content\/uploads\/2020\/12\/Kasvosuoja_875x1237-5_suomi_v2-page-001-1448x2048.jpg 1448w, https:\/\/www.filha.fi\/wp-content\/uploads\/2020\/12\/Kasvosuoja_875x1237-5_suomi_v2-page-001-scaled.jpg 1810w\" sizes=\"(max-width: 212px) 100vw, 212px\" \/><\/p>\n<p>Kieliversioista saatavilla suomi, ruotsi, englanti, ven\u00e4j\u00e4, somali ja kurdi. Julisteet l\u00f6ytyv\u00e4t pdf-muodossa ja ovat vapaasti ladattavissa <strong><a href=\"https:\/\/www.filha.fi\/covid-19\/monikieliset-maskijulisteet\/\" target=\"_blank\" rel=\"noopener noreferrer\">t\u00e4\u00e4lt\u00e4<\/a><\/strong>.<\/p>\n<hr \/>\n<h2>Pukeutuminen alipaineistettuun koronapotilashuoneeseen sek\u00e4 bronkoskopiaan<\/h2>\n<p>Julkaistu 21.4.2020<\/p>\n<p>Keuhkol\u00e4\u00e4k\u00e4rit kuvattuna tositilanteessa valmistautumassa menem\u00e4\u00e4n bronkoskopiaan sek\u00e4 alipaineistettuun koronapotilashuoneeseen.<\/p>\n<p><iframe src=\"https:\/\/www.youtube.com\/embed\/aXya1wRsTHI\" width=\"560\" height=\"315\" frameborder=\"0\" allowfullscreen=\"allowfullscreen\" data-mce-fragment=\"1\"><\/iframe><\/p>\n<p><iframe src=\"https:\/\/www.youtube.com\/embed\/Q6gYxP02zzo\" width=\"560\" height=\"315\" frameborder=\"0\" allowfullscreen=\"allowfullscreen\" data-mce-fragment=\"1\"><\/iframe><\/p>\n<hr \/>\n<h2>Ohjeita suojainten pukemiseen<\/h2>\n<p>Julkaistu 20.4.2020<\/p>\n<p>Varsinais-Suomen sairaanhoitopiiri on julkaissut ohjevideot suojainten pukemiseen:<\/p>\n<p class=\"video-title-h1\"><a href=\"https:\/\/dreambroker.com\/channel\/gl81a8se\/tqls4xw1\" target=\"_blank\" rel=\"noopener noreferrer\">COVID-19 Suojainten pukeminen (mik\u00e4li k\u00e4yt\u00f6ss\u00e4 visiiri)<\/a><\/p>\n<p class=\"video-title-h1\"><a href=\"https:\/\/dreambroker.com\/channel\/gl81a8se\/lwobbynf\" target=\"_blank\" rel=\"noopener noreferrer\">COVID-19 Suojainten pukeminen (mik\u00e4li k\u00e4yt\u00f6ss\u00e4 suojalasit)<\/a><\/p>\n<hr \/>\n<h2>Hengityssuojaimet<\/h2>\n<p>Julkaistu 7.4.2020<\/p>\n<p>Hengityssuojaimet toivotaan s\u00e4\u00e4stett\u00e4v\u00e4n ainoastaa terveydenhuollon henkil\u00f6kunnan k\u00e4ytt\u00f6\u00f6n. Hengityssuojainta tarvitaan tilanteissa, joissa syntyy poikkeavan paljon aerosoleja, esimerkiksi sairaalassa teht\u00e4viss\u00e4 toimenpiteiss\u00e4.<\/p>\n<p>FFP2-luokan hengityksensuojain v\u00e4hent\u00e4\u00e4 ilman aerosolipitoisuutta kymmenesosaan ymp\u00e4r\u00f6iv\u00e4st\u00e4 ilmasta 95 %:lla k\u00e4ytt\u00e4jist\u00e4 edellytt\u00e4en,\u00a0ett\u00e4 k\u00e4ytt\u00e4j\u00e4 on koulutettu suojaimen k\u00e4ytt\u00f6\u00f6n.<\/p>\n<p>FFP3-luokan suodattava puolinaamari v\u00e4hent\u00e4\u00e4 ilman aerosolipitoisuutta kahdeskymmenesosaan ymp\u00e4r\u00f6iv\u00e4st\u00e4 ilmasta 95 %:lla k\u00e4ytt\u00e4jist\u00e4 edellytt\u00e4en,\u00a0ett\u00e4 k\u00e4ytt\u00e4j\u00e4t on koulutettu suojaimen k\u00e4ytt\u00f6\u00f6n. Hengityssuojaimessa on uloshengitysventtiili, joka tekee siit\u00e4 miellytt\u00e4v\u00e4mm\u00e4n k\u00e4ytt\u00e4\u00e4 pidemm\u00e4n aikaa, mutta t\u00e4rke\u00e4\u00e4 on huomioida, ett\u00e4 koska uloshengitysilma p\u00e4\u00e4see ymp\u00e4rist\u00f6\u00f6n, malli p\u00e4\u00e4st\u00e4\u00e4 ilmaan k\u00e4ytt\u00e4j\u00e4ss\u00e4 olevia mahdollisia taudin aiheuttajia,\u00a0ellei suojain ole luokiteltu my\u00f6s suu-nen\u00e4suojaimeksi.<\/p>\n<p>Hengityssuojaimen pukemisohjeet:<\/p>\n<p><iframe src=\"https:\/\/www.youtube.com\/embed\/VzsaqxM14F0?rel=0\" width=\"560\" height=\"315\" frameborder=\"0\" allowfullscreen=\"allowfullscreen\" data-mce-fragment=\"1\"><span style=\"display: inline-block; width: 0px; overflow: hidden; line-height: 0;\" data-mce-type=\"bookmark\" class=\"mce_SELRES_start\">\ufeff<\/span><\/iframe><\/p>\n<hr \/>\n<h2>Suojavarusteiden oikea pukeminen ja riisuminen<\/h2>\n<p>Julkaistu 30.3.2020<\/p>\n<p><a href=\"https:\/\/www.ecdc.europa.eu\/sites\/default\/files\/documents\/COVID-19-guidance-wearing-and-removing-personal-protective-equipment-healthcare-settings-updated.pdf\" target=\"_blank\" rel=\"noopener noreferrer\">Euroopan tautij\u00e4rjest\u00f6n (ECDC) ohje ammattilaisten suojavarusteiden pukemiseen<\/a><\/p>\n<hr \/>\n<h2><strong>Henkil\u00f6kunnan suojautuminen koronavirusepidemiassa kannattaa<\/strong><\/h2>\n<p>Julkaistu 19.3.2020<\/p>\n<p>Singaporessa 41 terveydenhuollon henkil\u00f6kunnan j\u00e4sent\u00e4 altistui COVID-19 koronavirukselle aerosoleja tuottavan toimenpiteen aikana(1.), 85% heist\u00e4 oli varustautunut kirurgisella hengityssuojaimella, loput N95 hengityssuojaimella. Yksik\u00e4\u00e4n henkil\u00f6kunnan j\u00e4sen ei sairastunut.<\/p>\n<p>Lis\u00e4tietoa COVID-19 koronaviruksen s\u00e4ilymisest\u00e4 pinnoilla ja aerosolimuodossa saadaan jatkuvasti(2.) ja viimeisimpien tietojen mukaan v\u00e4lillinen tarttuminen mm. pinnoilta on mahdollista.<\/p>\n<p>Henkil\u00f6kunnan olisi siis \u00e4\u00e4rimm\u00e4isen t\u00e4rke\u00e4\u00e4 noudattaa erityist\u00e4 huolellisuutta k\u00e4sihygieniassa sek\u00e4 suojavarusteiden k\u00e4yt\u00f6ss\u00e4 sairaaloiden ohjeistusten mukaisesti.<\/p>\n<p>1. Kangqui et al : COVID-19 and the risk of health care workers: a case report, Ann Int Med 2020, DOI:7326\/L20-0175<\/p>\n<p>2. van Doremalen et al: Aerosol and surface stability of SARS-CoV-2 as compared with SARS-CoV-1. NEJM 2020, DOI: 10.1056\/NEJMc2004973<\/p>\n","protected":false},"excerpt":{"rendered":"<p>&nbsp; T\u00e4lle sivulle kootaan tietoa, ohjeita ja materiaalia koronan ehk\u00e4isyyn ja terveydenhuollon ammattilaisten suojautumiseen liittyen. &nbsp; &nbsp; Kasvomaskijulisteita useilla kielill\u00e4 Julkaistu 22.12.2020 Kieliversioista saatavilla suomi, ruotsi, englanti, ven\u00e4j\u00e4, somali ja &#8230; <a title=\"Taudin ehk\u00e4isy\" class=\"read-more\" href=\"https:\/\/www.filha.fi\/en\/taudin-ehkaisy\/\" aria-label=\"Read more about Taudin ehk\u00e4isy\">Read more<\/a><\/p>\n","protected":false},"author":17,"featured_media":0,"parent":0,"menu_order":0,"comment_status":"closed","ping_status":"closed","template":"","meta":{"_acf_changed":false,"footnotes":""},"categories":[94,85,74,47,73],"class_list":["post-11989","page","type-page","status-publish","category-covid-19","category-fincovid-19","category-miia","category-tuula","category-tuuli"],"translation":{"provider":"WPGlobus","version":"3.0.2","language":"en","enabled_languages":["fi","en"],"languages":{"fi":{"title":true,"content":true,"excerpt":false},"en":{"title":false,"content":false,"excerpt":false}}},"acf":[],"yoast_head":"<!-- This site is optimized with the Yoast SEO plugin v27.4 - https:\/\/yoast.com\/product\/yoast-seo-wordpress\/ -->\n<title>Taudin ehk\u00e4isy - Filha<\/title>\n<meta name=\"robots\" content=\"index, follow, max-snippet:-1, max-image-preview:large, max-video-preview:-1\" \/>\n<link rel=\"canonical\" href=\"https:\/\/www.filha.fi\/taudin-ehkaisy\/\" \/>\n<meta property=\"og:locale\" content=\"en_US\" \/>\n<meta property=\"og:type\" content=\"article\" \/>\n<meta property=\"og:title\" content=\"Taudin ehk\u00e4isy - Filha\" \/>\n<meta property=\"og:url\" content=\"https:\/\/www.filha.fi\/taudin-ehkaisy\/\" \/>\n<meta property=\"og:site_name\" content=\"Filha\" \/>\n<meta property=\"article:modified_time\" content=\"2022-02-22T18:47:57+00:00\" \/>\n<meta property=\"og:image\" content=\"https:\/\/www.filha.fi\/wp-content\/uploads\/2020\/03\/stethoscope-3541909_1920-300x184.jpg\" \/>\n<meta name=\"twitter:card\" content=\"summary_large_image\" \/>\n<meta name=\"twitter:label1\" content=\"Est. reading time\" \/>\n\t<meta name=\"twitter:data1\" content=\"3 minutes\" \/>\n<script type=\"application\/ld+json\" class=\"yoast-schema-graph\">{\"@context\":\"https:\\\/\\\/schema.org\",\"@graph\":[{\"@type\":\"WebPage\",\"@id\":\"https:\\\/\\\/www.filha.fi\\\/taudin-ehkaisy\\\/\",\"url\":\"https:\\\/\\\/www.filha.fi\\\/taudin-ehkaisy\\\/\",\"name\":\"Taudin ehk\u00e4isy - Filha\",\"isPartOf\":{\"@id\":\"https:\\\/\\\/www.filha.fi\\\/#website\"},\"primaryImageOfPage\":{\"@id\":\"https:\\\/\\\/www.filha.fi\\\/taudin-ehkaisy\\\/#primaryimage\"},\"image\":{\"@id\":\"https:\\\/\\\/www.filha.fi\\\/taudin-ehkaisy\\\/#primaryimage\"},\"thumbnailUrl\":\"https:\\\/\\\/www.filha.fi\\\/wp-content\\\/uploads\\\/2020\\\/03\\\/stethoscope-3541909_1920-300x184.jpg\",\"datePublished\":\"2022-02-22T09:06:45+00:00\",\"dateModified\":\"2022-02-22T18:47:57+00:00\",\"breadcrumb\":{\"@id\":\"https:\\\/\\\/www.filha.fi\\\/taudin-ehkaisy\\\/#breadcrumb\"},\"inLanguage\":\"en-US\",\"potentialAction\":[{\"@type\":\"ReadAction\",\"target\":[\"https:\\\/\\\/www.filha.fi\\\/taudin-ehkaisy\\\/\"]}]},{\"@type\":\"ImageObject\",\"inLanguage\":\"en-US\",\"@id\":\"https:\\\/\\\/www.filha.fi\\\/taudin-ehkaisy\\\/#primaryimage\",\"url\":\"https:\\\/\\\/www.filha.fi\\\/wp-content\\\/uploads\\\/2020\\\/03\\\/stethoscope-3541909_1920-300x184.jpg\",\"contentUrl\":\"https:\\\/\\\/www.filha.fi\\\/wp-content\\\/uploads\\\/2020\\\/03\\\/stethoscope-3541909_1920-300x184.jpg\"},{\"@type\":\"BreadcrumbList\",\"@id\":\"https:\\\/\\\/www.filha.fi\\\/taudin-ehkaisy\\\/#breadcrumb\",\"itemListElement\":[{\"@type\":\"ListItem\",\"position\":1,\"name\":\"Home\",\"item\":\"https:\\\/\\\/www.filha.fi\\\/\"},{\"@type\":\"ListItem\",\"position\":2,\"name\":\"Taudin ehk\u00e4isy\"}]},{\"@type\":\"WebSite\",\"@id\":\"https:\\\/\\\/www.filha.fi\\\/#website\",\"url\":\"https:\\\/\\\/www.filha.fi\\\/\",\"name\":\"Filha\",\"description\":\"Expertise in lung health\",\"publisher\":{\"@id\":\"https:\\\/\\\/www.filha.fi\\\/#organization\"},\"potentialAction\":[{\"@type\":\"SearchAction\",\"target\":{\"@type\":\"EntryPoint\",\"urlTemplate\":\"https:\\\/\\\/www.filha.fi\\\/?s={search_term_string}\"},\"query-input\":{\"@type\":\"PropertyValueSpecification\",\"valueRequired\":true,\"valueName\":\"search_term_string\"}}],\"inLanguage\":\"en-US\"},{\"@type\":\"Organization\",\"@id\":\"https:\\\/\\\/www.filha.fi\\\/#organization\",\"name\":\"Filha ry\",\"url\":\"https:\\\/\\\/www.filha.fi\\\/\",\"logo\":{\"@type\":\"ImageObject\",\"inLanguage\":\"en-US\",\"@id\":\"https:\\\/\\\/www.filha.fi\\\/#\\\/schema\\\/logo\\\/image\\\/\",\"url\":\"https:\\\/\\\/www.filha.fi\\\/wp-content\\\/uploads\\\/2019\\\/04\\\/Filha-logo.png\",\"contentUrl\":\"https:\\\/\\\/www.filha.fi\\\/wp-content\\\/uploads\\\/2019\\\/04\\\/Filha-logo.png\",\"width\":960,\"height\":1230,\"caption\":\"Filha ry\"},\"image\":{\"@id\":\"https:\\\/\\\/www.filha.fi\\\/#\\\/schema\\\/logo\\\/image\\\/\"}}]}<\/script>\n<!-- \/ Yoast SEO plugin. -->","yoast_head_json":{"title":"Taudin ehk\u00e4isy - Filha","robots":{"index":"index","follow":"follow","max-snippet":"max-snippet:-1","max-image-preview":"max-image-preview:large","max-video-preview":"max-video-preview:-1"},"canonical":"https:\/\/www.filha.fi\/taudin-ehkaisy\/","og_locale":"en_US","og_type":"article","og_title":"Taudin ehk\u00e4isy - Filha","og_url":"https:\/\/www.filha.fi\/taudin-ehkaisy\/","og_site_name":"Filha","article_modified_time":"2022-02-22T18:47:57+00:00","og_image":[{"url":"https:\/\/www.filha.fi\/wp-content\/uploads\/2020\/03\/stethoscope-3541909_1920-300x184.jpg","type":"","width":"","height":""}],"twitter_card":"summary_large_image","twitter_misc":{"Est. reading time":"3 minutes"},"schema":{"@context":"https:\/\/schema.org","@graph":[{"@type":"WebPage","@id":"https:\/\/www.filha.fi\/taudin-ehkaisy\/","url":"https:\/\/www.filha.fi\/taudin-ehkaisy\/","name":"Taudin ehk\u00e4isy - Filha","isPartOf":{"@id":"https:\/\/www.filha.fi\/#website"},"primaryImageOfPage":{"@id":"https:\/\/www.filha.fi\/taudin-ehkaisy\/#primaryimage"},"image":{"@id":"https:\/\/www.filha.fi\/taudin-ehkaisy\/#primaryimage"},"thumbnailUrl":"https:\/\/www.filha.fi\/wp-content\/uploads\/2020\/03\/stethoscope-3541909_1920-300x184.jpg","datePublished":"2022-02-22T09:06:45+00:00","dateModified":"2022-02-22T18:47:57+00:00","breadcrumb":{"@id":"https:\/\/www.filha.fi\/taudin-ehkaisy\/#breadcrumb"},"inLanguage":"en-US","potentialAction":[{"@type":"ReadAction","target":["https:\/\/www.filha.fi\/taudin-ehkaisy\/"]}]},{"@type":"ImageObject","inLanguage":"en-US","@id":"https:\/\/www.filha.fi\/taudin-ehkaisy\/#primaryimage","url":"https:\/\/www.filha.fi\/wp-content\/uploads\/2020\/03\/stethoscope-3541909_1920-300x184.jpg","contentUrl":"https:\/\/www.filha.fi\/wp-content\/uploads\/2020\/03\/stethoscope-3541909_1920-300x184.jpg"},{"@type":"BreadcrumbList","@id":"https:\/\/www.filha.fi\/taudin-ehkaisy\/#breadcrumb","itemListElement":[{"@type":"ListItem","position":1,"name":"Home","item":"https:\/\/www.filha.fi\/"},{"@type":"ListItem","position":2,"name":"Taudin ehk\u00e4isy"}]},{"@type":"WebSite","@id":"https:\/\/www.filha.fi\/#website","url":"https:\/\/www.filha.fi\/","name":"Filha","description":"Expertise in lung health","publisher":{"@id":"https:\/\/www.filha.fi\/#organization"},"potentialAction":[{"@type":"SearchAction","target":{"@type":"EntryPoint","urlTemplate":"https:\/\/www.filha.fi\/?s={search_term_string}"},"query-input":{"@type":"PropertyValueSpecification","valueRequired":true,"valueName":"search_term_string"}}],"inLanguage":"en-US"},{"@type":"Organization","@id":"https:\/\/www.filha.fi\/#organization","name":"Filha ry","url":"https:\/\/www.filha.fi\/","logo":{"@type":"ImageObject","inLanguage":"en-US","@id":"https:\/\/www.filha.fi\/#\/schema\/logo\/image\/","url":"https:\/\/www.filha.fi\/wp-content\/uploads\/2019\/04\/Filha-logo.png","contentUrl":"https:\/\/www.filha.fi\/wp-content\/uploads\/2019\/04\/Filha-logo.png","width":960,"height":1230,"caption":"Filha ry"},"image":{"@id":"https:\/\/www.filha.fi\/#\/schema\/logo\/image\/"}}]}},"_links":{"self":[{"href":"https:\/\/www.filha.fi\/en\/wp-json\/wp\/v2\/pages\/11989","targetHints":{"allow":["GET"]}}],"collection":[{"href":"https:\/\/www.filha.fi\/en\/wp-json\/wp\/v2\/pages"}],"about":[{"href":"https:\/\/www.filha.fi\/en\/wp-json\/wp\/v2\/types\/page"}],"author":[{"embeddable":true,"href":"https:\/\/www.filha.fi\/en\/wp-json\/wp\/v2\/users\/17"}],"replies":[{"embeddable":true,"href":"https:\/\/www.filha.fi\/en\/wp-json\/wp\/v2\/comments?post=11989"}],"version-history":[{"count":0,"href":"https:\/\/www.filha.fi\/en\/wp-json\/wp\/v2\/pages\/11989\/revisions"}],"wp:attachment":[{"href":"https:\/\/www.filha.fi\/en\/wp-json\/wp\/v2\/media?parent=11989"}],"wp:term":[{"taxonomy":"category","embeddable":true,"href":"https:\/\/www.filha.fi\/en\/wp-json\/wp\/v2\/categories?post=11989"}],"curies":[{"name":"wp","href":"https:\/\/api.w.org\/{rel}","templated":true}]}}