{"id":12005,"date":"2022-02-22T20:43:41","date_gmt":"2022-02-22T18:43:41","guid":{"rendered":"https:\/\/www.filha.fi\/?page_id=12005"},"modified":"2023-06-19T09:32:36","modified_gmt":"2023-06-19T06:32:36","slug":"vaikea-tauti","status":"publish","type":"page","link":"https:\/\/www.filha.fi\/en\/vaikea-tauti\/","title":{"rendered":"Vaikea tauti"},"content":{"rendered":"<p>&nbsp;<\/p>\n<table>\n<tbody>\n<tr>\n<td>T\u00e4lle sivulle on koottu tietoa terveydenhuollon ammattilaisille vaikeaan koronavirusinfektioon sek\u00e4 sen hoitoon ja kuntoutukseen liittyen.<\/p>\n<p>Voit navigoida sis\u00e4ll\u00f6iss\u00e4 yl\u00e4palkista avautuvan luettelon kautta.<\/p>\n<p>&nbsp;<\/p>\n<p>&nbsp;<\/td>\n<td><img fetchpriority=\"high\" decoding=\"async\" class=\"size-medium wp-image-4120 alignright\" src=\"https:\/\/www.filha.fi\/wp-content\/uploads\/2020\/03\/stethoscope-3541909_1920-300x184.jpg\" alt=\"\" width=\"300\" height=\"184\" srcset=\"https:\/\/www.filha.fi\/wp-content\/uploads\/2020\/03\/stethoscope-3541909_1920-300x184.jpg 300w, https:\/\/www.filha.fi\/wp-content\/uploads\/2020\/03\/stethoscope-3541909_1920-1024x627.jpg 1024w, https:\/\/www.filha.fi\/wp-content\/uploads\/2020\/03\/stethoscope-3541909_1920-768x470.jpg 768w, https:\/\/www.filha.fi\/wp-content\/uploads\/2020\/03\/stethoscope-3541909_1920-1536x941.jpg 1536w, https:\/\/www.filha.fi\/wp-content\/uploads\/2020\/03\/stethoscope-3541909_1920.jpg 1920w\" sizes=\"(max-width: 300px) 100vw, 300px\" \/><\/td>\n<\/tr>\n<\/tbody>\n<\/table>\n<p>&nbsp;<\/p>\n<h2>Sairaalahoitoisen COVID-19-infektion aiheuttaman keuhkokuumeen sairastaneen j\u00e4lkiseuranta<\/h2>\n<p>Julkaistu 18.11.2020<\/p>\n<p>Sairaalahoitoon joutuneilla koronapotilailla on usein viruksen aiheuttama vaikea keuhkokuume. Kuvantamistutkimusten muutokset ovat monilla potilailla runsaita, ja toipuminen muutoksista vie aikaa. Luultavasti interstitiaaliset keuhkomuutokset ja verisuonitukokset ovat yleisimpi\u00e4 j\u00e4lkitauteja sairastaneilla. NHS (National Health Service, Iso-Britannia) on antanut suositukset potilaiden j\u00e4lkiseurannasta.<\/p>\n<p>Suosituksessa potilaat on jaettu kahteen erityyppisen seurantaryhm\u00e4\u00e4n sairastetun taudin vaikeuden, j\u00e4lkitautien riskin ja kotiutumisvaiheen kliinisen tilanteen mukaan. Vaikean tautimuodon sairastaneet ovat yleens\u00e4 sairaalavaiheessa vaatineet tehohoitoa, kotiutuneet happilis\u00e4n kanssa tai vaatineet hengityksen koneellista tukea. Heille suositellaan 12 viikon kuluttua kotiutumisesta keuhkojen r\u00f6ntgenkuvausta ja kliinist\u00e4 arviota sek\u00e4 keuhkofunktiotutkimuksia ja k\u00e4velytesti\u00e4 happeutumisen arvioimiseksi harkinnan mukaan. Tarvittaessa tehd\u00e4\u00e4n tietokonekuvantaminen ja syd\u00e4men kaikukuvaus. Liev\u00e4n, mutta sairaalahoitoisen taudin sairastaneille suositellaan 12 viikon kuluttua keuhkojen r\u00f6ntgenkuvausta ja virtuaalista arvioita. Potilaan vointi ja keuhkor\u00f6ntgenl\u00f6yd\u00f6s m\u00e4\u00e4rittelev\u00e4t lis\u00e4tutkimusten tarpeen.<\/p>\n<p>L\u00e4hde: George PM ym. Thorax 2020;75:1<\/p>\n<p>(Julkaistu Duodecim-lehdess\u00e4 18.11.2020)<\/p>\n<hr \/>\n<h2>Happihoito<\/h2>\n<p>Julkaistu 7.4.2020<\/p>\n<p>SARS-Cov2-viruksen aiheuttama COVID-19 -sairaus aiheuttaa molemmin puoleista keuhkojen alakenttien tulehdusta, pneumoniittia. Vaikeassa muodossa t\u00e4m\u00e4 aiheuttaa hengitysty\u00f6n kasvua ja erityisesti hypoksiaa. N\u00e4iden potilaiden t\u00e4rkein hoito onkin hapetuksen turvaaminen tarvittaessa lis\u00e4hapella. HUS on tehnyt hyv\u00e4n perusohjeen happihoidon toteuttamisesta happiviiksill\u00e4, happimaskilla tai venturimaskin avulla.<\/p>\n<p>Ohjevideo happihoidon toteuttamisesta <a href=\"https:\/\/www.youtube.com\/watch?v=o1gJrU1KB_Y\">https:\/\/www.youtube.com\/watch?v=o1gJrU1KB_Y<\/a><\/p>\n<hr \/>\n<h2>Hengityksen tuki- ja korvaushoidon laitteet -koulutusta verkossa<\/h2>\n<p>Julkaistu 26.3.2020<\/p>\n<p>Oppiportin Hengityksen tuki- ja korvaushoidon laitteet -verkkokoulutus on nyt ajankohtainen. Koronavirusepidemiaan varustautumisen tueksi Oppiportissa on avattu vapaaseen k\u00e4ytt\u00f6\u00f6n terveydenhuollon ammattilaisille koulutus Hengityksen tuki- ja korvaushoidon laitteista. Verkkokoulutuksen kesto on 1-2 tuntia.<\/p>\n<hr \/>\n<h2><strong>Ohjeistusta ammattilaisille, jotka hoitavat vakavammin COVID-19-infektioon sairastuneita aikuispotilaita<\/strong><\/h2>\n<p>Julkaistu 19.3.2020<\/p>\n<p>Suomen Anestesiologiyhdistyksen nime\u00e4m\u00e4 ty\u00f6ryhm\u00e4 on antanut 17.3.2020 suosituksen koskien COVID-19-tautiin vakavasti sairastuneiden aikuisten osalta. Suositus perustuu WHO:n t\u00e4m\u00e4nhetkiseen ohjeistukseen. On hyv\u00e4 pit\u00e4\u00e4 mieless\u00e4, ett\u00e4 tietoa COVID-19-infektiosta saadaan jatkuvasti lis\u00e4\u00e4 ja suositukset voivat muuttua nopeastikin, joten seuraathan viimeisimpi\u00e4 p\u00e4ivityksi\u00e4.<\/p>\n<p>Lue lis\u00e4\u00e4 aiheesta:<\/p>\n<p><a href=\"https:\/\/say.fi\/\" target=\"_blank\" rel=\"noopener\">https:\/\/say.fi\/<\/a><\/p>\n","protected":false},"excerpt":{"rendered":"<p>&nbsp; T\u00e4lle sivulle on koottu tietoa terveydenhuollon ammattilaisille vaikeaan koronavirusinfektioon sek\u00e4 sen hoitoon ja kuntoutukseen liittyen. Voit navigoida sis\u00e4ll\u00f6iss\u00e4 yl\u00e4palkista avautuvan luettelon kautta. &nbsp; &nbsp; &nbsp; Sairaalahoitoisen COVID-19-infektion aiheuttaman keuhkokuumeen &#8230; <a title=\"Vaikea tauti\" class=\"read-more\" href=\"https:\/\/www.filha.fi\/en\/vaikea-tauti\/\" aria-label=\"Read more about Vaikea tauti\">Read more<\/a><\/p>\n","protected":false},"author":17,"featured_media":0,"parent":0,"menu_order":0,"comment_status":"closed","ping_status":"closed","template":"","meta":{"_acf_changed":false,"footnotes":""},"categories":[85,75,74,47,73],"class_list":["post-12005","page","type-page","status-publish","category-fincovid-19","category-koronavirus","category-miia","category-tuula","category-tuuli"],"translation":{"provider":"WPGlobus","version":"3.0.2","language":"en","enabled_languages":["fi","en"],"languages":{"fi":{"title":true,"content":true,"excerpt":false},"en":{"title":false,"content":false,"excerpt":false}}},"acf":[],"yoast_head":"<!-- This site is optimized with the Yoast SEO plugin v27.4 - https:\/\/yoast.com\/product\/yoast-seo-wordpress\/ -->\n<title>Vaikea tauti - Filha<\/title>\n<meta name=\"robots\" content=\"index, follow, max-snippet:-1, max-image-preview:large, max-video-preview:-1\" \/>\n<link rel=\"canonical\" href=\"https:\/\/www.filha.fi\/vaikea-tauti\/\" \/>\n<meta property=\"og:locale\" content=\"en_US\" \/>\n<meta property=\"og:type\" content=\"article\" \/>\n<meta property=\"og:title\" content=\"Vaikea tauti - Filha\" \/>\n<meta property=\"og:url\" content=\"https:\/\/www.filha.fi\/vaikea-tauti\/\" \/>\n<meta property=\"og:site_name\" content=\"Filha\" \/>\n<meta property=\"article:modified_time\" content=\"2023-06-19T06:32:36+00:00\" \/>\n<meta property=\"og:image\" content=\"https:\/\/www.filha.fi\/wp-content\/uploads\/2020\/03\/stethoscope-3541909_1920-300x184.jpg\" \/>\n<meta name=\"twitter:card\" content=\"summary_large_image\" \/>\n<meta name=\"twitter:label1\" content=\"Est. reading time\" \/>\n\t<meta name=\"twitter:data1\" content=\"3 minutes\" \/>\n<script type=\"application\/ld+json\" class=\"yoast-schema-graph\">{\"@context\":\"https:\\\/\\\/schema.org\",\"@graph\":[{\"@type\":\"WebPage\",\"@id\":\"https:\\\/\\\/www.filha.fi\\\/vaikea-tauti\\\/\",\"url\":\"https:\\\/\\\/www.filha.fi\\\/vaikea-tauti\\\/\",\"name\":\"Vaikea tauti - Filha\",\"isPartOf\":{\"@id\":\"https:\\\/\\\/www.filha.fi\\\/#website\"},\"primaryImageOfPage\":{\"@id\":\"https:\\\/\\\/www.filha.fi\\\/vaikea-tauti\\\/#primaryimage\"},\"image\":{\"@id\":\"https:\\\/\\\/www.filha.fi\\\/vaikea-tauti\\\/#primaryimage\"},\"thumbnailUrl\":\"https:\\\/\\\/www.filha.fi\\\/wp-content\\\/uploads\\\/2020\\\/03\\\/stethoscope-3541909_1920-300x184.jpg\",\"datePublished\":\"2022-02-22T18:43:41+00:00\",\"dateModified\":\"2023-06-19T06:32:36+00:00\",\"breadcrumb\":{\"@id\":\"https:\\\/\\\/www.filha.fi\\\/vaikea-tauti\\\/#breadcrumb\"},\"inLanguage\":\"en-US\",\"potentialAction\":[{\"@type\":\"ReadAction\",\"target\":[\"https:\\\/\\\/www.filha.fi\\\/vaikea-tauti\\\/\"]}]},{\"@type\":\"ImageObject\",\"inLanguage\":\"en-US\",\"@id\":\"https:\\\/\\\/www.filha.fi\\\/vaikea-tauti\\\/#primaryimage\",\"url\":\"https:\\\/\\\/www.filha.fi\\\/wp-content\\\/uploads\\\/2020\\\/03\\\/stethoscope-3541909_1920-300x184.jpg\",\"contentUrl\":\"https:\\\/\\\/www.filha.fi\\\/wp-content\\\/uploads\\\/2020\\\/03\\\/stethoscope-3541909_1920-300x184.jpg\"},{\"@type\":\"BreadcrumbList\",\"@id\":\"https:\\\/\\\/www.filha.fi\\\/vaikea-tauti\\\/#breadcrumb\",\"itemListElement\":[{\"@type\":\"ListItem\",\"position\":1,\"name\":\"Home\",\"item\":\"https:\\\/\\\/www.filha.fi\\\/\"},{\"@type\":\"ListItem\",\"position\":2,\"name\":\"Vaikea tauti\"}]},{\"@type\":\"WebSite\",\"@id\":\"https:\\\/\\\/www.filha.fi\\\/#website\",\"url\":\"https:\\\/\\\/www.filha.fi\\\/\",\"name\":\"Filha\",\"description\":\"Expertise in lung health\",\"publisher\":{\"@id\":\"https:\\\/\\\/www.filha.fi\\\/#organization\"},\"potentialAction\":[{\"@type\":\"SearchAction\",\"target\":{\"@type\":\"EntryPoint\",\"urlTemplate\":\"https:\\\/\\\/www.filha.fi\\\/?s={search_term_string}\"},\"query-input\":{\"@type\":\"PropertyValueSpecification\",\"valueRequired\":true,\"valueName\":\"search_term_string\"}}],\"inLanguage\":\"en-US\"},{\"@type\":\"Organization\",\"@id\":\"https:\\\/\\\/www.filha.fi\\\/#organization\",\"name\":\"Filha ry\",\"url\":\"https:\\\/\\\/www.filha.fi\\\/\",\"logo\":{\"@type\":\"ImageObject\",\"inLanguage\":\"en-US\",\"@id\":\"https:\\\/\\\/www.filha.fi\\\/#\\\/schema\\\/logo\\\/image\\\/\",\"url\":\"https:\\\/\\\/www.filha.fi\\\/wp-content\\\/uploads\\\/2019\\\/04\\\/Filha-logo.png\",\"contentUrl\":\"https:\\\/\\\/www.filha.fi\\\/wp-content\\\/uploads\\\/2019\\\/04\\\/Filha-logo.png\",\"width\":960,\"height\":1230,\"caption\":\"Filha ry\"},\"image\":{\"@id\":\"https:\\\/\\\/www.filha.fi\\\/#\\\/schema\\\/logo\\\/image\\\/\"}}]}<\/script>\n<!-- \/ Yoast SEO plugin. -->","yoast_head_json":{"title":"Vaikea tauti - Filha","robots":{"index":"index","follow":"follow","max-snippet":"max-snippet:-1","max-image-preview":"max-image-preview:large","max-video-preview":"max-video-preview:-1"},"canonical":"https:\/\/www.filha.fi\/vaikea-tauti\/","og_locale":"en_US","og_type":"article","og_title":"Vaikea tauti - Filha","og_url":"https:\/\/www.filha.fi\/vaikea-tauti\/","og_site_name":"Filha","article_modified_time":"2023-06-19T06:32:36+00:00","og_image":[{"url":"https:\/\/www.filha.fi\/wp-content\/uploads\/2020\/03\/stethoscope-3541909_1920-300x184.jpg","type":"","width":"","height":""}],"twitter_card":"summary_large_image","twitter_misc":{"Est. reading time":"3 minutes"},"schema":{"@context":"https:\/\/schema.org","@graph":[{"@type":"WebPage","@id":"https:\/\/www.filha.fi\/vaikea-tauti\/","url":"https:\/\/www.filha.fi\/vaikea-tauti\/","name":"Vaikea tauti - Filha","isPartOf":{"@id":"https:\/\/www.filha.fi\/#website"},"primaryImageOfPage":{"@id":"https:\/\/www.filha.fi\/vaikea-tauti\/#primaryimage"},"image":{"@id":"https:\/\/www.filha.fi\/vaikea-tauti\/#primaryimage"},"thumbnailUrl":"https:\/\/www.filha.fi\/wp-content\/uploads\/2020\/03\/stethoscope-3541909_1920-300x184.jpg","datePublished":"2022-02-22T18:43:41+00:00","dateModified":"2023-06-19T06:32:36+00:00","breadcrumb":{"@id":"https:\/\/www.filha.fi\/vaikea-tauti\/#breadcrumb"},"inLanguage":"en-US","potentialAction":[{"@type":"ReadAction","target":["https:\/\/www.filha.fi\/vaikea-tauti\/"]}]},{"@type":"ImageObject","inLanguage":"en-US","@id":"https:\/\/www.filha.fi\/vaikea-tauti\/#primaryimage","url":"https:\/\/www.filha.fi\/wp-content\/uploads\/2020\/03\/stethoscope-3541909_1920-300x184.jpg","contentUrl":"https:\/\/www.filha.fi\/wp-content\/uploads\/2020\/03\/stethoscope-3541909_1920-300x184.jpg"},{"@type":"BreadcrumbList","@id":"https:\/\/www.filha.fi\/vaikea-tauti\/#breadcrumb","itemListElement":[{"@type":"ListItem","position":1,"name":"Home","item":"https:\/\/www.filha.fi\/"},{"@type":"ListItem","position":2,"name":"Vaikea tauti"}]},{"@type":"WebSite","@id":"https:\/\/www.filha.fi\/#website","url":"https:\/\/www.filha.fi\/","name":"Filha","description":"Expertise in lung health","publisher":{"@id":"https:\/\/www.filha.fi\/#organization"},"potentialAction":[{"@type":"SearchAction","target":{"@type":"EntryPoint","urlTemplate":"https:\/\/www.filha.fi\/?s={search_term_string}"},"query-input":{"@type":"PropertyValueSpecification","valueRequired":true,"valueName":"search_term_string"}}],"inLanguage":"en-US"},{"@type":"Organization","@id":"https:\/\/www.filha.fi\/#organization","name":"Filha ry","url":"https:\/\/www.filha.fi\/","logo":{"@type":"ImageObject","inLanguage":"en-US","@id":"https:\/\/www.filha.fi\/#\/schema\/logo\/image\/","url":"https:\/\/www.filha.fi\/wp-content\/uploads\/2019\/04\/Filha-logo.png","contentUrl":"https:\/\/www.filha.fi\/wp-content\/uploads\/2019\/04\/Filha-logo.png","width":960,"height":1230,"caption":"Filha ry"},"image":{"@id":"https:\/\/www.filha.fi\/#\/schema\/logo\/image\/"}}]}},"_links":{"self":[{"href":"https:\/\/www.filha.fi\/en\/wp-json\/wp\/v2\/pages\/12005","targetHints":{"allow":["GET"]}}],"collection":[{"href":"https:\/\/www.filha.fi\/en\/wp-json\/wp\/v2\/pages"}],"about":[{"href":"https:\/\/www.filha.fi\/en\/wp-json\/wp\/v2\/types\/page"}],"author":[{"embeddable":true,"href":"https:\/\/www.filha.fi\/en\/wp-json\/wp\/v2\/users\/17"}],"replies":[{"embeddable":true,"href":"https:\/\/www.filha.fi\/en\/wp-json\/wp\/v2\/comments?post=12005"}],"version-history":[{"count":0,"href":"https:\/\/www.filha.fi\/en\/wp-json\/wp\/v2\/pages\/12005\/revisions"}],"wp:attachment":[{"href":"https:\/\/www.filha.fi\/en\/wp-json\/wp\/v2\/media?parent=12005"}],"wp:term":[{"taxonomy":"category","embeddable":true,"href":"https:\/\/www.filha.fi\/en\/wp-json\/wp\/v2\/categories?post=12005"}],"curies":[{"name":"wp","href":"https:\/\/api.w.org\/{rel}","templated":true}]}}