{"id":12012,"date":"2022-02-22T21:04:49","date_gmt":"2022-02-22T19:04:49","guid":{"rendered":"https:\/\/www.filha.fi\/?page_id=12012"},"modified":"2023-01-04T16:50:56","modified_gmt":"2023-01-04T14:50:56","slug":"korona-ja-muut-sairaudet","status":"publish","type":"page","link":"https:\/\/www.filha.fi\/en\/korona-ja-muut-sairaudet\/","title":{"rendered":"Korona ja muut sairaudet"},"content":{"rendered":"<p>&nbsp;<\/p>\n<table>\n<tbody>\n<tr>\n<td>Ker\u00e4\u00e4mme t\u00e4lle sivulle tietoa terveydenhuollon ammattilaisille koronavirusinfektioon ja muihin sairauksiin tai erityistilanteisiin liittyen.<\/p>\n<p>&nbsp;<\/td>\n<td><img fetchpriority=\"high\" decoding=\"async\" class=\"size-medium wp-image-4120 alignright\" src=\"https:\/\/www.filha.fi\/wp-content\/uploads\/2020\/03\/stethoscope-3541909_1920-300x184.jpg\" alt=\"\" width=\"300\" height=\"184\" srcset=\"https:\/\/www.filha.fi\/wp-content\/uploads\/2020\/03\/stethoscope-3541909_1920-300x184.jpg 300w, https:\/\/www.filha.fi\/wp-content\/uploads\/2020\/03\/stethoscope-3541909_1920-1024x627.jpg 1024w, https:\/\/www.filha.fi\/wp-content\/uploads\/2020\/03\/stethoscope-3541909_1920-768x470.jpg 768w, https:\/\/www.filha.fi\/wp-content\/uploads\/2020\/03\/stethoscope-3541909_1920-1536x941.jpg 1536w, https:\/\/www.filha.fi\/wp-content\/uploads\/2020\/03\/stethoscope-3541909_1920.jpg 1920w\" sizes=\"(max-width: 300px) 100vw, 300px\" \/><\/td>\n<\/tr>\n<\/tbody>\n<\/table>\n<h2>Tuberkuloosin ja COVID-19-infektion oirekuvan vertailu<\/h2>\n<table>\n<tbody>\n<tr>\n<td width=\"198\">&nbsp;<\/p>\n<p>&nbsp;<\/td>\n<td width=\"161\"><strong>Tuberkuloosi<\/strong><\/td>\n<td width=\"170\"><strong>COVID-19<\/strong><\/td>\n<\/tr>\n<tr>\n<td width=\"198\">Oireiden ilmentyminen<\/td>\n<td width=\"161\">hitaasti p\u00e4ivien \u2013 viikkojen &#8211; kuukausien kuluessa<\/td>\n<td width=\"170\">nopeasti tuntien \u2013 p\u00e4ivien kuluessa<\/td>\n<\/tr>\n<tr>\n<td width=\"198\">Ysk\u00e4<\/td>\n<td width=\"161\">pitkittynyt &gt; 3vk<\/td>\n<td width=\"170\">tunteja &#8211; p\u00e4ivi\u00e4<\/td>\n<\/tr>\n<tr>\n<td width=\"198\">Nuha ja\/tai kurkkukipu<\/td>\n<td width=\"161\">ei<\/td>\n<td width=\"170\">voi olla<\/td>\n<\/tr>\n<tr>\n<td width=\"198\">Hengenahdistus<\/td>\n<td width=\"161\">voi olla, yleens\u00e4 liev\u00e4\u00e4<\/td>\n<td width=\"170\">voi olla, liev\u00e4\u00e4 \u2013 vaikeaa<\/td>\n<\/tr>\n<tr>\n<td width=\"198\">Kuumeilu<\/td>\n<td width=\"161\">voi olla<\/td>\n<td width=\"170\">voi olla korkeaakin<\/td>\n<\/tr>\n<tr>\n<td width=\"198\">Laihtuminen<\/td>\n<td width=\"161\">voi olla<\/td>\n<td width=\"170\">ei (ellei vaikeaa ripulia)<\/td>\n<\/tr>\n<tr>\n<td width=\"198\">Thoraxkuvaus lieviss\u00e4 oireissa<\/td>\n<td width=\"161\">on tarpeen<\/td>\n<td width=\"170\">yleens\u00e4 ei tarvetta<\/td>\n<\/tr>\n<tr>\n<td width=\"198\">Aktiivinen hakeutumien tutkimuksiin<\/td>\n<td width=\"161\">v\u00e4hentynyt<\/td>\n<td width=\"170\">aktiivista<\/td>\n<\/tr>\n<\/tbody>\n<\/table>\n<p><strong>Miten tuberkuloosia sairastavien oirekuva eroaa koronainfektioon sairastuneista?<\/strong><\/p>\n<p>(Hyv\u00e4 muistaa, ett\u00e4 koronainfektiota sairastavalla voi samanaikaisesti olla my\u00f6s tuberkuloosi)<\/p>\n<hr \/>\n<h2>Inhalaatiosteroidin k\u00e4ytt\u00f6\u00e4 kannattaa jatkaa koronaepidemian aikana<\/h2>\n<p>Julkaistu 18.11.2020<\/p>\n<p>Miten menetell\u00e4 astmaa tai keuhkoahtaumatautia sairastavan inhalaatiosteroidihoidon kanssa koronaepidemian aikana? Tied\u00e4mme, ett\u00e4 inhalaatiosteroidit est\u00e4v\u00e4t astman pahenemisvaiheita, joiden aiheuttaja useimmiten on virus. Inhalaatiosteroidin lopettaminen heikent\u00e4\u00e4 astman hoitotasapainoa ja lis\u00e4\u00e4 siis riski\u00e4 pahenemisvaiheeseen. Toisaalta inhalaatiosteroidi keuhkoahtaumatautipotilaalla voi lis\u00e4t\u00e4 keuhkokuumeen ja yl\u00e4hengitysteiden virusinfektion riski\u00e4. Steroidi voi my\u00f6s heikent\u00e4\u00e4 virusinfektion aiheuttamaa ylim\u00e4\u00e4r\u00e4ist\u00e4 tulehdusta ja n\u00e4in olla hy\u00f6dyllinen.<\/p>\n<p>Tutkittua tietoa COVID-19:n suhteen on viel\u00e4 v\u00e4h\u00e4n, mutta systemoidussa katsauksessa arviointiin otettiin my\u00f6s inhalaatiosteroidin k\u00e4yt\u00f6n vaikutus SARS- ja MERS-virustautien huonoon lopputulokseen. Laajennetulla haulla ei silti l\u00f6ydetty tutkimuksia, joiden perusteella voisi arvioida, onko inhalaatiosteroidin k\u00e4ytt\u00f6 ennen koronainfektiota tai sen aikana haitallista. Tutkimuksia aiheesta on menossa, mutta ei ole osoitusta, ett\u00e4 inhalaatiosteroidista olisi haittaa koronainfektion aikana. Siksi tutkijajoukko suosittaa, ett\u00e4 inhalaatiosteroidin k\u00e4ytt\u00f6\u00e4 astmaatikoilla jatketaan entiseen tapaan ja pahenemisvaiheessa suurennetaan annosta aiemman ohjeistuksen mukaisesti.<\/p>\n<p>L\u00e4hde: Halpin DMG ym. Eur Resp J 2020; 55:2001009<\/p>\n<p>(Julkaistu Duodecim-lehdess\u00e4 18.11.2020)<\/p>\n<hr \/>\n<h2>Tupakointi ja koronatauti<\/h2>\n<p>Julkaistu 24.4.2020<\/p>\n<p>Koronataudin aiheuttaja SARS-CoV-2 -virus p\u00e4\u00e4see elimist\u00f6\u00f6n limakalvojen kautta, p\u00e4\u00e4asiassa nen\u00e4n, suun ja yl\u00e4hengitysteiden limakalvojen kautta, mutta v\u00e4h\u00e4isemm\u00e4ss\u00e4 m\u00e4\u00e4rin my\u00f6s silm\u00e4n sidekalvolta. Tupakointi aiheuttaa tulehdustilan keuhkoihin ja keuhkoputkien limakalvoille, lis\u00e4\u00e4 tulehduksellisten sytokiinien ja tuumorinekroositekij\u00e4 alfan muodostusta, lis\u00e4\u00e4 keuhkoputkien epiteelisolujen l\u00e4p\u00e4isevyytt\u00e4, lis\u00e4\u00e4 liman tuotantoa ja v\u00e4hent\u00e4\u00e4 liman poistumista keuhkoputkista.<\/p>\n<p>T\u00e4h\u00e4n menness\u00e4 tupakoinnin yhteydest\u00e4 koronatautiin on tehty vain muutamia tutkimuksia, joten tutkimushenkil\u00f6m\u00e4\u00e4r\u00e4 on viel\u00e4 v\u00e4h\u00e4inen ja sen vuoksi johtop\u00e4\u00e4t\u00f6sten vet\u00e4minen on vaikeaa. N\u00e4ist\u00e4 suurimmassa tutkimuksessa (Guan et al) todettiin ett\u00e4 vaikeampaa tautimuotoa sairastavissa oli enemm\u00e4n tupakoitsijoita tai tupakoinnin lopettaneita kuin lievemm\u00e4ss\u00e4 tautimuodossa (17 % vs. 5 %).<\/p>\n<p>SARS-CoV-2 -virus on samankaltainen koronavirus kuin aiemmat epidemiaa aiheuttaneet MERS ja SARS. MERS-virus p\u00e4\u00e4see keuhkoihin DDP4-reseptorin v\u00e4lityksell\u00e4 ja SARS k\u00e4ytt\u00e4\u00e4 ACE2-reseptoria, joka todenn\u00e4k\u00f6isesti on my\u00f6s SARS-CoV-2 -viruksen kulkureitti. Tupakoinnin on todettu lis\u00e4\u00e4v\u00e4n selv\u00e4sti DDP4-reseptorien m\u00e4\u00e4r\u00e4\u00e4 keuhkoissa ja niiden m\u00e4\u00e4r\u00e4n korreloivan negatiivisesti keuhkojen toimintakyvyn kanssa. MERS-infektion yhteydess\u00e4 onkin todettu, ett\u00e4 tupakoinnilla ja kuolleisuudella on selv\u00e4 yhteys. Keuhkosy\u00f6p\u00e4potilailla on my\u00f6s todettu, ett\u00e4 terveess\u00e4 keuhkossa ACE2-reseptorien m\u00e4\u00e4r\u00e4 on selv\u00e4sti suurempi tupakoitsijoilla.<\/p>\n<p>Kaksi samantyyppist\u00e4 koronavirusta aiheuttaa samankaltaiset oireet ja n\u00e4iden virusten elimist\u00f6\u00f6n p\u00e4\u00e4sy tapahtuu samankaltaisesti reseptoreiden kautta, joiden m\u00e4\u00e4r\u00e4 on lis\u00e4\u00e4ntynyt tupakoitsijoilla. T\u00e4m\u00e4 her\u00e4tt\u00e4\u00e4 vahvan ep\u00e4ilyn siit\u00e4, ett\u00e4 tupakointi lis\u00e4\u00e4 viruksen mahdollisuuksia p\u00e4\u00e4st\u00e4 elimist\u00f6\u00f6n ja aiheuttaa siis sairautta herkemmin. On my\u00f6s ollut ep\u00e4ilyj\u00e4 siit\u00e4, ett\u00e4 pahempi tautimuoto liittyy suureen virusaltistukseen, jolloin virusreseptoreiden suuri m\u00e4\u00e4r\u00e4 voisi korreloida vaikeamman taudin kanssa.<\/p>\n<p>T\u00e4m\u00e4n lis\u00e4ksi tupakointiin liittyy k\u00e4den tuominen toistuvasti kasvojen l\u00e4helle, joka lis\u00e4\u00e4 virustaudin riski\u00e4. Lis\u00e4ksi sosiaalinen erist\u00e4ytyminen voi lis\u00e4t\u00e4 tupakointia ja my\u00f6s lis\u00e4t\u00e4 l\u00e4hipiirin altistumista tupakansavulle. Eik\u00e4 pid\u00e4 unohtaa, ett\u00e4 tupakointi lis\u00e4\u00e4 riski\u00e4 my\u00f6s syd\u00e4n- ja verisuonisairauksille, joiden my\u00f6s on todettu olevan vaikeamman taudinkuvan riskitekij\u00e4.<\/p>\n<p>Kaikki n\u00e4m\u00e4 seikat puoltavat sit\u00e4, ett\u00e4 tupakoinnin lopettaminen on ehdottoman t\u00e4rke\u00e4\u00e4 my\u00f6s n\u00e4in epidemia-aikana ja siihen kannattaa panostaa.<\/p>\n<p>L\u00e4hde: Berlin I, Thomas D, Le Faou A-L, Cornuz J. \u00a0COVID-19 and Smoking. Nicotine &amp; Tobacco Research 2020.<\/p>\n<hr \/>\n<h2>Kuinka toimia astma\/COPD-ep\u00e4ilyss\u00e4 epidemia-aikana<\/h2>\n<p>Julkaistu 30.3.2020<\/p>\n<p>Obstruktiivisten keuhkosairauksien diagnostiikka pohjaa puhallustutkimuksiin, jotka suurelta osin on keskeytetty niiden potentiaalisen tartuntariskinvuoksi COVID-19-epidemian aikana. T\u00e4st\u00e4 syyst\u00e4 on tehty ohjeistuksia astma\/COPD-ep\u00e4ilyjen varalle, kun diagnostisia tutkimuksia ei ole k\u00e4ytett\u00e4viss\u00e4. Oheinen ohjeistus pohjaa HUS:n antamiin ohjeeseen.<\/p>\n<p><strong>Astma\/COPD-ep\u00e4ilyss\u00e4 puhalluskokeet tehd\u00e4\u00e4n vasta epidemiavaiheen p\u00e4\u00e4tytty\u00e4<\/strong>, koska tutkimuksissa muodostuu aerosolia, joka mahdollisesti lis\u00e4\u00e4 koronaviruksen levi\u00e4mist\u00e4.<\/p>\n<p><strong>Toimi n\u00e4in kun ep\u00e4ilet astmaa <\/strong>(toistuvat tai pitkittyneet oireet, jotka eiv\u00e4t selity yksitt\u00e4isell\u00e4 infektiolla):<\/p>\n<p>Tyyppioireet: ysk\u00e4 (painottuen aamuun ja aamuy\u00f6h\u00f6n), limaisuus, hengityksen vinkuminen, hengenahdistus, rasituksen siedon heikkeneminen<\/p>\n<ul>\n<li>liev\u00e4t oireet\u00a0 \u2013 aloitetaan inhalaatiosteroidi, joka puretaan epidemian j\u00e4lkeen ja sitten tehd\u00e4\u00e4n tarvittavat diagnostiset tutkimukset, lyhytvaikutteinen beeta-2-agonisti tarvittaessa k\u00e4ytt\u00f6\u00f6n. Hyv\u00e4 allergisen tai kroonisen nuhan hoito.<\/li>\n<li>kohtalaiset \u2013 aloitetaan kombinaatiovalmiste ja tarvittaessa k\u00e4ytett\u00e4v\u00e4 lyhytvaikutteinen beeta-2-agonisti. Jos on allergista taustaa, harkitaan montelukastin kombinoimista. Hyv\u00e4 allergisen tai kroonisen nuhan hoito.<\/li>\n<li>vaikeat oireet (potilas tulee p\u00e4ivystys\/kiirevastaanotolle oireiden vuoksi) \u2013 infektion poissulku oireen taustalta ja aloitetaan yhdistelm\u00e4valmiste (inhaloitava glukokortikoidi ja pitk\u00e4vaikutteinen beeta-2-agonisti), lyhytvaikutteinen beeta-2-agonisti, lyhyt 5-7 p\u00e4iv\u00e4n p.o. glukokortikoidikuuri (Prednisolon 20-40 mg\/ vrk, ei laskevia annoksia). \u00a0Hyv\u00e4 allergian ja nen\u00e4n tukkoisuuden hoito.<\/li>\n<li>Jos potilas saa sivuvaikutuksia pitk\u00e4vaikutteisesti beeta-2-agonistista, voi sen korvata antikolinergilla, esim. tiotropiumilla<\/li>\n<li>Mik\u00e4li potilas tupakoi, on sen lopettaminen suositeltavaa!<\/li>\n<\/ul>\n<p><strong>Tutkimukset astmaep\u00e4ilyss\u00e4 koronaepidemian aikana<\/strong>: TVK, CRP, sinuiitin poissulku (esimerkiksi nen\u00e4n sivuonteloiden ultra\u00e4\u00e4nitutkimus tai r\u00f6ntgenkuva kuutamoprojektiona), keuhkokuva harkinnan perusteella statusl\u00f6yd\u00f6sten ja oireiden vakavuuden mukaan<\/p>\n<p><strong>\u00a0<\/strong><strong>Hoida n\u00e4in kun ep\u00e4ilet keuhkoahtaumatautia (COPD)<\/strong><\/p>\n<p>Potilaalla yleens\u00e4 yli 20 vuoden tupakointianamneesi ja oireinen (ysk\u00e4, limaisuus, rasitushengenahdistus)<\/p>\n<ul>\n<li>kohtalaiset oireet \u2013 aloitetaan pitk\u00e4vaikutteinen avaava (pitk\u00e4vaikutteinen antikolinergi tai pitk\u00e4vaikutteinen beeta-2-agonisti tai pitk\u00e4vaikutteinen kaksoisavaava ja lyhytvaikutteinen beeta-2-agonisti tarvittaessa k\u00e4ytt\u00f6\u00f6n).<\/li>\n<li>vaikeat oireet (potilas tulee p\u00e4ivystys\/kiirevastaanotolle oireiden vuoksi) \u2013 infektion poissulku oireen taustalta ja aloitetaan pitk\u00e4vaikutteinen kaksoisavaava kombinaatiovalmiste (pitk\u00e4vaikutteinen beeta-2-agonisti ja pitk\u00e4vaikutteinen antikolinergi tai pitk\u00e4vaikutteinen beeta-2-agonisti ja inhalaatiosteroidi), lyhytvaikutteinen beeta-2-agonisti, 5-7 vrk po kortisonikuuri (Prednisolon 20-40 mg\/ vrk, ei laskevia annoksia) ja antimikrobikuuri (esimerkiksi amoksisilliini-klavulaanihappo tai doksisykliini).<\/li>\n<li>Mik\u00e4li potilas tupakoi, on sen lopettaminen suositeltavaa!<\/li>\n<\/ul>\n<p><strong>Tutkimukset COPD-ep\u00e4ilyss\u00e4 koronaepidemian aikana<\/strong>: TVK, CRP, keuhkokuva ja EKG.<\/p>\n<hr \/>\n<p>&nbsp;<\/p>\n<h2><strong>Keuhkosairaat ja korona<\/strong><\/h2>\n<p>Julkaistu 25.3.2020<\/p>\n<p>COVID-19 -koronaviruksen pyyhk\u00e4istess\u00e4 maailmamme ylitse, on keuhkosairauksien hyv\u00e4 perushoito entist\u00e4kin t\u00e4rke\u00e4mp\u00e4\u00e4. COVID-19 iskee juuri keuhkoihin ja potilaat, joilla on huonossa tasapainossa oleva keuhkosairaus kuuluvat vaarallisemman koronavirustaudin riskiryhm\u00e4\u00e4n. Vaikka ik\u00e4 edelleen on suurin riskitekij\u00e4 huonommalle ennusteelle, on i\u00e4k\u00e4s keuhkosairas jo l\u00e4ht\u00f6kohdiltaan kovin huonossa asemassa ja h\u00e4nen ennustettaan saattaa parantaa, jos keuhkosairaus on hyv\u00e4ss\u00e4 tasapainossa. Suomen astmaohjelma on maailmankuulu, mutta silti meill\u00e4 edelleen on astmaatikkoja, jotka ovat lopettaneet l\u00e4\u00e4kkeens\u00e4 tai sinnittelev\u00e4t huonolla hoitotasapainolla. Juuri nyt on oikea hetki tarkistaa perusl\u00e4\u00e4kitykset oikealle tasolle, jotta keuhkot olisivat parhaassa mahdollisessa kunnossa ottamaan vastaan tuleva virushy\u00f6kk\u00e4ys. Jos keuhkosairaan keuhkojen toiminta on normaalia, lis\u00e4\u00e4ntynytt\u00e4 riski\u00e4 vakavammalle taudille ei ole, joten viel\u00e4 voisi olla aikaa valmistautua. L\u00e4hes kaikkia keuhkosairauksien l\u00e4\u00e4kkeit\u00e4 voi huoletta k\u00e4ytt\u00e4\u00e4 my\u00f6s koronavirusepidemian aikana, vaikkakin tablettikortisonia tulee harkita tarkkaan, mutta k\u00e4ytt\u00e4\u00e4 pelotta, kun tarve on. On hyv\u00e4, ett\u00e4 potilas ottaa puhelimitse yhteytt\u00e4 terveydenhuollon ammattilaiseen, jos astmatilanne on niin vaikea, ett\u00e4 tarvitaan kortikosteroidikuuri. Silloin l\u00e4hinn\u00e4 tarkastetaan, ett\u00e4 potilas ei vaadi p\u00e4ivystyksellist\u00e4 tilanteen arviointia.<\/p>\n<p>Vaikka yhteiskuntamme ja sosiaalinen piirimme sulkeutuu, on laatikkomme sis\u00e4ll\u00e4 silti t\u00e4rke\u00e4\u00e4 hengitt\u00e4\u00e4, mieluiten mahdollisimman syv\u00e4\u00e4n. Keuhkojen kannalta liikunta, mieluiten ulkoilmassa, on parasta l\u00e4\u00e4kett\u00e4. Silloin pienimm\u00e4tkin keuhkoputket avautuvat, lihakset vahvistuvat ja mahdollinen lima poistuu. Kannustakaa keuhkopotilaita liikkumaan: heng\u00e4stymist\u00e4 ei tarvitse pel\u00e4t\u00e4, vaikka koronavirus pelottaisikin, kunhan julkisilla paikoilla kuljetaan vastuullisesti ja turvav\u00e4lit pit\u00e4en.<\/p>\n<hr \/>\n<h2><strong>Tuberkuloosin hoito koronavirusepidemian aikana tilanteessa, jossa potilaspaikkojen m\u00e4\u00e4r\u00e4 osastolla on rajoitettu<\/strong><\/h2>\n<p>Julkaistu 23.3.2020<\/p>\n<p>Tilanteessa, jossa osastolla ei ole potilaspaikkoja, voidaan tuberkuloosin hoito aloittaa polikliinisesti potilailla, jotka:<\/p>\n<ul>\n<li>eiv\u00e4t ole ysk\u00f6sv\u00e4rj\u00e4yspositiivisia<\/li>\n<li>ovat perusterveit\u00e4<\/li>\n<li>pakkotilanteessa my\u00f6s v\u00e4rj\u00e4yspositiiviset, hyv\u00e4kuntoiset, joilla kotieristyksen edellytykset t\u00e4yttyv\u00e4t (kts. <a href=\"https:\/\/www.filha.fi\/wp-content\/uploads\/2019\/04\/Valtakunnallinen-tuberkuloosiohjelma-2013.pdf#page=110\" target=\"_blank\" rel=\"noopener noreferrer\">Valtakunnallinen tuberkuloosiohjelma 2013, s. 110<\/a>)<\/li>\n<\/ul>\n<p>Potilaat, joiden hoito aloitettava osastolla:<\/p>\n<ul>\n<li>ysk\u00f6sv\u00e4rj\u00e4yspositiiviset<\/li>\n<li>monisairaat ja -l\u00e4\u00e4kityt<\/li>\n<li>MDR-ep\u00e4ilyt ja varmistetut MDR-potilaat<\/li>\n<\/ul>\n<p>Ysk\u00f6sv\u00e4rj\u00e4yspositiiviset voidaan ilmaeristyshuoneiden puuttuessa sijoittaa yhden hengen huoneisiin, jolloin suojautumisen merkitys korostuu. Useampi tuberkuloosipotilas voidaan hoitaa samassa huoneessa, mik\u00e4li potilaiden tuberkuloosibakteerikannan resistenssiprofiili on sama.<\/p>\n<p>MDR-potilaat on hoidettava aina ilmaeristyksess\u00e4.<\/p>\n<p>Kun ysk\u00f6sv\u00e4rj\u00e4yspositiivisten potilaiden hoito on saatu aloitettua, siirret\u00e4\u00e4n heid\u00e4t herk\u00e4sti kotieristykseen, mik\u00e4li edellytykset siihen kotona t\u00e4yttyv\u00e4t (Kts. <a href=\"https:\/\/www.filha.fi\/wp-content\/uploads\/2019\/04\/Valtakunnallinen-tuberkuloosiohjelma-2013.pdf#page=110\" target=\"_blank\" rel=\"noopener noreferrer\">Valtakunnallinen tuberkuloosiohjelma 2013, s. 110<\/a>) ja he eiv\u00e4t sairautensa vuoksi ole sairaalahoidon tarpeessa.<\/p>\n<p>I\u00e4kk\u00e4iden, monisairaiden, laitos- tai sairaalahoidossa olevien vanhusten hoito voidaan harkinnan mukaan aloittaa hoitolaitoksessa keuhkol\u00e4\u00e4k\u00e4rin ohjeiden mukaan. \u00a0Potilaalla on oltava oma huone, mik\u00e4li h\u00e4n on v\u00e4rj\u00e4yspositiivinen. Hoidon toteutuksesta ja ohjeistuksesta vastaa silloin erikoissairaanhoidon hoitava l\u00e4\u00e4k\u00e4ri.<\/p>\n<p>Diagnostiikka tapahtuu p\u00e4\u00e4s\u00e4\u00e4nt\u00f6isesti polikliinisesti.<\/p>\n<hr \/>\n<h2><strong>Koronavirusinfektio ja tupakointi<\/strong><\/h2>\n<p>Julkaistu 20.3.2020<\/p>\n<p>Tupakointi heikent\u00e4\u00e4 keuhkojen toimintakyky\u00e4 ja immuunij\u00e4rjestelm\u00e4n toimintaa. Tutkimusten mukaan tupakoijat ovat suuremmassa riskiss\u00e4 joutua influenssan vuoksi sairaala- ja tehohoitoon. Tupakoinnin lopettamisella n\u00e4ytt\u00e4\u00e4 siis olevan merkityst\u00e4 my\u00f6s koronavirus-tartunnan ehk\u00e4isyss\u00e4 ja erityisesti COVID-19 riskiryhmiss\u00e4 olevilla. T\u00e4m\u00e4 koskee todenn\u00e4k\u00f6isesti my\u00f6s s\u00e4hk\u00f6savukkeen k\u00e4ytt\u00f6\u00e4. Filhan verkkosivuilla <a href=\"http:\/\/www.filha.fi\/tupakka\">www.filha.fi\/tupakka<\/a> l\u00f6ytyy tupakkavieroitusty\u00f6h\u00f6n hy\u00f6dyllisi\u00e4 ty\u00f6kaluja terveydenhuollon ammattilaisille.<\/p>\n","protected":false},"excerpt":{"rendered":"<p>&nbsp; Ker\u00e4\u00e4mme t\u00e4lle sivulle tietoa terveydenhuollon ammattilaisille koronavirusinfektioon ja muihin sairauksiin tai erityistilanteisiin liittyen. &nbsp; Tuberkuloosin ja COVID-19-infektion oirekuvan vertailu &nbsp; &nbsp; Tuberkuloosi COVID-19 Oireiden ilmentyminen hitaasti p\u00e4ivien \u2013 viikkojen &#8230; <a title=\"Korona ja muut sairaudet\" class=\"read-more\" href=\"https:\/\/www.filha.fi\/en\/korona-ja-muut-sairaudet\/\" aria-label=\"Read more about Korona ja muut sairaudet\">Read more<\/a><\/p>\n","protected":false},"author":17,"featured_media":0,"parent":0,"menu_order":0,"comment_status":"closed","ping_status":"closed","template":"","meta":{"_acf_changed":false,"footnotes":""},"categories":[94,85,74,47,73],"class_list":["post-12012","page","type-page","status-publish","category-covid-19","category-fincovid-19","category-miia","category-tuula","category-tuuli"],"translation":{"provider":"WPGlobus","version":"3.0.2","language":"en","enabled_languages":["fi","en"],"languages":{"fi":{"title":true,"content":true,"excerpt":false},"en":{"title":false,"content":false,"excerpt":false}}},"acf":[],"yoast_head":"<!-- This site is optimized with the Yoast SEO plugin v27.4 - https:\/\/yoast.com\/product\/yoast-seo-wordpress\/ -->\n<title>Korona ja muut sairaudet - Filha<\/title>\n<meta name=\"robots\" content=\"index, follow, max-snippet:-1, max-image-preview:large, max-video-preview:-1\" \/>\n<link rel=\"canonical\" href=\"https:\/\/www.filha.fi\/korona-ja-muut-sairaudet\/\" \/>\n<meta property=\"og:locale\" content=\"en_US\" \/>\n<meta property=\"og:type\" content=\"article\" \/>\n<meta property=\"og:title\" content=\"Korona ja muut sairaudet - Filha\" \/>\n<meta property=\"og:url\" content=\"https:\/\/www.filha.fi\/korona-ja-muut-sairaudet\/\" \/>\n<meta property=\"og:site_name\" content=\"Filha\" \/>\n<meta property=\"article:modified_time\" content=\"2023-01-04T14:50:56+00:00\" \/>\n<meta property=\"og:image\" content=\"https:\/\/www.filha.fi\/wp-content\/uploads\/2020\/03\/stethoscope-3541909_1920-300x184.jpg\" \/>\n<meta name=\"twitter:card\" content=\"summary_large_image\" \/>\n<meta name=\"twitter:label1\" content=\"Est. reading time\" \/>\n\t<meta name=\"twitter:data1\" content=\"9 minutes\" \/>\n<script type=\"application\/ld+json\" class=\"yoast-schema-graph\">{\"@context\":\"https:\\\/\\\/schema.org\",\"@graph\":[{\"@type\":\"WebPage\",\"@id\":\"https:\\\/\\\/www.filha.fi\\\/korona-ja-muut-sairaudet\\\/\",\"url\":\"https:\\\/\\\/www.filha.fi\\\/korona-ja-muut-sairaudet\\\/\",\"name\":\"Korona ja muut sairaudet - Filha\",\"isPartOf\":{\"@id\":\"https:\\\/\\\/www.filha.fi\\\/#website\"},\"primaryImageOfPage\":{\"@id\":\"https:\\\/\\\/www.filha.fi\\\/korona-ja-muut-sairaudet\\\/#primaryimage\"},\"image\":{\"@id\":\"https:\\\/\\\/www.filha.fi\\\/korona-ja-muut-sairaudet\\\/#primaryimage\"},\"thumbnailUrl\":\"https:\\\/\\\/www.filha.fi\\\/wp-content\\\/uploads\\\/2020\\\/03\\\/stethoscope-3541909_1920-300x184.jpg\",\"datePublished\":\"2022-02-22T19:04:49+00:00\",\"dateModified\":\"2023-01-04T14:50:56+00:00\",\"breadcrumb\":{\"@id\":\"https:\\\/\\\/www.filha.fi\\\/korona-ja-muut-sairaudet\\\/#breadcrumb\"},\"inLanguage\":\"en-US\",\"potentialAction\":[{\"@type\":\"ReadAction\",\"target\":[\"https:\\\/\\\/www.filha.fi\\\/korona-ja-muut-sairaudet\\\/\"]}]},{\"@type\":\"ImageObject\",\"inLanguage\":\"en-US\",\"@id\":\"https:\\\/\\\/www.filha.fi\\\/korona-ja-muut-sairaudet\\\/#primaryimage\",\"url\":\"https:\\\/\\\/www.filha.fi\\\/wp-content\\\/uploads\\\/2020\\\/03\\\/stethoscope-3541909_1920-300x184.jpg\",\"contentUrl\":\"https:\\\/\\\/www.filha.fi\\\/wp-content\\\/uploads\\\/2020\\\/03\\\/stethoscope-3541909_1920-300x184.jpg\"},{\"@type\":\"BreadcrumbList\",\"@id\":\"https:\\\/\\\/www.filha.fi\\\/korona-ja-muut-sairaudet\\\/#breadcrumb\",\"itemListElement\":[{\"@type\":\"ListItem\",\"position\":1,\"name\":\"Home\",\"item\":\"https:\\\/\\\/www.filha.fi\\\/\"},{\"@type\":\"ListItem\",\"position\":2,\"name\":\"Korona ja muut sairaudet\"}]},{\"@type\":\"WebSite\",\"@id\":\"https:\\\/\\\/www.filha.fi\\\/#website\",\"url\":\"https:\\\/\\\/www.filha.fi\\\/\",\"name\":\"Filha\",\"description\":\"Expertise in lung health\",\"publisher\":{\"@id\":\"https:\\\/\\\/www.filha.fi\\\/#organization\"},\"potentialAction\":[{\"@type\":\"SearchAction\",\"target\":{\"@type\":\"EntryPoint\",\"urlTemplate\":\"https:\\\/\\\/www.filha.fi\\\/?s={search_term_string}\"},\"query-input\":{\"@type\":\"PropertyValueSpecification\",\"valueRequired\":true,\"valueName\":\"search_term_string\"}}],\"inLanguage\":\"en-US\"},{\"@type\":\"Organization\",\"@id\":\"https:\\\/\\\/www.filha.fi\\\/#organization\",\"name\":\"Filha ry\",\"url\":\"https:\\\/\\\/www.filha.fi\\\/\",\"logo\":{\"@type\":\"ImageObject\",\"inLanguage\":\"en-US\",\"@id\":\"https:\\\/\\\/www.filha.fi\\\/#\\\/schema\\\/logo\\\/image\\\/\",\"url\":\"https:\\\/\\\/www.filha.fi\\\/wp-content\\\/uploads\\\/2019\\\/04\\\/Filha-logo.png\",\"contentUrl\":\"https:\\\/\\\/www.filha.fi\\\/wp-content\\\/uploads\\\/2019\\\/04\\\/Filha-logo.png\",\"width\":960,\"height\":1230,\"caption\":\"Filha ry\"},\"image\":{\"@id\":\"https:\\\/\\\/www.filha.fi\\\/#\\\/schema\\\/logo\\\/image\\\/\"}}]}<\/script>\n<!-- \/ Yoast SEO plugin. -->","yoast_head_json":{"title":"Korona ja muut sairaudet - Filha","robots":{"index":"index","follow":"follow","max-snippet":"max-snippet:-1","max-image-preview":"max-image-preview:large","max-video-preview":"max-video-preview:-1"},"canonical":"https:\/\/www.filha.fi\/korona-ja-muut-sairaudet\/","og_locale":"en_US","og_type":"article","og_title":"Korona ja muut sairaudet - Filha","og_url":"https:\/\/www.filha.fi\/korona-ja-muut-sairaudet\/","og_site_name":"Filha","article_modified_time":"2023-01-04T14:50:56+00:00","og_image":[{"url":"https:\/\/www.filha.fi\/wp-content\/uploads\/2020\/03\/stethoscope-3541909_1920-300x184.jpg","type":"","width":"","height":""}],"twitter_card":"summary_large_image","twitter_misc":{"Est. reading time":"9 minutes"},"schema":{"@context":"https:\/\/schema.org","@graph":[{"@type":"WebPage","@id":"https:\/\/www.filha.fi\/korona-ja-muut-sairaudet\/","url":"https:\/\/www.filha.fi\/korona-ja-muut-sairaudet\/","name":"Korona ja muut sairaudet - Filha","isPartOf":{"@id":"https:\/\/www.filha.fi\/#website"},"primaryImageOfPage":{"@id":"https:\/\/www.filha.fi\/korona-ja-muut-sairaudet\/#primaryimage"},"image":{"@id":"https:\/\/www.filha.fi\/korona-ja-muut-sairaudet\/#primaryimage"},"thumbnailUrl":"https:\/\/www.filha.fi\/wp-content\/uploads\/2020\/03\/stethoscope-3541909_1920-300x184.jpg","datePublished":"2022-02-22T19:04:49+00:00","dateModified":"2023-01-04T14:50:56+00:00","breadcrumb":{"@id":"https:\/\/www.filha.fi\/korona-ja-muut-sairaudet\/#breadcrumb"},"inLanguage":"en-US","potentialAction":[{"@type":"ReadAction","target":["https:\/\/www.filha.fi\/korona-ja-muut-sairaudet\/"]}]},{"@type":"ImageObject","inLanguage":"en-US","@id":"https:\/\/www.filha.fi\/korona-ja-muut-sairaudet\/#primaryimage","url":"https:\/\/www.filha.fi\/wp-content\/uploads\/2020\/03\/stethoscope-3541909_1920-300x184.jpg","contentUrl":"https:\/\/www.filha.fi\/wp-content\/uploads\/2020\/03\/stethoscope-3541909_1920-300x184.jpg"},{"@type":"BreadcrumbList","@id":"https:\/\/www.filha.fi\/korona-ja-muut-sairaudet\/#breadcrumb","itemListElement":[{"@type":"ListItem","position":1,"name":"Home","item":"https:\/\/www.filha.fi\/"},{"@type":"ListItem","position":2,"name":"Korona ja muut sairaudet"}]},{"@type":"WebSite","@id":"https:\/\/www.filha.fi\/#website","url":"https:\/\/www.filha.fi\/","name":"Filha","description":"Expertise in lung health","publisher":{"@id":"https:\/\/www.filha.fi\/#organization"},"potentialAction":[{"@type":"SearchAction","target":{"@type":"EntryPoint","urlTemplate":"https:\/\/www.filha.fi\/?s={search_term_string}"},"query-input":{"@type":"PropertyValueSpecification","valueRequired":true,"valueName":"search_term_string"}}],"inLanguage":"en-US"},{"@type":"Organization","@id":"https:\/\/www.filha.fi\/#organization","name":"Filha ry","url":"https:\/\/www.filha.fi\/","logo":{"@type":"ImageObject","inLanguage":"en-US","@id":"https:\/\/www.filha.fi\/#\/schema\/logo\/image\/","url":"https:\/\/www.filha.fi\/wp-content\/uploads\/2019\/04\/Filha-logo.png","contentUrl":"https:\/\/www.filha.fi\/wp-content\/uploads\/2019\/04\/Filha-logo.png","width":960,"height":1230,"caption":"Filha ry"},"image":{"@id":"https:\/\/www.filha.fi\/#\/schema\/logo\/image\/"}}]}},"_links":{"self":[{"href":"https:\/\/www.filha.fi\/en\/wp-json\/wp\/v2\/pages\/12012","targetHints":{"allow":["GET"]}}],"collection":[{"href":"https:\/\/www.filha.fi\/en\/wp-json\/wp\/v2\/pages"}],"about":[{"href":"https:\/\/www.filha.fi\/en\/wp-json\/wp\/v2\/types\/page"}],"author":[{"embeddable":true,"href":"https:\/\/www.filha.fi\/en\/wp-json\/wp\/v2\/users\/17"}],"replies":[{"embeddable":true,"href":"https:\/\/www.filha.fi\/en\/wp-json\/wp\/v2\/comments?post=12012"}],"version-history":[{"count":0,"href":"https:\/\/www.filha.fi\/en\/wp-json\/wp\/v2\/pages\/12012\/revisions"}],"wp:attachment":[{"href":"https:\/\/www.filha.fi\/en\/wp-json\/wp\/v2\/media?parent=12012"}],"wp:term":[{"taxonomy":"category","embeddable":true,"href":"https:\/\/www.filha.fi\/en\/wp-json\/wp\/v2\/categories?post=12012"}],"curies":[{"name":"wp","href":"https:\/\/api.w.org\/{rel}","templated":true}]}}