{"id":12030,"date":"2022-02-23T10:23:48","date_gmt":"2022-02-23T08:23:48","guid":{"rendered":"https:\/\/www.filha.fi\/?page_id=12030"},"modified":"2025-03-26T13:58:11","modified_gmt":"2025-03-26T11:58:11","slug":"kotihoito-ohjeet","status":"publish","type":"page","link":"https:\/\/www.filha.fi\/en\/kotihoito-ohjeet\/","title":{"rendered":"Kotihoito-ohjeet"},"content":{"rendered":"<h1>Liev\u00e4 tauti<\/h1>\n<p>Koronavirus aiheuttaa \u00e4killisen hengitystieinfektion, jonka oireita voivat olla esimerkiksi kuume, nuha, ysk\u00e4, hengenahdistus ja lihaskivut. Suurin osa koronavirukseen sairastuneista selvi\u00e4\u00e4 lievill\u00e4 oireilla ja sairastaa taudin kotona.<\/p>\n<p>Potilaita voi ohjeistaa kuumeisen keuhkovirusinfektion kotihoitoon:<\/p>\n<hr \/>\n<h2>1. Juo tarpeeksi nestett\u00e4<\/h2>\n<p>Sairastaessa on t\u00e4rke\u00e4\u00e4 juoda riitt\u00e4v\u00e4sti. Sen merkitys korostuu etenkin kuumeessa, sill\u00e4 kuume aiheuttaa hikoilua ja siten ihminen menett\u00e4\u00e4 nesteit\u00e4. Liian v\u00e4h\u00e4inen juominen kuivattaa kehoa ja tekee olon entist\u00e4 nuutuneemmaksi ja kipe\u00e4ksi.<\/p>\n<p>Paljonko on riitt\u00e4v\u00e4sti?<\/p>\n<ul>\n<li>Normaalisti saamme puolet tarvitsemastamme nesteest\u00e4 ruoasta. Terveen\u00e4 vett\u00e4 olisi hyv\u00e4 juoda noin puolitoista litraa p\u00e4iv\u00e4ss\u00e4, mutta kuumeisena on juotava enemm\u00e4n.<\/li>\n<li>Karkean s\u00e4\u00e4nn\u00f6n mukaan jokaista kuumeastetta kohden tulisi juoda litran verran ylim\u00e4\u00e4r\u00e4ist\u00e4 nestett\u00e4 p\u00e4iv\u00e4ss\u00e4. Eli jos kuumetta on 38 astetta, nesteit\u00e4 tulisi nauttia v\u00e4hint\u00e4\u00e4n 2,5 litraa ja jos kuume kipuaa 39 asteeseen, nesteit\u00e4 tarvitaan jo 3,5 litraa.<\/li>\n<\/ul>\n<p>Mit\u00e4 pit\u00e4isi juoda?<\/p>\n<ul>\n<li>Vesi k\u00e4y hyvin, mutta jos hikoilee voimakkaasti, on hyv\u00e4 juoda my\u00f6s esimerkiksi vissy\u00e4, joka sis\u00e4lt\u00e4\u00e4 elektrolyyttej\u00e4. Elektrolyytit \u2013 kuten natrium, kalium ja magnesium \u2013 ovat mineraaleja, joita keho tarvitsee nestetasapainon s\u00e4ilytt\u00e4miseen.<\/li>\n<li>Jos juo paljon kofeiinipitoisia juomia kuten kahvia, kokista tai energiajuomia, niit\u00e4 olisi hyv\u00e4 kompensoida veden juomisella. Kahvit ja kokikset ovat lievi\u00e4 diureetteja, eli ne poistavat kehosta nestett\u00e4.<\/li>\n<\/ul>\n<p>Mist\u00e4 tiet\u00e4\u00e4, onko juonut riitt\u00e4v\u00e4sti?<\/p>\n<ul>\n<li>Kannattaa juoda jo ennen kuin tulee jano. Kova janon tunne on merkki siit\u00e4, ett\u00e4 keho on jo hieman kuiva.<\/li>\n<li>Kuivumisen voi huomata my\u00f6s vessassa. Jos virtsaa tulee vain v\u00e4h\u00e4n ja se on tumman v\u00e4rist\u00e4, silloin on juonut liian v\u00e4h\u00e4n.<\/li>\n<li>Vaikka ruoka ei maistuisi, kannattaa silti yritt\u00e4\u00e4 sy\u00f6d\u00e4 pieni\u00e4 m\u00e4\u00e4ri\u00e4 ja juoda esimerkiksi mehukeittoa, josta saa energiaa ja kaloreita.<\/li>\n<\/ul>\n<hr \/>\n<h2>2. Nouse s\u00e4ngyst\u00e4 ja jaloittele<\/h2>\n<p>Akuutinkin taudin aikana on hyv\u00e4 v\u00e4lill\u00e4 nousta jaloittelemaan. T\u00e4rke\u00e4\u00e4 on, ett\u00e4 jaksaisi edes v\u00e4h\u00e4n jaloitella ja pumpata jalkojen lihaksia, jotta saa verenkierron k\u00e4yntiin.<\/p>\n<p>Kuumetaudit, joihin koronavirustautikin lukeutuu, sek\u00e4 bakteeri-infektiot lis\u00e4\u00e4v\u00e4t verisuonitukoksen mahdollisuutta.<\/p>\n<p>Osa suomalaisista kuuluu verisuonitukoksen riskiryhm\u00e4\u00e4n. Riski\u00e4 lis\u00e4\u00e4v\u00e4t esimerkiksi raskaus, ylipaino, yli 60 vuoden ik\u00e4, diabetes sek\u00e4 aiempi verisuonitukos.<\/p>\n<p>Jos olo sallii eik\u00e4 kuumetta ole, pieni k\u00e4velylenkki ulkoilmassa tekee my\u00f6s hyv\u00e4\u00e4. Rappuk\u00e4yt\u00e4v\u00e4ss\u00e4 liikkuessaan kannattaa k\u00e4ytt\u00e4\u00e4 esimerkiksi kirurgista maskia, jotta ei altista muita talon asukkaita koronavirukselle. Taloyhti\u00f6iden rappuk\u00e4yt\u00e4v\u00e4t eiv\u00e4t useimmiten ole kovin hyvin ilmastoituja.<\/p>\n<hr \/>\n<h2>3. Ota tarvittaessa parasetamolia ja puhalla pulloon<\/h2>\n<p>Kipua ja kuumetta voi helpottaa parasetamolilla, kuten Panadolilla ja Para-Tabsilla. Parasetamoli laskee kuumetta, mutta ei vaimenna tulehdusreaktiota kuten tulehduskipul\u00e4\u00e4kkeet.<\/p>\n<ul>\n<li>Tulehduskipul\u00e4\u00e4kkeet, joita ovat esimerkiksi ibuprofeeni ja ketoprofeeni, saattavat \u00e4rsytt\u00e4\u00e4 suolistoa ja mahan limakalvoja. Parasetamoli ei t\u00e4t\u00e4 tee.<\/li>\n<li>Kun parasetamolia k\u00e4ytt\u00e4\u00e4 sallitun m\u00e4\u00e4r\u00e4n, sen haittavaikutukset ovat hyvin v\u00e4h\u00e4iset. Maksimiannosta ei saa ylitt\u00e4\u00e4, koska isoina annoksina parasetamoli on maksalle vaarallinen.<\/li>\n<li>Suurin suositeltu aikuisten vuorokausiannos on <strong>kolme grammaa<\/strong>. Lasten vastaava annos on pienempi ja lasketaan painon mukaan.<\/li>\n<\/ul>\n<p>Tulehduskipul\u00e4\u00e4kett\u00e4kin voi halutessaan k\u00e4ytt\u00e4\u00e4 oireiden hoitamiseen. T\u00e4rkeint\u00e4 olisi muistaa, ett\u00e4 ei k\u00e4yt\u00e4 kahta eri tulehduskipul\u00e4\u00e4kett\u00e4 tai kahta eri parasetamolivalmistetta yht\u00e4 aikaa, sill\u00e4 p\u00e4ivitt\u00e4inen annos ylittyy helposti huomaamatta.<\/p>\n<p>Koronaviruksen aiheuttamaan tautiin liittyy usein my\u00f6s nuhaa, nen\u00e4n tukkoisuutta ja ysk\u00e4\u00e4. Vuotavan ja tukkoisen nen\u00e4n hoitoon voi k\u00e4ytt\u00e4\u00e4 <u>huuhtelukannua<\/u>. Siit\u00e4 on hy\u00f6ty\u00e4 esimerkiksi yl\u00e4hengitystieoireissa ja akuutissa nuhassa.<\/p>\n<p>Jos keuhkoissa on limaa, joka ei l\u00e4hde liikkeelle, apuna toimivat puolestaan pieni liikkuminen ja vesipulloon puhaltaminen. Pulloon puhaltaminen auttaa keuhkoputkia tyhjenem\u00e4\u00e4n limasta.<\/p>\n<ul>\n<li>Pulloon laitetaan puhdasta vett\u00e4 ja sinne puhalletaan letkun l\u00e4pi, jolloin hengitysteiss\u00e4 oleva paine nousee. Ilmavirta ty\u00f6nt\u00e4\u00e4 liman suurempiin hengitysteihin, joista lima on helppo yski\u00e4 pois. <a href=\"https:\/\/www.hengitysliitto.fi\/hengitysterveys-ja-sairaudet\/hengitysterveys\/hengittaminen\/limanpoistoharjoitukset\/pep-harjoitus-ja-pulloon-puhaltaminen\/\" target=\"_blank\" rel=\"noopener\"><u>Tarkat ohjeet l\u00f6ytyv\u00e4t Hengitysliiton sivuilta t\u00e4st\u00e4 linkist\u00e4.<\/u><\/a><\/li>\n<\/ul>\n<p>Ysk\u00e4nl\u00e4\u00e4kkeist\u00e4 ei v\u00e4ltt\u00e4m\u00e4tt\u00e4 ole paljoakaan apua. Niit\u00e4 on kahdenlaisia: ysk\u00e4\u00e4 hillitsevi\u00e4 ja limaa irrottavia.<\/p>\n<ul>\n<li>Ysk\u00e4\u00e4 hillitseviin l\u00e4\u00e4kkeisiin voi suhtautua harkiten, koska ysk\u00e4n tarkoituksena on juuri irrottaa limaa. Limaa irrottavat l\u00e4\u00e4kkeet eiv\u00e4t puolestaan ole kovin tehokkaita. Vesipulloon puhaltaminen toimii paremmin.<\/li>\n<\/ul>\n<p>Jos ihmiselle on m\u00e4\u00e4r\u00e4tty l\u00e4\u00e4kkeit\u00e4 muihin sairauksiin, kuten astmaan tai syd\u00e4n- verenkiertoelimist\u00f6n vaivoihin, l\u00e4\u00e4kkeit\u00e4 on syyt\u00e4 k\u00e4ytt\u00e4\u00e4 normaalisti.<\/p>\n<p>Tupakoinnin lopettaminen on suositeltavaa. Osalle sairastuneista tupakka ei maistu, joten se on eritt\u00e4in otollinen hetki hankkiutua tupakasta eroon.<\/p>\n<hr \/>\n<h2>4. Jos oireet muuttuvat vakaviksi, hae heti apua<\/h2>\n<p>Jos vointi heikkenee selv\u00e4sti, on syyt\u00e4 hakea apua.<\/p>\n<p>Vakavia oireita ovat esimerkiksi<\/p>\n<ul>\n<li>Hengitysvaikeudet<\/li>\n<li>Voinnin selv\u00e4 heikkeneminen<\/li>\n<li>Voimakas turvotus jommassa kummassa jalassa. Turvotus voi olla merkki verisuonitukoksesta. Silloin pit\u00e4\u00e4 ottaa yhteytt\u00e4 terveyskeskuksen p\u00e4ivystykseen tai h\u00e4t\u00e4tilanteessa soittaa h\u00e4t\u00e4numeroon.<\/li>\n<\/ul>\n<hr \/>\n<h2>5. Kun toivut, l\u00e4hde liikkeelle maltilla<\/h2>\n<p>T\u00e4ll\u00e4 hetkell\u00e4 kiert\u00e4vien koronavirusmuunnosten aiheuttama hengitystieinfektio paranee useimmiten alle viikon levolla, mutta toipuminen saattaa my\u00f6s pitkitty\u00e4. Aikaisemmin suositeltiin selv\u00e4\u00e4 rasitustaukoa liev\u00e4nkin koronataudin j\u00e4lkeen. Nykytiedon mukaan liev\u00e4n taudin j\u00e4lkeen liikkumaan voi palata samaan tapaan kuin tavallisten flunssien j\u00e4lkeen.<\/p>\n<p>Omaa vointia tulee kuunnella. Akuuttien oireiden (kuume, voipuneisuus, kurkkukipu, lihass\u00e4rky) aikana ei tule rasittaa itse\u00e4\u00e4n fyysisesti.<\/p>\n<p>Kun kuume on laskenut ja olo kohentunut, kannattaa liikkuminen aloittaa vaiheittain esimerkiksi arkiaskareilla tai kevyill\u00e4 ulkoiluilla l\u00e4hialueilla. Ensin kannattaa k\u00e4vell\u00e4 vain lyhyit\u00e4 matkoja ja toipumisen edetess\u00e4 lis\u00e4t\u00e4 ensin k\u00e4velykertoja ja sen j\u00e4lkeen vasta pident\u00e4\u00e4 k\u00e4velymatkaa ja lis\u00e4t\u00e4 vauhtia.<\/p>\n<p>Omien liikunnallisten harrastusten pariin voi palata aluksi kevennetysti sitten kun vointi arjen toimissa on hyv\u00e4. Jos vointi pysyy liikunnan aikana ja sen j\u00e4lkeen hyv\u00e4n\u00e4, voi kuormitusta lis\u00e4t\u00e4 muutaman p\u00e4iv\u00e4n v\u00e4lein. Jos taas vointisi uudelleen heikkenee tai et tunne oloasi palautuneeksi, kevenn\u00e4 kuormitusta.<\/p>\n<p>Kuten muihinkin virustauteihin, my\u00f6s koronavirusinfektioon on liittynyt jonkin verran syd\u00e4nlihastulehduksia. Siksi raskaampi, voimakkaasti heng\u00e4stytt\u00e4v\u00e4 liikunta pit\u00e4\u00e4 aloittaa maltillisesti ja vointia kuulostellen. Heti ei kannata l\u00e4hte\u00e4 juoksemaan entiseen tapaan.<\/p>\n<p>Kuntoilijat voivat soveltaa rasitustason lis\u00e4\u00e4miseen esimerkiksi\u00a0<strong><a href=\"https:\/\/terveurheilija.fi\/ajankohtaista\/paivitetty-suositus-paluu-urheiluun-covid-19-taudin-jalkeen\/\" target=\"_blank\" rel=\"noopener\">Terve urheilija-ohjelman p\u00e4ivitetty\u00e4 ohjeistusta &#8220;Paluu urheiluun hengitystieinfektion j\u00e4lkeen&#8221; t\u00e4st\u00e4 linkist\u00e4<\/a>.<\/strong><\/p>\n<h4><strong>Kysy terveydenhuollosta neuvoa jos:<\/strong><\/h4>\n<ul>\n<li>Oireet pitkittyv\u00e4t tai hankaloituvat<\/li>\n<li>Koet uutena oireena tai rasitusta lis\u00e4tt\u00e4ess\u00e4 ilmenee;\n<ul>\n<li>hengenahdistusta<\/li>\n<li>lepo- tai rasitusrintakipua<\/li>\n<li>syd\u00e4men rytmih\u00e4iri\u00f6it\u00e4<\/li>\n<li>py\u00f6rtymist\u00e4 tai sen tunnetta<\/li>\n<\/ul>\n<\/li>\n<\/ul>\n<h4><strong>Lis\u00e4tietoa<\/strong><\/h4>\n<p>Voit lukea aiheesta lis\u00e4\u00e4 Filhan verkkosivuilla <strong><a href=\"https:\/\/www.filha.fi\/turvallinen-paluu-liikkumaan-koronataudin-jalkeen\/\" target=\"_blank\" rel=\"noopener\">t\u00e4\u00e4ll\u00e4.<\/a><\/strong><\/p>\n<p>Hy\u00f6dynn\u00e4 my\u00f6s Koronasta kuntoon -hankkeessa tuotettuja sis\u00e4lt\u00f6j\u00e4: <a href=\"http:\/\/www.koronastakuntoon.fi\" target=\"_blank\" rel=\"noopener\"><strong>www.koronastakuntoon.fi<\/strong><\/a><\/p>\n","protected":false},"excerpt":{"rendered":"<p>Liev\u00e4 tauti Koronavirus aiheuttaa \u00e4killisen hengitystieinfektion, jonka oireita voivat olla esimerkiksi kuume, nuha, ysk\u00e4, hengenahdistus ja lihaskivut. Suurin osa koronavirukseen sairastuneista selvi\u00e4\u00e4 lievill\u00e4 oireilla ja sairastaa taudin kotona. Potilaita voi &#8230; <a title=\"Kotihoito-ohjeet\" class=\"read-more\" href=\"https:\/\/www.filha.fi\/en\/kotihoito-ohjeet\/\" aria-label=\"Read more about Kotihoito-ohjeet\">Read more<\/a><\/p>\n","protected":false},"author":17,"featured_media":0,"parent":0,"menu_order":0,"comment_status":"closed","ping_status":"closed","template":"","meta":{"_acf_changed":false,"footnotes":""},"categories":[94,85,72,75,74,47],"class_list":["post-12030","page","type-page","status-publish","category-covid-19","category-fincovid-19","category-hanna","category-koronavirus","category-miia","category-tuula"],"translation":{"provider":"WPGlobus","version":"3.0.2","language":"en","enabled_languages":["fi","en"],"languages":{"fi":{"title":true,"content":true,"excerpt":false},"en":{"title":false,"content":false,"excerpt":false}}},"acf":[],"yoast_head":"<!-- This site is optimized with the Yoast SEO plugin v27.4 - https:\/\/yoast.com\/product\/yoast-seo-wordpress\/ -->\n<title>Kotihoito-ohjeet - Filha<\/title>\n<meta name=\"robots\" content=\"index, follow, max-snippet:-1, max-image-preview:large, max-video-preview:-1\" \/>\n<link rel=\"canonical\" href=\"https:\/\/www.filha.fi\/kotihoito-ohjeet\/\" \/>\n<meta property=\"og:locale\" content=\"en_US\" \/>\n<meta property=\"og:type\" content=\"article\" \/>\n<meta property=\"og:title\" content=\"Kotihoito-ohjeet - Filha\" \/>\n<meta property=\"og:url\" content=\"https:\/\/www.filha.fi\/kotihoito-ohjeet\/\" \/>\n<meta property=\"og:site_name\" content=\"Filha\" \/>\n<meta property=\"article:modified_time\" content=\"2025-03-26T11:58:11+00:00\" \/>\n<meta property=\"og:image\" content=\"https:\/\/www.filha.fi\/wp-content\/uploads\/2019\/04\/Filha-logo.png\" \/>\n\t<meta property=\"og:image:width\" content=\"960\" \/>\n\t<meta property=\"og:image:height\" content=\"1230\" \/>\n\t<meta property=\"og:image:type\" content=\"image\/png\" \/>\n<meta name=\"twitter:card\" content=\"summary_large_image\" \/>\n<meta name=\"twitter:label1\" content=\"Est. reading time\" \/>\n\t<meta name=\"twitter:data1\" content=\"6 minutes\" \/>\n<script type=\"application\/ld+json\" class=\"yoast-schema-graph\">{\"@context\":\"https:\\\/\\\/schema.org\",\"@graph\":[{\"@type\":\"WebPage\",\"@id\":\"https:\\\/\\\/www.filha.fi\\\/kotihoito-ohjeet\\\/\",\"url\":\"https:\\\/\\\/www.filha.fi\\\/kotihoito-ohjeet\\\/\",\"name\":\"Kotihoito-ohjeet - Filha\",\"isPartOf\":{\"@id\":\"https:\\\/\\\/www.filha.fi\\\/#website\"},\"datePublished\":\"2022-02-23T08:23:48+00:00\",\"dateModified\":\"2025-03-26T11:58:11+00:00\",\"description\":\"Kotihoito-ohjeet koronaan. Suurin osa koronavirukseen sairastuneista selvi\u00e4\u00e4 lievill\u00e4 oireilla ja sairastaa taudin kotona.\",\"breadcrumb\":{\"@id\":\"https:\\\/\\\/www.filha.fi\\\/kotihoito-ohjeet\\\/#breadcrumb\"},\"inLanguage\":\"en-US\",\"potentialAction\":[{\"@type\":\"ReadAction\",\"target\":[\"https:\\\/\\\/www.filha.fi\\\/kotihoito-ohjeet\\\/\"]}]},{\"@type\":\"BreadcrumbList\",\"@id\":\"https:\\\/\\\/www.filha.fi\\\/kotihoito-ohjeet\\\/#breadcrumb\",\"itemListElement\":[{\"@type\":\"ListItem\",\"position\":1,\"name\":\"Home\",\"item\":\"https:\\\/\\\/www.filha.fi\\\/\"},{\"@type\":\"ListItem\",\"position\":2,\"name\":\"Kotihoito-ohjeet\"}]},{\"@type\":\"WebSite\",\"@id\":\"https:\\\/\\\/www.filha.fi\\\/#website\",\"url\":\"https:\\\/\\\/www.filha.fi\\\/\",\"name\":\"Filha\",\"description\":\"Expertise in lung health\",\"publisher\":{\"@id\":\"https:\\\/\\\/www.filha.fi\\\/#organization\"},\"potentialAction\":[{\"@type\":\"SearchAction\",\"target\":{\"@type\":\"EntryPoint\",\"urlTemplate\":\"https:\\\/\\\/www.filha.fi\\\/?s={search_term_string}\"},\"query-input\":{\"@type\":\"PropertyValueSpecification\",\"valueRequired\":true,\"valueName\":\"search_term_string\"}}],\"inLanguage\":\"en-US\"},{\"@type\":\"Organization\",\"@id\":\"https:\\\/\\\/www.filha.fi\\\/#organization\",\"name\":\"Filha ry\",\"url\":\"https:\\\/\\\/www.filha.fi\\\/\",\"logo\":{\"@type\":\"ImageObject\",\"inLanguage\":\"en-US\",\"@id\":\"https:\\\/\\\/www.filha.fi\\\/#\\\/schema\\\/logo\\\/image\\\/\",\"url\":\"https:\\\/\\\/www.filha.fi\\\/wp-content\\\/uploads\\\/2019\\\/04\\\/Filha-logo.png\",\"contentUrl\":\"https:\\\/\\\/www.filha.fi\\\/wp-content\\\/uploads\\\/2019\\\/04\\\/Filha-logo.png\",\"width\":960,\"height\":1230,\"caption\":\"Filha ry\"},\"image\":{\"@id\":\"https:\\\/\\\/www.filha.fi\\\/#\\\/schema\\\/logo\\\/image\\\/\"}}]}<\/script>\n<!-- \/ Yoast SEO plugin. -->","yoast_head_json":{"title":"Kotihoito-ohjeet - Filha","robots":{"index":"index","follow":"follow","max-snippet":"max-snippet:-1","max-image-preview":"max-image-preview:large","max-video-preview":"max-video-preview:-1"},"canonical":"https:\/\/www.filha.fi\/kotihoito-ohjeet\/","og_locale":"en_US","og_type":"article","og_title":"Kotihoito-ohjeet - Filha","og_url":"https:\/\/www.filha.fi\/kotihoito-ohjeet\/","og_site_name":"Filha","article_modified_time":"2025-03-26T11:58:11+00:00","og_image":[{"width":960,"height":1230,"url":"https:\/\/www.filha.fi\/wp-content\/uploads\/2019\/04\/Filha-logo.png","type":"image\/png"}],"twitter_card":"summary_large_image","twitter_misc":{"Est. reading time":"6 minutes"},"schema":{"@context":"https:\/\/schema.org","@graph":[{"@type":"WebPage","@id":"https:\/\/www.filha.fi\/kotihoito-ohjeet\/","url":"https:\/\/www.filha.fi\/kotihoito-ohjeet\/","name":"Kotihoito-ohjeet - Filha","isPartOf":{"@id":"https:\/\/www.filha.fi\/#website"},"datePublished":"2022-02-23T08:23:48+00:00","dateModified":"2025-03-26T11:58:11+00:00","description":"Kotihoito-ohjeet koronaan. Suurin osa koronavirukseen sairastuneista selvi\u00e4\u00e4 lievill\u00e4 oireilla ja sairastaa taudin kotona.","breadcrumb":{"@id":"https:\/\/www.filha.fi\/kotihoito-ohjeet\/#breadcrumb"},"inLanguage":"en-US","potentialAction":[{"@type":"ReadAction","target":["https:\/\/www.filha.fi\/kotihoito-ohjeet\/"]}]},{"@type":"BreadcrumbList","@id":"https:\/\/www.filha.fi\/kotihoito-ohjeet\/#breadcrumb","itemListElement":[{"@type":"ListItem","position":1,"name":"Home","item":"https:\/\/www.filha.fi\/"},{"@type":"ListItem","position":2,"name":"Kotihoito-ohjeet"}]},{"@type":"WebSite","@id":"https:\/\/www.filha.fi\/#website","url":"https:\/\/www.filha.fi\/","name":"Filha","description":"Expertise in lung health","publisher":{"@id":"https:\/\/www.filha.fi\/#organization"},"potentialAction":[{"@type":"SearchAction","target":{"@type":"EntryPoint","urlTemplate":"https:\/\/www.filha.fi\/?s={search_term_string}"},"query-input":{"@type":"PropertyValueSpecification","valueRequired":true,"valueName":"search_term_string"}}],"inLanguage":"en-US"},{"@type":"Organization","@id":"https:\/\/www.filha.fi\/#organization","name":"Filha ry","url":"https:\/\/www.filha.fi\/","logo":{"@type":"ImageObject","inLanguage":"en-US","@id":"https:\/\/www.filha.fi\/#\/schema\/logo\/image\/","url":"https:\/\/www.filha.fi\/wp-content\/uploads\/2019\/04\/Filha-logo.png","contentUrl":"https:\/\/www.filha.fi\/wp-content\/uploads\/2019\/04\/Filha-logo.png","width":960,"height":1230,"caption":"Filha ry"},"image":{"@id":"https:\/\/www.filha.fi\/#\/schema\/logo\/image\/"}}]}},"_links":{"self":[{"href":"https:\/\/www.filha.fi\/en\/wp-json\/wp\/v2\/pages\/12030","targetHints":{"allow":["GET"]}}],"collection":[{"href":"https:\/\/www.filha.fi\/en\/wp-json\/wp\/v2\/pages"}],"about":[{"href":"https:\/\/www.filha.fi\/en\/wp-json\/wp\/v2\/types\/page"}],"author":[{"embeddable":true,"href":"https:\/\/www.filha.fi\/en\/wp-json\/wp\/v2\/users\/17"}],"replies":[{"embeddable":true,"href":"https:\/\/www.filha.fi\/en\/wp-json\/wp\/v2\/comments?post=12030"}],"version-history":[{"count":0,"href":"https:\/\/www.filha.fi\/en\/wp-json\/wp\/v2\/pages\/12030\/revisions"}],"wp:attachment":[{"href":"https:\/\/www.filha.fi\/en\/wp-json\/wp\/v2\/media?parent=12030"}],"wp:term":[{"taxonomy":"category","embeddable":true,"href":"https:\/\/www.filha.fi\/en\/wp-json\/wp\/v2\/categories?post=12030"}],"curies":[{"name":"wp","href":"https:\/\/api.w.org\/{rel}","templated":true}]}}