{"id":122,"date":"2015-09-09T10:16:40","date_gmt":"2015-09-09T10:16:40","guid":{"rendered":"http:\/\/www.filha.fi\/content_page\/allergiat-ja-astma\/"},"modified":"2021-04-06T15:20:39","modified_gmt":"2021-04-06T12:20:39","slug":"allergia","status":"publish","type":"page","link":"https:\/\/www.filha.fi\/en\/allergia\/","title":{"rendered":"Allergia"},"content":{"rendered":"<h3><img decoding=\"async\" class=\" wp-image-1130 alignright\" src=\"http:\/\/www.filha.fi\/wp-content\/uploads\/2019\/04\/AO-logo-painokelpoinen-258x300.jpg\" alt=\"Allergiaohjelman logo\" width=\"131\" height=\"152\" srcset=\"https:\/\/www.filha.fi\/wp-content\/uploads\/2019\/04\/AO-logo-painokelpoinen-258x300.jpg 258w, https:\/\/www.filha.fi\/wp-content\/uploads\/2019\/04\/AO-logo-painokelpoinen.jpg 719w\" sizes=\"(max-width: 131px) 100vw, 131px\" \/><\/h3>\n<p><a href=\"https:\/\/www.filha.fi\/hankkeet\/kansallinen-allergiaohjelma\/\">Kansallinen allergiaohjelma 2008 \u2013 2018<\/a> muutti asennoitumisen allergian hoitoon ja ennaltaehk\u00e4isyyn. Totaaliv\u00e4ltt\u00e4misest\u00e4 siirryttiin sietokyvyn lis\u00e4\u00e4miseen. Sietokyky\u00e4 allergeeneja kohtaan voi lis\u00e4t\u00e4 sied\u00e4tyshoidolla.<\/p>\n<h2>Ohjeita ja suosituksia<\/h2>\n<p><a href=\"https:\/\/www.filha.fi\/wp-content\/uploads\/2019\/05\/allergia_hallintaan_astma.pdf\">Ohjeet l\u00e4\u00e4k\u00e4rille\/hoitajalle allergisen sairauden hoitotasapainon kartoittamiseen<\/a><br \/>\nAstma, lasten astma, nuha, konjunktiviteetti, atooppinen iho, nokkosihottuma, ruoka-allergia, anafylaksia<\/p>\n<p><a href=\"https:\/\/www.filha.fi\/wp-content\/uploads\/2019\/05\/Sied\u00e4tyshoitopotilaan-valinta-ohje-perusterveydenhuoltoon.pptx\">Sied\u00e4tyshoitopotilaan valinta<\/a> Ohje perusterveydenhuoltoon<\/p>\n<p>Milloin k\u00e4yt\u00e4n allergiadiagnostiikassa allergeenikomponentti-IgE-tutkimuksia? \u00a0Opas allergiaan perehtyneille perusterveydenhuollon l\u00e4\u00e4k\u00e4reille<\/p>\n<p><a href=\"https:\/\/www.kaypahoito.fi\/hoi14010\">Sied\u00e4tyshoito: K\u00e4yp\u00e4 hoito -suositus<\/a>, 2019<\/p>\n<p><a href=\"https:\/\/www.kaypahoito.fi\/hoi50026\">Ruoka-allergia (lapset): K\u00e4yp\u00e4 hoito -suositus<\/a>, 2019<\/p>\n<h2>Aineistoja allergiasta<\/h2>\n<p><a href=\"https:\/\/www.filha.fi\/allergia\/allergiaohjelman-materiaaleja\/\">Allergiaohjelman materiaaleja<\/a><\/p>\n<p><a href=\"https:\/\/www.filha.fi\/allergia\/allergiaruokavalio-ohjeet-ja-kaavakkeet-terveydenhuollolle\/\">Allergiaruokavalio-ohjeet ja kaavakkeet terveydenhuollolle<\/a><\/p>\n<p><a href=\"https:\/\/www.filha.fi\/allergia\/videot\/\">Videoita adrenaliini-injektorin k\u00e4yt\u00f6st\u00e4<\/a><\/p>\n<h2>Allergiakoulutusta terveydenhuollon henkil\u00f6st\u00f6lle<\/h2>\n<p>Filha kouluttaa terveydenhuollon ammattilaisia allergia-aiheista. \u00a0Tutustu <a href=\"https:\/\/www.filha.fi\/tapahtumat\/\">koulutuskalenteriimme<\/a>.<\/p>\n<p><a href=\"https:\/\/ammattilaiset.filha.fi\/\">Videokirjastosta<\/a> saat nopeaa t\u00e4sm\u00e4koulutusta eli lyhyit\u00e4 videoluentoja allergioista ja keuhkosairauksista. Videokirjasto vaatii tunnistautumisen.<\/p>\n<p>Ota yhteytt\u00e4 ja suunnitellaan yhdess\u00e4 teille sopiva koulutus!<\/p>\n<p>Yhteyshenkil\u00f6:<br \/>\nKrista Abdulla Hama Salih<br \/>\n+358445442209<br \/>\n<a href=\"mailto:krista.abdullahamasalih@filha.fi\">krista.abdullahamasalih@filha.fi<\/a><\/p>\n<p><!--Ik\u00e4\u00e4ntyneiden astmaan liittyvi\u00e4 materiaaleja l\u00f6yd\u00e4t <a href=\"http:\/\/www.filha.fi\/hankkeet\/toimivat-palkeet\/\" target=\"_blank\" rel=\"noopener noreferrer\">n\u00e4ilt\u00e4 sivuilta<\/a>.--><\/p>\n","protected":false},"excerpt":{"rendered":"<p>Kansallinen allergiaohjelma 2008 \u2013 2018 muutti asennoitumisen allergian hoitoon ja ennaltaehk\u00e4isyyn. Totaaliv\u00e4ltt\u00e4misest\u00e4 siirryttiin sietokyvyn lis\u00e4\u00e4miseen. Sietokyky\u00e4 allergeeneja kohtaan voi lis\u00e4t\u00e4 sied\u00e4tyshoidolla. Ohjeita ja suosituksia Ohjeet l\u00e4\u00e4k\u00e4rille\/hoitajalle allergisen sairauden hoitotasapainon kartoittamiseen &#8230; <a title=\"Allergia\" class=\"read-more\" href=\"https:\/\/www.filha.fi\/en\/allergia\/\" aria-label=\"Read more about Allergia\">Read more<\/a><\/p>\n","protected":false},"author":4,"featured_media":0,"parent":0,"menu_order":0,"comment_status":"closed","ping_status":"closed","template":"","meta":{"_acf_changed":false,"footnotes":""},"categories":[6,36],"class_list":["post-122","page","type-page","status-publish","category-allergiaohjelma","category-krista"],"translation":{"provider":"WPGlobus","version":"3.0.2","language":"en","enabled_languages":["fi","en"],"languages":{"fi":{"title":true,"content":true,"excerpt":false},"en":{"title":false,"content":false,"excerpt":false}}},"acf":[],"yoast_head":"<!-- This site is optimized with the Yoast SEO plugin v27.4 - https:\/\/yoast.com\/product\/yoast-seo-wordpress\/ -->\n<title>Allergia - Filha<\/title>\n<meta name=\"robots\" content=\"index, follow, max-snippet:-1, max-image-preview:large, max-video-preview:-1\" \/>\n<link rel=\"canonical\" href=\"https:\/\/www.filha.fi\/allergia\/\" \/>\n<meta property=\"og:locale\" content=\"en_US\" \/>\n<meta property=\"og:type\" content=\"article\" \/>\n<meta property=\"og:title\" content=\"Allergia - Filha\" \/>\n<meta property=\"og:url\" content=\"https:\/\/www.filha.fi\/allergia\/\" \/>\n<meta property=\"og:site_name\" content=\"Filha\" \/>\n<meta property=\"article:modified_time\" content=\"2021-04-06T12:20:39+00:00\" \/>\n<meta property=\"og:image\" content=\"http:\/\/www.filha.fi\/wp-content\/uploads\/2019\/04\/AO-logo-painokelpoinen-258x300.jpg\" \/>\n<meta name=\"twitter:card\" content=\"summary_large_image\" \/>\n<meta name=\"twitter:label1\" content=\"Est. reading time\" \/>\n\t<meta name=\"twitter:data1\" content=\"1 minute\" \/>\n<script type=\"application\/ld+json\" class=\"yoast-schema-graph\">{\"@context\":\"https:\\\/\\\/schema.org\",\"@graph\":[{\"@type\":\"WebPage\",\"@id\":\"https:\\\/\\\/www.filha.fi\\\/allergia\\\/\",\"url\":\"https:\\\/\\\/www.filha.fi\\\/allergia\\\/\",\"name\":\"Allergia - Filha\",\"isPartOf\":{\"@id\":\"https:\\\/\\\/www.filha.fi\\\/#website\"},\"primaryImageOfPage\":{\"@id\":\"https:\\\/\\\/www.filha.fi\\\/allergia\\\/#primaryimage\"},\"image\":{\"@id\":\"https:\\\/\\\/www.filha.fi\\\/allergia\\\/#primaryimage\"},\"thumbnailUrl\":\"http:\\\/\\\/www.filha.fi\\\/wp-content\\\/uploads\\\/2019\\\/04\\\/AO-logo-painokelpoinen-258x300.jpg\",\"datePublished\":\"2015-09-09T10:16:40+00:00\",\"dateModified\":\"2021-04-06T12:20:39+00:00\",\"breadcrumb\":{\"@id\":\"https:\\\/\\\/www.filha.fi\\\/allergia\\\/#breadcrumb\"},\"inLanguage\":\"en-US\",\"potentialAction\":[{\"@type\":\"ReadAction\",\"target\":[\"https:\\\/\\\/www.filha.fi\\\/allergia\\\/\"]}]},{\"@type\":\"ImageObject\",\"inLanguage\":\"en-US\",\"@id\":\"https:\\\/\\\/www.filha.fi\\\/allergia\\\/#primaryimage\",\"url\":\"http:\\\/\\\/www.filha.fi\\\/wp-content\\\/uploads\\\/2019\\\/04\\\/AO-logo-painokelpoinen-258x300.jpg\",\"contentUrl\":\"http:\\\/\\\/www.filha.fi\\\/wp-content\\\/uploads\\\/2019\\\/04\\\/AO-logo-painokelpoinen-258x300.jpg\"},{\"@type\":\"BreadcrumbList\",\"@id\":\"https:\\\/\\\/www.filha.fi\\\/allergia\\\/#breadcrumb\",\"itemListElement\":[{\"@type\":\"ListItem\",\"position\":1,\"name\":\"Home\",\"item\":\"https:\\\/\\\/www.filha.fi\\\/\"},{\"@type\":\"ListItem\",\"position\":2,\"name\":\"Allergia\"}]},{\"@type\":\"WebSite\",\"@id\":\"https:\\\/\\\/www.filha.fi\\\/#website\",\"url\":\"https:\\\/\\\/www.filha.fi\\\/\",\"name\":\"Filha\",\"description\":\"Expertise in lung health\",\"publisher\":{\"@id\":\"https:\\\/\\\/www.filha.fi\\\/#organization\"},\"potentialAction\":[{\"@type\":\"SearchAction\",\"target\":{\"@type\":\"EntryPoint\",\"urlTemplate\":\"https:\\\/\\\/www.filha.fi\\\/?s={search_term_string}\"},\"query-input\":{\"@type\":\"PropertyValueSpecification\",\"valueRequired\":true,\"valueName\":\"search_term_string\"}}],\"inLanguage\":\"en-US\"},{\"@type\":\"Organization\",\"@id\":\"https:\\\/\\\/www.filha.fi\\\/#organization\",\"name\":\"Filha ry\",\"url\":\"https:\\\/\\\/www.filha.fi\\\/\",\"logo\":{\"@type\":\"ImageObject\",\"inLanguage\":\"en-US\",\"@id\":\"https:\\\/\\\/www.filha.fi\\\/#\\\/schema\\\/logo\\\/image\\\/\",\"url\":\"https:\\\/\\\/www.filha.fi\\\/wp-content\\\/uploads\\\/2019\\\/04\\\/Filha-logo.png\",\"contentUrl\":\"https:\\\/\\\/www.filha.fi\\\/wp-content\\\/uploads\\\/2019\\\/04\\\/Filha-logo.png\",\"width\":960,\"height\":1230,\"caption\":\"Filha ry\"},\"image\":{\"@id\":\"https:\\\/\\\/www.filha.fi\\\/#\\\/schema\\\/logo\\\/image\\\/\"}}]}<\/script>\n<!-- \/ Yoast SEO plugin. -->","yoast_head_json":{"title":"Allergia - Filha","robots":{"index":"index","follow":"follow","max-snippet":"max-snippet:-1","max-image-preview":"max-image-preview:large","max-video-preview":"max-video-preview:-1"},"canonical":"https:\/\/www.filha.fi\/allergia\/","og_locale":"en_US","og_type":"article","og_title":"Allergia - Filha","og_url":"https:\/\/www.filha.fi\/allergia\/","og_site_name":"Filha","article_modified_time":"2021-04-06T12:20:39+00:00","og_image":[{"url":"http:\/\/www.filha.fi\/wp-content\/uploads\/2019\/04\/AO-logo-painokelpoinen-258x300.jpg","type":"","width":"","height":""}],"twitter_card":"summary_large_image","twitter_misc":{"Est. reading time":"1 minute"},"schema":{"@context":"https:\/\/schema.org","@graph":[{"@type":"WebPage","@id":"https:\/\/www.filha.fi\/allergia\/","url":"https:\/\/www.filha.fi\/allergia\/","name":"Allergia - Filha","isPartOf":{"@id":"https:\/\/www.filha.fi\/#website"},"primaryImageOfPage":{"@id":"https:\/\/www.filha.fi\/allergia\/#primaryimage"},"image":{"@id":"https:\/\/www.filha.fi\/allergia\/#primaryimage"},"thumbnailUrl":"http:\/\/www.filha.fi\/wp-content\/uploads\/2019\/04\/AO-logo-painokelpoinen-258x300.jpg","datePublished":"2015-09-09T10:16:40+00:00","dateModified":"2021-04-06T12:20:39+00:00","breadcrumb":{"@id":"https:\/\/www.filha.fi\/allergia\/#breadcrumb"},"inLanguage":"en-US","potentialAction":[{"@type":"ReadAction","target":["https:\/\/www.filha.fi\/allergia\/"]}]},{"@type":"ImageObject","inLanguage":"en-US","@id":"https:\/\/www.filha.fi\/allergia\/#primaryimage","url":"http:\/\/www.filha.fi\/wp-content\/uploads\/2019\/04\/AO-logo-painokelpoinen-258x300.jpg","contentUrl":"http:\/\/www.filha.fi\/wp-content\/uploads\/2019\/04\/AO-logo-painokelpoinen-258x300.jpg"},{"@type":"BreadcrumbList","@id":"https:\/\/www.filha.fi\/allergia\/#breadcrumb","itemListElement":[{"@type":"ListItem","position":1,"name":"Home","item":"https:\/\/www.filha.fi\/"},{"@type":"ListItem","position":2,"name":"Allergia"}]},{"@type":"WebSite","@id":"https:\/\/www.filha.fi\/#website","url":"https:\/\/www.filha.fi\/","name":"Filha","description":"Expertise in lung health","publisher":{"@id":"https:\/\/www.filha.fi\/#organization"},"potentialAction":[{"@type":"SearchAction","target":{"@type":"EntryPoint","urlTemplate":"https:\/\/www.filha.fi\/?s={search_term_string}"},"query-input":{"@type":"PropertyValueSpecification","valueRequired":true,"valueName":"search_term_string"}}],"inLanguage":"en-US"},{"@type":"Organization","@id":"https:\/\/www.filha.fi\/#organization","name":"Filha ry","url":"https:\/\/www.filha.fi\/","logo":{"@type":"ImageObject","inLanguage":"en-US","@id":"https:\/\/www.filha.fi\/#\/schema\/logo\/image\/","url":"https:\/\/www.filha.fi\/wp-content\/uploads\/2019\/04\/Filha-logo.png","contentUrl":"https:\/\/www.filha.fi\/wp-content\/uploads\/2019\/04\/Filha-logo.png","width":960,"height":1230,"caption":"Filha ry"},"image":{"@id":"https:\/\/www.filha.fi\/#\/schema\/logo\/image\/"}}]}},"_links":{"self":[{"href":"https:\/\/www.filha.fi\/en\/wp-json\/wp\/v2\/pages\/122","targetHints":{"allow":["GET"]}}],"collection":[{"href":"https:\/\/www.filha.fi\/en\/wp-json\/wp\/v2\/pages"}],"about":[{"href":"https:\/\/www.filha.fi\/en\/wp-json\/wp\/v2\/types\/page"}],"author":[{"embeddable":true,"href":"https:\/\/www.filha.fi\/en\/wp-json\/wp\/v2\/users\/4"}],"replies":[{"embeddable":true,"href":"https:\/\/www.filha.fi\/en\/wp-json\/wp\/v2\/comments?post=122"}],"version-history":[{"count":0,"href":"https:\/\/www.filha.fi\/en\/wp-json\/wp\/v2\/pages\/122\/revisions"}],"wp:attachment":[{"href":"https:\/\/www.filha.fi\/en\/wp-json\/wp\/v2\/media?parent=122"}],"wp:term":[{"taxonomy":"category","embeddable":true,"href":"https:\/\/www.filha.fi\/en\/wp-json\/wp\/v2\/categories?post=122"}],"curies":[{"name":"wp","href":"https:\/\/api.w.org\/{rel}","templated":true}]}}