{"id":12315,"date":"2022-03-29T17:55:14","date_gmt":"2022-03-29T14:55:14","guid":{"rendered":"https:\/\/www.filha.fi\/?page_id=12315"},"modified":"2024-05-17T14:29:27","modified_gmt":"2024-05-17T11:29:27","slug":"tuberkuloosin-videotuettu-laakehoito-vot","status":"publish","type":"page","link":"https:\/\/www.filha.fi\/en\/tuberkuloosin-videotuettu-laakehoito-vot\/","title":{"rendered":"Tuberkuloosin videotuettu l\u00e4\u00e4kehoito (VST)"},"content":{"rendered":"<p><a href=\"https:\/\/www.julkari.fi\/handle\/10024\/139887\" target=\"_blank\" rel=\"noopener\">Valtakunnallinen tuberkuloosiohjelma<\/a> (TBO 2020) suosittelee videovalvottua l\u00e4\u00e4kehoitoa siihen soveltuville potilaille. VST (Video Supported Treatment) lis\u00e4\u00e4 hoidon joustavuutta ja potilaan yksityisyytt\u00e4. Se mahdollistaa potilaan oleskelun ja matkustamisen kotipaikkakunnan ulkopuolella l\u00e4\u00e4kehoidon aikana. Pilvitallennuksen avulla l\u00e4\u00e4kehoitoa seuraavalla hoitajalla on itsell\u00e4\u00e4n hallinta ty\u00f6ajan k\u00e4yt\u00f6st\u00e4. VST voi my\u00f6s v\u00e4hent\u00e4\u00e4 terveydenhuollon kustannuksia.<\/p>\n<p><strong>Vuonna 2021 Filha toteutti STM:n hanketuella erva-alueiden webinaarikoulutukset<\/strong>, joiden tavoitteena oli edesauttaa videovalvotun l\u00e4\u00e4kehoidon k\u00e4ytt\u00f6\u00f6nottoa sairaanhoitopiireiss\u00e4. Sosiaali- ja terveysministeri\u00f6 on osallistunut koulutuskierroksen rahoittamiseen tartuntatautien valvonnan m\u00e4\u00e4r\u00e4rahasta.<\/p>\n<p>Ohessa on koulutusten esitysmateriaalia sek\u00e4 UKK kooste, josta saa muun muassa tietoa VOT:iin liittyvist\u00e4 teknisist\u00e4 asioista ja vinkkej\u00e4 videovalvotun hoidon arkeen.<\/p>\n<p><strong>Esitykset pdf-muodossa<\/strong><\/p>\n<p><a href=\"https:\/\/www.filha.fi\/wp-content\/uploads\/2024\/05\/HELANDER-Tuberkuloosipotilaiden-videovalvottu-hoito-\u2013-miten-toteutetaan.pdf\" target=\"_blank\" rel=\"noopener\">HELANDER Tuberkuloosipotilaiden videovalvottu hoito \u2013 miten toteutetaan<\/a><\/p>\n<p><a href=\"https:\/\/www.filha.fi\/wp-content\/uploads\/2024\/05\/RAJALAHTI-VOT-toimii_231121.pdf\" target=\"_blank\" rel=\"noopener\">RAJALAHTI VOT toimii<\/a><\/p>\n<p><a href=\"https:\/\/www.filha.fi\/wp-content\/uploads\/2024\/05\/LAITALA-Vinkkeja-kaytannon-VOT-hoitoon.pdf\" target=\"_blank\" rel=\"noopener\">LAITALA Vinkkej\u00e4 k\u00e4yt\u00e4nn\u00f6n VOT hoitoon<\/a><\/p>\n<p><a href=\"https:\/\/www.filha.fi\/wp-content\/uploads\/2024\/05\/VEISSI-VOT-webinaari.pdf\" target=\"_blank\" rel=\"noopener\">VEISSI Vinkkej\u00e4 k\u00e4yt\u00e4nn\u00f6n VOT hoitoon<\/a><\/p>\n<p><strong>Kysymyksi\u00e4 ja vastauksia webinaarikierrokselta<\/strong><\/p>\n<p><a href=\"https:\/\/www.filha.fi\/wp-content\/uploads\/2022\/03\/VOT-webinaarit-UKK.pdf\" target=\"_blank\" rel=\"noopener\">VOT webinaarit 2021 UKK<\/a><\/p>\n<p>&nbsp;<\/p>\n","protected":false},"excerpt":{"rendered":"<p>Valtakunnallinen tuberkuloosiohjelma (TBO 2020) suosittelee videovalvottua l\u00e4\u00e4kehoitoa siihen soveltuville potilaille. VST (Video Supported Treatment) lis\u00e4\u00e4 hoidon joustavuutta ja potilaan yksityisyytt\u00e4. Se mahdollistaa potilaan oleskelun ja matkustamisen kotipaikkakunnan ulkopuolella l\u00e4\u00e4kehoidon aikana. &#8230; <a title=\"Tuberkuloosin videotuettu l\u00e4\u00e4kehoito (VST)\" class=\"read-more\" href=\"https:\/\/www.filha.fi\/en\/tuberkuloosin-videotuettu-laakehoito-vot\/\" aria-label=\"Read more about Tuberkuloosin videotuettu l\u00e4\u00e4kehoito (VST)\">Read more<\/a><\/p>\n","protected":false},"author":4,"featured_media":0,"parent":0,"menu_order":0,"comment_status":"closed","ping_status":"closed","template":"","meta":{"_acf_changed":false,"footnotes":""},"categories":[84,3,47],"class_list":["post-12315","page","type-page","status-publish","category-marianne","category-tuberkuloosi","category-tuula"],"translation":{"provider":"WPGlobus","version":"3.0.2","language":"en","enabled_languages":["fi","en"],"languages":{"fi":{"title":true,"content":true,"excerpt":false},"en":{"title":false,"content":false,"excerpt":false}}},"acf":[],"yoast_head":"<!-- This site is optimized with the Yoast SEO plugin v27.5 - https:\/\/yoast.com\/product\/yoast-seo-wordpress\/ -->\n<title>Tuberkuloosin videotuettu l\u00e4\u00e4kehoito (VST) - Filha<\/title>\n<meta name=\"robots\" content=\"index, follow, max-snippet:-1, max-image-preview:large, max-video-preview:-1\" \/>\n<link rel=\"canonical\" href=\"https:\/\/www.filha.fi\/tuberkuloosin-videotuettu-laakehoito-vot\/\" \/>\n<meta property=\"og:locale\" content=\"en_US\" \/>\n<meta property=\"og:type\" content=\"article\" \/>\n<meta property=\"og:title\" content=\"Tuberkuloosin videotuettu l\u00e4\u00e4kehoito (VST) - Filha\" \/>\n<meta property=\"og:url\" content=\"https:\/\/www.filha.fi\/tuberkuloosin-videotuettu-laakehoito-vot\/\" \/>\n<meta property=\"og:site_name\" content=\"Filha\" \/>\n<meta property=\"article:modified_time\" content=\"2024-05-17T11:29:27+00:00\" \/>\n<meta property=\"og:image\" content=\"https:\/\/www.filha.fi\/wp-content\/uploads\/2019\/04\/Filha-logo.png\" \/>\n\t<meta property=\"og:image:width\" content=\"960\" \/>\n\t<meta property=\"og:image:height\" content=\"1230\" \/>\n\t<meta property=\"og:image:type\" content=\"image\/png\" \/>\n<meta name=\"twitter:card\" content=\"summary_large_image\" \/>\n<meta name=\"twitter:label1\" content=\"Est. reading time\" \/>\n\t<meta name=\"twitter:data1\" content=\"1 minute\" \/>\n<script type=\"application\/ld+json\" class=\"yoast-schema-graph\">{\"@context\":\"https:\\\/\\\/schema.org\",\"@graph\":[{\"@type\":\"WebPage\",\"@id\":\"https:\\\/\\\/www.filha.fi\\\/tuberkuloosin-videotuettu-laakehoito-vot\\\/\",\"url\":\"https:\\\/\\\/www.filha.fi\\\/tuberkuloosin-videotuettu-laakehoito-vot\\\/\",\"name\":\"Tuberkuloosin videotuettu l\u00e4\u00e4kehoito (VST) - Filha\",\"isPartOf\":{\"@id\":\"https:\\\/\\\/www.filha.fi\\\/#website\"},\"datePublished\":\"2022-03-29T14:55:14+00:00\",\"dateModified\":\"2024-05-17T11:29:27+00:00\",\"breadcrumb\":{\"@id\":\"https:\\\/\\\/www.filha.fi\\\/tuberkuloosin-videotuettu-laakehoito-vot\\\/#breadcrumb\"},\"inLanguage\":\"en-US\",\"potentialAction\":[{\"@type\":\"ReadAction\",\"target\":[\"https:\\\/\\\/www.filha.fi\\\/tuberkuloosin-videotuettu-laakehoito-vot\\\/\"]}]},{\"@type\":\"BreadcrumbList\",\"@id\":\"https:\\\/\\\/www.filha.fi\\\/tuberkuloosin-videotuettu-laakehoito-vot\\\/#breadcrumb\",\"itemListElement\":[{\"@type\":\"ListItem\",\"position\":1,\"name\":\"Home\",\"item\":\"https:\\\/\\\/www.filha.fi\\\/\"},{\"@type\":\"ListItem\",\"position\":2,\"name\":\"Tuberkuloosin videotuettu l\u00e4\u00e4kehoito (VST)\"}]},{\"@type\":\"WebSite\",\"@id\":\"https:\\\/\\\/www.filha.fi\\\/#website\",\"url\":\"https:\\\/\\\/www.filha.fi\\\/\",\"name\":\"Filha\",\"description\":\"Expertise in lung health\",\"publisher\":{\"@id\":\"https:\\\/\\\/www.filha.fi\\\/#organization\"},\"potentialAction\":[{\"@type\":\"SearchAction\",\"target\":{\"@type\":\"EntryPoint\",\"urlTemplate\":\"https:\\\/\\\/www.filha.fi\\\/?s={search_term_string}\"},\"query-input\":{\"@type\":\"PropertyValueSpecification\",\"valueRequired\":true,\"valueName\":\"search_term_string\"}}],\"inLanguage\":\"en-US\"},{\"@type\":\"Organization\",\"@id\":\"https:\\\/\\\/www.filha.fi\\\/#organization\",\"name\":\"Filha ry\",\"url\":\"https:\\\/\\\/www.filha.fi\\\/\",\"logo\":{\"@type\":\"ImageObject\",\"inLanguage\":\"en-US\",\"@id\":\"https:\\\/\\\/www.filha.fi\\\/#\\\/schema\\\/logo\\\/image\\\/\",\"url\":\"https:\\\/\\\/www.filha.fi\\\/wp-content\\\/uploads\\\/2019\\\/04\\\/Filha-logo.png\",\"contentUrl\":\"https:\\\/\\\/www.filha.fi\\\/wp-content\\\/uploads\\\/2019\\\/04\\\/Filha-logo.png\",\"width\":960,\"height\":1230,\"caption\":\"Filha ry\"},\"image\":{\"@id\":\"https:\\\/\\\/www.filha.fi\\\/#\\\/schema\\\/logo\\\/image\\\/\"}}]}<\/script>\n<!-- \/ Yoast SEO plugin. -->","yoast_head_json":{"title":"Tuberkuloosin videotuettu l\u00e4\u00e4kehoito (VST) - Filha","robots":{"index":"index","follow":"follow","max-snippet":"max-snippet:-1","max-image-preview":"max-image-preview:large","max-video-preview":"max-video-preview:-1"},"canonical":"https:\/\/www.filha.fi\/tuberkuloosin-videotuettu-laakehoito-vot\/","og_locale":"en_US","og_type":"article","og_title":"Tuberkuloosin videotuettu l\u00e4\u00e4kehoito (VST) - Filha","og_url":"https:\/\/www.filha.fi\/tuberkuloosin-videotuettu-laakehoito-vot\/","og_site_name":"Filha","article_modified_time":"2024-05-17T11:29:27+00:00","og_image":[{"width":960,"height":1230,"url":"https:\/\/www.filha.fi\/wp-content\/uploads\/2019\/04\/Filha-logo.png","type":"image\/png"}],"twitter_card":"summary_large_image","twitter_misc":{"Est. reading time":"1 minute"},"schema":{"@context":"https:\/\/schema.org","@graph":[{"@type":"WebPage","@id":"https:\/\/www.filha.fi\/tuberkuloosin-videotuettu-laakehoito-vot\/","url":"https:\/\/www.filha.fi\/tuberkuloosin-videotuettu-laakehoito-vot\/","name":"Tuberkuloosin videotuettu l\u00e4\u00e4kehoito (VST) - Filha","isPartOf":{"@id":"https:\/\/www.filha.fi\/#website"},"datePublished":"2022-03-29T14:55:14+00:00","dateModified":"2024-05-17T11:29:27+00:00","breadcrumb":{"@id":"https:\/\/www.filha.fi\/tuberkuloosin-videotuettu-laakehoito-vot\/#breadcrumb"},"inLanguage":"en-US","potentialAction":[{"@type":"ReadAction","target":["https:\/\/www.filha.fi\/tuberkuloosin-videotuettu-laakehoito-vot\/"]}]},{"@type":"BreadcrumbList","@id":"https:\/\/www.filha.fi\/tuberkuloosin-videotuettu-laakehoito-vot\/#breadcrumb","itemListElement":[{"@type":"ListItem","position":1,"name":"Home","item":"https:\/\/www.filha.fi\/"},{"@type":"ListItem","position":2,"name":"Tuberkuloosin videotuettu l\u00e4\u00e4kehoito (VST)"}]},{"@type":"WebSite","@id":"https:\/\/www.filha.fi\/#website","url":"https:\/\/www.filha.fi\/","name":"Filha","description":"Expertise in lung health","publisher":{"@id":"https:\/\/www.filha.fi\/#organization"},"potentialAction":[{"@type":"SearchAction","target":{"@type":"EntryPoint","urlTemplate":"https:\/\/www.filha.fi\/?s={search_term_string}"},"query-input":{"@type":"PropertyValueSpecification","valueRequired":true,"valueName":"search_term_string"}}],"inLanguage":"en-US"},{"@type":"Organization","@id":"https:\/\/www.filha.fi\/#organization","name":"Filha ry","url":"https:\/\/www.filha.fi\/","logo":{"@type":"ImageObject","inLanguage":"en-US","@id":"https:\/\/www.filha.fi\/#\/schema\/logo\/image\/","url":"https:\/\/www.filha.fi\/wp-content\/uploads\/2019\/04\/Filha-logo.png","contentUrl":"https:\/\/www.filha.fi\/wp-content\/uploads\/2019\/04\/Filha-logo.png","width":960,"height":1230,"caption":"Filha ry"},"image":{"@id":"https:\/\/www.filha.fi\/#\/schema\/logo\/image\/"}}]}},"_links":{"self":[{"href":"https:\/\/www.filha.fi\/en\/wp-json\/wp\/v2\/pages\/12315","targetHints":{"allow":["GET"]}}],"collection":[{"href":"https:\/\/www.filha.fi\/en\/wp-json\/wp\/v2\/pages"}],"about":[{"href":"https:\/\/www.filha.fi\/en\/wp-json\/wp\/v2\/types\/page"}],"author":[{"embeddable":true,"href":"https:\/\/www.filha.fi\/en\/wp-json\/wp\/v2\/users\/4"}],"replies":[{"embeddable":true,"href":"https:\/\/www.filha.fi\/en\/wp-json\/wp\/v2\/comments?post=12315"}],"version-history":[{"count":0,"href":"https:\/\/www.filha.fi\/en\/wp-json\/wp\/v2\/pages\/12315\/revisions"}],"wp:attachment":[{"href":"https:\/\/www.filha.fi\/en\/wp-json\/wp\/v2\/media?parent=12315"}],"wp:term":[{"taxonomy":"category","embeddable":true,"href":"https:\/\/www.filha.fi\/en\/wp-json\/wp\/v2\/categories?post=12315"}],"curies":[{"name":"wp","href":"https:\/\/api.w.org\/{rel}","templated":true}]}}