{"id":124,"date":"2015-09-09T10:17:55","date_gmt":"2015-09-09T10:17:55","guid":{"rendered":"http:\/\/www.filha.fi\/content_page\/uniapnea-2\/"},"modified":"2021-04-15T12:42:23","modified_gmt":"2021-04-15T09:42:23","slug":"uniapnea","status":"publish","type":"page","link":"https:\/\/www.filha.fi\/en\/uniapnea\/","title":{"rendered":"Uniapnea"},"content":{"rendered":"<p>Uniapneassa yl\u00e4hengitysteiden laajentajalihakset rentoutuvat liiallisesti nukkuessa aiheuttaen hengityskatkoksia ja unen rakenteen pirstaleisuutta.<\/p>\n<p>Keskivaikeaa tai vaikeaa uniapneaa sairastaa arviolta 17 % ty\u00f6ik\u00e4isist\u00e4 miehist\u00e4 ja 9 % naisista. Ilman diagnoosia arvioidaan olevan jopa 80 % sairastavista.<\/p>\n<p>Lihavuus on merkitt\u00e4vin uniapnean riskitekij\u00e4, mutta kolmasosa uniapneapotilaista on normaalipainoisia.<\/p>\n<p>Tyypillisimpi\u00e4 oireita ovat kuorsaus ja p\u00e4iv\u00e4v\u00e4symys, mutta oireet voivat olla hyvin monimuotoisia ja ep\u00e4tyypillisi\u00e4. Varsinkin naisilla oirekuva voi muistuttaa psykiatristen sairauksien oireita.<\/p>\n<p>Diagnoosi voidaan tehd\u00e4 y\u00f6polygrafialla luotettavasti.<\/p>\n<p>Uniapnea tulisi huomioida toimenpideanestesian, raskauden ja ajoterveyden arvioinnin yhteydess\u00e4.<\/p>\n<h3><a href=\"https:\/\/www.filha.fi\/miten-toimia-uniapneaepailyssa\/\" target=\"_blank\" rel=\"noopener\">Miten toimia uniapneaep\u00e4ilyss\u00e4?<\/a><\/h3>\n<p>&nbsp;<\/p>\n<p><strong>Lis\u00e4tietoja uniapneasta:<\/strong><\/p>\n<p><a href=\"https:\/\/www.terveyskyla.fi\/keuhkotalo\/tietoa-keuhkosairauksista\/uniapnea\" target=\"_blank\" rel=\"noopener\">Terveyskyl\u00e4<\/a><\/p>\n<p><a href=\"https:\/\/www.terveyskirjasto.fi\/terveyskirjasto\/tk.koti?p_artikkeli=dlk00712\" target=\"_blank\" rel=\"noopener\">Terveyskirjasto<\/a><\/p>\n<p><a href=\"https:\/\/www.hengitysliitto.fi\/hengitysterveys-ja-sairaudet\/hengitys-sairaudet\/uniapnea\/\" target=\"_blank\" rel=\"noopener\">Hengitysliitto<\/a><\/p>\n","protected":false},"excerpt":{"rendered":"<p>Uniapneassa yl\u00e4hengitysteiden laajentajalihakset rentoutuvat liiallisesti nukkuessa aiheuttaen hengityskatkoksia ja unen rakenteen pirstaleisuutta. Keskivaikeaa tai vaikeaa uniapneaa sairastaa arviolta 17 % ty\u00f6ik\u00e4isist\u00e4 miehist\u00e4 ja 9 % naisista. Ilman diagnoosia arvioidaan olevan &#8230; <a title=\"Uniapnea\" class=\"read-more\" href=\"https:\/\/www.filha.fi\/en\/uniapnea\/\" aria-label=\"Read more about Uniapnea\">Read more<\/a><\/p>\n","protected":false},"author":4,"featured_media":0,"parent":0,"menu_order":0,"comment_status":"closed","ping_status":"closed","template":"","meta":{"_acf_changed":false,"footnotes":""},"categories":[74,47,8],"class_list":["post-124","page","type-page","status-publish","category-miia","category-tuula","category-uniapnea"],"translation":{"provider":"WPGlobus","version":"3.0.2","language":"en","enabled_languages":["fi","en"],"languages":{"fi":{"title":true,"content":true,"excerpt":false},"en":{"title":false,"content":false,"excerpt":false}}},"acf":[],"yoast_head":"<!-- This site is optimized with the Yoast SEO plugin v27.4 - https:\/\/yoast.com\/product\/yoast-seo-wordpress\/ -->\n<title>Uniapnea - Filha<\/title>\n<meta name=\"robots\" content=\"index, follow, max-snippet:-1, max-image-preview:large, max-video-preview:-1\" \/>\n<link rel=\"canonical\" href=\"https:\/\/www.filha.fi\/uniapnea\/\" \/>\n<meta property=\"og:locale\" content=\"en_US\" \/>\n<meta property=\"og:type\" content=\"article\" \/>\n<meta property=\"og:title\" content=\"Uniapnea - Filha\" \/>\n<meta property=\"og:url\" content=\"https:\/\/www.filha.fi\/uniapnea\/\" \/>\n<meta property=\"og:site_name\" content=\"Filha\" \/>\n<meta property=\"article:modified_time\" content=\"2021-04-15T09:42:23+00:00\" \/>\n<meta property=\"og:image\" content=\"https:\/\/www.filha.fi\/wp-content\/uploads\/2019\/04\/Filha-logo.png\" \/>\n\t<meta property=\"og:image:width\" content=\"960\" \/>\n\t<meta property=\"og:image:height\" content=\"1230\" \/>\n\t<meta property=\"og:image:type\" content=\"image\/png\" \/>\n<meta name=\"twitter:card\" content=\"summary_large_image\" \/>\n<meta name=\"twitter:label1\" content=\"Est. reading time\" \/>\n\t<meta name=\"twitter:data1\" content=\"1 minute\" \/>\n<script type=\"application\/ld+json\" class=\"yoast-schema-graph\">{\"@context\":\"https:\\\/\\\/schema.org\",\"@graph\":[{\"@type\":\"WebPage\",\"@id\":\"https:\\\/\\\/www.filha.fi\\\/uniapnea\\\/\",\"url\":\"https:\\\/\\\/www.filha.fi\\\/uniapnea\\\/\",\"name\":\"Uniapnea - Filha\",\"isPartOf\":{\"@id\":\"https:\\\/\\\/www.filha.fi\\\/#website\"},\"datePublished\":\"2015-09-09T10:17:55+00:00\",\"dateModified\":\"2021-04-15T09:42:23+00:00\",\"breadcrumb\":{\"@id\":\"https:\\\/\\\/www.filha.fi\\\/uniapnea\\\/#breadcrumb\"},\"inLanguage\":\"en-US\",\"potentialAction\":[{\"@type\":\"ReadAction\",\"target\":[\"https:\\\/\\\/www.filha.fi\\\/uniapnea\\\/\"]}]},{\"@type\":\"BreadcrumbList\",\"@id\":\"https:\\\/\\\/www.filha.fi\\\/uniapnea\\\/#breadcrumb\",\"itemListElement\":[{\"@type\":\"ListItem\",\"position\":1,\"name\":\"Home\",\"item\":\"https:\\\/\\\/www.filha.fi\\\/\"},{\"@type\":\"ListItem\",\"position\":2,\"name\":\"Uniapnea\"}]},{\"@type\":\"WebSite\",\"@id\":\"https:\\\/\\\/www.filha.fi\\\/#website\",\"url\":\"https:\\\/\\\/www.filha.fi\\\/\",\"name\":\"Filha\",\"description\":\"Expertise in lung health\",\"publisher\":{\"@id\":\"https:\\\/\\\/www.filha.fi\\\/#organization\"},\"potentialAction\":[{\"@type\":\"SearchAction\",\"target\":{\"@type\":\"EntryPoint\",\"urlTemplate\":\"https:\\\/\\\/www.filha.fi\\\/?s={search_term_string}\"},\"query-input\":{\"@type\":\"PropertyValueSpecification\",\"valueRequired\":true,\"valueName\":\"search_term_string\"}}],\"inLanguage\":\"en-US\"},{\"@type\":\"Organization\",\"@id\":\"https:\\\/\\\/www.filha.fi\\\/#organization\",\"name\":\"Filha ry\",\"url\":\"https:\\\/\\\/www.filha.fi\\\/\",\"logo\":{\"@type\":\"ImageObject\",\"inLanguage\":\"en-US\",\"@id\":\"https:\\\/\\\/www.filha.fi\\\/#\\\/schema\\\/logo\\\/image\\\/\",\"url\":\"https:\\\/\\\/www.filha.fi\\\/wp-content\\\/uploads\\\/2019\\\/04\\\/Filha-logo.png\",\"contentUrl\":\"https:\\\/\\\/www.filha.fi\\\/wp-content\\\/uploads\\\/2019\\\/04\\\/Filha-logo.png\",\"width\":960,\"height\":1230,\"caption\":\"Filha ry\"},\"image\":{\"@id\":\"https:\\\/\\\/www.filha.fi\\\/#\\\/schema\\\/logo\\\/image\\\/\"}}]}<\/script>\n<!-- \/ Yoast SEO plugin. -->","yoast_head_json":{"title":"Uniapnea - Filha","robots":{"index":"index","follow":"follow","max-snippet":"max-snippet:-1","max-image-preview":"max-image-preview:large","max-video-preview":"max-video-preview:-1"},"canonical":"https:\/\/www.filha.fi\/uniapnea\/","og_locale":"en_US","og_type":"article","og_title":"Uniapnea - Filha","og_url":"https:\/\/www.filha.fi\/uniapnea\/","og_site_name":"Filha","article_modified_time":"2021-04-15T09:42:23+00:00","og_image":[{"width":960,"height":1230,"url":"https:\/\/www.filha.fi\/wp-content\/uploads\/2019\/04\/Filha-logo.png","type":"image\/png"}],"twitter_card":"summary_large_image","twitter_misc":{"Est. reading time":"1 minute"},"schema":{"@context":"https:\/\/schema.org","@graph":[{"@type":"WebPage","@id":"https:\/\/www.filha.fi\/uniapnea\/","url":"https:\/\/www.filha.fi\/uniapnea\/","name":"Uniapnea - Filha","isPartOf":{"@id":"https:\/\/www.filha.fi\/#website"},"datePublished":"2015-09-09T10:17:55+00:00","dateModified":"2021-04-15T09:42:23+00:00","breadcrumb":{"@id":"https:\/\/www.filha.fi\/uniapnea\/#breadcrumb"},"inLanguage":"en-US","potentialAction":[{"@type":"ReadAction","target":["https:\/\/www.filha.fi\/uniapnea\/"]}]},{"@type":"BreadcrumbList","@id":"https:\/\/www.filha.fi\/uniapnea\/#breadcrumb","itemListElement":[{"@type":"ListItem","position":1,"name":"Home","item":"https:\/\/www.filha.fi\/"},{"@type":"ListItem","position":2,"name":"Uniapnea"}]},{"@type":"WebSite","@id":"https:\/\/www.filha.fi\/#website","url":"https:\/\/www.filha.fi\/","name":"Filha","description":"Expertise in lung health","publisher":{"@id":"https:\/\/www.filha.fi\/#organization"},"potentialAction":[{"@type":"SearchAction","target":{"@type":"EntryPoint","urlTemplate":"https:\/\/www.filha.fi\/?s={search_term_string}"},"query-input":{"@type":"PropertyValueSpecification","valueRequired":true,"valueName":"search_term_string"}}],"inLanguage":"en-US"},{"@type":"Organization","@id":"https:\/\/www.filha.fi\/#organization","name":"Filha ry","url":"https:\/\/www.filha.fi\/","logo":{"@type":"ImageObject","inLanguage":"en-US","@id":"https:\/\/www.filha.fi\/#\/schema\/logo\/image\/","url":"https:\/\/www.filha.fi\/wp-content\/uploads\/2019\/04\/Filha-logo.png","contentUrl":"https:\/\/www.filha.fi\/wp-content\/uploads\/2019\/04\/Filha-logo.png","width":960,"height":1230,"caption":"Filha ry"},"image":{"@id":"https:\/\/www.filha.fi\/#\/schema\/logo\/image\/"}}]}},"_links":{"self":[{"href":"https:\/\/www.filha.fi\/en\/wp-json\/wp\/v2\/pages\/124","targetHints":{"allow":["GET"]}}],"collection":[{"href":"https:\/\/www.filha.fi\/en\/wp-json\/wp\/v2\/pages"}],"about":[{"href":"https:\/\/www.filha.fi\/en\/wp-json\/wp\/v2\/types\/page"}],"author":[{"embeddable":true,"href":"https:\/\/www.filha.fi\/en\/wp-json\/wp\/v2\/users\/4"}],"replies":[{"embeddable":true,"href":"https:\/\/www.filha.fi\/en\/wp-json\/wp\/v2\/comments?post=124"}],"version-history":[{"count":0,"href":"https:\/\/www.filha.fi\/en\/wp-json\/wp\/v2\/pages\/124\/revisions"}],"wp:attachment":[{"href":"https:\/\/www.filha.fi\/en\/wp-json\/wp\/v2\/media?parent=124"}],"wp:term":[{"taxonomy":"category","embeddable":true,"href":"https:\/\/www.filha.fi\/en\/wp-json\/wp\/v2\/categories?post=124"}],"curies":[{"name":"wp","href":"https:\/\/api.w.org\/{rel}","templated":true}]}}