{"id":126,"date":"2015-09-09T11:58:34","date_gmt":"2015-09-09T11:58:34","guid":{"rendered":"http:\/\/www.filha.fi\/content_page\/allergiaohjelman-materiaaleja\/"},"modified":"2023-06-20T11:19:48","modified_gmt":"2023-06-20T08:19:48","slug":"allergiaohjelman-materiaaleja","status":"publish","type":"page","link":"https:\/\/www.filha.fi\/en\/allergia\/allergiaohjelman-materiaaleja\/","title":{"rendered":"Allergiaohjelman materiaaleja"},"content":{"rendered":"<h3><strong>Ohjeita l\u00e4\u00e4k\u00e4rille\/hoitajalle<\/strong><\/h3>\n<p><a href=\"http:\/\/www.filha.fi\/wp-content\/uploads\/2019\/05\/allergia_hallintaan_astma.pdf\" target=\"_blank\" rel=\"noopener noreferrer\"><strong>Ohjeet l\u00e4\u00e4k\u00e4rille\/hoitajalle allergisen sairauden hoitotasapainon kartoittamiseen<\/strong><\/a><br \/>\n(Astma, lasten astma, nuha, konjunktiviteetti, atooppinen iho, nokkosihottuma, ruoka-allergia, anafylaksia)<\/p>\n<p><strong><a href=\"http:\/\/www.filha.fi\/wp-content\/uploads\/2019\/05\/Sied\u00e4tyshoitopotilaan-valinta-ohje-perusterveydenhuoltoon.pptx\" target=\"_blank\" rel=\"noopener noreferrer\">Sied\u00e4tyshoitopotilaan valinta, ohje perusterveydenhuoltoon<\/a><\/strong><\/p>\n<p><a href=\"https:\/\/www.filha.fi\/wp-content\/uploads\/2019\/10\/Allergeenikomponentti_esite_19092019.pdf\" target=\"_blank\" rel=\"noopener noreferrer\"><strong>Milloin k\u00e4yt\u00e4n allergiadiagnostiikassa allergeenikomponentti-IgE-tutkimuksia? Opas allergiaan perehtyneille perusterveydenhuollon l\u00e4\u00e4k\u00e4reille<\/strong><\/a><\/p>\n<h3><strong>Ohjeet potilaan omahoidon ohjaukseen<\/strong><\/h3>\n<p><strong>Lapset<\/strong><\/p>\n<p><strong><a href=\"http:\/\/www.filha.fi\/wp-content\/uploads\/2019\/05\/Atooppisen-ihottuman-ohjattu-omahoito-lapsilla.pdf\" target=\"_blank\" rel=\"noopener noreferrer\">Atooppisen ihottuman ohjattu omahoito lapsilla<\/a><\/strong> (72 kB)<\/p>\n<p><strong><a href=\"http:\/\/www.filha.fi\/wp-content\/uploads\/2019\/05\/Oikea-asenne-allergiaan-vinkkeja-lapsiperheen-arkeen.pdf\" target=\"_blank\" rel=\"noopener noreferrer\">Oikea asenne allergiaan vinkkeja lapsiperheen arkeen<\/a><\/strong> (263 kB)<\/p>\n<p><strong><a href=\"http:\/\/www.filha.fi\/wp-content\/uploads\/2019\/05\/Pikkulasten-astma-hallintaan-omahoidon-ohje-vanhemmille.pdf\" target=\"_blank\" rel=\"noopener noreferrer\">Pikkulasten astma hallintaan omahoidon ohje vanhemmille<\/a><\/strong> (121 kB)<\/p>\n<p><strong>Aikuiset<\/strong><\/p>\n<p><a href=\"http:\/\/www.filha.fi\/wp-content\/uploads\/2019\/05\/Allergia-ja-astma-sek\u00e4-tupakointi.pdf\" target=\"_blank\" rel=\"noopener noreferrer\"><strong>Allergia ja astma sek\u00e4 tupakointi<\/strong><\/a> (982 kB)<\/p>\n<p><a href=\"http:\/\/www.filha.fi\/wp-content\/uploads\/2019\/05\/Allergisen-konjunktiviitin-ja-luomitulehduksen-omahoito.pdf\" target=\"_blank\" rel=\"noopener noreferrer\"><strong>Allergisen konjunktiviitin ja luomitulehduksen omahoito<\/strong><\/a> (305 kB)<\/p>\n<p><a href=\"http:\/\/www.filha.fi\/wp-content\/uploads\/2019\/05\/Anafylaksian-esto-ja-ensiapu-ohje-potilaalle.pdf\" target=\"_blank\" rel=\"noopener noreferrer\"><strong>Anafylaksian esto ja ensiapu, ohje potilaalle<\/strong><\/a> (4,4 MB)<\/p>\n<p><a href=\"http:\/\/www.filha.fi\/wp-content\/uploads\/2019\/05\/Angioodeeman-ohjattu-omahoito.pdf\" target=\"_blank\" rel=\"noopener noreferrer\"><strong>Angio\u00f6deeman ohjattu omahoito<\/strong><\/a> (40 kB)<\/p>\n<p><a href=\"http:\/\/www.filha.fi\/wp-content\/uploads\/2019\/05\/Astman-ja-nuhan-ohjattu-omahoito.pdf\" target=\"_blank\" rel=\"noopener noreferrer\"><strong>Astman ja nuhan ohjattu omahoito<\/strong><\/a> (1 009 kB)<\/p>\n<p><a href=\"http:\/\/www.filha.fi\/wp-content\/uploads\/2019\/05\/Atooppisen-ihottuman-ohjattu-omahoito-aikuisilla.pdf\" target=\"_blank\" rel=\"noopener noreferrer\"><strong>Atooppisen ihottuman ohjattu omahoito aikuisilla<\/strong><\/a> (89 kB)<\/p>\n<p><a href=\"http:\/\/www.filha.fi\/wp-content\/uploads\/2019\/05\/Urtikarian-omahoito.pdf\" target=\"_blank\" rel=\"noopener noreferrer\"><strong>Urtikarian omahoito<\/strong><\/a> (83 kB)<\/p>\n<h3><strong>Muita kansallisen allergiaohjelman materiaaleja<\/strong><\/h3>\n<p><a href=\"http:\/\/www.filha.fi\/wp-content\/uploads\/2019\/05\/SLL_35_2015-Allergiaohjelma-puolivalissa.pdf\" target=\"_blank\" rel=\"noopener noreferrer\"><strong>Kansallinen allergiaohjelma 2008\u20132018 puoliv\u00e4liss\u00e4 \u2013 suunnanmuutos tuo tuloksia (SLL 35\/2015)<\/strong><\/a> (594 kB)<\/p>\n<p><a href=\"http:\/\/www.filha.fi\/wp-content\/uploads\/2019\/05\/SLL-18-2011-Allergialiite-lasten-allergiaohjeet.pdf\" target=\"_blank\" rel=\"noopener noreferrer\"><strong>L\u00e4\u00e4k\u00e4rilehden allergialiite: lasten allergiaohjeet (SLL 18\/2011)<\/strong><\/a> (1,1 MB)<\/p>\n<p><a href=\"http:\/\/www.filha.fi\/wp-content\/uploads\/2019\/05\/Laatukasikirja-ihopistokokeisiin.pdf\" target=\"_blank\" rel=\"noopener noreferrer\"><strong>Laatuk\u00e4sikirja ihopistokokeisiin<\/strong><\/a> (500 kB)<\/p>\n<p><a href=\"http:\/\/www.filha.fi\/wp-content\/uploads\/2019\/05\/Allergiset-sairaudet-ja-ammatinvalinta-ohje.pdf\" target=\"_blank\" rel=\"noopener noreferrer\"><strong>Allergiset sairaudet ja ammatinvalinta -ohje<\/strong><\/a> (70 kB)<\/p>\n<p><a href=\"http:\/\/www.filha.fi\/wp-content\/uploads\/2019\/05\/P\u00e4iv\u00e4hoidon-allergiaohje.pdf\" target=\"_blank\" rel=\"noopener noreferrer\"><strong>P\u00e4iv\u00e4hoidon allergiaohje<\/strong><\/a> (37 kB)<\/p>\n<p><a href=\"http:\/\/www.filha.fi\/wp-content\/uploads\/2019\/05\/Anafylaksian-esto-ja-ensiapu-ohje-potilaalle.pdf\" target=\"_blank\" rel=\"noopener noreferrer\"><strong>Anafylaksian esto ja ensiapu, ohje potilaalle<\/strong><\/a> (4,4 MB)<\/p>\n<p><a href=\"http:\/\/www.filha.fi\/wp-content\/uploads\/2019\/05\/Shp-alueellinen-allergiaty\u00f6ryhm\u00e4-perustamis-ja-toimintaohje.pdf\" target=\"_blank\" rel=\"noopener noreferrer\"><strong>Shp alueellinen allergiaty\u00f6ryhm\u00e4, perustamis- ja toimintaohje<\/strong><\/a> (53 kB)<\/p>\n<p><a href=\"http:\/\/www.filha.fi\/wp-content\/uploads\/2019\/05\/IgE-laboratorioanalytiikka-atopian-diagnostiikassa.pdf\" target=\"_blank\" rel=\"noopener noreferrer\"><strong>IgE-laboratorioanalytiikka atopian diagnostiikassa<\/strong><\/a> (578 kB)<\/p>\n<p><a href=\"http:\/\/www.filha.fi\/wp-content\/uploads\/2019\/05\/Nationella-allergiprogrammet.pdf\" target=\"_blank\" rel=\"noopener noreferrer\"><strong>Nationella allergiprogrammet<\/strong><\/a> (902 kB)<\/p>\n<p><a href=\"http:\/\/www.filha.fi\/wp-content\/uploads\/2019\/05\/Finnish-Allergy-Programme-2008-2018.pdf\" target=\"_blank\" rel=\"noopener noreferrer\"><strong>Finnish Allergy Programme 2008-2018<\/strong><\/a> (444 kB)<\/p>\n<h3><strong>Artikkeleita<\/strong><\/h3>\n<p>1)\u00a0SLL 10\/2017 VSK 72: 657-663 \/10.3.2017 (Sami Remes, Petri Kulmala):<br \/>\n<strong>Lasten ruoka-allergia \u2013 oireista patomekanismeihin<\/strong><br \/>\n2)\u00a0SLL 14-15\/2012 vsk 67:1145-1149 (Marko Kalliom\u00e4ki)<br \/>\n<strong>Lapsen pitkittynyt ripuli<\/strong><br \/>\n3)\u00a0SLL 50-52\/2011 vsk 66:3841-3845 (Mikael Kitunen)<br \/>\n<strong>Lapsen vatsavaivat ovat harvoin allergiaa<br \/>\n<\/strong>4) SLL 2015; 70 (25):1811-1817 (Paula Kauppi)<br \/>\n<strong>Onko aikuisten astman taudinkuva muuttunut?<br \/>\n<\/strong>5) SLL 2015; 70(41):2689-2693 (Maaria Ansaranta, Paula Kauppi, Antti-Jussi \u00c4mm\u00e4l\u00e4, Riitta Pajunen, Pekka Malmberg,\u00a0 Mika M\u00e4kel\u00e4, Anna Pelkonen, Leena-Maija Aaltonen<br \/>\n<strong>Henke\u00e4 ahdistaa \u2013 tunnetko toiminnallisen \u00e4\u00e4nihuulisalpauksen?<\/strong><br \/>\n6) SLL 7\/2015 vsk 70:407-411 (Kaarina Kukkonen, Anna Pelkonen, Soili M\u00e4kinen-Kiljunen, Mika M\u00e4kel\u00e4)<br \/>\n<strong>Komponenttitutkimukset parantavat allergioiden diagnostiikkaa<\/strong><\/p>\n<h3><strong>Linkkej\u00e4:<\/strong><\/h3>\n<p><strong>T\u00f6iss\u00e4 terveen\u00e4 (Ty\u00f6terveyslaitos)<\/strong><\/p>\n<p><strong>allergiaterveys.fi<\/strong><\/p>\n","protected":false},"excerpt":{"rendered":"<p>Ohjeita l\u00e4\u00e4k\u00e4rille\/hoitajalle Ohjeet l\u00e4\u00e4k\u00e4rille\/hoitajalle allergisen sairauden hoitotasapainon kartoittamiseen (Astma, lasten astma, nuha, konjunktiviteetti, atooppinen iho, nokkosihottuma, ruoka-allergia, anafylaksia) Sied\u00e4tyshoitopotilaan valinta, ohje perusterveydenhuoltoon Milloin k\u00e4yt\u00e4n allergiadiagnostiikassa allergeenikomponentti-IgE-tutkimuksia? Opas allergiaan perehtyneille perusterveydenhuollon &#8230; <a title=\"Allergiaohjelman materiaaleja\" class=\"read-more\" href=\"https:\/\/www.filha.fi\/en\/allergia\/allergiaohjelman-materiaaleja\/\" aria-label=\"Read more about Allergiaohjelman materiaaleja\">Read more<\/a><\/p>\n","protected":false},"author":4,"featured_media":0,"parent":122,"menu_order":0,"comment_status":"closed","ping_status":"closed","template":"","meta":{"_acf_changed":false,"footnotes":""},"categories":[6,36],"class_list":["post-126","page","type-page","status-publish","category-allergiaohjelma","category-krista"],"translation":{"provider":"WPGlobus","version":"3.0.2","language":"en","enabled_languages":["fi","en"],"languages":{"fi":{"title":true,"content":true,"excerpt":false},"en":{"title":false,"content":false,"excerpt":false}}},"acf":[],"yoast_head":"<!-- This site is optimized with the Yoast SEO plugin v27.4 - https:\/\/yoast.com\/product\/yoast-seo-wordpress\/ -->\n<title>Allergiaohjelman materiaaleja - Filha<\/title>\n<meta name=\"robots\" content=\"index, follow, max-snippet:-1, max-image-preview:large, max-video-preview:-1\" \/>\n<link rel=\"canonical\" href=\"https:\/\/www.filha.fi\/allergia\/allergiaohjelman-materiaaleja\/\" \/>\n<meta property=\"og:locale\" content=\"en_US\" \/>\n<meta property=\"og:type\" content=\"article\" \/>\n<meta property=\"og:title\" content=\"Allergiaohjelman materiaaleja - Filha\" \/>\n<meta property=\"og:url\" content=\"https:\/\/www.filha.fi\/allergia\/allergiaohjelman-materiaaleja\/\" \/>\n<meta property=\"og:site_name\" content=\"Filha\" \/>\n<meta property=\"article:modified_time\" content=\"2023-06-20T08:19:48+00:00\" \/>\n<meta property=\"og:image\" content=\"https:\/\/www.filha.fi\/wp-content\/uploads\/2019\/04\/Filha-logo.png\" \/>\n\t<meta property=\"og:image:width\" content=\"960\" \/>\n\t<meta property=\"og:image:height\" content=\"1230\" \/>\n\t<meta property=\"og:image:type\" content=\"image\/png\" \/>\n<meta name=\"twitter:card\" content=\"summary_large_image\" \/>\n<meta name=\"twitter:label1\" content=\"Est. reading time\" \/>\n\t<meta name=\"twitter:data1\" content=\"2 minutes\" \/>\n<script type=\"application\/ld+json\" class=\"yoast-schema-graph\">{\"@context\":\"https:\\\/\\\/schema.org\",\"@graph\":[{\"@type\":\"WebPage\",\"@id\":\"https:\\\/\\\/www.filha.fi\\\/allergia\\\/allergiaohjelman-materiaaleja\\\/\",\"url\":\"https:\\\/\\\/www.filha.fi\\\/allergia\\\/allergiaohjelman-materiaaleja\\\/\",\"name\":\"Allergiaohjelman materiaaleja - Filha\",\"isPartOf\":{\"@id\":\"https:\\\/\\\/www.filha.fi\\\/#website\"},\"datePublished\":\"2015-09-09T11:58:34+00:00\",\"dateModified\":\"2023-06-20T08:19:48+00:00\",\"breadcrumb\":{\"@id\":\"https:\\\/\\\/www.filha.fi\\\/allergia\\\/allergiaohjelman-materiaaleja\\\/#breadcrumb\"},\"inLanguage\":\"en-US\",\"potentialAction\":[{\"@type\":\"ReadAction\",\"target\":[\"https:\\\/\\\/www.filha.fi\\\/allergia\\\/allergiaohjelman-materiaaleja\\\/\"]}]},{\"@type\":\"BreadcrumbList\",\"@id\":\"https:\\\/\\\/www.filha.fi\\\/allergia\\\/allergiaohjelman-materiaaleja\\\/#breadcrumb\",\"itemListElement\":[{\"@type\":\"ListItem\",\"position\":1,\"name\":\"Home\",\"item\":\"https:\\\/\\\/www.filha.fi\\\/\"},{\"@type\":\"ListItem\",\"position\":2,\"name\":\"Allergia\",\"item\":\"https:\\\/\\\/www.filha.fi\\\/allergia\\\/\"},{\"@type\":\"ListItem\",\"position\":3,\"name\":\"Allergiaohjelman materiaaleja\"}]},{\"@type\":\"WebSite\",\"@id\":\"https:\\\/\\\/www.filha.fi\\\/#website\",\"url\":\"https:\\\/\\\/www.filha.fi\\\/\",\"name\":\"Filha\",\"description\":\"Expertise in lung health\",\"publisher\":{\"@id\":\"https:\\\/\\\/www.filha.fi\\\/#organization\"},\"potentialAction\":[{\"@type\":\"SearchAction\",\"target\":{\"@type\":\"EntryPoint\",\"urlTemplate\":\"https:\\\/\\\/www.filha.fi\\\/?s={search_term_string}\"},\"query-input\":{\"@type\":\"PropertyValueSpecification\",\"valueRequired\":true,\"valueName\":\"search_term_string\"}}],\"inLanguage\":\"en-US\"},{\"@type\":\"Organization\",\"@id\":\"https:\\\/\\\/www.filha.fi\\\/#organization\",\"name\":\"Filha ry\",\"url\":\"https:\\\/\\\/www.filha.fi\\\/\",\"logo\":{\"@type\":\"ImageObject\",\"inLanguage\":\"en-US\",\"@id\":\"https:\\\/\\\/www.filha.fi\\\/#\\\/schema\\\/logo\\\/image\\\/\",\"url\":\"https:\\\/\\\/www.filha.fi\\\/wp-content\\\/uploads\\\/2019\\\/04\\\/Filha-logo.png\",\"contentUrl\":\"https:\\\/\\\/www.filha.fi\\\/wp-content\\\/uploads\\\/2019\\\/04\\\/Filha-logo.png\",\"width\":960,\"height\":1230,\"caption\":\"Filha ry\"},\"image\":{\"@id\":\"https:\\\/\\\/www.filha.fi\\\/#\\\/schema\\\/logo\\\/image\\\/\"}}]}<\/script>\n<!-- \/ Yoast SEO plugin. -->","yoast_head_json":{"title":"Allergiaohjelman materiaaleja - Filha","robots":{"index":"index","follow":"follow","max-snippet":"max-snippet:-1","max-image-preview":"max-image-preview:large","max-video-preview":"max-video-preview:-1"},"canonical":"https:\/\/www.filha.fi\/allergia\/allergiaohjelman-materiaaleja\/","og_locale":"en_US","og_type":"article","og_title":"Allergiaohjelman materiaaleja - Filha","og_url":"https:\/\/www.filha.fi\/allergia\/allergiaohjelman-materiaaleja\/","og_site_name":"Filha","article_modified_time":"2023-06-20T08:19:48+00:00","og_image":[{"width":960,"height":1230,"url":"https:\/\/www.filha.fi\/wp-content\/uploads\/2019\/04\/Filha-logo.png","type":"image\/png"}],"twitter_card":"summary_large_image","twitter_misc":{"Est. reading time":"2 minutes"},"schema":{"@context":"https:\/\/schema.org","@graph":[{"@type":"WebPage","@id":"https:\/\/www.filha.fi\/allergia\/allergiaohjelman-materiaaleja\/","url":"https:\/\/www.filha.fi\/allergia\/allergiaohjelman-materiaaleja\/","name":"Allergiaohjelman materiaaleja - Filha","isPartOf":{"@id":"https:\/\/www.filha.fi\/#website"},"datePublished":"2015-09-09T11:58:34+00:00","dateModified":"2023-06-20T08:19:48+00:00","breadcrumb":{"@id":"https:\/\/www.filha.fi\/allergia\/allergiaohjelman-materiaaleja\/#breadcrumb"},"inLanguage":"en-US","potentialAction":[{"@type":"ReadAction","target":["https:\/\/www.filha.fi\/allergia\/allergiaohjelman-materiaaleja\/"]}]},{"@type":"BreadcrumbList","@id":"https:\/\/www.filha.fi\/allergia\/allergiaohjelman-materiaaleja\/#breadcrumb","itemListElement":[{"@type":"ListItem","position":1,"name":"Home","item":"https:\/\/www.filha.fi\/"},{"@type":"ListItem","position":2,"name":"Allergia","item":"https:\/\/www.filha.fi\/allergia\/"},{"@type":"ListItem","position":3,"name":"Allergiaohjelman materiaaleja"}]},{"@type":"WebSite","@id":"https:\/\/www.filha.fi\/#website","url":"https:\/\/www.filha.fi\/","name":"Filha","description":"Expertise in lung health","publisher":{"@id":"https:\/\/www.filha.fi\/#organization"},"potentialAction":[{"@type":"SearchAction","target":{"@type":"EntryPoint","urlTemplate":"https:\/\/www.filha.fi\/?s={search_term_string}"},"query-input":{"@type":"PropertyValueSpecification","valueRequired":true,"valueName":"search_term_string"}}],"inLanguage":"en-US"},{"@type":"Organization","@id":"https:\/\/www.filha.fi\/#organization","name":"Filha ry","url":"https:\/\/www.filha.fi\/","logo":{"@type":"ImageObject","inLanguage":"en-US","@id":"https:\/\/www.filha.fi\/#\/schema\/logo\/image\/","url":"https:\/\/www.filha.fi\/wp-content\/uploads\/2019\/04\/Filha-logo.png","contentUrl":"https:\/\/www.filha.fi\/wp-content\/uploads\/2019\/04\/Filha-logo.png","width":960,"height":1230,"caption":"Filha ry"},"image":{"@id":"https:\/\/www.filha.fi\/#\/schema\/logo\/image\/"}}]}},"_links":{"self":[{"href":"https:\/\/www.filha.fi\/en\/wp-json\/wp\/v2\/pages\/126","targetHints":{"allow":["GET"]}}],"collection":[{"href":"https:\/\/www.filha.fi\/en\/wp-json\/wp\/v2\/pages"}],"about":[{"href":"https:\/\/www.filha.fi\/en\/wp-json\/wp\/v2\/types\/page"}],"author":[{"embeddable":true,"href":"https:\/\/www.filha.fi\/en\/wp-json\/wp\/v2\/users\/4"}],"replies":[{"embeddable":true,"href":"https:\/\/www.filha.fi\/en\/wp-json\/wp\/v2\/comments?post=126"}],"version-history":[{"count":0,"href":"https:\/\/www.filha.fi\/en\/wp-json\/wp\/v2\/pages\/126\/revisions"}],"up":[{"embeddable":true,"href":"https:\/\/www.filha.fi\/en\/wp-json\/wp\/v2\/pages\/122"}],"wp:attachment":[{"href":"https:\/\/www.filha.fi\/en\/wp-json\/wp\/v2\/media?parent=126"}],"wp:term":[{"taxonomy":"category","embeddable":true,"href":"https:\/\/www.filha.fi\/en\/wp-json\/wp\/v2\/categories?post=126"}],"curies":[{"name":"wp","href":"https:\/\/api.w.org\/{rel}","templated":true}]}}