{"id":127,"date":"2015-09-09T11:59:02","date_gmt":"2015-09-09T11:59:02","guid":{"rendered":"http:\/\/www.filha.fi\/content_page\/videot\/"},"modified":"2021-03-26T15:21:05","modified_gmt":"2021-03-26T13:21:05","slug":"videot","status":"publish","type":"page","link":"https:\/\/www.filha.fi\/en\/allergia\/videot\/","title":{"rendered":"Videoita adrenaliini-injektorin k\u00e4yt\u00f6st\u00e4"},"content":{"rendered":"<p><iframe src=\"https:\/\/player.vimeo.com\/video\/84936270\" width=\"640px\" height=\"360px\" frameborder=\"0\" allowfullscreen=\"allowfullscreen\"><span style=\"display: inline-block; width: 0px; overflow: hidden; line-height: 0;\" data-mce-type=\"bookmark\" class=\"mce_SELRES_start\">\ufeff<\/span><\/iframe><\/p>\n<p>Videolla kerrotaan anafylaksian oireista ja ensiavusta (ohjataan adrenaliini-injektorin k\u00e4ytt\u00f6).<\/p>\n<p>&nbsp;<\/p>\n<p><iframe src=\"https:\/\/player.vimeo.com\/video\/145856185\" width=\"640px\" height=\"360px\" frameborder=\"0\" allowfullscreen=\"allowfullscreen\"><\/iframe><\/p>\n<p>Videon ber\u00e4tt\u00e4r om symptomer och f\u00f6rsta hj\u00e4lp vid anafylaxin (visar hur man ska anv\u00e4nda adrenalininjektorn). Videon har finsk tal och den \u00e4r f\u00f6rsedd med svenska undertexter.<\/p>\n<p>&nbsp;<\/p>\n<p><iframe src=\"https:\/\/player.vimeo.com\/video\/119836229\" width=\"640px\" height=\"480px\" frameborder=\"0\" allowfullscreen=\"allowfullscreen\"><\/iframe><br \/>\nThe video gives information about symptoms and first aid in anaphylactic reaction (instructions on the use of adrenaline injector). Spoken in Finnish with subtitles in English.<\/p>\n<p>&nbsp;<\/p>\n<p><iframe src=\"https:\/\/player.vimeo.com\/video\/141511571\" width=\"640px\" height=\"360px\" frameborder=\"0\" allowfullscreen=\"allowfullscreen\"><\/iframe><\/p>\n<p>Adrenaliini-injektorin k\u00e4ytt\u00f6ohje. Video on tuottanut Pirkanmaan allergia- ja astmayhdistys.<\/p>\n<p>&nbsp;<\/p>\n<p><iframe src=\"https:\/\/player.vimeo.com\/video\/141454691\" width=\"640px\" height=\"360px\" frameborder=\"0\" allowfullscreen=\"allowfullscreen\"><\/iframe><\/p>\n<p>Adrenalininjektor \u2013 kort bruksanvisning. Filmen \u00e4r gjord av Birkalands allergi- och astmaf\u00f6rening.<\/p>\n<p>&nbsp;<\/p>\n<p><iframe src=\"https:\/\/player.vimeo.com\/video\/141454689\" width=\"640px\" height=\"360px\" frameborder=\"0\" allowfullscreen=\"allowfullscreen\"><\/iframe><\/p>\n<p>Adrenalin injector \u2013 short instructions. Film has been made by Pirkanmaan allergia- ja astmayhdistys.<\/p>\n","protected":false},"excerpt":{"rendered":"<p>\ufeff Videolla kerrotaan anafylaksian oireista ja ensiavusta (ohjataan adrenaliini-injektorin k\u00e4ytt\u00f6). &nbsp; Videon ber\u00e4tt\u00e4r om symptomer och f\u00f6rsta hj\u00e4lp vid anafylaxin (visar hur man ska anv\u00e4nda adrenalininjektorn). Videon har finsk tal &#8230; <a title=\"Videoita adrenaliini-injektorin k\u00e4yt\u00f6st\u00e4\" class=\"read-more\" href=\"https:\/\/www.filha.fi\/en\/allergia\/videot\/\" aria-label=\"Read more about Videoita adrenaliini-injektorin k\u00e4yt\u00f6st\u00e4\">Read more<\/a><\/p>\n","protected":false},"author":4,"featured_media":0,"parent":122,"menu_order":0,"comment_status":"closed","ping_status":"closed","template":"","meta":{"_acf_changed":false,"footnotes":""},"categories":[6,36],"class_list":["post-127","page","type-page","status-publish","category-allergiaohjelma","category-krista"],"translation":{"provider":"WPGlobus","version":"3.0.2","language":"en","enabled_languages":["fi","en"],"languages":{"fi":{"title":true,"content":true,"excerpt":false},"en":{"title":false,"content":false,"excerpt":false}}},"acf":[],"yoast_head":"<!-- This site is optimized with the Yoast SEO plugin v27.4 - https:\/\/yoast.com\/product\/yoast-seo-wordpress\/ -->\n<title>Videoita adrenaliini-injektorin k\u00e4yt\u00f6st\u00e4 - Filha<\/title>\n<meta name=\"robots\" content=\"index, follow, max-snippet:-1, max-image-preview:large, max-video-preview:-1\" \/>\n<link rel=\"canonical\" href=\"https:\/\/www.filha.fi\/allergia\/videot\/\" \/>\n<meta property=\"og:locale\" content=\"en_US\" \/>\n<meta property=\"og:type\" content=\"article\" \/>\n<meta property=\"og:title\" content=\"Videoita adrenaliini-injektorin k\u00e4yt\u00f6st\u00e4 - Filha\" \/>\n<meta property=\"og:url\" content=\"https:\/\/www.filha.fi\/allergia\/videot\/\" \/>\n<meta property=\"og:site_name\" content=\"Filha\" \/>\n<meta property=\"article:modified_time\" content=\"2021-03-26T13:21:05+00:00\" \/>\n<meta property=\"og:image\" content=\"https:\/\/www.filha.fi\/wp-content\/uploads\/2019\/04\/Filha-logo.png\" \/>\n\t<meta property=\"og:image:width\" content=\"960\" \/>\n\t<meta property=\"og:image:height\" content=\"1230\" \/>\n\t<meta property=\"og:image:type\" content=\"image\/png\" \/>\n<meta name=\"twitter:card\" content=\"summary_large_image\" \/>\n<meta name=\"twitter:label1\" content=\"Est. reading time\" \/>\n\t<meta name=\"twitter:data1\" content=\"1 minute\" \/>\n<script type=\"application\/ld+json\" class=\"yoast-schema-graph\">{\"@context\":\"https:\\\/\\\/schema.org\",\"@graph\":[{\"@type\":\"WebPage\",\"@id\":\"https:\\\/\\\/www.filha.fi\\\/allergia\\\/videot\\\/\",\"url\":\"https:\\\/\\\/www.filha.fi\\\/allergia\\\/videot\\\/\",\"name\":\"Videoita adrenaliini-injektorin k\u00e4yt\u00f6st\u00e4 - Filha\",\"isPartOf\":{\"@id\":\"https:\\\/\\\/www.filha.fi\\\/#website\"},\"datePublished\":\"2015-09-09T11:59:02+00:00\",\"dateModified\":\"2021-03-26T13:21:05+00:00\",\"breadcrumb\":{\"@id\":\"https:\\\/\\\/www.filha.fi\\\/allergia\\\/videot\\\/#breadcrumb\"},\"inLanguage\":\"en-US\",\"potentialAction\":[{\"@type\":\"ReadAction\",\"target\":[\"https:\\\/\\\/www.filha.fi\\\/allergia\\\/videot\\\/\"]}]},{\"@type\":\"BreadcrumbList\",\"@id\":\"https:\\\/\\\/www.filha.fi\\\/allergia\\\/videot\\\/#breadcrumb\",\"itemListElement\":[{\"@type\":\"ListItem\",\"position\":1,\"name\":\"Home\",\"item\":\"https:\\\/\\\/www.filha.fi\\\/\"},{\"@type\":\"ListItem\",\"position\":2,\"name\":\"Allergia\",\"item\":\"https:\\\/\\\/www.filha.fi\\\/allergia\\\/\"},{\"@type\":\"ListItem\",\"position\":3,\"name\":\"Videoita adrenaliini-injektorin k\u00e4yt\u00f6st\u00e4\"}]},{\"@type\":\"WebSite\",\"@id\":\"https:\\\/\\\/www.filha.fi\\\/#website\",\"url\":\"https:\\\/\\\/www.filha.fi\\\/\",\"name\":\"Filha\",\"description\":\"Expertise in lung health\",\"publisher\":{\"@id\":\"https:\\\/\\\/www.filha.fi\\\/#organization\"},\"potentialAction\":[{\"@type\":\"SearchAction\",\"target\":{\"@type\":\"EntryPoint\",\"urlTemplate\":\"https:\\\/\\\/www.filha.fi\\\/?s={search_term_string}\"},\"query-input\":{\"@type\":\"PropertyValueSpecification\",\"valueRequired\":true,\"valueName\":\"search_term_string\"}}],\"inLanguage\":\"en-US\"},{\"@type\":\"Organization\",\"@id\":\"https:\\\/\\\/www.filha.fi\\\/#organization\",\"name\":\"Filha ry\",\"url\":\"https:\\\/\\\/www.filha.fi\\\/\",\"logo\":{\"@type\":\"ImageObject\",\"inLanguage\":\"en-US\",\"@id\":\"https:\\\/\\\/www.filha.fi\\\/#\\\/schema\\\/logo\\\/image\\\/\",\"url\":\"https:\\\/\\\/www.filha.fi\\\/wp-content\\\/uploads\\\/2019\\\/04\\\/Filha-logo.png\",\"contentUrl\":\"https:\\\/\\\/www.filha.fi\\\/wp-content\\\/uploads\\\/2019\\\/04\\\/Filha-logo.png\",\"width\":960,\"height\":1230,\"caption\":\"Filha ry\"},\"image\":{\"@id\":\"https:\\\/\\\/www.filha.fi\\\/#\\\/schema\\\/logo\\\/image\\\/\"}}]}<\/script>\n<!-- \/ Yoast SEO plugin. -->","yoast_head_json":{"title":"Videoita adrenaliini-injektorin k\u00e4yt\u00f6st\u00e4 - Filha","robots":{"index":"index","follow":"follow","max-snippet":"max-snippet:-1","max-image-preview":"max-image-preview:large","max-video-preview":"max-video-preview:-1"},"canonical":"https:\/\/www.filha.fi\/allergia\/videot\/","og_locale":"en_US","og_type":"article","og_title":"Videoita adrenaliini-injektorin k\u00e4yt\u00f6st\u00e4 - Filha","og_url":"https:\/\/www.filha.fi\/allergia\/videot\/","og_site_name":"Filha","article_modified_time":"2021-03-26T13:21:05+00:00","og_image":[{"width":960,"height":1230,"url":"https:\/\/www.filha.fi\/wp-content\/uploads\/2019\/04\/Filha-logo.png","type":"image\/png"}],"twitter_card":"summary_large_image","twitter_misc":{"Est. reading time":"1 minute"},"schema":{"@context":"https:\/\/schema.org","@graph":[{"@type":"WebPage","@id":"https:\/\/www.filha.fi\/allergia\/videot\/","url":"https:\/\/www.filha.fi\/allergia\/videot\/","name":"Videoita adrenaliini-injektorin k\u00e4yt\u00f6st\u00e4 - Filha","isPartOf":{"@id":"https:\/\/www.filha.fi\/#website"},"datePublished":"2015-09-09T11:59:02+00:00","dateModified":"2021-03-26T13:21:05+00:00","breadcrumb":{"@id":"https:\/\/www.filha.fi\/allergia\/videot\/#breadcrumb"},"inLanguage":"en-US","potentialAction":[{"@type":"ReadAction","target":["https:\/\/www.filha.fi\/allergia\/videot\/"]}]},{"@type":"BreadcrumbList","@id":"https:\/\/www.filha.fi\/allergia\/videot\/#breadcrumb","itemListElement":[{"@type":"ListItem","position":1,"name":"Home","item":"https:\/\/www.filha.fi\/"},{"@type":"ListItem","position":2,"name":"Allergia","item":"https:\/\/www.filha.fi\/allergia\/"},{"@type":"ListItem","position":3,"name":"Videoita adrenaliini-injektorin k\u00e4yt\u00f6st\u00e4"}]},{"@type":"WebSite","@id":"https:\/\/www.filha.fi\/#website","url":"https:\/\/www.filha.fi\/","name":"Filha","description":"Expertise in lung health","publisher":{"@id":"https:\/\/www.filha.fi\/#organization"},"potentialAction":[{"@type":"SearchAction","target":{"@type":"EntryPoint","urlTemplate":"https:\/\/www.filha.fi\/?s={search_term_string}"},"query-input":{"@type":"PropertyValueSpecification","valueRequired":true,"valueName":"search_term_string"}}],"inLanguage":"en-US"},{"@type":"Organization","@id":"https:\/\/www.filha.fi\/#organization","name":"Filha ry","url":"https:\/\/www.filha.fi\/","logo":{"@type":"ImageObject","inLanguage":"en-US","@id":"https:\/\/www.filha.fi\/#\/schema\/logo\/image\/","url":"https:\/\/www.filha.fi\/wp-content\/uploads\/2019\/04\/Filha-logo.png","contentUrl":"https:\/\/www.filha.fi\/wp-content\/uploads\/2019\/04\/Filha-logo.png","width":960,"height":1230,"caption":"Filha ry"},"image":{"@id":"https:\/\/www.filha.fi\/#\/schema\/logo\/image\/"}}]}},"_links":{"self":[{"href":"https:\/\/www.filha.fi\/en\/wp-json\/wp\/v2\/pages\/127","targetHints":{"allow":["GET"]}}],"collection":[{"href":"https:\/\/www.filha.fi\/en\/wp-json\/wp\/v2\/pages"}],"about":[{"href":"https:\/\/www.filha.fi\/en\/wp-json\/wp\/v2\/types\/page"}],"author":[{"embeddable":true,"href":"https:\/\/www.filha.fi\/en\/wp-json\/wp\/v2\/users\/4"}],"replies":[{"embeddable":true,"href":"https:\/\/www.filha.fi\/en\/wp-json\/wp\/v2\/comments?post=127"}],"version-history":[{"count":0,"href":"https:\/\/www.filha.fi\/en\/wp-json\/wp\/v2\/pages\/127\/revisions"}],"up":[{"embeddable":true,"href":"https:\/\/www.filha.fi\/en\/wp-json\/wp\/v2\/pages\/122"}],"wp:attachment":[{"href":"https:\/\/www.filha.fi\/en\/wp-json\/wp\/v2\/media?parent=127"}],"wp:term":[{"taxonomy":"category","embeddable":true,"href":"https:\/\/www.filha.fi\/en\/wp-json\/wp\/v2\/categories?post=127"}],"curies":[{"name":"wp","href":"https:\/\/api.w.org\/{rel}","templated":true}]}}