{"id":148,"date":"2016-08-31T09:29:57","date_gmt":"2016-08-31T09:29:57","guid":{"rendered":"http:\/\/www.filha.fi\/content_page\/vertaistuella-eroon-tupakasta%e2%80%8b%e2%80%8b\/"},"modified":"2020-05-13T11:42:20","modified_gmt":"2020-05-13T08:42:20","slug":"vertaistuella-eroon-tupakasta%e2%80%8b%e2%80%8b","status":"publish","type":"page","link":"https:\/\/www.filha.fi\/en\/hankkeet\/paattyneet\/vertaistuella-eroon-tupakasta%e2%80%8b%e2%80%8b\/","title":{"rendered":"Vertaistuella eroon tupakasta\u200b\u200b"},"content":{"rendered":"<h2><img decoding=\"async\" class=\"wp-image-2328 alignright\" src=\"https:\/\/www.filha.fi\/wp-content\/uploads\/2019\/06\/tuettu_veikkauksen_tuotoilla_tunnus_sininen_rgb1.jpg\" alt=\"Tuettu Veikkauksen tuotoilla\" width=\"110\" height=\"110\" srcset=\"https:\/\/www.filha.fi\/wp-content\/uploads\/2019\/06\/tuettu_veikkauksen_tuotoilla_tunnus_sininen_rgb1.jpg 240w, https:\/\/www.filha.fi\/wp-content\/uploads\/2019\/06\/tuettu_veikkauksen_tuotoilla_tunnus_sininen_rgb1-150x150.jpg 150w\" sizes=\"(max-width: 110px) 100vw, 110px\" \/><\/h2>\n<p><strong>Hankkeen nimi: <\/strong>Vertaistuella eroon tupakasta<br \/>\n<strong>Kesto:\u00a0<\/strong>2016\u22122019<strong><br \/>\nP\u00e4\u00e4toteuttaja:\u00a0<\/strong>Filha ry<strong><br \/>\n<\/strong><strong>Kohderyhm\u00e4<\/strong>: Runsaasti tupakoivat v\u00e4est\u00f6ryhm\u00e4t, kuten mielenterveys- ja p\u00e4ihdekuntoutujat, ty\u00f6tt\u00f6m\u00e4t, runsaasti tupakoivat maahanmuuttajaryhm\u00e4t, vangit sek\u00e4 ammatillisissa oppilaitoksissa opiskelevat.<br \/>\n<strong>Yhteisty\u00f6kumppanit: <\/strong>Paikalliset ty\u00f6tt\u00f6mien yhdistykset, mielenterveysj\u00e4rjest\u00f6t ja muut paljon tupakkatuotteita k\u00e4ytt\u00e4vien erityisryhmien kanssa tekev\u00e4t j\u00e4rjest\u00f6t ja muut tahot. Kunnat ja julkinen terveydenhuolto.<br \/>\n<strong>Hankkeen toiminta-alueet:<\/strong> Pohjois-Karjala, Kymenlaakso sek\u00e4 p\u00e4\u00e4kaupunkiseutu. Toiminnassa kehitetyt k\u00e4yt\u00e4nn\u00f6t ovat hy\u00f6dynnett\u00e4viss\u00e4 valtakunnallisesti.<br \/>\n<strong>Rahoittaja: <\/strong>STEA<\/p>\n<div class=\"korostettu-linkki\">\n<p><img decoding=\"async\" class=\"wp-image-3178 alignright\" src=\"https:\/\/www.filha.fi\/wp-content\/uploads\/2019\/11\/Paikkakunnat-joissa-vertaisohjaajia_kuvakaappaus_04102019-162x300.jpg\" alt=\"\" width=\"156\" height=\"289\" srcset=\"https:\/\/www.filha.fi\/wp-content\/uploads\/2019\/11\/Paikkakunnat-joissa-vertaisohjaajia_kuvakaappaus_04102019-162x300.jpg 162w, https:\/\/www.filha.fi\/wp-content\/uploads\/2019\/11\/Paikkakunnat-joissa-vertaisohjaajia_kuvakaappaus_04102019.jpg 389w\" sizes=\"(max-width: 156px) 100vw, 156px\" \/><\/p>\n<\/div>\n<div class=\"korostettu-linkki\">\n<h3><strong>Koulutetut vertaisohjaajat ja vertaistoiminta<\/strong><\/h3>\n<p>Hankkeessa kehitettiin vertaistuen malli tupakoinnin lopettamiseen. Vertaistuen mallissa korostuu matala kynnys tuen saamiseen. Hankkeen aikana koulutettiin 200 vertaisohjaajaa tupakoinnin lopettamisen tueksi. Vertaisohjaajia on l\u00e4hes 40:ll\u00e4 paikkakunnalla. Vertaisohjaajat ohjaavat tupakkavieroitusryhmi\u00e4 ja antavat yksil\u00f6tukea, kasvokkain tai verkossa. Ryhmiss\u00e4 vertaistukea saaneista nelj\u00e4sosa lopetti tupakoinnin ja puolet v\u00e4hensi ryhm\u00e4n toiminnan aikana.<\/p>\n<p>Linkki Vertaisohjaajien <a href=\"https:\/\/www.facebook.com\/groups\/132532570735179\/\" target=\"_blank\" rel=\"noopener noreferrer\">Facebook-ryhm\u00e4\u00e4n<\/a><\/p>\n<\/div>\n<h3><strong>Materiaalit<\/strong><\/h3>\n<p><a href=\"https:\/\/www.filha.fi\/wp-content\/uploads\/2020\/01\/Vertaisohjaajan-k\u00e4sikirja_2020_VERKKOversio.pdf\" target=\"_blank\" rel=\"noopener noreferrer\"><strong>Vertaisohjaajan opas<\/strong><\/a><br \/>\nK\u00e4sikirja vertaisohjaajalle tupakoinnin lopettamisryhm\u00e4n ohjaamiseen.<\/p>\n<p><a href=\"https:\/\/www.filha.fi\/wp-content\/uploads\/2020\/01\/Vertaisohjaajan-k\u00e4sikirja_2020_VERKKOversio.pdf\" target=\"_blank\" rel=\"noopener noreferrer\"><img decoding=\"async\" class=\"alignnone wp-image-3484\" src=\"https:\/\/www.filha.fi\/wp-content\/uploads\/2020\/01\/K\u00e4sikirja-2020-204x300.jpg\" alt=\"\" width=\"160\" height=\"235\" srcset=\"https:\/\/www.filha.fi\/wp-content\/uploads\/2020\/01\/K\u00e4sikirja-2020-204x300.jpg 204w, https:\/\/www.filha.fi\/wp-content\/uploads\/2020\/01\/K\u00e4sikirja-2020.jpg 586w\" sizes=\"(max-width: 160px) 100vw, 160px\" \/><\/a><\/p>\n<p>Muut hankkeen tuottamat <a href=\"https:\/\/www.filha.fi\/ammattilaisille\/tupakka\/vertaisohjaajalle\/\" target=\"_blank\" rel=\"noopener noreferrer\"><strong>vertaisohjaajille tarkoitetut materiaalit<\/strong><\/a> l\u00f6ytyv\u00e4t materiaalipankista.<\/p>\n<p><img loading=\"lazy\" decoding=\"async\" class=\"wp-image-2359 alignnone\" src=\"https:\/\/www.filha.fi\/wp-content\/uploads\/2019\/06\/kaikki-3-korttia-300x192.jpg\" alt=\"\" width=\"317\" height=\"203\" srcset=\"https:\/\/www.filha.fi\/wp-content\/uploads\/2019\/06\/kaikki-3-korttia-300x192.jpg 300w, https:\/\/www.filha.fi\/wp-content\/uploads\/2019\/06\/kaikki-3-korttia-768x491.jpg 768w, https:\/\/www.filha.fi\/wp-content\/uploads\/2019\/06\/kaikki-3-korttia-1024x655.jpg 1024w, https:\/\/www.filha.fi\/wp-content\/uploads\/2019\/06\/kaikki-3-korttia.jpg 1136w\" sizes=\"(max-width: 317px) 100vw, 317px\" \/><\/p>\n<h3><strong>Lehdist\u00f6tiedotteet<\/strong><\/h3>\n<p><a href=\"https:\/\/www.filha.fi\/wp-content\/uploads\/2019\/07\/Lehdist\u00f6tiedote-hein\u00e4kuu-2019_Vertaistuessa-on-voimaa.pdf\" target=\"_blank\" rel=\"noopener noreferrer\">Vertaistuessa on voimaa\u00a0 <\/a>(2.7.2019)<br \/>\n<a id=\"Selkokielist\u00e4 materiaalia ja verkkoryhmi\u00e4 tupakoinnin lopettamisen tueksi!\" href=\"http:\/\/www.filha.fi\/wp-content\/uploads\/2016\/08\/vertaisvieroitus_lehdistotiedote_final_19.12.2018.docx\" target=\"_blank\" rel=\"noopener noreferrer\" type=\"application\/vnd.openxmlformats-officedocument.wordprocessingml.document; length=38642\" name=\"Selkokielist\u00e4 materiaalia ja verkkoryhmi\u00e4 tupakoinnin lopettamisen tueksi!\">Selkokielist\u00e4 materiaalia ja verkkoryhmi\u00e4 tupakoinnin lopettamisen tueksi!<\/a> (20.12.2018)<br \/>\n<a title=\"Lehdist\u00f6tiedote\" href=\"https:\/\/www.epressi.com\/tiedotteet\/terveys\/palaako-kuinka-monta-tupakkaa-sina-olet-polttanut-elamasi-aikana.html\" target=\"_blank\" rel=\"noopener noreferrer\" name=\"Lehdist\u00f6tiedote \">Palaako? Kuinka monta tupakkaa sin\u00e4 olet polttanut el\u00e4m\u00e4si aikana?\u00a0<\/a>(24.4.2018)<br \/>\n (29.12.2017)<br \/>\n (20.12.2017)<br \/>\n<a href=\"https:\/\/www.filha.fi\/wp-content\/uploads\/2019\/05\/vertaisvieroitus_lehdist\u00f6tiedot_062017_FINAL.pdf\" target=\"_blank\" rel=\"noopener noreferrer\">Vertaistuella eroon tupakasta<\/a> (21.6.2017)<\/p>\n","protected":false},"excerpt":{"rendered":"<p>Hankkeen nimi: Vertaistuella eroon tupakasta Kesto:\u00a02016\u22122019 P\u00e4\u00e4toteuttaja:\u00a0Filha ry Kohderyhm\u00e4: Runsaasti tupakoivat v\u00e4est\u00f6ryhm\u00e4t, kuten mielenterveys- ja p\u00e4ihdekuntoutujat, ty\u00f6tt\u00f6m\u00e4t, runsaasti tupakoivat maahanmuuttajaryhm\u00e4t, vangit sek\u00e4 ammatillisissa oppilaitoksissa opiskelevat. Yhteisty\u00f6kumppanit: Paikalliset ty\u00f6tt\u00f6mien yhdistykset, mielenterveysj\u00e4rjest\u00f6t &#8230; <a title=\"Vertaistuella eroon tupakasta\u200b\u200b\" class=\"read-more\" href=\"https:\/\/www.filha.fi\/en\/hankkeet\/paattyneet\/vertaistuella-eroon-tupakasta%e2%80%8b%e2%80%8b\/\" aria-label=\"Read more about Vertaistuella eroon tupakasta\u200b\u200b\">Read more<\/a><\/p>\n","protected":false},"author":4,"featured_media":0,"parent":87,"menu_order":0,"comment_status":"closed","ping_status":"closed","template":"","meta":{"_acf_changed":false,"footnotes":""},"categories":[52,69,43,44,7,29],"class_list":["post-148","page","type-page","status-publish","category-ala-nayta-aiheeseen-liittyvia-koulutuksia","category-ala-nayta-aiheeseen-liittyvia-sivuja","category-katja","category-patrick","category-tupakka","category-vertaistuella-eroon-tupakasta"],"translation":{"provider":"WPGlobus","version":"3.0.2","language":"en","enabled_languages":["fi","en"],"languages":{"fi":{"title":true,"content":true,"excerpt":false},"en":{"title":false,"content":false,"excerpt":false}}},"acf":[],"yoast_head":"<!-- This site is optimized with the Yoast SEO plugin v27.5 - https:\/\/yoast.com\/product\/yoast-seo-wordpress\/ -->\n<title>Vertaistuella eroon tupakasta\u200b\u200b - Filha<\/title>\n<meta name=\"robots\" content=\"index, follow, max-snippet:-1, max-image-preview:large, max-video-preview:-1\" \/>\n<link rel=\"canonical\" href=\"https:\/\/www.filha.fi\/hankkeet\/paattyneet\/vertaistuella-eroon-tupakasta\u200b\u200b\/\" \/>\n<meta property=\"og:locale\" content=\"en_US\" \/>\n<meta property=\"og:type\" content=\"article\" \/>\n<meta property=\"og:title\" content=\"Vertaistuella eroon tupakasta\u200b\u200b - Filha\" \/>\n<meta property=\"og:url\" content=\"https:\/\/www.filha.fi\/hankkeet\/paattyneet\/vertaistuella-eroon-tupakasta\u200b\u200b\/\" \/>\n<meta property=\"og:site_name\" content=\"Filha\" \/>\n<meta property=\"article:modified_time\" content=\"2020-05-13T08:42:20+00:00\" \/>\n<meta property=\"og:image\" content=\"https:\/\/www.filha.fi\/wp-content\/uploads\/2019\/06\/tuettu_veikkauksen_tuotoilla_tunnus_sininen_rgb1.jpg\" \/>\n<meta name=\"twitter:card\" content=\"summary_large_image\" \/>\n<meta name=\"twitter:label1\" content=\"Est. reading time\" \/>\n\t<meta name=\"twitter:data1\" content=\"1 minute\" \/>\n<script type=\"application\/ld+json\" class=\"yoast-schema-graph\">{\"@context\":\"https:\\\/\\\/schema.org\",\"@graph\":[{\"@type\":\"WebPage\",\"@id\":\"https:\\\/\\\/www.filha.fi\\\/hankkeet\\\/paattyneet\\\/vertaistuella-eroon-tupakasta%e2%80%8b%e2%80%8b\\\/\",\"url\":\"https:\\\/\\\/www.filha.fi\\\/hankkeet\\\/paattyneet\\\/vertaistuella-eroon-tupakasta%e2%80%8b%e2%80%8b\\\/\",\"name\":\"Vertaistuella eroon tupakasta\u200b\u200b - Filha\",\"isPartOf\":{\"@id\":\"https:\\\/\\\/www.filha.fi\\\/#website\"},\"primaryImageOfPage\":{\"@id\":\"https:\\\/\\\/www.filha.fi\\\/hankkeet\\\/paattyneet\\\/vertaistuella-eroon-tupakasta%e2%80%8b%e2%80%8b\\\/#primaryimage\"},\"image\":{\"@id\":\"https:\\\/\\\/www.filha.fi\\\/hankkeet\\\/paattyneet\\\/vertaistuella-eroon-tupakasta%e2%80%8b%e2%80%8b\\\/#primaryimage\"},\"thumbnailUrl\":\"https:\\\/\\\/www.filha.fi\\\/wp-content\\\/uploads\\\/2019\\\/06\\\/tuettu_veikkauksen_tuotoilla_tunnus_sininen_rgb1.jpg\",\"datePublished\":\"2016-08-31T09:29:57+00:00\",\"dateModified\":\"2020-05-13T08:42:20+00:00\",\"breadcrumb\":{\"@id\":\"https:\\\/\\\/www.filha.fi\\\/hankkeet\\\/paattyneet\\\/vertaistuella-eroon-tupakasta%e2%80%8b%e2%80%8b\\\/#breadcrumb\"},\"inLanguage\":\"en-US\",\"potentialAction\":[{\"@type\":\"ReadAction\",\"target\":[\"https:\\\/\\\/www.filha.fi\\\/hankkeet\\\/paattyneet\\\/vertaistuella-eroon-tupakasta%e2%80%8b%e2%80%8b\\\/\"]}]},{\"@type\":\"ImageObject\",\"inLanguage\":\"en-US\",\"@id\":\"https:\\\/\\\/www.filha.fi\\\/hankkeet\\\/paattyneet\\\/vertaistuella-eroon-tupakasta%e2%80%8b%e2%80%8b\\\/#primaryimage\",\"url\":\"https:\\\/\\\/www.filha.fi\\\/wp-content\\\/uploads\\\/2019\\\/06\\\/tuettu_veikkauksen_tuotoilla_tunnus_sininen_rgb1.jpg\",\"contentUrl\":\"https:\\\/\\\/www.filha.fi\\\/wp-content\\\/uploads\\\/2019\\\/06\\\/tuettu_veikkauksen_tuotoilla_tunnus_sininen_rgb1.jpg\"},{\"@type\":\"BreadcrumbList\",\"@id\":\"https:\\\/\\\/www.filha.fi\\\/hankkeet\\\/paattyneet\\\/vertaistuella-eroon-tupakasta%e2%80%8b%e2%80%8b\\\/#breadcrumb\",\"itemListElement\":[{\"@type\":\"ListItem\",\"position\":1,\"name\":\"Home\",\"item\":\"https:\\\/\\\/www.filha.fi\\\/\"},{\"@type\":\"ListItem\",\"position\":2,\"name\":\"Hankkeet\",\"item\":\"https:\\\/\\\/www.filha.fi\\\/hankkeet\\\/\"},{\"@type\":\"ListItem\",\"position\":3,\"name\":\"P\u00e4\u00e4ttyneet hankkeet\",\"item\":\"https:\\\/\\\/www.filha.fi\\\/hankkeet\\\/paattyneet\\\/\"},{\"@type\":\"ListItem\",\"position\":4,\"name\":\"Vertaistuella eroon tupakasta\u200b\u200b\"}]},{\"@type\":\"WebSite\",\"@id\":\"https:\\\/\\\/www.filha.fi\\\/#website\",\"url\":\"https:\\\/\\\/www.filha.fi\\\/\",\"name\":\"Filha\",\"description\":\"Expertise in lung health\",\"publisher\":{\"@id\":\"https:\\\/\\\/www.filha.fi\\\/#organization\"},\"potentialAction\":[{\"@type\":\"SearchAction\",\"target\":{\"@type\":\"EntryPoint\",\"urlTemplate\":\"https:\\\/\\\/www.filha.fi\\\/?s={search_term_string}\"},\"query-input\":{\"@type\":\"PropertyValueSpecification\",\"valueRequired\":true,\"valueName\":\"search_term_string\"}}],\"inLanguage\":\"en-US\"},{\"@type\":\"Organization\",\"@id\":\"https:\\\/\\\/www.filha.fi\\\/#organization\",\"name\":\"Filha ry\",\"url\":\"https:\\\/\\\/www.filha.fi\\\/\",\"logo\":{\"@type\":\"ImageObject\",\"inLanguage\":\"en-US\",\"@id\":\"https:\\\/\\\/www.filha.fi\\\/#\\\/schema\\\/logo\\\/image\\\/\",\"url\":\"https:\\\/\\\/www.filha.fi\\\/wp-content\\\/uploads\\\/2019\\\/04\\\/Filha-logo.png\",\"contentUrl\":\"https:\\\/\\\/www.filha.fi\\\/wp-content\\\/uploads\\\/2019\\\/04\\\/Filha-logo.png\",\"width\":960,\"height\":1230,\"caption\":\"Filha ry\"},\"image\":{\"@id\":\"https:\\\/\\\/www.filha.fi\\\/#\\\/schema\\\/logo\\\/image\\\/\"}}]}<\/script>\n<!-- \/ Yoast SEO plugin. -->","yoast_head_json":{"title":"Vertaistuella eroon tupakasta\u200b\u200b - Filha","robots":{"index":"index","follow":"follow","max-snippet":"max-snippet:-1","max-image-preview":"max-image-preview:large","max-video-preview":"max-video-preview:-1"},"canonical":"https:\/\/www.filha.fi\/hankkeet\/paattyneet\/vertaistuella-eroon-tupakasta\u200b\u200b\/","og_locale":"en_US","og_type":"article","og_title":"Vertaistuella eroon tupakasta\u200b\u200b - Filha","og_url":"https:\/\/www.filha.fi\/hankkeet\/paattyneet\/vertaistuella-eroon-tupakasta\u200b\u200b\/","og_site_name":"Filha","article_modified_time":"2020-05-13T08:42:20+00:00","og_image":[{"url":"https:\/\/www.filha.fi\/wp-content\/uploads\/2019\/06\/tuettu_veikkauksen_tuotoilla_tunnus_sininen_rgb1.jpg","type":"","width":"","height":""}],"twitter_card":"summary_large_image","twitter_misc":{"Est. reading time":"1 minute"},"schema":{"@context":"https:\/\/schema.org","@graph":[{"@type":"WebPage","@id":"https:\/\/www.filha.fi\/hankkeet\/paattyneet\/vertaistuella-eroon-tupakasta%e2%80%8b%e2%80%8b\/","url":"https:\/\/www.filha.fi\/hankkeet\/paattyneet\/vertaistuella-eroon-tupakasta%e2%80%8b%e2%80%8b\/","name":"Vertaistuella eroon tupakasta\u200b\u200b - Filha","isPartOf":{"@id":"https:\/\/www.filha.fi\/#website"},"primaryImageOfPage":{"@id":"https:\/\/www.filha.fi\/hankkeet\/paattyneet\/vertaistuella-eroon-tupakasta%e2%80%8b%e2%80%8b\/#primaryimage"},"image":{"@id":"https:\/\/www.filha.fi\/hankkeet\/paattyneet\/vertaistuella-eroon-tupakasta%e2%80%8b%e2%80%8b\/#primaryimage"},"thumbnailUrl":"https:\/\/www.filha.fi\/wp-content\/uploads\/2019\/06\/tuettu_veikkauksen_tuotoilla_tunnus_sininen_rgb1.jpg","datePublished":"2016-08-31T09:29:57+00:00","dateModified":"2020-05-13T08:42:20+00:00","breadcrumb":{"@id":"https:\/\/www.filha.fi\/hankkeet\/paattyneet\/vertaistuella-eroon-tupakasta%e2%80%8b%e2%80%8b\/#breadcrumb"},"inLanguage":"en-US","potentialAction":[{"@type":"ReadAction","target":["https:\/\/www.filha.fi\/hankkeet\/paattyneet\/vertaistuella-eroon-tupakasta%e2%80%8b%e2%80%8b\/"]}]},{"@type":"ImageObject","inLanguage":"en-US","@id":"https:\/\/www.filha.fi\/hankkeet\/paattyneet\/vertaistuella-eroon-tupakasta%e2%80%8b%e2%80%8b\/#primaryimage","url":"https:\/\/www.filha.fi\/wp-content\/uploads\/2019\/06\/tuettu_veikkauksen_tuotoilla_tunnus_sininen_rgb1.jpg","contentUrl":"https:\/\/www.filha.fi\/wp-content\/uploads\/2019\/06\/tuettu_veikkauksen_tuotoilla_tunnus_sininen_rgb1.jpg"},{"@type":"BreadcrumbList","@id":"https:\/\/www.filha.fi\/hankkeet\/paattyneet\/vertaistuella-eroon-tupakasta%e2%80%8b%e2%80%8b\/#breadcrumb","itemListElement":[{"@type":"ListItem","position":1,"name":"Home","item":"https:\/\/www.filha.fi\/"},{"@type":"ListItem","position":2,"name":"Hankkeet","item":"https:\/\/www.filha.fi\/hankkeet\/"},{"@type":"ListItem","position":3,"name":"P\u00e4\u00e4ttyneet hankkeet","item":"https:\/\/www.filha.fi\/hankkeet\/paattyneet\/"},{"@type":"ListItem","position":4,"name":"Vertaistuella eroon tupakasta\u200b\u200b"}]},{"@type":"WebSite","@id":"https:\/\/www.filha.fi\/#website","url":"https:\/\/www.filha.fi\/","name":"Filha","description":"Expertise in lung health","publisher":{"@id":"https:\/\/www.filha.fi\/#organization"},"potentialAction":[{"@type":"SearchAction","target":{"@type":"EntryPoint","urlTemplate":"https:\/\/www.filha.fi\/?s={search_term_string}"},"query-input":{"@type":"PropertyValueSpecification","valueRequired":true,"valueName":"search_term_string"}}],"inLanguage":"en-US"},{"@type":"Organization","@id":"https:\/\/www.filha.fi\/#organization","name":"Filha ry","url":"https:\/\/www.filha.fi\/","logo":{"@type":"ImageObject","inLanguage":"en-US","@id":"https:\/\/www.filha.fi\/#\/schema\/logo\/image\/","url":"https:\/\/www.filha.fi\/wp-content\/uploads\/2019\/04\/Filha-logo.png","contentUrl":"https:\/\/www.filha.fi\/wp-content\/uploads\/2019\/04\/Filha-logo.png","width":960,"height":1230,"caption":"Filha ry"},"image":{"@id":"https:\/\/www.filha.fi\/#\/schema\/logo\/image\/"}}]}},"_links":{"self":[{"href":"https:\/\/www.filha.fi\/en\/wp-json\/wp\/v2\/pages\/148","targetHints":{"allow":["GET"]}}],"collection":[{"href":"https:\/\/www.filha.fi\/en\/wp-json\/wp\/v2\/pages"}],"about":[{"href":"https:\/\/www.filha.fi\/en\/wp-json\/wp\/v2\/types\/page"}],"author":[{"embeddable":true,"href":"https:\/\/www.filha.fi\/en\/wp-json\/wp\/v2\/users\/4"}],"replies":[{"embeddable":true,"href":"https:\/\/www.filha.fi\/en\/wp-json\/wp\/v2\/comments?post=148"}],"version-history":[{"count":0,"href":"https:\/\/www.filha.fi\/en\/wp-json\/wp\/v2\/pages\/148\/revisions"}],"up":[{"embeddable":true,"href":"https:\/\/www.filha.fi\/en\/wp-json\/wp\/v2\/pages\/87"}],"wp:attachment":[{"href":"https:\/\/www.filha.fi\/en\/wp-json\/wp\/v2\/media?parent=148"}],"wp:term":[{"taxonomy":"category","embeddable":true,"href":"https:\/\/www.filha.fi\/en\/wp-json\/wp\/v2\/categories?post=148"}],"curies":[{"name":"wp","href":"https:\/\/api.w.org\/{rel}","templated":true}]}}