{"id":169,"date":"2016-09-06T06:26:04","date_gmt":"2016-09-06T06:26:04","guid":{"rendered":"http:\/\/www.filha.fi\/content_page\/tuberkuloosi-ja-hiv-eri-kulttuureissa\/"},"modified":"2019-05-14T14:27:52","modified_gmt":"2019-05-14T11:27:52","slug":"tuberkuloosi-ja-hiv-eri-kulttuureissa","status":"publish","type":"page","link":"https:\/\/www.filha.fi\/en\/tuberkuloosi-ja-hiv-eri-kulttuureissa\/","title":{"rendered":"Tuberkuloosi ja hiv eri kulttuureissa"},"content":{"rendered":"<p>TIE-hankkeessa laaditussa kirjallisuuskatsauksessa kartoitetaan Suomen suurimpien turvapaikanhakijaryhmien (l\u00e4nsi-afrikkalais-, somalialais-, kurdi-, syyrialais-, afganistanilais- ja ven\u00e4l\u00e4istaustaiset sek\u00e4 Balkanin alueelta l\u00e4ht\u00f6isin olevat) tuberkuloosiin ja hiviin liittyvi\u00e4 asenteita pohjautuen suomeksi ja englanniksi julkaistuun kirjallisuuteen.<\/p>\n<p>Katsauksessa keskityt\u00e4\u00e4n vuoden 2000 j\u00e4lkeen julkaistuihin artikkeleihin ja raportteihin. Tietoa l\u00f6ytyi p\u00e4\u00e4asiassa pakolaisten ja turvapaikanhakijoiden l\u00e4ht\u00f6maiden aikuisv\u00e4est\u00f6n osalta. Euroopassa tehtyj\u00e4 tutkimuksia pakolaisten ja turvapaikanhakijoiden osalta l\u00f6ytyi hyvin v\u00e4h\u00e4n ja n\u00e4iden tutkimusten tulosten tulkintaa vaikeuttaa se, ett\u00e4 tutkimuksissa oli mukana useista eri maista l\u00e4ht\u00f6isin olevia henkil\u00f6it\u00e4.<\/p>\n<p><a href=\"http:\/\/www.filha.fi\/wp-content\/uploads\/2019\/04\/tie-hankkeen_tb-_ja_hiv-asennetutkimuksen_raportti_25.6.2014.pdf\">Suomeen tulevien turvapaikanhakijoiden tuberkuloosiin ja hiviin liittyv\u00e4t asenteet ja tiedot<\/a> (633 kB).<\/p>\n","protected":false},"excerpt":{"rendered":"<p>TIE-hankkeessa laaditussa kirjallisuuskatsauksessa kartoitetaan Suomen suurimpien turvapaikanhakijaryhmien (l\u00e4nsi-afrikkalais-, somalialais-, kurdi-, syyrialais-, afganistanilais- ja ven\u00e4l\u00e4istaustaiset sek\u00e4 Balkanin alueelta l\u00e4ht\u00f6isin olevat) tuberkuloosiin ja hiviin liittyvi\u00e4 asenteita pohjautuen suomeksi ja englanniksi julkaistuun kirjallisuuteen. &#8230; <a title=\"Tuberkuloosi ja hiv eri kulttuureissa\" class=\"read-more\" href=\"https:\/\/www.filha.fi\/en\/tuberkuloosi-ja-hiv-eri-kulttuureissa\/\" aria-label=\"Read more about Tuberkuloosi ja hiv eri kulttuureissa\">Read more<\/a><\/p>\n","protected":false},"author":4,"featured_media":0,"parent":0,"menu_order":0,"comment_status":"closed","ping_status":"closed","template":"","meta":{"_acf_changed":false,"footnotes":""},"categories":[22,46,30,3],"class_list":["post-169","page","type-page","status-publish","category-hiv","category-mikko","category-tie","category-tuberkuloosi"],"translation":{"provider":"WPGlobus","version":"3.0.2","language":"en","enabled_languages":["fi","en"],"languages":{"fi":{"title":true,"content":true,"excerpt":false},"en":{"title":false,"content":false,"excerpt":false}}},"acf":[],"yoast_head":"<!-- This site is optimized with the Yoast SEO plugin v27.4 - https:\/\/yoast.com\/product\/yoast-seo-wordpress\/ -->\n<title>Tuberkuloosi ja hiv eri kulttuureissa - Filha<\/title>\n<meta name=\"robots\" content=\"index, follow, max-snippet:-1, max-image-preview:large, max-video-preview:-1\" \/>\n<link rel=\"canonical\" href=\"https:\/\/www.filha.fi\/tuberkuloosi-ja-hiv-eri-kulttuureissa\/\" \/>\n<meta property=\"og:locale\" content=\"en_US\" \/>\n<meta property=\"og:type\" content=\"article\" \/>\n<meta property=\"og:title\" content=\"Tuberkuloosi ja hiv eri kulttuureissa - Filha\" \/>\n<meta property=\"og:url\" content=\"https:\/\/www.filha.fi\/tuberkuloosi-ja-hiv-eri-kulttuureissa\/\" \/>\n<meta property=\"og:site_name\" content=\"Filha\" \/>\n<meta property=\"article:modified_time\" content=\"2019-05-14T11:27:52+00:00\" \/>\n<meta property=\"og:image\" content=\"https:\/\/www.filha.fi\/wp-content\/uploads\/2019\/04\/Filha-logo.png\" \/>\n\t<meta property=\"og:image:width\" content=\"960\" \/>\n\t<meta property=\"og:image:height\" content=\"1230\" \/>\n\t<meta property=\"og:image:type\" content=\"image\/png\" \/>\n<meta name=\"twitter:card\" content=\"summary_large_image\" \/>\n<meta name=\"twitter:label1\" content=\"Est. reading time\" \/>\n\t<meta name=\"twitter:data1\" content=\"1 minute\" \/>\n<script type=\"application\/ld+json\" class=\"yoast-schema-graph\">{\"@context\":\"https:\\\/\\\/schema.org\",\"@graph\":[{\"@type\":\"WebPage\",\"@id\":\"https:\\\/\\\/www.filha.fi\\\/tuberkuloosi-ja-hiv-eri-kulttuureissa\\\/\",\"url\":\"https:\\\/\\\/www.filha.fi\\\/tuberkuloosi-ja-hiv-eri-kulttuureissa\\\/\",\"name\":\"Tuberkuloosi ja hiv eri kulttuureissa - Filha\",\"isPartOf\":{\"@id\":\"https:\\\/\\\/www.filha.fi\\\/#website\"},\"datePublished\":\"2016-09-06T06:26:04+00:00\",\"dateModified\":\"2019-05-14T11:27:52+00:00\",\"breadcrumb\":{\"@id\":\"https:\\\/\\\/www.filha.fi\\\/tuberkuloosi-ja-hiv-eri-kulttuureissa\\\/#breadcrumb\"},\"inLanguage\":\"en-US\",\"potentialAction\":[{\"@type\":\"ReadAction\",\"target\":[\"https:\\\/\\\/www.filha.fi\\\/tuberkuloosi-ja-hiv-eri-kulttuureissa\\\/\"]}]},{\"@type\":\"BreadcrumbList\",\"@id\":\"https:\\\/\\\/www.filha.fi\\\/tuberkuloosi-ja-hiv-eri-kulttuureissa\\\/#breadcrumb\",\"itemListElement\":[{\"@type\":\"ListItem\",\"position\":1,\"name\":\"Home\",\"item\":\"https:\\\/\\\/www.filha.fi\\\/\"},{\"@type\":\"ListItem\",\"position\":2,\"name\":\"Tuberkuloosi ja hiv eri kulttuureissa\"}]},{\"@type\":\"WebSite\",\"@id\":\"https:\\\/\\\/www.filha.fi\\\/#website\",\"url\":\"https:\\\/\\\/www.filha.fi\\\/\",\"name\":\"Filha\",\"description\":\"Expertise in lung health\",\"publisher\":{\"@id\":\"https:\\\/\\\/www.filha.fi\\\/#organization\"},\"potentialAction\":[{\"@type\":\"SearchAction\",\"target\":{\"@type\":\"EntryPoint\",\"urlTemplate\":\"https:\\\/\\\/www.filha.fi\\\/?s={search_term_string}\"},\"query-input\":{\"@type\":\"PropertyValueSpecification\",\"valueRequired\":true,\"valueName\":\"search_term_string\"}}],\"inLanguage\":\"en-US\"},{\"@type\":\"Organization\",\"@id\":\"https:\\\/\\\/www.filha.fi\\\/#organization\",\"name\":\"Filha ry\",\"url\":\"https:\\\/\\\/www.filha.fi\\\/\",\"logo\":{\"@type\":\"ImageObject\",\"inLanguage\":\"en-US\",\"@id\":\"https:\\\/\\\/www.filha.fi\\\/#\\\/schema\\\/logo\\\/image\\\/\",\"url\":\"https:\\\/\\\/www.filha.fi\\\/wp-content\\\/uploads\\\/2019\\\/04\\\/Filha-logo.png\",\"contentUrl\":\"https:\\\/\\\/www.filha.fi\\\/wp-content\\\/uploads\\\/2019\\\/04\\\/Filha-logo.png\",\"width\":960,\"height\":1230,\"caption\":\"Filha ry\"},\"image\":{\"@id\":\"https:\\\/\\\/www.filha.fi\\\/#\\\/schema\\\/logo\\\/image\\\/\"}}]}<\/script>\n<!-- \/ Yoast SEO plugin. -->","yoast_head_json":{"title":"Tuberkuloosi ja hiv eri kulttuureissa - Filha","robots":{"index":"index","follow":"follow","max-snippet":"max-snippet:-1","max-image-preview":"max-image-preview:large","max-video-preview":"max-video-preview:-1"},"canonical":"https:\/\/www.filha.fi\/tuberkuloosi-ja-hiv-eri-kulttuureissa\/","og_locale":"en_US","og_type":"article","og_title":"Tuberkuloosi ja hiv eri kulttuureissa - Filha","og_url":"https:\/\/www.filha.fi\/tuberkuloosi-ja-hiv-eri-kulttuureissa\/","og_site_name":"Filha","article_modified_time":"2019-05-14T11:27:52+00:00","og_image":[{"width":960,"height":1230,"url":"https:\/\/www.filha.fi\/wp-content\/uploads\/2019\/04\/Filha-logo.png","type":"image\/png"}],"twitter_card":"summary_large_image","twitter_misc":{"Est. reading time":"1 minute"},"schema":{"@context":"https:\/\/schema.org","@graph":[{"@type":"WebPage","@id":"https:\/\/www.filha.fi\/tuberkuloosi-ja-hiv-eri-kulttuureissa\/","url":"https:\/\/www.filha.fi\/tuberkuloosi-ja-hiv-eri-kulttuureissa\/","name":"Tuberkuloosi ja hiv eri kulttuureissa - Filha","isPartOf":{"@id":"https:\/\/www.filha.fi\/#website"},"datePublished":"2016-09-06T06:26:04+00:00","dateModified":"2019-05-14T11:27:52+00:00","breadcrumb":{"@id":"https:\/\/www.filha.fi\/tuberkuloosi-ja-hiv-eri-kulttuureissa\/#breadcrumb"},"inLanguage":"en-US","potentialAction":[{"@type":"ReadAction","target":["https:\/\/www.filha.fi\/tuberkuloosi-ja-hiv-eri-kulttuureissa\/"]}]},{"@type":"BreadcrumbList","@id":"https:\/\/www.filha.fi\/tuberkuloosi-ja-hiv-eri-kulttuureissa\/#breadcrumb","itemListElement":[{"@type":"ListItem","position":1,"name":"Home","item":"https:\/\/www.filha.fi\/"},{"@type":"ListItem","position":2,"name":"Tuberkuloosi ja hiv eri kulttuureissa"}]},{"@type":"WebSite","@id":"https:\/\/www.filha.fi\/#website","url":"https:\/\/www.filha.fi\/","name":"Filha","description":"Expertise in lung health","publisher":{"@id":"https:\/\/www.filha.fi\/#organization"},"potentialAction":[{"@type":"SearchAction","target":{"@type":"EntryPoint","urlTemplate":"https:\/\/www.filha.fi\/?s={search_term_string}"},"query-input":{"@type":"PropertyValueSpecification","valueRequired":true,"valueName":"search_term_string"}}],"inLanguage":"en-US"},{"@type":"Organization","@id":"https:\/\/www.filha.fi\/#organization","name":"Filha ry","url":"https:\/\/www.filha.fi\/","logo":{"@type":"ImageObject","inLanguage":"en-US","@id":"https:\/\/www.filha.fi\/#\/schema\/logo\/image\/","url":"https:\/\/www.filha.fi\/wp-content\/uploads\/2019\/04\/Filha-logo.png","contentUrl":"https:\/\/www.filha.fi\/wp-content\/uploads\/2019\/04\/Filha-logo.png","width":960,"height":1230,"caption":"Filha ry"},"image":{"@id":"https:\/\/www.filha.fi\/#\/schema\/logo\/image\/"}}]}},"_links":{"self":[{"href":"https:\/\/www.filha.fi\/en\/wp-json\/wp\/v2\/pages\/169","targetHints":{"allow":["GET"]}}],"collection":[{"href":"https:\/\/www.filha.fi\/en\/wp-json\/wp\/v2\/pages"}],"about":[{"href":"https:\/\/www.filha.fi\/en\/wp-json\/wp\/v2\/types\/page"}],"author":[{"embeddable":true,"href":"https:\/\/www.filha.fi\/en\/wp-json\/wp\/v2\/users\/4"}],"replies":[{"embeddable":true,"href":"https:\/\/www.filha.fi\/en\/wp-json\/wp\/v2\/comments?post=169"}],"version-history":[{"count":0,"href":"https:\/\/www.filha.fi\/en\/wp-json\/wp\/v2\/pages\/169\/revisions"}],"wp:attachment":[{"href":"https:\/\/www.filha.fi\/en\/wp-json\/wp\/v2\/media?parent=169"}],"wp:term":[{"taxonomy":"category","embeddable":true,"href":"https:\/\/www.filha.fi\/en\/wp-json\/wp\/v2\/categories?post=169"}],"curies":[{"name":"wp","href":"https:\/\/api.w.org\/{rel}","templated":true}]}}