{"id":170,"date":"2016-09-06T06:31:10","date_gmt":"2016-09-06T06:31:10","guid":{"rendered":"http:\/\/www.filha.fi\/content_page\/nuorten-turvapaikanhakijoiden-tuberkuloosiin-ja-hiviin-liittyvat-tiedot-asenteet-ja-kaytannot\/"},"modified":"2019-05-14T14:27:20","modified_gmt":"2019-05-14T11:27:20","slug":"nuorten-turvapaikanhakijoiden-tuberkuloosiin-ja-hiviin-liittyvat-tiedot-asenteet-ja-kaytannot","status":"publish","type":"page","link":"https:\/\/www.filha.fi\/en\/nuorten-turvapaikanhakijoiden-tuberkuloosiin-ja-hiviin-liittyvat-tiedot-asenteet-ja-kaytannot\/","title":{"rendered":"Nuorten turvapaikanhakijoiden tuberkuloosiin ja hiviin liittyv\u00e4t tiedot, asenteet ja k\u00e4yt\u00e4nn\u00f6t"},"content":{"rendered":"<p>TIE-hankkeen asenne-tietoisuus-tutkimuksen tavoitteena oli selvitt\u00e4\u00e4 nuorten turvapaikanhakijoiden asenteita, tietoja ja k\u00e4yt\u00e4nt\u00f6j\u00e4 koskien hivi\u00e4 ja tuberkuloosia. Tutkimus on osa Filha:n koordinoimaa TIE-hanketta, jota rahoittaa Euroopan pakolaisrahasto (ERF).<\/p>\n<p>Asenne-tietoisuus-tutkimus toteutettiin Helsingin ja Turun vastaanottokeskuksissa 1.1.-31.5.2014 anonyymin kyselykaavakkeen avulla. Tutkimukseen osallistui 68 nuorta 16\u201325-vuotiastasta turvapaikanhakijaa viidelt\u00e4 eri kielialueelta: arabiankielisest\u00e4 Pohjois-Afrikasta ja L\u00e4hi-id\u00e4st\u00e4, englannin kielisest\u00e4 Saharan etel\u00e4puolisesta Afrikasta, somalian kielialueelta, kurdin (sorani) kielialueelta sek\u00e4 ven\u00e4j\u00e4n kielialueelta (Ven\u00e4j\u00e4 ja entisen Neuvostoliiton alueen maat).<\/p>\n<p>Kyselytutkimuksen tulokset osoittavat, ett\u00e4 tiedot hivist\u00e4 ja tuberkuloosista ovat merkitt\u00e4v\u00e4ll\u00e4 osalla vastaajista puutteellisia. Hiviin ja tuberkuloosiin liittyy syrjivi\u00e4 asenteita ja jopa v\u00e4\u00e4ri\u00e4 uskomuksia, jotka voivat olla merkitt\u00e4v\u00e4 este hoitoon hakeutumiselle ja tartuntojen ehk\u00e4isylle. Kieliryhmien v\u00e4lill\u00e4 oli eroja luku- ja kirjoitustaidossa, koulutuksessa sek\u00e4 internetin k\u00e4yt\u00f6ss\u00e4. Osallistuneet toivoivat lis\u00e4\u00e4 informaatiota sairauksista nimenomaan terveydenhuollon henkil\u00f6kunnalta.<\/p>\n<p>TIE-hankkeen asenne-tietoisuus-tutkimus oli ensimm\u00e4inen nuorille turvapaikanhakijoille Suomessa tehty hiviin ja tuberkuloosin liittyvi\u00e4 asenteita kartoittanut tutkimus ja tarjosi uutta tietoa nuorten turvapaikanhakijoiden tilanteesta. Tutkimus osoittaa, ett\u00e4 nuoret turvapaikanhakijat tarvitsevat lis\u00e4\u00e4 tietoa hivist\u00e4 ja tuberkuloosista, jotta he osaisivat hakeutua varhain testiin ja hoitoon sek\u00e4 suojautua tartunnoilta. Tutkimuksen tuloksia voidaan hy\u00f6dynt\u00e4\u00e4 suunniteltaessa opetusmateriaalia nuorille turvapaikanhakijoille. TIE-hankkeen kokemusten perusteella virikel\u00e4ht\u00f6iset ryhm\u00e4terveysinformaatiotilaisuudet voivat olla hy\u00f6dyllinen l\u00e4hestymistapa t\u00e4lle kohderyhm\u00e4lle.<\/p>\n<p><a href=\"http:\/\/www.filha.fi\/wp-content\/uploads\/2019\/04\/tie-hankkeen_tb-_ja_hiv-asennetutkimuksen_raportti_25.6.2014.pdf\" target=\"_blank\" rel=\"noopener noreferrer\">TIE-hankkeen TB- ja HIV-asennetutkimuksen raportti 25.6.2014<\/a> (742 kB)<\/p>\n","protected":false},"excerpt":{"rendered":"<p>TIE-hankkeen asenne-tietoisuus-tutkimuksen tavoitteena oli selvitt\u00e4\u00e4 nuorten turvapaikanhakijoiden asenteita, tietoja ja k\u00e4yt\u00e4nt\u00f6j\u00e4 koskien hivi\u00e4 ja tuberkuloosia. Tutkimus on osa Filha:n koordinoimaa TIE-hanketta, jota rahoittaa Euroopan pakolaisrahasto (ERF). Asenne-tietoisuus-tutkimus toteutettiin Helsingin ja &#8230; <a title=\"Nuorten turvapaikanhakijoiden tuberkuloosiin ja hiviin liittyv\u00e4t tiedot, asenteet ja k\u00e4yt\u00e4nn\u00f6t\" class=\"read-more\" href=\"https:\/\/www.filha.fi\/en\/nuorten-turvapaikanhakijoiden-tuberkuloosiin-ja-hiviin-liittyvat-tiedot-asenteet-ja-kaytannot\/\" aria-label=\"Read more about Nuorten turvapaikanhakijoiden tuberkuloosiin ja hiviin liittyv\u00e4t tiedot, asenteet ja k\u00e4yt\u00e4nn\u00f6t\">Read more<\/a><\/p>\n","protected":false},"author":4,"featured_media":0,"parent":0,"menu_order":0,"comment_status":"closed","ping_status":"closed","template":"","meta":{"_acf_changed":false,"footnotes":""},"categories":[22,46,3],"class_list":["post-170","page","type-page","status-publish","category-hiv","category-mikko","category-tuberkuloosi"],"translation":{"provider":"WPGlobus","version":"3.0.2","language":"en","enabled_languages":["fi","en"],"languages":{"fi":{"title":true,"content":true,"excerpt":false},"en":{"title":false,"content":false,"excerpt":false}}},"acf":[],"yoast_head":"<!-- This site is optimized with the Yoast SEO plugin v27.4 - https:\/\/yoast.com\/product\/yoast-seo-wordpress\/ -->\n<title>Nuorten turvapaikanhakijoiden tuberkuloosiin ja hiviin liittyv\u00e4t tiedot, asenteet ja k\u00e4yt\u00e4nn\u00f6t - Filha<\/title>\n<meta name=\"robots\" content=\"index, follow, max-snippet:-1, max-image-preview:large, max-video-preview:-1\" \/>\n<link rel=\"canonical\" href=\"https:\/\/www.filha.fi\/nuorten-turvapaikanhakijoiden-tuberkuloosiin-ja-hiviin-liittyvat-tiedot-asenteet-ja-kaytannot\/\" \/>\n<meta property=\"og:locale\" content=\"en_US\" \/>\n<meta property=\"og:type\" content=\"article\" \/>\n<meta property=\"og:title\" content=\"Nuorten turvapaikanhakijoiden tuberkuloosiin ja hiviin liittyv\u00e4t tiedot, asenteet ja k\u00e4yt\u00e4nn\u00f6t - Filha\" \/>\n<meta property=\"og:url\" content=\"https:\/\/www.filha.fi\/nuorten-turvapaikanhakijoiden-tuberkuloosiin-ja-hiviin-liittyvat-tiedot-asenteet-ja-kaytannot\/\" \/>\n<meta property=\"og:site_name\" content=\"Filha\" \/>\n<meta property=\"article:modified_time\" content=\"2019-05-14T11:27:20+00:00\" \/>\n<meta property=\"og:image\" content=\"https:\/\/www.filha.fi\/wp-content\/uploads\/2019\/04\/Filha-logo.png\" \/>\n\t<meta property=\"og:image:width\" content=\"960\" \/>\n\t<meta property=\"og:image:height\" content=\"1230\" \/>\n\t<meta property=\"og:image:type\" content=\"image\/png\" \/>\n<meta name=\"twitter:card\" content=\"summary_large_image\" \/>\n<meta name=\"twitter:label1\" content=\"Est. reading time\" \/>\n\t<meta name=\"twitter:data1\" content=\"1 minute\" \/>\n<script type=\"application\/ld+json\" class=\"yoast-schema-graph\">{\"@context\":\"https:\\\/\\\/schema.org\",\"@graph\":[{\"@type\":\"WebPage\",\"@id\":\"https:\\\/\\\/www.filha.fi\\\/nuorten-turvapaikanhakijoiden-tuberkuloosiin-ja-hiviin-liittyvat-tiedot-asenteet-ja-kaytannot\\\/\",\"url\":\"https:\\\/\\\/www.filha.fi\\\/nuorten-turvapaikanhakijoiden-tuberkuloosiin-ja-hiviin-liittyvat-tiedot-asenteet-ja-kaytannot\\\/\",\"name\":\"Nuorten turvapaikanhakijoiden tuberkuloosiin ja hiviin liittyv\u00e4t tiedot, asenteet ja k\u00e4yt\u00e4nn\u00f6t - Filha\",\"isPartOf\":{\"@id\":\"https:\\\/\\\/www.filha.fi\\\/#website\"},\"datePublished\":\"2016-09-06T06:31:10+00:00\",\"dateModified\":\"2019-05-14T11:27:20+00:00\",\"breadcrumb\":{\"@id\":\"https:\\\/\\\/www.filha.fi\\\/nuorten-turvapaikanhakijoiden-tuberkuloosiin-ja-hiviin-liittyvat-tiedot-asenteet-ja-kaytannot\\\/#breadcrumb\"},\"inLanguage\":\"en-US\",\"potentialAction\":[{\"@type\":\"ReadAction\",\"target\":[\"https:\\\/\\\/www.filha.fi\\\/nuorten-turvapaikanhakijoiden-tuberkuloosiin-ja-hiviin-liittyvat-tiedot-asenteet-ja-kaytannot\\\/\"]}]},{\"@type\":\"BreadcrumbList\",\"@id\":\"https:\\\/\\\/www.filha.fi\\\/nuorten-turvapaikanhakijoiden-tuberkuloosiin-ja-hiviin-liittyvat-tiedot-asenteet-ja-kaytannot\\\/#breadcrumb\",\"itemListElement\":[{\"@type\":\"ListItem\",\"position\":1,\"name\":\"Home\",\"item\":\"https:\\\/\\\/www.filha.fi\\\/\"},{\"@type\":\"ListItem\",\"position\":2,\"name\":\"Nuorten turvapaikanhakijoiden tuberkuloosiin ja hiviin liittyv\u00e4t tiedot, asenteet ja k\u00e4yt\u00e4nn\u00f6t\"}]},{\"@type\":\"WebSite\",\"@id\":\"https:\\\/\\\/www.filha.fi\\\/#website\",\"url\":\"https:\\\/\\\/www.filha.fi\\\/\",\"name\":\"Filha\",\"description\":\"Expertise in lung health\",\"publisher\":{\"@id\":\"https:\\\/\\\/www.filha.fi\\\/#organization\"},\"potentialAction\":[{\"@type\":\"SearchAction\",\"target\":{\"@type\":\"EntryPoint\",\"urlTemplate\":\"https:\\\/\\\/www.filha.fi\\\/?s={search_term_string}\"},\"query-input\":{\"@type\":\"PropertyValueSpecification\",\"valueRequired\":true,\"valueName\":\"search_term_string\"}}],\"inLanguage\":\"en-US\"},{\"@type\":\"Organization\",\"@id\":\"https:\\\/\\\/www.filha.fi\\\/#organization\",\"name\":\"Filha ry\",\"url\":\"https:\\\/\\\/www.filha.fi\\\/\",\"logo\":{\"@type\":\"ImageObject\",\"inLanguage\":\"en-US\",\"@id\":\"https:\\\/\\\/www.filha.fi\\\/#\\\/schema\\\/logo\\\/image\\\/\",\"url\":\"https:\\\/\\\/www.filha.fi\\\/wp-content\\\/uploads\\\/2019\\\/04\\\/Filha-logo.png\",\"contentUrl\":\"https:\\\/\\\/www.filha.fi\\\/wp-content\\\/uploads\\\/2019\\\/04\\\/Filha-logo.png\",\"width\":960,\"height\":1230,\"caption\":\"Filha ry\"},\"image\":{\"@id\":\"https:\\\/\\\/www.filha.fi\\\/#\\\/schema\\\/logo\\\/image\\\/\"}}]}<\/script>\n<!-- \/ Yoast SEO plugin. -->","yoast_head_json":{"title":"Nuorten turvapaikanhakijoiden tuberkuloosiin ja hiviin liittyv\u00e4t tiedot, asenteet ja k\u00e4yt\u00e4nn\u00f6t - Filha","robots":{"index":"index","follow":"follow","max-snippet":"max-snippet:-1","max-image-preview":"max-image-preview:large","max-video-preview":"max-video-preview:-1"},"canonical":"https:\/\/www.filha.fi\/nuorten-turvapaikanhakijoiden-tuberkuloosiin-ja-hiviin-liittyvat-tiedot-asenteet-ja-kaytannot\/","og_locale":"en_US","og_type":"article","og_title":"Nuorten turvapaikanhakijoiden tuberkuloosiin ja hiviin liittyv\u00e4t tiedot, asenteet ja k\u00e4yt\u00e4nn\u00f6t - Filha","og_url":"https:\/\/www.filha.fi\/nuorten-turvapaikanhakijoiden-tuberkuloosiin-ja-hiviin-liittyvat-tiedot-asenteet-ja-kaytannot\/","og_site_name":"Filha","article_modified_time":"2019-05-14T11:27:20+00:00","og_image":[{"width":960,"height":1230,"url":"https:\/\/www.filha.fi\/wp-content\/uploads\/2019\/04\/Filha-logo.png","type":"image\/png"}],"twitter_card":"summary_large_image","twitter_misc":{"Est. reading time":"1 minute"},"schema":{"@context":"https:\/\/schema.org","@graph":[{"@type":"WebPage","@id":"https:\/\/www.filha.fi\/nuorten-turvapaikanhakijoiden-tuberkuloosiin-ja-hiviin-liittyvat-tiedot-asenteet-ja-kaytannot\/","url":"https:\/\/www.filha.fi\/nuorten-turvapaikanhakijoiden-tuberkuloosiin-ja-hiviin-liittyvat-tiedot-asenteet-ja-kaytannot\/","name":"Nuorten turvapaikanhakijoiden tuberkuloosiin ja hiviin liittyv\u00e4t tiedot, asenteet ja k\u00e4yt\u00e4nn\u00f6t - Filha","isPartOf":{"@id":"https:\/\/www.filha.fi\/#website"},"datePublished":"2016-09-06T06:31:10+00:00","dateModified":"2019-05-14T11:27:20+00:00","breadcrumb":{"@id":"https:\/\/www.filha.fi\/nuorten-turvapaikanhakijoiden-tuberkuloosiin-ja-hiviin-liittyvat-tiedot-asenteet-ja-kaytannot\/#breadcrumb"},"inLanguage":"en-US","potentialAction":[{"@type":"ReadAction","target":["https:\/\/www.filha.fi\/nuorten-turvapaikanhakijoiden-tuberkuloosiin-ja-hiviin-liittyvat-tiedot-asenteet-ja-kaytannot\/"]}]},{"@type":"BreadcrumbList","@id":"https:\/\/www.filha.fi\/nuorten-turvapaikanhakijoiden-tuberkuloosiin-ja-hiviin-liittyvat-tiedot-asenteet-ja-kaytannot\/#breadcrumb","itemListElement":[{"@type":"ListItem","position":1,"name":"Home","item":"https:\/\/www.filha.fi\/"},{"@type":"ListItem","position":2,"name":"Nuorten turvapaikanhakijoiden tuberkuloosiin ja hiviin liittyv\u00e4t tiedot, asenteet ja k\u00e4yt\u00e4nn\u00f6t"}]},{"@type":"WebSite","@id":"https:\/\/www.filha.fi\/#website","url":"https:\/\/www.filha.fi\/","name":"Filha","description":"Expertise in lung health","publisher":{"@id":"https:\/\/www.filha.fi\/#organization"},"potentialAction":[{"@type":"SearchAction","target":{"@type":"EntryPoint","urlTemplate":"https:\/\/www.filha.fi\/?s={search_term_string}"},"query-input":{"@type":"PropertyValueSpecification","valueRequired":true,"valueName":"search_term_string"}}],"inLanguage":"en-US"},{"@type":"Organization","@id":"https:\/\/www.filha.fi\/#organization","name":"Filha ry","url":"https:\/\/www.filha.fi\/","logo":{"@type":"ImageObject","inLanguage":"en-US","@id":"https:\/\/www.filha.fi\/#\/schema\/logo\/image\/","url":"https:\/\/www.filha.fi\/wp-content\/uploads\/2019\/04\/Filha-logo.png","contentUrl":"https:\/\/www.filha.fi\/wp-content\/uploads\/2019\/04\/Filha-logo.png","width":960,"height":1230,"caption":"Filha ry"},"image":{"@id":"https:\/\/www.filha.fi\/#\/schema\/logo\/image\/"}}]}},"_links":{"self":[{"href":"https:\/\/www.filha.fi\/en\/wp-json\/wp\/v2\/pages\/170","targetHints":{"allow":["GET"]}}],"collection":[{"href":"https:\/\/www.filha.fi\/en\/wp-json\/wp\/v2\/pages"}],"about":[{"href":"https:\/\/www.filha.fi\/en\/wp-json\/wp\/v2\/types\/page"}],"author":[{"embeddable":true,"href":"https:\/\/www.filha.fi\/en\/wp-json\/wp\/v2\/users\/4"}],"replies":[{"embeddable":true,"href":"https:\/\/www.filha.fi\/en\/wp-json\/wp\/v2\/comments?post=170"}],"version-history":[{"count":0,"href":"https:\/\/www.filha.fi\/en\/wp-json\/wp\/v2\/pages\/170\/revisions"}],"wp:attachment":[{"href":"https:\/\/www.filha.fi\/en\/wp-json\/wp\/v2\/media?parent=170"}],"wp:term":[{"taxonomy":"category","embeddable":true,"href":"https:\/\/www.filha.fi\/en\/wp-json\/wp\/v2\/categories?post=170"}],"curies":[{"name":"wp","href":"https:\/\/api.w.org\/{rel}","templated":true}]}}