{"id":171,"date":"2016-09-06T06:39:54","date_gmt":"2016-09-06T06:39:54","guid":{"rendered":"http:\/\/www.filha.fi\/content_page\/tie-hanke\/"},"modified":"2019-05-14T14:34:06","modified_gmt":"2019-05-14T11:34:06","slug":"tie-hanke","status":"publish","type":"page","link":"https:\/\/www.filha.fi\/en\/hankkeet\/paattyneet\/tie-hanke\/","title":{"rendered":"TIE-hanke"},"content":{"rendered":"<p>Euroopan pakolaisrahaston tukemana Filha ry toteutti yhdess\u00e4 HIV-tukikeskuksen, SPR:n Turun vastaanottokeskuksen ja HUS infektioklinikan kanssa kolmivuotisen hankkeen, joka pyrkii tehostamaan tuberkuloosin ja hiv:n ehk\u00e4isytoimia ja varhaistoteamista nuorten turvapaikanhakijoiden keskuudessa sek\u00e4 lievent\u00e4m\u00e4\u00e4n n\u00e4ihin\u00a0liittyv\u00e4\u00e4 stigmaan. Merkitt\u00e4vi\u00e4 yhteisty\u00f6tahoja olivat my\u00f6s Maahanmuuttovirasto, Helsingin vastaanottokeskus, Terveyden ja hyvinvoinnin Laitos, Diakonissalaitos ja Positiiviset ry.<\/p>\n<p><a href=\"http:\/\/www.filha.fi\/tuberkuloosi-ja-hiv-eri-kulttuureissa\/\" target=\"_blank\" rel=\"noopener noreferrer\"><strong>Monissa kulttuureissa tuberkuloosi ja hiv ovat tabuja<\/strong><\/a>\u00a0ja sulkevat sairastuneen yhteis\u00f6st\u00e4. Ne koetaan h\u00e4pe\u00e4n\u00e4 ja niihin sairastumista pyrit\u00e4\u00e4n salaamaan, mik\u00e4 lis\u00e4\u00e4 tartunnan riski\u00e4 ja taudin levi\u00e4mist\u00e4 l\u00e4hipiiriss\u00e4. T\u00e4m\u00e4 ilmi\u00f6 korostuu erityisesti nuorten keskuudessa. Suomessa ehk\u00e4isyyn ja varhaistoteamiseen osallistuvilla on v\u00e4h\u00e4isesti tietoa kulttuurien ja uskontojen vaikutuksesta tuberkuloosin ja hiv:n kokemiseen yleisesti ja nuorten kohdalla erityisesti. Asiasta ei ole Suomessa tehty selvityksi\u00e4. Nuoret turvapaikanhakijat tarvitsevat oikein kohdistettua tietoa ja tukea, joka pohjautuu hankkeessa teht\u00e4viin selvityksiin.<\/p>\n<p>L\u00e4ht\u00f6kohtana oli kehitt\u00e4\u00e4 toimintaa n\u00e4iden nuorten tarpeet huomioon ottaen. Ensimm\u00e4isen\u00e4 ja toisena toimintavuotena selvitettiin\u00a0<a href=\"http:\/\/www.filha.fi\/nuorten-turvapaikanhakijoiden-tuberkuloosiin-ja-hiviin-liittyvat-tiedot-asenteet-ja-kaytannot\/\" target=\"_blank\" rel=\"noopener noreferrer\"><strong>asennetutkimuksen<\/strong><\/a>\u00a0ja fokusryhm\u00e4haastattelujen kautta nuorten tietoja ja asenteita sek\u00e4 sit\u00e4, mink\u00e4lainen tiedotus puhuttelee nuoria. Selvitykset tapahtuivat SPR:n Turun vastaanottokeskuksen ja Helsingin vastaanottokeskuksien toimiessa pilottialueina. Lis\u00e4ksi tehtiin kirjallisuuskatsaus olemassa olevasta tiedosta koskien tuberkuloosin ja hiv:hen liittyvi\u00e4 tietoja ja asenteita suurimmissa Suomeen tulevissa turvapaikanhakijaryhmiss\u00e4.<\/p>\n<p>Nuorille soveltuvaa infomateriaalia, jota voidaan k\u00e4ytt\u00e4\u00e4 vastaanottokeskuksissa, mutta my\u00f6s laajemmin netin v\u00e4lityksell\u00e4, tuotettiin yhteisty\u00f6ss\u00e4 heid\u00e4n itsens\u00e4 kanssa ja vastaanottokeskusten ryhm\u00e4terveysinfotoimintaa kehitettiin kattamaan my\u00f6s n\u00e4m\u00e4 kaksi arkaa aihepiiri\u00e4.<\/p>\n<p>Pilottialueiden vastaanottokeskukset lis\u00e4siv\u00e4t hankkeen my\u00f6t\u00e4 valmiuksiaan kohdata vieraita kulttuureita tuberkuloosi- ja hiv-kysymyksiss\u00e4.Hankkeen tulokset otettiin my\u00f6hemmin k\u00e4ytt\u00f6\u00f6n kaikissa vastaanottokeskuksissa valtakunnallisesti, niit\u00e4 voivat hy\u00f6dynt\u00e4\u00e4 my\u00f6s muut toimijat kuten sosiaali- ja terveydenhuolto sek\u00e4 kolmas sektori.<\/p>\n<p><strong>Lis\u00e4tietoja:<\/strong><br \/>\nSirkku Grierson<br \/>\n<a href=\"mailto:sirkku.grierson@filha.fi\">sirkku.grierson@filha.fi<\/a><\/p>\n<h3><strong>TIE-hankkeen tiedotteet<\/strong><\/h3>\n<p><a href=\"http:\/\/www.filha.fi\/wp-content\/uploads\/2019\/04\/tie-hankkeen_tiedote_maailman_tuberkuloosipaivana_24.3.2014.pdf\"><strong>TIE-hankkeen tiedote Maailman tuberkuloosip\u00e4iv\u00e4n\u00e4 24.3.2014<\/strong><\/a><br \/>\nMaahanmuuttajien k\u00e4sitykset tuberkuloosista ja hivist\u00e4 vaikuttavat heid\u00e4n tutkimuksiin ja hoitoon hakeutumiseensa \u2013 niiden selvitt\u00e4minen on avain parempaan tautien ehk\u00e4isyyn ja hoitoon.<\/p>\n<p><a href=\"http:\/\/www.filha.fi\/wp-content\/uploads\/2019\/04\/tie-hankkeen_tiedote_25.6.2014.pdf\"><strong>TIE-hankkeen tiedote 25.6.2014<\/strong><\/a><br \/>\nUutta tietoa nuorten turvapaikanhakijoiden tuberkuloosiin ja hiviin liittyvist\u00e4 tiedoista ja asenteista \u2013 uudet TB- ja HIV-videot ja julisteet sek\u00e4 TB-nettisivusto valmistuneet.<\/p>\n<p><img decoding=\"async\" class=\"alignnone size-full wp-image-1110\" src=\"http:\/\/www.filha.fi\/wp-content\/uploads\/2019\/04\/pakolaisrahasto_-logo.jpeg\" alt=\"pakolaisrahasto_-logo\" width=\"252\" height=\"178\" \/><\/p>\n","protected":false},"excerpt":{"rendered":"<p>Euroopan pakolaisrahaston tukemana Filha ry toteutti yhdess\u00e4 HIV-tukikeskuksen, SPR:n Turun vastaanottokeskuksen ja HUS infektioklinikan kanssa kolmivuotisen hankkeen, joka pyrkii tehostamaan tuberkuloosin ja hiv:n ehk\u00e4isytoimia ja varhaistoteamista nuorten turvapaikanhakijoiden keskuudessa sek\u00e4 &#8230; <a title=\"TIE-hanke\" class=\"read-more\" href=\"https:\/\/www.filha.fi\/en\/hankkeet\/paattyneet\/tie-hanke\/\" aria-label=\"Read more about TIE-hanke\">Read more<\/a><\/p>\n","protected":false},"author":4,"featured_media":0,"parent":87,"menu_order":0,"comment_status":"closed","ping_status":"closed","template":"","meta":{"_acf_changed":false,"footnotes":""},"categories":[22,46,30,3],"class_list":["post-171","page","type-page","status-publish","category-hiv","category-mikko","category-tie","category-tuberkuloosi"],"translation":{"provider":"WPGlobus","version":"3.0.2","language":"en","enabled_languages":["fi","en"],"languages":{"fi":{"title":true,"content":true,"excerpt":false},"en":{"title":false,"content":false,"excerpt":false}}},"acf":[],"yoast_head":"<!-- This site is optimized with the Yoast SEO plugin v27.4 - https:\/\/yoast.com\/product\/yoast-seo-wordpress\/ -->\n<title>TIE-hanke - Filha<\/title>\n<meta name=\"robots\" content=\"index, follow, max-snippet:-1, max-image-preview:large, max-video-preview:-1\" \/>\n<link rel=\"canonical\" href=\"https:\/\/www.filha.fi\/hankkeet\/paattyneet\/tie-hanke\/\" \/>\n<meta property=\"og:locale\" content=\"en_US\" \/>\n<meta property=\"og:type\" content=\"article\" \/>\n<meta property=\"og:title\" content=\"TIE-hanke - Filha\" \/>\n<meta property=\"og:url\" content=\"https:\/\/www.filha.fi\/hankkeet\/paattyneet\/tie-hanke\/\" \/>\n<meta property=\"og:site_name\" content=\"Filha\" \/>\n<meta property=\"article:modified_time\" content=\"2019-05-14T11:34:06+00:00\" \/>\n<meta property=\"og:image\" content=\"http:\/\/www.filha.fi\/wp-content\/uploads\/2019\/04\/pakolaisrahasto_-logo.jpeg\" \/>\n<meta name=\"twitter:card\" content=\"summary_large_image\" \/>\n<meta name=\"twitter:label1\" content=\"Est. reading time\" \/>\n\t<meta name=\"twitter:data1\" content=\"2 minutes\" \/>\n<script type=\"application\/ld+json\" class=\"yoast-schema-graph\">{\"@context\":\"https:\\\/\\\/schema.org\",\"@graph\":[{\"@type\":\"WebPage\",\"@id\":\"https:\\\/\\\/www.filha.fi\\\/hankkeet\\\/paattyneet\\\/tie-hanke\\\/\",\"url\":\"https:\\\/\\\/www.filha.fi\\\/hankkeet\\\/paattyneet\\\/tie-hanke\\\/\",\"name\":\"TIE-hanke - Filha\",\"isPartOf\":{\"@id\":\"https:\\\/\\\/www.filha.fi\\\/#website\"},\"primaryImageOfPage\":{\"@id\":\"https:\\\/\\\/www.filha.fi\\\/hankkeet\\\/paattyneet\\\/tie-hanke\\\/#primaryimage\"},\"image\":{\"@id\":\"https:\\\/\\\/www.filha.fi\\\/hankkeet\\\/paattyneet\\\/tie-hanke\\\/#primaryimage\"},\"thumbnailUrl\":\"http:\\\/\\\/www.filha.fi\\\/wp-content\\\/uploads\\\/2019\\\/04\\\/pakolaisrahasto_-logo.jpeg\",\"datePublished\":\"2016-09-06T06:39:54+00:00\",\"dateModified\":\"2019-05-14T11:34:06+00:00\",\"breadcrumb\":{\"@id\":\"https:\\\/\\\/www.filha.fi\\\/hankkeet\\\/paattyneet\\\/tie-hanke\\\/#breadcrumb\"},\"inLanguage\":\"en-US\",\"potentialAction\":[{\"@type\":\"ReadAction\",\"target\":[\"https:\\\/\\\/www.filha.fi\\\/hankkeet\\\/paattyneet\\\/tie-hanke\\\/\"]}]},{\"@type\":\"ImageObject\",\"inLanguage\":\"en-US\",\"@id\":\"https:\\\/\\\/www.filha.fi\\\/hankkeet\\\/paattyneet\\\/tie-hanke\\\/#primaryimage\",\"url\":\"http:\\\/\\\/www.filha.fi\\\/wp-content\\\/uploads\\\/2019\\\/04\\\/pakolaisrahasto_-logo.jpeg\",\"contentUrl\":\"http:\\\/\\\/www.filha.fi\\\/wp-content\\\/uploads\\\/2019\\\/04\\\/pakolaisrahasto_-logo.jpeg\"},{\"@type\":\"BreadcrumbList\",\"@id\":\"https:\\\/\\\/www.filha.fi\\\/hankkeet\\\/paattyneet\\\/tie-hanke\\\/#breadcrumb\",\"itemListElement\":[{\"@type\":\"ListItem\",\"position\":1,\"name\":\"Home\",\"item\":\"https:\\\/\\\/www.filha.fi\\\/\"},{\"@type\":\"ListItem\",\"position\":2,\"name\":\"Hankkeet\",\"item\":\"https:\\\/\\\/www.filha.fi\\\/hankkeet\\\/\"},{\"@type\":\"ListItem\",\"position\":3,\"name\":\"P\u00e4\u00e4ttyneet hankkeet\",\"item\":\"https:\\\/\\\/www.filha.fi\\\/hankkeet\\\/paattyneet\\\/\"},{\"@type\":\"ListItem\",\"position\":4,\"name\":\"TIE-hanke\"}]},{\"@type\":\"WebSite\",\"@id\":\"https:\\\/\\\/www.filha.fi\\\/#website\",\"url\":\"https:\\\/\\\/www.filha.fi\\\/\",\"name\":\"Filha\",\"description\":\"Expertise in lung health\",\"publisher\":{\"@id\":\"https:\\\/\\\/www.filha.fi\\\/#organization\"},\"potentialAction\":[{\"@type\":\"SearchAction\",\"target\":{\"@type\":\"EntryPoint\",\"urlTemplate\":\"https:\\\/\\\/www.filha.fi\\\/?s={search_term_string}\"},\"query-input\":{\"@type\":\"PropertyValueSpecification\",\"valueRequired\":true,\"valueName\":\"search_term_string\"}}],\"inLanguage\":\"en-US\"},{\"@type\":\"Organization\",\"@id\":\"https:\\\/\\\/www.filha.fi\\\/#organization\",\"name\":\"Filha ry\",\"url\":\"https:\\\/\\\/www.filha.fi\\\/\",\"logo\":{\"@type\":\"ImageObject\",\"inLanguage\":\"en-US\",\"@id\":\"https:\\\/\\\/www.filha.fi\\\/#\\\/schema\\\/logo\\\/image\\\/\",\"url\":\"https:\\\/\\\/www.filha.fi\\\/wp-content\\\/uploads\\\/2019\\\/04\\\/Filha-logo.png\",\"contentUrl\":\"https:\\\/\\\/www.filha.fi\\\/wp-content\\\/uploads\\\/2019\\\/04\\\/Filha-logo.png\",\"width\":960,\"height\":1230,\"caption\":\"Filha ry\"},\"image\":{\"@id\":\"https:\\\/\\\/www.filha.fi\\\/#\\\/schema\\\/logo\\\/image\\\/\"}}]}<\/script>\n<!-- \/ Yoast SEO plugin. -->","yoast_head_json":{"title":"TIE-hanke - Filha","robots":{"index":"index","follow":"follow","max-snippet":"max-snippet:-1","max-image-preview":"max-image-preview:large","max-video-preview":"max-video-preview:-1"},"canonical":"https:\/\/www.filha.fi\/hankkeet\/paattyneet\/tie-hanke\/","og_locale":"en_US","og_type":"article","og_title":"TIE-hanke - Filha","og_url":"https:\/\/www.filha.fi\/hankkeet\/paattyneet\/tie-hanke\/","og_site_name":"Filha","article_modified_time":"2019-05-14T11:34:06+00:00","og_image":[{"url":"http:\/\/www.filha.fi\/wp-content\/uploads\/2019\/04\/pakolaisrahasto_-logo.jpeg","type":"","width":"","height":""}],"twitter_card":"summary_large_image","twitter_misc":{"Est. reading time":"2 minutes"},"schema":{"@context":"https:\/\/schema.org","@graph":[{"@type":"WebPage","@id":"https:\/\/www.filha.fi\/hankkeet\/paattyneet\/tie-hanke\/","url":"https:\/\/www.filha.fi\/hankkeet\/paattyneet\/tie-hanke\/","name":"TIE-hanke - Filha","isPartOf":{"@id":"https:\/\/www.filha.fi\/#website"},"primaryImageOfPage":{"@id":"https:\/\/www.filha.fi\/hankkeet\/paattyneet\/tie-hanke\/#primaryimage"},"image":{"@id":"https:\/\/www.filha.fi\/hankkeet\/paattyneet\/tie-hanke\/#primaryimage"},"thumbnailUrl":"http:\/\/www.filha.fi\/wp-content\/uploads\/2019\/04\/pakolaisrahasto_-logo.jpeg","datePublished":"2016-09-06T06:39:54+00:00","dateModified":"2019-05-14T11:34:06+00:00","breadcrumb":{"@id":"https:\/\/www.filha.fi\/hankkeet\/paattyneet\/tie-hanke\/#breadcrumb"},"inLanguage":"en-US","potentialAction":[{"@type":"ReadAction","target":["https:\/\/www.filha.fi\/hankkeet\/paattyneet\/tie-hanke\/"]}]},{"@type":"ImageObject","inLanguage":"en-US","@id":"https:\/\/www.filha.fi\/hankkeet\/paattyneet\/tie-hanke\/#primaryimage","url":"http:\/\/www.filha.fi\/wp-content\/uploads\/2019\/04\/pakolaisrahasto_-logo.jpeg","contentUrl":"http:\/\/www.filha.fi\/wp-content\/uploads\/2019\/04\/pakolaisrahasto_-logo.jpeg"},{"@type":"BreadcrumbList","@id":"https:\/\/www.filha.fi\/hankkeet\/paattyneet\/tie-hanke\/#breadcrumb","itemListElement":[{"@type":"ListItem","position":1,"name":"Home","item":"https:\/\/www.filha.fi\/"},{"@type":"ListItem","position":2,"name":"Hankkeet","item":"https:\/\/www.filha.fi\/hankkeet\/"},{"@type":"ListItem","position":3,"name":"P\u00e4\u00e4ttyneet hankkeet","item":"https:\/\/www.filha.fi\/hankkeet\/paattyneet\/"},{"@type":"ListItem","position":4,"name":"TIE-hanke"}]},{"@type":"WebSite","@id":"https:\/\/www.filha.fi\/#website","url":"https:\/\/www.filha.fi\/","name":"Filha","description":"Expertise in lung health","publisher":{"@id":"https:\/\/www.filha.fi\/#organization"},"potentialAction":[{"@type":"SearchAction","target":{"@type":"EntryPoint","urlTemplate":"https:\/\/www.filha.fi\/?s={search_term_string}"},"query-input":{"@type":"PropertyValueSpecification","valueRequired":true,"valueName":"search_term_string"}}],"inLanguage":"en-US"},{"@type":"Organization","@id":"https:\/\/www.filha.fi\/#organization","name":"Filha ry","url":"https:\/\/www.filha.fi\/","logo":{"@type":"ImageObject","inLanguage":"en-US","@id":"https:\/\/www.filha.fi\/#\/schema\/logo\/image\/","url":"https:\/\/www.filha.fi\/wp-content\/uploads\/2019\/04\/Filha-logo.png","contentUrl":"https:\/\/www.filha.fi\/wp-content\/uploads\/2019\/04\/Filha-logo.png","width":960,"height":1230,"caption":"Filha ry"},"image":{"@id":"https:\/\/www.filha.fi\/#\/schema\/logo\/image\/"}}]}},"_links":{"self":[{"href":"https:\/\/www.filha.fi\/en\/wp-json\/wp\/v2\/pages\/171","targetHints":{"allow":["GET"]}}],"collection":[{"href":"https:\/\/www.filha.fi\/en\/wp-json\/wp\/v2\/pages"}],"about":[{"href":"https:\/\/www.filha.fi\/en\/wp-json\/wp\/v2\/types\/page"}],"author":[{"embeddable":true,"href":"https:\/\/www.filha.fi\/en\/wp-json\/wp\/v2\/users\/4"}],"replies":[{"embeddable":true,"href":"https:\/\/www.filha.fi\/en\/wp-json\/wp\/v2\/comments?post=171"}],"version-history":[{"count":0,"href":"https:\/\/www.filha.fi\/en\/wp-json\/wp\/v2\/pages\/171\/revisions"}],"up":[{"embeddable":true,"href":"https:\/\/www.filha.fi\/en\/wp-json\/wp\/v2\/pages\/87"}],"wp:attachment":[{"href":"https:\/\/www.filha.fi\/en\/wp-json\/wp\/v2\/media?parent=171"}],"wp:term":[{"taxonomy":"category","embeddable":true,"href":"https:\/\/www.filha.fi\/en\/wp-json\/wp\/v2\/categories?post=171"}],"curies":[{"name":"wp","href":"https:\/\/api.w.org\/{rel}","templated":true}]}}