{"id":172,"date":"2016-09-06T07:11:49","date_gmt":"2016-09-06T07:11:49","guid":{"rendered":"http:\/\/www.filha.fi\/content_page\/tuberkuloosikoulutus-vastaanottokeskusten-henkilokunnalle-23-5-2015-aineisto\/"},"modified":"2021-03-29T15:13:36","modified_gmt":"2021-03-29T12:13:36","slug":"materiaalia-vastaanottokeskusten-henkilokunnalle","status":"publish","type":"page","link":"https:\/\/www.filha.fi\/en\/tuberkuloosi\/maahanmuuttajat-ja-tb\/materiaalia-vastaanottokeskusten-henkilokunnalle\/","title":{"rendered":"Materiaalia vastaanottokeskusten henkil\u00f6kunnalle"},"content":{"rendered":"<h3>Maahanmuuttovirastossa 25.3.2015 vastaanottokeskusten henkil\u00f6st\u00f6lle pidetyn koulutuksen esitykset.<\/h3>\n<p><a href=\"http:\/\/www.filha.fi\/wp-content\/uploads\/2019\/05\/tie_vok_tb_ja_hiv_tutuksi_avausdiat.pdf\" target=\"_blank\" rel=\"noopener noreferrer\">Avaus<\/a> (pdf 1,2 MB)<\/p>\n<p><a href=\"http:\/\/www.filha.fi\/wp-content\/uploads\/2019\/05\/grierson_ruohonen_tb_tutuksi.pdf\" target=\"_blank\" rel=\"noopener noreferrer\">Tuberkuloosi tutuksi<\/a> (pdf 900 kB)<\/p>\n<p><a href=\"http:\/\/www.filha.fi\/wp-content\/uploads\/2019\/05\/essak_hiv-tutuksi_25_3_2015.pdf\" target=\"_blank\" rel=\"noopener noreferrer\">HIV tutuksi <\/a>(pdf 742 kB)<\/p>\n<p><a href=\"http:\/\/www.filha.fi\/wp-content\/uploads\/2019\/05\/essak_grierson_mista_loydan_tb-_ja_hiv-tietoa.pdf\" target=\"_blank\" rel=\"noopener noreferrer\">Mist\u00e4 l\u00f6yd\u00e4n tuberkuloosi ja HIV-tietoa? <\/a>(pdf 546 kB)<\/p>\n<p><a href=\"http:\/\/www.filha.fi\/wp-content\/uploads\/2019\/05\/salovaaraymmarrammekotoisiamme.pdf\" target=\"_blank\" rel=\"noopener noreferrer\">Ymm\u00e4rr\u00e4mmek\u00f6 toisiamme?<\/a> (pdf 355 kB)<\/p>\n<p><a href=\"http:\/\/www.filha.fi\/wp-content\/uploads\/2019\/05\/rajalahti_voinko_saada_tb_tartunnan_tyossani.pdf\" target=\"_blank\" rel=\"noopener noreferrer\">Voinko saada tuberkuloosi tartunnan ty\u00f6ss\u00e4ni?<\/a> (pdf 1,2 MB)<\/p>\n<p><a href=\"http:\/\/www.filha.fi\/wp-content\/uploads\/2019\/05\/kivelavoinko_saada_hiv-tartunnan_tyossani_25.3.2015.pdf\" target=\"_blank\" rel=\"noopener noreferrer\">Voinko saada HIV-tartunnan ty\u00f6ss\u00e4ni?<\/a> (pdf 365 kB)<\/p>\n<p><a href=\"http:\/\/www.filha.fi\/wp-content\/uploads\/2019\/05\/linkkiluettelo_mistaloydantb-jahiv-tietoa_25.3.2015.pdf\" target=\"_blank\" rel=\"noopener noreferrer\">Linkkiluettelo: Mist\u00e4 l\u00f6yd\u00e4n tuberkuloosi- ja HIV-tietoa?<\/a> (pdf 189 kB)<\/p>\n<h3><strong>Perustiedot tuberkuloosista<\/strong><\/h3>\n<p>Oheiset infolehtiset kertovat yhdell\u00e4 sivulla perustiedot tuberkuloosista suomeksi,\u00a0englanniksi ja ven\u00e4j\u00e4ksi. Esitteet on julkaistu 1.10.2015.<\/p>\n<p><a href=\"http:\/\/www.filha.fi\/wp-content\/uploads\/2019\/05\/perustiedot_tuberkuloosista_suomeksi.pdf\" target=\"_blank\" rel=\"noopener noreferrer\">Perustiedot tuberkuloosista suomeksi<\/a> (pdf 50 kB)<\/p>\n<p><a href=\"http:\/\/www.filha.fi\/wp-content\/uploads\/2019\/05\/basic_facts_about_tuberculosis_in_english.pdf\" target=\"_blank\" rel=\"noopener noreferrer\">Basic facts about tuberculosis in English<\/a> (pdf 56 kB)<\/p>\n<p><a href=\"http:\/\/www.filha.fi\/wp-content\/uploads\/2019\/05\/osnovnye_fakty_o_tuberkuleze.pdf\" target=\"_blank\" rel=\"noopener noreferrer\">\u041e\u0441\u043d\u043e\u0432\u043d\u044b\u0435 \u0444\u0430\u043a\u0442\u044b \u043e \u0442\u0443\u0431\u0435\u0440\u043a\u0443\u043b\u0435\u0437\u0435<\/a> (pdf 114 kB)<\/p>\n","protected":false},"excerpt":{"rendered":"<p>Maahanmuuttovirastossa 25.3.2015 vastaanottokeskusten henkil\u00f6st\u00f6lle pidetyn koulutuksen esitykset. Avaus (pdf 1,2 MB) Tuberkuloosi tutuksi (pdf 900 kB) HIV tutuksi (pdf 742 kB) Mist\u00e4 l\u00f6yd\u00e4n tuberkuloosi ja HIV-tietoa? (pdf 546 kB) Ymm\u00e4rr\u00e4mmek\u00f6 &#8230; <a title=\"Materiaalia vastaanottokeskusten henkil\u00f6kunnalle\" class=\"read-more\" href=\"https:\/\/www.filha.fi\/en\/tuberkuloosi\/maahanmuuttajat-ja-tb\/materiaalia-vastaanottokeskusten-henkilokunnalle\/\" aria-label=\"Read more about Materiaalia vastaanottokeskusten henkil\u00f6kunnalle\">Read more<\/a><\/p>\n","protected":false},"author":4,"featured_media":0,"parent":7531,"menu_order":0,"comment_status":"closed","ping_status":"closed","template":"","meta":{"_acf_changed":false,"footnotes":""},"categories":[84,46,3],"class_list":["post-172","page","type-page","status-publish","category-marianne","category-mikko","category-tuberkuloosi"],"translation":{"provider":"WPGlobus","version":"3.0.2","language":"en","enabled_languages":["fi","en"],"languages":{"fi":{"title":true,"content":true,"excerpt":false},"en":{"title":false,"content":false,"excerpt":false}}},"acf":[],"yoast_head":"<!-- This site is optimized with the Yoast SEO plugin v27.5 - https:\/\/yoast.com\/product\/yoast-seo-wordpress\/ -->\n<title>Materiaalia vastaanottokeskusten henkil\u00f6kunnalle - Filha<\/title>\n<meta name=\"robots\" content=\"index, follow, max-snippet:-1, max-image-preview:large, max-video-preview:-1\" \/>\n<link rel=\"canonical\" href=\"https:\/\/www.filha.fi\/tuberkuloosi\/maahanmuuttajat-ja-tb\/materiaalia-vastaanottokeskusten-henkilokunnalle\/\" \/>\n<meta property=\"og:locale\" content=\"en_US\" \/>\n<meta property=\"og:type\" content=\"article\" \/>\n<meta property=\"og:title\" content=\"Materiaalia vastaanottokeskusten henkil\u00f6kunnalle - Filha\" \/>\n<meta property=\"og:url\" content=\"https:\/\/www.filha.fi\/tuberkuloosi\/maahanmuuttajat-ja-tb\/materiaalia-vastaanottokeskusten-henkilokunnalle\/\" \/>\n<meta property=\"og:site_name\" content=\"Filha\" \/>\n<meta property=\"article:modified_time\" content=\"2021-03-29T12:13:36+00:00\" \/>\n<meta property=\"og:image\" content=\"https:\/\/www.filha.fi\/wp-content\/uploads\/2019\/04\/Filha-logo.png\" \/>\n\t<meta property=\"og:image:width\" content=\"960\" \/>\n\t<meta property=\"og:image:height\" content=\"1230\" \/>\n\t<meta property=\"og:image:type\" content=\"image\/png\" \/>\n<meta name=\"twitter:card\" content=\"summary_large_image\" \/>\n<script type=\"application\/ld+json\" class=\"yoast-schema-graph\">{\"@context\":\"https:\\\/\\\/schema.org\",\"@graph\":[{\"@type\":\"WebPage\",\"@id\":\"https:\\\/\\\/www.filha.fi\\\/tuberkuloosi\\\/maahanmuuttajat-ja-tb\\\/materiaalia-vastaanottokeskusten-henkilokunnalle\\\/\",\"url\":\"https:\\\/\\\/www.filha.fi\\\/tuberkuloosi\\\/maahanmuuttajat-ja-tb\\\/materiaalia-vastaanottokeskusten-henkilokunnalle\\\/\",\"name\":\"Materiaalia vastaanottokeskusten henkil\u00f6kunnalle - Filha\",\"isPartOf\":{\"@id\":\"https:\\\/\\\/www.filha.fi\\\/#website\"},\"datePublished\":\"2016-09-06T07:11:49+00:00\",\"dateModified\":\"2021-03-29T12:13:36+00:00\",\"breadcrumb\":{\"@id\":\"https:\\\/\\\/www.filha.fi\\\/tuberkuloosi\\\/maahanmuuttajat-ja-tb\\\/materiaalia-vastaanottokeskusten-henkilokunnalle\\\/#breadcrumb\"},\"inLanguage\":\"en-US\",\"potentialAction\":[{\"@type\":\"ReadAction\",\"target\":[\"https:\\\/\\\/www.filha.fi\\\/tuberkuloosi\\\/maahanmuuttajat-ja-tb\\\/materiaalia-vastaanottokeskusten-henkilokunnalle\\\/\"]}]},{\"@type\":\"BreadcrumbList\",\"@id\":\"https:\\\/\\\/www.filha.fi\\\/tuberkuloosi\\\/maahanmuuttajat-ja-tb\\\/materiaalia-vastaanottokeskusten-henkilokunnalle\\\/#breadcrumb\",\"itemListElement\":[{\"@type\":\"ListItem\",\"position\":1,\"name\":\"Home\",\"item\":\"https:\\\/\\\/www.filha.fi\\\/\"},{\"@type\":\"ListItem\",\"position\":2,\"name\":\"Tuberkuloosi\",\"item\":\"https:\\\/\\\/www.filha.fi\\\/tuberkuloosi\\\/\"},{\"@type\":\"ListItem\",\"position\":3,\"name\":\"Maahanmuuttajat ja TB\",\"item\":\"https:\\\/\\\/www.filha.fi\\\/tuberkuloosi\\\/maahanmuuttajat-ja-tb\\\/\"},{\"@type\":\"ListItem\",\"position\":4,\"name\":\"Materiaalia vastaanottokeskusten henkil\u00f6kunnalle\"}]},{\"@type\":\"WebSite\",\"@id\":\"https:\\\/\\\/www.filha.fi\\\/#website\",\"url\":\"https:\\\/\\\/www.filha.fi\\\/\",\"name\":\"Filha\",\"description\":\"Expertise in lung health\",\"publisher\":{\"@id\":\"https:\\\/\\\/www.filha.fi\\\/#organization\"},\"potentialAction\":[{\"@type\":\"SearchAction\",\"target\":{\"@type\":\"EntryPoint\",\"urlTemplate\":\"https:\\\/\\\/www.filha.fi\\\/?s={search_term_string}\"},\"query-input\":{\"@type\":\"PropertyValueSpecification\",\"valueRequired\":true,\"valueName\":\"search_term_string\"}}],\"inLanguage\":\"en-US\"},{\"@type\":\"Organization\",\"@id\":\"https:\\\/\\\/www.filha.fi\\\/#organization\",\"name\":\"Filha ry\",\"url\":\"https:\\\/\\\/www.filha.fi\\\/\",\"logo\":{\"@type\":\"ImageObject\",\"inLanguage\":\"en-US\",\"@id\":\"https:\\\/\\\/www.filha.fi\\\/#\\\/schema\\\/logo\\\/image\\\/\",\"url\":\"https:\\\/\\\/www.filha.fi\\\/wp-content\\\/uploads\\\/2019\\\/04\\\/Filha-logo.png\",\"contentUrl\":\"https:\\\/\\\/www.filha.fi\\\/wp-content\\\/uploads\\\/2019\\\/04\\\/Filha-logo.png\",\"width\":960,\"height\":1230,\"caption\":\"Filha ry\"},\"image\":{\"@id\":\"https:\\\/\\\/www.filha.fi\\\/#\\\/schema\\\/logo\\\/image\\\/\"}}]}<\/script>\n<!-- \/ Yoast SEO plugin. -->","yoast_head_json":{"title":"Materiaalia vastaanottokeskusten henkil\u00f6kunnalle - Filha","robots":{"index":"index","follow":"follow","max-snippet":"max-snippet:-1","max-image-preview":"max-image-preview:large","max-video-preview":"max-video-preview:-1"},"canonical":"https:\/\/www.filha.fi\/tuberkuloosi\/maahanmuuttajat-ja-tb\/materiaalia-vastaanottokeskusten-henkilokunnalle\/","og_locale":"en_US","og_type":"article","og_title":"Materiaalia vastaanottokeskusten henkil\u00f6kunnalle - Filha","og_url":"https:\/\/www.filha.fi\/tuberkuloosi\/maahanmuuttajat-ja-tb\/materiaalia-vastaanottokeskusten-henkilokunnalle\/","og_site_name":"Filha","article_modified_time":"2021-03-29T12:13:36+00:00","og_image":[{"width":960,"height":1230,"url":"https:\/\/www.filha.fi\/wp-content\/uploads\/2019\/04\/Filha-logo.png","type":"image\/png"}],"twitter_card":"summary_large_image","schema":{"@context":"https:\/\/schema.org","@graph":[{"@type":"WebPage","@id":"https:\/\/www.filha.fi\/tuberkuloosi\/maahanmuuttajat-ja-tb\/materiaalia-vastaanottokeskusten-henkilokunnalle\/","url":"https:\/\/www.filha.fi\/tuberkuloosi\/maahanmuuttajat-ja-tb\/materiaalia-vastaanottokeskusten-henkilokunnalle\/","name":"Materiaalia vastaanottokeskusten henkil\u00f6kunnalle - Filha","isPartOf":{"@id":"https:\/\/www.filha.fi\/#website"},"datePublished":"2016-09-06T07:11:49+00:00","dateModified":"2021-03-29T12:13:36+00:00","breadcrumb":{"@id":"https:\/\/www.filha.fi\/tuberkuloosi\/maahanmuuttajat-ja-tb\/materiaalia-vastaanottokeskusten-henkilokunnalle\/#breadcrumb"},"inLanguage":"en-US","potentialAction":[{"@type":"ReadAction","target":["https:\/\/www.filha.fi\/tuberkuloosi\/maahanmuuttajat-ja-tb\/materiaalia-vastaanottokeskusten-henkilokunnalle\/"]}]},{"@type":"BreadcrumbList","@id":"https:\/\/www.filha.fi\/tuberkuloosi\/maahanmuuttajat-ja-tb\/materiaalia-vastaanottokeskusten-henkilokunnalle\/#breadcrumb","itemListElement":[{"@type":"ListItem","position":1,"name":"Home","item":"https:\/\/www.filha.fi\/"},{"@type":"ListItem","position":2,"name":"Tuberkuloosi","item":"https:\/\/www.filha.fi\/tuberkuloosi\/"},{"@type":"ListItem","position":3,"name":"Maahanmuuttajat ja TB","item":"https:\/\/www.filha.fi\/tuberkuloosi\/maahanmuuttajat-ja-tb\/"},{"@type":"ListItem","position":4,"name":"Materiaalia vastaanottokeskusten henkil\u00f6kunnalle"}]},{"@type":"WebSite","@id":"https:\/\/www.filha.fi\/#website","url":"https:\/\/www.filha.fi\/","name":"Filha","description":"Expertise in lung health","publisher":{"@id":"https:\/\/www.filha.fi\/#organization"},"potentialAction":[{"@type":"SearchAction","target":{"@type":"EntryPoint","urlTemplate":"https:\/\/www.filha.fi\/?s={search_term_string}"},"query-input":{"@type":"PropertyValueSpecification","valueRequired":true,"valueName":"search_term_string"}}],"inLanguage":"en-US"},{"@type":"Organization","@id":"https:\/\/www.filha.fi\/#organization","name":"Filha ry","url":"https:\/\/www.filha.fi\/","logo":{"@type":"ImageObject","inLanguage":"en-US","@id":"https:\/\/www.filha.fi\/#\/schema\/logo\/image\/","url":"https:\/\/www.filha.fi\/wp-content\/uploads\/2019\/04\/Filha-logo.png","contentUrl":"https:\/\/www.filha.fi\/wp-content\/uploads\/2019\/04\/Filha-logo.png","width":960,"height":1230,"caption":"Filha ry"},"image":{"@id":"https:\/\/www.filha.fi\/#\/schema\/logo\/image\/"}}]}},"_links":{"self":[{"href":"https:\/\/www.filha.fi\/en\/wp-json\/wp\/v2\/pages\/172","targetHints":{"allow":["GET"]}}],"collection":[{"href":"https:\/\/www.filha.fi\/en\/wp-json\/wp\/v2\/pages"}],"about":[{"href":"https:\/\/www.filha.fi\/en\/wp-json\/wp\/v2\/types\/page"}],"author":[{"embeddable":true,"href":"https:\/\/www.filha.fi\/en\/wp-json\/wp\/v2\/users\/4"}],"replies":[{"embeddable":true,"href":"https:\/\/www.filha.fi\/en\/wp-json\/wp\/v2\/comments?post=172"}],"version-history":[{"count":0,"href":"https:\/\/www.filha.fi\/en\/wp-json\/wp\/v2\/pages\/172\/revisions"}],"up":[{"embeddable":true,"href":"https:\/\/www.filha.fi\/en\/wp-json\/wp\/v2\/pages\/7531"}],"wp:attachment":[{"href":"https:\/\/www.filha.fi\/en\/wp-json\/wp\/v2\/media?parent=172"}],"wp:term":[{"taxonomy":"category","embeddable":true,"href":"https:\/\/www.filha.fi\/en\/wp-json\/wp\/v2\/categories?post=172"}],"curies":[{"name":"wp","href":"https:\/\/api.w.org\/{rel}","templated":true}]}}