{"id":175,"date":"2017-01-13T08:34:09","date_gmt":"2017-01-13T08:34:09","guid":{"rendered":"http:\/\/www.filha.fi\/content_page\/joulumerkkikodit\/"},"modified":"2023-10-16T13:24:05","modified_gmt":"2023-10-16T10:24:05","slug":"joulumerkkikodit","status":"publish","type":"page","link":"https:\/\/www.filha.fi\/en\/filha\/joulumerkkikodit\/","title":{"rendered":"Christmas seal homes"},"content":{"rendered":"<p id=\"tw-target-text\" class=\"tw-data-text tw-text-large tw-ta\" dir=\"ltr\" data-placeholder=\"K\u00e4\u00e4nn\u00f6s\" data-ved=\"2ahUKEwijoLT6qvqBAxWdHxAIHTzZDWAQ3ewLegQIDBAQ\"><span class=\"Y2IQFc\" lang=\"en\">The Christmas seal homes operated by Filha&#8217;s predecessor, the Finnish Tuberculosis Resistance Association, operated in Tampere from 1936 to 1973, in Oulu from 1945 to 1969, and in Kuopio from 1954 to 1964. In addition, P\u00e4lk\u00e4ne had a side branch of the Tampere Christmas Seal Home in the years 1939\u20131948. The association financed the activity by selling special Christmas seals (stamps).<\/span><\/p>\n<p class=\"tw-data-text tw-text-large tw-ta\" dir=\"ltr\" data-placeholder=\"K\u00e4\u00e4nn\u00f6s\" data-ved=\"2ahUKEwijoLT6qvqBAxWdHxAIHTzZDWAQ3ewLegQIDBAQ\"><span class=\"Y2IQFc\" lang=\"en\">In November 2016, Filha handed over the archive of Christmas seal homes to the National Archives.<br \/>\n<\/span><\/p>\n<p id=\"tw-target-text\" class=\"tw-data-text tw-text-large tw-ta\" dir=\"ltr\" data-placeholder=\"K\u00e4\u00e4nn\u00f6s\" data-ved=\"2ahUKEwijoLT6qvqBAxWdHxAIHTzZDWAQ3ewLegQIDBAQ\"><span class=\"Y2IQFc\" lang=\"en\">A person who was cared for as a child in a Christmas seal home receives all information about themselves, but not information about the health status or health and medical treatment of his parents or siblings that may be included in the documents, unless 50 years have passed since their death. The confidentiality of this information is based on the Act on the Status and Rights of the Patient (785\/1992) and the Personal Data Act (523\/1999).<\/span><\/p>\n<p id=\"tw-target-text\" class=\"tw-data-text tw-text-large tw-ta\" dir=\"ltr\" data-placeholder=\"K\u00e4\u00e4nn\u00f6s\" data-ved=\"2ahUKEwijoLT6qvqBAxWdHxAIHTzZDWAQ3ewLegQIDBAQ\"><span class=\"Y2IQFc\" lang=\"en\">Requests for information about the Christmas seal home archive must be made directly to the National Archives in accordance with the instructions below.<br \/>\n<\/span><\/p>\n<p id=\"tw-target-text\" class=\"tw-data-text tw-text-large tw-ta\" dir=\"ltr\" data-placeholder=\"K\u00e4\u00e4nn\u00f6s\" data-ved=\"2ahUKEwijoLT6qvqBAxWdHxAIHTzZDWAQ3ewLegQIDBAQ\"><a href=\"https:\/\/www.filha.fi\/wp-content\/uploads\/2019\/04\/suomen_tuberkuloosin_vastustamisyhdistys_joulumerkkikotilapset_ohje_12_1_2017.pdf\"><span class=\"Y2IQFc\" lang=\"en\">The National Archives&#8217; instructions for ordering Christmas seal home documents (in Finnish)<\/span><\/a><\/p>\n","protected":false},"excerpt":{"rendered":"<p>The Christmas seal homes operated by Filha&#8217;s predecessor, the Finnish Tuberculosis Resistance Association, operated in Tampere from 1936 to 1973, in Oulu from 1945 to 1969, and in Kuopio from &#8230; <a title=\"Christmas seal homes\" class=\"read-more\" href=\"https:\/\/www.filha.fi\/en\/filha\/joulumerkkikodit\/\" aria-label=\"Read more about Christmas seal homes\">Read more<\/a><\/p>\n","protected":false},"author":4,"featured_media":0,"parent":134,"menu_order":0,"comment_status":"closed","ping_status":"closed","template":"","meta":{"_acf_changed":false,"footnotes":""},"categories":[2],"class_list":["post-175","page","type-page","status-publish","category-filha"],"translation":{"provider":"WPGlobus","version":"3.0.2","language":"en","enabled_languages":["fi","en"],"languages":{"fi":{"title":true,"content":true,"excerpt":false},"en":{"title":true,"content":true,"excerpt":false}}},"acf":[],"yoast_head":"<!-- This site is optimized with the Yoast SEO plugin v27.4 - https:\/\/yoast.com\/product\/yoast-seo-wordpress\/ -->\n<title>Christmas seal homes - Filha<\/title>\n<meta name=\"robots\" content=\"index, follow, max-snippet:-1, max-image-preview:large, max-video-preview:-1\" \/>\n<link rel=\"canonical\" href=\"https:\/\/www.filha.fi\/filha\/joulumerkkikodit\/\" \/>\n<meta property=\"og:locale\" content=\"en_US\" \/>\n<meta property=\"og:type\" content=\"article\" \/>\n<meta property=\"og:title\" content=\"Christmas seal homes - Filha\" \/>\n<meta property=\"og:url\" content=\"https:\/\/www.filha.fi\/filha\/joulumerkkikodit\/\" \/>\n<meta property=\"og:site_name\" content=\"Filha\" \/>\n<meta property=\"article:modified_time\" content=\"2023-10-16T10:24:05+00:00\" \/>\n<meta property=\"og:image\" content=\"https:\/\/www.filha.fi\/wp-content\/uploads\/2019\/04\/Filha-logo.png\" \/>\n\t<meta property=\"og:image:width\" content=\"960\" \/>\n\t<meta property=\"og:image:height\" content=\"1230\" \/>\n\t<meta property=\"og:image:type\" content=\"image\/png\" \/>\n<meta name=\"twitter:card\" content=\"summary_large_image\" \/>\n<meta name=\"twitter:label1\" content=\"Est. reading time\" \/>\n\t<meta name=\"twitter:data1\" content=\"2 minutes\" \/>\n<script type=\"application\/ld+json\" class=\"yoast-schema-graph\">{\"@context\":\"https:\\\/\\\/schema.org\",\"@graph\":[{\"@type\":\"WebPage\",\"@id\":\"https:\\\/\\\/www.filha.fi\\\/filha\\\/joulumerkkikodit\\\/\",\"url\":\"https:\\\/\\\/www.filha.fi\\\/filha\\\/joulumerkkikodit\\\/\",\"name\":\"Christmas seal homes - Filha\",\"isPartOf\":{\"@id\":\"https:\\\/\\\/www.filha.fi\\\/#website\"},\"datePublished\":\"2017-01-13T08:34:09+00:00\",\"dateModified\":\"2023-10-16T10:24:05+00:00\",\"breadcrumb\":{\"@id\":\"https:\\\/\\\/www.filha.fi\\\/filha\\\/joulumerkkikodit\\\/#breadcrumb\"},\"inLanguage\":\"en-US\",\"potentialAction\":[{\"@type\":\"ReadAction\",\"target\":[\"https:\\\/\\\/www.filha.fi\\\/filha\\\/joulumerkkikodit\\\/\"]}]},{\"@type\":\"BreadcrumbList\",\"@id\":\"https:\\\/\\\/www.filha.fi\\\/filha\\\/joulumerkkikodit\\\/#breadcrumb\",\"itemListElement\":[{\"@type\":\"ListItem\",\"position\":1,\"name\":\"Home\",\"item\":\"https:\\\/\\\/www.filha.fi\\\/\"},{\"@type\":\"ListItem\",\"position\":2,\"name\":\"Filha\",\"item\":\"https:\\\/\\\/www.filha.fi\\\/filha\\\/\"},{\"@type\":\"ListItem\",\"position\":3,\"name\":\"Joulumerkkikodit\"}]},{\"@type\":\"WebSite\",\"@id\":\"https:\\\/\\\/www.filha.fi\\\/#website\",\"url\":\"https:\\\/\\\/www.filha.fi\\\/\",\"name\":\"Filha\",\"description\":\"Expertise in lung health\",\"publisher\":{\"@id\":\"https:\\\/\\\/www.filha.fi\\\/#organization\"},\"potentialAction\":[{\"@type\":\"SearchAction\",\"target\":{\"@type\":\"EntryPoint\",\"urlTemplate\":\"https:\\\/\\\/www.filha.fi\\\/?s={search_term_string}\"},\"query-input\":{\"@type\":\"PropertyValueSpecification\",\"valueRequired\":true,\"valueName\":\"search_term_string\"}}],\"inLanguage\":\"en-US\"},{\"@type\":\"Organization\",\"@id\":\"https:\\\/\\\/www.filha.fi\\\/#organization\",\"name\":\"Filha ry\",\"url\":\"https:\\\/\\\/www.filha.fi\\\/\",\"logo\":{\"@type\":\"ImageObject\",\"inLanguage\":\"en-US\",\"@id\":\"https:\\\/\\\/www.filha.fi\\\/#\\\/schema\\\/logo\\\/image\\\/\",\"url\":\"https:\\\/\\\/www.filha.fi\\\/wp-content\\\/uploads\\\/2019\\\/04\\\/Filha-logo.png\",\"contentUrl\":\"https:\\\/\\\/www.filha.fi\\\/wp-content\\\/uploads\\\/2019\\\/04\\\/Filha-logo.png\",\"width\":960,\"height\":1230,\"caption\":\"Filha ry\"},\"image\":{\"@id\":\"https:\\\/\\\/www.filha.fi\\\/#\\\/schema\\\/logo\\\/image\\\/\"}}]}<\/script>\n<!-- \/ Yoast SEO plugin. -->","yoast_head_json":{"title":"Christmas seal homes - Filha","robots":{"index":"index","follow":"follow","max-snippet":"max-snippet:-1","max-image-preview":"max-image-preview:large","max-video-preview":"max-video-preview:-1"},"canonical":"https:\/\/www.filha.fi\/filha\/joulumerkkikodit\/","og_locale":"en_US","og_type":"article","og_title":"Christmas seal homes - Filha","og_url":"https:\/\/www.filha.fi\/filha\/joulumerkkikodit\/","og_site_name":"Filha","article_modified_time":"2023-10-16T10:24:05+00:00","og_image":[{"width":960,"height":1230,"url":"https:\/\/www.filha.fi\/wp-content\/uploads\/2019\/04\/Filha-logo.png","type":"image\/png"}],"twitter_card":"summary_large_image","twitter_misc":{"Est. reading time":"2 minutes"},"schema":{"@context":"https:\/\/schema.org","@graph":[{"@type":"WebPage","@id":"https:\/\/www.filha.fi\/filha\/joulumerkkikodit\/","url":"https:\/\/www.filha.fi\/filha\/joulumerkkikodit\/","name":"Christmas seal homes - Filha","isPartOf":{"@id":"https:\/\/www.filha.fi\/#website"},"datePublished":"2017-01-13T08:34:09+00:00","dateModified":"2023-10-16T10:24:05+00:00","breadcrumb":{"@id":"https:\/\/www.filha.fi\/filha\/joulumerkkikodit\/#breadcrumb"},"inLanguage":"en-US","potentialAction":[{"@type":"ReadAction","target":["https:\/\/www.filha.fi\/filha\/joulumerkkikodit\/"]}]},{"@type":"BreadcrumbList","@id":"https:\/\/www.filha.fi\/filha\/joulumerkkikodit\/#breadcrumb","itemListElement":[{"@type":"ListItem","position":1,"name":"Home","item":"https:\/\/www.filha.fi\/"},{"@type":"ListItem","position":2,"name":"Filha","item":"https:\/\/www.filha.fi\/filha\/"},{"@type":"ListItem","position":3,"name":"Joulumerkkikodit"}]},{"@type":"WebSite","@id":"https:\/\/www.filha.fi\/#website","url":"https:\/\/www.filha.fi\/","name":"Filha","description":"Expertise in lung health","publisher":{"@id":"https:\/\/www.filha.fi\/#organization"},"potentialAction":[{"@type":"SearchAction","target":{"@type":"EntryPoint","urlTemplate":"https:\/\/www.filha.fi\/?s={search_term_string}"},"query-input":{"@type":"PropertyValueSpecification","valueRequired":true,"valueName":"search_term_string"}}],"inLanguage":"en-US"},{"@type":"Organization","@id":"https:\/\/www.filha.fi\/#organization","name":"Filha ry","url":"https:\/\/www.filha.fi\/","logo":{"@type":"ImageObject","inLanguage":"en-US","@id":"https:\/\/www.filha.fi\/#\/schema\/logo\/image\/","url":"https:\/\/www.filha.fi\/wp-content\/uploads\/2019\/04\/Filha-logo.png","contentUrl":"https:\/\/www.filha.fi\/wp-content\/uploads\/2019\/04\/Filha-logo.png","width":960,"height":1230,"caption":"Filha ry"},"image":{"@id":"https:\/\/www.filha.fi\/#\/schema\/logo\/image\/"}}]}},"_links":{"self":[{"href":"https:\/\/www.filha.fi\/en\/wp-json\/wp\/v2\/pages\/175","targetHints":{"allow":["GET"]}}],"collection":[{"href":"https:\/\/www.filha.fi\/en\/wp-json\/wp\/v2\/pages"}],"about":[{"href":"https:\/\/www.filha.fi\/en\/wp-json\/wp\/v2\/types\/page"}],"author":[{"embeddable":true,"href":"https:\/\/www.filha.fi\/en\/wp-json\/wp\/v2\/users\/4"}],"replies":[{"embeddable":true,"href":"https:\/\/www.filha.fi\/en\/wp-json\/wp\/v2\/comments?post=175"}],"version-history":[{"count":0,"href":"https:\/\/www.filha.fi\/en\/wp-json\/wp\/v2\/pages\/175\/revisions"}],"up":[{"embeddable":true,"href":"https:\/\/www.filha.fi\/en\/wp-json\/wp\/v2\/pages\/134"}],"wp:attachment":[{"href":"https:\/\/www.filha.fi\/en\/wp-json\/wp\/v2\/media?parent=175"}],"wp:term":[{"taxonomy":"category","embeddable":true,"href":"https:\/\/www.filha.fi\/en\/wp-json\/wp\/v2\/categories?post=175"}],"curies":[{"name":"wp","href":"https:\/\/api.w.org\/{rel}","templated":true}]}}