{"id":176,"date":"2017-01-13T12:06:33","date_gmt":"2017-01-13T12:06:33","guid":{"rendered":"http:\/\/www.filha.fi\/content_page\/tuki-5-eu-maalle-mdr-tuberkuloosin-ehkaisyssa\/"},"modified":"2021-03-30T14:34:53","modified_gmt":"2021-03-30T11:34:53","slug":"tuki-5-eu-maalle-mdr-tuberkuloosin-ehkaisyssa","status":"publish","type":"page","link":"https:\/\/www.filha.fi\/en\/hankkeet\/paattyneet\/tuki-5-eu-maalle-mdr-tuberkuloosin-ehkaisyssa\/","title":{"rendered":"Tuki 5 EU-maalle MDR-tuberkuloosin ehk\u00e4isyss\u00e4"},"content":{"rendered":"<table border=\"1\" cellspacing=\"0\" cellpadding=\"0\">\n<tbody>\n<tr>\n<td>Kesto<\/td>\n<td>2016\u20132018<\/td>\n<\/tr>\n<tr>\n<td>P\u00e4\u00e4toteuttaja<\/td>\n<td>Filha<\/td>\n<\/tr>\n<tr>\n<td>Muut toteuttajat<\/td>\n<td>TBC Consult (Nonna Turusbekova)<\/td>\n<\/tr>\n<tr>\n<td>Rahoittajat<\/td>\n<td>Euroopan tautikeskus ECDC<\/td>\n<\/tr>\n<tr>\n<td>Lyhyt kuvaus<\/td>\n<td>Hankkeen tavoitteena on tukea Bulgariaa, Latviaa, Liettuaa, Romaniaa ja Viroa monil\u00e4\u00e4keresistentin tuberkuloosin ehk\u00e4isyss\u00e4 ja kontrollissa.<\/td>\n<\/tr>\n<tr>\n<td>Yhteyshenkil\u00f6<\/td>\n<td>Mikko Vauhkonen, 044-5442203<br \/>\n<a href=\"mailto:mikko.vauhkonen@filha.fi\">mikko.vauhkonen@filha.fi<\/a><\/td>\n<\/tr>\n<\/tbody>\n<\/table>\n<h2>Hankkeen toiminnot vuonna 2016:<\/h2>\n<ul>\n<li>Koulutus Tallinnassa, Virossa 27.\u201329.9.2016 latentista tuberkuloosi-infektiosta (LTBI), 30 osallistujaa<\/li>\n<li>Opintomatka Helsinkiin ja Turkuun 10.\u201314.10.2016 aiheena tuberkuloosin kontaktij\u00e4ljitys, 20 osallistujaa<\/li>\n<li>Konsultaatio Romanialle aiheena integroitujen yhteis\u00f6tukipalveluiden kest\u00e4vyys MDR-tuberkuloosin hoidossa ja koulutussuunnitelman laatiminen yhteis\u00f6jen etsiv\u00e4n ty\u00f6n tekij\u00f6iden ottamiseksi mukaan MDR-tuberkuloosin hoitoon sitoutumisen tukemiseen<\/li>\n<\/ul>\n<h2>Hankkeen toiminnot vuonna 2017:<\/h2>\n<ul>\n<li>Opintomatka Helsinkiin 9.-12.5.2016. Aiheena siirtyminen sairaalapainotteisesta j\u00e4rjestelm\u00e4st\u00e4 avohoitoon tuberkuloosin hoidossa, 20 osallistujaa<\/li>\n<li>Koulutus Sofiassa, Bulgariassa 19.\u201321.10.2017. Aiheena tuberkuloosin ennaltaehk\u00e4isy ja hoito haavoittuvien, vaikeasti tavoitettavien ja maahanmuuttajien parissa, 25 osallistujaa<\/li>\n<li>Konsultaatio Latvialle aiheena laatia kansallinen ohje LTBI:n ennalta ehk\u00e4isev\u00e4st\u00e4 hoidosta HIV-potilaille ja LTBI-tapausten ja TB-kontaktien rekisterin luomiseksi<\/li>\n<\/ul>\n<h2>Hankkeen toiminnot vuonna 2018:<\/h2>\n<ul>\n<li>Opintomatka Groningeniin, Alankomaihin 24.-26.4.2018. Aiheena tuberkuloosin tartunnantorjunta, 20 osallistujaa<\/li>\n<li>Koulutus Vilnassa, Liettuassa 1.-3.10.2018. Aiheena viestint\u00e4, sosiaalisen median k\u00e4ytt\u00f6 ja vaikuttamisty\u00f6, 20 osallistujaa<\/li>\n<li>Konsultaatio Liettualle aiheena laatia kansallinen ohje integroiduista palveluista erityisesti MDR-tuberkuloositapauksille, TB\/HIV-kaksoisinfektiotapauksille ja haavoittuviin ryhmiin kuuluville tapauksille<\/li>\n<\/ul>\n","protected":false},"excerpt":{"rendered":"<p>Kesto 2016\u20132018 P\u00e4\u00e4toteuttaja Filha Muut toteuttajat TBC Consult (Nonna Turusbekova) Rahoittajat Euroopan tautikeskus ECDC Lyhyt kuvaus Hankkeen tavoitteena on tukea Bulgariaa, Latviaa, Liettuaa, Romaniaa ja Viroa monil\u00e4\u00e4keresistentin tuberkuloosin ehk\u00e4isyss\u00e4 ja &#8230; <a title=\"Tuki 5 EU-maalle MDR-tuberkuloosin ehk\u00e4isyss\u00e4\" class=\"read-more\" href=\"https:\/\/www.filha.fi\/en\/hankkeet\/paattyneet\/tuki-5-eu-maalle-mdr-tuberkuloosin-ehkaisyssa\/\" aria-label=\"Read more about Tuki 5 EU-maalle MDR-tuberkuloosin ehk\u00e4isyss\u00e4\">Read more<\/a><\/p>\n","protected":false},"author":4,"featured_media":0,"parent":87,"menu_order":0,"comment_status":"closed","ping_status":"closed","template":"","meta":{"_acf_changed":false,"footnotes":""},"categories":[28,46,3,47],"class_list":["post-176","page","type-page","status-publish","category-ecdc","category-mikko","category-tuberkuloosi","category-tuula"],"translation":{"provider":"WPGlobus","version":"3.0.2","language":"en","enabled_languages":["fi","en"],"languages":{"fi":{"title":true,"content":true,"excerpt":false},"en":{"title":false,"content":false,"excerpt":false}}},"acf":[],"yoast_head":"<!-- This site is optimized with the Yoast SEO plugin v27.4 - https:\/\/yoast.com\/product\/yoast-seo-wordpress\/ -->\n<title>Tuki 5 EU-maalle MDR-tuberkuloosin ehk\u00e4isyss\u00e4 - Filha<\/title>\n<meta name=\"robots\" content=\"index, follow, max-snippet:-1, max-image-preview:large, max-video-preview:-1\" \/>\n<link rel=\"canonical\" href=\"https:\/\/www.filha.fi\/hankkeet\/paattyneet\/tuki-5-eu-maalle-mdr-tuberkuloosin-ehkaisyssa\/\" \/>\n<meta property=\"og:locale\" content=\"en_US\" \/>\n<meta property=\"og:type\" content=\"article\" \/>\n<meta property=\"og:title\" content=\"Tuki 5 EU-maalle MDR-tuberkuloosin ehk\u00e4isyss\u00e4 - Filha\" \/>\n<meta property=\"og:url\" content=\"https:\/\/www.filha.fi\/hankkeet\/paattyneet\/tuki-5-eu-maalle-mdr-tuberkuloosin-ehkaisyssa\/\" \/>\n<meta property=\"og:site_name\" content=\"Filha\" \/>\n<meta property=\"article:modified_time\" content=\"2021-03-30T11:34:53+00:00\" \/>\n<meta property=\"og:image\" content=\"https:\/\/www.filha.fi\/wp-content\/uploads\/2019\/04\/Filha-logo.png\" \/>\n\t<meta property=\"og:image:width\" content=\"960\" \/>\n\t<meta property=\"og:image:height\" content=\"1230\" \/>\n\t<meta property=\"og:image:type\" content=\"image\/png\" \/>\n<meta name=\"twitter:card\" content=\"summary_large_image\" \/>\n<meta name=\"twitter:label1\" content=\"Est. reading time\" \/>\n\t<meta name=\"twitter:data1\" content=\"1 minute\" \/>\n<script type=\"application\/ld+json\" class=\"yoast-schema-graph\">{\"@context\":\"https:\\\/\\\/schema.org\",\"@graph\":[{\"@type\":\"WebPage\",\"@id\":\"https:\\\/\\\/www.filha.fi\\\/hankkeet\\\/paattyneet\\\/tuki-5-eu-maalle-mdr-tuberkuloosin-ehkaisyssa\\\/\",\"url\":\"https:\\\/\\\/www.filha.fi\\\/hankkeet\\\/paattyneet\\\/tuki-5-eu-maalle-mdr-tuberkuloosin-ehkaisyssa\\\/\",\"name\":\"Tuki 5 EU-maalle MDR-tuberkuloosin ehk\u00e4isyss\u00e4 - Filha\",\"isPartOf\":{\"@id\":\"https:\\\/\\\/www.filha.fi\\\/#website\"},\"datePublished\":\"2017-01-13T12:06:33+00:00\",\"dateModified\":\"2021-03-30T11:34:53+00:00\",\"breadcrumb\":{\"@id\":\"https:\\\/\\\/www.filha.fi\\\/hankkeet\\\/paattyneet\\\/tuki-5-eu-maalle-mdr-tuberkuloosin-ehkaisyssa\\\/#breadcrumb\"},\"inLanguage\":\"en-US\",\"potentialAction\":[{\"@type\":\"ReadAction\",\"target\":[\"https:\\\/\\\/www.filha.fi\\\/hankkeet\\\/paattyneet\\\/tuki-5-eu-maalle-mdr-tuberkuloosin-ehkaisyssa\\\/\"]}]},{\"@type\":\"BreadcrumbList\",\"@id\":\"https:\\\/\\\/www.filha.fi\\\/hankkeet\\\/paattyneet\\\/tuki-5-eu-maalle-mdr-tuberkuloosin-ehkaisyssa\\\/#breadcrumb\",\"itemListElement\":[{\"@type\":\"ListItem\",\"position\":1,\"name\":\"Home\",\"item\":\"https:\\\/\\\/www.filha.fi\\\/\"},{\"@type\":\"ListItem\",\"position\":2,\"name\":\"Hankkeet\",\"item\":\"https:\\\/\\\/www.filha.fi\\\/hankkeet\\\/\"},{\"@type\":\"ListItem\",\"position\":3,\"name\":\"P\u00e4\u00e4ttyneet hankkeet\",\"item\":\"https:\\\/\\\/www.filha.fi\\\/hankkeet\\\/paattyneet\\\/\"},{\"@type\":\"ListItem\",\"position\":4,\"name\":\"Tuki 5 EU-maalle MDR-tuberkuloosin ehk\u00e4isyss\u00e4\"}]},{\"@type\":\"WebSite\",\"@id\":\"https:\\\/\\\/www.filha.fi\\\/#website\",\"url\":\"https:\\\/\\\/www.filha.fi\\\/\",\"name\":\"Filha\",\"description\":\"Expertise in lung health\",\"publisher\":{\"@id\":\"https:\\\/\\\/www.filha.fi\\\/#organization\"},\"potentialAction\":[{\"@type\":\"SearchAction\",\"target\":{\"@type\":\"EntryPoint\",\"urlTemplate\":\"https:\\\/\\\/www.filha.fi\\\/?s={search_term_string}\"},\"query-input\":{\"@type\":\"PropertyValueSpecification\",\"valueRequired\":true,\"valueName\":\"search_term_string\"}}],\"inLanguage\":\"en-US\"},{\"@type\":\"Organization\",\"@id\":\"https:\\\/\\\/www.filha.fi\\\/#organization\",\"name\":\"Filha ry\",\"url\":\"https:\\\/\\\/www.filha.fi\\\/\",\"logo\":{\"@type\":\"ImageObject\",\"inLanguage\":\"en-US\",\"@id\":\"https:\\\/\\\/www.filha.fi\\\/#\\\/schema\\\/logo\\\/image\\\/\",\"url\":\"https:\\\/\\\/www.filha.fi\\\/wp-content\\\/uploads\\\/2019\\\/04\\\/Filha-logo.png\",\"contentUrl\":\"https:\\\/\\\/www.filha.fi\\\/wp-content\\\/uploads\\\/2019\\\/04\\\/Filha-logo.png\",\"width\":960,\"height\":1230,\"caption\":\"Filha ry\"},\"image\":{\"@id\":\"https:\\\/\\\/www.filha.fi\\\/#\\\/schema\\\/logo\\\/image\\\/\"}}]}<\/script>\n<!-- \/ Yoast SEO plugin. -->","yoast_head_json":{"title":"Tuki 5 EU-maalle MDR-tuberkuloosin ehk\u00e4isyss\u00e4 - Filha","robots":{"index":"index","follow":"follow","max-snippet":"max-snippet:-1","max-image-preview":"max-image-preview:large","max-video-preview":"max-video-preview:-1"},"canonical":"https:\/\/www.filha.fi\/hankkeet\/paattyneet\/tuki-5-eu-maalle-mdr-tuberkuloosin-ehkaisyssa\/","og_locale":"en_US","og_type":"article","og_title":"Tuki 5 EU-maalle MDR-tuberkuloosin ehk\u00e4isyss\u00e4 - Filha","og_url":"https:\/\/www.filha.fi\/hankkeet\/paattyneet\/tuki-5-eu-maalle-mdr-tuberkuloosin-ehkaisyssa\/","og_site_name":"Filha","article_modified_time":"2021-03-30T11:34:53+00:00","og_image":[{"width":960,"height":1230,"url":"https:\/\/www.filha.fi\/wp-content\/uploads\/2019\/04\/Filha-logo.png","type":"image\/png"}],"twitter_card":"summary_large_image","twitter_misc":{"Est. reading time":"1 minute"},"schema":{"@context":"https:\/\/schema.org","@graph":[{"@type":"WebPage","@id":"https:\/\/www.filha.fi\/hankkeet\/paattyneet\/tuki-5-eu-maalle-mdr-tuberkuloosin-ehkaisyssa\/","url":"https:\/\/www.filha.fi\/hankkeet\/paattyneet\/tuki-5-eu-maalle-mdr-tuberkuloosin-ehkaisyssa\/","name":"Tuki 5 EU-maalle MDR-tuberkuloosin ehk\u00e4isyss\u00e4 - Filha","isPartOf":{"@id":"https:\/\/www.filha.fi\/#website"},"datePublished":"2017-01-13T12:06:33+00:00","dateModified":"2021-03-30T11:34:53+00:00","breadcrumb":{"@id":"https:\/\/www.filha.fi\/hankkeet\/paattyneet\/tuki-5-eu-maalle-mdr-tuberkuloosin-ehkaisyssa\/#breadcrumb"},"inLanguage":"en-US","potentialAction":[{"@type":"ReadAction","target":["https:\/\/www.filha.fi\/hankkeet\/paattyneet\/tuki-5-eu-maalle-mdr-tuberkuloosin-ehkaisyssa\/"]}]},{"@type":"BreadcrumbList","@id":"https:\/\/www.filha.fi\/hankkeet\/paattyneet\/tuki-5-eu-maalle-mdr-tuberkuloosin-ehkaisyssa\/#breadcrumb","itemListElement":[{"@type":"ListItem","position":1,"name":"Home","item":"https:\/\/www.filha.fi\/"},{"@type":"ListItem","position":2,"name":"Hankkeet","item":"https:\/\/www.filha.fi\/hankkeet\/"},{"@type":"ListItem","position":3,"name":"P\u00e4\u00e4ttyneet hankkeet","item":"https:\/\/www.filha.fi\/hankkeet\/paattyneet\/"},{"@type":"ListItem","position":4,"name":"Tuki 5 EU-maalle MDR-tuberkuloosin ehk\u00e4isyss\u00e4"}]},{"@type":"WebSite","@id":"https:\/\/www.filha.fi\/#website","url":"https:\/\/www.filha.fi\/","name":"Filha","description":"Expertise in lung health","publisher":{"@id":"https:\/\/www.filha.fi\/#organization"},"potentialAction":[{"@type":"SearchAction","target":{"@type":"EntryPoint","urlTemplate":"https:\/\/www.filha.fi\/?s={search_term_string}"},"query-input":{"@type":"PropertyValueSpecification","valueRequired":true,"valueName":"search_term_string"}}],"inLanguage":"en-US"},{"@type":"Organization","@id":"https:\/\/www.filha.fi\/#organization","name":"Filha ry","url":"https:\/\/www.filha.fi\/","logo":{"@type":"ImageObject","inLanguage":"en-US","@id":"https:\/\/www.filha.fi\/#\/schema\/logo\/image\/","url":"https:\/\/www.filha.fi\/wp-content\/uploads\/2019\/04\/Filha-logo.png","contentUrl":"https:\/\/www.filha.fi\/wp-content\/uploads\/2019\/04\/Filha-logo.png","width":960,"height":1230,"caption":"Filha ry"},"image":{"@id":"https:\/\/www.filha.fi\/#\/schema\/logo\/image\/"}}]}},"_links":{"self":[{"href":"https:\/\/www.filha.fi\/en\/wp-json\/wp\/v2\/pages\/176","targetHints":{"allow":["GET"]}}],"collection":[{"href":"https:\/\/www.filha.fi\/en\/wp-json\/wp\/v2\/pages"}],"about":[{"href":"https:\/\/www.filha.fi\/en\/wp-json\/wp\/v2\/types\/page"}],"author":[{"embeddable":true,"href":"https:\/\/www.filha.fi\/en\/wp-json\/wp\/v2\/users\/4"}],"replies":[{"embeddable":true,"href":"https:\/\/www.filha.fi\/en\/wp-json\/wp\/v2\/comments?post=176"}],"version-history":[{"count":0,"href":"https:\/\/www.filha.fi\/en\/wp-json\/wp\/v2\/pages\/176\/revisions"}],"up":[{"embeddable":true,"href":"https:\/\/www.filha.fi\/en\/wp-json\/wp\/v2\/pages\/87"}],"wp:attachment":[{"href":"https:\/\/www.filha.fi\/en\/wp-json\/wp\/v2\/media?parent=176"}],"wp:term":[{"taxonomy":"category","embeddable":true,"href":"https:\/\/www.filha.fi\/en\/wp-json\/wp\/v2\/categories?post=176"}],"curies":[{"name":"wp","href":"https:\/\/api.w.org\/{rel}","templated":true}]}}