{"id":17718,"date":"2022-08-30T11:52:02","date_gmt":"2022-08-30T08:52:02","guid":{"rendered":"https:\/\/www.filha.fi\/?page_id=17718"},"modified":"2025-10-20T14:11:20","modified_gmt":"2025-10-20T11:11:20","slug":"verkkokurssi-sisailmaan-liitetysta-oireilusta","status":"publish","type":"page","link":"https:\/\/www.filha.fi\/en\/verkkokurssi-sisailmaan-liitetysta-oireilusta\/","title":{"rendered":"Verkkokurssi sis\u00e4ilmaan liitetyst\u00e4 oireilusta"},"content":{"rendered":"<p>Terveyskyl\u00e4PRO-palvelussa on julkaistu verkkokurssi \u201d<a href=\"https:\/\/www.terveyskyla.fi\/terveyskyl%C3%A4pro\/ajankohtaista\/verkkokurssi-tarjoaa-ammattilaiselle-tietoa-ja-ty%C3%B6kaluja-potilasty%C3%B6n-tueksi-sis%C3%A4ilmatilanteissa\" target=\"_blank\" rel=\"noopener\">Sis\u00e4ilmaan liitetty oireilu aikuisilla \u2013 miten tutkin, tuen ja hoidan<\/a>?\u201d. Se on suunnattu erityisesti perusterveydenhuollon l\u00e4\u00e4k\u00e4reille ja hoitajille, mutta sopii kaikille terveydenhuollon ammattilaisille. Kurssi on julkaistu vuonna 2022.<\/p>\n<p><a href=\"https:\/\/www.terveyskyla.fi\/terveyskyl%C3%A4pro\/ajankohtaista\/verkkokurssi-tarjoaa-ammattilaiselle-tietoa-ja-ty%C3%B6kaluja-potilasty%C3%B6n-tueksi-sis%C3%A4ilmatilanteissa\" target=\"_blank\" rel=\"noopener\"><img fetchpriority=\"high\" decoding=\"async\" class=\"alignright wp-image-29366\" src=\"https:\/\/www.filha.fi\/wp-content\/uploads\/2023\/10\/Terveyskylapro_verkkokuva_a.jpg\" alt=\"Sis\u00e4ilmaan liitetty oireilu aikuisilla - miten tutkin, tuen ja hoidan? -verkkokurssin mainos, jossa naispuolinen l\u00e4\u00e4k\u00e4ri kuvituskuvana.\" width=\"345\" height=\"496\" srcset=\"https:\/\/www.filha.fi\/wp-content\/uploads\/2023\/10\/Terveyskylapro_verkkokuva_a.jpg 945w, https:\/\/www.filha.fi\/wp-content\/uploads\/2023\/10\/Terveyskylapro_verkkokuva_a-209x300.jpg 209w, https:\/\/www.filha.fi\/wp-content\/uploads\/2023\/10\/Terveyskylapro_verkkokuva_a-713x1024.jpg 713w, https:\/\/www.filha.fi\/wp-content\/uploads\/2023\/10\/Terveyskylapro_verkkokuva_a-768x1104.jpg 768w\" sizes=\"(max-width: 345px) 100vw, 345px\" \/><\/a><\/p>\n<p><em>Kurssilla opitaan, mit\u00e4 tulee ottaa huomioon, kun potilaan oireilun syyksi ep\u00e4ill\u00e4\u00e4n sis\u00e4ilmaa.<\/em><\/p>\n<p>Kurssilla esitell\u00e4\u00e4n laajasti tekij\u00f6it\u00e4, jotka saattavat vaikuttaa sis\u00e4ilmaan liitetyn oireilun taustalla. Kurssin eri moduuleissa k\u00e4sitell\u00e4\u00e4n potilaan kohtaamistilanteisiin liittyvi\u00e4 erityispiirteit\u00e4 sek\u00e4 annetaan vinkkej\u00e4 ja ty\u00f6kaluja kohtaamisen tueksi. Lis\u00e4ksi syvennyt\u00e4\u00e4n terveydenhuollon ammattilaisen rooliin sek\u00e4 potilaan hoidon ja tuen erilaisiin mahdollisuuksiin, joita el\u00e4v\u00f6itet\u00e4\u00e4n potilasesimerkein terveydenhuollon n\u00e4k\u00f6kulmasta k\u00e4siteltyn\u00e4 sek\u00e4 toipuneiden omilla kuvauksilla.\u00a0<span data-ccp-props=\"{&quot;201341983&quot;:0,&quot;335559739&quot;:160,&quot;335559740&quot;:259}\">\u00a0<\/span><\/p>\n<p>Voit k\u00e4yd\u00e4 kurssin kokonaisuudessaan l\u00e4pi tai silm\u00e4ill\u00e4 itse\u00e4si kiinnostavat kohdat. Voit my\u00f6s tallentaa itsellesi ty\u00f6kaluja ty\u00f6si tueksi.<\/p>\n<p>Koko kurssin suorittamiseen menee aikaa 2-3 tuntia.<span data-ccp-props=\"{&quot;201341983&quot;:0,&quot;335559739&quot;:160,&quot;335559740&quot;:259}\">\u00a0<\/span><\/p>\n<p><span data-contrast=\"auto\">Tutustu kurssiin Terveyskyl\u00e4PRO-palvelussa. Linkki edellytt\u00e4\u00e4 kirjautumista palveluun sosiaali- ja terveydenhuollon ammattilaisena.<\/span><span data-ccp-props=\"{&quot;201341983&quot;:0,&quot;335559739&quot;:160,&quot;335559740&quot;:240}\">\u00a0<\/span><\/p>\n<ul>\n<li><a href=\"https:\/\/www.terveyskyla.fi\/terveyskyl%C3%A4pro\/ajankohtaista\/verkkokurssi-tarjoaa-ammattilaiselle-tietoa-ja-ty%C3%B6kaluja-potilasty%C3%B6n-tueksi-sis%C3%A4ilmatilanteissa\" target=\"_blank\" rel=\"noopener\"><span data-ccp-charstyle=\"Hyperlink\">Sis\u00e4ilmaan liitetty oireilu aikuisilla &#8211; Miten tutkin, tuen ja hoidan?<\/span><\/a><\/li>\n<\/ul>\n<p><em>Verkkokurssin tuottaa Filha osana Kansallista sis\u00e4ilma ja terveys -ohjelmaa (2018-2028), jonka tavoitteena on edist\u00e4\u00e4 terveytt\u00e4 ja hyvinvointia v\u00e4hent\u00e4m\u00e4ll\u00e4 sis\u00e4ymp\u00e4rist\u00f6\u00f6n liittyvi\u00e4 haittoja Suomessa. Ohjelmaa koordinoi Terveyden ja hyvinvoinnin laitos, ja ty\u00f6h\u00f6n osallistuvat aktiivisesti Ty\u00f6terveyslaitos, Filha ry, Hengitysliitto, Allergia-, Iho- ja Astmaliitto sek\u00e4 Sis\u00e4ilmayhdistys ry. Ohjelma toteuttaa hallituksen Terveet tilat 2028 -ohjelman terveyden ja hyvinvoinnin edist\u00e4mist\u00e4 koskevia toimenpiteit\u00e4. <\/em><\/p>\n<p><em>Verkkokurssin sis\u00e4lt\u00f6jen suunnitteluun ja kehitt\u00e4miseen on osallistunut asiantuntijoita Kansallinen sis\u00e4ilma ja terveys -ohjelman organisaatioista sek\u00e4 lukuisia terveydenhuollon ammattilaisia ymp\u00e4ri Suomen. <\/em><\/p>\n","protected":false},"excerpt":{"rendered":"<p>Terveyskyl\u00e4PRO-palvelussa on julkaistu verkkokurssi \u201dSis\u00e4ilmaan liitetty oireilu aikuisilla \u2013 miten tutkin, tuen ja hoidan?\u201d. Se on suunnattu erityisesti perusterveydenhuollon l\u00e4\u00e4k\u00e4reille ja hoitajille, mutta sopii kaikille terveydenhuollon ammattilaisille. Kurssi on julkaistu &#8230; <a title=\"Verkkokurssi sis\u00e4ilmaan liitetyst\u00e4 oireilusta\" class=\"read-more\" href=\"https:\/\/www.filha.fi\/en\/verkkokurssi-sisailmaan-liitetysta-oireilusta\/\" aria-label=\"Read more about Verkkokurssi sis\u00e4ilmaan liitetyst\u00e4 oireilusta\">Read more<\/a><\/p>\n","protected":false},"author":23,"featured_media":0,"parent":0,"menu_order":0,"comment_status":"closed","ping_status":"closed","template":"","meta":{"_acf_changed":false,"footnotes":""},"categories":[72,21,47],"class_list":["post-17718","page","type-page","status-publish","category-hanna","category-sisailma","category-tuula"],"translation":{"provider":"WPGlobus","version":"3.0.2","language":"en","enabled_languages":["fi","en"],"languages":{"fi":{"title":true,"content":true,"excerpt":false},"en":{"title":false,"content":false,"excerpt":false}}},"acf":[],"yoast_head":"<!-- This site is optimized with the Yoast SEO plugin v27.5 - https:\/\/yoast.com\/product\/yoast-seo-wordpress\/ -->\n<title>Verkkokurssi sis\u00e4ilmaan liitetyst\u00e4 oireilusta - Filha<\/title>\n<meta name=\"robots\" content=\"index, follow, max-snippet:-1, max-image-preview:large, max-video-preview:-1\" \/>\n<link rel=\"canonical\" href=\"https:\/\/www.filha.fi\/verkkokurssi-sisailmaan-liitetysta-oireilusta\/\" \/>\n<meta property=\"og:locale\" content=\"en_US\" \/>\n<meta property=\"og:type\" content=\"article\" \/>\n<meta property=\"og:title\" content=\"Verkkokurssi sis\u00e4ilmaan liitetyst\u00e4 oireilusta - Filha\" \/>\n<meta property=\"og:url\" content=\"https:\/\/www.filha.fi\/verkkokurssi-sisailmaan-liitetysta-oireilusta\/\" \/>\n<meta property=\"og:site_name\" content=\"Filha\" \/>\n<meta property=\"article:modified_time\" content=\"2025-10-20T11:11:20+00:00\" \/>\n<meta property=\"og:image\" content=\"https:\/\/www.filha.fi\/wp-content\/uploads\/2023\/10\/Terveyskylapro_verkkokuva_a.jpg\" \/>\n\t<meta property=\"og:image:width\" content=\"945\" \/>\n\t<meta property=\"og:image:height\" content=\"1358\" \/>\n\t<meta property=\"og:image:type\" content=\"image\/jpeg\" \/>\n<meta name=\"twitter:card\" content=\"summary_large_image\" \/>\n<meta name=\"twitter:label1\" content=\"Est. reading time\" \/>\n\t<meta name=\"twitter:data1\" content=\"2 minutes\" \/>\n<script type=\"application\/ld+json\" class=\"yoast-schema-graph\">{\"@context\":\"https:\\\/\\\/schema.org\",\"@graph\":[{\"@type\":\"WebPage\",\"@id\":\"https:\\\/\\\/www.filha.fi\\\/verkkokurssi-sisailmaan-liitetysta-oireilusta\\\/\",\"url\":\"https:\\\/\\\/www.filha.fi\\\/verkkokurssi-sisailmaan-liitetysta-oireilusta\\\/\",\"name\":\"Verkkokurssi sis\u00e4ilmaan liitetyst\u00e4 oireilusta - Filha\",\"isPartOf\":{\"@id\":\"https:\\\/\\\/www.filha.fi\\\/#website\"},\"primaryImageOfPage\":{\"@id\":\"https:\\\/\\\/www.filha.fi\\\/verkkokurssi-sisailmaan-liitetysta-oireilusta\\\/#primaryimage\"},\"image\":{\"@id\":\"https:\\\/\\\/www.filha.fi\\\/verkkokurssi-sisailmaan-liitetysta-oireilusta\\\/#primaryimage\"},\"thumbnailUrl\":\"https:\\\/\\\/www.filha.fi\\\/wp-content\\\/uploads\\\/2023\\\/10\\\/Terveyskylapro_verkkokuva_a.jpg\",\"datePublished\":\"2022-08-30T08:52:02+00:00\",\"dateModified\":\"2025-10-20T11:11:20+00:00\",\"breadcrumb\":{\"@id\":\"https:\\\/\\\/www.filha.fi\\\/verkkokurssi-sisailmaan-liitetysta-oireilusta\\\/#breadcrumb\"},\"inLanguage\":\"en-US\",\"potentialAction\":[{\"@type\":\"ReadAction\",\"target\":[\"https:\\\/\\\/www.filha.fi\\\/verkkokurssi-sisailmaan-liitetysta-oireilusta\\\/\"]}]},{\"@type\":\"ImageObject\",\"inLanguage\":\"en-US\",\"@id\":\"https:\\\/\\\/www.filha.fi\\\/verkkokurssi-sisailmaan-liitetysta-oireilusta\\\/#primaryimage\",\"url\":\"https:\\\/\\\/www.filha.fi\\\/wp-content\\\/uploads\\\/2023\\\/10\\\/Terveyskylapro_verkkokuva_a.jpg\",\"contentUrl\":\"https:\\\/\\\/www.filha.fi\\\/wp-content\\\/uploads\\\/2023\\\/10\\\/Terveyskylapro_verkkokuva_a.jpg\"},{\"@type\":\"BreadcrumbList\",\"@id\":\"https:\\\/\\\/www.filha.fi\\\/verkkokurssi-sisailmaan-liitetysta-oireilusta\\\/#breadcrumb\",\"itemListElement\":[{\"@type\":\"ListItem\",\"position\":1,\"name\":\"Home\",\"item\":\"https:\\\/\\\/www.filha.fi\\\/\"},{\"@type\":\"ListItem\",\"position\":2,\"name\":\"Verkkokurssi sis\u00e4ilmaan liitetyst\u00e4 oireilusta\"}]},{\"@type\":\"WebSite\",\"@id\":\"https:\\\/\\\/www.filha.fi\\\/#website\",\"url\":\"https:\\\/\\\/www.filha.fi\\\/\",\"name\":\"Filha\",\"description\":\"Expertise in lung health\",\"publisher\":{\"@id\":\"https:\\\/\\\/www.filha.fi\\\/#organization\"},\"potentialAction\":[{\"@type\":\"SearchAction\",\"target\":{\"@type\":\"EntryPoint\",\"urlTemplate\":\"https:\\\/\\\/www.filha.fi\\\/?s={search_term_string}\"},\"query-input\":{\"@type\":\"PropertyValueSpecification\",\"valueRequired\":true,\"valueName\":\"search_term_string\"}}],\"inLanguage\":\"en-US\"},{\"@type\":\"Organization\",\"@id\":\"https:\\\/\\\/www.filha.fi\\\/#organization\",\"name\":\"Filha ry\",\"url\":\"https:\\\/\\\/www.filha.fi\\\/\",\"logo\":{\"@type\":\"ImageObject\",\"inLanguage\":\"en-US\",\"@id\":\"https:\\\/\\\/www.filha.fi\\\/#\\\/schema\\\/logo\\\/image\\\/\",\"url\":\"https:\\\/\\\/www.filha.fi\\\/wp-content\\\/uploads\\\/2019\\\/04\\\/Filha-logo.png\",\"contentUrl\":\"https:\\\/\\\/www.filha.fi\\\/wp-content\\\/uploads\\\/2019\\\/04\\\/Filha-logo.png\",\"width\":960,\"height\":1230,\"caption\":\"Filha ry\"},\"image\":{\"@id\":\"https:\\\/\\\/www.filha.fi\\\/#\\\/schema\\\/logo\\\/image\\\/\"}}]}<\/script>\n<!-- \/ Yoast SEO plugin. -->","yoast_head_json":{"title":"Verkkokurssi sis\u00e4ilmaan liitetyst\u00e4 oireilusta - Filha","robots":{"index":"index","follow":"follow","max-snippet":"max-snippet:-1","max-image-preview":"max-image-preview:large","max-video-preview":"max-video-preview:-1"},"canonical":"https:\/\/www.filha.fi\/verkkokurssi-sisailmaan-liitetysta-oireilusta\/","og_locale":"en_US","og_type":"article","og_title":"Verkkokurssi sis\u00e4ilmaan liitetyst\u00e4 oireilusta - Filha","og_url":"https:\/\/www.filha.fi\/verkkokurssi-sisailmaan-liitetysta-oireilusta\/","og_site_name":"Filha","article_modified_time":"2025-10-20T11:11:20+00:00","og_image":[{"width":945,"height":1358,"url":"https:\/\/www.filha.fi\/wp-content\/uploads\/2023\/10\/Terveyskylapro_verkkokuva_a.jpg","type":"image\/jpeg"}],"twitter_card":"summary_large_image","twitter_misc":{"Est. reading time":"2 minutes"},"schema":{"@context":"https:\/\/schema.org","@graph":[{"@type":"WebPage","@id":"https:\/\/www.filha.fi\/verkkokurssi-sisailmaan-liitetysta-oireilusta\/","url":"https:\/\/www.filha.fi\/verkkokurssi-sisailmaan-liitetysta-oireilusta\/","name":"Verkkokurssi sis\u00e4ilmaan liitetyst\u00e4 oireilusta - Filha","isPartOf":{"@id":"https:\/\/www.filha.fi\/#website"},"primaryImageOfPage":{"@id":"https:\/\/www.filha.fi\/verkkokurssi-sisailmaan-liitetysta-oireilusta\/#primaryimage"},"image":{"@id":"https:\/\/www.filha.fi\/verkkokurssi-sisailmaan-liitetysta-oireilusta\/#primaryimage"},"thumbnailUrl":"https:\/\/www.filha.fi\/wp-content\/uploads\/2023\/10\/Terveyskylapro_verkkokuva_a.jpg","datePublished":"2022-08-30T08:52:02+00:00","dateModified":"2025-10-20T11:11:20+00:00","breadcrumb":{"@id":"https:\/\/www.filha.fi\/verkkokurssi-sisailmaan-liitetysta-oireilusta\/#breadcrumb"},"inLanguage":"en-US","potentialAction":[{"@type":"ReadAction","target":["https:\/\/www.filha.fi\/verkkokurssi-sisailmaan-liitetysta-oireilusta\/"]}]},{"@type":"ImageObject","inLanguage":"en-US","@id":"https:\/\/www.filha.fi\/verkkokurssi-sisailmaan-liitetysta-oireilusta\/#primaryimage","url":"https:\/\/www.filha.fi\/wp-content\/uploads\/2023\/10\/Terveyskylapro_verkkokuva_a.jpg","contentUrl":"https:\/\/www.filha.fi\/wp-content\/uploads\/2023\/10\/Terveyskylapro_verkkokuva_a.jpg"},{"@type":"BreadcrumbList","@id":"https:\/\/www.filha.fi\/verkkokurssi-sisailmaan-liitetysta-oireilusta\/#breadcrumb","itemListElement":[{"@type":"ListItem","position":1,"name":"Home","item":"https:\/\/www.filha.fi\/"},{"@type":"ListItem","position":2,"name":"Verkkokurssi sis\u00e4ilmaan liitetyst\u00e4 oireilusta"}]},{"@type":"WebSite","@id":"https:\/\/www.filha.fi\/#website","url":"https:\/\/www.filha.fi\/","name":"Filha","description":"Expertise in lung health","publisher":{"@id":"https:\/\/www.filha.fi\/#organization"},"potentialAction":[{"@type":"SearchAction","target":{"@type":"EntryPoint","urlTemplate":"https:\/\/www.filha.fi\/?s={search_term_string}"},"query-input":{"@type":"PropertyValueSpecification","valueRequired":true,"valueName":"search_term_string"}}],"inLanguage":"en-US"},{"@type":"Organization","@id":"https:\/\/www.filha.fi\/#organization","name":"Filha ry","url":"https:\/\/www.filha.fi\/","logo":{"@type":"ImageObject","inLanguage":"en-US","@id":"https:\/\/www.filha.fi\/#\/schema\/logo\/image\/","url":"https:\/\/www.filha.fi\/wp-content\/uploads\/2019\/04\/Filha-logo.png","contentUrl":"https:\/\/www.filha.fi\/wp-content\/uploads\/2019\/04\/Filha-logo.png","width":960,"height":1230,"caption":"Filha ry"},"image":{"@id":"https:\/\/www.filha.fi\/#\/schema\/logo\/image\/"}}]}},"_links":{"self":[{"href":"https:\/\/www.filha.fi\/en\/wp-json\/wp\/v2\/pages\/17718","targetHints":{"allow":["GET"]}}],"collection":[{"href":"https:\/\/www.filha.fi\/en\/wp-json\/wp\/v2\/pages"}],"about":[{"href":"https:\/\/www.filha.fi\/en\/wp-json\/wp\/v2\/types\/page"}],"author":[{"embeddable":true,"href":"https:\/\/www.filha.fi\/en\/wp-json\/wp\/v2\/users\/23"}],"replies":[{"embeddable":true,"href":"https:\/\/www.filha.fi\/en\/wp-json\/wp\/v2\/comments?post=17718"}],"version-history":[{"count":1,"href":"https:\/\/www.filha.fi\/en\/wp-json\/wp\/v2\/pages\/17718\/revisions"}],"predecessor-version":[{"id":34033,"href":"https:\/\/www.filha.fi\/en\/wp-json\/wp\/v2\/pages\/17718\/revisions\/34033"}],"wp:attachment":[{"href":"https:\/\/www.filha.fi\/en\/wp-json\/wp\/v2\/media?parent=17718"}],"wp:term":[{"taxonomy":"category","embeddable":true,"href":"https:\/\/www.filha.fi\/en\/wp-json\/wp\/v2\/categories?post=17718"}],"curies":[{"name":"wp","href":"https:\/\/api.w.org\/{rel}","templated":true}]}}