{"id":18430,"date":"2022-10-27T16:41:48","date_gmt":"2022-10-27T13:41:48","guid":{"rendered":"https:\/\/www.filha.fi\/?page_id=18430"},"modified":"2025-08-19T16:34:07","modified_gmt":"2025-08-19T13:34:07","slug":"longcovid-materiaalipankki","status":"publish","type":"page","link":"https:\/\/www.filha.fi\/en\/longcovid-materiaalipankki\/","title":{"rendered":"Long covid -materiaalipankki"},"content":{"rendered":"<p>T\u00e4lle sivulle on koottu erilaisia materiaaleja, joita voivat vapaasti ja maksutta hy\u00f6dynt\u00e4\u00e4 niin ammattilaiset kuin yksityishenkil\u00f6tkin.<\/p>\n<p><em>Tutustu sis\u00e4lt\u00f6ihin, hy\u00f6dynn\u00e4 niit\u00e4 omassa ty\u00f6ss\u00e4si tai arjessasi ja suosittele eteenp\u00e4in!<\/em><\/p>\n<hr \/>\n<h3>P\u00e4iv\u00e4kirja- ja mallipohjia toipuvien omaseurantaan<\/h3>\n<p>Kaikki mallipohjat sis\u00e4lt\u00e4v\u00e4t my\u00f6s ohjeet niiden t\u00e4ytt\u00e4miseen.<\/p>\n<ul>\n<li><a href=\"https:\/\/www.filha.fi\/wp-content\/uploads\/2025\/08\/aktiivisuus-palautumispaivakirja_mallipohja1.pdf\" target=\"_blank\" rel=\"noopener\">Aktiivisuus- ja palautumisp\u00e4iv\u00e4kirja ilman muistiinpanorivej\u00e4<\/a><\/li>\n<li><a href=\"https:\/\/www.filha.fi\/wp-content\/uploads\/2025\/08\/aktiivisuus-palautumispaivakirja-mallipohja-2.pdf\" target=\"_blank\" rel=\"noopener\">Aktiivisuus- ja palautumisp\u00e4iv\u00e4kirja muistiinpanoriveill\u00e4<\/a><\/li>\n<li><a href=\"https:\/\/www.filha.fi\/wp-content\/uploads\/2025\/08\/paiva_viikkosuunnitelma_mallipohja.pdf\" target=\"_blank\" rel=\"noopener\">P\u00e4iv\u00e4- ja viikkosuunnitelma<\/a><\/li>\n<li><a href=\"https:\/\/www.filha.fi\/wp-content\/uploads\/2025\/08\/ravitsemuspaivakirja_mallipohja.pdf\" target=\"_blank\" rel=\"noopener\">Ravitsemusp\u00e4iv\u00e4kirja<\/a><\/li>\n<li><a href=\"https:\/\/www.filha.fi\/wp-content\/uploads\/2025\/08\/sykkeenseuranta_mallipohja.pdf\" target=\"_blank\" rel=\"noopener\">Sykkeen seuranta<\/a><\/li>\n<\/ul>\n<hr \/>\n<h3>Materiaali l\u00e4heisten kanssa keskusteluun<\/h3>\n<ul>\n<li><a href=\"https:\/\/www.filha.fi\/wp-content\/uploads\/2025\/08\/laheistentuki.pdf\" target=\"_blank\" rel=\"noopener\">5 asiaa, jotka toipuva toivoo l\u00e4heistens\u00e4 tiet\u00e4v\u00e4n<\/a><\/li>\n<\/ul>\n<hr \/>\n<p><em>Materiaalit on tuotettu osana Koronasta kuntoon -hanketta, joka toimi vuosina 2022\u20132024. Hanketta hallinnoi Filha ry ja hankej\u00e4rjest\u00f6kumppanina toimi Hengitysliitto ry. Sis\u00e4lt\u00f6j\u00e4 kehitettiin yhdess\u00e4 terveydenhuollon ammattilaisten sek\u00e4 toimintaan osallistuneiden pitk\u00e4st\u00e4 koronasta toipuvien kanssa.<\/em><\/p>\n<p>Materiaalitilaukset ja muut tiedustelut: herkko.ryynanen@filha.fi<\/p>\n<p><img decoding=\"async\" class=\"wp-image-11421 alignright\" src=\"https:\/\/www.filha.fi\/wp-content\/uploads\/2022\/01\/Filha-Logo-80-x-100-px-1.png\" alt=\"Filha logo\" width=\"55\" height=\"68\" \/><img decoding=\"async\" class=\"wp-image-11985 alignright\" src=\"https:\/\/www.filha.fi\/wp-content\/uploads\/2022\/02\/hengitysliitto-logo-1200x700-1-e1652439188258-300x92.jpg\" alt=\"Hengitysliiton logo\" width=\"149\" height=\"46\" srcset=\"https:\/\/www.filha.fi\/wp-content\/uploads\/2022\/02\/hengitysliitto-logo-1200x700-1-e1652439188258-300x92.jpg 300w, https:\/\/www.filha.fi\/wp-content\/uploads\/2022\/02\/hengitysliitto-logo-1200x700-1-e1652439188258-1024x312.jpg 1024w, https:\/\/www.filha.fi\/wp-content\/uploads\/2022\/02\/hengitysliitto-logo-1200x700-1-e1652439188258-768x234.jpg 768w, https:\/\/www.filha.fi\/wp-content\/uploads\/2022\/02\/hengitysliitto-logo-1200x700-1-e1652439188258.jpg 1200w\" sizes=\"(max-width: 149px) 100vw, 149px\" \/><\/p>\n<h3><img decoding=\"async\" class=\"wp-image-17507 alignright\" src=\"https:\/\/www.filha.fi\/wp-content\/uploads\/2022\/06\/KoronastaKuntoon_1000x1000px_RGB-300x300.png\" alt=\"Koronasta kuntoon -logo\" width=\"42\" height=\"42\" srcset=\"https:\/\/www.filha.fi\/wp-content\/uploads\/2022\/06\/KoronastaKuntoon_1000x1000px_RGB-300x300.png 300w, https:\/\/www.filha.fi\/wp-content\/uploads\/2022\/06\/KoronastaKuntoon_1000x1000px_RGB-150x150.png 150w, https:\/\/www.filha.fi\/wp-content\/uploads\/2022\/06\/KoronastaKuntoon_1000x1000px_RGB-768x768.png 768w, https:\/\/www.filha.fi\/wp-content\/uploads\/2022\/06\/KoronastaKuntoon_1000x1000px_RGB.png 1000w\" sizes=\"(max-width: 42px) 100vw, 42px\" \/><\/h3>\n<p>&nbsp;<\/p>\n<p>&nbsp;<\/p>\n<hr \/>\n<p>&nbsp;<\/p>\n","protected":false},"excerpt":{"rendered":"<p>T\u00e4lle sivulle on koottu erilaisia materiaaleja, joita voivat vapaasti ja maksutta hy\u00f6dynt\u00e4\u00e4 niin ammattilaiset kuin yksityishenkil\u00f6tkin. Tutustu sis\u00e4lt\u00f6ihin, hy\u00f6dynn\u00e4 niit\u00e4 omassa ty\u00f6ss\u00e4si tai arjessasi ja suosittele eteenp\u00e4in! P\u00e4iv\u00e4kirja- ja mallipohjia &#8230; <a title=\"Long covid -materiaalipankki\" class=\"read-more\" href=\"https:\/\/www.filha.fi\/en\/longcovid-materiaalipankki\/\" aria-label=\"Read more about Long covid -materiaalipankki\">Read more<\/a><\/p>\n","protected":false},"author":17,"featured_media":0,"parent":0,"menu_order":0,"comment_status":"closed","ping_status":"closed","template":"","meta":{"_acf_changed":false,"footnotes":""},"categories":[94,72,98,103,75],"class_list":["post-18430","page","type-page","status-publish","category-covid-19","category-hanna","category-herkko","category-koronasta-kuntoon","category-koronavirus"],"translation":{"provider":"WPGlobus","version":"3.0.2","language":"en","enabled_languages":["fi","en"],"languages":{"fi":{"title":true,"content":true,"excerpt":false},"en":{"title":false,"content":false,"excerpt":false}}},"acf":[],"yoast_head":"<!-- This site is optimized with the Yoast SEO plugin v27.4 - https:\/\/yoast.com\/product\/yoast-seo-wordpress\/ -->\n<title>Long covid -materiaalipankki - Filha<\/title>\n<meta name=\"robots\" content=\"index, follow, max-snippet:-1, max-image-preview:large, max-video-preview:-1\" \/>\n<link rel=\"canonical\" href=\"https:\/\/www.filha.fi\/longcovid-materiaalipankki\/\" \/>\n<meta property=\"og:locale\" content=\"en_US\" \/>\n<meta property=\"og:type\" content=\"article\" \/>\n<meta property=\"og:title\" content=\"Long covid -materiaalipankki - Filha\" \/>\n<meta property=\"og:url\" content=\"https:\/\/www.filha.fi\/longcovid-materiaalipankki\/\" \/>\n<meta property=\"og:site_name\" content=\"Filha\" \/>\n<meta property=\"article:modified_time\" content=\"2025-08-19T13:34:07+00:00\" \/>\n<meta property=\"og:image\" content=\"https:\/\/www.filha.fi\/wp-content\/uploads\/2022\/01\/Filha-Logo-80-x-100-px-1.png\" \/>\n\t<meta property=\"og:image:width\" content=\"80\" \/>\n\t<meta property=\"og:image:height\" content=\"100\" \/>\n\t<meta property=\"og:image:type\" content=\"image\/png\" \/>\n<meta name=\"twitter:card\" content=\"summary_large_image\" \/>\n<meta name=\"twitter:label1\" content=\"Est. reading time\" \/>\n\t<meta name=\"twitter:data1\" content=\"2 minutes\" \/>\n<script type=\"application\/ld+json\" class=\"yoast-schema-graph\">{\"@context\":\"https:\\\/\\\/schema.org\",\"@graph\":[{\"@type\":\"WebPage\",\"@id\":\"https:\\\/\\\/www.filha.fi\\\/longcovid-materiaalipankki\\\/\",\"url\":\"https:\\\/\\\/www.filha.fi\\\/longcovid-materiaalipankki\\\/\",\"name\":\"Long covid -materiaalipankki - Filha\",\"isPartOf\":{\"@id\":\"https:\\\/\\\/www.filha.fi\\\/#website\"},\"primaryImageOfPage\":{\"@id\":\"https:\\\/\\\/www.filha.fi\\\/longcovid-materiaalipankki\\\/#primaryimage\"},\"image\":{\"@id\":\"https:\\\/\\\/www.filha.fi\\\/longcovid-materiaalipankki\\\/#primaryimage\"},\"thumbnailUrl\":\"https:\\\/\\\/www.filha.fi\\\/wp-content\\\/uploads\\\/2022\\\/01\\\/Filha-Logo-80-x-100-px-1.png\",\"datePublished\":\"2022-10-27T13:41:48+00:00\",\"dateModified\":\"2025-08-19T13:34:07+00:00\",\"breadcrumb\":{\"@id\":\"https:\\\/\\\/www.filha.fi\\\/longcovid-materiaalipankki\\\/#breadcrumb\"},\"inLanguage\":\"en-US\",\"potentialAction\":[{\"@type\":\"ReadAction\",\"target\":[\"https:\\\/\\\/www.filha.fi\\\/longcovid-materiaalipankki\\\/\"]}]},{\"@type\":\"ImageObject\",\"inLanguage\":\"en-US\",\"@id\":\"https:\\\/\\\/www.filha.fi\\\/longcovid-materiaalipankki\\\/#primaryimage\",\"url\":\"https:\\\/\\\/www.filha.fi\\\/wp-content\\\/uploads\\\/2022\\\/01\\\/Filha-Logo-80-x-100-px-1.png\",\"contentUrl\":\"https:\\\/\\\/www.filha.fi\\\/wp-content\\\/uploads\\\/2022\\\/01\\\/Filha-Logo-80-x-100-px-1.png\"},{\"@type\":\"BreadcrumbList\",\"@id\":\"https:\\\/\\\/www.filha.fi\\\/longcovid-materiaalipankki\\\/#breadcrumb\",\"itemListElement\":[{\"@type\":\"ListItem\",\"position\":1,\"name\":\"Home\",\"item\":\"https:\\\/\\\/www.filha.fi\\\/\"},{\"@type\":\"ListItem\",\"position\":2,\"name\":\"Long covid -materiaalipankki\"}]},{\"@type\":\"WebSite\",\"@id\":\"https:\\\/\\\/www.filha.fi\\\/#website\",\"url\":\"https:\\\/\\\/www.filha.fi\\\/\",\"name\":\"Filha\",\"description\":\"Expertise in lung health\",\"publisher\":{\"@id\":\"https:\\\/\\\/www.filha.fi\\\/#organization\"},\"potentialAction\":[{\"@type\":\"SearchAction\",\"target\":{\"@type\":\"EntryPoint\",\"urlTemplate\":\"https:\\\/\\\/www.filha.fi\\\/?s={search_term_string}\"},\"query-input\":{\"@type\":\"PropertyValueSpecification\",\"valueRequired\":true,\"valueName\":\"search_term_string\"}}],\"inLanguage\":\"en-US\"},{\"@type\":\"Organization\",\"@id\":\"https:\\\/\\\/www.filha.fi\\\/#organization\",\"name\":\"Filha ry\",\"url\":\"https:\\\/\\\/www.filha.fi\\\/\",\"logo\":{\"@type\":\"ImageObject\",\"inLanguage\":\"en-US\",\"@id\":\"https:\\\/\\\/www.filha.fi\\\/#\\\/schema\\\/logo\\\/image\\\/\",\"url\":\"https:\\\/\\\/www.filha.fi\\\/wp-content\\\/uploads\\\/2019\\\/04\\\/Filha-logo.png\",\"contentUrl\":\"https:\\\/\\\/www.filha.fi\\\/wp-content\\\/uploads\\\/2019\\\/04\\\/Filha-logo.png\",\"width\":960,\"height\":1230,\"caption\":\"Filha ry\"},\"image\":{\"@id\":\"https:\\\/\\\/www.filha.fi\\\/#\\\/schema\\\/logo\\\/image\\\/\"}}]}<\/script>\n<!-- \/ Yoast SEO plugin. -->","yoast_head_json":{"title":"Long covid -materiaalipankki - Filha","robots":{"index":"index","follow":"follow","max-snippet":"max-snippet:-1","max-image-preview":"max-image-preview:large","max-video-preview":"max-video-preview:-1"},"canonical":"https:\/\/www.filha.fi\/longcovid-materiaalipankki\/","og_locale":"en_US","og_type":"article","og_title":"Long covid -materiaalipankki - Filha","og_url":"https:\/\/www.filha.fi\/longcovid-materiaalipankki\/","og_site_name":"Filha","article_modified_time":"2025-08-19T13:34:07+00:00","og_image":[{"width":80,"height":100,"url":"https:\/\/www.filha.fi\/wp-content\/uploads\/2022\/01\/Filha-Logo-80-x-100-px-1.png","type":"image\/png"}],"twitter_card":"summary_large_image","twitter_misc":{"Est. reading time":"2 minutes"},"schema":{"@context":"https:\/\/schema.org","@graph":[{"@type":"WebPage","@id":"https:\/\/www.filha.fi\/longcovid-materiaalipankki\/","url":"https:\/\/www.filha.fi\/longcovid-materiaalipankki\/","name":"Long covid -materiaalipankki - Filha","isPartOf":{"@id":"https:\/\/www.filha.fi\/#website"},"primaryImageOfPage":{"@id":"https:\/\/www.filha.fi\/longcovid-materiaalipankki\/#primaryimage"},"image":{"@id":"https:\/\/www.filha.fi\/longcovid-materiaalipankki\/#primaryimage"},"thumbnailUrl":"https:\/\/www.filha.fi\/wp-content\/uploads\/2022\/01\/Filha-Logo-80-x-100-px-1.png","datePublished":"2022-10-27T13:41:48+00:00","dateModified":"2025-08-19T13:34:07+00:00","breadcrumb":{"@id":"https:\/\/www.filha.fi\/longcovid-materiaalipankki\/#breadcrumb"},"inLanguage":"en-US","potentialAction":[{"@type":"ReadAction","target":["https:\/\/www.filha.fi\/longcovid-materiaalipankki\/"]}]},{"@type":"ImageObject","inLanguage":"en-US","@id":"https:\/\/www.filha.fi\/longcovid-materiaalipankki\/#primaryimage","url":"https:\/\/www.filha.fi\/wp-content\/uploads\/2022\/01\/Filha-Logo-80-x-100-px-1.png","contentUrl":"https:\/\/www.filha.fi\/wp-content\/uploads\/2022\/01\/Filha-Logo-80-x-100-px-1.png"},{"@type":"BreadcrumbList","@id":"https:\/\/www.filha.fi\/longcovid-materiaalipankki\/#breadcrumb","itemListElement":[{"@type":"ListItem","position":1,"name":"Home","item":"https:\/\/www.filha.fi\/"},{"@type":"ListItem","position":2,"name":"Long covid -materiaalipankki"}]},{"@type":"WebSite","@id":"https:\/\/www.filha.fi\/#website","url":"https:\/\/www.filha.fi\/","name":"Filha","description":"Expertise in lung health","publisher":{"@id":"https:\/\/www.filha.fi\/#organization"},"potentialAction":[{"@type":"SearchAction","target":{"@type":"EntryPoint","urlTemplate":"https:\/\/www.filha.fi\/?s={search_term_string}"},"query-input":{"@type":"PropertyValueSpecification","valueRequired":true,"valueName":"search_term_string"}}],"inLanguage":"en-US"},{"@type":"Organization","@id":"https:\/\/www.filha.fi\/#organization","name":"Filha ry","url":"https:\/\/www.filha.fi\/","logo":{"@type":"ImageObject","inLanguage":"en-US","@id":"https:\/\/www.filha.fi\/#\/schema\/logo\/image\/","url":"https:\/\/www.filha.fi\/wp-content\/uploads\/2019\/04\/Filha-logo.png","contentUrl":"https:\/\/www.filha.fi\/wp-content\/uploads\/2019\/04\/Filha-logo.png","width":960,"height":1230,"caption":"Filha ry"},"image":{"@id":"https:\/\/www.filha.fi\/#\/schema\/logo\/image\/"}}]}},"_links":{"self":[{"href":"https:\/\/www.filha.fi\/en\/wp-json\/wp\/v2\/pages\/18430","targetHints":{"allow":["GET"]}}],"collection":[{"href":"https:\/\/www.filha.fi\/en\/wp-json\/wp\/v2\/pages"}],"about":[{"href":"https:\/\/www.filha.fi\/en\/wp-json\/wp\/v2\/types\/page"}],"author":[{"embeddable":true,"href":"https:\/\/www.filha.fi\/en\/wp-json\/wp\/v2\/users\/17"}],"replies":[{"embeddable":true,"href":"https:\/\/www.filha.fi\/en\/wp-json\/wp\/v2\/comments?post=18430"}],"version-history":[{"count":0,"href":"https:\/\/www.filha.fi\/en\/wp-json\/wp\/v2\/pages\/18430\/revisions"}],"wp:attachment":[{"href":"https:\/\/www.filha.fi\/en\/wp-json\/wp\/v2\/media?parent=18430"}],"wp:term":[{"taxonomy":"category","embeddable":true,"href":"https:\/\/www.filha.fi\/en\/wp-json\/wp\/v2\/categories?post=18430"}],"curies":[{"name":"wp","href":"https:\/\/api.w.org\/{rel}","templated":true}]}}