{"id":18567,"date":"2022-11-03T15:00:54","date_gmt":"2022-11-03T13:00:54","guid":{"rendered":"https:\/\/www.filha.fi\/?page_id=18567"},"modified":"2026-01-21T13:36:15","modified_gmt":"2026-01-21T11:36:15","slug":"valtakunnallinen-keuhkosyopaohjelma","status":"publish","type":"page","link":"https:\/\/www.filha.fi\/en\/valtakunnallinen-keuhkosyopaohjelma\/","title":{"rendered":"Valtakunnallinen Keuhkosy\u00f6p\u00e4ohjelma"},"content":{"rendered":"<p>Valtakunnallinen Keuhkosy\u00f6p\u00e4ohjelma on perustettu yhteisty\u00f6ss\u00e4 Filha ry:n, keuhkosy\u00f6p\u00e4ty\u00f6ryhm\u00e4n ja suurimpien keuhkosy\u00f6p\u00e4\u00e4 hoitavien sairaaloiden kanssa. Filha ry vastaa ohjelman koordinoinnista, terveydenhuollon ammattilaisten koulutuksesta ja ohjelman hallinnoinnista. Ohjelman puheenjohtajana toimii dosentti Jussi Koivunen (Pohde) ja varapuheenjohtajana professori Tuula Vasankari (Filha ry).<\/p>\n<h2>Ohjelman tausta ja tavoitteet<\/h2>\n<p>Suomessa keuhkosy\u00f6p\u00e4potilaiden ennuste on nykyisin muita pohjoismaita huonompi. Lis\u00e4ksi keuhkosy\u00f6p\u00e4 on suurin sy\u00f6p\u00e4kuolemien aiheuttaja Suomessa.<\/p>\n<p>Valtakunnallisen Keuhkosy\u00f6p\u00e4ohjelman p\u00e4\u00e4tavoitteena on:<\/p>\n<ul>\n<li><strong>keuhkosy\u00f6v\u00e4n diagnostiikan ja hoidon parantaminen Suomessa<\/strong><\/li>\n<\/ul>\n<p>Ohjelma on kymmenvuotinen ja sit\u00e4 edistet\u00e4\u00e4n vaiheittain.<\/p>\n<h2>Keuhkosy\u00f6p\u00e4ohjelman ty\u00f6ryhm\u00e4<\/h2>\n<p>Osana ohjelmaa on perustettu Keuhkosy\u00f6p\u00e4ohjelman ty\u00f6ryhm\u00e4, joka ohjaa ja suunnittelee ohjelman sis\u00e4lt\u00f6\u00e4. Ty\u00f6ryhm\u00e4\u00e4n kuuluu edustajia eri puolelta Suomea erikoisaloilta, jotka ty\u00f6skentelev\u00e4t keuhkosy\u00f6v\u00e4n hoidon ja diagnostiikan parissa.<\/p>\n<p>Ty\u00f6ryhm\u00e4\u00e4n kuuluvat:<\/p>\n<ul>\n<li>Jussi Koivunen, puheenjohtaja, sy\u00f6p\u00e4tautien erikoisl\u00e4\u00e4k\u00e4ri (OYS)<\/li>\n<li>Tuula Vasankari, varapuheenjohtaja, keuhkosairauksien erikoisl\u00e4\u00e4k\u00e4ri (Filha)<\/li>\n<li>Jarkko Ahvonen, sy\u00f6p\u00e4tautien erikoisl\u00e4\u00e4k\u00e4ri (TAYS)<\/li>\n<li>Heidi Anders\u00e9n, keuhkosairauksien ja allergologian erikoisl\u00e4\u00e4k\u00e4ri (OVPH)<\/li>\n<li>Miia Aro, keuhkosairauksien ja allergologian erikoisl\u00e4\u00e4k\u00e4ri (Filha)<\/li>\n<li>Marika Hautala, sairaanhoitaja, tutkimushoitaja (OYS)<\/li>\n<li>Antti Jekunen, sy\u00f6p\u00e4tautien ja s\u00e4dehoidon erikoisl\u00e4\u00e4k\u00e4ri (OVPH)<\/li>\n<li>Riitta Kaarteenaho, keuhkosairauksien erikoisl\u00e4\u00e4k\u00e4ri (OYS)<\/li>\n<li>Leena Kallunki, sairaanhoitaja (HUS)<\/li>\n<li>Aija Knuuttila, keuhkosairauksien erikoisl\u00e4\u00e4k\u00e4ri (HUS)<\/li>\n<li>Tommi Kuorilehto, syd\u00e4n- ja rintaelinkirurgian erikoisl\u00e4\u00e4k\u00e4ri (TAYS)<\/li>\n<li>Miia K\u00e4rkk\u00e4inen, geriatrian erikoisl\u00e4\u00e4k\u00e4ri,\u00a0 (KYS)<\/li>\n<li>Mikko M\u00e4yr\u00e4np\u00e4\u00e4, patologian erikoisl\u00e4\u00e4k\u00e4ri (HUS)<\/li>\n<li>Kristiina P\u00e4lve, syd\u00e4n- ja rintaelinkirurgian erikoisl\u00e4\u00e4k\u00e4ri (TYKS)<\/li>\n<li>Reetta P\u00e4iv\u00e4rinta, yleisl\u00e4\u00e4ketieteen erikoisl\u00e4\u00e4k\u00e4ri<\/li>\n<li>Jukka Randell, keuhkosairauksien ja allergologian erikoisl\u00e4\u00e4k\u00e4ri (KYS)<\/li>\n<li>Eero Sihvo, syd\u00e4n- ja rintaelinkirurgian erikoisl\u00e4\u00e4k\u00e4ri (Jyv\u00e4skyl\u00e4)<\/li>\n<li>Maria Silvoniemi, keuhkosairauksien ja allergologian erikoisl\u00e4\u00e4k\u00e4ri (TYKS)<\/li>\n<li>Satu Tiainen, sy\u00f6p\u00e4tautien erikoisl\u00e4\u00e4k\u00e4ri (KYS ja It\u00e4inen sy\u00f6p\u00e4keskus FICAN East)<\/li>\n<li>Toomas Uibu, keuhkosairauksien ja allergologian erikoisl\u00e4\u00e4k\u00e4ri (TAYS)<\/li>\n<li>Kirsi Volmonen, radiologian erikoisl\u00e4\u00e4k\u00e4ri (HUS)<\/li>\n<li>Heli Granlund, ryhm\u00e4n sihteeri, sairaanhoitaja, TtM (Filha)<\/li>\n<\/ul>\n<h2>Ajankohtaista<\/h2>\n<p><span data-olk-copy-source=\"MessageBody\">Valtakunnallisen keuhkosy\u00f6p\u00e4ohjelman kirjoituksen valmistelu on k\u00e4ynniss\u00e4. Ohjelma on ollut kommenttikierroksella, ohjelman ty\u00f6ryhm\u00e4 on kokoontunut ja muokkauksia on tehty. Ohjelma on parhaillaan Sosiaali- ja terveysministeri\u00f6n arvioinnissa. Pyrimme saamaan ohjelman julkaistua kes\u00e4\u00e4n 2026 menness\u00e4.<\/span><\/p>\n<h3><\/h3>\n<p>&nbsp;<\/p>\n","protected":false},"excerpt":{"rendered":"<p>Valtakunnallinen Keuhkosy\u00f6p\u00e4ohjelma on perustettu yhteisty\u00f6ss\u00e4 Filha ry:n, keuhkosy\u00f6p\u00e4ty\u00f6ryhm\u00e4n ja suurimpien keuhkosy\u00f6p\u00e4\u00e4 hoitavien sairaaloiden kanssa. Filha ry vastaa ohjelman koordinoinnista, terveydenhuollon ammattilaisten koulutuksesta ja ohjelman hallinnoinnista. Ohjelman puheenjohtajana toimii dosentti Jussi &#8230; <a title=\"Valtakunnallinen Keuhkosy\u00f6p\u00e4ohjelma\" class=\"read-more\" href=\"https:\/\/www.filha.fi\/en\/valtakunnallinen-keuhkosyopaohjelma\/\" aria-label=\"Read more about Valtakunnallinen Keuhkosy\u00f6p\u00e4ohjelma\">Read more<\/a><\/p>\n","protected":false},"author":23,"featured_media":0,"parent":0,"menu_order":0,"comment_status":"closed","ping_status":"closed","template":"","meta":{"_acf_changed":false,"footnotes":""},"categories":[95,74,47],"class_list":["post-18567","page","type-page","status-publish","category-keuhkosyopa","category-miia","category-tuula"],"translation":{"provider":"WPGlobus","version":"3.0.2","language":"en","enabled_languages":["fi","en"],"languages":{"fi":{"title":true,"content":true,"excerpt":false},"en":{"title":false,"content":false,"excerpt":false}}},"acf":[],"yoast_head":"<!-- This site is optimized with the Yoast SEO plugin v27.4 - https:\/\/yoast.com\/product\/yoast-seo-wordpress\/ -->\n<title>Valtakunnallinen Keuhkosy\u00f6p\u00e4ohjelma - Filha<\/title>\n<meta name=\"robots\" content=\"index, follow, max-snippet:-1, max-image-preview:large, max-video-preview:-1\" \/>\n<link rel=\"canonical\" href=\"https:\/\/www.filha.fi\/valtakunnallinen-keuhkosyopaohjelma\/\" \/>\n<meta property=\"og:locale\" content=\"en_US\" \/>\n<meta property=\"og:type\" content=\"article\" \/>\n<meta property=\"og:title\" content=\"Valtakunnallinen Keuhkosy\u00f6p\u00e4ohjelma - Filha\" \/>\n<meta property=\"og:url\" content=\"https:\/\/www.filha.fi\/valtakunnallinen-keuhkosyopaohjelma\/\" \/>\n<meta property=\"og:site_name\" content=\"Filha\" \/>\n<meta property=\"article:modified_time\" content=\"2026-01-21T11:36:15+00:00\" \/>\n<meta property=\"og:image\" content=\"https:\/\/www.filha.fi\/wp-content\/uploads\/2019\/04\/Filha-logo.png\" \/>\n\t<meta property=\"og:image:width\" content=\"960\" \/>\n\t<meta property=\"og:image:height\" content=\"1230\" \/>\n\t<meta property=\"og:image:type\" content=\"image\/png\" \/>\n<meta name=\"twitter:card\" content=\"summary_large_image\" \/>\n<meta name=\"twitter:label1\" content=\"Est. reading time\" \/>\n\t<meta name=\"twitter:data1\" content=\"2 minutes\" \/>\n<script type=\"application\/ld+json\" class=\"yoast-schema-graph\">{\"@context\":\"https:\\\/\\\/schema.org\",\"@graph\":[{\"@type\":\"WebPage\",\"@id\":\"https:\\\/\\\/www.filha.fi\\\/valtakunnallinen-keuhkosyopaohjelma\\\/\",\"url\":\"https:\\\/\\\/www.filha.fi\\\/valtakunnallinen-keuhkosyopaohjelma\\\/\",\"name\":\"Valtakunnallinen Keuhkosy\u00f6p\u00e4ohjelma - Filha\",\"isPartOf\":{\"@id\":\"https:\\\/\\\/www.filha.fi\\\/#website\"},\"datePublished\":\"2022-11-03T13:00:54+00:00\",\"dateModified\":\"2026-01-21T11:36:15+00:00\",\"breadcrumb\":{\"@id\":\"https:\\\/\\\/www.filha.fi\\\/valtakunnallinen-keuhkosyopaohjelma\\\/#breadcrumb\"},\"inLanguage\":\"en-US\",\"potentialAction\":[{\"@type\":\"ReadAction\",\"target\":[\"https:\\\/\\\/www.filha.fi\\\/valtakunnallinen-keuhkosyopaohjelma\\\/\"]}]},{\"@type\":\"BreadcrumbList\",\"@id\":\"https:\\\/\\\/www.filha.fi\\\/valtakunnallinen-keuhkosyopaohjelma\\\/#breadcrumb\",\"itemListElement\":[{\"@type\":\"ListItem\",\"position\":1,\"name\":\"Home\",\"item\":\"https:\\\/\\\/www.filha.fi\\\/\"},{\"@type\":\"ListItem\",\"position\":2,\"name\":\"Valtakunnallinen Keuhkosy\u00f6p\u00e4ohjelma\"}]},{\"@type\":\"WebSite\",\"@id\":\"https:\\\/\\\/www.filha.fi\\\/#website\",\"url\":\"https:\\\/\\\/www.filha.fi\\\/\",\"name\":\"Filha\",\"description\":\"Expertise in lung health\",\"publisher\":{\"@id\":\"https:\\\/\\\/www.filha.fi\\\/#organization\"},\"potentialAction\":[{\"@type\":\"SearchAction\",\"target\":{\"@type\":\"EntryPoint\",\"urlTemplate\":\"https:\\\/\\\/www.filha.fi\\\/?s={search_term_string}\"},\"query-input\":{\"@type\":\"PropertyValueSpecification\",\"valueRequired\":true,\"valueName\":\"search_term_string\"}}],\"inLanguage\":\"en-US\"},{\"@type\":\"Organization\",\"@id\":\"https:\\\/\\\/www.filha.fi\\\/#organization\",\"name\":\"Filha ry\",\"url\":\"https:\\\/\\\/www.filha.fi\\\/\",\"logo\":{\"@type\":\"ImageObject\",\"inLanguage\":\"en-US\",\"@id\":\"https:\\\/\\\/www.filha.fi\\\/#\\\/schema\\\/logo\\\/image\\\/\",\"url\":\"https:\\\/\\\/www.filha.fi\\\/wp-content\\\/uploads\\\/2019\\\/04\\\/Filha-logo.png\",\"contentUrl\":\"https:\\\/\\\/www.filha.fi\\\/wp-content\\\/uploads\\\/2019\\\/04\\\/Filha-logo.png\",\"width\":960,\"height\":1230,\"caption\":\"Filha ry\"},\"image\":{\"@id\":\"https:\\\/\\\/www.filha.fi\\\/#\\\/schema\\\/logo\\\/image\\\/\"}}]}<\/script>\n<!-- \/ Yoast SEO plugin. -->","yoast_head_json":{"title":"Valtakunnallinen Keuhkosy\u00f6p\u00e4ohjelma - Filha","robots":{"index":"index","follow":"follow","max-snippet":"max-snippet:-1","max-image-preview":"max-image-preview:large","max-video-preview":"max-video-preview:-1"},"canonical":"https:\/\/www.filha.fi\/valtakunnallinen-keuhkosyopaohjelma\/","og_locale":"en_US","og_type":"article","og_title":"Valtakunnallinen Keuhkosy\u00f6p\u00e4ohjelma - Filha","og_url":"https:\/\/www.filha.fi\/valtakunnallinen-keuhkosyopaohjelma\/","og_site_name":"Filha","article_modified_time":"2026-01-21T11:36:15+00:00","og_image":[{"width":960,"height":1230,"url":"https:\/\/www.filha.fi\/wp-content\/uploads\/2019\/04\/Filha-logo.png","type":"image\/png"}],"twitter_card":"summary_large_image","twitter_misc":{"Est. reading time":"2 minutes"},"schema":{"@context":"https:\/\/schema.org","@graph":[{"@type":"WebPage","@id":"https:\/\/www.filha.fi\/valtakunnallinen-keuhkosyopaohjelma\/","url":"https:\/\/www.filha.fi\/valtakunnallinen-keuhkosyopaohjelma\/","name":"Valtakunnallinen Keuhkosy\u00f6p\u00e4ohjelma - Filha","isPartOf":{"@id":"https:\/\/www.filha.fi\/#website"},"datePublished":"2022-11-03T13:00:54+00:00","dateModified":"2026-01-21T11:36:15+00:00","breadcrumb":{"@id":"https:\/\/www.filha.fi\/valtakunnallinen-keuhkosyopaohjelma\/#breadcrumb"},"inLanguage":"en-US","potentialAction":[{"@type":"ReadAction","target":["https:\/\/www.filha.fi\/valtakunnallinen-keuhkosyopaohjelma\/"]}]},{"@type":"BreadcrumbList","@id":"https:\/\/www.filha.fi\/valtakunnallinen-keuhkosyopaohjelma\/#breadcrumb","itemListElement":[{"@type":"ListItem","position":1,"name":"Home","item":"https:\/\/www.filha.fi\/"},{"@type":"ListItem","position":2,"name":"Valtakunnallinen Keuhkosy\u00f6p\u00e4ohjelma"}]},{"@type":"WebSite","@id":"https:\/\/www.filha.fi\/#website","url":"https:\/\/www.filha.fi\/","name":"Filha","description":"Expertise in lung health","publisher":{"@id":"https:\/\/www.filha.fi\/#organization"},"potentialAction":[{"@type":"SearchAction","target":{"@type":"EntryPoint","urlTemplate":"https:\/\/www.filha.fi\/?s={search_term_string}"},"query-input":{"@type":"PropertyValueSpecification","valueRequired":true,"valueName":"search_term_string"}}],"inLanguage":"en-US"},{"@type":"Organization","@id":"https:\/\/www.filha.fi\/#organization","name":"Filha ry","url":"https:\/\/www.filha.fi\/","logo":{"@type":"ImageObject","inLanguage":"en-US","@id":"https:\/\/www.filha.fi\/#\/schema\/logo\/image\/","url":"https:\/\/www.filha.fi\/wp-content\/uploads\/2019\/04\/Filha-logo.png","contentUrl":"https:\/\/www.filha.fi\/wp-content\/uploads\/2019\/04\/Filha-logo.png","width":960,"height":1230,"caption":"Filha ry"},"image":{"@id":"https:\/\/www.filha.fi\/#\/schema\/logo\/image\/"}}]}},"_links":{"self":[{"href":"https:\/\/www.filha.fi\/en\/wp-json\/wp\/v2\/pages\/18567","targetHints":{"allow":["GET"]}}],"collection":[{"href":"https:\/\/www.filha.fi\/en\/wp-json\/wp\/v2\/pages"}],"about":[{"href":"https:\/\/www.filha.fi\/en\/wp-json\/wp\/v2\/types\/page"}],"author":[{"embeddable":true,"href":"https:\/\/www.filha.fi\/en\/wp-json\/wp\/v2\/users\/23"}],"replies":[{"embeddable":true,"href":"https:\/\/www.filha.fi\/en\/wp-json\/wp\/v2\/comments?post=18567"}],"version-history":[{"count":1,"href":"https:\/\/www.filha.fi\/en\/wp-json\/wp\/v2\/pages\/18567\/revisions"}],"predecessor-version":[{"id":34615,"href":"https:\/\/www.filha.fi\/en\/wp-json\/wp\/v2\/pages\/18567\/revisions\/34615"}],"wp:attachment":[{"href":"https:\/\/www.filha.fi\/en\/wp-json\/wp\/v2\/media?parent=18567"}],"wp:term":[{"taxonomy":"category","embeddable":true,"href":"https:\/\/www.filha.fi\/en\/wp-json\/wp\/v2\/categories?post=18567"}],"curies":[{"name":"wp","href":"https:\/\/api.w.org\/{rel}","templated":true}]}}