{"id":190,"date":"2017-01-25T12:16:40","date_gmt":"2017-01-25T12:16:40","guid":{"rendered":"http:\/\/www.filha.fi\/content_page\/mitu-mielenterveys-ja-paihdeongelmista-karsivien-tupakoinnin-lopettamisen-tukeminen-karkihanke\/"},"modified":"2023-11-24T11:42:59","modified_gmt":"2023-11-24T09:42:59","slug":"mitu-mielenterveys-ja-paihdeongelmista-karsivien-tupakoinnin-lopettamisen-tukeminen-karkihanke","status":"publish","type":"page","link":"https:\/\/www.filha.fi\/en\/hankkeet\/paattyneet\/mitu-mielenterveys-ja-paihdeongelmista-karsivien-tupakoinnin-lopettamisen-tukeminen-karkihanke\/","title":{"rendered":"MITU &#8211; Mielenterveys- ja p\u00e4ihdeongelmista k\u00e4rsivien tupakoinnin lopettamisen tukeminen (k\u00e4rkihanke)"},"content":{"rendered":"<table>\n<tbody>\n<tr>\n<td>Nimi<\/td>\n<td><strong>Mielenterveys- ja p\u00e4ihdeongelmista k\u00e4rsivien tupakoinnin lopettamisen tukeminen (MITU) -k\u00e4rkihanke<\/strong><br \/>\nMITU-hanke kuuluu hallituksen Edistet\u00e4\u00e4n terveytt\u00e4 ja hyvinvointia sek\u00e4 v\u00e4hennet\u00e4\u00e4n eriarvoisuutta -k\u00e4rkihankkeeseen.<\/td>\n<\/tr>\n<tr>\n<td>Kesto<\/td>\n<td>2017\u20132018<\/td>\n<\/tr>\n<tr>\n<td>P\u00e4\u00e4toteuttaja<\/td>\n<td>Filha ry<\/td>\n<\/tr>\n<tr>\n<td>Muut toteuttajat<\/td>\n<td>A-klinikkas\u00e4\u00e4ti\u00f6, Mielenterveyden keskusliitto ja Kuntoutuss\u00e4\u00e4ti\u00f6, HUS, VSSHP, PSHP, PSSHP, KSSHP, VSHP, SATSHP, SOITE, LSHP, EPSHP, ESSHP<\/td>\n<\/tr>\n<tr>\n<td>Kohderyhm\u00e4<\/td>\n<td>Mielenterveys- ja p\u00e4ihdeongelmista k\u00e4rsiv\u00e4t tupakoivat<\/p>\n<p>Ko. ryhmi\u00e4 hoitavat terveydenhuollon, p\u00e4ihdehuollon ja j\u00e4rjest\u00f6jen henkil\u00f6st\u00f6<\/td>\n<\/tr>\n<tr>\n<td>Lyhyt kuvaus<\/td>\n<td>\n<ul>\n<li>Hankkeen p\u00e4\u00e4m\u00e4\u00e4r\u00e4n\u00e4 on edist\u00e4\u00e4 mielenterveys- ja p\u00e4ihdeasiakkaiden terveytt\u00e4 ja tukea tupakoinnin lopettamista julkisen terveydenhuollon ja p\u00e4ihdepalvelujen toimintaa tukemalla.<\/li>\n<li>Keskeisi\u00e4 toimintoja ovat:<\/li>\n<li>alueellisten palveluketjujen ja tupakkavieroitusty\u00f6n tehostaminen<\/li>\n<li>terveydenhuoltohenkil\u00f6st\u00f6n koulutus<\/li>\n<li>verkkokoulutusmateriaalin tuottaminen<\/li>\n<li>yhteisty\u00f6 sairaanhoitopiirien, j\u00e4rjest\u00f6jen ja muiden terveyden edist\u00e4misen k\u00e4rkihankkeiden kanssa<\/li>\n<li>yhteisty\u00f6 kokemusasiantuntijoiden kanssa<\/li>\n<\/ul>\n<\/td>\n<\/tr>\n<tr>\n<td>Yhteyshenkil\u00f6t<\/td>\n<td>\n<ul>\n<li>Tuula Vasankari, 050-5450589, <a href=\"mailto:tuula.vasankari@filha.fi\">tuula.vasankari@filha.fi<\/a><\/li>\n<li>Patrick Sandstr\u00f6m, 040-5150512, <a href=\"mailto:patrick.sandstrom@filha.fi\">patrick.sandstrom@filha.fi<\/a><\/li>\n<li>Krista Abdulla Hama Salih, 044-5442209, <a href=\"mailto:krista.abdullahamasalih@filha.fi\">krista.abdullahamasalih@filha.fi<\/a><\/li>\n<\/ul>\n<\/td>\n<\/tr>\n<tr>\n<td>STM<\/td>\n<td>Tietoa STM:n k\u00e4rkihankkeista<\/td>\n<\/tr>\n<\/tbody>\n<\/table>\n<p><img decoding=\"async\" class=\"alignright wp-image-177 \" src=\"http:\/\/www.filha.fi\/wp-content\/uploads\/2017\/01\/mukana_karkihankkeessa_tunnukset_fi_lila_5757_2.jpg\" alt=\"\" width=\"193\" height=\"193\" data-fid=\"499\" data-media-element=\"1\" srcset=\"https:\/\/www.filha.fi\/wp-content\/uploads\/2017\/01\/mukana_karkihankkeessa_tunnukset_fi_lila_5757_2.jpg 283w, https:\/\/www.filha.fi\/wp-content\/uploads\/2017\/01\/mukana_karkihankkeessa_tunnukset_fi_lila_5757_2-150x150.jpg 150w\" sizes=\"(max-width: 193px) 100vw, 193px\" \/><\/p>\n<h2><strong>Koulutusta ammattilaisille:<\/strong><\/h2>\n<h3><strong>Verkkokurssi mielenterveys- ja p\u00e4ihdepotilaiden tupakkavieroitukseen on<br \/>\navattu\u00a0Mielenterveystalon ammattilaisten osioon!<\/strong><\/h3>\n<p>Verkkokurssi on tarkoitettu terveydenhuollon- ja sosiaalialan ammattilaisille ja n\u00e4iden alojen opiskelijoille.<br \/>\nAmmattihenkil\u00f6t p\u00e4\u00e4sev\u00e4t n\u00e4kem\u00e4\u00e4n kurssin sis\u00e4ll\u00f6n <a href=\"https:\/\/ammattilaiset.mielenterveystalo.fi\/tyokalut\/koulutuspankki\/koulutusmateriaali\/Tupakoinnin_lopettaminen\/Sivut\/default.aspx\" target=\"_blank\" rel=\"noopener noreferrer\">kirjauduttuaan palveluun<\/a>. Verkkokurssille voi kirjautua joko pankkitunnuksin tai ammattilaisen sirullisella varmennekortilla.<br \/>\nKurssin ovat toteuttaneet Filha, HUS ja Mielenterveyden keskusliitto yhteisty\u00f6ss\u00e4.<br \/>\nVerkkokoulutuksen sis\u00e4ll\u00f6st\u00e4 ja suoritustavasta kerrotaan ohessa. <a href=\"http:\/\/www.filha.fi\/wp-content\/uploads\/2017\/01\/mitu-verkkokurssimainosa4_nettiin.pdf\" type=\"application\/pdf; length=152766\">MITU -verkkokurssi(pdf)<\/a><\/p>\n<p><strong>Tunnisteet sosiaalisessa mediassa:<\/strong><br \/>\n#hyv\u00e4tk\u00e4yt\u00e4nn\u00f6t, #hyte, #hyv\u00e4tervearki, #mitu, #mituhanke<\/p>\n<p><strong>Esitteet:<\/strong><\/p>\n<ul>\n<li><a title=\"Verkkokurssin juliste\" href=\"http:\/\/www.filha.fi\/wp-content\/uploads\/2017\/01\/mitu-verkkokurssi_v2_juliste.pdf\" target=\"_blank\" rel=\"noopener noreferrer\" type=\"application\/pdf; length=220490\">Verkkokurssin juliste.pdf<\/a><\/li>\n<li><a title=\"MITU-esite\" href=\"http:\/\/www.filha.fi\/wp-content\/uploads\/2017\/01\/mitu-esiteuusi_nettiin.pdf\" target=\"_blank\" rel=\"noopener noreferrer\" type=\"application\/pdf; length=484142\">MITU-esite.pdf<\/a><\/li>\n<li><a title=\"Savuttomuuskoutsit\" href=\"http:\/\/www.filha.fi\/wp-content\/uploads\/2017\/01\/mitu-koutsit_nettiin-fill2_002.pdf\" target=\"_blank\" rel=\"noopener noreferrer\" type=\"application\/pdf; length=703432\">Savuttomuuskoutsit.pdf<\/a><\/li>\n<\/ul>\n<p><strong>Tarkistuslistat tupakastavierotusty\u00f6h\u00f6n (MITU)<\/strong><\/p>\n<ul>\n<li><a href=\"http:\/\/www.filha.fi\/wp-content\/uploads\/2017\/01\/aluetyontekijan_tarkistuslista_mitu.pdf\" target=\"_blank\" rel=\"noopener noreferrer\" type=\"application\/pdf; length=197936\">Aluety\u00f6ntekij\u00e4n tarkistuslista MITU (pdf)<\/a><\/li>\n<li><a href=\"http:\/\/www.filha.fi\/wp-content\/uploads\/2017\/01\/hallintoylilaakarin_tarkistuslista_mitu.pdf\" target=\"_blank\" rel=\"noopener noreferrer\" type=\"application\/pdf; length=158375\">Hallintoylil\u00e4\u00e4k\u00e4rin tarkistuslista MITU (pdf)<\/a><\/li>\n<li><a href=\"http:\/\/www.filha.fi\/wp-content\/uploads\/2017\/01\/hoitajan_tarkistuslista_mitu.pdf\" target=\"_blank\" rel=\"noopener noreferrer\" type=\"application\/pdf; length=155974\">Hoitajan tarkistuslista MITU (pdf)<\/a><\/li>\n<li><a href=\"http:\/\/www.filha.fi\/wp-content\/uploads\/2017\/01\/ylihoitajan_tarkistuslista_mitu.pdf\" target=\"_blank\" rel=\"noopener noreferrer\" type=\"application\/pdf; length=163783\">Ylihoitajan tarkistuslista MITU (pdf)<\/a><\/li>\n<\/ul>\n<p><strong>Mitu -hankeen p\u00e4\u00e4t\u00f6sseminaarin video:<\/strong><\/p>\n<p><iframe src=\"https:\/\/www.youtube.com\/embed\/LdNBG-B-nL4\" width=\"560\" height=\"315\" frameborder=\"0\" allowfullscreen=\"allowfullscreen\"><\/iframe><\/p>\n<p><strong>Lue lis\u00e4\u00e4 hallituksen k\u00e4rkihankkeesta:<\/strong><\/p>\n<ul>\n<li>Terveyden ja hyvinvoinnin edist\u00e4minen ja eriarvoisuuden v\u00e4hent\u00e4minen<\/li>\n<li>MITU-hanke A-klinikkas\u00e4\u00e4ti\u00f6n sivuilla<\/li>\n<\/ul>\n<p><strong>Hanke mediassa:<\/strong><\/p>\n<ul>\n<li>\u200bSavuttomuuskoutsi tukee tumppaamaan (Vaasan Keskussairaalan blogi 16.5.2018)<\/li>\n<li>Ty\u00f6 ja tekij\u00e4, kokemusasiantuntija Markku Forstr\u00f6m (Tiimi-lehti 2\/2018 A-klinikkas\u00e4\u00e4ti\u00f6)<\/li>\n<li><a title=\"n sivuille\" href=\"http:\/\/stm.fi\/artikkeli\/-\/asset_publisher\/savuttomuuskoutsilta-apua-mielenterveyskuntoutujille\" target=\"_blank\" rel=\"noopener noreferrer\" name=\"n sivuille\">Savuttomuuskoutsi antaa mielenterveyskuntoutujille apua tupakoinnin lopettamiseen (Sosiaali- ja terveysministeri\u00f6 uutinen 13.4.2018) <\/a><\/li>\n<li><a href=\"http:\/\/www.filha.fi\/wp-content\/uploads\/2017\/01\/tyoryhma_tumppaa_myytit_tupakasta_psyykelaakkeena_ilkka_3.3.2017.pdf\" target=\"_blank\" rel=\"noopener noreferrer\" type=\"application\/pdf; length=376428\">Ty\u00f6ryhm\u00e4 tumppaa myytit tupakasta psyykel\u00e4\u00e4kkeen\u00e4 (Ilkka 3.3.2017)<\/a><\/li>\n<\/ul>\n<p><strong>Hankkeen tiedotteet:<\/strong><\/p>\n<ul>\n<li><a href=\"http:\/\/www.filha.fi\/wp-content\/uploads\/2017\/01\/mitu_tupakoinnin_puheeksi_ottamista_arastellaan_27.8.2018_final.pdf\" type=\"application\/pdf; length=60682\">Tupakoinnin puheeksi ottamista arastellaan 27.8.2018 (pdf)<\/a><\/li>\n<li><a href=\"http:\/\/www.filha.fi\/wp-content\/uploads\/2017\/01\/mitu-hankkeen_terveiset_1_2018_2.pdf\" target=\"_blank\" rel=\"noopener noreferrer\" type=\"application\/pdf; length=185984\">Hankeuutiset (23.1.2018)<\/a><\/li>\n<li><a href=\"http:\/\/www.filha.fi\/wp-content\/uploads\/2017\/01\/karkihanke_tiedote_30_3_2017_final.pdf\" type=\"application\/pdf; length=442331\">Uutta puhtia mielenterveys- ja p\u00e4ihdepotilaiden tupakoinnin lopettamiseen (30.3.2017)<\/a><\/li>\n<li>K\u00e4rkihanke l\u00e4hti vauhdilla liikkeelle (7.3.2017)<\/li>\n<\/ul>\n","protected":false},"excerpt":{"rendered":"<p>Nimi Mielenterveys- ja p\u00e4ihdeongelmista k\u00e4rsivien tupakoinnin lopettamisen tukeminen (MITU) -k\u00e4rkihanke MITU-hanke kuuluu hallituksen Edistet\u00e4\u00e4n terveytt\u00e4 ja hyvinvointia sek\u00e4 v\u00e4hennet\u00e4\u00e4n eriarvoisuutta -k\u00e4rkihankkeeseen. Kesto 2017\u20132018 P\u00e4\u00e4toteuttaja Filha ry Muut toteuttajat A-klinikkas\u00e4\u00e4ti\u00f6, Mielenterveyden &#8230; <a title=\"MITU &#8211; Mielenterveys- ja p\u00e4ihdeongelmista k\u00e4rsivien tupakoinnin lopettamisen tukeminen (k\u00e4rkihanke)\" class=\"read-more\" href=\"https:\/\/www.filha.fi\/en\/hankkeet\/paattyneet\/mitu-mielenterveys-ja-paihdeongelmista-karsivien-tupakoinnin-lopettamisen-tukeminen-karkihanke\/\" aria-label=\"Read more about MITU &#8211; Mielenterveys- ja p\u00e4ihdeongelmista k\u00e4rsivien tupakoinnin lopettamisen tukeminen (k\u00e4rkihanke)\">Read more<\/a><\/p>\n","protected":false},"author":4,"featured_media":0,"parent":87,"menu_order":0,"comment_status":"closed","ping_status":"closed","template":"","meta":{"_acf_changed":false,"footnotes":""},"categories":[36,27,44,7],"class_list":["post-190","page","type-page","status-publish","category-krista","category-mitu","category-patrick","category-tupakka"],"translation":{"provider":"WPGlobus","version":"3.0.2","language":"en","enabled_languages":["fi","en"],"languages":{"fi":{"title":true,"content":true,"excerpt":false},"en":{"title":false,"content":false,"excerpt":false}}},"acf":[],"yoast_head":"<!-- This site is optimized with the Yoast SEO plugin v27.4 - https:\/\/yoast.com\/product\/yoast-seo-wordpress\/ -->\n<title>MITU - Mielenterveys- ja p\u00e4ihdeongelmista k\u00e4rsivien tupakoinnin lopettamisen tukeminen (k\u00e4rkihanke) - Filha<\/title>\n<meta name=\"robots\" content=\"index, follow, max-snippet:-1, max-image-preview:large, max-video-preview:-1\" \/>\n<link rel=\"canonical\" href=\"https:\/\/www.filha.fi\/hankkeet\/paattyneet\/mitu-mielenterveys-ja-paihdeongelmista-karsivien-tupakoinnin-lopettamisen-tukeminen-karkihanke\/\" \/>\n<meta property=\"og:locale\" content=\"en_US\" \/>\n<meta property=\"og:type\" content=\"article\" \/>\n<meta property=\"og:title\" content=\"MITU - Mielenterveys- ja p\u00e4ihdeongelmista k\u00e4rsivien tupakoinnin lopettamisen tukeminen (k\u00e4rkihanke) - Filha\" \/>\n<meta property=\"og:url\" content=\"https:\/\/www.filha.fi\/hankkeet\/paattyneet\/mitu-mielenterveys-ja-paihdeongelmista-karsivien-tupakoinnin-lopettamisen-tukeminen-karkihanke\/\" \/>\n<meta property=\"og:site_name\" content=\"Filha\" \/>\n<meta property=\"article:modified_time\" content=\"2023-11-24T09:42:59+00:00\" \/>\n<meta property=\"og:image\" content=\"http:\/\/www.filha.fi\/wp-content\/uploads\/2017\/01\/mukana_karkihankkeessa_tunnukset_fi_lila_5757_2.jpg\" \/>\n<meta name=\"twitter:card\" content=\"summary_large_image\" \/>\n<meta name=\"twitter:label1\" content=\"Est. reading time\" \/>\n\t<meta name=\"twitter:data1\" content=\"2 minutes\" \/>\n<script type=\"application\/ld+json\" class=\"yoast-schema-graph\">{\"@context\":\"https:\\\/\\\/schema.org\",\"@graph\":[{\"@type\":\"WebPage\",\"@id\":\"https:\\\/\\\/www.filha.fi\\\/hankkeet\\\/paattyneet\\\/mitu-mielenterveys-ja-paihdeongelmista-karsivien-tupakoinnin-lopettamisen-tukeminen-karkihanke\\\/\",\"url\":\"https:\\\/\\\/www.filha.fi\\\/hankkeet\\\/paattyneet\\\/mitu-mielenterveys-ja-paihdeongelmista-karsivien-tupakoinnin-lopettamisen-tukeminen-karkihanke\\\/\",\"name\":\"MITU - Mielenterveys- ja p\u00e4ihdeongelmista k\u00e4rsivien tupakoinnin lopettamisen tukeminen (k\u00e4rkihanke) - Filha\",\"isPartOf\":{\"@id\":\"https:\\\/\\\/www.filha.fi\\\/#website\"},\"primaryImageOfPage\":{\"@id\":\"https:\\\/\\\/www.filha.fi\\\/hankkeet\\\/paattyneet\\\/mitu-mielenterveys-ja-paihdeongelmista-karsivien-tupakoinnin-lopettamisen-tukeminen-karkihanke\\\/#primaryimage\"},\"image\":{\"@id\":\"https:\\\/\\\/www.filha.fi\\\/hankkeet\\\/paattyneet\\\/mitu-mielenterveys-ja-paihdeongelmista-karsivien-tupakoinnin-lopettamisen-tukeminen-karkihanke\\\/#primaryimage\"},\"thumbnailUrl\":\"http:\\\/\\\/www.filha.fi\\\/wp-content\\\/uploads\\\/2017\\\/01\\\/mukana_karkihankkeessa_tunnukset_fi_lila_5757_2.jpg\",\"datePublished\":\"2017-01-25T12:16:40+00:00\",\"dateModified\":\"2023-11-24T09:42:59+00:00\",\"breadcrumb\":{\"@id\":\"https:\\\/\\\/www.filha.fi\\\/hankkeet\\\/paattyneet\\\/mitu-mielenterveys-ja-paihdeongelmista-karsivien-tupakoinnin-lopettamisen-tukeminen-karkihanke\\\/#breadcrumb\"},\"inLanguage\":\"en-US\",\"potentialAction\":[{\"@type\":\"ReadAction\",\"target\":[\"https:\\\/\\\/www.filha.fi\\\/hankkeet\\\/paattyneet\\\/mitu-mielenterveys-ja-paihdeongelmista-karsivien-tupakoinnin-lopettamisen-tukeminen-karkihanke\\\/\"]}]},{\"@type\":\"ImageObject\",\"inLanguage\":\"en-US\",\"@id\":\"https:\\\/\\\/www.filha.fi\\\/hankkeet\\\/paattyneet\\\/mitu-mielenterveys-ja-paihdeongelmista-karsivien-tupakoinnin-lopettamisen-tukeminen-karkihanke\\\/#primaryimage\",\"url\":\"http:\\\/\\\/www.filha.fi\\\/wp-content\\\/uploads\\\/2017\\\/01\\\/mukana_karkihankkeessa_tunnukset_fi_lila_5757_2.jpg\",\"contentUrl\":\"http:\\\/\\\/www.filha.fi\\\/wp-content\\\/uploads\\\/2017\\\/01\\\/mukana_karkihankkeessa_tunnukset_fi_lila_5757_2.jpg\"},{\"@type\":\"BreadcrumbList\",\"@id\":\"https:\\\/\\\/www.filha.fi\\\/hankkeet\\\/paattyneet\\\/mitu-mielenterveys-ja-paihdeongelmista-karsivien-tupakoinnin-lopettamisen-tukeminen-karkihanke\\\/#breadcrumb\",\"itemListElement\":[{\"@type\":\"ListItem\",\"position\":1,\"name\":\"Home\",\"item\":\"https:\\\/\\\/www.filha.fi\\\/\"},{\"@type\":\"ListItem\",\"position\":2,\"name\":\"Hankkeet\",\"item\":\"https:\\\/\\\/www.filha.fi\\\/hankkeet\\\/\"},{\"@type\":\"ListItem\",\"position\":3,\"name\":\"P\u00e4\u00e4ttyneet hankkeet\",\"item\":\"https:\\\/\\\/www.filha.fi\\\/hankkeet\\\/paattyneet\\\/\"},{\"@type\":\"ListItem\",\"position\":4,\"name\":\"MITU &#8211; Mielenterveys- ja p\u00e4ihdeongelmista k\u00e4rsivien tupakoinnin lopettamisen tukeminen (k\u00e4rkihanke)\"}]},{\"@type\":\"WebSite\",\"@id\":\"https:\\\/\\\/www.filha.fi\\\/#website\",\"url\":\"https:\\\/\\\/www.filha.fi\\\/\",\"name\":\"Filha\",\"description\":\"Expertise in lung health\",\"publisher\":{\"@id\":\"https:\\\/\\\/www.filha.fi\\\/#organization\"},\"potentialAction\":[{\"@type\":\"SearchAction\",\"target\":{\"@type\":\"EntryPoint\",\"urlTemplate\":\"https:\\\/\\\/www.filha.fi\\\/?s={search_term_string}\"},\"query-input\":{\"@type\":\"PropertyValueSpecification\",\"valueRequired\":true,\"valueName\":\"search_term_string\"}}],\"inLanguage\":\"en-US\"},{\"@type\":\"Organization\",\"@id\":\"https:\\\/\\\/www.filha.fi\\\/#organization\",\"name\":\"Filha ry\",\"url\":\"https:\\\/\\\/www.filha.fi\\\/\",\"logo\":{\"@type\":\"ImageObject\",\"inLanguage\":\"en-US\",\"@id\":\"https:\\\/\\\/www.filha.fi\\\/#\\\/schema\\\/logo\\\/image\\\/\",\"url\":\"https:\\\/\\\/www.filha.fi\\\/wp-content\\\/uploads\\\/2019\\\/04\\\/Filha-logo.png\",\"contentUrl\":\"https:\\\/\\\/www.filha.fi\\\/wp-content\\\/uploads\\\/2019\\\/04\\\/Filha-logo.png\",\"width\":960,\"height\":1230,\"caption\":\"Filha ry\"},\"image\":{\"@id\":\"https:\\\/\\\/www.filha.fi\\\/#\\\/schema\\\/logo\\\/image\\\/\"}}]}<\/script>\n<!-- \/ Yoast SEO plugin. -->","yoast_head_json":{"title":"MITU - Mielenterveys- ja p\u00e4ihdeongelmista k\u00e4rsivien tupakoinnin lopettamisen tukeminen (k\u00e4rkihanke) - Filha","robots":{"index":"index","follow":"follow","max-snippet":"max-snippet:-1","max-image-preview":"max-image-preview:large","max-video-preview":"max-video-preview:-1"},"canonical":"https:\/\/www.filha.fi\/hankkeet\/paattyneet\/mitu-mielenterveys-ja-paihdeongelmista-karsivien-tupakoinnin-lopettamisen-tukeminen-karkihanke\/","og_locale":"en_US","og_type":"article","og_title":"MITU - Mielenterveys- ja p\u00e4ihdeongelmista k\u00e4rsivien tupakoinnin lopettamisen tukeminen (k\u00e4rkihanke) - Filha","og_url":"https:\/\/www.filha.fi\/hankkeet\/paattyneet\/mitu-mielenterveys-ja-paihdeongelmista-karsivien-tupakoinnin-lopettamisen-tukeminen-karkihanke\/","og_site_name":"Filha","article_modified_time":"2023-11-24T09:42:59+00:00","og_image":[{"url":"http:\/\/www.filha.fi\/wp-content\/uploads\/2017\/01\/mukana_karkihankkeessa_tunnukset_fi_lila_5757_2.jpg","type":"","width":"","height":""}],"twitter_card":"summary_large_image","twitter_misc":{"Est. reading time":"2 minutes"},"schema":{"@context":"https:\/\/schema.org","@graph":[{"@type":"WebPage","@id":"https:\/\/www.filha.fi\/hankkeet\/paattyneet\/mitu-mielenterveys-ja-paihdeongelmista-karsivien-tupakoinnin-lopettamisen-tukeminen-karkihanke\/","url":"https:\/\/www.filha.fi\/hankkeet\/paattyneet\/mitu-mielenterveys-ja-paihdeongelmista-karsivien-tupakoinnin-lopettamisen-tukeminen-karkihanke\/","name":"MITU - Mielenterveys- ja p\u00e4ihdeongelmista k\u00e4rsivien tupakoinnin lopettamisen tukeminen (k\u00e4rkihanke) - Filha","isPartOf":{"@id":"https:\/\/www.filha.fi\/#website"},"primaryImageOfPage":{"@id":"https:\/\/www.filha.fi\/hankkeet\/paattyneet\/mitu-mielenterveys-ja-paihdeongelmista-karsivien-tupakoinnin-lopettamisen-tukeminen-karkihanke\/#primaryimage"},"image":{"@id":"https:\/\/www.filha.fi\/hankkeet\/paattyneet\/mitu-mielenterveys-ja-paihdeongelmista-karsivien-tupakoinnin-lopettamisen-tukeminen-karkihanke\/#primaryimage"},"thumbnailUrl":"http:\/\/www.filha.fi\/wp-content\/uploads\/2017\/01\/mukana_karkihankkeessa_tunnukset_fi_lila_5757_2.jpg","datePublished":"2017-01-25T12:16:40+00:00","dateModified":"2023-11-24T09:42:59+00:00","breadcrumb":{"@id":"https:\/\/www.filha.fi\/hankkeet\/paattyneet\/mitu-mielenterveys-ja-paihdeongelmista-karsivien-tupakoinnin-lopettamisen-tukeminen-karkihanke\/#breadcrumb"},"inLanguage":"en-US","potentialAction":[{"@type":"ReadAction","target":["https:\/\/www.filha.fi\/hankkeet\/paattyneet\/mitu-mielenterveys-ja-paihdeongelmista-karsivien-tupakoinnin-lopettamisen-tukeminen-karkihanke\/"]}]},{"@type":"ImageObject","inLanguage":"en-US","@id":"https:\/\/www.filha.fi\/hankkeet\/paattyneet\/mitu-mielenterveys-ja-paihdeongelmista-karsivien-tupakoinnin-lopettamisen-tukeminen-karkihanke\/#primaryimage","url":"http:\/\/www.filha.fi\/wp-content\/uploads\/2017\/01\/mukana_karkihankkeessa_tunnukset_fi_lila_5757_2.jpg","contentUrl":"http:\/\/www.filha.fi\/wp-content\/uploads\/2017\/01\/mukana_karkihankkeessa_tunnukset_fi_lila_5757_2.jpg"},{"@type":"BreadcrumbList","@id":"https:\/\/www.filha.fi\/hankkeet\/paattyneet\/mitu-mielenterveys-ja-paihdeongelmista-karsivien-tupakoinnin-lopettamisen-tukeminen-karkihanke\/#breadcrumb","itemListElement":[{"@type":"ListItem","position":1,"name":"Home","item":"https:\/\/www.filha.fi\/"},{"@type":"ListItem","position":2,"name":"Hankkeet","item":"https:\/\/www.filha.fi\/hankkeet\/"},{"@type":"ListItem","position":3,"name":"P\u00e4\u00e4ttyneet hankkeet","item":"https:\/\/www.filha.fi\/hankkeet\/paattyneet\/"},{"@type":"ListItem","position":4,"name":"MITU &#8211; Mielenterveys- ja p\u00e4ihdeongelmista k\u00e4rsivien tupakoinnin lopettamisen tukeminen (k\u00e4rkihanke)"}]},{"@type":"WebSite","@id":"https:\/\/www.filha.fi\/#website","url":"https:\/\/www.filha.fi\/","name":"Filha","description":"Expertise in lung health","publisher":{"@id":"https:\/\/www.filha.fi\/#organization"},"potentialAction":[{"@type":"SearchAction","target":{"@type":"EntryPoint","urlTemplate":"https:\/\/www.filha.fi\/?s={search_term_string}"},"query-input":{"@type":"PropertyValueSpecification","valueRequired":true,"valueName":"search_term_string"}}],"inLanguage":"en-US"},{"@type":"Organization","@id":"https:\/\/www.filha.fi\/#organization","name":"Filha ry","url":"https:\/\/www.filha.fi\/","logo":{"@type":"ImageObject","inLanguage":"en-US","@id":"https:\/\/www.filha.fi\/#\/schema\/logo\/image\/","url":"https:\/\/www.filha.fi\/wp-content\/uploads\/2019\/04\/Filha-logo.png","contentUrl":"https:\/\/www.filha.fi\/wp-content\/uploads\/2019\/04\/Filha-logo.png","width":960,"height":1230,"caption":"Filha ry"},"image":{"@id":"https:\/\/www.filha.fi\/#\/schema\/logo\/image\/"}}]}},"_links":{"self":[{"href":"https:\/\/www.filha.fi\/en\/wp-json\/wp\/v2\/pages\/190","targetHints":{"allow":["GET"]}}],"collection":[{"href":"https:\/\/www.filha.fi\/en\/wp-json\/wp\/v2\/pages"}],"about":[{"href":"https:\/\/www.filha.fi\/en\/wp-json\/wp\/v2\/types\/page"}],"author":[{"embeddable":true,"href":"https:\/\/www.filha.fi\/en\/wp-json\/wp\/v2\/users\/4"}],"replies":[{"embeddable":true,"href":"https:\/\/www.filha.fi\/en\/wp-json\/wp\/v2\/comments?post=190"}],"version-history":[{"count":0,"href":"https:\/\/www.filha.fi\/en\/wp-json\/wp\/v2\/pages\/190\/revisions"}],"up":[{"embeddable":true,"href":"https:\/\/www.filha.fi\/en\/wp-json\/wp\/v2\/pages\/87"}],"wp:attachment":[{"href":"https:\/\/www.filha.fi\/en\/wp-json\/wp\/v2\/media?parent=190"}],"wp:term":[{"taxonomy":"category","embeddable":true,"href":"https:\/\/www.filha.fi\/en\/wp-json\/wp\/v2\/categories?post=190"}],"curies":[{"name":"wp","href":"https:\/\/api.w.org\/{rel}","templated":true}]}}