{"id":20991,"date":"2023-03-23T16:17:07","date_gmt":"2023-03-23T14:17:07","guid":{"rendered":"https:\/\/www.filha.fi\/?page_id=20991"},"modified":"2026-03-11T10:39:25","modified_gmt":"2026-03-11T08:39:25","slug":"astmanabc","status":"publish","type":"page","link":"https:\/\/www.filha.fi\/en\/hankkeet\/astmanabc\/","title":{"rendered":"Astman omahoidon ABC"},"content":{"rendered":"\t\t<div data-elementor-type=\"wp-page\" data-elementor-id=\"20991\" class=\"elementor elementor-20991\">\n\t\t\t\t\t\t<section class=\"elementor-section elementor-top-section elementor-element elementor-element-3e8698d elementor-section-boxed elementor-section-height-default elementor-section-height-default\" data-id=\"3e8698d\" data-element_type=\"section\" data-e-type=\"section\">\n\t\t\t\t\t\t<div class=\"elementor-container elementor-column-gap-default\">\n\t\t\t\t\t<div class=\"elementor-column elementor-col-100 elementor-top-column elementor-element elementor-element-07d53eb\" data-id=\"07d53eb\" data-element_type=\"column\" data-e-type=\"column\">\n\t\t\t<div class=\"elementor-widget-wrap elementor-element-populated\">\n\t\t\t\t\t\t<div class=\"elementor-element elementor-element-1bee8e4 elementor-widget elementor-widget-text-editor\" data-id=\"1bee8e4\" data-element_type=\"widget\" data-e-type=\"widget\" data-widget_type=\"text-editor.default\">\n\t\t\t\t<div class=\"elementor-widget-container\">\n\t\t\t\t\t\t\t\t\t<table border=\"1\" cellspacing=\"0\" cellpadding=\"0\"><tbody><tr><td><strong>Kesto<\/strong><\/td><td>1.4.2023-31.12.2026<\/td><\/tr><tr><td><strong>Toteuttajat<\/strong><\/td><td>Filha ry, Hengitysliitto<\/td><\/tr><tr><td><strong>Yhteisty\u00f6kumppanit<\/strong><\/td><td>Suomen Apteekkariliitto, Allergia- Iho- ja Astmaliitto<\/td><\/tr><tr><td><strong>Toiminta-alue<\/strong><\/td><td>Valtakunnallinen<\/td><\/tr><tr><td><p><strong>Rahoittaja<\/strong><\/p><\/td><td>Sosiaali- ja terveysj\u00e4rjest\u00f6jen avustuskeskus (STEA)<\/td><\/tr><tr><td><strong>Kohderyhm\u00e4<\/strong><\/td><td>Ty\u00f6ik\u00e4iset astmaa sairastavat<\/td><\/tr><tr><td><strong>Lyhyt kuvaus<\/strong><\/td><td>Hankkeen tavoitteena on lis\u00e4t\u00e4 astmaa sairastavien henkil\u00f6iden tietoja ja taitoja pitk\u00e4aikaissairaudestaan sek\u00e4 kasvattaa motivaatiota ja pystyvyyden tunnetta oireiden seurantaan ja hallintaan.\u00a0<\/td><\/tr><tr><td><strong>Verkkosivusto<\/strong><\/td><td><a href=\"http:\/\/www.astmanabc.fi\">www.astmanabc.fi<\/a>\u00a0<\/td><\/tr><tr><td><strong>Yhteyshenkil\u00f6\u00a0<\/strong><\/td><td>Sanna Lankinen, hankevastaava, sanna.lankinen@filha.fi, +358 44 901 6618<\/td><\/tr><\/tbody><\/table>\t\t\t\t\t\t\t\t<\/div>\n\t\t\t\t<\/div>\n\t\t\t\t\t<\/div>\n\t\t<\/div>\n\t\t\t\t\t<\/div>\n\t\t<\/section>\n\t\t\t\t<section class=\"elementor-section elementor-top-section elementor-element elementor-element-4ac969e elementor-section-boxed elementor-section-height-default elementor-section-height-default\" data-id=\"4ac969e\" data-element_type=\"section\" data-e-type=\"section\">\n\t\t\t\t\t\t<div class=\"elementor-container elementor-column-gap-default\">\n\t\t\t\t\t<div class=\"elementor-column elementor-col-100 elementor-top-column elementor-element elementor-element-332b3f3\" data-id=\"332b3f3\" data-element_type=\"column\" data-e-type=\"column\">\n\t\t\t<div class=\"elementor-widget-wrap elementor-element-populated\">\n\t\t\t\t\t\t<div class=\"elementor-element elementor-element-7abc886 elementor-widget elementor-widget-text-editor\" data-id=\"7abc886\" data-element_type=\"widget\" data-e-type=\"widget\" data-widget_type=\"text-editor.default\">\n\t\t\t\t<div class=\"elementor-widget-container\">\n\t\t\t\t\t\t\t\t\t<p>Astman omahoidon ABC -hankkeessa tuotettuja materiaaleja voit hy\u00f6dynt\u00e4\u00e4 itse astmaa sairastavana tai jos teet t\u00f6it\u00e4 astmaa sairastavien parissa. Voit tulostaa materiaaleja vapaasti omaan k\u00e4ytt\u00f6\u00f6si. Ohjeet on suunniteltu tulostettavaksi joko A4- tai A5-kokoisina.\u00a0<\/p><p><a href=\"https:\/\/www.filha.fi\/wp-content\/uploads\/2025\/04\/Suunhoito-ohje.pdf\">Suunhoito-ohje<\/a><\/p><p><a href=\"https:\/\/www.filha.fi\/wp-content\/uploads\/2025\/04\/ohje-hengitettaville-laakkeille-1.pdf\">Ohje hengitett\u00e4ville l\u00e4\u00e4kkeille<\/a><\/p><p><a href=\"https:\/\/www.filha.fi\/wp-content\/uploads\/2025\/04\/Voisiko-minulla-olla-astma.pdf\">Voisiko minulla olla astma<\/a><\/p><p><a href=\"https:\/\/www.filha.fi\/wp-content\/uploads\/2025\/04\/Kolme-vinkkia-kevaaseen.pdf\">Kolme vinkki\u00e4 kev\u00e4\u00e4seen<\/a><\/p><p><a href=\"https:\/\/www.filha.fi\/wp-content\/uploads\/2025\/04\/Kolme-vinkkia-kesaan.pdf\">Kolme vinkki\u00e4 kes\u00e4\u00e4n<\/a><\/p><p><a href=\"https:\/\/www.filha.fi\/wp-content\/uploads\/2025\/04\/Kolme-vinkkia-syksyyn.pdf\">Kolme vinkki\u00e4 syksyyn<\/a><\/p><p><a href=\"https:\/\/www.filha.fi\/wp-content\/uploads\/2025\/04\/Kolme-vinkkia-talveen.pdf\">Kolme vinkki\u00e4 talveen<\/a><\/p>\t\t\t\t\t\t\t\t<\/div>\n\t\t\t\t<\/div>\n\t\t\t\t\t<\/div>\n\t\t<\/div>\n\t\t\t\t\t<\/div>\n\t\t<\/section>\n\t\t\t\t<\/div>\n\t\t","protected":false},"excerpt":{"rendered":"<p>Kesto 1.4.2023-31.12.2026 Toteuttajat Filha ry, Hengitysliitto Yhteisty\u00f6kumppanit Suomen Apteekkariliitto, Allergia- Iho- ja Astmaliitto Toiminta-alue Valtakunnallinen Rahoittaja Sosiaali- ja terveysj\u00e4rjest\u00f6jen avustuskeskus (STEA) Kohderyhm\u00e4 Ty\u00f6ik\u00e4iset astmaa sairastavat Lyhyt kuvaus Hankkeen tavoitteena on &#8230; <a title=\"Astman omahoidon ABC\" class=\"read-more\" href=\"https:\/\/www.filha.fi\/en\/hankkeet\/astmanabc\/\" aria-label=\"Read more about Astman omahoidon ABC\">Read more<\/a><\/p>\n","protected":false},"author":24,"featured_media":0,"parent":37,"menu_order":0,"comment_status":"closed","ping_status":"closed","template":"","meta":{"_acf_changed":false,"footnotes":""},"categories":[52,69,193,171],"class_list":["post-20991","page","type-page","status-publish","category-ala-nayta-aiheeseen-liittyvia-koulutuksia","category-ala-nayta-aiheeseen-liittyvia-sivuja","category-piia-lehesvuori","category-sanna"],"translation":{"provider":"WPGlobus","version":"3.0.2","language":"en","enabled_languages":["fi","en"],"languages":{"fi":{"title":true,"content":true,"excerpt":false},"en":{"title":false,"content":false,"excerpt":false}}},"acf":[],"yoast_head":"<!-- This site is optimized with the Yoast SEO plugin v27.4 - https:\/\/yoast.com\/product\/yoast-seo-wordpress\/ -->\n<title>Astman omahoidon ABC - Filha<\/title>\n<meta name=\"robots\" content=\"index, follow, max-snippet:-1, max-image-preview:large, max-video-preview:-1\" \/>\n<link rel=\"canonical\" href=\"https:\/\/www.filha.fi\/hankkeet\/astmanabc\/\" \/>\n<meta property=\"og:locale\" content=\"en_US\" \/>\n<meta property=\"og:type\" content=\"article\" \/>\n<meta property=\"og:title\" content=\"Astman omahoidon ABC - Filha\" \/>\n<meta property=\"og:url\" content=\"https:\/\/www.filha.fi\/hankkeet\/astmanabc\/\" \/>\n<meta property=\"og:site_name\" content=\"Filha\" \/>\n<meta property=\"article:modified_time\" content=\"2026-03-11T08:39:25+00:00\" \/>\n<meta property=\"og:image\" content=\"https:\/\/www.filha.fi\/wp-content\/uploads\/2019\/04\/Filha-logo.png\" \/>\n\t<meta property=\"og:image:width\" content=\"960\" \/>\n\t<meta property=\"og:image:height\" content=\"1230\" \/>\n\t<meta property=\"og:image:type\" content=\"image\/png\" \/>\n<meta name=\"twitter:card\" content=\"summary_large_image\" \/>\n<meta name=\"twitter:label1\" content=\"Est. reading time\" \/>\n\t<meta name=\"twitter:data1\" content=\"1 minute\" \/>\n<script type=\"application\/ld+json\" class=\"yoast-schema-graph\">{\"@context\":\"https:\\\/\\\/schema.org\",\"@graph\":[{\"@type\":\"WebPage\",\"@id\":\"https:\\\/\\\/www.filha.fi\\\/hankkeet\\\/astmanabc\\\/\",\"url\":\"https:\\\/\\\/www.filha.fi\\\/hankkeet\\\/astmanabc\\\/\",\"name\":\"Astman omahoidon ABC - Filha\",\"isPartOf\":{\"@id\":\"https:\\\/\\\/www.filha.fi\\\/#website\"},\"datePublished\":\"2023-03-23T14:17:07+00:00\",\"dateModified\":\"2026-03-11T08:39:25+00:00\",\"description\":\"Verkkoauttamisen hanke raskautta suunnittelevien, vauvaa odottavien sek\u00e4 pikkulapsiperheiden vanhempien tupakoinnin lopettamisen tukemiseen.\",\"breadcrumb\":{\"@id\":\"https:\\\/\\\/www.filha.fi\\\/hankkeet\\\/astmanabc\\\/#breadcrumb\"},\"inLanguage\":\"en-US\",\"potentialAction\":[{\"@type\":\"ReadAction\",\"target\":[\"https:\\\/\\\/www.filha.fi\\\/hankkeet\\\/astmanabc\\\/\"]}]},{\"@type\":\"BreadcrumbList\",\"@id\":\"https:\\\/\\\/www.filha.fi\\\/hankkeet\\\/astmanabc\\\/#breadcrumb\",\"itemListElement\":[{\"@type\":\"ListItem\",\"position\":1,\"name\":\"Home\",\"item\":\"https:\\\/\\\/www.filha.fi\\\/\"},{\"@type\":\"ListItem\",\"position\":2,\"name\":\"Hankkeet\",\"item\":\"https:\\\/\\\/www.filha.fi\\\/hankkeet\\\/\"},{\"@type\":\"ListItem\",\"position\":3,\"name\":\"Astman omahoidon ABC\"}]},{\"@type\":\"WebSite\",\"@id\":\"https:\\\/\\\/www.filha.fi\\\/#website\",\"url\":\"https:\\\/\\\/www.filha.fi\\\/\",\"name\":\"Filha\",\"description\":\"Expertise in lung health\",\"publisher\":{\"@id\":\"https:\\\/\\\/www.filha.fi\\\/#organization\"},\"potentialAction\":[{\"@type\":\"SearchAction\",\"target\":{\"@type\":\"EntryPoint\",\"urlTemplate\":\"https:\\\/\\\/www.filha.fi\\\/?s={search_term_string}\"},\"query-input\":{\"@type\":\"PropertyValueSpecification\",\"valueRequired\":true,\"valueName\":\"search_term_string\"}}],\"inLanguage\":\"en-US\"},{\"@type\":\"Organization\",\"@id\":\"https:\\\/\\\/www.filha.fi\\\/#organization\",\"name\":\"Filha ry\",\"url\":\"https:\\\/\\\/www.filha.fi\\\/\",\"logo\":{\"@type\":\"ImageObject\",\"inLanguage\":\"en-US\",\"@id\":\"https:\\\/\\\/www.filha.fi\\\/#\\\/schema\\\/logo\\\/image\\\/\",\"url\":\"https:\\\/\\\/www.filha.fi\\\/wp-content\\\/uploads\\\/2019\\\/04\\\/Filha-logo.png\",\"contentUrl\":\"https:\\\/\\\/www.filha.fi\\\/wp-content\\\/uploads\\\/2019\\\/04\\\/Filha-logo.png\",\"width\":960,\"height\":1230,\"caption\":\"Filha ry\"},\"image\":{\"@id\":\"https:\\\/\\\/www.filha.fi\\\/#\\\/schema\\\/logo\\\/image\\\/\"}}]}<\/script>\n<!-- \/ Yoast SEO plugin. -->","yoast_head_json":{"title":"Astman omahoidon ABC - Filha","robots":{"index":"index","follow":"follow","max-snippet":"max-snippet:-1","max-image-preview":"max-image-preview:large","max-video-preview":"max-video-preview:-1"},"canonical":"https:\/\/www.filha.fi\/hankkeet\/astmanabc\/","og_locale":"en_US","og_type":"article","og_title":"Astman omahoidon ABC - Filha","og_url":"https:\/\/www.filha.fi\/hankkeet\/astmanabc\/","og_site_name":"Filha","article_modified_time":"2026-03-11T08:39:25+00:00","og_image":[{"width":960,"height":1230,"url":"https:\/\/www.filha.fi\/wp-content\/uploads\/2019\/04\/Filha-logo.png","type":"image\/png"}],"twitter_card":"summary_large_image","twitter_misc":{"Est. reading time":"1 minute"},"schema":{"@context":"https:\/\/schema.org","@graph":[{"@type":"WebPage","@id":"https:\/\/www.filha.fi\/hankkeet\/astmanabc\/","url":"https:\/\/www.filha.fi\/hankkeet\/astmanabc\/","name":"Astman omahoidon ABC - Filha","isPartOf":{"@id":"https:\/\/www.filha.fi\/#website"},"datePublished":"2023-03-23T14:17:07+00:00","dateModified":"2026-03-11T08:39:25+00:00","description":"Verkkoauttamisen hanke raskautta suunnittelevien, vauvaa odottavien sek\u00e4 pikkulapsiperheiden vanhempien tupakoinnin lopettamisen tukemiseen.","breadcrumb":{"@id":"https:\/\/www.filha.fi\/hankkeet\/astmanabc\/#breadcrumb"},"inLanguage":"en-US","potentialAction":[{"@type":"ReadAction","target":["https:\/\/www.filha.fi\/hankkeet\/astmanabc\/"]}]},{"@type":"BreadcrumbList","@id":"https:\/\/www.filha.fi\/hankkeet\/astmanabc\/#breadcrumb","itemListElement":[{"@type":"ListItem","position":1,"name":"Home","item":"https:\/\/www.filha.fi\/"},{"@type":"ListItem","position":2,"name":"Hankkeet","item":"https:\/\/www.filha.fi\/hankkeet\/"},{"@type":"ListItem","position":3,"name":"Astman omahoidon ABC"}]},{"@type":"WebSite","@id":"https:\/\/www.filha.fi\/#website","url":"https:\/\/www.filha.fi\/","name":"Filha","description":"Expertise in lung health","publisher":{"@id":"https:\/\/www.filha.fi\/#organization"},"potentialAction":[{"@type":"SearchAction","target":{"@type":"EntryPoint","urlTemplate":"https:\/\/www.filha.fi\/?s={search_term_string}"},"query-input":{"@type":"PropertyValueSpecification","valueRequired":true,"valueName":"search_term_string"}}],"inLanguage":"en-US"},{"@type":"Organization","@id":"https:\/\/www.filha.fi\/#organization","name":"Filha ry","url":"https:\/\/www.filha.fi\/","logo":{"@type":"ImageObject","inLanguage":"en-US","@id":"https:\/\/www.filha.fi\/#\/schema\/logo\/image\/","url":"https:\/\/www.filha.fi\/wp-content\/uploads\/2019\/04\/Filha-logo.png","contentUrl":"https:\/\/www.filha.fi\/wp-content\/uploads\/2019\/04\/Filha-logo.png","width":960,"height":1230,"caption":"Filha ry"},"image":{"@id":"https:\/\/www.filha.fi\/#\/schema\/logo\/image\/"}}]}},"_links":{"self":[{"href":"https:\/\/www.filha.fi\/en\/wp-json\/wp\/v2\/pages\/20991","targetHints":{"allow":["GET"]}}],"collection":[{"href":"https:\/\/www.filha.fi\/en\/wp-json\/wp\/v2\/pages"}],"about":[{"href":"https:\/\/www.filha.fi\/en\/wp-json\/wp\/v2\/types\/page"}],"author":[{"embeddable":true,"href":"https:\/\/www.filha.fi\/en\/wp-json\/wp\/v2\/users\/24"}],"replies":[{"embeddable":true,"href":"https:\/\/www.filha.fi\/en\/wp-json\/wp\/v2\/comments?post=20991"}],"version-history":[{"count":5,"href":"https:\/\/www.filha.fi\/en\/wp-json\/wp\/v2\/pages\/20991\/revisions"}],"predecessor-version":[{"id":34768,"href":"https:\/\/www.filha.fi\/en\/wp-json\/wp\/v2\/pages\/20991\/revisions\/34768"}],"up":[{"embeddable":true,"href":"https:\/\/www.filha.fi\/en\/wp-json\/wp\/v2\/pages\/37"}],"wp:attachment":[{"href":"https:\/\/www.filha.fi\/en\/wp-json\/wp\/v2\/media?parent=20991"}],"wp:term":[{"taxonomy":"category","embeddable":true,"href":"https:\/\/www.filha.fi\/en\/wp-json\/wp\/v2\/categories?post=20991"}],"curies":[{"name":"wp","href":"https:\/\/api.w.org\/{rel}","templated":true}]}}