{"id":21149,"date":"2023-03-31T10:11:10","date_gmt":"2023-03-31T07:11:10","guid":{"rendered":"https:\/\/www.filha.fi\/?page_id=21149"},"modified":"2026-03-24T08:16:32","modified_gmt":"2026-03-24T06:16:32","slug":"blogi","status":"publish","type":"page","link":"https:\/\/www.filha.fi\/en\/filha\/blogi\/","title":{"rendered":"Blogi"},"content":{"rendered":"<h1><\/h1>\n<h1>N\u00e4k\u00f6kulmia keuhkoterveyteen -blogi<\/h1>\n<p><img decoding=\"async\" class=\"alignnone size-medium wp-image-22428\" src=\"https:\/\/www.filha.fi\/wp-content\/uploads\/2023\/06\/verkkosivut-blogi-300x104.png\" alt=\"\" width=\"300\" height=\"104\" srcset=\"https:\/\/www.filha.fi\/wp-content\/uploads\/2023\/06\/verkkosivut-blogi-300x104.png 300w, https:\/\/www.filha.fi\/wp-content\/uploads\/2023\/06\/verkkosivut-blogi-1024x356.png 1024w, https:\/\/www.filha.fi\/wp-content\/uploads\/2023\/06\/verkkosivut-blogi-768x267.png 768w, https:\/\/www.filha.fi\/wp-content\/uploads\/2023\/06\/verkkosivut-blogi-1536x534.png 1536w, https:\/\/www.filha.fi\/wp-content\/uploads\/2023\/06\/verkkosivut-blogi.png 1596w\" sizes=\"(max-width: 300px) 100vw, 300px\" \/><\/p>\n<p><em>N\u00e4k\u00f6kulmia keuhkoterveyteen<\/em> -blogissa julkaistaan Filhan asiantuntijoiden sek\u00e4 yhteisty\u00f6kumppaneiden ajankohtaisia kirjoituksia keuhkoterveyden kysymyksist\u00e4.<\/p>\n<p><strong>2026<\/strong><\/p>\n<ul>\n<li><a href=\"https:\/\/www.filha.fi\/blogi-saavutetaanko-tavoitteet\/\" target=\"_blank\" rel=\"noopener\">Saavutetaanko tavoitteet?<\/a> (24.3.2026\/Marianne Helander, Filha ry)<\/li>\n<li><a href=\"https:\/\/www.filha.fi\/blogi-ramadan-ja-tuberkuloosi-terveyden-suojeleminen-uskonnollisena-vastuuna\/\" target=\"_blank\" rel=\"noopener\">Ramadan ja tuberkuloosi: terveyden suojeleminen uskonnollisena vastuuna<\/a> (23.2.2026\/Tadeja Munyui, terveydenhoitaja, Helsingin kaupunki)<\/li>\n<li class=\"entry-title\"><a href=\"https:\/\/www.filha.fi\/blogi-filhan-toimintasuunnitelma-2026-vaikuttavaa-asiantuntijuutta-ja-pitkajanteista-kansanterveystyota\/\" target=\"_blank\" rel=\"noopener\">Filhan toimintasuunnitelma 2026: vaikuttavaa asiantuntijuutta ja pitk\u00e4j\u00e4nteist\u00e4 kansanterveysty\u00f6t\u00e4<\/a> (7.1.2026\/Jaakko Herrala, Filha ry)<\/li>\n<\/ul>\n<p><strong>2025<\/strong><\/p>\n<ul>\n<li><a href=\"https:\/\/www.filha.fi\/blogi-nar-pratade-du-senast-om-nikotin-pa-mottagningen\/\" target=\"_blank\" rel=\"noopener\">N\u00e4r pratade du senast om nikotin p\u00e5 mottagningen?<\/a> (13.12.2025\/Hannele Anthoni, Filha ry)<\/li>\n<li><a href=\"https:\/\/www.filha.fi\/blogi-vertaistukijana-tuberkuloosipotilaalle\/\" target=\"_blank\" rel=\"noopener\">Vertaistukijana tuberkuloosipotilaalle<\/a> (16.10.2025\/Marianne Helander, Filha ry ja Tadeja Munyui, Helsingin kaupunki)<\/li>\n<li><a href=\"https:\/\/www.filha.fi\/blogi-hoitajat-mukaan-laake-esittelyihin-aika-korjata-lainsaadannon-aukko\/\">Hoitajat mukaan l\u00e4\u00e4ke-esittelyihin \u2013 aika korjata lains\u00e4\u00e4d\u00e4nn\u00f6n aukko<\/a> (1.10.2025\/Sari Viinikainen, Tehy ry)<\/li>\n<li><a href=\"https:\/\/www.filha.fi\/blogi-hengitysfysioterapia-tarkeana-osana-tervetta-ikaantymista\/\" target=\"_blank\" rel=\"noopener\">Hengitysfysioterapia t\u00e4rke\u00e4n\u00e4 osana tervett\u00e4 ik\u00e4\u00e4ntymist\u00e4<\/a> (8.9.2025\/Herkko Ryyn\u00e4nen, Filha ry)<\/li>\n<li><a href=\"https:\/\/www.filha.fi\/blogi-tavoittaako-tieto-tuberkuloosista-toivotun-kohderyhman\/\" target=\"_blank\" rel=\"noopener\">Tavoittaako tieto tuberkuloosista toivotun kohderyhm\u00e4n?<\/a> (1.9.2025\/Marianne Helander, Filha ry)<\/li>\n<li><a href=\"https:\/\/www.filha.fi\/blogi-luontohengahdys-hanke-kannustaa-pitamaan-huolta-seka-ympariston-etta-omasta-hyvinvoinnista\/\" target=\"_blank\" rel=\"noopener\">Luontoheng\u00e4hdys-hanke kannustaa pit\u00e4m\u00e4\u00e4n huolta sek\u00e4 ymp\u00e4rist\u00f6n ett\u00e4 omasta hyvinvoinnista<\/a> (5.6.2025\/Susanna Hatakka, Filha ry)<\/li>\n<li><a href=\"https:\/\/www.filha.fi\/blogi-astman-hoito-ja-apteekin-rooli\/\" target=\"_blank\" rel=\"noopener\">Astman hoito ja apteekin rooli<\/a> (8.5.2025\/Henna Kyll\u00f6nen, Apteekkariliitto)<\/li>\n<li><a href=\"https:\/\/www.filha.fi\/blogi-maailman-astmapaivan-teemana-inhalaatiohoidon-saavutettavuus\/\" target=\"_blank\" rel=\"noopener\">Maailman astmap\u00e4iv\u00e4n teemana inhalaatiohoidon saavutettavuus<\/a> (6.5.2025\/Kati Tuominen, Filha ry)<\/li>\n<li><a href=\"https:\/\/www.filha.fi\/blogi-tuberkuloosipotilaan-tukeminen-ramadanin-aikana-terveydenhoitajan-nakokulmasta\/\" target=\"_blank\" rel=\"noopener\">Tuberkuloosipotilaan tukeminen ramadanin aikana terveydenhoitajan n\u00e4k\u00f6kulmasta<\/a> (28.3.2025\/Tadeja Munyui, Helsingin kaupunki)<\/li>\n<li><a href=\"https:\/\/www.filha.fi\/blogi-allergiaterveytta-edistamassa-tue-terveytta-ala-allergiaa\/\" target=\"_blank\" rel=\"noopener\">Allergiaterveytt\u00e4 edist\u00e4m\u00e4ss\u00e4 \u2013 Tue terveytt\u00e4, \u00e4l\u00e4 allergiaa!<\/a> (17.3.2025\/Krista Abdulla Hama Salih, Filha ry)<\/li>\n<li><a href=\"https:\/\/www.filha.fi\/blogi-parempi-huominen-vertaistukea-tuberkuloosia-sairastavalle\/\" target=\"_blank\" rel=\"noopener\">Parempi huominen \u2013 vertaistukea tuberkuloosia sairastavalle<\/a> (10.3.2025\/Marianne Helander, Filha ry)<\/li>\n<li><a href=\"https:\/\/www.filha.fi\/blogi-hengitamme-siis-olemme\/\" target=\"_blank\" rel=\"noopener\">Hengit\u00e4mme \u2013 siis olemme<\/a> (11.2.2025\/Pekka Puska, Filha ry:n valtuusto)<\/li>\n<li><a href=\"https:\/\/www.filha.fi\/blogi-filha-edistaa-tupakka-ja-nikotiinivieroitusta-ja-savuttomia-tyopaikkoja\/\">Filha edist\u00e4\u00e4 tupakka- ja nikotiinivieroitusta ja savuttomia ty\u00f6paikkoja<\/a> (3.2.2025\/Patrick Sandstr\u00f6m, Filha ry)<\/li>\n<li><a href=\"https:\/\/www.filha.fi\/blogi-luonnolla-on-valia\/\" target=\"_blank\" rel=\"noopener\">Luonnolla on v\u00e4li\u00e4<\/a> (20.1.2025\/Hannele Pokka, Helsingin yliopisto, Filha ry:n hallitus)<\/li>\n<li class=\"entry-title\"><a href=\"https:\/\/www.filha.fi\/blogi-filha-jatkaa-uudistumistaan\/\" target=\"_blank\" rel=\"noopener\">Filha jatkaa uudistumistaan<\/a> (8.1.2025\/Jaakko Herrala, Filha ry)<\/li>\n<\/ul>\n<p><strong>2024<\/strong><\/p>\n<ul>\n<li><a href=\"https:\/\/www.filha.fi\/blogi-kurkistus-menneeseen-ja-katse-tulevaan\/\" target=\"_blank\" rel=\"noopener\">Kurkistus menneeseen ja katse tulevaan<\/a> (17.12.2024\/Marianne Helander, Filha ry)<\/li>\n<li><a href=\"https:\/\/www.filha.fi\/blogi-nuorten-nikotiinittomuudella-paremmat-valmiudet-oppimiseen\/\" target=\"_blank\" rel=\"noopener\">Nuorten nikotiinittomuudella paremmat valmiudet oppimiseen<\/a> (21.11.2024\/Salla-Maaret Keij\u00e4l\u00e4, Filha ry)<\/li>\n<li><a href=\"https:\/\/www.filha.fi\/blogi-keuhkoahtaumatauti-onko-meilla-uusia-konsteja-vanhaan-ongelmaan\/\" target=\"_blank\" rel=\"noopener\">Keuhkoahtaumatauti \u2013 onko meill\u00e4 uusia konsteja vanhaan ongelmaan?<\/a> (20.11.2024\/Antti Saarinen, Filha ry)<\/li>\n<li><a href=\"https:\/\/www.filha.fi\/blogi-hyvaa-vertaistuen-paivaa-ja-kiitos-vertaistukija\/\" target=\"_blank\" rel=\"noopener\">Hyv\u00e4\u00e4 vertaistuen p\u00e4iv\u00e4\u00e4 ja kiitos vertaistukija<\/a> (17.10.2024\/Marianne Helander, Filha ry)<\/li>\n<li><a href=\"https:\/\/www.filha.fi\/blogi-fysioterapialla-parempaa-toimintakykya-ja-elamanlaatua\/\" target=\"_blank\" rel=\"noopener\">Fysioterapialla parempaa toimintakyky\u00e4 ja el\u00e4m\u00e4nlaatua<\/a> (8.9.2024\/Herkko Ryyn\u00e4nen, Filha ry)<\/li>\n<li><a href=\"https:\/\/www.filha.fi\/blogi-tuberkuloosipotilaan-vertaistukijaksi\/\" target=\"_blank\" rel=\"noopener\">Tuberkuloosipotilaan vertaistukijaksi<\/a> (16.8.2024\/Marianne Helander, Filha ry)<\/li>\n<li><a href=\"https:\/\/www.filha.fi\/blogi-miten-tukea-varusmiesta-kohti-nikotiinitonta-elamaa\/\" target=\"_blank\" rel=\"noopener\">Miten tukea varusmiest\u00e4 kohti nikotiinitonta el\u00e4m\u00e4\u00e4?<\/a> (24.6.2024\/Sanna Lankinen, Filha ry)<\/li>\n<li><a href=\"https:\/\/www.filha.fi\/blogi-filhan-videokirjastosta-tietoa-keuhkosairauksista-ja-allergioista-ammattilaisille-helposti-ja-nopeasti\/\" target=\"_blank\" rel=\"noopener\">Filhan Videokirjastosta tietoa keuhkosairauksista ja allergioista ammattilaisille \u2013 helposti ja nopeasti<\/a> (16.5.2024\/Krista Abdulla Hama Salih, Filha ry)<\/li>\n<li><a href=\"https:\/\/www.filha.fi\/blogi-tyoelaman-verkosto-yhteisen-toiminnan-perusta\/\" target=\"_blank\" rel=\"noopener\">Ty\u00f6el\u00e4m\u00e4n verkosto \u2013 yhteisen toiminnan perusta<\/a> (13.5.2024\/Marianne Helander, Filha ry)<\/li>\n<li><a href=\"https:\/\/www.filha.fi\/blogi-astma-ei-ole-este-liikkumiselle\/\" target=\"_blank\" rel=\"noopener\">Astma ei ole este liikkumiselle<\/a> (30.4.2024\/Salla-Maaret Keij\u00e4l\u00e4, Filha ry)<\/li>\n<li><a href=\"https:\/\/www.filha.fi\/blogi-tuberkuloosi-fi-10-vuotta\/\" target=\"_blank\" rel=\"noopener\">tuberkuloosi.fi 10-vuotta<\/a> (22.3.2024\/Marianne Helander ja Mikko Vauhkonen, Filha ry)<\/li>\n<li><a href=\"https:\/\/www.filha.fi\/blogi-luontoyhteyden-kautta-voi-parantaa-terveytta-ja-hyvinvointia-uusi-luontohengahdys-hanke-tarjoaa-mahdollisuuksia-luontokontaktiin\/\" target=\"_blank\" rel=\"noopener\">Luontoyhteyden kautta voi parantaa terveytt\u00e4 ja hyvinvointia \u2013 Uusi Luontoheng\u00e4hdys-hanke tarjoaa mahdollisuuksia luontokontaktiin<\/a> (13.3.2024\/Susanna Hatakka, Filha ry)<\/li>\n<li><a href=\"https:\/\/www.filha.fi\/blogi-elintavat-osana-hoitoa-miten-ammattilaisena-tuen-potilasta-muutoksessa\/\" target=\"_blank\" rel=\"noopener\">Elintavat osana hoitoa \u2013 miten ammattilaisena tuen potilasta muutoksessa?<\/a> (24.1.2024\/Hanna Renkola, Filha ry)<\/li>\n<li><a href=\"https:\/\/www.filha.fi\/vlogi-filhan-uusi-strategia-arvot-ja-niiden-merkitys\/\" target=\"_blank\" rel=\"noopener\">Filhan uusi strategia: arvot ja niiden merkitys<\/a> (22.1.2024\/Tuula Vasankari, Filha ry)<\/li>\n<li><a href=\"https:\/\/www.filha.fi\/blogi-yhdistyksemme-uusi-strategia-olkaa-hyva\/\" target=\"_blank\" rel=\"noopener\">Yhdistyksemme uusi strategia \u2013 olkaa hyv\u00e4!<\/a> (8.1.2024\/Jaakko Herrala, Filha ry)<\/li>\n<\/ul>\n<p><strong>2023<\/strong><\/p>\n<ul>\n<li><a href=\"https:\/\/www.filha.fi\/blogi-vertaistukea-etsimassa-tuberkuloosia-sairastavalle-tarjolla-tukea\/\" target=\"_blank\" rel=\"noopener\">Vertaistukea etsim\u00e4ss\u00e4 \u2013 tuberkuloosia sairastavalle tarjolla tukea<\/a> (18.12.2023\/Marianne Helander, Filha ry)<\/li>\n<li><a href=\"https:\/\/www.filha.fi\/blogi-terveempia-kaupunkeja-rakentamassa\/\" target=\"_blank\" rel=\"noopener\">Terveempi\u00e4 kaupunkeja rakentamassa?<\/a> (27.11.2023\/Daniela Eklund ja Anelma Lammi, Filha ry)<\/li>\n<li><a href=\"https:\/\/www.filha.fi\/blogi-keuhkosyopa-suomessa-mita-voimme-tehda-tilanteen-parantamiseksi\/\" target=\"_blank\" rel=\"noopener\">Keuhkosy\u00f6p\u00e4 Suomessa \u2013 mit\u00e4 voimme tehd\u00e4 tilanteen parantamiseksi?<\/a> (21.11.2023\/Heli Granlund, Filha ry)<\/li>\n<li><a href=\"https:\/\/www.filha.fi\/blogi-nikotiinipussit-kohti-raikkaampaa-elamaa-vai-uhka-terveydelle\/\" target=\"_blank\" rel=\"noopener\">Nikotiinipussit \u2013 kohti raikkaampaa el\u00e4m\u00e4\u00e4 vai uhka terveydelle?<\/a> (7.11.2023\/Satu Helminen, Filha ry)<\/li>\n<li><a href=\"https:\/\/www.filha.fi\/blogi-aikaa-saastamassa-vai-sittenkin-sotkemassa\/\" target=\"_blank\" rel=\"noopener\">Aikaa s\u00e4\u00e4st\u00e4m\u00e4ss\u00e4 -vai sittenkin sotkemassa?<\/a> (30.10.2023\/Miia Aro, Filha ry)<\/li>\n<li><a href=\"https:\/\/www.filha.fi\/blogi-miksi-tuberkuloosi-on-niin-vaikea-havittaa\/\" target=\"_blank\" rel=\"noopener\">Miksi tuberkuloosi on niin vaikea h\u00e4vitt\u00e4\u00e4?<\/a> (22.9.2023\/Mikko Vauhkonen, Filha ry)<\/li>\n<li><a href=\"https:\/\/www.filha.fi\/blogi-miksi-edelleen-vahva-stigma\/\" target=\"_blank\" rel=\"noopener\">Miksi edelleen vahva stigma?<\/a> (16.8.2023\/Marianne Helander, Filha ry)<\/li>\n<li class=\"entry-title\"><a href=\"https:\/\/www.filha.fi\/blogi-astmapotilas-kontrollissa-vai-astma-potilaan-kontrolllissa\/\" target=\"_blank\" rel=\"noopener\">Astmapotilas kontrollissa vai astma potilaan kontrolllissa<\/a> (31.7.2023\/Antti Saarinen, Filha ry)<\/li>\n<li class=\"entry-title\"><a href=\"https:\/\/www.filha.fi\/ympariston-vaaliminen-edistaa-myos-keuhkoterveytta\/\" target=\"_blank\" rel=\"noopener\">Ymp\u00e4rist\u00f6n vaaliminen edist\u00e4\u00e4 my\u00f6s keuhkoterveytt\u00e4<\/a> (5.6.2023\/Kati Tuominen, Filha ry)<\/li>\n<li class=\"entry-title\"><a href=\"https:\/\/www.filha.fi\/blogi-nikotiiniton-suomi-syntyy-tukemalla-nykyisia-kayttajia-lopettamaan\/\" target=\"_blank\" rel=\"noopener\">Nikotiiniton Suomi syntyy tukemalla nykyisi\u00e4 k\u00e4ytt\u00e4ji\u00e4 lopettamaan <\/a>(31.5.2023\/Patrick Sandstr\u00f6m, Filha ry)<\/li>\n<li><a href=\"https:\/\/www.filha.fi\/blogi-voiko-tupakointi-loppua-suomessa\/\" target=\"_blank\" rel=\"noopener\">Voiko tupakointi loppua Suomessa?<\/a> (9.5.2023\/Pekka Puska, THL:n emeritus p\u00e4\u00e4johtaja,<br \/>\nSuomenASH:n puheenjohtaja)<\/li>\n<li><a href=\"https:\/\/www.filha.fi\/blogi-hyvaa-kansainvalista-astmapaivaa\/\" target=\"_blank\" rel=\"noopener\">Hyv\u00e4\u00e4 kansainv\u00e4list\u00e4 astmap\u00e4iv\u00e4\u00e4!<\/a> (2.5.2023\/Salla-Maaret Keij\u00e4l\u00e4, Filha ry)<\/li>\n<li><a href=\"https:\/\/www.filha.fi\/blogi-keuhkokuntoutus-ja-hengitysfysioterapia-keuhkoterveyden-edistajana\/\" target=\"_blank\" rel=\"noopener\">Keuhkokuntoutus ja hengitysfysioterapia keuhkoterveyden edist\u00e4j\u00e4n\u00e4<\/a> (18.4.2023\/Herkko Ryyn\u00e4nen, Filha ry)<\/li>\n<\/ul>\n","protected":false},"excerpt":{"rendered":"<p>N\u00e4k\u00f6kulmia keuhkoterveyteen -blogi N\u00e4k\u00f6kulmia keuhkoterveyteen -blogissa julkaistaan Filhan asiantuntijoiden sek\u00e4 yhteisty\u00f6kumppaneiden ajankohtaisia kirjoituksia keuhkoterveyden kysymyksist\u00e4. 2026 Saavutetaanko tavoitteet? (24.3.2026\/Marianne Helander, Filha ry) Ramadan ja tuberkuloosi: terveyden suojeleminen uskonnollisena vastuuna (23.2.2026\/Tadeja &#8230; <a title=\"Blogi\" class=\"read-more\" href=\"https:\/\/www.filha.fi\/en\/filha\/blogi\/\" aria-label=\"Read more about Blogi\">Read more<\/a><\/p>\n","protected":false},"author":4,"featured_media":0,"parent":134,"menu_order":0,"comment_status":"closed","ping_status":"closed","template":"","meta":{"_acf_changed":false,"footnotes":""},"categories":[2],"class_list":["post-21149","page","type-page","status-publish","category-filha"],"translation":{"provider":"WPGlobus","version":"3.0.2","language":"en","enabled_languages":["fi","en"],"languages":{"fi":{"title":true,"content":true,"excerpt":false},"en":{"title":false,"content":false,"excerpt":false}}},"acf":[],"yoast_head":"<!-- This site is optimized with the Yoast SEO plugin v27.4 - https:\/\/yoast.com\/product\/yoast-seo-wordpress\/ -->\n<title>Blogi - Filha<\/title>\n<meta name=\"robots\" content=\"index, follow, max-snippet:-1, max-image-preview:large, max-video-preview:-1\" \/>\n<link rel=\"canonical\" href=\"https:\/\/www.filha.fi\/filha\/blogi\/\" \/>\n<meta property=\"og:locale\" content=\"en_US\" \/>\n<meta property=\"og:type\" content=\"article\" \/>\n<meta property=\"og:title\" content=\"Blogi - Filha\" \/>\n<meta property=\"og:url\" content=\"https:\/\/www.filha.fi\/filha\/blogi\/\" \/>\n<meta property=\"og:site_name\" content=\"Filha\" \/>\n<meta property=\"article:modified_time\" content=\"2026-03-24T06:16:32+00:00\" \/>\n<meta property=\"og:image\" content=\"https:\/\/www.filha.fi\/wp-content\/uploads\/2023\/06\/verkkosivut-blogi.png\" \/>\n\t<meta property=\"og:image:width\" content=\"1596\" \/>\n\t<meta property=\"og:image:height\" content=\"555\" \/>\n\t<meta property=\"og:image:type\" content=\"image\/png\" \/>\n<meta name=\"twitter:card\" content=\"summary_large_image\" \/>\n<meta name=\"twitter:label1\" content=\"Est. reading time\" \/>\n\t<meta name=\"twitter:data1\" content=\"4 minutes\" \/>\n<script type=\"application\/ld+json\" class=\"yoast-schema-graph\">{\"@context\":\"https:\\\/\\\/schema.org\",\"@graph\":[{\"@type\":\"WebPage\",\"@id\":\"https:\\\/\\\/www.filha.fi\\\/filha\\\/blogi\\\/\",\"url\":\"https:\\\/\\\/www.filha.fi\\\/filha\\\/blogi\\\/\",\"name\":\"Blogi - Filha\",\"isPartOf\":{\"@id\":\"https:\\\/\\\/www.filha.fi\\\/#website\"},\"primaryImageOfPage\":{\"@id\":\"https:\\\/\\\/www.filha.fi\\\/filha\\\/blogi\\\/#primaryimage\"},\"image\":{\"@id\":\"https:\\\/\\\/www.filha.fi\\\/filha\\\/blogi\\\/#primaryimage\"},\"thumbnailUrl\":\"https:\\\/\\\/www.filha.fi\\\/wp-content\\\/uploads\\\/2023\\\/06\\\/verkkosivut-blogi-300x104.png\",\"datePublished\":\"2023-03-31T07:11:10+00:00\",\"dateModified\":\"2026-03-24T06:16:32+00:00\",\"breadcrumb\":{\"@id\":\"https:\\\/\\\/www.filha.fi\\\/filha\\\/blogi\\\/#breadcrumb\"},\"inLanguage\":\"en-US\",\"potentialAction\":[{\"@type\":\"ReadAction\",\"target\":[\"https:\\\/\\\/www.filha.fi\\\/filha\\\/blogi\\\/\"]}]},{\"@type\":\"ImageObject\",\"inLanguage\":\"en-US\",\"@id\":\"https:\\\/\\\/www.filha.fi\\\/filha\\\/blogi\\\/#primaryimage\",\"url\":\"https:\\\/\\\/www.filha.fi\\\/wp-content\\\/uploads\\\/2023\\\/06\\\/verkkosivut-blogi-300x104.png\",\"contentUrl\":\"https:\\\/\\\/www.filha.fi\\\/wp-content\\\/uploads\\\/2023\\\/06\\\/verkkosivut-blogi-300x104.png\"},{\"@type\":\"BreadcrumbList\",\"@id\":\"https:\\\/\\\/www.filha.fi\\\/filha\\\/blogi\\\/#breadcrumb\",\"itemListElement\":[{\"@type\":\"ListItem\",\"position\":1,\"name\":\"Home\",\"item\":\"https:\\\/\\\/www.filha.fi\\\/\"},{\"@type\":\"ListItem\",\"position\":2,\"name\":\"Filha\",\"item\":\"https:\\\/\\\/www.filha.fi\\\/filha\\\/\"},{\"@type\":\"ListItem\",\"position\":3,\"name\":\"Blogi\"}]},{\"@type\":\"WebSite\",\"@id\":\"https:\\\/\\\/www.filha.fi\\\/#website\",\"url\":\"https:\\\/\\\/www.filha.fi\\\/\",\"name\":\"Filha\",\"description\":\"Expertise in lung health\",\"publisher\":{\"@id\":\"https:\\\/\\\/www.filha.fi\\\/#organization\"},\"potentialAction\":[{\"@type\":\"SearchAction\",\"target\":{\"@type\":\"EntryPoint\",\"urlTemplate\":\"https:\\\/\\\/www.filha.fi\\\/?s={search_term_string}\"},\"query-input\":{\"@type\":\"PropertyValueSpecification\",\"valueRequired\":true,\"valueName\":\"search_term_string\"}}],\"inLanguage\":\"en-US\"},{\"@type\":\"Organization\",\"@id\":\"https:\\\/\\\/www.filha.fi\\\/#organization\",\"name\":\"Filha ry\",\"url\":\"https:\\\/\\\/www.filha.fi\\\/\",\"logo\":{\"@type\":\"ImageObject\",\"inLanguage\":\"en-US\",\"@id\":\"https:\\\/\\\/www.filha.fi\\\/#\\\/schema\\\/logo\\\/image\\\/\",\"url\":\"https:\\\/\\\/www.filha.fi\\\/wp-content\\\/uploads\\\/2019\\\/04\\\/Filha-logo.png\",\"contentUrl\":\"https:\\\/\\\/www.filha.fi\\\/wp-content\\\/uploads\\\/2019\\\/04\\\/Filha-logo.png\",\"width\":960,\"height\":1230,\"caption\":\"Filha ry\"},\"image\":{\"@id\":\"https:\\\/\\\/www.filha.fi\\\/#\\\/schema\\\/logo\\\/image\\\/\"}}]}<\/script>\n<!-- \/ Yoast SEO plugin. -->","yoast_head_json":{"title":"Blogi - Filha","robots":{"index":"index","follow":"follow","max-snippet":"max-snippet:-1","max-image-preview":"max-image-preview:large","max-video-preview":"max-video-preview:-1"},"canonical":"https:\/\/www.filha.fi\/filha\/blogi\/","og_locale":"en_US","og_type":"article","og_title":"Blogi - Filha","og_url":"https:\/\/www.filha.fi\/filha\/blogi\/","og_site_name":"Filha","article_modified_time":"2026-03-24T06:16:32+00:00","og_image":[{"width":1596,"height":555,"url":"https:\/\/www.filha.fi\/wp-content\/uploads\/2023\/06\/verkkosivut-blogi.png","type":"image\/png"}],"twitter_card":"summary_large_image","twitter_misc":{"Est. reading time":"4 minutes"},"schema":{"@context":"https:\/\/schema.org","@graph":[{"@type":"WebPage","@id":"https:\/\/www.filha.fi\/filha\/blogi\/","url":"https:\/\/www.filha.fi\/filha\/blogi\/","name":"Blogi - Filha","isPartOf":{"@id":"https:\/\/www.filha.fi\/#website"},"primaryImageOfPage":{"@id":"https:\/\/www.filha.fi\/filha\/blogi\/#primaryimage"},"image":{"@id":"https:\/\/www.filha.fi\/filha\/blogi\/#primaryimage"},"thumbnailUrl":"https:\/\/www.filha.fi\/wp-content\/uploads\/2023\/06\/verkkosivut-blogi-300x104.png","datePublished":"2023-03-31T07:11:10+00:00","dateModified":"2026-03-24T06:16:32+00:00","breadcrumb":{"@id":"https:\/\/www.filha.fi\/filha\/blogi\/#breadcrumb"},"inLanguage":"en-US","potentialAction":[{"@type":"ReadAction","target":["https:\/\/www.filha.fi\/filha\/blogi\/"]}]},{"@type":"ImageObject","inLanguage":"en-US","@id":"https:\/\/www.filha.fi\/filha\/blogi\/#primaryimage","url":"https:\/\/www.filha.fi\/wp-content\/uploads\/2023\/06\/verkkosivut-blogi-300x104.png","contentUrl":"https:\/\/www.filha.fi\/wp-content\/uploads\/2023\/06\/verkkosivut-blogi-300x104.png"},{"@type":"BreadcrumbList","@id":"https:\/\/www.filha.fi\/filha\/blogi\/#breadcrumb","itemListElement":[{"@type":"ListItem","position":1,"name":"Home","item":"https:\/\/www.filha.fi\/"},{"@type":"ListItem","position":2,"name":"Filha","item":"https:\/\/www.filha.fi\/filha\/"},{"@type":"ListItem","position":3,"name":"Blogi"}]},{"@type":"WebSite","@id":"https:\/\/www.filha.fi\/#website","url":"https:\/\/www.filha.fi\/","name":"Filha","description":"Expertise in lung health","publisher":{"@id":"https:\/\/www.filha.fi\/#organization"},"potentialAction":[{"@type":"SearchAction","target":{"@type":"EntryPoint","urlTemplate":"https:\/\/www.filha.fi\/?s={search_term_string}"},"query-input":{"@type":"PropertyValueSpecification","valueRequired":true,"valueName":"search_term_string"}}],"inLanguage":"en-US"},{"@type":"Organization","@id":"https:\/\/www.filha.fi\/#organization","name":"Filha ry","url":"https:\/\/www.filha.fi\/","logo":{"@type":"ImageObject","inLanguage":"en-US","@id":"https:\/\/www.filha.fi\/#\/schema\/logo\/image\/","url":"https:\/\/www.filha.fi\/wp-content\/uploads\/2019\/04\/Filha-logo.png","contentUrl":"https:\/\/www.filha.fi\/wp-content\/uploads\/2019\/04\/Filha-logo.png","width":960,"height":1230,"caption":"Filha ry"},"image":{"@id":"https:\/\/www.filha.fi\/#\/schema\/logo\/image\/"}}]}},"_links":{"self":[{"href":"https:\/\/www.filha.fi\/en\/wp-json\/wp\/v2\/pages\/21149","targetHints":{"allow":["GET"]}}],"collection":[{"href":"https:\/\/www.filha.fi\/en\/wp-json\/wp\/v2\/pages"}],"about":[{"href":"https:\/\/www.filha.fi\/en\/wp-json\/wp\/v2\/types\/page"}],"author":[{"embeddable":true,"href":"https:\/\/www.filha.fi\/en\/wp-json\/wp\/v2\/users\/4"}],"replies":[{"embeddable":true,"href":"https:\/\/www.filha.fi\/en\/wp-json\/wp\/v2\/comments?post=21149"}],"version-history":[{"count":6,"href":"https:\/\/www.filha.fi\/en\/wp-json\/wp\/v2\/pages\/21149\/revisions"}],"predecessor-version":[{"id":34927,"href":"https:\/\/www.filha.fi\/en\/wp-json\/wp\/v2\/pages\/21149\/revisions\/34927"}],"up":[{"embeddable":true,"href":"https:\/\/www.filha.fi\/en\/wp-json\/wp\/v2\/pages\/134"}],"wp:attachment":[{"href":"https:\/\/www.filha.fi\/en\/wp-json\/wp\/v2\/media?parent=21149"}],"wp:term":[{"taxonomy":"category","embeddable":true,"href":"https:\/\/www.filha.fi\/en\/wp-json\/wp\/v2\/categories?post=21149"}],"curies":[{"name":"wp","href":"https:\/\/api.w.org\/{rel}","templated":true}]}}