{"id":231,"date":"2017-06-06T06:10:49","date_gmt":"2017-06-06T06:10:49","guid":{"rendered":"http:\/\/www.filha.fi\/content_page\/raskaus-ilman-tupakkaa\/"},"modified":"2021-04-06T12:05:42","modified_gmt":"2021-04-06T09:05:42","slug":"raskaus-ilman-tupakkaa","status":"publish","type":"page","link":"https:\/\/www.filha.fi\/en\/hankkeet\/paattyneet\/raskaus-ilman-tupakkaa\/","title":{"rendered":"Raskaus ilman tupakkaa"},"content":{"rendered":"<p>&nbsp;<\/p>\n<table>\n<tbody>\n<tr>\n<td>Nimi<\/td>\n<td>Raskaus ilman tupakkaa (Nalle-hanke)<\/td>\n<\/tr>\n<tr>\n<td>Kesto<\/td>\n<td>2017\u20132019<\/td>\n<\/tr>\n<tr>\n<td>P\u00e4\u00e4toteuttaja<\/td>\n<td>Filha ry<\/td>\n<\/tr>\n<tr>\n<td>Muut toteuttajat<\/td>\n<td>Alueelliset yhteisty\u00f6organisaatiot eri puolilla Suomea<\/td>\n<\/tr>\n<tr>\n<td>Kohderyhm\u00e4<\/td>\n<td>Neuvolasektorin, koulu- ja opiskelijaterveydenhuollon ja ehk\u00e4isev\u00e4n p\u00e4ihdety\u00f6n terveydenhuollon ammattilaiset sek\u00e4 ehk\u00e4isy-, \u00e4itiys- ja perheneuvoloiden asiakkaat<\/td>\n<\/tr>\n<tr>\n<td>Lyhyt kuvaus<\/td>\n<td>Hankkeen p\u00e4\u00e4m\u00e4\u00e4r\u00e4n\u00e4 on ehk\u00e4ist\u00e4 ja v\u00e4hent\u00e4\u00e4 raskaudenaikaista tupakointia.<\/p>\n<p>Hankkeessa kehitet\u00e4\u00e4n yhteisty\u00f6ss\u00e4 neuvolatoiminnan, koulu- ja opiskelijaterveydenhuollon ammattilaisten ja terveysalan AMK-opettajien sek\u00e4 neuvoloiden asiakkaiden kanssa tupakoinnin lopettamisen tuen keinoja.<\/p>\n<p>Hanke kouluttaa terveydenhuollon ammattilaisia, kehitt\u00e4\u00e4 hoitopolkuja ja tarjoaa hankkeen tulokset ja tuotokset valtakunnallisesti hy\u00f6dynnett\u00e4viksi.<\/p>\n<p>Hankkeen tavoitteena on my\u00f6s kiinnitt\u00e4\u00e4 valtakunnallisesti huomiota raskaudenaikaisen tupakoinnin ehk\u00e4isyyn ja v\u00e4hent\u00e4miseen sek\u00e4 lapsiperheiden savuttomuuden tukemiseen.<\/td>\n<\/tr>\n<tr>\n<td>Yhteyshenkil\u00f6t<\/td>\n<td>\n<ul>\n<li>Krista Abdulla Hama Salih, 044-5442209, <a href=\"mailto:krista.abdullahamasalih@filha.fi\">krista.abdullahamasalih@filha.fi\u00a0<\/a><\/li>\n<\/ul>\n<\/td>\n<\/tr>\n<tr>\n<td>THL<\/td>\n<td>Hanke rahoitetaan Terveyden edist\u00e4misen m\u00e4\u00e4r\u00e4rahasta, jonka THL:n esityksest\u00e4 my\u00f6nt\u00e4\u00e4 STM.<\/td>\n<\/tr>\n<\/tbody>\n<\/table>\n<p><img decoding=\"async\" class=\"size-full wp-image-225 alignright\" src=\"http:\/\/www.filha.fi\/wp-content\/uploads\/2017\/06\/nalle-logo_2.png\" alt=\"\" width=\"142\" height=\"142\" data-fid=\"875\" data-media-element=\"1\" \/><\/p>\n<p><a href=\"https:\/\/www.filha.fi\/hankkeet\/paattyneet\/raskaus-ilman-tupakkaa\/omataskeleet\/\">OmatAskeleet<\/a><\/p>\n<p><a href=\"https:\/\/www.filha.fi\/hankkeet\/paattyneet\/raskaus-ilman-tupakkaa\/omataskeleet-lisamateriaalit\/\">OmatAskeleet lis\u00e4materiaalit<\/a><\/p>\n<p><a href=\"https:\/\/www.filha.fi\/hankkeet\/paattyneet\/raskaus-ilman-tupakkaa\/hankkeen-aineistoja\/\">Hankkeen aineistoja<\/a><\/p>\n<h3><strong>Esitykset<\/strong><\/h3>\n<p><a href=\"http:\/\/www.filha.fi\/wp-content\/uploads\/2017\/06\/omataskeleet_ja_raskaus_ilman_tupakkaa_-hanke_13122018pptx.pdf\" target=\"_blank\" rel=\"noopener noreferrer\" type=\"application\/pdf; length=857702\">Omat askeleet ja raskaus ilman tupakkaa (pdf)<\/a><\/p>\n<h3><strong>Juliste<\/strong><\/h3>\n<p><a href=\"http:\/\/www.filha.fi\/wp-content\/uploads\/2017\/06\/raskaushanke-julistea3_kevyt.pdf\" target=\"_blank\" rel=\"noopener noreferrer\" type=\"application\/pdf; length=142555\">Tulostettava juliste A3 (pdf)<\/a><br \/>\n<a href=\"http:\/\/www.filha.fi\/wp-content\/uploads\/2017\/06\/omataskeleet-julistea3_nettiin.pdf\" target=\"_blank\" rel=\"noopener noreferrer\" type=\"application\/pdf; length=80800\">Omataskeleet\u00a0-juliste (pdf)<\/a> A3-kokoinen tulostettava juliste, jossa on qr-koori OmatAskeleet e-savuttomuuskoulutuspakettiin.<\/p>\n<p>K\u00e4yt\u00e4mme hashtageja:<\/p>\n<p>#Filha_ry<br \/>\n#nallehanke<\/p>\n<h3><strong>Hanke mediassa<\/strong><\/h3>\n<ul>\n<li><a href=\"https:\/\/www.aamuposti.fi\/artikkeli\/812540-riihimaen-neuvolassa-hakamittarit-pysyvaan-kayttoon-kaksivuotisen-hankkeen-aikana\" target=\"_blank\" rel=\"noopener noreferrer\">Riihim\u00e4en neuvolassa h\u00e4k\u00e4mittarit pysyv\u00e4\u00e4n k\u00e4ytt\u00f6\u00f6n &#8211; Aamuposti 24.10.2019<\/a><\/li>\n<li>\n<p class=\"entry-title\"><a href=\"https:\/\/www.mediuutiset.fi\/uutiset\/tyo-raskaudenaikaisen-tupakoinnin-vahentamiseksi-on-ollut-oikeansuuntaista-nyt-neuvolat-saivat-lisaa-tietotaitoa-odottajien-tupakkavieroitukseen\/5fc31912-6108-4ad8-9a63-ca2700f43aae\" target=\"_blank\" rel=\"bookmark noopener noreferrer\">Riihim\u00e4ell\u00e4 onnistuttiin v\u00e4hent\u00e4m\u00e4\u00e4n raskaudenaikaista tupakointia Nalle-hankkeella &#8211; Mediuutiset 15.10.2019<\/a><\/p>\n<\/li>\n<li>Sin\u00e4 pystyt siihen &#8211; Vauvalehti 8\/2019<\/li>\n<li><a href=\"http:\/\/www.filha.fi\/wp-content\/uploads\/2017\/06\/tiedote_10.1.2019.pdf\" target=\"_blank\" rel=\"noopener noreferrer\" type=\"application\/pdf; length=642470\">Uusi OmatAskeleet -ekoulutus \u2013 tiedote_10.1.2019.pdf<\/a><\/li>\n<li><a href=\"http:\/\/www.filha.fi\/wp-content\/uploads\/2017\/06\/rt_hanke-esittelyteksti.pdf\" target=\"_blank\" rel=\"noopener noreferrer\" type=\"application\/pdf; length=185905\">Huomio raskaudenaikaisen tupakoinnin v\u00e4hent\u00e4miseen 19.6.2017<\/a><\/li>\n<li>Joka kymmenes siki\u00f6 tupakoi, H\u00e4meen sanomat 24.09.2017<\/li>\n<\/ul>\n","protected":false},"excerpt":{"rendered":"<p>&nbsp; Nimi Raskaus ilman tupakkaa (Nalle-hanke) Kesto 2017\u20132019 P\u00e4\u00e4toteuttaja Filha ry Muut toteuttajat Alueelliset yhteisty\u00f6organisaatiot eri puolilla Suomea Kohderyhm\u00e4 Neuvolasektorin, koulu- ja opiskelijaterveydenhuollon ja ehk\u00e4isev\u00e4n p\u00e4ihdety\u00f6n terveydenhuollon ammattilaiset sek\u00e4 ehk\u00e4isy-, &#8230; <a title=\"Raskaus ilman tupakkaa\" class=\"read-more\" href=\"https:\/\/www.filha.fi\/en\/hankkeet\/paattyneet\/raskaus-ilman-tupakkaa\/\" aria-label=\"Read more about Raskaus ilman tupakkaa\">Read more<\/a><\/p>\n","protected":false},"author":4,"featured_media":0,"parent":87,"menu_order":0,"comment_status":"closed","ping_status":"closed","template":"","meta":{"_acf_changed":false,"footnotes":""},"categories":[36,38,26,7],"class_list":["post-231","page","type-page","status-publish","category-krista","category-maria","category-raskaus_ilman_tupakkaa","category-tupakka"],"translation":{"provider":"WPGlobus","version":"3.0.2","language":"en","enabled_languages":["fi","en"],"languages":{"fi":{"title":true,"content":true,"excerpt":false},"en":{"title":false,"content":false,"excerpt":false}}},"acf":[],"yoast_head":"<!-- This site is optimized with the Yoast SEO plugin v27.4 - https:\/\/yoast.com\/product\/yoast-seo-wordpress\/ -->\n<title>Raskaus ilman tupakkaa - Filha<\/title>\n<meta name=\"robots\" content=\"index, follow, max-snippet:-1, max-image-preview:large, max-video-preview:-1\" \/>\n<link rel=\"canonical\" href=\"https:\/\/www.filha.fi\/hankkeet\/paattyneet\/raskaus-ilman-tupakkaa\/\" \/>\n<meta property=\"og:locale\" content=\"en_US\" \/>\n<meta property=\"og:type\" content=\"article\" \/>\n<meta property=\"og:title\" content=\"Raskaus ilman tupakkaa - Filha\" \/>\n<meta property=\"og:url\" content=\"https:\/\/www.filha.fi\/hankkeet\/paattyneet\/raskaus-ilman-tupakkaa\/\" \/>\n<meta property=\"og:site_name\" content=\"Filha\" \/>\n<meta property=\"article:modified_time\" content=\"2021-04-06T09:05:42+00:00\" \/>\n<meta property=\"og:image\" content=\"http:\/\/www.filha.fi\/wp-content\/uploads\/2017\/06\/nalle-logo_2.png\" \/>\n<meta name=\"twitter:card\" content=\"summary_large_image\" \/>\n<meta name=\"twitter:label1\" content=\"Est. reading time\" \/>\n\t<meta name=\"twitter:data1\" content=\"1 minute\" \/>\n<script type=\"application\/ld+json\" class=\"yoast-schema-graph\">{\"@context\":\"https:\\\/\\\/schema.org\",\"@graph\":[{\"@type\":\"WebPage\",\"@id\":\"https:\\\/\\\/www.filha.fi\\\/hankkeet\\\/paattyneet\\\/raskaus-ilman-tupakkaa\\\/\",\"url\":\"https:\\\/\\\/www.filha.fi\\\/hankkeet\\\/paattyneet\\\/raskaus-ilman-tupakkaa\\\/\",\"name\":\"Raskaus ilman tupakkaa - Filha\",\"isPartOf\":{\"@id\":\"https:\\\/\\\/www.filha.fi\\\/#website\"},\"primaryImageOfPage\":{\"@id\":\"https:\\\/\\\/www.filha.fi\\\/hankkeet\\\/paattyneet\\\/raskaus-ilman-tupakkaa\\\/#primaryimage\"},\"image\":{\"@id\":\"https:\\\/\\\/www.filha.fi\\\/hankkeet\\\/paattyneet\\\/raskaus-ilman-tupakkaa\\\/#primaryimage\"},\"thumbnailUrl\":\"http:\\\/\\\/www.filha.fi\\\/wp-content\\\/uploads\\\/2017\\\/06\\\/nalle-logo_2.png\",\"datePublished\":\"2017-06-06T06:10:49+00:00\",\"dateModified\":\"2021-04-06T09:05:42+00:00\",\"breadcrumb\":{\"@id\":\"https:\\\/\\\/www.filha.fi\\\/hankkeet\\\/paattyneet\\\/raskaus-ilman-tupakkaa\\\/#breadcrumb\"},\"inLanguage\":\"en-US\",\"potentialAction\":[{\"@type\":\"ReadAction\",\"target\":[\"https:\\\/\\\/www.filha.fi\\\/hankkeet\\\/paattyneet\\\/raskaus-ilman-tupakkaa\\\/\"]}]},{\"@type\":\"ImageObject\",\"inLanguage\":\"en-US\",\"@id\":\"https:\\\/\\\/www.filha.fi\\\/hankkeet\\\/paattyneet\\\/raskaus-ilman-tupakkaa\\\/#primaryimage\",\"url\":\"http:\\\/\\\/www.filha.fi\\\/wp-content\\\/uploads\\\/2017\\\/06\\\/nalle-logo_2.png\",\"contentUrl\":\"http:\\\/\\\/www.filha.fi\\\/wp-content\\\/uploads\\\/2017\\\/06\\\/nalle-logo_2.png\"},{\"@type\":\"BreadcrumbList\",\"@id\":\"https:\\\/\\\/www.filha.fi\\\/hankkeet\\\/paattyneet\\\/raskaus-ilman-tupakkaa\\\/#breadcrumb\",\"itemListElement\":[{\"@type\":\"ListItem\",\"position\":1,\"name\":\"Home\",\"item\":\"https:\\\/\\\/www.filha.fi\\\/\"},{\"@type\":\"ListItem\",\"position\":2,\"name\":\"Hankkeet\",\"item\":\"https:\\\/\\\/www.filha.fi\\\/hankkeet\\\/\"},{\"@type\":\"ListItem\",\"position\":3,\"name\":\"P\u00e4\u00e4ttyneet hankkeet\",\"item\":\"https:\\\/\\\/www.filha.fi\\\/hankkeet\\\/paattyneet\\\/\"},{\"@type\":\"ListItem\",\"position\":4,\"name\":\"Raskaus ilman tupakkaa\"}]},{\"@type\":\"WebSite\",\"@id\":\"https:\\\/\\\/www.filha.fi\\\/#website\",\"url\":\"https:\\\/\\\/www.filha.fi\\\/\",\"name\":\"Filha\",\"description\":\"Expertise in lung health\",\"publisher\":{\"@id\":\"https:\\\/\\\/www.filha.fi\\\/#organization\"},\"potentialAction\":[{\"@type\":\"SearchAction\",\"target\":{\"@type\":\"EntryPoint\",\"urlTemplate\":\"https:\\\/\\\/www.filha.fi\\\/?s={search_term_string}\"},\"query-input\":{\"@type\":\"PropertyValueSpecification\",\"valueRequired\":true,\"valueName\":\"search_term_string\"}}],\"inLanguage\":\"en-US\"},{\"@type\":\"Organization\",\"@id\":\"https:\\\/\\\/www.filha.fi\\\/#organization\",\"name\":\"Filha ry\",\"url\":\"https:\\\/\\\/www.filha.fi\\\/\",\"logo\":{\"@type\":\"ImageObject\",\"inLanguage\":\"en-US\",\"@id\":\"https:\\\/\\\/www.filha.fi\\\/#\\\/schema\\\/logo\\\/image\\\/\",\"url\":\"https:\\\/\\\/www.filha.fi\\\/wp-content\\\/uploads\\\/2019\\\/04\\\/Filha-logo.png\",\"contentUrl\":\"https:\\\/\\\/www.filha.fi\\\/wp-content\\\/uploads\\\/2019\\\/04\\\/Filha-logo.png\",\"width\":960,\"height\":1230,\"caption\":\"Filha ry\"},\"image\":{\"@id\":\"https:\\\/\\\/www.filha.fi\\\/#\\\/schema\\\/logo\\\/image\\\/\"}}]}<\/script>\n<!-- \/ Yoast SEO plugin. -->","yoast_head_json":{"title":"Raskaus ilman tupakkaa - Filha","robots":{"index":"index","follow":"follow","max-snippet":"max-snippet:-1","max-image-preview":"max-image-preview:large","max-video-preview":"max-video-preview:-1"},"canonical":"https:\/\/www.filha.fi\/hankkeet\/paattyneet\/raskaus-ilman-tupakkaa\/","og_locale":"en_US","og_type":"article","og_title":"Raskaus ilman tupakkaa - Filha","og_url":"https:\/\/www.filha.fi\/hankkeet\/paattyneet\/raskaus-ilman-tupakkaa\/","og_site_name":"Filha","article_modified_time":"2021-04-06T09:05:42+00:00","og_image":[{"url":"http:\/\/www.filha.fi\/wp-content\/uploads\/2017\/06\/nalle-logo_2.png","type":"","width":"","height":""}],"twitter_card":"summary_large_image","twitter_misc":{"Est. reading time":"1 minute"},"schema":{"@context":"https:\/\/schema.org","@graph":[{"@type":"WebPage","@id":"https:\/\/www.filha.fi\/hankkeet\/paattyneet\/raskaus-ilman-tupakkaa\/","url":"https:\/\/www.filha.fi\/hankkeet\/paattyneet\/raskaus-ilman-tupakkaa\/","name":"Raskaus ilman tupakkaa - Filha","isPartOf":{"@id":"https:\/\/www.filha.fi\/#website"},"primaryImageOfPage":{"@id":"https:\/\/www.filha.fi\/hankkeet\/paattyneet\/raskaus-ilman-tupakkaa\/#primaryimage"},"image":{"@id":"https:\/\/www.filha.fi\/hankkeet\/paattyneet\/raskaus-ilman-tupakkaa\/#primaryimage"},"thumbnailUrl":"http:\/\/www.filha.fi\/wp-content\/uploads\/2017\/06\/nalle-logo_2.png","datePublished":"2017-06-06T06:10:49+00:00","dateModified":"2021-04-06T09:05:42+00:00","breadcrumb":{"@id":"https:\/\/www.filha.fi\/hankkeet\/paattyneet\/raskaus-ilman-tupakkaa\/#breadcrumb"},"inLanguage":"en-US","potentialAction":[{"@type":"ReadAction","target":["https:\/\/www.filha.fi\/hankkeet\/paattyneet\/raskaus-ilman-tupakkaa\/"]}]},{"@type":"ImageObject","inLanguage":"en-US","@id":"https:\/\/www.filha.fi\/hankkeet\/paattyneet\/raskaus-ilman-tupakkaa\/#primaryimage","url":"http:\/\/www.filha.fi\/wp-content\/uploads\/2017\/06\/nalle-logo_2.png","contentUrl":"http:\/\/www.filha.fi\/wp-content\/uploads\/2017\/06\/nalle-logo_2.png"},{"@type":"BreadcrumbList","@id":"https:\/\/www.filha.fi\/hankkeet\/paattyneet\/raskaus-ilman-tupakkaa\/#breadcrumb","itemListElement":[{"@type":"ListItem","position":1,"name":"Home","item":"https:\/\/www.filha.fi\/"},{"@type":"ListItem","position":2,"name":"Hankkeet","item":"https:\/\/www.filha.fi\/hankkeet\/"},{"@type":"ListItem","position":3,"name":"P\u00e4\u00e4ttyneet hankkeet","item":"https:\/\/www.filha.fi\/hankkeet\/paattyneet\/"},{"@type":"ListItem","position":4,"name":"Raskaus ilman tupakkaa"}]},{"@type":"WebSite","@id":"https:\/\/www.filha.fi\/#website","url":"https:\/\/www.filha.fi\/","name":"Filha","description":"Expertise in lung health","publisher":{"@id":"https:\/\/www.filha.fi\/#organization"},"potentialAction":[{"@type":"SearchAction","target":{"@type":"EntryPoint","urlTemplate":"https:\/\/www.filha.fi\/?s={search_term_string}"},"query-input":{"@type":"PropertyValueSpecification","valueRequired":true,"valueName":"search_term_string"}}],"inLanguage":"en-US"},{"@type":"Organization","@id":"https:\/\/www.filha.fi\/#organization","name":"Filha ry","url":"https:\/\/www.filha.fi\/","logo":{"@type":"ImageObject","inLanguage":"en-US","@id":"https:\/\/www.filha.fi\/#\/schema\/logo\/image\/","url":"https:\/\/www.filha.fi\/wp-content\/uploads\/2019\/04\/Filha-logo.png","contentUrl":"https:\/\/www.filha.fi\/wp-content\/uploads\/2019\/04\/Filha-logo.png","width":960,"height":1230,"caption":"Filha ry"},"image":{"@id":"https:\/\/www.filha.fi\/#\/schema\/logo\/image\/"}}]}},"_links":{"self":[{"href":"https:\/\/www.filha.fi\/en\/wp-json\/wp\/v2\/pages\/231","targetHints":{"allow":["GET"]}}],"collection":[{"href":"https:\/\/www.filha.fi\/en\/wp-json\/wp\/v2\/pages"}],"about":[{"href":"https:\/\/www.filha.fi\/en\/wp-json\/wp\/v2\/types\/page"}],"author":[{"embeddable":true,"href":"https:\/\/www.filha.fi\/en\/wp-json\/wp\/v2\/users\/4"}],"replies":[{"embeddable":true,"href":"https:\/\/www.filha.fi\/en\/wp-json\/wp\/v2\/comments?post=231"}],"version-history":[{"count":0,"href":"https:\/\/www.filha.fi\/en\/wp-json\/wp\/v2\/pages\/231\/revisions"}],"up":[{"embeddable":true,"href":"https:\/\/www.filha.fi\/en\/wp-json\/wp\/v2\/pages\/87"}],"wp:attachment":[{"href":"https:\/\/www.filha.fi\/en\/wp-json\/wp\/v2\/media?parent=231"}],"wp:term":[{"taxonomy":"category","embeddable":true,"href":"https:\/\/www.filha.fi\/en\/wp-json\/wp\/v2\/categories?post=231"}],"curies":[{"name":"wp","href":"https:\/\/api.w.org\/{rel}","templated":true}]}}