{"id":244,"date":"2017-09-25T07:45:46","date_gmt":"2017-09-25T07:45:46","guid":{"rendered":"http:\/\/www.filha.fi\/content_page\/hankkeen-aineistoja\/"},"modified":"2021-03-30T11:55:07","modified_gmt":"2021-03-30T08:55:07","slug":"hankkeen-aineistoja","status":"publish","type":"page","link":"https:\/\/www.filha.fi\/en\/hankkeet\/paattyneet\/raskaus-ilman-tupakkaa\/hankkeen-aineistoja\/","title":{"rendered":"Hankkeen aineistoja"},"content":{"rendered":"<h3>Videoita<\/h3>\n<h4>H\u00e4k\u00e4mittauksen puheeksiottaminen neuvolassa<\/h4>\n<p><iframe src=\"https:\/\/www.youtube.com\/embed\/8imwW6aWzlw\" width=\"560\" height=\"315\" frameborder=\"0\" allowfullscreen=\"allowfullscreen\"><\/iframe><\/p>\n<h4>Tupakointikeskustelu neuvolassa<\/h4>\n<p><iframe src=\"https:\/\/www.youtube.com\/embed\/gpOIqQI_-AE\" width=\"560\" height=\"315\" frameborder=\"0\" allowfullscreen=\"allowfullscreen\"><\/iframe><\/p>\n<h3>Oppaat ammattilaisille<\/h3>\n<p><strong>Ty\u00f6kaluja vastaanotolle<\/strong>, Powerpoint -esitys<br \/>\n\u00c4itiysneuvolan vastaanotolle motivoivat ohjeet raskaana olevan tupakoinnin lopettamiseen.<\/p>\n<p><strong>N\u00e4in autat tupakoivaa \u00e4iti\u00e4 lopettamaan<\/strong> (Tuottajat: THL ja muut)<br \/>\nOta tupakointi puheeksi -ohjeet, sis\u00e4lt\u00e4\u00e4 nikotiiniriippuvuustestin.<br \/>\n<a href=\"https:\/\/www.filha.fi\/wp-content\/uploads\/2016\/08\/tupakoiva_aiti_kortti_verkko.pdf\" target=\"_blank\" rel=\"noopener noreferrer\">N\u00e4in autat tupakoivaa \u00e4iti\u00e4 -kortti (pdf)<\/a><\/p>\n<p><strong>Juliste <\/strong>(Filha)<br \/>\nTulostettava A-3 juliste \u00e4itiysneuvolan vastaanotolle<br \/>\n<a title=\"Juliste neuvoloihin\" href=\"http:\/\/www.filha.fi\/wp-content\/uploads\/2017\/06\/raskaushanke-julistea3_kevyt.pdf\" type=\"application\/pdf; length=142555\" name=\"Juliste neuvoloihin\">Juliste neuvoloihin (pdf)<\/a><\/p>\n<p><strong>OmatAskeleet -juliste<\/strong><br \/>\nA3 kokoinen tulostettava juliste, jossa on qr-koodi OmatAskeleet esavuttomuuskoulutuspakettiin.<br \/>\n<a href=\"http:\/\/www.filha.fi\/wp-content\/uploads\/2017\/06\/omataskeleet-julistea3_nettiin.pdf\" type=\"application\/pdf; length=80800\">Omataskeleet\u00a0-juliste (pdf)<\/a><\/p>\n<h3>Tupakoivalle \u00e4idille<\/h3>\n<p><strong>Mik\u00e4 onkaan parempi syy&#8230; lopettaa tupakointi?\u00a0<\/strong>(Tuottajat: Suomen Ash ja muut)<br \/>\nMotivointikortti raskaana olevalle<br \/>\n<a href=\"https:\/\/www.filha.fi\/wp-content\/uploads\/2017\/11\/mika_onkaan_parempi_syy.pdf\" target=\"_blank\" rel=\"noopener noreferrer\">Mik\u00e4 onkaan parempi syy (pdf)<\/a><\/p>\n<p><strong>Odotuksen onnea, tupakoinnin tuskaa \u2013 K\u00e4sityksi\u00e4 ja kokemuksia tupakoinnista raskauden aikana\u00a0<\/strong><br \/>\nKattava vihkonen raskausaikaisesta tupakoinnista. (Tuottaja: Suomen sy\u00f6p\u00e4yhdistys ry)<br \/>\n<a title=\"Tietoa tupakoivalle \u00e4idille\" href=\"http:\/\/s3-eu-west-1.amazonaws.com\/frantic\/syopa-jarjestot\/Odotuksen-onnea-tupakoinnin-tuskaa_Kasityksia-ja-kokemuksia-tupakoinnista-raskauden-aikana.pdf\" target=\"_blank\" rel=\"noopener noreferrer\" name=\"Tietoa tupakoivalle \u00e4idille\">Odotuksen onnea, tupakoinnin tuskaa \u2013 K\u00e4sityksi\u00e4 ja kokemuksia tupakoinnista raskauden aikana (pdf)\u00a0<\/a><\/p>\n<h3>Lis\u00e4\u00e4 aineistoja\u00a0<a title=\"Linkki materiaalipankkiin\" href=\"https:\/\/www.filha.fi\/ammattilaisille\/tupakka\/terveydenhuollon-ammattilaisille\/\" rel=\"noopener noreferrer\" name=\"Linkki materiaalipankkiin\">materiaalipankissamme<\/a><\/h3>\n<h3><strong>Material p\u00e5 svenska<\/strong><\/h3>\n<p><strong>Mini-intervention f\u00f6r r\u00f6kavv\u00e4njning\u00a0<\/strong> (Produceras THL &amp; al.)<br \/>\n<a href=\"https:\/\/www.filha.fi\/wp-content\/uploads\/2019\/05\/mini_intervention_for_rokavvanjning.pdf\" target=\"_blank\" rel=\"noopener noreferrer\">Mini intervention f\u00f6r r\u00f6kavv\u00e4njning (pdf)<\/a><\/p>\n<p><strong>Mammor att sluta r\u00f6ka<\/strong> ((Produceras\u00a0THL)<br \/>\n<a href=\"https:\/\/www.filha.fi\/wp-content\/uploads\/2019\/05\/thl_mammor_att_sluta_roka_verkko.pdf\" target=\"_blank\" rel=\"noopener noreferrer\">Mammor att sluta r\u00f6ka (pdf)<\/a><\/p>\n<p><strong>Mini-intervention<\/strong> -kort\u00a0\u00a0(Produceras\u00a0THL &amp; al.)<br \/>\n<a href=\"https:\/\/www.filha.fi\/wp-content\/uploads\/2019\/05\/mini_intervention_for_rokavvanjning.pdf\" target=\"_blank\" rel=\"noopener noreferrer\">Mini-intervention -kort (pdf)<\/a><\/p>\n<p><strong>Det finns ingen b\u00e4ttre orsak <\/strong>(Produceras\u00a0Suomen sy\u00f6p\u00e4yhdistys ry)<br \/>\n<a href=\"https:\/\/www.filha.fi\/wp-content\/uploads\/2019\/05\/det_finns_inge_battre_orsak.pdf\" target=\"_blank\" rel=\"noopener noreferrer\">Det finns ingen b\u00e4ttre orsak (pdf)<\/a><\/p>\n<h3><\/h3>\n<p>&nbsp;<\/p>\n<p>&nbsp;<\/p>\n","protected":false},"excerpt":{"rendered":"<p>Videoita H\u00e4k\u00e4mittauksen puheeksiottaminen neuvolassa Tupakointikeskustelu neuvolassa Oppaat ammattilaisille Ty\u00f6kaluja vastaanotolle, Powerpoint -esitys \u00c4itiysneuvolan vastaanotolle motivoivat ohjeet raskaana olevan tupakoinnin lopettamiseen. N\u00e4in autat tupakoivaa \u00e4iti\u00e4 lopettamaan (Tuottajat: THL ja muut) Ota &#8230; <a title=\"Hankkeen aineistoja\" class=\"read-more\" href=\"https:\/\/www.filha.fi\/en\/hankkeet\/paattyneet\/raskaus-ilman-tupakkaa\/hankkeen-aineistoja\/\" aria-label=\"Read more about Hankkeen aineistoja\">Read more<\/a><\/p>\n","protected":false},"author":4,"featured_media":0,"parent":231,"menu_order":0,"comment_status":"closed","ping_status":"closed","template":"","meta":{"_acf_changed":false,"footnotes":""},"categories":[36,38,26,7],"class_list":["post-244","page","type-page","status-publish","category-krista","category-maria","category-raskaus_ilman_tupakkaa","category-tupakka"],"translation":{"provider":"WPGlobus","version":"3.0.2","language":"en","enabled_languages":["fi","en"],"languages":{"fi":{"title":true,"content":true,"excerpt":false},"en":{"title":false,"content":false,"excerpt":false}}},"acf":[],"yoast_head":"<!-- This site is optimized with the Yoast SEO plugin v27.4 - https:\/\/yoast.com\/product\/yoast-seo-wordpress\/ -->\n<title>Hankkeen aineistoja - Filha<\/title>\n<meta name=\"robots\" content=\"index, follow, max-snippet:-1, max-image-preview:large, max-video-preview:-1\" \/>\n<link rel=\"canonical\" href=\"https:\/\/www.filha.fi\/hankkeet\/paattyneet\/raskaus-ilman-tupakkaa\/hankkeen-aineistoja\/\" \/>\n<meta property=\"og:locale\" content=\"en_US\" \/>\n<meta property=\"og:type\" content=\"article\" \/>\n<meta property=\"og:title\" content=\"Hankkeen aineistoja - Filha\" \/>\n<meta property=\"og:url\" content=\"https:\/\/www.filha.fi\/hankkeet\/paattyneet\/raskaus-ilman-tupakkaa\/hankkeen-aineistoja\/\" \/>\n<meta property=\"og:site_name\" content=\"Filha\" \/>\n<meta property=\"article:modified_time\" content=\"2021-03-30T08:55:07+00:00\" \/>\n<meta property=\"og:image\" content=\"https:\/\/www.filha.fi\/wp-content\/uploads\/2019\/04\/Filha-logo.png\" \/>\n\t<meta property=\"og:image:width\" content=\"960\" \/>\n\t<meta property=\"og:image:height\" content=\"1230\" \/>\n\t<meta property=\"og:image:type\" content=\"image\/png\" \/>\n<meta name=\"twitter:card\" content=\"summary_large_image\" \/>\n<meta name=\"twitter:label1\" content=\"Est. reading time\" \/>\n\t<meta name=\"twitter:data1\" content=\"1 minute\" \/>\n<script type=\"application\/ld+json\" class=\"yoast-schema-graph\">{\"@context\":\"https:\\\/\\\/schema.org\",\"@graph\":[{\"@type\":\"WebPage\",\"@id\":\"https:\\\/\\\/www.filha.fi\\\/hankkeet\\\/paattyneet\\\/raskaus-ilman-tupakkaa\\\/hankkeen-aineistoja\\\/\",\"url\":\"https:\\\/\\\/www.filha.fi\\\/hankkeet\\\/paattyneet\\\/raskaus-ilman-tupakkaa\\\/hankkeen-aineistoja\\\/\",\"name\":\"Hankkeen aineistoja - Filha\",\"isPartOf\":{\"@id\":\"https:\\\/\\\/www.filha.fi\\\/#website\"},\"datePublished\":\"2017-09-25T07:45:46+00:00\",\"dateModified\":\"2021-03-30T08:55:07+00:00\",\"breadcrumb\":{\"@id\":\"https:\\\/\\\/www.filha.fi\\\/hankkeet\\\/paattyneet\\\/raskaus-ilman-tupakkaa\\\/hankkeen-aineistoja\\\/#breadcrumb\"},\"inLanguage\":\"en-US\",\"potentialAction\":[{\"@type\":\"ReadAction\",\"target\":[\"https:\\\/\\\/www.filha.fi\\\/hankkeet\\\/paattyneet\\\/raskaus-ilman-tupakkaa\\\/hankkeen-aineistoja\\\/\"]}]},{\"@type\":\"BreadcrumbList\",\"@id\":\"https:\\\/\\\/www.filha.fi\\\/hankkeet\\\/paattyneet\\\/raskaus-ilman-tupakkaa\\\/hankkeen-aineistoja\\\/#breadcrumb\",\"itemListElement\":[{\"@type\":\"ListItem\",\"position\":1,\"name\":\"Home\",\"item\":\"https:\\\/\\\/www.filha.fi\\\/\"},{\"@type\":\"ListItem\",\"position\":2,\"name\":\"Hankkeet\",\"item\":\"https:\\\/\\\/www.filha.fi\\\/hankkeet\\\/\"},{\"@type\":\"ListItem\",\"position\":3,\"name\":\"P\u00e4\u00e4ttyneet hankkeet\",\"item\":\"https:\\\/\\\/www.filha.fi\\\/hankkeet\\\/paattyneet\\\/\"},{\"@type\":\"ListItem\",\"position\":4,\"name\":\"Raskaus ilman tupakkaa\",\"item\":\"https:\\\/\\\/www.filha.fi\\\/hankkeet\\\/paattyneet\\\/raskaus-ilman-tupakkaa\\\/\"},{\"@type\":\"ListItem\",\"position\":5,\"name\":\"Hankkeen aineistoja\"}]},{\"@type\":\"WebSite\",\"@id\":\"https:\\\/\\\/www.filha.fi\\\/#website\",\"url\":\"https:\\\/\\\/www.filha.fi\\\/\",\"name\":\"Filha\",\"description\":\"Expertise in lung health\",\"publisher\":{\"@id\":\"https:\\\/\\\/www.filha.fi\\\/#organization\"},\"potentialAction\":[{\"@type\":\"SearchAction\",\"target\":{\"@type\":\"EntryPoint\",\"urlTemplate\":\"https:\\\/\\\/www.filha.fi\\\/?s={search_term_string}\"},\"query-input\":{\"@type\":\"PropertyValueSpecification\",\"valueRequired\":true,\"valueName\":\"search_term_string\"}}],\"inLanguage\":\"en-US\"},{\"@type\":\"Organization\",\"@id\":\"https:\\\/\\\/www.filha.fi\\\/#organization\",\"name\":\"Filha ry\",\"url\":\"https:\\\/\\\/www.filha.fi\\\/\",\"logo\":{\"@type\":\"ImageObject\",\"inLanguage\":\"en-US\",\"@id\":\"https:\\\/\\\/www.filha.fi\\\/#\\\/schema\\\/logo\\\/image\\\/\",\"url\":\"https:\\\/\\\/www.filha.fi\\\/wp-content\\\/uploads\\\/2019\\\/04\\\/Filha-logo.png\",\"contentUrl\":\"https:\\\/\\\/www.filha.fi\\\/wp-content\\\/uploads\\\/2019\\\/04\\\/Filha-logo.png\",\"width\":960,\"height\":1230,\"caption\":\"Filha ry\"},\"image\":{\"@id\":\"https:\\\/\\\/www.filha.fi\\\/#\\\/schema\\\/logo\\\/image\\\/\"}}]}<\/script>\n<!-- \/ Yoast SEO plugin. -->","yoast_head_json":{"title":"Hankkeen aineistoja - Filha","robots":{"index":"index","follow":"follow","max-snippet":"max-snippet:-1","max-image-preview":"max-image-preview:large","max-video-preview":"max-video-preview:-1"},"canonical":"https:\/\/www.filha.fi\/hankkeet\/paattyneet\/raskaus-ilman-tupakkaa\/hankkeen-aineistoja\/","og_locale":"en_US","og_type":"article","og_title":"Hankkeen aineistoja - Filha","og_url":"https:\/\/www.filha.fi\/hankkeet\/paattyneet\/raskaus-ilman-tupakkaa\/hankkeen-aineistoja\/","og_site_name":"Filha","article_modified_time":"2021-03-30T08:55:07+00:00","og_image":[{"width":960,"height":1230,"url":"https:\/\/www.filha.fi\/wp-content\/uploads\/2019\/04\/Filha-logo.png","type":"image\/png"}],"twitter_card":"summary_large_image","twitter_misc":{"Est. reading time":"1 minute"},"schema":{"@context":"https:\/\/schema.org","@graph":[{"@type":"WebPage","@id":"https:\/\/www.filha.fi\/hankkeet\/paattyneet\/raskaus-ilman-tupakkaa\/hankkeen-aineistoja\/","url":"https:\/\/www.filha.fi\/hankkeet\/paattyneet\/raskaus-ilman-tupakkaa\/hankkeen-aineistoja\/","name":"Hankkeen aineistoja - Filha","isPartOf":{"@id":"https:\/\/www.filha.fi\/#website"},"datePublished":"2017-09-25T07:45:46+00:00","dateModified":"2021-03-30T08:55:07+00:00","breadcrumb":{"@id":"https:\/\/www.filha.fi\/hankkeet\/paattyneet\/raskaus-ilman-tupakkaa\/hankkeen-aineistoja\/#breadcrumb"},"inLanguage":"en-US","potentialAction":[{"@type":"ReadAction","target":["https:\/\/www.filha.fi\/hankkeet\/paattyneet\/raskaus-ilman-tupakkaa\/hankkeen-aineistoja\/"]}]},{"@type":"BreadcrumbList","@id":"https:\/\/www.filha.fi\/hankkeet\/paattyneet\/raskaus-ilman-tupakkaa\/hankkeen-aineistoja\/#breadcrumb","itemListElement":[{"@type":"ListItem","position":1,"name":"Home","item":"https:\/\/www.filha.fi\/"},{"@type":"ListItem","position":2,"name":"Hankkeet","item":"https:\/\/www.filha.fi\/hankkeet\/"},{"@type":"ListItem","position":3,"name":"P\u00e4\u00e4ttyneet hankkeet","item":"https:\/\/www.filha.fi\/hankkeet\/paattyneet\/"},{"@type":"ListItem","position":4,"name":"Raskaus ilman tupakkaa","item":"https:\/\/www.filha.fi\/hankkeet\/paattyneet\/raskaus-ilman-tupakkaa\/"},{"@type":"ListItem","position":5,"name":"Hankkeen aineistoja"}]},{"@type":"WebSite","@id":"https:\/\/www.filha.fi\/#website","url":"https:\/\/www.filha.fi\/","name":"Filha","description":"Expertise in lung health","publisher":{"@id":"https:\/\/www.filha.fi\/#organization"},"potentialAction":[{"@type":"SearchAction","target":{"@type":"EntryPoint","urlTemplate":"https:\/\/www.filha.fi\/?s={search_term_string}"},"query-input":{"@type":"PropertyValueSpecification","valueRequired":true,"valueName":"search_term_string"}}],"inLanguage":"en-US"},{"@type":"Organization","@id":"https:\/\/www.filha.fi\/#organization","name":"Filha ry","url":"https:\/\/www.filha.fi\/","logo":{"@type":"ImageObject","inLanguage":"en-US","@id":"https:\/\/www.filha.fi\/#\/schema\/logo\/image\/","url":"https:\/\/www.filha.fi\/wp-content\/uploads\/2019\/04\/Filha-logo.png","contentUrl":"https:\/\/www.filha.fi\/wp-content\/uploads\/2019\/04\/Filha-logo.png","width":960,"height":1230,"caption":"Filha ry"},"image":{"@id":"https:\/\/www.filha.fi\/#\/schema\/logo\/image\/"}}]}},"_links":{"self":[{"href":"https:\/\/www.filha.fi\/en\/wp-json\/wp\/v2\/pages\/244","targetHints":{"allow":["GET"]}}],"collection":[{"href":"https:\/\/www.filha.fi\/en\/wp-json\/wp\/v2\/pages"}],"about":[{"href":"https:\/\/www.filha.fi\/en\/wp-json\/wp\/v2\/types\/page"}],"author":[{"embeddable":true,"href":"https:\/\/www.filha.fi\/en\/wp-json\/wp\/v2\/users\/4"}],"replies":[{"embeddable":true,"href":"https:\/\/www.filha.fi\/en\/wp-json\/wp\/v2\/comments?post=244"}],"version-history":[{"count":0,"href":"https:\/\/www.filha.fi\/en\/wp-json\/wp\/v2\/pages\/244\/revisions"}],"up":[{"embeddable":true,"href":"https:\/\/www.filha.fi\/en\/wp-json\/wp\/v2\/pages\/231"}],"wp:attachment":[{"href":"https:\/\/www.filha.fi\/en\/wp-json\/wp\/v2\/media?parent=244"}],"wp:term":[{"taxonomy":"category","embeddable":true,"href":"https:\/\/www.filha.fi\/en\/wp-json\/wp\/v2\/categories?post=244"}],"curies":[{"name":"wp","href":"https:\/\/api.w.org\/{rel}","templated":true}]}}