{"id":247,"date":"2017-10-20T12:11:14","date_gmt":"2017-10-20T12:11:14","guid":{"rendered":"http:\/\/www.filha.fi\/content_page\/tieteellisia-julkaisuja\/"},"modified":"2023-09-13T16:48:32","modified_gmt":"2023-09-13T13:48:32","slug":"tieteellisia-julkaisuja","status":"publish","type":"page","link":"https:\/\/www.filha.fi\/en\/tuberkuloosi\/tieteellisia-julkaisuja\/","title":{"rendered":"Tieteellisi\u00e4 julkaisuja"},"content":{"rendered":"<h2>Tuberkuloosia k\u00e4sittelevi\u00e4 tieteellisi\u00e4 julkaisuja<\/h2>\n<p>2023<\/p>\n<p>Feuth T, Rajalahti I, Vasankari T, Gissler M, Rimhanen-Finne R, Finne P, Helanter\u00e4 I. <a href=\"https:\/\/pubmed.ncbi.nlm.nih.gov\/37636485\/\" target=\"_blank\" rel=\"noopener\">Tuberculosis in Kidney Transplant Recipients: A Nationwide Cohort in a Low Tuberculosis Incidence Country<\/a>. Transplant Direct. 2023 Sep; 9(9): e1527.<\/p>\n<p>Rajalahti I, Kreivi HR, Vasankari T. Miten tuberkuloosipotilaiden videovalvottua l\u00e4\u00e4kehoitoa toteutetaan? Suomen l\u00e4\u00e4k\u00e4rilehti 2023; 78: 48.<\/p>\n<p>2022<\/p>\n<p>Rajalahti I, Kreivi HR, Ollgren J, <span style=\"text-decoration: underline;\">Vasankari T<\/span>. <a href=\"https:\/\/www.tandfonline.com\/doi\/full\/10.1080\/23744235.2022.2160492\" target=\"_blank\" rel=\"noopener\">Asynchronous video supported treatment of tuberculosis is well adopted in a real-world setting \u2012 an observational study comparing two distinct applications<\/a>. Infect Dis (Lond). 2022 Dec 22:1\u20124.<\/p>\n<p>2020<\/p>\n<p>Korhonen V, Lyytik\u00e4inen O, Ollgren J, Soini H, <u>Vasankari T<\/u>, Ruutu P. <a href=\"https:\/\/pubmed.ncbi.nlm.nih.gov\/32807112\/\" target=\"_blank\" rel=\"noopener\">Risk factors affecting treatment outcomes for pulmonary tuberculosis in Finland 2007\u20132014: a national cohort study<\/a>. BMC Public Health. 2020 Aug 17;20(1):1250.<\/p>\n<p><u>Vasankari T<\/u>. Mit\u00e4 on hyv\u00e4 tiet\u00e4\u00e4 tuberkuloosista? Suomen L\u00e4\u00e4k\u00e4rilehti 2020; 21: 1264<\/p>\n<p>2019<\/p>\n<p>Hedman J, Musatova E, <u>Vasankari T<\/u>. <a href=\"https:\/\/www.duodecimlehti.fi\/lehti\/2019\/15\/duo15036?keyword=vasankari\" target=\"_blank\" rel=\"noopener\">Korvatulehdus miliaarituberkuloosin harvinaisena ilmentym\u00e4n\u00e4 ja paradoksaalisen reaktion aiheuttama mahalaukun haavauma kuolinsyyn\u00e4<\/a>. Duodecim 2019;135(15): 1403-7.<\/p>\n<p><a href=\"https:\/\/www.ncbi.nlm.nih.gov\/pubmed\/?term=Hussein%20I%5BAuthor%5D&amp;cauthor=true&amp;cauthor_uid=30325402\">Hussein I<\/a>, <a href=\"https:\/\/www.ncbi.nlm.nih.gov\/pubmed\/?term=Sane%20J%5BAuthor%5D&amp;cauthor=true&amp;cauthor_uid=30325402\">Sane J<\/a>, <a href=\"https:\/\/www.ncbi.nlm.nih.gov\/pubmed\/?term=Soini%20H%5BAuthor%5D&amp;cauthor=true&amp;cauthor_uid=30325402\">Soini H<\/a>, <a href=\"https:\/\/www.ncbi.nlm.nih.gov\/pubmed\/?term=Vasankari%20T%5BAuthor%5D&amp;cauthor=true&amp;cauthor_uid=30325402\">Vasankari T<\/a>, <a href=\"https:\/\/www.ncbi.nlm.nih.gov\/pubmed\/?term=Lyytik%C3%A4inen%20O%5BAuthor%5D&amp;cauthor=true&amp;cauthor_uid=30325402\">Lyytik\u00e4inen O<\/a>. <a href=\"https:\/\/pubmed.ncbi.nlm.nih.gov\/30325402\/\" target=\"_blank\" rel=\"noopener\">Tuberculosis knowledge, attitudes and practices: a cross-sectional study in the Somali population living in Finland<\/a>. <a href=\"https:\/\/www.ncbi.nlm.nih.gov\/pubmed\/?term=hussein%20i%20vasankari\">Eur J Public Health.<\/a> 2019 Jun 1;29(3):449-452.<\/p>\n<p>2018<\/p>\n<p>Hussein I, Sane J, Soini H, <u>Vasankari T<\/u>, Lyytik\u00e4inen O. Mit\u00e4 Suomen somaliv\u00e4est\u00f6 tiet\u00e4\u00e4 tuberkuloosista? Suomen L\u00e4\u00e4k\u00e4rilehti 2018; 73: 146 \u2013 147.<\/p>\n<p>R\u00e4is\u00e4nen PE, Soini H, Turtiainen P, <u>Vasankari T<\/u>, Ruutu P, Nuorti JP, Lyytik\u00e4inen O. Enhanced surveillance for tuberculosis among foreign-born persons, Finland, 2014\u20132016. BMC Public Health 2018, 18:610.<\/p>\n<p><u>Vasankari T<\/u>. Uusia l\u00e4\u00e4kkeit\u00e4 tuberkuloosiin. Suomen L\u00e4\u00e4k\u00e4rilehti 2018; 73: 409.<\/p>\n<p>2017<\/p>\n<p><u>Grierson S<\/u>, Kivel\u00e4 P, Soini H, R\u00e4s\u00e4nen S, Miettinen K, Marttila J, <u>Vauhkonen M<\/u>, <u>Vasankari T<\/u>. Maahanmuuttajien keuhkotuberkuloosin seulonta on k\u00e4ynnistynyt hitaasti. L\u00e4\u00e4k\u00e4rilehti 2016;7:452-453.<\/p>\n<p><u>Rajalahti I<\/u>, Ruutu P, Virtanen M, Salo E, J\u00e4rvinen A, <u>Vasankari T<\/u>, Soini H. Tuberkuloosin haasteet muuttuvat. L\u00e4\u00e4k\u00e4rilehti 2017;23:1489-1494.<\/p>\n<p>2016<\/p>\n<p>Korhonen V, Smit P, Haanper\u00e4 M, Casali N, Ruutu P, <u>Vasankari T<\/u>, Soini H. <a href=\"https:\/\/www.clinicalmicrobiologyandinfection.com\/article\/S1198-743X(16)30029-5\/fulltext\" target=\"_blank\" rel=\"noopener\">Whole genome analysis of <em>Mycobacterium tuberculosis<\/em> isolates from recurrent episodes of tuberculosis, Finland, 1995-2013<\/a>. Clinical Microbiology and Infection. Epub 2016 March 25.<\/p>\n<p>Mattila T, Heli\u00f6vaara M, Rissanen H, Knekt P, Puukka P, <u>Vasankari T<\/u>. <a href=\"https:\/\/www.ncbi.nlm.nih.gov\/pubmed\/27880044\" target=\"_blank\" rel=\"noopener noreferrer\">Tuberculosis, Airway Obstruction and Mortality in a Finnish Population.<\/a> COPD. 2016 Nov 23:1-7.<\/p>\n<p>Soini H, Kotilainen H, Marttila H, Marttila J, Pietik\u00e4inen R, Ruotsalainen E, Smit P, Valve K, <u>Vasankari T<\/u>, Lyytik\u00e4inen O. Tunnista tuberkuloosi &#8211; ehk\u00e4ise epidemia. Duodecim. 2016;132(7):654-660.<\/p>\n<h3>Muut julkaisut:<\/h3>\n<p><u>Grierson S<\/u>, Laitala M, Pyykk\u00f6 A, <u>Rajalahti I<\/u>, Seitsamo S, Vesaluoma H. Ent\u00e4 jos se on tubi? Sairaanhoitajaplus 2016:4.<\/p>\n<p>Jaakola S, Lyytik\u00e4inen O, Rimhanen-Finne R, Salmenlinna S, Pirhonen J, Savolainen-Kopra C, Liitsola K, Jalava J, Toropainen M, Nohynek H, Virtanen M, L\u00f6flund J-E, Kuusi M, Salminen M. <a href=\"http:\/\/urn.fi\/URN:ISBN:978-952-302-672-8\" target=\"_blank\" rel=\"noopener\">Tartuntataudit Suomessa 2015.<\/a> THL 2016.<\/p>\n<p>2015<\/p>\n<p>Smit PW, <u>Vasankari T<\/u>, Aaltonen H, Haanper\u00e4 M, Casali N, Marttila H, Marttila J, Ojanen P, Ruohola A, Ruutu P, Drobniewski F, Lyytik\u00e4inen O, Soini H. <a href=\"http:\/\/www.ncbi.nlm.nih.gov\/pubmed\/25323236\" target=\"_blank\" rel=\"noopener noreferrer\">Enhanced tuberculosis outbreak investigation using whole genome sequencing and IGRA.<\/a> Eur Respir J. 2015; 45:276-279.<\/p>\n<p>G\u00fcnther G, Gomez GB, Lange C, Rupert S, van Leth F; Andrejak C, Pieridou-Bagatzouni D, Anderson AB, Bojovic O, Bothamley G, Bruchfeld J, Codecasa LR, Danilovits M, Davidaviciene E, Dalemo P, Dimopoulos G, Duarte R, Hafizi H, Horvath I, Eyuboglu F, Ibraim E, Jankovic M, Kan B, Kopecka E, Kruczak K, Kutsyna G, de Lange W, Leimane V, Mack U, Manzano JR, Markova R, McDonald C, McLaughlin AM, Mulliqi G, Muylle I, Pesut D, Polcova V, Rumetshofer R, Rusu D, Skrahina A, Spiric N, Solovic I, Svetina-Sorli P, Vasakova M, Vasankari T, Viiklepp P, Wirz G, Zakoska M, Zellweger JP. Availability, price and affordability of anti-tuberculosis drugs in Europe: a TBNET survey. Eur Respir J. 2015; 45:1081-8.<\/p>\n<p>L\u00f6nnroth K, Migliori GB, Abubakar I, D&#8217;Ambrosio L, de Vries G, Diel R, Douglas P, Falzon D, Gaudreau MA, Goletti D, Gonz\u00e1lez Ochoa ER, LoBue P, Matteelli A, Njoo H, Solovic I, Story A, Tayeb T, van der Werf MJ, Weil D, Zellweger JP, Abdel Aziz M, Al Lawati MR, Aliberti S, Arrazola de O\u00f1ate W, Barreira D, Bhatia V, Blasi F, Bloom A, Bruchfeld J, Castelli F, Centis R, Chemtob D, Cirillo DM, Colorado A, Dadu A, Dahle UR, De Paoli L, Dias HM, Duarte R, Fattorini L, Gaga M, Getahun H, Glaziou P, Goguadze L, Del Granado M, Haas W, J\u00e4rvinen A, Kwon GY, Mosca D, Nahid P, Nishikiori N, Noguer I, O&#8217;Donnell J, Pace-Asciak A, Pompa MG, Popescu GG, Robalo Cordeiro C, R\u00f8nning K, Ruhwald M, Sculier JP, Simunovi\u0107 A, Smith-Palmer A, Sotgiu G, Sulis G, Torres-Duque CA, Umeki K, Uplekar M, van Weezenbeek C,<u> Vasankari T<\/u>, Vitillo RJ, Voniatis C, Wanlin M, Raviglione MC. Towards tuberculosis elimination: an action framework for low-incidence countries. Eur Respir J 2015; 45:928-952.<\/p>\n<p>R\u00e4is\u00e4nen PE, Soini H, Vasankari T, Smit PW, Nuorti JP, Ollgren J, Ruutu P, Lyytik\u00e4inen O. Tuberculosis in immigrants in Finland, 1995-2013. Epidemiol Infect. 2016 Jan;144(2):425-33. doi: 10.1017\/S0950268815001508. Epub 2015 Jul 2.<\/p>\n<p>Sergeyev B, KazanetsI, Ivanova L, Zhuravleva I, Isaeva N, <u>Vasankari T<\/u>, <u>Nyberg A<\/u>, <u>Vauhkonen M<\/u>. Labor migrants in St Petersburg: disease awareness, behavioral risks and counseling by health professionals in building up prevention against TB, HIV and associated infections. J Public Health 2015; 23:213\u2013221<\/p>\n<p>Vasankari T, J\u00e4rvinen A. Tuberkuloosin hoito vaatii osaamista. Suomen L\u00e4\u00e4k\u00e4rilehti 2015; 37: 2299.<\/p>\n<h3>Muut julkaisut<\/h3>\n<p><u>Vasankari T<\/u>. Tartuntataudit Suomessa 2014, mykobakteeri-infektiot, : ISBN:978-952-302-481-6.<\/p>\n<p>European Centre for Disease Prevention and Control. Expert Opinion on the introduction of new drugs for tuberculosis control in the EU\/EEA (chair of expert panel <u>T. Vasankari<\/u>). Stockholm: ECDC; 2015.<\/p>\n","protected":false},"excerpt":{"rendered":"<p>Tuberkuloosia k\u00e4sittelevi\u00e4 tieteellisi\u00e4 julkaisuja 2023 Feuth T, Rajalahti I, Vasankari T, Gissler M, Rimhanen-Finne R, Finne P, Helanter\u00e4 I. Tuberculosis in Kidney Transplant Recipients: A Nationwide Cohort in a Low &#8230; <a title=\"Tieteellisi\u00e4 julkaisuja\" class=\"read-more\" href=\"https:\/\/www.filha.fi\/en\/tuberkuloosi\/tieteellisia-julkaisuja\/\" aria-label=\"Read more about Tieteellisi\u00e4 julkaisuja\">Read more<\/a><\/p>\n","protected":false},"author":4,"featured_media":0,"parent":113,"menu_order":0,"comment_status":"closed","ping_status":"closed","template":"","meta":{"_acf_changed":false,"footnotes":""},"categories":[3,47],"class_list":["post-247","page","type-page","status-publish","category-tuberkuloosi","category-tuula"],"translation":{"provider":"WPGlobus","version":"3.0.2","language":"en","enabled_languages":["fi","en"],"languages":{"fi":{"title":true,"content":true,"excerpt":false},"en":{"title":false,"content":false,"excerpt":false}}},"acf":[],"yoast_head":"<!-- This site is optimized with the Yoast SEO plugin v27.4 - https:\/\/yoast.com\/product\/yoast-seo-wordpress\/ -->\n<title>Tieteellisi\u00e4 julkaisuja - Filha<\/title>\n<meta name=\"robots\" content=\"index, follow, max-snippet:-1, max-image-preview:large, max-video-preview:-1\" \/>\n<link rel=\"canonical\" href=\"https:\/\/www.filha.fi\/tuberkuloosi\/tieteellisia-julkaisuja\/\" \/>\n<meta property=\"og:locale\" content=\"en_US\" \/>\n<meta property=\"og:type\" content=\"article\" \/>\n<meta property=\"og:title\" content=\"Tieteellisi\u00e4 julkaisuja - Filha\" \/>\n<meta property=\"og:url\" content=\"https:\/\/www.filha.fi\/tuberkuloosi\/tieteellisia-julkaisuja\/\" \/>\n<meta property=\"og:site_name\" content=\"Filha\" \/>\n<meta property=\"article:modified_time\" content=\"2023-09-13T13:48:32+00:00\" \/>\n<meta property=\"og:image\" content=\"https:\/\/www.filha.fi\/wp-content\/uploads\/2019\/04\/Filha-logo.png\" \/>\n\t<meta property=\"og:image:width\" content=\"960\" \/>\n\t<meta property=\"og:image:height\" content=\"1230\" \/>\n\t<meta property=\"og:image:type\" content=\"image\/png\" \/>\n<meta name=\"twitter:card\" content=\"summary_large_image\" \/>\n<meta name=\"twitter:label1\" content=\"Est. reading time\" \/>\n\t<meta name=\"twitter:data1\" content=\"6 minutes\" \/>\n<script type=\"application\/ld+json\" class=\"yoast-schema-graph\">{\"@context\":\"https:\\\/\\\/schema.org\",\"@graph\":[{\"@type\":\"WebPage\",\"@id\":\"https:\\\/\\\/www.filha.fi\\\/tuberkuloosi\\\/tieteellisia-julkaisuja\\\/\",\"url\":\"https:\\\/\\\/www.filha.fi\\\/tuberkuloosi\\\/tieteellisia-julkaisuja\\\/\",\"name\":\"Tieteellisi\u00e4 julkaisuja - Filha\",\"isPartOf\":{\"@id\":\"https:\\\/\\\/www.filha.fi\\\/#website\"},\"datePublished\":\"2017-10-20T12:11:14+00:00\",\"dateModified\":\"2023-09-13T13:48:32+00:00\",\"breadcrumb\":{\"@id\":\"https:\\\/\\\/www.filha.fi\\\/tuberkuloosi\\\/tieteellisia-julkaisuja\\\/#breadcrumb\"},\"inLanguage\":\"en-US\",\"potentialAction\":[{\"@type\":\"ReadAction\",\"target\":[\"https:\\\/\\\/www.filha.fi\\\/tuberkuloosi\\\/tieteellisia-julkaisuja\\\/\"]}]},{\"@type\":\"BreadcrumbList\",\"@id\":\"https:\\\/\\\/www.filha.fi\\\/tuberkuloosi\\\/tieteellisia-julkaisuja\\\/#breadcrumb\",\"itemListElement\":[{\"@type\":\"ListItem\",\"position\":1,\"name\":\"Home\",\"item\":\"https:\\\/\\\/www.filha.fi\\\/\"},{\"@type\":\"ListItem\",\"position\":2,\"name\":\"Tuberkuloosi\",\"item\":\"https:\\\/\\\/www.filha.fi\\\/tuberkuloosi\\\/\"},{\"@type\":\"ListItem\",\"position\":3,\"name\":\"Tieteellisi\u00e4 julkaisuja\"}]},{\"@type\":\"WebSite\",\"@id\":\"https:\\\/\\\/www.filha.fi\\\/#website\",\"url\":\"https:\\\/\\\/www.filha.fi\\\/\",\"name\":\"Filha\",\"description\":\"Expertise in lung health\",\"publisher\":{\"@id\":\"https:\\\/\\\/www.filha.fi\\\/#organization\"},\"potentialAction\":[{\"@type\":\"SearchAction\",\"target\":{\"@type\":\"EntryPoint\",\"urlTemplate\":\"https:\\\/\\\/www.filha.fi\\\/?s={search_term_string}\"},\"query-input\":{\"@type\":\"PropertyValueSpecification\",\"valueRequired\":true,\"valueName\":\"search_term_string\"}}],\"inLanguage\":\"en-US\"},{\"@type\":\"Organization\",\"@id\":\"https:\\\/\\\/www.filha.fi\\\/#organization\",\"name\":\"Filha ry\",\"url\":\"https:\\\/\\\/www.filha.fi\\\/\",\"logo\":{\"@type\":\"ImageObject\",\"inLanguage\":\"en-US\",\"@id\":\"https:\\\/\\\/www.filha.fi\\\/#\\\/schema\\\/logo\\\/image\\\/\",\"url\":\"https:\\\/\\\/www.filha.fi\\\/wp-content\\\/uploads\\\/2019\\\/04\\\/Filha-logo.png\",\"contentUrl\":\"https:\\\/\\\/www.filha.fi\\\/wp-content\\\/uploads\\\/2019\\\/04\\\/Filha-logo.png\",\"width\":960,\"height\":1230,\"caption\":\"Filha ry\"},\"image\":{\"@id\":\"https:\\\/\\\/www.filha.fi\\\/#\\\/schema\\\/logo\\\/image\\\/\"}}]}<\/script>\n<!-- \/ Yoast SEO plugin. -->","yoast_head_json":{"title":"Tieteellisi\u00e4 julkaisuja - Filha","robots":{"index":"index","follow":"follow","max-snippet":"max-snippet:-1","max-image-preview":"max-image-preview:large","max-video-preview":"max-video-preview:-1"},"canonical":"https:\/\/www.filha.fi\/tuberkuloosi\/tieteellisia-julkaisuja\/","og_locale":"en_US","og_type":"article","og_title":"Tieteellisi\u00e4 julkaisuja - Filha","og_url":"https:\/\/www.filha.fi\/tuberkuloosi\/tieteellisia-julkaisuja\/","og_site_name":"Filha","article_modified_time":"2023-09-13T13:48:32+00:00","og_image":[{"width":960,"height":1230,"url":"https:\/\/www.filha.fi\/wp-content\/uploads\/2019\/04\/Filha-logo.png","type":"image\/png"}],"twitter_card":"summary_large_image","twitter_misc":{"Est. reading time":"6 minutes"},"schema":{"@context":"https:\/\/schema.org","@graph":[{"@type":"WebPage","@id":"https:\/\/www.filha.fi\/tuberkuloosi\/tieteellisia-julkaisuja\/","url":"https:\/\/www.filha.fi\/tuberkuloosi\/tieteellisia-julkaisuja\/","name":"Tieteellisi\u00e4 julkaisuja - Filha","isPartOf":{"@id":"https:\/\/www.filha.fi\/#website"},"datePublished":"2017-10-20T12:11:14+00:00","dateModified":"2023-09-13T13:48:32+00:00","breadcrumb":{"@id":"https:\/\/www.filha.fi\/tuberkuloosi\/tieteellisia-julkaisuja\/#breadcrumb"},"inLanguage":"en-US","potentialAction":[{"@type":"ReadAction","target":["https:\/\/www.filha.fi\/tuberkuloosi\/tieteellisia-julkaisuja\/"]}]},{"@type":"BreadcrumbList","@id":"https:\/\/www.filha.fi\/tuberkuloosi\/tieteellisia-julkaisuja\/#breadcrumb","itemListElement":[{"@type":"ListItem","position":1,"name":"Home","item":"https:\/\/www.filha.fi\/"},{"@type":"ListItem","position":2,"name":"Tuberkuloosi","item":"https:\/\/www.filha.fi\/tuberkuloosi\/"},{"@type":"ListItem","position":3,"name":"Tieteellisi\u00e4 julkaisuja"}]},{"@type":"WebSite","@id":"https:\/\/www.filha.fi\/#website","url":"https:\/\/www.filha.fi\/","name":"Filha","description":"Expertise in lung health","publisher":{"@id":"https:\/\/www.filha.fi\/#organization"},"potentialAction":[{"@type":"SearchAction","target":{"@type":"EntryPoint","urlTemplate":"https:\/\/www.filha.fi\/?s={search_term_string}"},"query-input":{"@type":"PropertyValueSpecification","valueRequired":true,"valueName":"search_term_string"}}],"inLanguage":"en-US"},{"@type":"Organization","@id":"https:\/\/www.filha.fi\/#organization","name":"Filha ry","url":"https:\/\/www.filha.fi\/","logo":{"@type":"ImageObject","inLanguage":"en-US","@id":"https:\/\/www.filha.fi\/#\/schema\/logo\/image\/","url":"https:\/\/www.filha.fi\/wp-content\/uploads\/2019\/04\/Filha-logo.png","contentUrl":"https:\/\/www.filha.fi\/wp-content\/uploads\/2019\/04\/Filha-logo.png","width":960,"height":1230,"caption":"Filha ry"},"image":{"@id":"https:\/\/www.filha.fi\/#\/schema\/logo\/image\/"}}]}},"_links":{"self":[{"href":"https:\/\/www.filha.fi\/en\/wp-json\/wp\/v2\/pages\/247","targetHints":{"allow":["GET"]}}],"collection":[{"href":"https:\/\/www.filha.fi\/en\/wp-json\/wp\/v2\/pages"}],"about":[{"href":"https:\/\/www.filha.fi\/en\/wp-json\/wp\/v2\/types\/page"}],"author":[{"embeddable":true,"href":"https:\/\/www.filha.fi\/en\/wp-json\/wp\/v2\/users\/4"}],"replies":[{"embeddable":true,"href":"https:\/\/www.filha.fi\/en\/wp-json\/wp\/v2\/comments?post=247"}],"version-history":[{"count":0,"href":"https:\/\/www.filha.fi\/en\/wp-json\/wp\/v2\/pages\/247\/revisions"}],"up":[{"embeddable":true,"href":"https:\/\/www.filha.fi\/en\/wp-json\/wp\/v2\/pages\/113"}],"wp:attachment":[{"href":"https:\/\/www.filha.fi\/en\/wp-json\/wp\/v2\/media?parent=247"}],"wp:term":[{"taxonomy":"category","embeddable":true,"href":"https:\/\/www.filha.fi\/en\/wp-json\/wp\/v2\/categories?post=247"}],"curies":[{"name":"wp","href":"https:\/\/api.w.org\/{rel}","templated":true}]}}