{"id":2898,"date":"2019-10-10T10:39:08","date_gmt":"2019-10-10T07:39:08","guid":{"rendered":"https:\/\/www.filha.fi\/?page_id=2898"},"modified":"2026-04-30T12:11:28","modified_gmt":"2026-04-30T09:11:28","slug":"tartunnanjaljitys","status":"publish","type":"page","link":"https:\/\/www.filha.fi\/en\/tuberkuloosi\/tartunnanjaljitys\/","title":{"rendered":"Tartunnanj\u00e4ljitys"},"content":{"rendered":"<p>Tartunnanj\u00e4ljitys on tartuntatautilain mukaista toimintaa. Sairastuneiden toteamisen ja hoidon ohella tartunnanj\u00e4ljitys on t\u00e4rkeimpi\u00e4 toimenpiteit\u00e4 taudin levi\u00e4misen est\u00e4miseksi v\u00e4est\u00f6ss\u00e4.<\/p>\n<p>Tuberkuloosipotilaan l\u00e4hipiirist\u00e4 etsit\u00e4\u00e4n muita sairastuneita ja tartunnan saaneita ja pyrit\u00e4\u00e4n katkaisemaan tartuntaketjut. Jos kyseess\u00e4 on lapsen tai nuoren aikuisen tuberkuloosi, etsit\u00e4\u00e4n my\u00f6s tartunnan l\u00e4hdett\u00e4.<\/p>\n<p>Tavoitteena on my\u00f6s m\u00e4\u00e4ritt\u00e4\u00e4 tartunnan saaneet alle 35-vuotiaat, joille voidaan antaa l\u00e4\u00e4kehoito sairastumisen ehk\u00e4isemiseksi.<\/p>\n<p><a href=\"https:\/\/www.filha.fi\/wp-content\/uploads\/2026\/04\/Suositus-tuberkuloosin-tartunnanjaljityksesta-2026_03_04.pdf\" target=\"_blank\">Suositus tuberkuloosin tartunnanj\u00e4ljityksest\u00e4<\/a><br \/>\nSuositus kopioitu THL:n sivuilta maaliskuussa 2026.<\/p>\n<p><a href=\"https:\/\/tuberkuloosi.fi\/olenko-vaarassa\/tartunnanjaljitys\/\" target=\"_blank\" rel=\"noopener\">tuberkuloosi.fi-sivustolla on v\u00e4est\u00f6lle tietoa tuberkuloosin tartunnanj\u00e4ljityksest\u00e4.<\/a><\/p>\n<h2>Ammattilaisille suunnattun tartunnanj\u00e4ljityskoulutuksen (2019) esitykset:<\/h2>\n<p><a href=\"https:\/\/www.filha.fi\/wp-content\/uploads\/2019\/10\/Marttila-Altistuneiden-LTBIn-tutkimukset-ja-hoito.pdf\" target=\"_blank\" rel=\"noopener\">Marttila- Tuberkuloosi altistuneiden tutkimukset, hoito ja IGRA testaus<\/a><\/p>\n<p><a href=\"https:\/\/www.filha.fi\/wp-content\/uploads\/2019\/10\/Rajalahti-Tuberkuloosin-tartunnanj\u00e4ljityst\u00e4-hallitusti.pdf\" target=\"_blank\" rel=\"noopener\">Rajalahti \u2013 Tuberkuloosin tartunnanj\u00e4ljityst\u00e4 hallitusti<\/a><\/p>\n<p><a href=\"https:\/\/www.filha.fi\/wp-content\/uploads\/2019\/10\/Soini-Tartuntatautilaki-ja-tuberkuloosi.pdf\" target=\"_blank\" rel=\"noopener\">Soini- Tartuntatautilaki ja tuberkuloosi<\/a><\/p>\n<p><a href=\"https:\/\/www.filha.fi\/wp-content\/uploads\/2024\/01\/Tartunnanjaljitys-koulutusten-kysymyksia-ja-vastauksia.pdf\" target=\"_blank\" rel=\"noopener\">Tartunnanj\u00e4ljitys -koulutusten kysymyksi\u00e4 ja vastauksia<\/a><\/p>\n<p>&nbsp;<\/p>\n","protected":false},"excerpt":{"rendered":"<p>Tartunnanj\u00e4ljitys on tartuntatautilain mukaista toimintaa. Sairastuneiden toteamisen ja hoidon ohella tartunnanj\u00e4ljitys on t\u00e4rkeimpi\u00e4 toimenpiteit\u00e4 taudin levi\u00e4misen est\u00e4miseksi v\u00e4est\u00f6ss\u00e4. Tuberkuloosipotilaan l\u00e4hipiirist\u00e4 etsit\u00e4\u00e4n muita sairastuneita ja tartunnan saaneita ja pyrit\u00e4\u00e4n katkaisemaan tartuntaketjut. &#8230; <a title=\"Tartunnanj\u00e4ljitys\" class=\"read-more\" href=\"https:\/\/www.filha.fi\/en\/tuberkuloosi\/tartunnanjaljitys\/\" aria-label=\"Read more about Tartunnanj\u00e4ljitys\">Read more<\/a><\/p>\n","protected":false},"author":4,"featured_media":0,"parent":113,"menu_order":0,"comment_status":"closed","ping_status":"closed","template":"","meta":{"_acf_changed":false,"footnotes":""},"categories":[84,3],"class_list":["post-2898","page","type-page","status-publish","category-marianne","category-tuberkuloosi"],"translation":{"provider":"WPGlobus","version":"3.0.2","language":"en","enabled_languages":["fi","en"],"languages":{"fi":{"title":true,"content":true,"excerpt":false},"en":{"title":false,"content":false,"excerpt":false}}},"acf":[],"yoast_head":"<!-- This site is optimized with the Yoast SEO plugin v27.5 - https:\/\/yoast.com\/product\/yoast-seo-wordpress\/ -->\n<title>Tartunnanj\u00e4ljitys - Filha<\/title>\n<meta name=\"robots\" content=\"index, follow, max-snippet:-1, max-image-preview:large, max-video-preview:-1\" \/>\n<link rel=\"canonical\" href=\"https:\/\/www.filha.fi\/tuberkuloosi\/tartunnanjaljitys\/\" \/>\n<meta property=\"og:locale\" content=\"en_US\" \/>\n<meta property=\"og:type\" content=\"article\" \/>\n<meta property=\"og:title\" content=\"Tartunnanj\u00e4ljitys - Filha\" \/>\n<meta property=\"og:url\" content=\"https:\/\/www.filha.fi\/tuberkuloosi\/tartunnanjaljitys\/\" \/>\n<meta property=\"og:site_name\" content=\"Filha\" \/>\n<meta property=\"article:modified_time\" content=\"2026-04-30T09:11:28+00:00\" \/>\n<meta property=\"og:image\" content=\"https:\/\/www.filha.fi\/wp-content\/uploads\/2019\/04\/Filha-logo.png\" \/>\n\t<meta property=\"og:image:width\" content=\"960\" \/>\n\t<meta property=\"og:image:height\" content=\"1230\" \/>\n\t<meta property=\"og:image:type\" content=\"image\/png\" \/>\n<meta name=\"twitter:card\" content=\"summary_large_image\" \/>\n<meta name=\"twitter:label1\" content=\"Est. reading time\" \/>\n\t<meta name=\"twitter:data1\" content=\"1 minute\" \/>\n<script type=\"application\/ld+json\" class=\"yoast-schema-graph\">{\"@context\":\"https:\\\/\\\/schema.org\",\"@graph\":[{\"@type\":\"WebPage\",\"@id\":\"https:\\\/\\\/www.filha.fi\\\/tuberkuloosi\\\/tartunnanjaljitys\\\/\",\"url\":\"https:\\\/\\\/www.filha.fi\\\/tuberkuloosi\\\/tartunnanjaljitys\\\/\",\"name\":\"Tartunnanj\u00e4ljitys - Filha\",\"isPartOf\":{\"@id\":\"https:\\\/\\\/www.filha.fi\\\/#website\"},\"datePublished\":\"2019-10-10T07:39:08+00:00\",\"dateModified\":\"2026-04-30T09:11:28+00:00\",\"breadcrumb\":{\"@id\":\"https:\\\/\\\/www.filha.fi\\\/tuberkuloosi\\\/tartunnanjaljitys\\\/#breadcrumb\"},\"inLanguage\":\"en-US\",\"potentialAction\":[{\"@type\":\"ReadAction\",\"target\":[\"https:\\\/\\\/www.filha.fi\\\/tuberkuloosi\\\/tartunnanjaljitys\\\/\"]}]},{\"@type\":\"BreadcrumbList\",\"@id\":\"https:\\\/\\\/www.filha.fi\\\/tuberkuloosi\\\/tartunnanjaljitys\\\/#breadcrumb\",\"itemListElement\":[{\"@type\":\"ListItem\",\"position\":1,\"name\":\"Home\",\"item\":\"https:\\\/\\\/www.filha.fi\\\/\"},{\"@type\":\"ListItem\",\"position\":2,\"name\":\"Tuberkuloosi\",\"item\":\"https:\\\/\\\/www.filha.fi\\\/tuberkuloosi\\\/\"},{\"@type\":\"ListItem\",\"position\":3,\"name\":\"Tartunnanj\u00e4ljitys\"}]},{\"@type\":\"WebSite\",\"@id\":\"https:\\\/\\\/www.filha.fi\\\/#website\",\"url\":\"https:\\\/\\\/www.filha.fi\\\/\",\"name\":\"Filha\",\"description\":\"Expertise in lung health\",\"publisher\":{\"@id\":\"https:\\\/\\\/www.filha.fi\\\/#organization\"},\"potentialAction\":[{\"@type\":\"SearchAction\",\"target\":{\"@type\":\"EntryPoint\",\"urlTemplate\":\"https:\\\/\\\/www.filha.fi\\\/?s={search_term_string}\"},\"query-input\":{\"@type\":\"PropertyValueSpecification\",\"valueRequired\":true,\"valueName\":\"search_term_string\"}}],\"inLanguage\":\"en-US\"},{\"@type\":\"Organization\",\"@id\":\"https:\\\/\\\/www.filha.fi\\\/#organization\",\"name\":\"Filha ry\",\"url\":\"https:\\\/\\\/www.filha.fi\\\/\",\"logo\":{\"@type\":\"ImageObject\",\"inLanguage\":\"en-US\",\"@id\":\"https:\\\/\\\/www.filha.fi\\\/#\\\/schema\\\/logo\\\/image\\\/\",\"url\":\"https:\\\/\\\/www.filha.fi\\\/wp-content\\\/uploads\\\/2019\\\/04\\\/Filha-logo.png\",\"contentUrl\":\"https:\\\/\\\/www.filha.fi\\\/wp-content\\\/uploads\\\/2019\\\/04\\\/Filha-logo.png\",\"width\":960,\"height\":1230,\"caption\":\"Filha ry\"},\"image\":{\"@id\":\"https:\\\/\\\/www.filha.fi\\\/#\\\/schema\\\/logo\\\/image\\\/\"}}]}<\/script>\n<!-- \/ Yoast SEO plugin. -->","yoast_head_json":{"title":"Tartunnanj\u00e4ljitys - Filha","robots":{"index":"index","follow":"follow","max-snippet":"max-snippet:-1","max-image-preview":"max-image-preview:large","max-video-preview":"max-video-preview:-1"},"canonical":"https:\/\/www.filha.fi\/tuberkuloosi\/tartunnanjaljitys\/","og_locale":"en_US","og_type":"article","og_title":"Tartunnanj\u00e4ljitys - Filha","og_url":"https:\/\/www.filha.fi\/tuberkuloosi\/tartunnanjaljitys\/","og_site_name":"Filha","article_modified_time":"2026-04-30T09:11:28+00:00","og_image":[{"width":960,"height":1230,"url":"https:\/\/www.filha.fi\/wp-content\/uploads\/2019\/04\/Filha-logo.png","type":"image\/png"}],"twitter_card":"summary_large_image","twitter_misc":{"Est. reading time":"1 minute"},"schema":{"@context":"https:\/\/schema.org","@graph":[{"@type":"WebPage","@id":"https:\/\/www.filha.fi\/tuberkuloosi\/tartunnanjaljitys\/","url":"https:\/\/www.filha.fi\/tuberkuloosi\/tartunnanjaljitys\/","name":"Tartunnanj\u00e4ljitys - Filha","isPartOf":{"@id":"https:\/\/www.filha.fi\/#website"},"datePublished":"2019-10-10T07:39:08+00:00","dateModified":"2026-04-30T09:11:28+00:00","breadcrumb":{"@id":"https:\/\/www.filha.fi\/tuberkuloosi\/tartunnanjaljitys\/#breadcrumb"},"inLanguage":"en-US","potentialAction":[{"@type":"ReadAction","target":["https:\/\/www.filha.fi\/tuberkuloosi\/tartunnanjaljitys\/"]}]},{"@type":"BreadcrumbList","@id":"https:\/\/www.filha.fi\/tuberkuloosi\/tartunnanjaljitys\/#breadcrumb","itemListElement":[{"@type":"ListItem","position":1,"name":"Home","item":"https:\/\/www.filha.fi\/"},{"@type":"ListItem","position":2,"name":"Tuberkuloosi","item":"https:\/\/www.filha.fi\/tuberkuloosi\/"},{"@type":"ListItem","position":3,"name":"Tartunnanj\u00e4ljitys"}]},{"@type":"WebSite","@id":"https:\/\/www.filha.fi\/#website","url":"https:\/\/www.filha.fi\/","name":"Filha","description":"Expertise in lung health","publisher":{"@id":"https:\/\/www.filha.fi\/#organization"},"potentialAction":[{"@type":"SearchAction","target":{"@type":"EntryPoint","urlTemplate":"https:\/\/www.filha.fi\/?s={search_term_string}"},"query-input":{"@type":"PropertyValueSpecification","valueRequired":true,"valueName":"search_term_string"}}],"inLanguage":"en-US"},{"@type":"Organization","@id":"https:\/\/www.filha.fi\/#organization","name":"Filha ry","url":"https:\/\/www.filha.fi\/","logo":{"@type":"ImageObject","inLanguage":"en-US","@id":"https:\/\/www.filha.fi\/#\/schema\/logo\/image\/","url":"https:\/\/www.filha.fi\/wp-content\/uploads\/2019\/04\/Filha-logo.png","contentUrl":"https:\/\/www.filha.fi\/wp-content\/uploads\/2019\/04\/Filha-logo.png","width":960,"height":1230,"caption":"Filha ry"},"image":{"@id":"https:\/\/www.filha.fi\/#\/schema\/logo\/image\/"}}]}},"_links":{"self":[{"href":"https:\/\/www.filha.fi\/en\/wp-json\/wp\/v2\/pages\/2898","targetHints":{"allow":["GET"]}}],"collection":[{"href":"https:\/\/www.filha.fi\/en\/wp-json\/wp\/v2\/pages"}],"about":[{"href":"https:\/\/www.filha.fi\/en\/wp-json\/wp\/v2\/types\/page"}],"author":[{"embeddable":true,"href":"https:\/\/www.filha.fi\/en\/wp-json\/wp\/v2\/users\/4"}],"replies":[{"embeddable":true,"href":"https:\/\/www.filha.fi\/en\/wp-json\/wp\/v2\/comments?post=2898"}],"version-history":[{"count":3,"href":"https:\/\/www.filha.fi\/en\/wp-json\/wp\/v2\/pages\/2898\/revisions"}],"predecessor-version":[{"id":35091,"href":"https:\/\/www.filha.fi\/en\/wp-json\/wp\/v2\/pages\/2898\/revisions\/35091"}],"up":[{"embeddable":true,"href":"https:\/\/www.filha.fi\/en\/wp-json\/wp\/v2\/pages\/113"}],"wp:attachment":[{"href":"https:\/\/www.filha.fi\/en\/wp-json\/wp\/v2\/media?parent=2898"}],"wp:term":[{"taxonomy":"category","embeddable":true,"href":"https:\/\/www.filha.fi\/en\/wp-json\/wp\/v2\/categories?post=2898"}],"curies":[{"name":"wp","href":"https:\/\/api.w.org\/{rel}","templated":true}]}}