{"id":29319,"date":"2023-10-12T12:14:10","date_gmt":"2023-10-12T09:14:10","guid":{"rendered":"https:\/\/www.filha.fi\/?page_id=29319"},"modified":"2025-09-08T13:08:10","modified_gmt":"2025-09-08T10:08:10","slug":"elo-tutkimus","status":"publish","type":"page","link":"https:\/\/www.filha.fi\/en\/elo-tutkimus\/","title":{"rendered":"ELO-tutkimus"},"content":{"rendered":"<h2>Tutkimus elintapojen ja liikkumisen vaikutuksista uniapneaan<\/h2>\n<p>ELO-tutkimuksessa (Elintavat ja liikkuminen osana uniapnean hoitoa) selvitet\u00e4\u00e4n yksil\u00f6llisesti r\u00e4\u00e4t\u00e4l\u00f6idyn elintapaintervention vaikutuksia obstruktiivisen uniapnean vaikeusasteeseen ja oireisiin ylipainoisilla CPAP-hoitoa saavilla aikuisilla. Lis\u00e4ksi tarkastellaan el\u00e4m\u00e4nlaatua, elintapoja (erityisesti fyysinen aktiivisuus ja paikallaanolo) sek\u00e4 niiss\u00e4 mahdollisesti tapahtuvien muutosten pysyvyytt\u00e4, fyysist\u00e4 suorituskyky\u00e4 ja kehonkoostumusta. Tietoa saadaan my\u00f6s mm. siit\u00e4, mitk\u00e4 tekij\u00e4t ennustavat k\u00e4ytt\u00e4ytymisen muutosta. My\u00f6hemm\u00e4ss\u00e4 vaiheessa tarkastellaan my\u00f6s liit\u00e4nn\u00e4issairauksien ilmaantumista ja kustannusvaikuttavuutta. Tutkimus on rekister\u00f6ity Clinical Trials -tietokantaan tunnisteella <a href=\"https:\/\/clinicaltrials.gov\/study\/NCT06382883?locStr=Jyv%C3%A4skyl%C3%A4,%20Finland&amp;country=Finland&amp;state=Central%20Finland&amp;city=Jyv%C3%A4skyl%C3%A4&amp;cond=Sleep%20Apnea,%20Obstructive&amp;rank=1\" target=\"_blank\" rel=\"noopener\">NCT06382883<\/a>.<\/p>\n<p>Tutkimuksella on Keski-Suomen hyvinvointialueen eettisen lautakunnan puolto, ja tutkimuslupa on vuosille 2023-2035. Filha toteuttaa tutkimuksen yhteisty\u00f6ss\u00e4 Keski-Suomen hyvinvointialueen, Jyv\u00e4skyl\u00e4n yliopiston liikuntatieteellisen tiedekunnan ja Hengitysliiton kanssa. Tutkimusprojektin aineistosta tullaan tekem\u00e4\u00e4n v\u00e4it\u00f6skirja.<\/p>\n<p><img decoding=\"async\" class=\" wp-image-11421 alignnone\" src=\"https:\/\/www.filha.fi\/wp-content\/uploads\/2022\/01\/Filha-Logo-80-x-100-px-1.png\" alt=\"Filha logo\" width=\"41\" height=\"52\" \/>\u00a0 \u00a0 \u00a0 <img decoding=\"async\" class=\" wp-image-29324 alignnone\" src=\"https:\/\/www.filha.fi\/wp-content\/uploads\/2023\/10\/HYVAKS_logo_1_RGB-300x87.png\" alt=\"\" width=\"142\" height=\"41\" srcset=\"https:\/\/www.filha.fi\/wp-content\/uploads\/2023\/10\/HYVAKS_logo_1_RGB-300x87.png 300w, https:\/\/www.filha.fi\/wp-content\/uploads\/2023\/10\/HYVAKS_logo_1_RGB-1024x298.png 1024w, https:\/\/www.filha.fi\/wp-content\/uploads\/2023\/10\/HYVAKS_logo_1_RGB-768x223.png 768w, https:\/\/www.filha.fi\/wp-content\/uploads\/2023\/10\/HYVAKS_logo_1_RGB-1536x447.png 1536w, https:\/\/www.filha.fi\/wp-content\/uploads\/2023\/10\/HYVAKS_logo_1_RGB-2048x596.png 2048w\" sizes=\"(max-width: 142px) 100vw, 142px\" \/>\u00a0 \u00a0 \u00a0 \u00a0<img decoding=\"async\" class=\" wp-image-29325 alignnone\" src=\"https:\/\/www.filha.fi\/wp-content\/uploads\/2023\/10\/jyu-vaaka-kaksikielinen-300x119.jpg\" alt=\"\" width=\"111\" height=\"44\" srcset=\"https:\/\/www.filha.fi\/wp-content\/uploads\/2023\/10\/jyu-vaaka-kaksikielinen-300x119.jpg 300w, https:\/\/www.filha.fi\/wp-content\/uploads\/2023\/10\/jyu-vaaka-kaksikielinen.jpg 425w\" sizes=\"(max-width: 111px) 100vw, 111px\" \/>\u00a0 \u00a0 \u00a0 \u00a0 <img loading=\"lazy\" decoding=\"async\" class=\" wp-image-11985 alignnone\" src=\"https:\/\/www.filha.fi\/wp-content\/uploads\/2022\/02\/hengitysliitto-logo-1200x700-1-e1652439188258-300x92.jpg\" alt=\"Hengitysliiton logo\" width=\"102\" height=\"31\" srcset=\"https:\/\/www.filha.fi\/wp-content\/uploads\/2022\/02\/hengitysliitto-logo-1200x700-1-e1652439188258-300x92.jpg 300w, https:\/\/www.filha.fi\/wp-content\/uploads\/2022\/02\/hengitysliitto-logo-1200x700-1-e1652439188258-1024x312.jpg 1024w, https:\/\/www.filha.fi\/wp-content\/uploads\/2022\/02\/hengitysliitto-logo-1200x700-1-e1652439188258-768x234.jpg 768w, https:\/\/www.filha.fi\/wp-content\/uploads\/2022\/02\/hengitysliitto-logo-1200x700-1-e1652439188258.jpg 1200w\" sizes=\"(max-width: 102px) 100vw, 102px\" \/><\/p>\n<h2>Tutkimuksen toteutus<\/h2>\n<p>Tutkimus on randomoitu kontrolloitu tutkimus. Tutkittavia rekrytoidaan Sairaala Novan keuhkosairauksien poliklinikan potilaista Jyv\u00e4skyl\u00e4ss\u00e4. Tutkimuksesta tiedotetaan potilaille CPAP-laitehoidon aloituksen yhteydess\u00e4, jolloin he voivat allekirjoittaa suostumuksen tutkijan puhelinsoittoon. Puhelun j\u00e4lkeen varsinaisen tutkimussuostumuksen allekirjoitettuaan tutkittavat randomisoidaan seuraaviin kolmeen ryhm\u00e4\u00e4n suhteessa 2:2:1 :<\/p>\n<ul>\n<li>CPAP-hoito ja tavanomainen terveydenhuollon potilasohjaus (kontrolliryhm\u00e4)<\/li>\n<li>CPAP-hoito ja Sairaala Novan liikuntal\u00e4\u00e4ketieteen poliklinikalla toteutettava vuoden yksil\u00f6llinen elintapaohjaus (interventioryhm\u00e4)<\/li>\n<li>tai alaryhm\u00e4\u00e4n, joka saa CPAP-hoidon ja elintapaohjauksen lis\u00e4ksi intensiivisemp\u00e4\u00e4 tukea k\u00e4ytt\u00e4ytymisen muutokseen k\u00e4ytt\u00e4ytymistieteellisi\u00e4 menetelmi\u00e4 hy\u00f6dynt\u00e4en<\/li>\n<\/ul>\n<p>Ryhmien v\u00e4list\u00e4 vertailua tehd\u00e4\u00e4n alussa, kolmen, kuuden ja 12 kuukauden kuluttua aloituksesta. Lis\u00e4ksi tutkittavien terveydentilaa arvioidaan jatkossa rekisteritiedoista.<\/p>\n<p>Tutkittavien rekrytointi aloitettiin kev\u00e4\u00e4ll\u00e4 2024.<\/p>\n<h3><strong>Yhteyshenkil\u00f6<\/strong><\/h3>\n<p>Hanna Lahti-Renkola<br \/>\np. 044 548 7333<br \/>\nhanna.lahti-renkola@filha.fi<\/p>\n","protected":false},"excerpt":{"rendered":"<p>Tutkimus elintapojen ja liikkumisen vaikutuksista uniapneaan ELO-tutkimuksessa (Elintavat ja liikkuminen osana uniapnean hoitoa) selvitet\u00e4\u00e4n yksil\u00f6llisesti r\u00e4\u00e4t\u00e4l\u00f6idyn elintapaintervention vaikutuksia obstruktiivisen uniapnean vaikeusasteeseen ja oireisiin ylipainoisilla CPAP-hoitoa saavilla aikuisilla. Lis\u00e4ksi tarkastellaan el\u00e4m\u00e4nlaatua, &#8230; <a title=\"ELO-tutkimus\" class=\"read-more\" href=\"https:\/\/www.filha.fi\/en\/elo-tutkimus\/\" aria-label=\"Read more about ELO-tutkimus\">Read more<\/a><\/p>\n","protected":false},"author":17,"featured_media":0,"parent":0,"menu_order":0,"comment_status":"closed","ping_status":"closed","template":"","meta":{"_acf_changed":false,"footnotes":""},"categories":[72,47],"class_list":["post-29319","page","type-page","status-publish","category-hanna","category-tuula"],"translation":{"provider":"WPGlobus","version":"3.0.2","language":"en","enabled_languages":["fi","en"],"languages":{"fi":{"title":true,"content":true,"excerpt":false},"en":{"title":false,"content":false,"excerpt":false}}},"acf":[],"yoast_head":"<!-- This site is optimized with the Yoast SEO plugin v27.4 - https:\/\/yoast.com\/product\/yoast-seo-wordpress\/ -->\n<title>ELO-tutkimus - Filha<\/title>\n<meta name=\"robots\" content=\"index, follow, max-snippet:-1, max-image-preview:large, max-video-preview:-1\" \/>\n<link rel=\"canonical\" href=\"https:\/\/www.filha.fi\/elo-tutkimus\/\" \/>\n<meta property=\"og:locale\" content=\"en_US\" \/>\n<meta property=\"og:type\" content=\"article\" \/>\n<meta property=\"og:title\" content=\"ELO-tutkimus - Filha\" \/>\n<meta property=\"og:url\" content=\"https:\/\/www.filha.fi\/elo-tutkimus\/\" \/>\n<meta property=\"og:site_name\" content=\"Filha\" \/>\n<meta property=\"article:modified_time\" content=\"2025-09-08T10:08:10+00:00\" \/>\n<meta property=\"og:image\" content=\"https:\/\/www.filha.fi\/wp-content\/uploads\/2022\/01\/Filha-Logo-80-x-100-px-1.png\" \/>\n\t<meta property=\"og:image:width\" content=\"80\" \/>\n\t<meta property=\"og:image:height\" content=\"100\" \/>\n\t<meta property=\"og:image:type\" content=\"image\/png\" \/>\n<meta name=\"twitter:card\" content=\"summary_large_image\" \/>\n<meta name=\"twitter:label1\" content=\"Est. reading time\" \/>\n\t<meta name=\"twitter:data1\" content=\"3 minutes\" \/>\n<script type=\"application\/ld+json\" class=\"yoast-schema-graph\">{\"@context\":\"https:\\\/\\\/schema.org\",\"@graph\":[{\"@type\":\"WebPage\",\"@id\":\"https:\\\/\\\/www.filha.fi\\\/elo-tutkimus\\\/\",\"url\":\"https:\\\/\\\/www.filha.fi\\\/elo-tutkimus\\\/\",\"name\":\"ELO-tutkimus - Filha\",\"isPartOf\":{\"@id\":\"https:\\\/\\\/www.filha.fi\\\/#website\"},\"primaryImageOfPage\":{\"@id\":\"https:\\\/\\\/www.filha.fi\\\/elo-tutkimus\\\/#primaryimage\"},\"image\":{\"@id\":\"https:\\\/\\\/www.filha.fi\\\/elo-tutkimus\\\/#primaryimage\"},\"thumbnailUrl\":\"https:\\\/\\\/www.filha.fi\\\/wp-content\\\/uploads\\\/2022\\\/01\\\/Filha-Logo-80-x-100-px-1.png\",\"datePublished\":\"2023-10-12T09:14:10+00:00\",\"dateModified\":\"2025-09-08T10:08:10+00:00\",\"breadcrumb\":{\"@id\":\"https:\\\/\\\/www.filha.fi\\\/elo-tutkimus\\\/#breadcrumb\"},\"inLanguage\":\"en-US\",\"potentialAction\":[{\"@type\":\"ReadAction\",\"target\":[\"https:\\\/\\\/www.filha.fi\\\/elo-tutkimus\\\/\"]}]},{\"@type\":\"ImageObject\",\"inLanguage\":\"en-US\",\"@id\":\"https:\\\/\\\/www.filha.fi\\\/elo-tutkimus\\\/#primaryimage\",\"url\":\"https:\\\/\\\/www.filha.fi\\\/wp-content\\\/uploads\\\/2022\\\/01\\\/Filha-Logo-80-x-100-px-1.png\",\"contentUrl\":\"https:\\\/\\\/www.filha.fi\\\/wp-content\\\/uploads\\\/2022\\\/01\\\/Filha-Logo-80-x-100-px-1.png\"},{\"@type\":\"BreadcrumbList\",\"@id\":\"https:\\\/\\\/www.filha.fi\\\/elo-tutkimus\\\/#breadcrumb\",\"itemListElement\":[{\"@type\":\"ListItem\",\"position\":1,\"name\":\"Home\",\"item\":\"https:\\\/\\\/www.filha.fi\\\/\"},{\"@type\":\"ListItem\",\"position\":2,\"name\":\"ELO-tutkimus\"}]},{\"@type\":\"WebSite\",\"@id\":\"https:\\\/\\\/www.filha.fi\\\/#website\",\"url\":\"https:\\\/\\\/www.filha.fi\\\/\",\"name\":\"Filha\",\"description\":\"Expertise in lung health\",\"publisher\":{\"@id\":\"https:\\\/\\\/www.filha.fi\\\/#organization\"},\"potentialAction\":[{\"@type\":\"SearchAction\",\"target\":{\"@type\":\"EntryPoint\",\"urlTemplate\":\"https:\\\/\\\/www.filha.fi\\\/?s={search_term_string}\"},\"query-input\":{\"@type\":\"PropertyValueSpecification\",\"valueRequired\":true,\"valueName\":\"search_term_string\"}}],\"inLanguage\":\"en-US\"},{\"@type\":\"Organization\",\"@id\":\"https:\\\/\\\/www.filha.fi\\\/#organization\",\"name\":\"Filha ry\",\"url\":\"https:\\\/\\\/www.filha.fi\\\/\",\"logo\":{\"@type\":\"ImageObject\",\"inLanguage\":\"en-US\",\"@id\":\"https:\\\/\\\/www.filha.fi\\\/#\\\/schema\\\/logo\\\/image\\\/\",\"url\":\"https:\\\/\\\/www.filha.fi\\\/wp-content\\\/uploads\\\/2019\\\/04\\\/Filha-logo.png\",\"contentUrl\":\"https:\\\/\\\/www.filha.fi\\\/wp-content\\\/uploads\\\/2019\\\/04\\\/Filha-logo.png\",\"width\":960,\"height\":1230,\"caption\":\"Filha ry\"},\"image\":{\"@id\":\"https:\\\/\\\/www.filha.fi\\\/#\\\/schema\\\/logo\\\/image\\\/\"}}]}<\/script>\n<!-- \/ Yoast SEO plugin. -->","yoast_head_json":{"title":"ELO-tutkimus - Filha","robots":{"index":"index","follow":"follow","max-snippet":"max-snippet:-1","max-image-preview":"max-image-preview:large","max-video-preview":"max-video-preview:-1"},"canonical":"https:\/\/www.filha.fi\/elo-tutkimus\/","og_locale":"en_US","og_type":"article","og_title":"ELO-tutkimus - Filha","og_url":"https:\/\/www.filha.fi\/elo-tutkimus\/","og_site_name":"Filha","article_modified_time":"2025-09-08T10:08:10+00:00","og_image":[{"width":80,"height":100,"url":"https:\/\/www.filha.fi\/wp-content\/uploads\/2022\/01\/Filha-Logo-80-x-100-px-1.png","type":"image\/png"}],"twitter_card":"summary_large_image","twitter_misc":{"Est. reading time":"3 minutes"},"schema":{"@context":"https:\/\/schema.org","@graph":[{"@type":"WebPage","@id":"https:\/\/www.filha.fi\/elo-tutkimus\/","url":"https:\/\/www.filha.fi\/elo-tutkimus\/","name":"ELO-tutkimus - Filha","isPartOf":{"@id":"https:\/\/www.filha.fi\/#website"},"primaryImageOfPage":{"@id":"https:\/\/www.filha.fi\/elo-tutkimus\/#primaryimage"},"image":{"@id":"https:\/\/www.filha.fi\/elo-tutkimus\/#primaryimage"},"thumbnailUrl":"https:\/\/www.filha.fi\/wp-content\/uploads\/2022\/01\/Filha-Logo-80-x-100-px-1.png","datePublished":"2023-10-12T09:14:10+00:00","dateModified":"2025-09-08T10:08:10+00:00","breadcrumb":{"@id":"https:\/\/www.filha.fi\/elo-tutkimus\/#breadcrumb"},"inLanguage":"en-US","potentialAction":[{"@type":"ReadAction","target":["https:\/\/www.filha.fi\/elo-tutkimus\/"]}]},{"@type":"ImageObject","inLanguage":"en-US","@id":"https:\/\/www.filha.fi\/elo-tutkimus\/#primaryimage","url":"https:\/\/www.filha.fi\/wp-content\/uploads\/2022\/01\/Filha-Logo-80-x-100-px-1.png","contentUrl":"https:\/\/www.filha.fi\/wp-content\/uploads\/2022\/01\/Filha-Logo-80-x-100-px-1.png"},{"@type":"BreadcrumbList","@id":"https:\/\/www.filha.fi\/elo-tutkimus\/#breadcrumb","itemListElement":[{"@type":"ListItem","position":1,"name":"Home","item":"https:\/\/www.filha.fi\/"},{"@type":"ListItem","position":2,"name":"ELO-tutkimus"}]},{"@type":"WebSite","@id":"https:\/\/www.filha.fi\/#website","url":"https:\/\/www.filha.fi\/","name":"Filha","description":"Expertise in lung health","publisher":{"@id":"https:\/\/www.filha.fi\/#organization"},"potentialAction":[{"@type":"SearchAction","target":{"@type":"EntryPoint","urlTemplate":"https:\/\/www.filha.fi\/?s={search_term_string}"},"query-input":{"@type":"PropertyValueSpecification","valueRequired":true,"valueName":"search_term_string"}}],"inLanguage":"en-US"},{"@type":"Organization","@id":"https:\/\/www.filha.fi\/#organization","name":"Filha ry","url":"https:\/\/www.filha.fi\/","logo":{"@type":"ImageObject","inLanguage":"en-US","@id":"https:\/\/www.filha.fi\/#\/schema\/logo\/image\/","url":"https:\/\/www.filha.fi\/wp-content\/uploads\/2019\/04\/Filha-logo.png","contentUrl":"https:\/\/www.filha.fi\/wp-content\/uploads\/2019\/04\/Filha-logo.png","width":960,"height":1230,"caption":"Filha ry"},"image":{"@id":"https:\/\/www.filha.fi\/#\/schema\/logo\/image\/"}}]}},"_links":{"self":[{"href":"https:\/\/www.filha.fi\/en\/wp-json\/wp\/v2\/pages\/29319","targetHints":{"allow":["GET"]}}],"collection":[{"href":"https:\/\/www.filha.fi\/en\/wp-json\/wp\/v2\/pages"}],"about":[{"href":"https:\/\/www.filha.fi\/en\/wp-json\/wp\/v2\/types\/page"}],"author":[{"embeddable":true,"href":"https:\/\/www.filha.fi\/en\/wp-json\/wp\/v2\/users\/17"}],"replies":[{"embeddable":true,"href":"https:\/\/www.filha.fi\/en\/wp-json\/wp\/v2\/comments?post=29319"}],"version-history":[{"count":0,"href":"https:\/\/www.filha.fi\/en\/wp-json\/wp\/v2\/pages\/29319\/revisions"}],"wp:attachment":[{"href":"https:\/\/www.filha.fi\/en\/wp-json\/wp\/v2\/media?parent=29319"}],"wp:term":[{"taxonomy":"category","embeddable":true,"href":"https:\/\/www.filha.fi\/en\/wp-json\/wp\/v2\/categories?post=29319"}],"curies":[{"name":"wp","href":"https:\/\/api.w.org\/{rel}","templated":true}]}}