{"id":294,"date":"2018-05-25T11:43:27","date_gmt":"2018-05-25T11:43:27","guid":{"rendered":"http:\/\/www.filha.fi\/content_page\/keuhkopaivien-nayttely-2\/"},"modified":"2020-06-12T14:25:50","modified_gmt":"2020-06-12T11:25:50","slug":"keuhkopaivien-nayttely-2","status":"publish","type":"page","link":"https:\/\/www.filha.fi\/en\/keuhkopaivien-nayttely-2\/","title":{"rendered":"Keuhkop\u00e4ivien n\u00e4yttely"},"content":{"rendered":"<p><span style=\"color: #ff0000;\">Keuhkop\u00e4ivi\u00e4 ei koronapandemian vuoksi j\u00e4rjestet\u00e4 2020.<\/span><\/p>\n<p>Tarjoamme yrityksellenne mahdollisuutta osallistua koulutusp\u00e4ivien yhteydess\u00e4 j\u00e4rjestett\u00e4v\u00e4\u00e4n n\u00e4yttelyyn tiistaina ja keskiviikkona 22.-23.9.2020 Scandic Park Helsinki -hotellissa. Mannerheimintie 46, Helsinki. N\u00e4yttelyalue sijaitsee viihtyis\u00e4ll\u00e4 v\u00e4liaikatarjoilualueella. Koulutus pidet\u00e4\u00e4n Vision-salissa sis\u00e4\u00e4ntulokerroksessa. Tarjoamme k\u00e4ytt\u00f6\u00f6nne n\u00e4yttelytilaa seuraavasti:<\/p>\n<p>P\u00f6yt\u00e4paikka molemmat p\u00e4iv\u00e4t 1 600 \u20ac.<\/p>\n<p>N\u00e4yttelypaikkaan sis\u00e4ltyy p\u00f6yt\u00e4 ja tuoli sek\u00e4 langaton internet. N\u00e4yttelypaikan vuokra laskutetaan tilaisuuden j\u00e4lkeen. N\u00e4yttelyyn liittyv\u00e4\u00e4 lis\u00e4ohjeistusta l\u00e4hetet\u00e4\u00e4n l\u00e4hemp\u00e4n\u00e4 tilaisuutta. Jokaista n\u00e4yttelypaikkaa kohden voi 2 henkil\u00f6\u00e4 osallistua maksutta koulutustilaisuuteen (sis. luennot sek\u00e4 tarjoilut).\u00a0Jos yrityksest\u00e4 osallistuu useampi henkil\u00f6, he maksavat normaalin osallistumismaksun.<\/p>\n<p>N\u00e4yttelytilat jaetaan ilmoittautumisj\u00e4rjestyksess\u00e4.<\/p>\n<p>Ilmoittautumislinkki n\u00e4yttelyyn avautuu my\u00f6hemmin.<\/p>\n","protected":false},"excerpt":{"rendered":"<p>Keuhkop\u00e4ivi\u00e4 ei koronapandemian vuoksi j\u00e4rjestet\u00e4 2020. Tarjoamme yrityksellenne mahdollisuutta osallistua koulutusp\u00e4ivien yhteydess\u00e4 j\u00e4rjestett\u00e4v\u00e4\u00e4n n\u00e4yttelyyn tiistaina ja keskiviikkona 22.-23.9.2020 Scandic Park Helsinki -hotellissa. Mannerheimintie 46, Helsinki. N\u00e4yttelyalue sijaitsee viihtyis\u00e4ll\u00e4 v\u00e4liaikatarjoilualueella. Koulutus &#8230; <a title=\"Keuhkop\u00e4ivien n\u00e4yttely\" class=\"read-more\" href=\"https:\/\/www.filha.fi\/en\/keuhkopaivien-nayttely-2\/\" aria-label=\"Read more about Keuhkop\u00e4ivien n\u00e4yttely\">Read more<\/a><\/p>\n","protected":false},"author":4,"featured_media":0,"parent":0,"menu_order":0,"comment_status":"closed","ping_status":"closed","template":"","meta":{"_acf_changed":false,"footnotes":""},"categories":[33,41,34],"class_list":["post-294","page","type-page","status-publish","category-nayttely","category-paivi","category-ulla"],"translation":{"provider":"WPGlobus","version":"3.0.2","language":"en","enabled_languages":["fi","en"],"languages":{"fi":{"title":true,"content":true,"excerpt":false},"en":{"title":false,"content":false,"excerpt":false}}},"acf":[],"yoast_head":"<!-- This site is optimized with the Yoast SEO plugin v27.4 - https:\/\/yoast.com\/product\/yoast-seo-wordpress\/ -->\n<title>Keuhkop\u00e4ivien n\u00e4yttely - Filha<\/title>\n<meta name=\"robots\" content=\"index, follow, max-snippet:-1, max-image-preview:large, max-video-preview:-1\" \/>\n<link rel=\"canonical\" href=\"https:\/\/www.filha.fi\/keuhkopaivien-nayttely-2\/\" \/>\n<meta property=\"og:locale\" content=\"en_US\" \/>\n<meta property=\"og:type\" content=\"article\" \/>\n<meta property=\"og:title\" content=\"Keuhkop\u00e4ivien n\u00e4yttely - Filha\" \/>\n<meta property=\"og:url\" content=\"https:\/\/www.filha.fi\/keuhkopaivien-nayttely-2\/\" \/>\n<meta property=\"og:site_name\" content=\"Filha\" \/>\n<meta property=\"article:modified_time\" content=\"2020-06-12T11:25:50+00:00\" \/>\n<meta property=\"og:image\" content=\"https:\/\/www.filha.fi\/wp-content\/uploads\/2019\/04\/Filha-logo.png\" \/>\n\t<meta property=\"og:image:width\" content=\"960\" \/>\n\t<meta property=\"og:image:height\" content=\"1230\" \/>\n\t<meta property=\"og:image:type\" content=\"image\/png\" \/>\n<meta name=\"twitter:card\" content=\"summary_large_image\" \/>\n<meta name=\"twitter:label1\" content=\"Est. reading time\" \/>\n\t<meta name=\"twitter:data1\" content=\"1 minute\" \/>\n<script type=\"application\/ld+json\" class=\"yoast-schema-graph\">{\"@context\":\"https:\\\/\\\/schema.org\",\"@graph\":[{\"@type\":\"WebPage\",\"@id\":\"https:\\\/\\\/www.filha.fi\\\/keuhkopaivien-nayttely-2\\\/\",\"url\":\"https:\\\/\\\/www.filha.fi\\\/keuhkopaivien-nayttely-2\\\/\",\"name\":\"Keuhkop\u00e4ivien n\u00e4yttely - Filha\",\"isPartOf\":{\"@id\":\"https:\\\/\\\/www.filha.fi\\\/#website\"},\"datePublished\":\"2018-05-25T11:43:27+00:00\",\"dateModified\":\"2020-06-12T11:25:50+00:00\",\"breadcrumb\":{\"@id\":\"https:\\\/\\\/www.filha.fi\\\/keuhkopaivien-nayttely-2\\\/#breadcrumb\"},\"inLanguage\":\"en-US\",\"potentialAction\":[{\"@type\":\"ReadAction\",\"target\":[\"https:\\\/\\\/www.filha.fi\\\/keuhkopaivien-nayttely-2\\\/\"]}]},{\"@type\":\"BreadcrumbList\",\"@id\":\"https:\\\/\\\/www.filha.fi\\\/keuhkopaivien-nayttely-2\\\/#breadcrumb\",\"itemListElement\":[{\"@type\":\"ListItem\",\"position\":1,\"name\":\"Home\",\"item\":\"https:\\\/\\\/www.filha.fi\\\/\"},{\"@type\":\"ListItem\",\"position\":2,\"name\":\"Keuhkop\u00e4ivien n\u00e4yttely\"}]},{\"@type\":\"WebSite\",\"@id\":\"https:\\\/\\\/www.filha.fi\\\/#website\",\"url\":\"https:\\\/\\\/www.filha.fi\\\/\",\"name\":\"Filha\",\"description\":\"Expertise in lung health\",\"publisher\":{\"@id\":\"https:\\\/\\\/www.filha.fi\\\/#organization\"},\"potentialAction\":[{\"@type\":\"SearchAction\",\"target\":{\"@type\":\"EntryPoint\",\"urlTemplate\":\"https:\\\/\\\/www.filha.fi\\\/?s={search_term_string}\"},\"query-input\":{\"@type\":\"PropertyValueSpecification\",\"valueRequired\":true,\"valueName\":\"search_term_string\"}}],\"inLanguage\":\"en-US\"},{\"@type\":\"Organization\",\"@id\":\"https:\\\/\\\/www.filha.fi\\\/#organization\",\"name\":\"Filha ry\",\"url\":\"https:\\\/\\\/www.filha.fi\\\/\",\"logo\":{\"@type\":\"ImageObject\",\"inLanguage\":\"en-US\",\"@id\":\"https:\\\/\\\/www.filha.fi\\\/#\\\/schema\\\/logo\\\/image\\\/\",\"url\":\"https:\\\/\\\/www.filha.fi\\\/wp-content\\\/uploads\\\/2019\\\/04\\\/Filha-logo.png\",\"contentUrl\":\"https:\\\/\\\/www.filha.fi\\\/wp-content\\\/uploads\\\/2019\\\/04\\\/Filha-logo.png\",\"width\":960,\"height\":1230,\"caption\":\"Filha ry\"},\"image\":{\"@id\":\"https:\\\/\\\/www.filha.fi\\\/#\\\/schema\\\/logo\\\/image\\\/\"}}]}<\/script>\n<!-- \/ Yoast SEO plugin. -->","yoast_head_json":{"title":"Keuhkop\u00e4ivien n\u00e4yttely - Filha","robots":{"index":"index","follow":"follow","max-snippet":"max-snippet:-1","max-image-preview":"max-image-preview:large","max-video-preview":"max-video-preview:-1"},"canonical":"https:\/\/www.filha.fi\/keuhkopaivien-nayttely-2\/","og_locale":"en_US","og_type":"article","og_title":"Keuhkop\u00e4ivien n\u00e4yttely - Filha","og_url":"https:\/\/www.filha.fi\/keuhkopaivien-nayttely-2\/","og_site_name":"Filha","article_modified_time":"2020-06-12T11:25:50+00:00","og_image":[{"width":960,"height":1230,"url":"https:\/\/www.filha.fi\/wp-content\/uploads\/2019\/04\/Filha-logo.png","type":"image\/png"}],"twitter_card":"summary_large_image","twitter_misc":{"Est. reading time":"1 minute"},"schema":{"@context":"https:\/\/schema.org","@graph":[{"@type":"WebPage","@id":"https:\/\/www.filha.fi\/keuhkopaivien-nayttely-2\/","url":"https:\/\/www.filha.fi\/keuhkopaivien-nayttely-2\/","name":"Keuhkop\u00e4ivien n\u00e4yttely - Filha","isPartOf":{"@id":"https:\/\/www.filha.fi\/#website"},"datePublished":"2018-05-25T11:43:27+00:00","dateModified":"2020-06-12T11:25:50+00:00","breadcrumb":{"@id":"https:\/\/www.filha.fi\/keuhkopaivien-nayttely-2\/#breadcrumb"},"inLanguage":"en-US","potentialAction":[{"@type":"ReadAction","target":["https:\/\/www.filha.fi\/keuhkopaivien-nayttely-2\/"]}]},{"@type":"BreadcrumbList","@id":"https:\/\/www.filha.fi\/keuhkopaivien-nayttely-2\/#breadcrumb","itemListElement":[{"@type":"ListItem","position":1,"name":"Home","item":"https:\/\/www.filha.fi\/"},{"@type":"ListItem","position":2,"name":"Keuhkop\u00e4ivien n\u00e4yttely"}]},{"@type":"WebSite","@id":"https:\/\/www.filha.fi\/#website","url":"https:\/\/www.filha.fi\/","name":"Filha","description":"Expertise in lung health","publisher":{"@id":"https:\/\/www.filha.fi\/#organization"},"potentialAction":[{"@type":"SearchAction","target":{"@type":"EntryPoint","urlTemplate":"https:\/\/www.filha.fi\/?s={search_term_string}"},"query-input":{"@type":"PropertyValueSpecification","valueRequired":true,"valueName":"search_term_string"}}],"inLanguage":"en-US"},{"@type":"Organization","@id":"https:\/\/www.filha.fi\/#organization","name":"Filha ry","url":"https:\/\/www.filha.fi\/","logo":{"@type":"ImageObject","inLanguage":"en-US","@id":"https:\/\/www.filha.fi\/#\/schema\/logo\/image\/","url":"https:\/\/www.filha.fi\/wp-content\/uploads\/2019\/04\/Filha-logo.png","contentUrl":"https:\/\/www.filha.fi\/wp-content\/uploads\/2019\/04\/Filha-logo.png","width":960,"height":1230,"caption":"Filha ry"},"image":{"@id":"https:\/\/www.filha.fi\/#\/schema\/logo\/image\/"}}]}},"_links":{"self":[{"href":"https:\/\/www.filha.fi\/en\/wp-json\/wp\/v2\/pages\/294","targetHints":{"allow":["GET"]}}],"collection":[{"href":"https:\/\/www.filha.fi\/en\/wp-json\/wp\/v2\/pages"}],"about":[{"href":"https:\/\/www.filha.fi\/en\/wp-json\/wp\/v2\/types\/page"}],"author":[{"embeddable":true,"href":"https:\/\/www.filha.fi\/en\/wp-json\/wp\/v2\/users\/4"}],"replies":[{"embeddable":true,"href":"https:\/\/www.filha.fi\/en\/wp-json\/wp\/v2\/comments?post=294"}],"version-history":[{"count":0,"href":"https:\/\/www.filha.fi\/en\/wp-json\/wp\/v2\/pages\/294\/revisions"}],"wp:attachment":[{"href":"https:\/\/www.filha.fi\/en\/wp-json\/wp\/v2\/media?parent=294"}],"wp:term":[{"taxonomy":"category","embeddable":true,"href":"https:\/\/www.filha.fi\/en\/wp-json\/wp\/v2\/categories?post=294"}],"curies":[{"name":"wp","href":"https:\/\/api.w.org\/{rel}","templated":true}]}}