{"id":295,"date":"2018-05-31T08:02:59","date_gmt":"2018-05-31T08:02:59","guid":{"rendered":"http:\/\/www.filha.fi\/content_page\/tietosuojaseloste\/"},"modified":"2022-12-02T15:44:09","modified_gmt":"2022-12-02T13:44:09","slug":"tietosuojaseloste","status":"publish","type":"page","link":"https:\/\/www.filha.fi\/en\/tietosuojaseloste\/","title":{"rendered":"Tietosuojaseloste"},"content":{"rendered":"<p><strong>Filhan sidosryhm\u00e4rekisterin tietosuojaseloste<\/strong><\/p>\n<p><strong>REKISTERINPIT\u00c4J\u00c4<\/strong><\/p>\n<p>Filha ry<\/p>\n<p>Y-tunnus: 0202312-6<\/p>\n<p><strong>REKISTERIASIOITA HOITAVA HENKIL\u00d6<\/strong><\/p>\n<p>Mikko Vauhkonen<br \/>\n<a href=\"mailto:mikko.vauhkonen@filha.fi\">mikko.vauhkonen@filha.fi<\/a><\/p>\n<p><strong>REKISTERIN NIMI<\/strong><\/p>\n<p>Filhan sidosryhm\u00e4rekisteri<\/p>\n<p><strong>REKISTERIN K\u00c4YTT\u00d6TARKOITUS<\/strong><\/p>\n<p>Filha k\u00e4ytt\u00e4\u00e4 sidosryhm\u00e4rekisteriin tallennettuja tietoja Filhan tapahtumista ja toiminnasta tiedottamiseen sek\u00e4 viestinn\u00e4n kehitt\u00e4miseen.<\/p>\n<p><strong>REKISTERIN SIS\u00c4LT\u00c4M\u00c4T TIEDOT<\/strong><\/p>\n<p>Sidosryhm\u00e4rekisteri sis\u00e4lt\u00e4\u00e4 seuraavia tietoja:<\/p>\n<ul>\n<li>Henkil\u00f6n etu- ja sukunimi<\/li>\n<li>Yhteystiedot<\/li>\n<li>Ammattinimike<\/li>\n<li>Toimipaikka<\/li>\n<\/ul>\n<p><strong>S\u00c4\u00c4NN\u00d6NMUKAISET TIETOL\u00c4HTEET<\/strong><\/p>\n<p>Filha ker\u00e4\u00e4 henkil\u00f6tietoja rekister\u00f6idylt\u00e4 itselt\u00e4\u00e4n puhelimitse, postitse, s\u00e4hk\u00f6postitse tai vastaavalla tavalla sek\u00e4 Filhan j\u00e4rjestelmist\u00e4 tapahtumiin rekister\u00f6itymisen yhteydess\u00e4.<\/p>\n<p>Henkil\u00f6tietoja voidaan ker\u00e4t\u00e4 ja p\u00e4ivitt\u00e4\u00e4 v\u00e4est\u00f6tietoj\u00e4rjestelm\u00e4st\u00e4 sek\u00e4 muista vastaavista tietopalveluja tarjoavista julkisista tai yksityisist\u00e4 rekistereist\u00e4 ja tietol\u00e4hteist\u00e4, sek\u00e4 organisaatioiden verkkosivuilta.<\/p>\n<p><strong>TIETOJEN S\u00c4ILYTYS <\/strong><\/p>\n<p>Filha s\u00e4ilytt\u00e4\u00e4 sidosryhm\u00e4rekisterin tietoja niin kauan kuin rekister\u00f6idyn asema on relevantti Filhan toiminnan kannalta. S\u00e4ilytysaikaa harkittaessa Filha ottaa lis\u00e4ksi huomioon lis\u00e4ksi lait ja viranomaism\u00e4\u00e4r\u00e4ykset sek\u00e4 sopimussuhteista johtuvat seikat. Filha poistaa tiedot, kun niiden k\u00e4sittelyyn ei ole en\u00e4\u00e4 oikeutettua perustetta.<\/p>\n<p><strong>TIETOJEN LUOVUTUKSET JA TIETOJEN SIIRTO EU:N TAI EUROOPAN TALOUSALUEEN ULKOPUOLELLE<\/strong><\/p>\n<p>Filha ei luovuta sidosryhm\u00e4rekisterin tietoja kolmansille osapuolille, eik\u00e4 EU:n tai ETAn ulkopuolelle.<\/p>\n<p><strong>REKISTERIN SUOJAUKSEN PERIAATTEET<\/strong><\/p>\n<p>Tietokannat, joihin sidosryhm\u00e4rekisterin tietoja tallennetaan, ovat palomuurein, salasanoin ja muilla teknisill\u00e4 keinoilla suojattuja. Tietokannat ja niiden varmuuskopiot sijaitsevat lukituissa tiloissa. Filha s\u00e4ilytt\u00e4\u00e4 manuaalisesti k\u00e4sitelt\u00e4vi\u00e4 rekister\u00f6ityjen tietoja sis\u00e4lt\u00e4vi\u00e4 asiakirjoja lukituissa tiloissa siten, ett\u00e4 asiattomilta on niihin p\u00e4\u00e4sy estetty. Sidosryhm\u00e4rekisterin sis\u00e4lt\u00e4miin tietoihin p\u00e4\u00e4sev\u00e4t ja niit\u00e4 ovat oikeutettuja k\u00e4ytt\u00e4m\u00e4\u00e4n vain ennalta m\u00e4\u00e4ritellyt Filhan ty\u00f6ntekij\u00e4t sek\u00e4 Filhan lukuun toimivien yritysten ty\u00f6ntekij\u00e4t, joille p\u00e4\u00e4sy tietoihin on ty\u00f6teht\u00e4vien hoitamisen vuoksi tarpeen. Filha on varmistanut, ett\u00e4 my\u00f6s sen palveluntarjoajat noudattavat tietosuojaa koskevaa lains\u00e4\u00e4d\u00e4nt\u00f6\u00e4.<\/p>\n<p><strong>REKISTER\u00d6IDYN KIELTO-OIKEUS<\/strong><\/p>\n<p>Rekister\u00f6idyll\u00e4 on oikeus kielt\u00e4\u00e4 Filhaa k\u00e4sittelem\u00e4st\u00e4 h\u00e4nt\u00e4 itse\u00e4\u00e4n koskevia tietoja ottaen huomioon lait ja viranomaism\u00e4\u00e4r\u00e4ykset sek\u00e4 sopimussuhteista johtuvat seikat. Kielto tulee tehd\u00e4 kirjallisesti ja osoittaa rekisteriasioista vastaavalle henkil\u00f6ille.<\/p>\n<p><strong>REKISTER\u00d6IDYN TARKASTUS-OIKEUS<\/strong><\/p>\n<p>Rekister\u00f6idyll\u00e4 on oikeus tarkastaa sidosryhm\u00e4rekisteriin tallennetut itse\u00e4\u00e4n koskevat tiedot ja saada niist\u00e4 kopiot. Tarkastuspyynt\u00f6 tulee tehd\u00e4 kirjallisesti ja osoittaa rekisteriasioista vastaavalle henkil\u00f6lle.<\/p>\n<p><strong>TIEDON KORJAAMINEN<\/strong><\/p>\n<p>Filha oikaisee, poistaa tai t\u00e4ydent\u00e4\u00e4 sidosryhm\u00e4rekisteriss\u00e4 olevan, k\u00e4sittelyn tarkoituksen kannalta virheellisen, tarpeettoman, puutteellisen tai vanhentuneen henkil\u00f6tiedon oma-aloitteisesti tai rekister\u00f6idyn vaatimuksesta. Rekister\u00f6idyn tulee ottaa yhteytt\u00e4 Filhan rekisteriasioista vastaavaan henkil\u00f6\u00f6n tiedon korjaamiseksi.<\/p>\n<p>&nbsp;<\/p>\n","protected":false},"excerpt":{"rendered":"<p>Filhan sidosryhm\u00e4rekisterin tietosuojaseloste REKISTERINPIT\u00c4J\u00c4 Filha ry Y-tunnus: 0202312-6 REKISTERIASIOITA HOITAVA HENKIL\u00d6 Mikko Vauhkonen mikko.vauhkonen@filha.fi REKISTERIN NIMI Filhan sidosryhm\u00e4rekisteri REKISTERIN K\u00c4YTT\u00d6TARKOITUS Filha k\u00e4ytt\u00e4\u00e4 sidosryhm\u00e4rekisteriin tallennettuja tietoja Filhan tapahtumista ja toiminnasta tiedottamiseen &#8230; <a title=\"Tietosuojaseloste\" class=\"read-more\" href=\"https:\/\/www.filha.fi\/en\/tietosuojaseloste\/\" aria-label=\"Read more about Tietosuojaseloste\">Read more<\/a><\/p>\n","protected":false},"author":4,"featured_media":0,"parent":0,"menu_order":0,"comment_status":"closed","ping_status":"closed","template":"","meta":{"_acf_changed":false,"footnotes":""},"categories":[2,41],"class_list":["post-295","page","type-page","status-publish","category-filha","category-paivi"],"translation":{"provider":"WPGlobus","version":"3.0.2","language":"en","enabled_languages":["fi","en"],"languages":{"fi":{"title":true,"content":true,"excerpt":false},"en":{"title":false,"content":false,"excerpt":false}}},"acf":[],"yoast_head":"<!-- This site is optimized with the Yoast SEO plugin v27.5 - https:\/\/yoast.com\/product\/yoast-seo-wordpress\/ -->\n<title>Tietosuojaseloste - Filha<\/title>\n<meta name=\"robots\" content=\"index, follow, max-snippet:-1, max-image-preview:large, max-video-preview:-1\" \/>\n<link rel=\"canonical\" href=\"https:\/\/www.filha.fi\/tietosuojaseloste\/\" \/>\n<meta property=\"og:locale\" content=\"en_US\" \/>\n<meta property=\"og:type\" content=\"article\" \/>\n<meta property=\"og:title\" content=\"Tietosuojaseloste - Filha\" \/>\n<meta property=\"og:url\" content=\"https:\/\/www.filha.fi\/tietosuojaseloste\/\" \/>\n<meta property=\"og:site_name\" content=\"Filha\" \/>\n<meta property=\"article:modified_time\" content=\"2022-12-02T13:44:09+00:00\" \/>\n<meta property=\"og:image\" content=\"https:\/\/www.filha.fi\/wp-content\/uploads\/2019\/04\/Filha-logo.png\" \/>\n\t<meta property=\"og:image:width\" content=\"960\" \/>\n\t<meta property=\"og:image:height\" content=\"1230\" \/>\n\t<meta property=\"og:image:type\" content=\"image\/png\" \/>\n<meta name=\"twitter:card\" content=\"summary_large_image\" \/>\n<meta name=\"twitter:label1\" content=\"Est. reading time\" \/>\n\t<meta name=\"twitter:data1\" content=\"2 minutes\" \/>\n<script type=\"application\/ld+json\" class=\"yoast-schema-graph\">{\"@context\":\"https:\\\/\\\/schema.org\",\"@graph\":[{\"@type\":\"WebPage\",\"@id\":\"https:\\\/\\\/www.filha.fi\\\/tietosuojaseloste\\\/\",\"url\":\"https:\\\/\\\/www.filha.fi\\\/tietosuojaseloste\\\/\",\"name\":\"Tietosuojaseloste - Filha\",\"isPartOf\":{\"@id\":\"https:\\\/\\\/www.filha.fi\\\/#website\"},\"datePublished\":\"2018-05-31T08:02:59+00:00\",\"dateModified\":\"2022-12-02T13:44:09+00:00\",\"breadcrumb\":{\"@id\":\"https:\\\/\\\/www.filha.fi\\\/tietosuojaseloste\\\/#breadcrumb\"},\"inLanguage\":\"en-US\",\"potentialAction\":[{\"@type\":\"ReadAction\",\"target\":[\"https:\\\/\\\/www.filha.fi\\\/tietosuojaseloste\\\/\"]}]},{\"@type\":\"BreadcrumbList\",\"@id\":\"https:\\\/\\\/www.filha.fi\\\/tietosuojaseloste\\\/#breadcrumb\",\"itemListElement\":[{\"@type\":\"ListItem\",\"position\":1,\"name\":\"Home\",\"item\":\"https:\\\/\\\/www.filha.fi\\\/\"},{\"@type\":\"ListItem\",\"position\":2,\"name\":\"Tietosuojaseloste\"}]},{\"@type\":\"WebSite\",\"@id\":\"https:\\\/\\\/www.filha.fi\\\/#website\",\"url\":\"https:\\\/\\\/www.filha.fi\\\/\",\"name\":\"Filha\",\"description\":\"Expertise in lung health\",\"publisher\":{\"@id\":\"https:\\\/\\\/www.filha.fi\\\/#organization\"},\"potentialAction\":[{\"@type\":\"SearchAction\",\"target\":{\"@type\":\"EntryPoint\",\"urlTemplate\":\"https:\\\/\\\/www.filha.fi\\\/?s={search_term_string}\"},\"query-input\":{\"@type\":\"PropertyValueSpecification\",\"valueRequired\":true,\"valueName\":\"search_term_string\"}}],\"inLanguage\":\"en-US\"},{\"@type\":\"Organization\",\"@id\":\"https:\\\/\\\/www.filha.fi\\\/#organization\",\"name\":\"Filha ry\",\"url\":\"https:\\\/\\\/www.filha.fi\\\/\",\"logo\":{\"@type\":\"ImageObject\",\"inLanguage\":\"en-US\",\"@id\":\"https:\\\/\\\/www.filha.fi\\\/#\\\/schema\\\/logo\\\/image\\\/\",\"url\":\"https:\\\/\\\/www.filha.fi\\\/wp-content\\\/uploads\\\/2019\\\/04\\\/Filha-logo.png\",\"contentUrl\":\"https:\\\/\\\/www.filha.fi\\\/wp-content\\\/uploads\\\/2019\\\/04\\\/Filha-logo.png\",\"width\":960,\"height\":1230,\"caption\":\"Filha ry\"},\"image\":{\"@id\":\"https:\\\/\\\/www.filha.fi\\\/#\\\/schema\\\/logo\\\/image\\\/\"}}]}<\/script>\n<!-- \/ Yoast SEO plugin. -->","yoast_head_json":{"title":"Tietosuojaseloste - Filha","robots":{"index":"index","follow":"follow","max-snippet":"max-snippet:-1","max-image-preview":"max-image-preview:large","max-video-preview":"max-video-preview:-1"},"canonical":"https:\/\/www.filha.fi\/tietosuojaseloste\/","og_locale":"en_US","og_type":"article","og_title":"Tietosuojaseloste - Filha","og_url":"https:\/\/www.filha.fi\/tietosuojaseloste\/","og_site_name":"Filha","article_modified_time":"2022-12-02T13:44:09+00:00","og_image":[{"width":960,"height":1230,"url":"https:\/\/www.filha.fi\/wp-content\/uploads\/2019\/04\/Filha-logo.png","type":"image\/png"}],"twitter_card":"summary_large_image","twitter_misc":{"Est. reading time":"2 minutes"},"schema":{"@context":"https:\/\/schema.org","@graph":[{"@type":"WebPage","@id":"https:\/\/www.filha.fi\/tietosuojaseloste\/","url":"https:\/\/www.filha.fi\/tietosuojaseloste\/","name":"Tietosuojaseloste - Filha","isPartOf":{"@id":"https:\/\/www.filha.fi\/#website"},"datePublished":"2018-05-31T08:02:59+00:00","dateModified":"2022-12-02T13:44:09+00:00","breadcrumb":{"@id":"https:\/\/www.filha.fi\/tietosuojaseloste\/#breadcrumb"},"inLanguage":"en-US","potentialAction":[{"@type":"ReadAction","target":["https:\/\/www.filha.fi\/tietosuojaseloste\/"]}]},{"@type":"BreadcrumbList","@id":"https:\/\/www.filha.fi\/tietosuojaseloste\/#breadcrumb","itemListElement":[{"@type":"ListItem","position":1,"name":"Home","item":"https:\/\/www.filha.fi\/"},{"@type":"ListItem","position":2,"name":"Tietosuojaseloste"}]},{"@type":"WebSite","@id":"https:\/\/www.filha.fi\/#website","url":"https:\/\/www.filha.fi\/","name":"Filha","description":"Expertise in lung health","publisher":{"@id":"https:\/\/www.filha.fi\/#organization"},"potentialAction":[{"@type":"SearchAction","target":{"@type":"EntryPoint","urlTemplate":"https:\/\/www.filha.fi\/?s={search_term_string}"},"query-input":{"@type":"PropertyValueSpecification","valueRequired":true,"valueName":"search_term_string"}}],"inLanguage":"en-US"},{"@type":"Organization","@id":"https:\/\/www.filha.fi\/#organization","name":"Filha ry","url":"https:\/\/www.filha.fi\/","logo":{"@type":"ImageObject","inLanguage":"en-US","@id":"https:\/\/www.filha.fi\/#\/schema\/logo\/image\/","url":"https:\/\/www.filha.fi\/wp-content\/uploads\/2019\/04\/Filha-logo.png","contentUrl":"https:\/\/www.filha.fi\/wp-content\/uploads\/2019\/04\/Filha-logo.png","width":960,"height":1230,"caption":"Filha ry"},"image":{"@id":"https:\/\/www.filha.fi\/#\/schema\/logo\/image\/"}}]}},"_links":{"self":[{"href":"https:\/\/www.filha.fi\/en\/wp-json\/wp\/v2\/pages\/295","targetHints":{"allow":["GET"]}}],"collection":[{"href":"https:\/\/www.filha.fi\/en\/wp-json\/wp\/v2\/pages"}],"about":[{"href":"https:\/\/www.filha.fi\/en\/wp-json\/wp\/v2\/types\/page"}],"author":[{"embeddable":true,"href":"https:\/\/www.filha.fi\/en\/wp-json\/wp\/v2\/users\/4"}],"replies":[{"embeddable":true,"href":"https:\/\/www.filha.fi\/en\/wp-json\/wp\/v2\/comments?post=295"}],"version-history":[{"count":0,"href":"https:\/\/www.filha.fi\/en\/wp-json\/wp\/v2\/pages\/295\/revisions"}],"wp:attachment":[{"href":"https:\/\/www.filha.fi\/en\/wp-json\/wp\/v2\/media?parent=295"}],"wp:term":[{"taxonomy":"category","embeddable":true,"href":"https:\/\/www.filha.fi\/en\/wp-json\/wp\/v2\/categories?post=295"}],"curies":[{"name":"wp","href":"https:\/\/api.w.org\/{rel}","templated":true}]}}