{"id":29811,"date":"2023-12-13T14:26:03","date_gmt":"2023-12-13T12:26:03","guid":{"rendered":"https:\/\/www.filha.fi\/?page_id=29811"},"modified":"2024-09-09T13:03:38","modified_gmt":"2024-09-09T10:03:38","slug":"amk-oppimateriaali","status":"publish","type":"page","link":"https:\/\/www.filha.fi\/en\/amk-oppimateriaali\/","title":{"rendered":"Ammattikorkeakouluille suunnattu sis\u00e4ilmaoppimateriaali"},"content":{"rendered":"<p><strong>Opettaja, haluaisitko oppimateriaalin osaksi opetusta?<\/strong><\/p>\n<p>Lataa opettajan ohjeet <a href=\"https:\/\/www.filha.fi\/wp-content\/uploads\/2024\/02\/AMK_ohjeet-1.pdf\" target=\"_blank\" rel=\"noopener\">t\u00e4st\u00e4<\/a>.<\/p>\n<p>Tilataksesi oppimateriaalin opetusk\u00e4ytt\u00f6\u00f6n, t\u00e4yt\u00e4 oppimateriaalin tilauskaavake <a href=\"https:\/\/q.surveypal.com\/Sisailmaoppimateriaalin-tilauskaavake-ammattikorkeakouluille\" target=\"_blank\" rel=\"noopener\">t\u00e4st\u00e4.<\/a><\/p>\n<p><em>* Luovutamme oppimateriaalin ainoastaan terveydenhuoltoalan opetusta toteuttaville ammattikorkeakouluille.<\/em><\/p>\n<hr \/>\n<h3><strong>Sis\u00e4ilmaan liitetty oireilu aikuisilla \u2013 tietoa terveydenhuoltoalan opiskelijoille<\/strong><\/h3>\n<p>Oppimateriaali on tarkoitettu ammattikorkeakoulun terveydenhuoltoalan opiskelijoille. Kurssin tavoite on lis\u00e4t\u00e4 tietoa sis\u00e4ilmaan liitetyst\u00e4 oireilusta sek\u00e4 antaa perusvalmiudet kohtaamistilanteisiin.<\/p>\n<p>Oppimateriaali keskittyy aikuisten sis\u00e4ilmaan liitettyihin oireisiin asuin-, toimisto- ja vastaavissa ymp\u00e4rist\u00f6iss\u00e4 pois lukien esimerkiksi teolliset ty\u00f6ymp\u00e4rist\u00f6t.<\/p>\n<p><strong>Valmis s\u00e4hk\u00f6inen oppimateriaali, joka on helppo sis\u00e4llytt\u00e4\u00e4 osaksi opintoja<\/strong><\/p>\n<ul>\n<li>toimii my\u00f6s itsen\u00e4isen\u00e4 kurssinaan<\/li>\n<li>kuusi tekstimoduulia, joista jokainen k\u00e4sittelee omaa aihekokonaisuuttaan<\/li>\n<li>kattavasti tietoa sis\u00e4ilmaan liitetyst\u00e4 oireilusta<\/li>\n<li>aktivoivia teht\u00e4vi\u00e4, joiden vastauksista opiskelija saa palautteen<\/li>\n<li>teko\u00e4lyyn pohjautuva potilassimulaattori, jonka avulla voi harjoitella potilaan haastattelua, kohtaamista ja ohjausta<\/li>\n<li><span class=\"TextRun SCXW791323 BCX9\" lang=\"FI-FI\" xml:lang=\"FI-FI\" data-contrast=\"auto\"><span class=\"NormalTextRun SCXW791323 BCX9\">k\u00e4yt\u00e4nn\u00f6n ty\u00f6kaluja potilaskohtaamisiin<\/span><\/span><span class=\"EOP SCXW791323 BCX9\" data-ccp-props=\"{&quot;134233117&quot;:false,&quot;134233118&quot;:false,&quot;201341983&quot;:0,&quot;335559738&quot;:0,&quot;335559739&quot;:0,&quot;335559740&quot;:259}\">\u00a0<\/span><\/li>\n<\/ul>\n<p>Kurssi on kehitetty opiskelijan itsen\u00e4isen opiskeluun. Koko kurssin suorittamiseen menee noin 3-4 tuntia aikaa. Kurssin suoritettuaan opiskelija saa tallennettua itselleen kurssitodistuksen.<\/p>\n<p>Kurssi on toteutettu MedEdun MediOppi-koulutusymp\u00e4rist\u00f6on.<\/p>\n<h4><strong>Oppimateriaalin tavoitteet:<\/strong><\/h4>\n<ul>\n<li>Tunnistaa potilaan sis\u00e4ilmaan liitt\u00e4m\u00e4n oireilun monitekij\u00e4isyyden<\/li>\n<li>Tiet\u00e4\u00e4, millaiset tekij\u00e4t voivat vaikuttaa sis\u00e4ilman laatuun sek\u00e4 n\u00e4iden tekij\u00f6iden merkityksen terveyden ja oireilun kannalta.<\/li>\n<li>Tunnistaa, millaiset tekij\u00e4t vaikuttavat oireilun taustalla.<\/li>\n<li>Saa k\u00e4sityksen omasta roolistaan ja mahdollisuuksistaan terveydenhuollon ammattilaisena sis\u00e4ilmasta oireilevan auttamisessa.<\/li>\n<li>Ymm\u00e4rt\u00e4\u00e4 potilaan kohtaamisen ja luottamuksellisen suhteen merkityksen oireilun selvittelyn kulmakiven\u00e4<\/li>\n<li>Saa k\u00e4sityksen k\u00e4yt\u00e4nn\u00f6n ty\u00f6kalujen soveltamisesta potilaskohtaamisissa<\/li>\n<\/ul>\n<p><strong>Opiskelijoiden ja opettajien kokemuksia oppimateriaalista:<\/strong><\/p>\n<blockquote><p><em>&#8220;Sis\u00e4lt\u00f6 oli hyv\u00e4 ja kattava, vinkit potilaan vastaanotolla kohtaamiseen hyvi\u00e4 tulevaa ty\u00f6t\u00e4 ajatellen.&#8221;<\/em><\/p>\n<p><em>&#8220;Kattava ja monipuolinen oppimiskokonaisuus, johon oli kivasti saatu k\u00e4yt\u00e4nn\u00f6n esimerkkej\u00e4 mukaan.&#8221;<\/em><\/p>\n<p>&#8220;&#8230;t<em>ietotestit ja potilassimulaatio toivat mielekkyytt\u00e4 kurssin suorittamiseen ja aktivoivat opiskelijaa &#8211; pelkk\u00e4 lukeminen olisi ollut liian puuduttavaa.\u201d<\/em><\/p>\n<p><em>&#8220;Oppimateriaali on hyv\u00e4 ja eritt\u00e4in tarpeellinen. Tulee k\u00e4ytt\u00f6\u00f6n jatkossakin osana opintojakson toteutusta.&#8221;<\/em><\/p>\n<p><em>&#8220;Visuaalisesti hienosti toteutettu&#8230;&#8230;Tykk\u00e4sin t\u00e4st\u00e4 paljon. Hienoa ty\u00f6t\u00e4!&#8221;<\/em><\/p><\/blockquote>\n<p><em><span class=\"TextRun SCXP153994806 BCX9\" lang=\"FI-FI\" xml:lang=\"FI-FI\" data-usefontface=\"false\" data-contrast=\"none\"><span class=\"NormalTextRun SCXP153994806 BCX9\">Oppimateriaalin sis\u00e4ll\u00f6n tuottaa Filha ry. Filha vastaa sis\u00e4ll\u00f6st\u00e4 nykyisess\u00e4 muodossaan. <\/span><\/span>Oppimateriaali pohjautuu Terveyskyl\u00e4PRO-palvelussa julkaistuun verkkokurssiin \u201dSis\u00e4ilmaan liitetty oireilu aikuisilla \u2013 Miten tutkin, tuen ja hoidan?\u201d. Kyseisen verkkokurssin on tuottanut keuhkoterveysj\u00e4rjest\u00f6 Filha ry osana Kansallista sis\u00e4ilma ja terveys -ohjelmaa (2018-2028), jonka tavoitteena on edist\u00e4\u00e4 terveytt\u00e4 ja hyvinvointia v\u00e4hent\u00e4m\u00e4ll\u00e4 sis\u00e4ymp\u00e4rist\u00f6\u00f6n liittyvi\u00e4 haittoja Suomessa. Ohjelmaa koordinoi Terveyden ja hyvinvoinnin laitos, ja ty\u00f6h\u00f6n osallistuvat aktiivisesti Ty\u00f6terveyslaitos, Filha ry, Hengitysliitto, Allergia-, Iho- ja Astmaliitto sek\u00e4 Sis\u00e4ilmayhdistys ry. Ohjelma toteuttaa hallituksen Terveet tilat 2028 -ohjelman terveyden ja hyvinvoinnin edist\u00e4mist\u00e4 koskevia toimenpiteit\u00e4.<\/em><\/p>\n<p><em>Terveyskyl\u00e4PRO:n verkkokurssin sis\u00e4lt\u00f6jen suunnitteluun ja kehitt\u00e4miseen on osallistunut asiantuntijoita Kansallinen sis\u00e4ilma ja terveys -ohjelman organisaatioista sek\u00e4 lukuisia terveydenhuollon ammattilaisia ymp\u00e4ri Suomen. Verkkokurssi on julkaistu joulukuussa 2021.<\/em><\/p>\n","protected":false},"excerpt":{"rendered":"<p>Opettaja, haluaisitko oppimateriaalin osaksi opetusta? Lataa opettajan ohjeet t\u00e4st\u00e4. Tilataksesi oppimateriaalin opetusk\u00e4ytt\u00f6\u00f6n, t\u00e4yt\u00e4 oppimateriaalin tilauskaavake t\u00e4st\u00e4. * Luovutamme oppimateriaalin ainoastaan terveydenhuoltoalan opetusta toteuttaville ammattikorkeakouluille. Sis\u00e4ilmaan liitetty oireilu aikuisilla \u2013 tietoa &#8230; <a title=\"Ammattikorkeakouluille suunnattu sis\u00e4ilmaoppimateriaali\" class=\"read-more\" href=\"https:\/\/www.filha.fi\/en\/amk-oppimateriaali\/\" aria-label=\"Read more about Ammattikorkeakouluille suunnattu sis\u00e4ilmaoppimateriaali\">Read more<\/a><\/p>\n","protected":false},"author":23,"featured_media":0,"parent":0,"menu_order":0,"comment_status":"closed","ping_status":"closed","template":"","meta":{"_acf_changed":false,"footnotes":""},"categories":[72,21,47],"class_list":["post-29811","page","type-page","status-publish","category-hanna","category-sisailma","category-tuula"],"translation":{"provider":"WPGlobus","version":"3.0.2","language":"en","enabled_languages":["fi","en"],"languages":{"fi":{"title":true,"content":true,"excerpt":false},"en":{"title":false,"content":false,"excerpt":false}}},"acf":[],"yoast_head":"<!-- This site is optimized with the Yoast SEO plugin v27.4 - https:\/\/yoast.com\/product\/yoast-seo-wordpress\/ -->\n<title>Ammattikorkeakouluille suunnattu sis\u00e4ilmaoppimateriaali - Filha<\/title>\n<meta name=\"robots\" content=\"index, follow, max-snippet:-1, max-image-preview:large, max-video-preview:-1\" \/>\n<link rel=\"canonical\" href=\"https:\/\/www.filha.fi\/amk-oppimateriaali\/\" \/>\n<meta property=\"og:locale\" content=\"en_US\" \/>\n<meta property=\"og:type\" content=\"article\" \/>\n<meta property=\"og:title\" content=\"Ammattikorkeakouluille suunnattu sis\u00e4ilmaoppimateriaali - Filha\" \/>\n<meta property=\"og:url\" content=\"https:\/\/www.filha.fi\/amk-oppimateriaali\/\" \/>\n<meta property=\"og:site_name\" content=\"Filha\" \/>\n<meta property=\"article:modified_time\" content=\"2024-09-09T10:03:38+00:00\" \/>\n<meta property=\"og:image\" content=\"https:\/\/www.filha.fi\/wp-content\/uploads\/2019\/04\/Filha-logo.png\" \/>\n\t<meta property=\"og:image:width\" content=\"960\" \/>\n\t<meta property=\"og:image:height\" content=\"1230\" \/>\n\t<meta property=\"og:image:type\" content=\"image\/png\" \/>\n<meta name=\"twitter:card\" content=\"summary_large_image\" \/>\n<meta name=\"twitter:label1\" content=\"Est. reading time\" \/>\n\t<meta name=\"twitter:data1\" content=\"2 minutes\" \/>\n<script type=\"application\/ld+json\" class=\"yoast-schema-graph\">{\"@context\":\"https:\\\/\\\/schema.org\",\"@graph\":[{\"@type\":\"WebPage\",\"@id\":\"https:\\\/\\\/www.filha.fi\\\/amk-oppimateriaali\\\/\",\"url\":\"https:\\\/\\\/www.filha.fi\\\/amk-oppimateriaali\\\/\",\"name\":\"Ammattikorkeakouluille suunnattu sis\u00e4ilmaoppimateriaali - Filha\",\"isPartOf\":{\"@id\":\"https:\\\/\\\/www.filha.fi\\\/#website\"},\"datePublished\":\"2023-12-13T12:26:03+00:00\",\"dateModified\":\"2024-09-09T10:03:38+00:00\",\"breadcrumb\":{\"@id\":\"https:\\\/\\\/www.filha.fi\\\/amk-oppimateriaali\\\/#breadcrumb\"},\"inLanguage\":\"en-US\",\"potentialAction\":[{\"@type\":\"ReadAction\",\"target\":[\"https:\\\/\\\/www.filha.fi\\\/amk-oppimateriaali\\\/\"]}]},{\"@type\":\"BreadcrumbList\",\"@id\":\"https:\\\/\\\/www.filha.fi\\\/amk-oppimateriaali\\\/#breadcrumb\",\"itemListElement\":[{\"@type\":\"ListItem\",\"position\":1,\"name\":\"Home\",\"item\":\"https:\\\/\\\/www.filha.fi\\\/\"},{\"@type\":\"ListItem\",\"position\":2,\"name\":\"Ammattikorkeakouluille suunnattu sis\u00e4ilmaoppimateriaali\"}]},{\"@type\":\"WebSite\",\"@id\":\"https:\\\/\\\/www.filha.fi\\\/#website\",\"url\":\"https:\\\/\\\/www.filha.fi\\\/\",\"name\":\"Filha\",\"description\":\"Expertise in lung health\",\"publisher\":{\"@id\":\"https:\\\/\\\/www.filha.fi\\\/#organization\"},\"potentialAction\":[{\"@type\":\"SearchAction\",\"target\":{\"@type\":\"EntryPoint\",\"urlTemplate\":\"https:\\\/\\\/www.filha.fi\\\/?s={search_term_string}\"},\"query-input\":{\"@type\":\"PropertyValueSpecification\",\"valueRequired\":true,\"valueName\":\"search_term_string\"}}],\"inLanguage\":\"en-US\"},{\"@type\":\"Organization\",\"@id\":\"https:\\\/\\\/www.filha.fi\\\/#organization\",\"name\":\"Filha ry\",\"url\":\"https:\\\/\\\/www.filha.fi\\\/\",\"logo\":{\"@type\":\"ImageObject\",\"inLanguage\":\"en-US\",\"@id\":\"https:\\\/\\\/www.filha.fi\\\/#\\\/schema\\\/logo\\\/image\\\/\",\"url\":\"https:\\\/\\\/www.filha.fi\\\/wp-content\\\/uploads\\\/2019\\\/04\\\/Filha-logo.png\",\"contentUrl\":\"https:\\\/\\\/www.filha.fi\\\/wp-content\\\/uploads\\\/2019\\\/04\\\/Filha-logo.png\",\"width\":960,\"height\":1230,\"caption\":\"Filha ry\"},\"image\":{\"@id\":\"https:\\\/\\\/www.filha.fi\\\/#\\\/schema\\\/logo\\\/image\\\/\"}}]}<\/script>\n<!-- \/ Yoast SEO plugin. -->","yoast_head_json":{"title":"Ammattikorkeakouluille suunnattu sis\u00e4ilmaoppimateriaali - Filha","robots":{"index":"index","follow":"follow","max-snippet":"max-snippet:-1","max-image-preview":"max-image-preview:large","max-video-preview":"max-video-preview:-1"},"canonical":"https:\/\/www.filha.fi\/amk-oppimateriaali\/","og_locale":"en_US","og_type":"article","og_title":"Ammattikorkeakouluille suunnattu sis\u00e4ilmaoppimateriaali - Filha","og_url":"https:\/\/www.filha.fi\/amk-oppimateriaali\/","og_site_name":"Filha","article_modified_time":"2024-09-09T10:03:38+00:00","og_image":[{"width":960,"height":1230,"url":"https:\/\/www.filha.fi\/wp-content\/uploads\/2019\/04\/Filha-logo.png","type":"image\/png"}],"twitter_card":"summary_large_image","twitter_misc":{"Est. reading time":"2 minutes"},"schema":{"@context":"https:\/\/schema.org","@graph":[{"@type":"WebPage","@id":"https:\/\/www.filha.fi\/amk-oppimateriaali\/","url":"https:\/\/www.filha.fi\/amk-oppimateriaali\/","name":"Ammattikorkeakouluille suunnattu sis\u00e4ilmaoppimateriaali - Filha","isPartOf":{"@id":"https:\/\/www.filha.fi\/#website"},"datePublished":"2023-12-13T12:26:03+00:00","dateModified":"2024-09-09T10:03:38+00:00","breadcrumb":{"@id":"https:\/\/www.filha.fi\/amk-oppimateriaali\/#breadcrumb"},"inLanguage":"en-US","potentialAction":[{"@type":"ReadAction","target":["https:\/\/www.filha.fi\/amk-oppimateriaali\/"]}]},{"@type":"BreadcrumbList","@id":"https:\/\/www.filha.fi\/amk-oppimateriaali\/#breadcrumb","itemListElement":[{"@type":"ListItem","position":1,"name":"Home","item":"https:\/\/www.filha.fi\/"},{"@type":"ListItem","position":2,"name":"Ammattikorkeakouluille suunnattu sis\u00e4ilmaoppimateriaali"}]},{"@type":"WebSite","@id":"https:\/\/www.filha.fi\/#website","url":"https:\/\/www.filha.fi\/","name":"Filha","description":"Expertise in lung health","publisher":{"@id":"https:\/\/www.filha.fi\/#organization"},"potentialAction":[{"@type":"SearchAction","target":{"@type":"EntryPoint","urlTemplate":"https:\/\/www.filha.fi\/?s={search_term_string}"},"query-input":{"@type":"PropertyValueSpecification","valueRequired":true,"valueName":"search_term_string"}}],"inLanguage":"en-US"},{"@type":"Organization","@id":"https:\/\/www.filha.fi\/#organization","name":"Filha ry","url":"https:\/\/www.filha.fi\/","logo":{"@type":"ImageObject","inLanguage":"en-US","@id":"https:\/\/www.filha.fi\/#\/schema\/logo\/image\/","url":"https:\/\/www.filha.fi\/wp-content\/uploads\/2019\/04\/Filha-logo.png","contentUrl":"https:\/\/www.filha.fi\/wp-content\/uploads\/2019\/04\/Filha-logo.png","width":960,"height":1230,"caption":"Filha ry"},"image":{"@id":"https:\/\/www.filha.fi\/#\/schema\/logo\/image\/"}}]}},"_links":{"self":[{"href":"https:\/\/www.filha.fi\/en\/wp-json\/wp\/v2\/pages\/29811","targetHints":{"allow":["GET"]}}],"collection":[{"href":"https:\/\/www.filha.fi\/en\/wp-json\/wp\/v2\/pages"}],"about":[{"href":"https:\/\/www.filha.fi\/en\/wp-json\/wp\/v2\/types\/page"}],"author":[{"embeddable":true,"href":"https:\/\/www.filha.fi\/en\/wp-json\/wp\/v2\/users\/23"}],"replies":[{"embeddable":true,"href":"https:\/\/www.filha.fi\/en\/wp-json\/wp\/v2\/comments?post=29811"}],"version-history":[{"count":0,"href":"https:\/\/www.filha.fi\/en\/wp-json\/wp\/v2\/pages\/29811\/revisions"}],"wp:attachment":[{"href":"https:\/\/www.filha.fi\/en\/wp-json\/wp\/v2\/media?parent=29811"}],"wp:term":[{"taxonomy":"category","embeddable":true,"href":"https:\/\/www.filha.fi\/en\/wp-json\/wp\/v2\/categories?post=29811"}],"curies":[{"name":"wp","href":"https:\/\/api.w.org\/{rel}","templated":true}]}}