{"id":300,"date":"2018-12-13T10:15:49","date_gmt":"2018-12-13T10:15:49","guid":{"rendered":"http:\/\/www.filha.fi\/content_page\/omataskeleet\/"},"modified":"2019-05-20T11:02:35","modified_gmt":"2019-05-20T08:02:35","slug":"omataskeleet","status":"publish","type":"page","link":"https:\/\/www.filha.fi\/en\/hankkeet\/paattyneet\/raskaus-ilman-tupakkaa\/omataskeleet\/","title":{"rendered":"OmatAskeleet"},"content":{"rendered":"<p><iframe src=\"https:\/\/player.vimeo.com\/video\/310052066\" width=\"640\" height=\"360\" frameborder=\"0\" allowfullscreen=\"allowfullscreen\"><\/iframe><\/p>\n<p>&nbsp;<\/p>\n<p><strong>P\u00e4\u00e4set <a href=\"https:\/\/fi.surveymonkey.com\/r\/OmatAskeleet\" target=\"_blank\" rel=\"noopener noreferrer\">OmatAskeleet-koulutukseen t\u00e4st\u00e4 linkist\u00e4<\/a>.<\/strong><\/p>\n<p>OmatAskeleet on osa Filha ry:n toteuttamaa Nalle-hanketta, jonka p\u00e4\u00e4m\u00e4\u00e4r\u00e4n\u00e4 on ehk\u00e4ist\u00e4 ja v\u00e4hent\u00e4\u00e4 raskaudenaikaista tupakointia. Hankkeessa kehitet\u00e4\u00e4n yhteisty\u00f6ss\u00e4 neuvolatoiminnan, koulu- ja opiskelijaterveydenhuollon ammattilaisten ja terveysalan AMK-opettajien sek\u00e4 neuvoloiden asiakkaiden kanssa tupakoinnin lopettamisen tuen keinoja. Hankkeen tavoitteena on my\u00f6s kiinnitt\u00e4\u00e4 valtakunnallisesti huomiota raskaudenaikaisen tupakoinnin ehk\u00e4isyyn ja v\u00e4hent\u00e4miseen sek\u00e4 lapsiperheiden savuttomuuden tukemiseen.<\/p>\n<p><a href=\"https:\/\/www.filha.fi\/omataskeleet\/omataskeleet-lisamateriaalit\/\">OmatAskeleet lis\u00e4materiaalit<\/a><\/p>\n<p><strong>OmatAskeleet -juliste<\/strong><br \/>\nA3 kokoinen tulostettava juliste, jossa on qr-koodi OmatAskeleet e-savuttomuuskoulutuspakettiin.<br \/>\n<a href=\"http:\/\/www.filha.fi\/wp-content\/uploads\/2017\/06\/omataskeleet-julistea3_nettiin.pdf\" target=\"_blank\" rel=\"noopener noreferrer\" type=\"application\/pdf; length=80800\">Omataskeleet\u00a0-juliste (pdf)<\/a><\/p>\n<p>#omataskeleet<br \/>\n#tupakoiva\u00e4iti<br \/>\n#ekoulutus<br \/>\n\u200b#tupakoinninlopetus<\/p>\n","protected":false},"excerpt":{"rendered":"<p>&nbsp; P\u00e4\u00e4set OmatAskeleet-koulutukseen t\u00e4st\u00e4 linkist\u00e4. OmatAskeleet on osa Filha ry:n toteuttamaa Nalle-hanketta, jonka p\u00e4\u00e4m\u00e4\u00e4r\u00e4n\u00e4 on ehk\u00e4ist\u00e4 ja v\u00e4hent\u00e4\u00e4 raskaudenaikaista tupakointia. Hankkeessa kehitet\u00e4\u00e4n yhteisty\u00f6ss\u00e4 neuvolatoiminnan, koulu- ja opiskelijaterveydenhuollon ammattilaisten ja terveysalan &#8230; <a title=\"OmatAskeleet\" class=\"read-more\" href=\"https:\/\/www.filha.fi\/en\/hankkeet\/paattyneet\/raskaus-ilman-tupakkaa\/omataskeleet\/\" aria-label=\"Read more about OmatAskeleet\">Read more<\/a><\/p>\n","protected":false},"author":4,"featured_media":0,"parent":231,"menu_order":0,"comment_status":"closed","ping_status":"closed","template":"","meta":{"_acf_changed":false,"footnotes":""},"categories":[36,38,7],"class_list":["post-300","page","type-page","status-publish","category-krista","category-maria","category-tupakka"],"translation":{"provider":"WPGlobus","version":"3.0.2","language":"en","enabled_languages":["fi","en"],"languages":{"fi":{"title":true,"content":true,"excerpt":false},"en":{"title":false,"content":false,"excerpt":false}}},"acf":[],"yoast_head":"<!-- This site is optimized with the Yoast SEO plugin v27.4 - https:\/\/yoast.com\/product\/yoast-seo-wordpress\/ -->\n<title>OmatAskeleet - Filha<\/title>\n<meta name=\"robots\" content=\"index, follow, max-snippet:-1, max-image-preview:large, max-video-preview:-1\" \/>\n<link rel=\"canonical\" href=\"https:\/\/www.filha.fi\/hankkeet\/paattyneet\/raskaus-ilman-tupakkaa\/omataskeleet\/\" \/>\n<meta property=\"og:locale\" content=\"en_US\" \/>\n<meta property=\"og:type\" content=\"article\" \/>\n<meta property=\"og:title\" content=\"OmatAskeleet - Filha\" \/>\n<meta property=\"og:url\" content=\"https:\/\/www.filha.fi\/hankkeet\/paattyneet\/raskaus-ilman-tupakkaa\/omataskeleet\/\" \/>\n<meta property=\"og:site_name\" content=\"Filha\" \/>\n<meta property=\"article:modified_time\" content=\"2019-05-20T08:02:35+00:00\" \/>\n<meta property=\"og:image\" content=\"https:\/\/www.filha.fi\/wp-content\/uploads\/2019\/04\/Filha-logo.png\" \/>\n\t<meta property=\"og:image:width\" content=\"960\" \/>\n\t<meta property=\"og:image:height\" content=\"1230\" \/>\n\t<meta property=\"og:image:type\" content=\"image\/png\" \/>\n<meta name=\"twitter:card\" content=\"summary_large_image\" \/>\n<script type=\"application\/ld+json\" class=\"yoast-schema-graph\">{\"@context\":\"https:\\\/\\\/schema.org\",\"@graph\":[{\"@type\":\"WebPage\",\"@id\":\"https:\\\/\\\/www.filha.fi\\\/hankkeet\\\/paattyneet\\\/raskaus-ilman-tupakkaa\\\/omataskeleet\\\/\",\"url\":\"https:\\\/\\\/www.filha.fi\\\/hankkeet\\\/paattyneet\\\/raskaus-ilman-tupakkaa\\\/omataskeleet\\\/\",\"name\":\"OmatAskeleet - Filha\",\"isPartOf\":{\"@id\":\"https:\\\/\\\/www.filha.fi\\\/#website\"},\"datePublished\":\"2018-12-13T10:15:49+00:00\",\"dateModified\":\"2019-05-20T08:02:35+00:00\",\"breadcrumb\":{\"@id\":\"https:\\\/\\\/www.filha.fi\\\/hankkeet\\\/paattyneet\\\/raskaus-ilman-tupakkaa\\\/omataskeleet\\\/#breadcrumb\"},\"inLanguage\":\"en-US\",\"potentialAction\":[{\"@type\":\"ReadAction\",\"target\":[\"https:\\\/\\\/www.filha.fi\\\/hankkeet\\\/paattyneet\\\/raskaus-ilman-tupakkaa\\\/omataskeleet\\\/\"]}]},{\"@type\":\"BreadcrumbList\",\"@id\":\"https:\\\/\\\/www.filha.fi\\\/hankkeet\\\/paattyneet\\\/raskaus-ilman-tupakkaa\\\/omataskeleet\\\/#breadcrumb\",\"itemListElement\":[{\"@type\":\"ListItem\",\"position\":1,\"name\":\"Home\",\"item\":\"https:\\\/\\\/www.filha.fi\\\/\"},{\"@type\":\"ListItem\",\"position\":2,\"name\":\"Hankkeet\",\"item\":\"https:\\\/\\\/www.filha.fi\\\/hankkeet\\\/\"},{\"@type\":\"ListItem\",\"position\":3,\"name\":\"P\u00e4\u00e4ttyneet hankkeet\",\"item\":\"https:\\\/\\\/www.filha.fi\\\/hankkeet\\\/paattyneet\\\/\"},{\"@type\":\"ListItem\",\"position\":4,\"name\":\"Raskaus ilman tupakkaa\",\"item\":\"https:\\\/\\\/www.filha.fi\\\/hankkeet\\\/paattyneet\\\/raskaus-ilman-tupakkaa\\\/\"},{\"@type\":\"ListItem\",\"position\":5,\"name\":\"OmatAskeleet\"}]},{\"@type\":\"WebSite\",\"@id\":\"https:\\\/\\\/www.filha.fi\\\/#website\",\"url\":\"https:\\\/\\\/www.filha.fi\\\/\",\"name\":\"Filha\",\"description\":\"Expertise in lung health\",\"publisher\":{\"@id\":\"https:\\\/\\\/www.filha.fi\\\/#organization\"},\"potentialAction\":[{\"@type\":\"SearchAction\",\"target\":{\"@type\":\"EntryPoint\",\"urlTemplate\":\"https:\\\/\\\/www.filha.fi\\\/?s={search_term_string}\"},\"query-input\":{\"@type\":\"PropertyValueSpecification\",\"valueRequired\":true,\"valueName\":\"search_term_string\"}}],\"inLanguage\":\"en-US\"},{\"@type\":\"Organization\",\"@id\":\"https:\\\/\\\/www.filha.fi\\\/#organization\",\"name\":\"Filha ry\",\"url\":\"https:\\\/\\\/www.filha.fi\\\/\",\"logo\":{\"@type\":\"ImageObject\",\"inLanguage\":\"en-US\",\"@id\":\"https:\\\/\\\/www.filha.fi\\\/#\\\/schema\\\/logo\\\/image\\\/\",\"url\":\"https:\\\/\\\/www.filha.fi\\\/wp-content\\\/uploads\\\/2019\\\/04\\\/Filha-logo.png\",\"contentUrl\":\"https:\\\/\\\/www.filha.fi\\\/wp-content\\\/uploads\\\/2019\\\/04\\\/Filha-logo.png\",\"width\":960,\"height\":1230,\"caption\":\"Filha ry\"},\"image\":{\"@id\":\"https:\\\/\\\/www.filha.fi\\\/#\\\/schema\\\/logo\\\/image\\\/\"}}]}<\/script>\n<!-- \/ Yoast SEO plugin. -->","yoast_head_json":{"title":"OmatAskeleet - Filha","robots":{"index":"index","follow":"follow","max-snippet":"max-snippet:-1","max-image-preview":"max-image-preview:large","max-video-preview":"max-video-preview:-1"},"canonical":"https:\/\/www.filha.fi\/hankkeet\/paattyneet\/raskaus-ilman-tupakkaa\/omataskeleet\/","og_locale":"en_US","og_type":"article","og_title":"OmatAskeleet - Filha","og_url":"https:\/\/www.filha.fi\/hankkeet\/paattyneet\/raskaus-ilman-tupakkaa\/omataskeleet\/","og_site_name":"Filha","article_modified_time":"2019-05-20T08:02:35+00:00","og_image":[{"width":960,"height":1230,"url":"https:\/\/www.filha.fi\/wp-content\/uploads\/2019\/04\/Filha-logo.png","type":"image\/png"}],"twitter_card":"summary_large_image","schema":{"@context":"https:\/\/schema.org","@graph":[{"@type":"WebPage","@id":"https:\/\/www.filha.fi\/hankkeet\/paattyneet\/raskaus-ilman-tupakkaa\/omataskeleet\/","url":"https:\/\/www.filha.fi\/hankkeet\/paattyneet\/raskaus-ilman-tupakkaa\/omataskeleet\/","name":"OmatAskeleet - Filha","isPartOf":{"@id":"https:\/\/www.filha.fi\/#website"},"datePublished":"2018-12-13T10:15:49+00:00","dateModified":"2019-05-20T08:02:35+00:00","breadcrumb":{"@id":"https:\/\/www.filha.fi\/hankkeet\/paattyneet\/raskaus-ilman-tupakkaa\/omataskeleet\/#breadcrumb"},"inLanguage":"en-US","potentialAction":[{"@type":"ReadAction","target":["https:\/\/www.filha.fi\/hankkeet\/paattyneet\/raskaus-ilman-tupakkaa\/omataskeleet\/"]}]},{"@type":"BreadcrumbList","@id":"https:\/\/www.filha.fi\/hankkeet\/paattyneet\/raskaus-ilman-tupakkaa\/omataskeleet\/#breadcrumb","itemListElement":[{"@type":"ListItem","position":1,"name":"Home","item":"https:\/\/www.filha.fi\/"},{"@type":"ListItem","position":2,"name":"Hankkeet","item":"https:\/\/www.filha.fi\/hankkeet\/"},{"@type":"ListItem","position":3,"name":"P\u00e4\u00e4ttyneet hankkeet","item":"https:\/\/www.filha.fi\/hankkeet\/paattyneet\/"},{"@type":"ListItem","position":4,"name":"Raskaus ilman tupakkaa","item":"https:\/\/www.filha.fi\/hankkeet\/paattyneet\/raskaus-ilman-tupakkaa\/"},{"@type":"ListItem","position":5,"name":"OmatAskeleet"}]},{"@type":"WebSite","@id":"https:\/\/www.filha.fi\/#website","url":"https:\/\/www.filha.fi\/","name":"Filha","description":"Expertise in lung health","publisher":{"@id":"https:\/\/www.filha.fi\/#organization"},"potentialAction":[{"@type":"SearchAction","target":{"@type":"EntryPoint","urlTemplate":"https:\/\/www.filha.fi\/?s={search_term_string}"},"query-input":{"@type":"PropertyValueSpecification","valueRequired":true,"valueName":"search_term_string"}}],"inLanguage":"en-US"},{"@type":"Organization","@id":"https:\/\/www.filha.fi\/#organization","name":"Filha ry","url":"https:\/\/www.filha.fi\/","logo":{"@type":"ImageObject","inLanguage":"en-US","@id":"https:\/\/www.filha.fi\/#\/schema\/logo\/image\/","url":"https:\/\/www.filha.fi\/wp-content\/uploads\/2019\/04\/Filha-logo.png","contentUrl":"https:\/\/www.filha.fi\/wp-content\/uploads\/2019\/04\/Filha-logo.png","width":960,"height":1230,"caption":"Filha ry"},"image":{"@id":"https:\/\/www.filha.fi\/#\/schema\/logo\/image\/"}}]}},"_links":{"self":[{"href":"https:\/\/www.filha.fi\/en\/wp-json\/wp\/v2\/pages\/300","targetHints":{"allow":["GET"]}}],"collection":[{"href":"https:\/\/www.filha.fi\/en\/wp-json\/wp\/v2\/pages"}],"about":[{"href":"https:\/\/www.filha.fi\/en\/wp-json\/wp\/v2\/types\/page"}],"author":[{"embeddable":true,"href":"https:\/\/www.filha.fi\/en\/wp-json\/wp\/v2\/users\/4"}],"replies":[{"embeddable":true,"href":"https:\/\/www.filha.fi\/en\/wp-json\/wp\/v2\/comments?post=300"}],"version-history":[{"count":0,"href":"https:\/\/www.filha.fi\/en\/wp-json\/wp\/v2\/pages\/300\/revisions"}],"up":[{"embeddable":true,"href":"https:\/\/www.filha.fi\/en\/wp-json\/wp\/v2\/pages\/231"}],"wp:attachment":[{"href":"https:\/\/www.filha.fi\/en\/wp-json\/wp\/v2\/media?parent=300"}],"wp:term":[{"taxonomy":"category","embeddable":true,"href":"https:\/\/www.filha.fi\/en\/wp-json\/wp\/v2\/categories?post=300"}],"curies":[{"name":"wp","href":"https:\/\/api.w.org\/{rel}","templated":true}]}}