{"id":30041,"date":"2024-01-05T09:33:32","date_gmt":"2024-01-05T07:33:32","guid":{"rendered":"https:\/\/www.filha.fi\/?page_id=30041"},"modified":"2024-01-05T09:40:13","modified_gmt":"2024-01-05T07:40:13","slug":"strategia","status":"publish","type":"page","link":"https:\/\/www.filha.fi\/en\/strategia\/","title":{"rendered":"Strategia"},"content":{"rendered":"<p><strong>FILHA STRATEGIA 2024-2027<\/strong><\/p>\n<p><strong>MISSIO<\/strong><br \/>\nHengitysterveyden hyv\u00e4ksi<\/p>\n<p><strong>VISIO<\/strong><br \/>\nAlan vaikuttavin kansanterveysj\u00e4rjest\u00f6<\/p>\n<p><strong>ARVOT<\/strong><br \/>\n<strong>Asiantuntijuus:<\/strong> Monipuolinen erityisasiantuntemus ja sen jatkuva kehitt\u00e4minen &#8211; yhdess\u00e4 tekeminen &#8211; asiantuntijaverkosto &#8211; vastuullisuus oman asiantuntijuuden kehittymisest\u00e4.<\/p>\n<p><strong>Luotettavuus:<\/strong> Luotettava toimija ja kumppani.<\/p>\n<p><strong>Riippumattomuus:<\/strong> Riippumaton eettisesti arvostettu toimintatapa &#8211; yhteisty\u00f6t\u00e4 eri kumppaneiden ja yhteis\u00f6jen kanssa &#8211; ei taloudellista tai muuta vastaavaa riippuvuussuhdetta.<\/p>\n<p><strong>Vaikuttavuus:<\/strong> My\u00f6nteisi\u00e4 mitattavia vaikutuksia v\u00e4est\u00f6n terveydentilassa, toimintakyvyss\u00e4 tai hyvinvoinnissa.<\/p>\n<p><strong>Kansainv\u00e4lisyys:<\/strong> Aktiivinen kansainv\u00e4linen toimija.<\/p>\n<p><strong>MIT\u00c4 OLEMME<\/strong><br \/>\nFilha on kansanterveysj\u00e4rjest\u00f6, joka toimii ensisijaisesti keuhkosairauksien ja tuberkuloosin ennaltaehk\u00e4isyn, hoidon ja kuntoutuksen edist\u00e4j\u00e4n\u00e4 sek\u00e4 tukee nikotiinituotteiden k\u00e4yt\u00f6n v\u00e4hent\u00e4mist\u00e4. Filha verkostoi asiantuntijoita kansallisesti sek\u00e4 kansainv\u00e4lisesti.<\/p>\n<p>Filha on kansallinen ja kansainv\u00e4linen asiantuntija- ja koulutusj\u00e4rjest\u00f6.<\/p>\n<p>Filha:n ty\u00f6 perustuu tutkittuun tietoon. Filha edist\u00e4\u00e4 yhteisty\u00f6ss\u00e4 kumppaneidemme kanssa kansanterveytt\u00e4, lains\u00e4\u00e4d\u00e4nn\u00f6n kehitt\u00e4mist\u00e4 ja vaikuttavien k\u00e4yt\u00e4nt\u00f6jen k\u00e4ytt\u00f6\u00f6nottoa sek\u00e4 tutkimusta.<\/p>\n<p><strong>N\u00c4IN VAIKUTAMME<\/strong><br \/>\n<strong>Hengitysterveyden edist\u00e4j\u00e4:<\/strong> Asiantuntijamme toteuttavat yhteisty\u00f6ss\u00e4 kumppaneidemme kanssa hengitysterveytt\u00e4 ja kansanterveytt\u00e4 edist\u00e4vi\u00e4 hankkeita ja ohjelmia.<\/p>\n<p><strong>Verkostoija:<\/strong> Mahdollistamme moniammatillisen verkostoitumisen ja osaamisen levitt\u00e4misen.<\/p>\n<p><strong>Kansainv\u00e4list\u00e4j\u00e4:<\/strong> Kansainv\u00e4listen verkostojemme avulla v\u00e4lit\u00e4mme uusinta tietoa ja osaamista alan ammattilaisille ja p\u00e4\u00e4t\u00f6ksentekij\u00f6ille.<\/p>\n<p><strong>Kouluttaja:<\/strong> J\u00e4rjest\u00e4mme asiantuntijoille koulutus- ja verkostop\u00e4ivi\u00e4.<\/p>\n<p><strong>Vaikuttaja:<\/strong> Tutkitun tiedon ja asiantuntemuksemme avulla vaikutamme yhteiskunnalliseen p\u00e4\u00e4t\u00f6ksentekoon ja lains\u00e4\u00e4d\u00e4nn\u00f6n kehitt\u00e4miseen.<\/p>\n","protected":false},"excerpt":{"rendered":"<p>FILHA STRATEGIA 2024-2027 MISSIO Hengitysterveyden hyv\u00e4ksi VISIO Alan vaikuttavin kansanterveysj\u00e4rjest\u00f6 ARVOT Asiantuntijuus: Monipuolinen erityisasiantuntemus ja sen jatkuva kehitt\u00e4minen &#8211; yhdess\u00e4 tekeminen &#8211; asiantuntijaverkosto &#8211; vastuullisuus oman asiantuntijuuden kehittymisest\u00e4. Luotettavuus: Luotettava &#8230; <a title=\"Strategia\" class=\"read-more\" href=\"https:\/\/www.filha.fi\/en\/strategia\/\" aria-label=\"Read more about Strategia\">Read more<\/a><\/p>\n","protected":false},"author":27,"featured_media":0,"parent":0,"menu_order":0,"comment_status":"closed","ping_status":"closed","template":"","meta":{"_acf_changed":false,"footnotes":""},"categories":[47],"class_list":["post-30041","page","type-page","status-publish","category-tuula"],"translation":{"provider":"WPGlobus","version":"3.0.2","language":"en","enabled_languages":["fi","en"],"languages":{"fi":{"title":true,"content":true,"excerpt":false},"en":{"title":false,"content":false,"excerpt":false}}},"acf":[],"yoast_head":"<!-- This site is optimized with the Yoast SEO plugin v27.4 - https:\/\/yoast.com\/product\/yoast-seo-wordpress\/ -->\n<title>Strategia - Filha<\/title>\n<meta name=\"robots\" content=\"index, follow, max-snippet:-1, max-image-preview:large, max-video-preview:-1\" \/>\n<link rel=\"canonical\" href=\"https:\/\/www.filha.fi\/strategia\/\" \/>\n<meta property=\"og:locale\" content=\"en_US\" \/>\n<meta property=\"og:type\" content=\"article\" \/>\n<meta property=\"og:title\" content=\"Strategia - Filha\" \/>\n<meta property=\"og:url\" content=\"https:\/\/www.filha.fi\/strategia\/\" \/>\n<meta property=\"og:site_name\" content=\"Filha\" \/>\n<meta property=\"article:modified_time\" content=\"2024-01-05T07:40:13+00:00\" \/>\n<meta property=\"og:image\" content=\"https:\/\/www.filha.fi\/wp-content\/uploads\/2019\/04\/Filha-logo.png\" \/>\n\t<meta property=\"og:image:width\" content=\"960\" \/>\n\t<meta property=\"og:image:height\" content=\"1230\" \/>\n\t<meta property=\"og:image:type\" content=\"image\/png\" \/>\n<meta name=\"twitter:card\" content=\"summary_large_image\" \/>\n<meta name=\"twitter:label1\" content=\"Est. reading time\" \/>\n\t<meta name=\"twitter:data1\" content=\"2 minutes\" \/>\n<script type=\"application\/ld+json\" class=\"yoast-schema-graph\">{\"@context\":\"https:\\\/\\\/schema.org\",\"@graph\":[{\"@type\":\"WebPage\",\"@id\":\"https:\\\/\\\/www.filha.fi\\\/strategia\\\/\",\"url\":\"https:\\\/\\\/www.filha.fi\\\/strategia\\\/\",\"name\":\"Strategia - Filha\",\"isPartOf\":{\"@id\":\"https:\\\/\\\/www.filha.fi\\\/#website\"},\"datePublished\":\"2024-01-05T07:33:32+00:00\",\"dateModified\":\"2024-01-05T07:40:13+00:00\",\"breadcrumb\":{\"@id\":\"https:\\\/\\\/www.filha.fi\\\/strategia\\\/#breadcrumb\"},\"inLanguage\":\"en-US\",\"potentialAction\":[{\"@type\":\"ReadAction\",\"target\":[\"https:\\\/\\\/www.filha.fi\\\/strategia\\\/\"]}]},{\"@type\":\"BreadcrumbList\",\"@id\":\"https:\\\/\\\/www.filha.fi\\\/strategia\\\/#breadcrumb\",\"itemListElement\":[{\"@type\":\"ListItem\",\"position\":1,\"name\":\"Home\",\"item\":\"https:\\\/\\\/www.filha.fi\\\/\"},{\"@type\":\"ListItem\",\"position\":2,\"name\":\"Strategia\"}]},{\"@type\":\"WebSite\",\"@id\":\"https:\\\/\\\/www.filha.fi\\\/#website\",\"url\":\"https:\\\/\\\/www.filha.fi\\\/\",\"name\":\"Filha\",\"description\":\"Expertise in lung health\",\"publisher\":{\"@id\":\"https:\\\/\\\/www.filha.fi\\\/#organization\"},\"potentialAction\":[{\"@type\":\"SearchAction\",\"target\":{\"@type\":\"EntryPoint\",\"urlTemplate\":\"https:\\\/\\\/www.filha.fi\\\/?s={search_term_string}\"},\"query-input\":{\"@type\":\"PropertyValueSpecification\",\"valueRequired\":true,\"valueName\":\"search_term_string\"}}],\"inLanguage\":\"en-US\"},{\"@type\":\"Organization\",\"@id\":\"https:\\\/\\\/www.filha.fi\\\/#organization\",\"name\":\"Filha ry\",\"url\":\"https:\\\/\\\/www.filha.fi\\\/\",\"logo\":{\"@type\":\"ImageObject\",\"inLanguage\":\"en-US\",\"@id\":\"https:\\\/\\\/www.filha.fi\\\/#\\\/schema\\\/logo\\\/image\\\/\",\"url\":\"https:\\\/\\\/www.filha.fi\\\/wp-content\\\/uploads\\\/2019\\\/04\\\/Filha-logo.png\",\"contentUrl\":\"https:\\\/\\\/www.filha.fi\\\/wp-content\\\/uploads\\\/2019\\\/04\\\/Filha-logo.png\",\"width\":960,\"height\":1230,\"caption\":\"Filha ry\"},\"image\":{\"@id\":\"https:\\\/\\\/www.filha.fi\\\/#\\\/schema\\\/logo\\\/image\\\/\"}}]}<\/script>\n<!-- \/ Yoast SEO plugin. -->","yoast_head_json":{"title":"Strategia - Filha","robots":{"index":"index","follow":"follow","max-snippet":"max-snippet:-1","max-image-preview":"max-image-preview:large","max-video-preview":"max-video-preview:-1"},"canonical":"https:\/\/www.filha.fi\/strategia\/","og_locale":"en_US","og_type":"article","og_title":"Strategia - Filha","og_url":"https:\/\/www.filha.fi\/strategia\/","og_site_name":"Filha","article_modified_time":"2024-01-05T07:40:13+00:00","og_image":[{"width":960,"height":1230,"url":"https:\/\/www.filha.fi\/wp-content\/uploads\/2019\/04\/Filha-logo.png","type":"image\/png"}],"twitter_card":"summary_large_image","twitter_misc":{"Est. reading time":"2 minutes"},"schema":{"@context":"https:\/\/schema.org","@graph":[{"@type":"WebPage","@id":"https:\/\/www.filha.fi\/strategia\/","url":"https:\/\/www.filha.fi\/strategia\/","name":"Strategia - Filha","isPartOf":{"@id":"https:\/\/www.filha.fi\/#website"},"datePublished":"2024-01-05T07:33:32+00:00","dateModified":"2024-01-05T07:40:13+00:00","breadcrumb":{"@id":"https:\/\/www.filha.fi\/strategia\/#breadcrumb"},"inLanguage":"en-US","potentialAction":[{"@type":"ReadAction","target":["https:\/\/www.filha.fi\/strategia\/"]}]},{"@type":"BreadcrumbList","@id":"https:\/\/www.filha.fi\/strategia\/#breadcrumb","itemListElement":[{"@type":"ListItem","position":1,"name":"Home","item":"https:\/\/www.filha.fi\/"},{"@type":"ListItem","position":2,"name":"Strategia"}]},{"@type":"WebSite","@id":"https:\/\/www.filha.fi\/#website","url":"https:\/\/www.filha.fi\/","name":"Filha","description":"Expertise in lung health","publisher":{"@id":"https:\/\/www.filha.fi\/#organization"},"potentialAction":[{"@type":"SearchAction","target":{"@type":"EntryPoint","urlTemplate":"https:\/\/www.filha.fi\/?s={search_term_string}"},"query-input":{"@type":"PropertyValueSpecification","valueRequired":true,"valueName":"search_term_string"}}],"inLanguage":"en-US"},{"@type":"Organization","@id":"https:\/\/www.filha.fi\/#organization","name":"Filha ry","url":"https:\/\/www.filha.fi\/","logo":{"@type":"ImageObject","inLanguage":"en-US","@id":"https:\/\/www.filha.fi\/#\/schema\/logo\/image\/","url":"https:\/\/www.filha.fi\/wp-content\/uploads\/2019\/04\/Filha-logo.png","contentUrl":"https:\/\/www.filha.fi\/wp-content\/uploads\/2019\/04\/Filha-logo.png","width":960,"height":1230,"caption":"Filha ry"},"image":{"@id":"https:\/\/www.filha.fi\/#\/schema\/logo\/image\/"}}]}},"_links":{"self":[{"href":"https:\/\/www.filha.fi\/en\/wp-json\/wp\/v2\/pages\/30041","targetHints":{"allow":["GET"]}}],"collection":[{"href":"https:\/\/www.filha.fi\/en\/wp-json\/wp\/v2\/pages"}],"about":[{"href":"https:\/\/www.filha.fi\/en\/wp-json\/wp\/v2\/types\/page"}],"author":[{"embeddable":true,"href":"https:\/\/www.filha.fi\/en\/wp-json\/wp\/v2\/users\/27"}],"replies":[{"embeddable":true,"href":"https:\/\/www.filha.fi\/en\/wp-json\/wp\/v2\/comments?post=30041"}],"version-history":[{"count":0,"href":"https:\/\/www.filha.fi\/en\/wp-json\/wp\/v2\/pages\/30041\/revisions"}],"wp:attachment":[{"href":"https:\/\/www.filha.fi\/en\/wp-json\/wp\/v2\/media?parent=30041"}],"wp:term":[{"taxonomy":"category","embeddable":true,"href":"https:\/\/www.filha.fi\/en\/wp-json\/wp\/v2\/categories?post=30041"}],"curies":[{"name":"wp","href":"https:\/\/api.w.org\/{rel}","templated":true}]}}