{"id":303,"date":"2019-01-09T14:01:51","date_gmt":"2019-01-09T14:01:51","guid":{"rendered":"http:\/\/www.filha.fi\/content_page\/omataskeleet-lisamateriaalit\/"},"modified":"2019-05-20T11:03:16","modified_gmt":"2019-05-20T08:03:16","slug":"omataskeleet-lisamateriaalit","status":"publish","type":"page","link":"https:\/\/www.filha.fi\/en\/hankkeet\/paattyneet\/raskaus-ilman-tupakkaa\/omataskeleet-lisamateriaalit\/","title":{"rendered":"OmatAskeleet lis\u00e4materiaalit"},"content":{"rendered":"<p>1. Raskaana olevat<\/p>\n<p><iframe src=\"https:\/\/player.vimeo.com\/video\/307435209\" width=\"640\" height=\"360\" frameborder=\"0\" allowfullscreen=\"allowfullscreen\"><\/iframe><\/p>\n<p>&nbsp;<\/p>\n<p>Mit\u00e4 tupakointi ja nuuskan k\u00e4ytt\u00f6 tekev\u00e4t suunterveydelle? Lue erikoishammasl\u00e4\u00e4k\u00e4ri <strong>Anna Maria Heikkisen<\/strong> <a href=\"https:\/\/suomenash.fi\/blogi\/hammaslaakarin-avulla-eroon-nikotiiniriippuvuudesta\/\" target=\"_blank\" rel=\"noopener noreferrer\">haastattelu nikotiinituotteiden vaikutuksista suun terveyteen Suomen ASHin sivuilta<\/a>.<\/p>\n<p>Mill\u00e4 keinoilla tupakointiin voisi puuttua neuvoloissa \u2013 ja miten \u00e4itien tarpeet otettaisiin huomioon. Lue erikoisl\u00e4\u00e4k\u00e4ri <strong>Maria Juuselan<\/strong> <a href=\"https:\/\/suomenash.fi\/blogi\/raskaus-tupakka\/\" target=\"_blank\" rel=\"noopener noreferrer\">haastattelu Suomen ASHin blogista<\/a>.<\/p>\n<p>2. Puoliso ja l\u00e4heiset<\/p>\n<p>3. Terveydenhuollon ammattilaiset<\/p>\n<p><iframe src=\"https:\/\/player.vimeo.com\/video\/307262832\" width=\"640\" height=\"360\" frameborder=\"0\" allowfullscreen=\"allowfullscreen\"><\/iframe><\/p>\n<p><iframe src=\"https:\/\/player.vimeo.com\/video\/307269899\" width=\"640\" height=\"360\" frameborder=\"0\" allowfullscreen=\"allowfullscreen\"><\/iframe><\/p>\n<p><iframe src=\"https:\/\/player.vimeo.com\/video\/307266956\" width=\"640\" height=\"360\" frameborder=\"0\" allowfullscreen=\"allowfullscreen\"><\/iframe><\/p>\n<p><iframe src=\"https:\/\/player.vimeo.com\/video\/310562271\" width=\"640\" height=\"360\" frameborder=\"0\" allowfullscreen=\"allowfullscreen\"><\/iframe><\/p>\n<p><iframe src=\"https:\/\/player.vimeo.com\/video\/311844914\" width=\"640\" height=\"360\" frameborder=\"0\" allowfullscreen=\"allowfullscreen\"><\/iframe><\/p>\n<p><iframe src=\"https:\/\/player.vimeo.com\/video\/312745556\" width=\"640\" height=\"360\" frameborder=\"0\" allowfullscreen=\"allowfullscreen\"><\/iframe><\/p>\n<p><iframe src=\"https:\/\/player.vimeo.com\/video\/312746129\" width=\"640\" height=\"360\" frameborder=\"0\" allowfullscreen=\"allowfullscreen\"><\/iframe><\/p>\n<p>&nbsp;<\/p>\n<p><a href=\"http:\/\/www.filha.fi\/wp-content\/uploads\/2019\/01\/tupakasta_vieroituksen_neuvontakortti_steso_2018_0.pdf\" target=\"_blank\" rel=\"noopener noreferrer\" type=\"application\/pdf; length=896849\">Tupakasta vieroituksen neuvontakortti (STESO 2018)<\/a><\/p>\n<p><a href=\"http:\/\/www.filha.fi\/wp-content\/uploads\/2019\/01\/kaypa_hoito_231118-viite_mukana_0512_0.pdf\" target=\"_blank\" rel=\"noopener noreferrer\" type=\"application\/pdf; length=570086\">Auta tupakoijaa lopettamaan (K\u00e4yp\u00e4 hoito)<\/a><\/p>\n<p>OmatAskeleet tekij\u00e4t: Filha Raskaus ilman tupakkaa -hanke ja Success Clinic. Kiitokset mukana olijoille Merituuli, Maija, Kirsi V\u00e4h\u00e4kangas, Susanna Jaakkola, Mikael Ekblad, Maria Juusela, Krista Abdulla Hama Salih.<\/p>\n<p>&nbsp;<\/p>\n","protected":false},"excerpt":{"rendered":"<p>1. Raskaana olevat &nbsp; Mit\u00e4 tupakointi ja nuuskan k\u00e4ytt\u00f6 tekev\u00e4t suunterveydelle? Lue erikoishammasl\u00e4\u00e4k\u00e4ri Anna Maria Heikkisen haastattelu nikotiinituotteiden vaikutuksista suun terveyteen Suomen ASHin sivuilta. Mill\u00e4 keinoilla tupakointiin voisi puuttua neuvoloissa &#8230; <a title=\"OmatAskeleet lis\u00e4materiaalit\" class=\"read-more\" href=\"https:\/\/www.filha.fi\/en\/hankkeet\/paattyneet\/raskaus-ilman-tupakkaa\/omataskeleet-lisamateriaalit\/\" aria-label=\"Read more about OmatAskeleet lis\u00e4materiaalit\">Read more<\/a><\/p>\n","protected":false},"author":4,"featured_media":0,"parent":231,"menu_order":0,"comment_status":"closed","ping_status":"closed","template":"","meta":{"_acf_changed":false,"footnotes":""},"categories":[36,38,7],"class_list":["post-303","page","type-page","status-publish","category-krista","category-maria","category-tupakka"],"translation":{"provider":"WPGlobus","version":"3.0.2","language":"en","enabled_languages":["fi","en"],"languages":{"fi":{"title":true,"content":true,"excerpt":false},"en":{"title":false,"content":false,"excerpt":false}}},"acf":[],"yoast_head":"<!-- This site is optimized with the Yoast SEO plugin v27.4 - https:\/\/yoast.com\/product\/yoast-seo-wordpress\/ -->\n<title>OmatAskeleet lis\u00e4materiaalit - Filha<\/title>\n<meta name=\"robots\" content=\"index, follow, max-snippet:-1, max-image-preview:large, max-video-preview:-1\" \/>\n<link rel=\"canonical\" href=\"https:\/\/www.filha.fi\/hankkeet\/paattyneet\/raskaus-ilman-tupakkaa\/omataskeleet-lisamateriaalit\/\" \/>\n<meta property=\"og:locale\" content=\"en_US\" \/>\n<meta property=\"og:type\" content=\"article\" \/>\n<meta property=\"og:title\" content=\"OmatAskeleet lis\u00e4materiaalit - Filha\" \/>\n<meta property=\"og:url\" content=\"https:\/\/www.filha.fi\/hankkeet\/paattyneet\/raskaus-ilman-tupakkaa\/omataskeleet-lisamateriaalit\/\" \/>\n<meta property=\"og:site_name\" content=\"Filha\" \/>\n<meta property=\"article:modified_time\" content=\"2019-05-20T08:03:16+00:00\" \/>\n<meta property=\"og:image\" content=\"https:\/\/www.filha.fi\/wp-content\/uploads\/2019\/04\/Filha-logo.png\" \/>\n\t<meta property=\"og:image:width\" content=\"960\" \/>\n\t<meta property=\"og:image:height\" content=\"1230\" \/>\n\t<meta property=\"og:image:type\" content=\"image\/png\" \/>\n<meta name=\"twitter:card\" content=\"summary_large_image\" \/>\n<script type=\"application\/ld+json\" class=\"yoast-schema-graph\">{\"@context\":\"https:\\\/\\\/schema.org\",\"@graph\":[{\"@type\":\"WebPage\",\"@id\":\"https:\\\/\\\/www.filha.fi\\\/hankkeet\\\/paattyneet\\\/raskaus-ilman-tupakkaa\\\/omataskeleet-lisamateriaalit\\\/\",\"url\":\"https:\\\/\\\/www.filha.fi\\\/hankkeet\\\/paattyneet\\\/raskaus-ilman-tupakkaa\\\/omataskeleet-lisamateriaalit\\\/\",\"name\":\"OmatAskeleet lis\u00e4materiaalit - Filha\",\"isPartOf\":{\"@id\":\"https:\\\/\\\/www.filha.fi\\\/#website\"},\"datePublished\":\"2019-01-09T14:01:51+00:00\",\"dateModified\":\"2019-05-20T08:03:16+00:00\",\"breadcrumb\":{\"@id\":\"https:\\\/\\\/www.filha.fi\\\/hankkeet\\\/paattyneet\\\/raskaus-ilman-tupakkaa\\\/omataskeleet-lisamateriaalit\\\/#breadcrumb\"},\"inLanguage\":\"en-US\",\"potentialAction\":[{\"@type\":\"ReadAction\",\"target\":[\"https:\\\/\\\/www.filha.fi\\\/hankkeet\\\/paattyneet\\\/raskaus-ilman-tupakkaa\\\/omataskeleet-lisamateriaalit\\\/\"]}]},{\"@type\":\"BreadcrumbList\",\"@id\":\"https:\\\/\\\/www.filha.fi\\\/hankkeet\\\/paattyneet\\\/raskaus-ilman-tupakkaa\\\/omataskeleet-lisamateriaalit\\\/#breadcrumb\",\"itemListElement\":[{\"@type\":\"ListItem\",\"position\":1,\"name\":\"Home\",\"item\":\"https:\\\/\\\/www.filha.fi\\\/\"},{\"@type\":\"ListItem\",\"position\":2,\"name\":\"Hankkeet\",\"item\":\"https:\\\/\\\/www.filha.fi\\\/hankkeet\\\/\"},{\"@type\":\"ListItem\",\"position\":3,\"name\":\"P\u00e4\u00e4ttyneet hankkeet\",\"item\":\"https:\\\/\\\/www.filha.fi\\\/hankkeet\\\/paattyneet\\\/\"},{\"@type\":\"ListItem\",\"position\":4,\"name\":\"Raskaus ilman tupakkaa\",\"item\":\"https:\\\/\\\/www.filha.fi\\\/hankkeet\\\/paattyneet\\\/raskaus-ilman-tupakkaa\\\/\"},{\"@type\":\"ListItem\",\"position\":5,\"name\":\"OmatAskeleet lis\u00e4materiaalit\"}]},{\"@type\":\"WebSite\",\"@id\":\"https:\\\/\\\/www.filha.fi\\\/#website\",\"url\":\"https:\\\/\\\/www.filha.fi\\\/\",\"name\":\"Filha\",\"description\":\"Expertise in lung health\",\"publisher\":{\"@id\":\"https:\\\/\\\/www.filha.fi\\\/#organization\"},\"potentialAction\":[{\"@type\":\"SearchAction\",\"target\":{\"@type\":\"EntryPoint\",\"urlTemplate\":\"https:\\\/\\\/www.filha.fi\\\/?s={search_term_string}\"},\"query-input\":{\"@type\":\"PropertyValueSpecification\",\"valueRequired\":true,\"valueName\":\"search_term_string\"}}],\"inLanguage\":\"en-US\"},{\"@type\":\"Organization\",\"@id\":\"https:\\\/\\\/www.filha.fi\\\/#organization\",\"name\":\"Filha ry\",\"url\":\"https:\\\/\\\/www.filha.fi\\\/\",\"logo\":{\"@type\":\"ImageObject\",\"inLanguage\":\"en-US\",\"@id\":\"https:\\\/\\\/www.filha.fi\\\/#\\\/schema\\\/logo\\\/image\\\/\",\"url\":\"https:\\\/\\\/www.filha.fi\\\/wp-content\\\/uploads\\\/2019\\\/04\\\/Filha-logo.png\",\"contentUrl\":\"https:\\\/\\\/www.filha.fi\\\/wp-content\\\/uploads\\\/2019\\\/04\\\/Filha-logo.png\",\"width\":960,\"height\":1230,\"caption\":\"Filha ry\"},\"image\":{\"@id\":\"https:\\\/\\\/www.filha.fi\\\/#\\\/schema\\\/logo\\\/image\\\/\"}}]}<\/script>\n<!-- \/ Yoast SEO plugin. -->","yoast_head_json":{"title":"OmatAskeleet lis\u00e4materiaalit - Filha","robots":{"index":"index","follow":"follow","max-snippet":"max-snippet:-1","max-image-preview":"max-image-preview:large","max-video-preview":"max-video-preview:-1"},"canonical":"https:\/\/www.filha.fi\/hankkeet\/paattyneet\/raskaus-ilman-tupakkaa\/omataskeleet-lisamateriaalit\/","og_locale":"en_US","og_type":"article","og_title":"OmatAskeleet lis\u00e4materiaalit - Filha","og_url":"https:\/\/www.filha.fi\/hankkeet\/paattyneet\/raskaus-ilman-tupakkaa\/omataskeleet-lisamateriaalit\/","og_site_name":"Filha","article_modified_time":"2019-05-20T08:03:16+00:00","og_image":[{"width":960,"height":1230,"url":"https:\/\/www.filha.fi\/wp-content\/uploads\/2019\/04\/Filha-logo.png","type":"image\/png"}],"twitter_card":"summary_large_image","schema":{"@context":"https:\/\/schema.org","@graph":[{"@type":"WebPage","@id":"https:\/\/www.filha.fi\/hankkeet\/paattyneet\/raskaus-ilman-tupakkaa\/omataskeleet-lisamateriaalit\/","url":"https:\/\/www.filha.fi\/hankkeet\/paattyneet\/raskaus-ilman-tupakkaa\/omataskeleet-lisamateriaalit\/","name":"OmatAskeleet lis\u00e4materiaalit - Filha","isPartOf":{"@id":"https:\/\/www.filha.fi\/#website"},"datePublished":"2019-01-09T14:01:51+00:00","dateModified":"2019-05-20T08:03:16+00:00","breadcrumb":{"@id":"https:\/\/www.filha.fi\/hankkeet\/paattyneet\/raskaus-ilman-tupakkaa\/omataskeleet-lisamateriaalit\/#breadcrumb"},"inLanguage":"en-US","potentialAction":[{"@type":"ReadAction","target":["https:\/\/www.filha.fi\/hankkeet\/paattyneet\/raskaus-ilman-tupakkaa\/omataskeleet-lisamateriaalit\/"]}]},{"@type":"BreadcrumbList","@id":"https:\/\/www.filha.fi\/hankkeet\/paattyneet\/raskaus-ilman-tupakkaa\/omataskeleet-lisamateriaalit\/#breadcrumb","itemListElement":[{"@type":"ListItem","position":1,"name":"Home","item":"https:\/\/www.filha.fi\/"},{"@type":"ListItem","position":2,"name":"Hankkeet","item":"https:\/\/www.filha.fi\/hankkeet\/"},{"@type":"ListItem","position":3,"name":"P\u00e4\u00e4ttyneet hankkeet","item":"https:\/\/www.filha.fi\/hankkeet\/paattyneet\/"},{"@type":"ListItem","position":4,"name":"Raskaus ilman tupakkaa","item":"https:\/\/www.filha.fi\/hankkeet\/paattyneet\/raskaus-ilman-tupakkaa\/"},{"@type":"ListItem","position":5,"name":"OmatAskeleet lis\u00e4materiaalit"}]},{"@type":"WebSite","@id":"https:\/\/www.filha.fi\/#website","url":"https:\/\/www.filha.fi\/","name":"Filha","description":"Expertise in lung health","publisher":{"@id":"https:\/\/www.filha.fi\/#organization"},"potentialAction":[{"@type":"SearchAction","target":{"@type":"EntryPoint","urlTemplate":"https:\/\/www.filha.fi\/?s={search_term_string}"},"query-input":{"@type":"PropertyValueSpecification","valueRequired":true,"valueName":"search_term_string"}}],"inLanguage":"en-US"},{"@type":"Organization","@id":"https:\/\/www.filha.fi\/#organization","name":"Filha ry","url":"https:\/\/www.filha.fi\/","logo":{"@type":"ImageObject","inLanguage":"en-US","@id":"https:\/\/www.filha.fi\/#\/schema\/logo\/image\/","url":"https:\/\/www.filha.fi\/wp-content\/uploads\/2019\/04\/Filha-logo.png","contentUrl":"https:\/\/www.filha.fi\/wp-content\/uploads\/2019\/04\/Filha-logo.png","width":960,"height":1230,"caption":"Filha ry"},"image":{"@id":"https:\/\/www.filha.fi\/#\/schema\/logo\/image\/"}}]}},"_links":{"self":[{"href":"https:\/\/www.filha.fi\/en\/wp-json\/wp\/v2\/pages\/303","targetHints":{"allow":["GET"]}}],"collection":[{"href":"https:\/\/www.filha.fi\/en\/wp-json\/wp\/v2\/pages"}],"about":[{"href":"https:\/\/www.filha.fi\/en\/wp-json\/wp\/v2\/types\/page"}],"author":[{"embeddable":true,"href":"https:\/\/www.filha.fi\/en\/wp-json\/wp\/v2\/users\/4"}],"replies":[{"embeddable":true,"href":"https:\/\/www.filha.fi\/en\/wp-json\/wp\/v2\/comments?post=303"}],"version-history":[{"count":0,"href":"https:\/\/www.filha.fi\/en\/wp-json\/wp\/v2\/pages\/303\/revisions"}],"up":[{"embeddable":true,"href":"https:\/\/www.filha.fi\/en\/wp-json\/wp\/v2\/pages\/231"}],"wp:attachment":[{"href":"https:\/\/www.filha.fi\/en\/wp-json\/wp\/v2\/media?parent=303"}],"wp:term":[{"taxonomy":"category","embeddable":true,"href":"https:\/\/www.filha.fi\/en\/wp-json\/wp\/v2\/categories?post=303"}],"curies":[{"name":"wp","href":"https:\/\/api.w.org\/{rel}","templated":true}]}}