{"id":304,"date":"2019-01-22T11:54:48","date_gmt":"2019-01-22T11:54:48","guid":{"rendered":"http:\/\/www.filha.fi\/content_page\/keuhkosyopapaivan-nayttely\/"},"modified":"2025-09-05T13:48:24","modified_gmt":"2025-09-05T10:48:24","slug":"keuhkosyopapaivan-nayttely","status":"publish","type":"page","link":"https:\/\/www.filha.fi\/en\/keuhkosyopapaivan-nayttely\/","title":{"rendered":"Keuhkosy\u00f6p\u00e4p\u00e4iv\u00e4n n\u00e4yttely"},"content":{"rendered":"<p><strong><span style=\"color: #000000;\">Valtakunnallinen Keuhkosy\u00f6p\u00e4p\u00e4iv\u00e4 perjantai 29.10.2021<\/span><\/strong><\/p>\n<p>Valtakunnallinen Keuhkosy\u00f6p\u00e4p\u00e4iv\u00e4 l\u00e4\u00e4\u00e4k\u00e4reille j\u00e4rjestet\u00e4\u00e4n nyt toisen kerran. <strong>Koulutus j\u00e4rjestet\u00e4\u00e4n koronapandemiaan liittyvien ep\u00e4varmuuksien vuoksi virtuaalikoulutuksena. (Tilanne p\u00e4ivitetty 25.8.2021)<\/strong><\/p>\n<p>Koulutusp\u00e4iv\u00e4n aikana tarjotaan uusinta tietoa keuhkosy\u00f6v\u00e4st\u00e4, perehdyt\u00e4\u00e4n uusimpiin tekniikoihin, tutkimuksiin ja hoitoihin.<\/p>\n<p>Tilaisuuteen kutsutaan keuhkosy\u00f6v\u00e4n tutkimukseen, diagnostiikkaan ja hoitoon osallistuvia l\u00e4\u00e4k\u00e4reit\u00e4 (keuhkol\u00e4\u00e4k\u00e4rit, onkologit, patologit, radiologit). Osallistujia arvioidaan osallistuvan noin 100.<\/p>\n<p>Toivomme l\u00e4\u00e4keteollisuuden edustajien tukevan koulutustapahtumaa osallistumalla virtuaaliseen n\u00e4yttelyyn.<\/p>\n<p>Virtuaalin\u00e4yttely toteutetaan ProspectumLIVE-alustalla.<\/p>\n<p>Virtuaalin\u00e4yttelyss\u00e4 on mahdollista valita kahdesta yhteisty\u00f6paketista. Hinnat 1800 \u20ac ja 2300 \u20ac.<\/p>\n<p>Ensimm\u00e4iseen sis\u00e4ltyy yhden henkil\u00f6n osallistumisen ja j\u00e4lkimm\u00e4iseen kahden henkil\u00f6n osallistuminen koulutustapahtumaan. Lis\u00e4henkil\u00f6t maksavat 250\u20ac\/henkil\u00f6.<\/p>\n<p>Lis\u00e4tietoa n\u00e4yttelypaketeista. <strong><a href=\"https:\/\/www.filha.fi\/wp-content\/uploads\/2021\/09\/ProspectumLIVE-Nayttely-Info-2021-Filha.pdf\" target=\"_blank\" rel=\"noopener\">ProspectumLIVE N\u00e4yttely Info 2021 Filha<\/a><\/strong><\/p>\n<h3>N\u00e4yttelyyn ilmoittautuminen<\/h3>\n<p><strong>Ilmoittautuminen n\u00e4yttelyyn t\u00e4st\u00e4 linkist\u00e4.<\/strong><\/p>\n","protected":false},"excerpt":{"rendered":"<p>Valtakunnallinen Keuhkosy\u00f6p\u00e4p\u00e4iv\u00e4 perjantai 29.10.2021 Valtakunnallinen Keuhkosy\u00f6p\u00e4p\u00e4iv\u00e4 l\u00e4\u00e4\u00e4k\u00e4reille j\u00e4rjestet\u00e4\u00e4n nyt toisen kerran. Koulutus j\u00e4rjestet\u00e4\u00e4n koronapandemiaan liittyvien ep\u00e4varmuuksien vuoksi virtuaalikoulutuksena. (Tilanne p\u00e4ivitetty 25.8.2021) Koulutusp\u00e4iv\u00e4n aikana tarjotaan uusinta tietoa keuhkosy\u00f6v\u00e4st\u00e4, perehdyt\u00e4\u00e4n uusimpiin tekniikoihin, &#8230; <a title=\"Keuhkosy\u00f6p\u00e4p\u00e4iv\u00e4n n\u00e4yttely\" class=\"read-more\" href=\"https:\/\/www.filha.fi\/en\/keuhkosyopapaivan-nayttely\/\" aria-label=\"Read more about Keuhkosy\u00f6p\u00e4p\u00e4iv\u00e4n n\u00e4yttely\">Read more<\/a><\/p>\n","protected":false},"author":4,"featured_media":0,"parent":0,"menu_order":0,"comment_status":"closed","ping_status":"closed","template":"","meta":{"_acf_changed":false,"footnotes":""},"categories":[36,41,9],"class_list":["post-304","page","type-page","status-publish","category-krista","category-paivi","category-valtakunnalliset-koulutukset"],"translation":{"provider":"WPGlobus","version":"3.0.2","language":"en","enabled_languages":["fi","en"],"languages":{"fi":{"title":true,"content":true,"excerpt":false},"en":{"title":false,"content":false,"excerpt":false}}},"acf":[],"yoast_head":"<!-- This site is optimized with the Yoast SEO plugin v27.5 - https:\/\/yoast.com\/product\/yoast-seo-wordpress\/ -->\n<title>Keuhkosy\u00f6p\u00e4p\u00e4iv\u00e4n n\u00e4yttely - Filha<\/title>\n<meta name=\"robots\" content=\"index, follow, max-snippet:-1, max-image-preview:large, max-video-preview:-1\" \/>\n<link rel=\"canonical\" href=\"https:\/\/www.filha.fi\/keuhkosyopapaivan-nayttely\/\" \/>\n<meta property=\"og:locale\" content=\"en_US\" \/>\n<meta property=\"og:type\" content=\"article\" \/>\n<meta property=\"og:title\" content=\"Keuhkosy\u00f6p\u00e4p\u00e4iv\u00e4n n\u00e4yttely - Filha\" \/>\n<meta property=\"og:url\" content=\"https:\/\/www.filha.fi\/keuhkosyopapaivan-nayttely\/\" \/>\n<meta property=\"og:site_name\" content=\"Filha\" \/>\n<meta property=\"article:modified_time\" content=\"2025-09-05T10:48:24+00:00\" \/>\n<meta property=\"og:image\" content=\"https:\/\/www.filha.fi\/wp-content\/uploads\/2019\/04\/Filha-logo.png\" \/>\n\t<meta property=\"og:image:width\" content=\"960\" \/>\n\t<meta property=\"og:image:height\" content=\"1230\" \/>\n\t<meta property=\"og:image:type\" content=\"image\/png\" \/>\n<meta name=\"twitter:card\" content=\"summary_large_image\" \/>\n<meta name=\"twitter:label1\" content=\"Est. reading time\" \/>\n\t<meta name=\"twitter:data1\" content=\"1 minute\" \/>\n<script type=\"application\/ld+json\" class=\"yoast-schema-graph\">{\"@context\":\"https:\\\/\\\/schema.org\",\"@graph\":[{\"@type\":\"WebPage\",\"@id\":\"https:\\\/\\\/www.filha.fi\\\/keuhkosyopapaivan-nayttely\\\/\",\"url\":\"https:\\\/\\\/www.filha.fi\\\/keuhkosyopapaivan-nayttely\\\/\",\"name\":\"Keuhkosy\u00f6p\u00e4p\u00e4iv\u00e4n n\u00e4yttely - Filha\",\"isPartOf\":{\"@id\":\"https:\\\/\\\/www.filha.fi\\\/#website\"},\"datePublished\":\"2019-01-22T11:54:48+00:00\",\"dateModified\":\"2025-09-05T10:48:24+00:00\",\"breadcrumb\":{\"@id\":\"https:\\\/\\\/www.filha.fi\\\/keuhkosyopapaivan-nayttely\\\/#breadcrumb\"},\"inLanguage\":\"en-US\",\"potentialAction\":[{\"@type\":\"ReadAction\",\"target\":[\"https:\\\/\\\/www.filha.fi\\\/keuhkosyopapaivan-nayttely\\\/\"]}]},{\"@type\":\"BreadcrumbList\",\"@id\":\"https:\\\/\\\/www.filha.fi\\\/keuhkosyopapaivan-nayttely\\\/#breadcrumb\",\"itemListElement\":[{\"@type\":\"ListItem\",\"position\":1,\"name\":\"Home\",\"item\":\"https:\\\/\\\/www.filha.fi\\\/\"},{\"@type\":\"ListItem\",\"position\":2,\"name\":\"Keuhkosy\u00f6p\u00e4p\u00e4iv\u00e4n n\u00e4yttely\"}]},{\"@type\":\"WebSite\",\"@id\":\"https:\\\/\\\/www.filha.fi\\\/#website\",\"url\":\"https:\\\/\\\/www.filha.fi\\\/\",\"name\":\"Filha\",\"description\":\"Expertise in lung health\",\"publisher\":{\"@id\":\"https:\\\/\\\/www.filha.fi\\\/#organization\"},\"potentialAction\":[{\"@type\":\"SearchAction\",\"target\":{\"@type\":\"EntryPoint\",\"urlTemplate\":\"https:\\\/\\\/www.filha.fi\\\/?s={search_term_string}\"},\"query-input\":{\"@type\":\"PropertyValueSpecification\",\"valueRequired\":true,\"valueName\":\"search_term_string\"}}],\"inLanguage\":\"en-US\"},{\"@type\":\"Organization\",\"@id\":\"https:\\\/\\\/www.filha.fi\\\/#organization\",\"name\":\"Filha ry\",\"url\":\"https:\\\/\\\/www.filha.fi\\\/\",\"logo\":{\"@type\":\"ImageObject\",\"inLanguage\":\"en-US\",\"@id\":\"https:\\\/\\\/www.filha.fi\\\/#\\\/schema\\\/logo\\\/image\\\/\",\"url\":\"https:\\\/\\\/www.filha.fi\\\/wp-content\\\/uploads\\\/2019\\\/04\\\/Filha-logo.png\",\"contentUrl\":\"https:\\\/\\\/www.filha.fi\\\/wp-content\\\/uploads\\\/2019\\\/04\\\/Filha-logo.png\",\"width\":960,\"height\":1230,\"caption\":\"Filha ry\"},\"image\":{\"@id\":\"https:\\\/\\\/www.filha.fi\\\/#\\\/schema\\\/logo\\\/image\\\/\"}}]}<\/script>\n<!-- \/ Yoast SEO plugin. -->","yoast_head_json":{"title":"Keuhkosy\u00f6p\u00e4p\u00e4iv\u00e4n n\u00e4yttely - Filha","robots":{"index":"index","follow":"follow","max-snippet":"max-snippet:-1","max-image-preview":"max-image-preview:large","max-video-preview":"max-video-preview:-1"},"canonical":"https:\/\/www.filha.fi\/keuhkosyopapaivan-nayttely\/","og_locale":"en_US","og_type":"article","og_title":"Keuhkosy\u00f6p\u00e4p\u00e4iv\u00e4n n\u00e4yttely - Filha","og_url":"https:\/\/www.filha.fi\/keuhkosyopapaivan-nayttely\/","og_site_name":"Filha","article_modified_time":"2025-09-05T10:48:24+00:00","og_image":[{"width":960,"height":1230,"url":"https:\/\/www.filha.fi\/wp-content\/uploads\/2019\/04\/Filha-logo.png","type":"image\/png"}],"twitter_card":"summary_large_image","twitter_misc":{"Est. reading time":"1 minute"},"schema":{"@context":"https:\/\/schema.org","@graph":[{"@type":"WebPage","@id":"https:\/\/www.filha.fi\/keuhkosyopapaivan-nayttely\/","url":"https:\/\/www.filha.fi\/keuhkosyopapaivan-nayttely\/","name":"Keuhkosy\u00f6p\u00e4p\u00e4iv\u00e4n n\u00e4yttely - Filha","isPartOf":{"@id":"https:\/\/www.filha.fi\/#website"},"datePublished":"2019-01-22T11:54:48+00:00","dateModified":"2025-09-05T10:48:24+00:00","breadcrumb":{"@id":"https:\/\/www.filha.fi\/keuhkosyopapaivan-nayttely\/#breadcrumb"},"inLanguage":"en-US","potentialAction":[{"@type":"ReadAction","target":["https:\/\/www.filha.fi\/keuhkosyopapaivan-nayttely\/"]}]},{"@type":"BreadcrumbList","@id":"https:\/\/www.filha.fi\/keuhkosyopapaivan-nayttely\/#breadcrumb","itemListElement":[{"@type":"ListItem","position":1,"name":"Home","item":"https:\/\/www.filha.fi\/"},{"@type":"ListItem","position":2,"name":"Keuhkosy\u00f6p\u00e4p\u00e4iv\u00e4n n\u00e4yttely"}]},{"@type":"WebSite","@id":"https:\/\/www.filha.fi\/#website","url":"https:\/\/www.filha.fi\/","name":"Filha","description":"Expertise in lung health","publisher":{"@id":"https:\/\/www.filha.fi\/#organization"},"potentialAction":[{"@type":"SearchAction","target":{"@type":"EntryPoint","urlTemplate":"https:\/\/www.filha.fi\/?s={search_term_string}"},"query-input":{"@type":"PropertyValueSpecification","valueRequired":true,"valueName":"search_term_string"}}],"inLanguage":"en-US"},{"@type":"Organization","@id":"https:\/\/www.filha.fi\/#organization","name":"Filha ry","url":"https:\/\/www.filha.fi\/","logo":{"@type":"ImageObject","inLanguage":"en-US","@id":"https:\/\/www.filha.fi\/#\/schema\/logo\/image\/","url":"https:\/\/www.filha.fi\/wp-content\/uploads\/2019\/04\/Filha-logo.png","contentUrl":"https:\/\/www.filha.fi\/wp-content\/uploads\/2019\/04\/Filha-logo.png","width":960,"height":1230,"caption":"Filha ry"},"image":{"@id":"https:\/\/www.filha.fi\/#\/schema\/logo\/image\/"}}]}},"_links":{"self":[{"href":"https:\/\/www.filha.fi\/en\/wp-json\/wp\/v2\/pages\/304","targetHints":{"allow":["GET"]}}],"collection":[{"href":"https:\/\/www.filha.fi\/en\/wp-json\/wp\/v2\/pages"}],"about":[{"href":"https:\/\/www.filha.fi\/en\/wp-json\/wp\/v2\/types\/page"}],"author":[{"embeddable":true,"href":"https:\/\/www.filha.fi\/en\/wp-json\/wp\/v2\/users\/4"}],"replies":[{"embeddable":true,"href":"https:\/\/www.filha.fi\/en\/wp-json\/wp\/v2\/comments?post=304"}],"version-history":[{"count":0,"href":"https:\/\/www.filha.fi\/en\/wp-json\/wp\/v2\/pages\/304\/revisions"}],"wp:attachment":[{"href":"https:\/\/www.filha.fi\/en\/wp-json\/wp\/v2\/media?parent=304"}],"wp:term":[{"taxonomy":"category","embeddable":true,"href":"https:\/\/www.filha.fi\/en\/wp-json\/wp\/v2\/categories?post=304"}],"curies":[{"name":"wp","href":"https:\/\/api.w.org\/{rel}","templated":true}]}}