{"id":30547,"date":"2024-04-09T10:54:32","date_gmt":"2024-04-09T07:54:32","guid":{"rendered":"https:\/\/www.filha.fi\/?page_id=30547"},"modified":"2025-10-29T15:26:10","modified_gmt":"2025-10-29T13:26:10","slug":"virtuaalimateriaalit","status":"publish","type":"page","link":"https:\/\/www.filha.fi\/en\/tuberkuloosi\/virtuaalimateriaalit\/","title":{"rendered":"Virtuaalimateriaalit"},"content":{"rendered":"<p>T\u00e4lle sivulle olemme koonneet Filhan tuottamia virtuaalisia tuberkuloosimateriaaleja.<\/p>\n<h2>Tuberkuloositutkimukset: ysk\u00f6sn\u00e4yte<\/h2>\n<p>Video antaa ohjeet ysk\u00f6sn\u00e4ytteen antamiseen. Ysk\u00f6sn\u00e4yte on tuberkuloosin perustutkimuksia. <!--Videossa on tekstitys, jonka voi k\u00e4\u00e4nt\u00e4\u00e4 tietokoneen avulla eri kielille.--><br \/>\n<iframe title=\"Ysk\u00f6sn\u00e4yte\" src=\"https:\/\/player.vimeo.com\/video\/1068113904?badge=0&amp;autopause=0&amp;player_id=0&amp;app_id=58479\" width=\"512\" height=\"288\" frameborder=\"0\"><\/iframe><\/p>\n<h2>Virtuaalikierros sairaalan ilmaeristyshuoneeseen<\/h2>\n<p>Virtuaalikierroksella voit tutustua sairaalan ilmaeristyshuoneeseen, jossa hoidetaan tartuttavia tuberkuloosipotilaita. L\u00e4hde virtuaalikierrokselle klikkaamalla alla olevaa kuvaa:<\/p>\n<p><a href=\"https:\/\/www.thinglink.com\/scene\/1966449901587923812\" target=\"_blank\" rel=\"noopener\"><img fetchpriority=\"high\" decoding=\"async\" class=\"alignnone wp-image-30633 size-large\" src=\"https:\/\/www.filha.fi\/wp-content\/uploads\/2025\/04\/Hoito-ilmaeristyshuoneessa.png\" alt=\"potilashuoneen ovi\" width=\"290\" height=\"512\" \/><\/a><\/p>\n<h2>Keuhkojen r\u00f6ntgenkuvaus<\/h2>\n<p>Virtuaalikierroksella voit tutustua keuhkojen r\u00f6ntgenkuvaukseen. R\u00f6ntgenkuvaus on keuhkotuberkuloosin perustutkimuksia.<br \/>\n<a href=\"https:\/\/www.thinglink.com\/scene\/1966479865611813732\" target=\"_blank\" rel=\"noopener\"><img decoding=\"async\" class=\"alignnone size-medium wp-image-32252\" src=\"https:\/\/www.filha.fi\/wp-content\/uploads\/2025\/04\/Keuhkojen-rontgenkuvaus.png\" alt=\"Keuhkojen r\u00f6ntgenkuvaus \" width=\"400\" height=\"269\" \/><\/a><\/p>\n<h2>Videotuettu tuberkuloosin l\u00e4\u00e4kehoito<\/h2>\n<p>Videolla kerrotaan videotuetusta tuberkuloosin l\u00e4\u00e4kehoidosta<br \/>\n<iframe title=\"Videotuettu tuberkuloosin l\u00e4\u00e4kehoito\" src=\"https:\/\/player.vimeo.com\/video\/1047488327?badge=0&amp;autopause=0&amp;player_id=0&amp;app_id=58479\" width=\"512\" height=\"288\" frameborder=\"0\"><\/iframe><\/p>\n<h2>Vertaistuki<\/h2>\n<p>Videolla kerrotaan vertaistuesta tuberkuloosipotilaille suomeksi ja englanniksi<br \/>\n<iframe src=\"https:\/\/player.vimeo.com\/video\/1116126407?badge=0&amp;autopause=0&amp;player_id=0&amp;app_id=58479\" width=\"512\" height=\"288\" frameborder=\"0\" allow=\"autoplay; fullscreen; picture-in-picture; clipboard-write; encrypted-media; web-share\" referrerpolicy=\"strict-origin-when-cross-origin\" title=\"Vertaistukea tuberkuloosipotilaalle\"><\/iframe><br \/>\n<iframe src=\"https:\/\/player.vimeo.com\/video\/1116126383?badge=0&amp;autopause=0&amp;player_id=0&amp;app_id=58479\" width=\"512\" height=\"288\" frameborder=\"0\" allow=\"autoplay; fullscreen; picture-in-picture; clipboard-write; encrypted-media; web-share\" referrerpolicy=\"strict-origin-when-cross-origin\" title=\"Peer support for tuberculosis patient\"><\/iframe><\/p>\n<h2>Palautekysely<\/h2>\n<p><iframe src=\"https:\/\/q.surveypal.com\/form?sid=5000021200&#038;sh=EN8DpEJRpWRW_sxQy-dBZod8FjGP71SHWYvepP1vn_SQGUJTIz6lIPKcDuWVGjeP&#038;channel=website\" style=\"width:100%;height:600px;border:none\"><\/iframe><\/p>\n","protected":false},"excerpt":{"rendered":"<p>T\u00e4lle sivulle olemme koonneet Filhan tuottamia virtuaalisia tuberkuloosimateriaaleja. Tuberkuloositutkimukset: ysk\u00f6sn\u00e4yte Video antaa ohjeet ysk\u00f6sn\u00e4ytteen antamiseen. Ysk\u00f6sn\u00e4yte on tuberkuloosin perustutkimuksia. Virtuaalikierros sairaalan ilmaeristyshuoneeseen Virtuaalikierroksella voit tutustua sairaalan ilmaeristyshuoneeseen, jossa hoidetaan tartuttavia &#8230; <a title=\"Virtuaalimateriaalit\" class=\"read-more\" href=\"https:\/\/www.filha.fi\/en\/tuberkuloosi\/virtuaalimateriaalit\/\" aria-label=\"Read more about Virtuaalimateriaalit\">Read more<\/a><\/p>\n","protected":false},"author":4,"featured_media":0,"parent":113,"menu_order":0,"comment_status":"closed","ping_status":"closed","template":"","meta":{"_acf_changed":false,"footnotes":""},"categories":[3],"class_list":["post-30547","page","type-page","status-publish","category-tuberkuloosi"],"translation":{"provider":"WPGlobus","version":"3.0.2","language":"en","enabled_languages":["fi","en"],"languages":{"fi":{"title":true,"content":true,"excerpt":false},"en":{"title":false,"content":false,"excerpt":false}}},"acf":[],"yoast_head":"<!-- This site is optimized with the Yoast SEO plugin v27.4 - https:\/\/yoast.com\/product\/yoast-seo-wordpress\/ -->\n<title>Virtuaalimateriaalit - Filha<\/title>\n<meta name=\"robots\" content=\"index, follow, max-snippet:-1, max-image-preview:large, max-video-preview:-1\" \/>\n<link rel=\"canonical\" href=\"https:\/\/www.filha.fi\/tuberkuloosi\/virtuaalimateriaalit\/\" \/>\n<meta property=\"og:locale\" content=\"en_US\" \/>\n<meta property=\"og:type\" content=\"article\" \/>\n<meta property=\"og:title\" content=\"Virtuaalimateriaalit - Filha\" \/>\n<meta property=\"og:url\" content=\"https:\/\/www.filha.fi\/tuberkuloosi\/virtuaalimateriaalit\/\" \/>\n<meta property=\"og:site_name\" content=\"Filha\" \/>\n<meta property=\"article:modified_time\" content=\"2025-10-29T13:26:10+00:00\" \/>\n<meta property=\"og:image\" content=\"https:\/\/www.filha.fi\/wp-content\/uploads\/2024\/04\/HUS-6B-ovi.jpg\" \/>\n\t<meta property=\"og:image:width\" content=\"1158\" \/>\n\t<meta property=\"og:image:height\" content=\"2048\" \/>\n\t<meta property=\"og:image:type\" content=\"image\/jpeg\" \/>\n<meta name=\"twitter:card\" content=\"summary_large_image\" \/>\n<meta name=\"twitter:label1\" content=\"Est. reading time\" \/>\n\t<meta name=\"twitter:data1\" content=\"1 minute\" \/>\n<script type=\"application\/ld+json\" class=\"yoast-schema-graph\">{\"@context\":\"https:\\\/\\\/schema.org\",\"@graph\":[{\"@type\":\"WebPage\",\"@id\":\"https:\\\/\\\/www.filha.fi\\\/tuberkuloosi\\\/virtuaalimateriaalit\\\/\",\"url\":\"https:\\\/\\\/www.filha.fi\\\/tuberkuloosi\\\/virtuaalimateriaalit\\\/\",\"name\":\"Virtuaalimateriaalit - Filha\",\"isPartOf\":{\"@id\":\"https:\\\/\\\/www.filha.fi\\\/#website\"},\"primaryImageOfPage\":{\"@id\":\"https:\\\/\\\/www.filha.fi\\\/tuberkuloosi\\\/virtuaalimateriaalit\\\/#primaryimage\"},\"image\":{\"@id\":\"https:\\\/\\\/www.filha.fi\\\/tuberkuloosi\\\/virtuaalimateriaalit\\\/#primaryimage\"},\"thumbnailUrl\":\"https:\\\/\\\/www.filha.fi\\\/wp-content\\\/uploads\\\/2025\\\/04\\\/Hoito-ilmaeristyshuoneessa.png\",\"datePublished\":\"2024-04-09T07:54:32+00:00\",\"dateModified\":\"2025-10-29T13:26:10+00:00\",\"breadcrumb\":{\"@id\":\"https:\\\/\\\/www.filha.fi\\\/tuberkuloosi\\\/virtuaalimateriaalit\\\/#breadcrumb\"},\"inLanguage\":\"en-US\",\"potentialAction\":[{\"@type\":\"ReadAction\",\"target\":[\"https:\\\/\\\/www.filha.fi\\\/tuberkuloosi\\\/virtuaalimateriaalit\\\/\"]}]},{\"@type\":\"ImageObject\",\"inLanguage\":\"en-US\",\"@id\":\"https:\\\/\\\/www.filha.fi\\\/tuberkuloosi\\\/virtuaalimateriaalit\\\/#primaryimage\",\"url\":\"https:\\\/\\\/www.filha.fi\\\/wp-content\\\/uploads\\\/2025\\\/04\\\/Hoito-ilmaeristyshuoneessa.png\",\"contentUrl\":\"https:\\\/\\\/www.filha.fi\\\/wp-content\\\/uploads\\\/2025\\\/04\\\/Hoito-ilmaeristyshuoneessa.png\"},{\"@type\":\"BreadcrumbList\",\"@id\":\"https:\\\/\\\/www.filha.fi\\\/tuberkuloosi\\\/virtuaalimateriaalit\\\/#breadcrumb\",\"itemListElement\":[{\"@type\":\"ListItem\",\"position\":1,\"name\":\"Home\",\"item\":\"https:\\\/\\\/www.filha.fi\\\/\"},{\"@type\":\"ListItem\",\"position\":2,\"name\":\"Tuberkuloosi\",\"item\":\"https:\\\/\\\/www.filha.fi\\\/tuberkuloosi\\\/\"},{\"@type\":\"ListItem\",\"position\":3,\"name\":\"Virtuaalimateriaalit\"}]},{\"@type\":\"WebSite\",\"@id\":\"https:\\\/\\\/www.filha.fi\\\/#website\",\"url\":\"https:\\\/\\\/www.filha.fi\\\/\",\"name\":\"Filha\",\"description\":\"Expertise in lung health\",\"publisher\":{\"@id\":\"https:\\\/\\\/www.filha.fi\\\/#organization\"},\"potentialAction\":[{\"@type\":\"SearchAction\",\"target\":{\"@type\":\"EntryPoint\",\"urlTemplate\":\"https:\\\/\\\/www.filha.fi\\\/?s={search_term_string}\"},\"query-input\":{\"@type\":\"PropertyValueSpecification\",\"valueRequired\":true,\"valueName\":\"search_term_string\"}}],\"inLanguage\":\"en-US\"},{\"@type\":\"Organization\",\"@id\":\"https:\\\/\\\/www.filha.fi\\\/#organization\",\"name\":\"Filha ry\",\"url\":\"https:\\\/\\\/www.filha.fi\\\/\",\"logo\":{\"@type\":\"ImageObject\",\"inLanguage\":\"en-US\",\"@id\":\"https:\\\/\\\/www.filha.fi\\\/#\\\/schema\\\/logo\\\/image\\\/\",\"url\":\"https:\\\/\\\/www.filha.fi\\\/wp-content\\\/uploads\\\/2019\\\/04\\\/Filha-logo.png\",\"contentUrl\":\"https:\\\/\\\/www.filha.fi\\\/wp-content\\\/uploads\\\/2019\\\/04\\\/Filha-logo.png\",\"width\":960,\"height\":1230,\"caption\":\"Filha ry\"},\"image\":{\"@id\":\"https:\\\/\\\/www.filha.fi\\\/#\\\/schema\\\/logo\\\/image\\\/\"}}]}<\/script>\n<!-- \/ Yoast SEO plugin. -->","yoast_head_json":{"title":"Virtuaalimateriaalit - Filha","robots":{"index":"index","follow":"follow","max-snippet":"max-snippet:-1","max-image-preview":"max-image-preview:large","max-video-preview":"max-video-preview:-1"},"canonical":"https:\/\/www.filha.fi\/tuberkuloosi\/virtuaalimateriaalit\/","og_locale":"en_US","og_type":"article","og_title":"Virtuaalimateriaalit - Filha","og_url":"https:\/\/www.filha.fi\/tuberkuloosi\/virtuaalimateriaalit\/","og_site_name":"Filha","article_modified_time":"2025-10-29T13:26:10+00:00","og_image":[{"width":1158,"height":2048,"url":"https:\/\/www.filha.fi\/wp-content\/uploads\/2024\/04\/HUS-6B-ovi.jpg","type":"image\/jpeg"}],"twitter_card":"summary_large_image","twitter_misc":{"Est. reading time":"1 minute"},"schema":{"@context":"https:\/\/schema.org","@graph":[{"@type":"WebPage","@id":"https:\/\/www.filha.fi\/tuberkuloosi\/virtuaalimateriaalit\/","url":"https:\/\/www.filha.fi\/tuberkuloosi\/virtuaalimateriaalit\/","name":"Virtuaalimateriaalit - Filha","isPartOf":{"@id":"https:\/\/www.filha.fi\/#website"},"primaryImageOfPage":{"@id":"https:\/\/www.filha.fi\/tuberkuloosi\/virtuaalimateriaalit\/#primaryimage"},"image":{"@id":"https:\/\/www.filha.fi\/tuberkuloosi\/virtuaalimateriaalit\/#primaryimage"},"thumbnailUrl":"https:\/\/www.filha.fi\/wp-content\/uploads\/2025\/04\/Hoito-ilmaeristyshuoneessa.png","datePublished":"2024-04-09T07:54:32+00:00","dateModified":"2025-10-29T13:26:10+00:00","breadcrumb":{"@id":"https:\/\/www.filha.fi\/tuberkuloosi\/virtuaalimateriaalit\/#breadcrumb"},"inLanguage":"en-US","potentialAction":[{"@type":"ReadAction","target":["https:\/\/www.filha.fi\/tuberkuloosi\/virtuaalimateriaalit\/"]}]},{"@type":"ImageObject","inLanguage":"en-US","@id":"https:\/\/www.filha.fi\/tuberkuloosi\/virtuaalimateriaalit\/#primaryimage","url":"https:\/\/www.filha.fi\/wp-content\/uploads\/2025\/04\/Hoito-ilmaeristyshuoneessa.png","contentUrl":"https:\/\/www.filha.fi\/wp-content\/uploads\/2025\/04\/Hoito-ilmaeristyshuoneessa.png"},{"@type":"BreadcrumbList","@id":"https:\/\/www.filha.fi\/tuberkuloosi\/virtuaalimateriaalit\/#breadcrumb","itemListElement":[{"@type":"ListItem","position":1,"name":"Home","item":"https:\/\/www.filha.fi\/"},{"@type":"ListItem","position":2,"name":"Tuberkuloosi","item":"https:\/\/www.filha.fi\/tuberkuloosi\/"},{"@type":"ListItem","position":3,"name":"Virtuaalimateriaalit"}]},{"@type":"WebSite","@id":"https:\/\/www.filha.fi\/#website","url":"https:\/\/www.filha.fi\/","name":"Filha","description":"Expertise in lung health","publisher":{"@id":"https:\/\/www.filha.fi\/#organization"},"potentialAction":[{"@type":"SearchAction","target":{"@type":"EntryPoint","urlTemplate":"https:\/\/www.filha.fi\/?s={search_term_string}"},"query-input":{"@type":"PropertyValueSpecification","valueRequired":true,"valueName":"search_term_string"}}],"inLanguage":"en-US"},{"@type":"Organization","@id":"https:\/\/www.filha.fi\/#organization","name":"Filha ry","url":"https:\/\/www.filha.fi\/","logo":{"@type":"ImageObject","inLanguage":"en-US","@id":"https:\/\/www.filha.fi\/#\/schema\/logo\/image\/","url":"https:\/\/www.filha.fi\/wp-content\/uploads\/2019\/04\/Filha-logo.png","contentUrl":"https:\/\/www.filha.fi\/wp-content\/uploads\/2019\/04\/Filha-logo.png","width":960,"height":1230,"caption":"Filha ry"},"image":{"@id":"https:\/\/www.filha.fi\/#\/schema\/logo\/image\/"}}]}},"_links":{"self":[{"href":"https:\/\/www.filha.fi\/en\/wp-json\/wp\/v2\/pages\/30547","targetHints":{"allow":["GET"]}}],"collection":[{"href":"https:\/\/www.filha.fi\/en\/wp-json\/wp\/v2\/pages"}],"about":[{"href":"https:\/\/www.filha.fi\/en\/wp-json\/wp\/v2\/types\/page"}],"author":[{"embeddable":true,"href":"https:\/\/www.filha.fi\/en\/wp-json\/wp\/v2\/users\/4"}],"replies":[{"embeddable":true,"href":"https:\/\/www.filha.fi\/en\/wp-json\/wp\/v2\/comments?post=30547"}],"version-history":[{"count":1,"href":"https:\/\/www.filha.fi\/en\/wp-json\/wp\/v2\/pages\/30547\/revisions"}],"predecessor-version":[{"id":34064,"href":"https:\/\/www.filha.fi\/en\/wp-json\/wp\/v2\/pages\/30547\/revisions\/34064"}],"up":[{"embeddable":true,"href":"https:\/\/www.filha.fi\/en\/wp-json\/wp\/v2\/pages\/113"}],"wp:attachment":[{"href":"https:\/\/www.filha.fi\/en\/wp-json\/wp\/v2\/media?parent=30547"}],"wp:term":[{"taxonomy":"category","embeddable":true,"href":"https:\/\/www.filha.fi\/en\/wp-json\/wp\/v2\/categories?post=30547"}],"curies":[{"name":"wp","href":"https:\/\/api.w.org\/{rel}","templated":true}]}}