{"id":30565,"date":"2024-04-11T14:15:15","date_gmt":"2024-04-11T11:15:15","guid":{"rendered":"https:\/\/www.filha.fi\/?page_id=30565"},"modified":"2024-04-11T14:51:33","modified_gmt":"2024-04-11T11:51:33","slug":"ota-yhteytta","status":"publish","type":"page","link":"https:\/\/www.filha.fi\/en\/yhteystiedot\/ota-yhteytta\/","title":{"rendered":"Ota yhteytt\u00e4"},"content":{"rendered":"<p>Filha on suomalainen tuberkuloosin ja keuhkosairauksien asiantuntijaj\u00e4rjest\u00f6.<\/p>\n<p>Henkil\u00f6kuntamme yhteystiedot l\u00f6yd\u00e4t <a href=\"https:\/\/www.filha.fi\/yhteystiedot\/\">t\u00e4\u00e4lt\u00e4<\/a>.<\/p>\n<p>Toimistomme sijaitsee Sibeliuksenkadulla T\u00f6\u00f6l\u00f6ss\u00e4, Helsingiss\u00e4 (<a href=\"https:\/\/www.google.com\/maps\/place\/Filha+ry\/@60.1821796,24.9187629,17z\/data=!3m1!4b1!4m6!3m5!1s0x46920a25bc8d246f:0x23bd922bf5c271d1!8m2!3d60.182177!4d24.9213378!16s%2Fg%2F1vbnn1fp?entry=ttu\" target=\"_blank\" rel=\"noopener\">kartalla<\/a>).<\/p>\n<p>Postiosoitteemme on<\/p>\n<p>Filha ry<br \/>\nSibeliuksenkatu 11 A 1<br \/>\n00250 Helsinki<\/p>\n<p>Toimistomme puhelinnumero on 044 566 9034.<\/p>\n<p>Kiireett\u00f6miss\u00e4 asioissa voit l\u00e4hett\u00e4\u00e4 meille my\u00f6s s\u00e4hk\u00f6postia osoitteeseen:<br \/>\n<a href=\"mailto:filha@filha.fi\">filha@filha.fi<\/a><\/p>\n<h2>Medialle<\/h2>\n<p>Kaikki Filhan uutiset ovat <a href=\"https:\/\/www.filha.fi\/ajankohtaista\/\">Ajankohtaista-otsikon<\/a> alla.<\/p>\n<p>Filhan mediatiedotteet l\u00f6yd\u00e4t <a href=\"https:\/\/www.epressi.com\/uutishuoneet\/filha-ry-2.html\" target=\"_blank\" rel=\"noopener\">Filhan uutishuoneesta<\/a>.<\/p>\n<p>Filhan logon png-muodossa voit ladata <a href=\"https:\/\/www.filha.fi\/wp-content\/uploads\/2024\/04\/Filha-Logo.png\" target=\"_blank\" rel=\"noopener\">t\u00e4st\u00e4 linkist\u00e4<\/a>.<\/p>\n<h3>Median yhteydenotot<\/h3>\n<p>\u00a0\u00a0<br \/>\nTuula Vasankari, p\u00e4\u00e4sihteeri, LT, professori, keuhkosairauksien erikoisl\u00e4\u00e4k\u00e4ri, <a href=\"mailto:tuula.vasankari@filha.fi\">tuula.vasankari@filha.fi<\/a>, p. 050 545 0589<\/p>\n<p>Tiina Kononen, koulutus- ja viestint\u00e4vastaava, <a href=\"mailto:tiina.kononen@filha.fi\">tiina.kononen@filha.fi<\/a>, p. 044 901 6033<\/p>\n<h2>Laskutus<\/h2>\n<p>Pyyd\u00e4mme l\u00e4hett\u00e4m\u00e4\u00e4n laskut ensi sijassa verkkolaskuina osoitteeseen:<\/p>\n<p>Verkkolaskutusosoite: 003702023126<br \/>\nV\u00e4litt\u00e4j\u00e4: Basware oyj<br \/>\nOperaattoritunnus: BAWCFI22<br \/>\nFilhan y-tunnus on 0202312-6<\/p>\n<p>Jos et voi l\u00e4hett\u00e4\u00e4 laskua verkkolaskuna, pyyd\u00e4mme l\u00e4hett\u00e4m\u00e4\u00e4n laskut s\u00e4hk\u00f6postilla osoitteeseen:<br \/>\n<a href=\"mailto:laskut.balance-team@talenom.fi\">laskut.balance-team@talenom.fi<\/a><\/p>\n<h2>Joulumerkkikotiarkisto<\/h2>\n<p>Filha luovutti joulumerkkikoteja koskevan arkiston Kansallisarkistoon marraskuussa 2016.<\/p>\n<p>Joulumerkkikodissa lapsena hoidettu henkil\u00f6 saa kaikki itse\u00e4\u00e4n koskevat tiedot, mutta ei asiakirjoihin mahdollisesti sis\u00e4ltyvi\u00e4 vanhempiensa tai sisarustensa terveydentilaa tai terveyden- ja sairaanhoitoa koskevia tietoja, ellei heid\u00e4n kuolemastaan ole kulunut 50 vuotta. N\u00e4iden tietojen salassapito perustuu potilaan asemasta ja oikeuksista annettuun lakiin (785\/1992) ja henkil\u00f6tietolakiin (523\/1999).<\/p>\n<p>Voit tehd\u00e4 joulumerkkikotiarkistoon kohdistuvat tietopyynn\u00f6t suoraan <a href=\"http:\/\/www.filha.fi\/wp-content\/uploads\/2019\/04\/suomen_tuberkuloosin_vastustamisyhdistys_joulumerkkikotilapset_ohje_12_1_2017.pdf\" target=\"_blank\" rel=\"noopener\">Kansallisarkistoon liitteen\u00e4 olevan ohjeistuksen mukaisesti<\/a>.<\/p>\n","protected":false},"excerpt":{"rendered":"<p>Filha on suomalainen tuberkuloosin ja keuhkosairauksien asiantuntijaj\u00e4rjest\u00f6. Henkil\u00f6kuntamme yhteystiedot l\u00f6yd\u00e4t t\u00e4\u00e4lt\u00e4. Toimistomme sijaitsee Sibeliuksenkadulla T\u00f6\u00f6l\u00f6ss\u00e4, Helsingiss\u00e4 (kartalla). Postiosoitteemme on Filha ry Sibeliuksenkatu 11 A 1 00250 Helsinki Toimistomme puhelinnumero on &#8230; <a title=\"Ota yhteytt\u00e4\" class=\"read-more\" href=\"https:\/\/www.filha.fi\/en\/yhteystiedot\/ota-yhteytta\/\" aria-label=\"Read more about Ota yhteytt\u00e4\">Read more<\/a><\/p>\n","protected":false},"author":4,"featured_media":0,"parent":899,"menu_order":0,"comment_status":"closed","ping_status":"closed","template":"","meta":{"_acf_changed":false,"footnotes":""},"categories":[105,47],"class_list":["post-30565","page","type-page","status-publish","category-tiina","category-tuula"],"translation":{"provider":"WPGlobus","version":"3.0.2","language":"en","enabled_languages":["fi","en"],"languages":{"fi":{"title":true,"content":true,"excerpt":false},"en":{"title":false,"content":false,"excerpt":false}}},"acf":[],"yoast_head":"<!-- This site is optimized with the Yoast SEO plugin v27.4 - https:\/\/yoast.com\/product\/yoast-seo-wordpress\/ -->\n<title>Ota yhteytt\u00e4 - Filha<\/title>\n<meta name=\"robots\" content=\"index, follow, max-snippet:-1, max-image-preview:large, max-video-preview:-1\" \/>\n<link rel=\"canonical\" href=\"https:\/\/www.filha.fi\/yhteystiedot\/ota-yhteytta\/\" \/>\n<meta property=\"og:locale\" content=\"en_US\" \/>\n<meta property=\"og:type\" content=\"article\" \/>\n<meta property=\"og:title\" content=\"Ota yhteytt\u00e4 - Filha\" \/>\n<meta property=\"og:url\" content=\"https:\/\/www.filha.fi\/yhteystiedot\/ota-yhteytta\/\" \/>\n<meta property=\"og:site_name\" content=\"Filha\" \/>\n<meta property=\"article:modified_time\" content=\"2024-04-11T11:51:33+00:00\" \/>\n<meta property=\"og:image\" content=\"https:\/\/www.filha.fi\/wp-content\/uploads\/2019\/04\/Filha-logo.png\" \/>\n\t<meta property=\"og:image:width\" content=\"960\" \/>\n\t<meta property=\"og:image:height\" content=\"1230\" \/>\n\t<meta property=\"og:image:type\" content=\"image\/png\" \/>\n<meta name=\"twitter:card\" content=\"summary_large_image\" \/>\n<meta name=\"twitter:label1\" content=\"Est. reading time\" \/>\n\t<meta name=\"twitter:data1\" content=\"2 minutes\" \/>\n<script type=\"application\/ld+json\" class=\"yoast-schema-graph\">{\"@context\":\"https:\\\/\\\/schema.org\",\"@graph\":[{\"@type\":\"WebPage\",\"@id\":\"https:\\\/\\\/www.filha.fi\\\/yhteystiedot\\\/ota-yhteytta\\\/\",\"url\":\"https:\\\/\\\/www.filha.fi\\\/yhteystiedot\\\/ota-yhteytta\\\/\",\"name\":\"Ota yhteytt\u00e4 - Filha\",\"isPartOf\":{\"@id\":\"https:\\\/\\\/www.filha.fi\\\/#website\"},\"datePublished\":\"2024-04-11T11:15:15+00:00\",\"dateModified\":\"2024-04-11T11:51:33+00:00\",\"breadcrumb\":{\"@id\":\"https:\\\/\\\/www.filha.fi\\\/yhteystiedot\\\/ota-yhteytta\\\/#breadcrumb\"},\"inLanguage\":\"en-US\",\"potentialAction\":[{\"@type\":\"ReadAction\",\"target\":[\"https:\\\/\\\/www.filha.fi\\\/yhteystiedot\\\/ota-yhteytta\\\/\"]}]},{\"@type\":\"BreadcrumbList\",\"@id\":\"https:\\\/\\\/www.filha.fi\\\/yhteystiedot\\\/ota-yhteytta\\\/#breadcrumb\",\"itemListElement\":[{\"@type\":\"ListItem\",\"position\":1,\"name\":\"Home\",\"item\":\"https:\\\/\\\/www.filha.fi\\\/\"},{\"@type\":\"ListItem\",\"position\":2,\"name\":\"Yhteystiedot\",\"item\":\"https:\\\/\\\/www.filha.fi\\\/yhteystiedot\\\/\"},{\"@type\":\"ListItem\",\"position\":3,\"name\":\"Ota yhteytt\u00e4\"}]},{\"@type\":\"WebSite\",\"@id\":\"https:\\\/\\\/www.filha.fi\\\/#website\",\"url\":\"https:\\\/\\\/www.filha.fi\\\/\",\"name\":\"Filha\",\"description\":\"Expertise in lung health\",\"publisher\":{\"@id\":\"https:\\\/\\\/www.filha.fi\\\/#organization\"},\"potentialAction\":[{\"@type\":\"SearchAction\",\"target\":{\"@type\":\"EntryPoint\",\"urlTemplate\":\"https:\\\/\\\/www.filha.fi\\\/?s={search_term_string}\"},\"query-input\":{\"@type\":\"PropertyValueSpecification\",\"valueRequired\":true,\"valueName\":\"search_term_string\"}}],\"inLanguage\":\"en-US\"},{\"@type\":\"Organization\",\"@id\":\"https:\\\/\\\/www.filha.fi\\\/#organization\",\"name\":\"Filha ry\",\"url\":\"https:\\\/\\\/www.filha.fi\\\/\",\"logo\":{\"@type\":\"ImageObject\",\"inLanguage\":\"en-US\",\"@id\":\"https:\\\/\\\/www.filha.fi\\\/#\\\/schema\\\/logo\\\/image\\\/\",\"url\":\"https:\\\/\\\/www.filha.fi\\\/wp-content\\\/uploads\\\/2019\\\/04\\\/Filha-logo.png\",\"contentUrl\":\"https:\\\/\\\/www.filha.fi\\\/wp-content\\\/uploads\\\/2019\\\/04\\\/Filha-logo.png\",\"width\":960,\"height\":1230,\"caption\":\"Filha ry\"},\"image\":{\"@id\":\"https:\\\/\\\/www.filha.fi\\\/#\\\/schema\\\/logo\\\/image\\\/\"}}]}<\/script>\n<!-- \/ Yoast SEO plugin. -->","yoast_head_json":{"title":"Ota yhteytt\u00e4 - Filha","robots":{"index":"index","follow":"follow","max-snippet":"max-snippet:-1","max-image-preview":"max-image-preview:large","max-video-preview":"max-video-preview:-1"},"canonical":"https:\/\/www.filha.fi\/yhteystiedot\/ota-yhteytta\/","og_locale":"en_US","og_type":"article","og_title":"Ota yhteytt\u00e4 - Filha","og_url":"https:\/\/www.filha.fi\/yhteystiedot\/ota-yhteytta\/","og_site_name":"Filha","article_modified_time":"2024-04-11T11:51:33+00:00","og_image":[{"width":960,"height":1230,"url":"https:\/\/www.filha.fi\/wp-content\/uploads\/2019\/04\/Filha-logo.png","type":"image\/png"}],"twitter_card":"summary_large_image","twitter_misc":{"Est. reading time":"2 minutes"},"schema":{"@context":"https:\/\/schema.org","@graph":[{"@type":"WebPage","@id":"https:\/\/www.filha.fi\/yhteystiedot\/ota-yhteytta\/","url":"https:\/\/www.filha.fi\/yhteystiedot\/ota-yhteytta\/","name":"Ota yhteytt\u00e4 - Filha","isPartOf":{"@id":"https:\/\/www.filha.fi\/#website"},"datePublished":"2024-04-11T11:15:15+00:00","dateModified":"2024-04-11T11:51:33+00:00","breadcrumb":{"@id":"https:\/\/www.filha.fi\/yhteystiedot\/ota-yhteytta\/#breadcrumb"},"inLanguage":"en-US","potentialAction":[{"@type":"ReadAction","target":["https:\/\/www.filha.fi\/yhteystiedot\/ota-yhteytta\/"]}]},{"@type":"BreadcrumbList","@id":"https:\/\/www.filha.fi\/yhteystiedot\/ota-yhteytta\/#breadcrumb","itemListElement":[{"@type":"ListItem","position":1,"name":"Home","item":"https:\/\/www.filha.fi\/"},{"@type":"ListItem","position":2,"name":"Yhteystiedot","item":"https:\/\/www.filha.fi\/yhteystiedot\/"},{"@type":"ListItem","position":3,"name":"Ota yhteytt\u00e4"}]},{"@type":"WebSite","@id":"https:\/\/www.filha.fi\/#website","url":"https:\/\/www.filha.fi\/","name":"Filha","description":"Expertise in lung health","publisher":{"@id":"https:\/\/www.filha.fi\/#organization"},"potentialAction":[{"@type":"SearchAction","target":{"@type":"EntryPoint","urlTemplate":"https:\/\/www.filha.fi\/?s={search_term_string}"},"query-input":{"@type":"PropertyValueSpecification","valueRequired":true,"valueName":"search_term_string"}}],"inLanguage":"en-US"},{"@type":"Organization","@id":"https:\/\/www.filha.fi\/#organization","name":"Filha ry","url":"https:\/\/www.filha.fi\/","logo":{"@type":"ImageObject","inLanguage":"en-US","@id":"https:\/\/www.filha.fi\/#\/schema\/logo\/image\/","url":"https:\/\/www.filha.fi\/wp-content\/uploads\/2019\/04\/Filha-logo.png","contentUrl":"https:\/\/www.filha.fi\/wp-content\/uploads\/2019\/04\/Filha-logo.png","width":960,"height":1230,"caption":"Filha ry"},"image":{"@id":"https:\/\/www.filha.fi\/#\/schema\/logo\/image\/"}}]}},"_links":{"self":[{"href":"https:\/\/www.filha.fi\/en\/wp-json\/wp\/v2\/pages\/30565","targetHints":{"allow":["GET"]}}],"collection":[{"href":"https:\/\/www.filha.fi\/en\/wp-json\/wp\/v2\/pages"}],"about":[{"href":"https:\/\/www.filha.fi\/en\/wp-json\/wp\/v2\/types\/page"}],"author":[{"embeddable":true,"href":"https:\/\/www.filha.fi\/en\/wp-json\/wp\/v2\/users\/4"}],"replies":[{"embeddable":true,"href":"https:\/\/www.filha.fi\/en\/wp-json\/wp\/v2\/comments?post=30565"}],"version-history":[{"count":0,"href":"https:\/\/www.filha.fi\/en\/wp-json\/wp\/v2\/pages\/30565\/revisions"}],"up":[{"embeddable":true,"href":"https:\/\/www.filha.fi\/en\/wp-json\/wp\/v2\/pages\/899"}],"wp:attachment":[{"href":"https:\/\/www.filha.fi\/en\/wp-json\/wp\/v2\/media?parent=30565"}],"wp:term":[{"taxonomy":"category","embeddable":true,"href":"https:\/\/www.filha.fi\/en\/wp-json\/wp\/v2\/categories?post=30565"}],"curies":[{"name":"wp","href":"https:\/\/api.w.org\/{rel}","templated":true}]}}