{"id":307,"date":"2019-02-08T07:15:20","date_gmt":"2019-02-08T07:15:20","guid":{"rendered":"http:\/\/www.filha.fi\/content_page\/keski-aasian-keuhkoterveyshanke\/"},"modified":"2021-04-06T11:59:16","modified_gmt":"2021-04-06T08:59:16","slug":"keski-aasian-keuhkoterveyshanke","status":"publish","type":"page","link":"https:\/\/www.filha.fi\/en\/hankkeet\/keski-aasian-keuhkoterveyshanke\/","title":{"rendered":"Keski-Aasian keuhkoterveyshanke"},"content":{"rendered":"<table border=\"1\" cellspacing=\"0\" cellpadding=\"0\">\n<tbody>\n<tr>\n<td>Kesto<\/td>\n<td>2017\u20132020<\/td>\n<\/tr>\n<tr>\n<td>P\u00e4\u00e4toteuttaja<\/td>\n<td>Filha ry<\/td>\n<\/tr>\n<tr>\n<td>Rahoittajat<\/td>\n<td>Ulkoministeri\u00f6<\/td>\n<\/tr>\n<tr>\n<td>Yhteisty\u00f6kumppanit<\/td>\n<td>Kirgisiassa: Kansanterveyden keskus, Terveysministeri\u00f6, Opetusministeri\u00f6, L\u00e4\u00e4ketieteellinen jatkokoulutusinstituutti, Village Health Committee -j\u00e4rjest\u00f6<\/p>\n<p>Tad\u017eikistanissa: Perhel\u00e4\u00e4ketieteen yhdistys<\/p>\n<p>Suomessa: Suomen ASH ry<\/td>\n<\/tr>\n<tr>\n<td>Kohderyhm\u00e4<\/td>\n<td>Terveydenhuollon henkil\u00f6st\u00f6, opettajat ja oppilaat, paikallishallinto, media sek\u00e4 perheet ja v\u00e4est\u00f6 hankealueilla.<\/td>\n<\/tr>\n<tr>\n<td>Lyhyt kuvaus<\/td>\n<td>Filha on toteuttanut laaja-alaista tupakoinnin v\u00e4hent\u00e4miseen t\u00e4ht\u00e4\u00e4v\u00e4\u00e4 hanketta Kirgisiassa vuodesta 2011. Nykyinen hanke on <a href=\"https:\/\/www.filha.fi\/hankkeet\/paattyneet\/kirgisian-tupakoinnin-vahentamishanke\/\">jatkoa edelliselle Kirgisiassa toteutetulla hankkeelle<\/a>.<\/p>\n<p>Filha on kehitt\u00e4nyt yhteis\u00f6perusteisen tupakkaty\u00f6n mallin Kirgisian nelj\u00e4ll\u00e4 alueella (T\u0161yi, Naryn, Talas, Yssyk-K\u00f6l 2011-2016) <a href=\"http:\/\/www.who.int\/fctc\/en\/\">WHO:n tupakkapuitesopimuksen (FCTC)<\/a> mukaisesti. Ty\u00f6n tulokset ovat rohkaisevia ja kehitetty malli on otettu osaksi Kirgisian tarttumattomien tautien (NCD) strategiaa.<\/p>\n<p>Hankkeen tavoitteena on kouluttaa yhteiskunnan avainryhmi\u00e4 (perhel\u00e4\u00e4k\u00e4reit\u00e4, opettajia, koululaisia, kyl\u00e4terveyskomiteoita, mediaa, paikallishallintoa) tupakkakysymyksiss\u00e4 (tupakkalains\u00e4\u00e4d\u00e4nt\u00f6, ennaltaehk\u00e4isy, tupakoinnin lopettaminen, tupakkariippuvuuden hoito) ja siten parantaa kansan tietoisuutta, vaikuttaa asenteisiin ja tukea tupakoinnin lopettamista. Jatkuvuuden turvaamiseksi toimet on sis\u00e4llytetty terveydenhuollon olemassa oleviin rakenteisiin ja rutiineihin. Kirgisialaisia asiantuntijoita k\u00e4ytet\u00e4\u00e4n apuna ja kouluttajina my\u00f6s muissa Keski-Aasian maissa.<\/p>\n<p>Hankkeen viimeinen vaihe Kirgisiassa kattaa maan etel\u00e4osan kolme aluetta (O\u0161, \u017dalal-Abad, Batken) samoin kuin jatkuvuuden turvaamisen valtakunnallisesti. Filha jatkaa keskusteluja tad\u017eikistanilaisten ja uzbekistanilaisten kumppanien ja WHO:n maatoimistojen kanssa koskien toimia n\u00e4iss\u00e4 maissa ja hankety\u00f6n koordinointia. Hankkeen tuloksena syntyy Keski-Aasian maiden tupakka-asiantuntijoiden verkosto, johon kuuluu sek\u00e4 viranomaisia ett\u00e4 kansalaisj\u00e4rjest\u00f6jen edustajia.<\/p>\n<p>Hankkeessa edistet\u00e4\u00e4n <a title=\"http:\/\/www.who.int\/fctc\/en\/\" href=\"http:\/\/www.who.int\/fctc\/en\/\" target=\"_blank\" rel=\"noopener noreferrer\">Maailman terveysj\u00e4rjest\u00f6n (WHO) tupakoinnin torjuntaa koskevan puitesopimuksen (FCTC)<\/a> implementaatiota ruohonjuuritasolla.<\/td>\n<\/tr>\n<tr>\n<td>Yhteyshenkil\u00f6<\/td>\n<td>Patrick Sandstr\u00f6m<\/p>\n<p>Erityisasiantuntija<br \/>\np. 040 5150512<br \/>\n<a href=\"mailto:patrick.sandstrom@filha.fi\">patrick.sandstrom@filha.fi<\/a><\/td>\n<\/tr>\n<\/tbody>\n<\/table>\n<p><a href=\"http:\/\/www.filha.fi\/wp-content\/uploads\/2019\/02\/keski-aasia_flyer_en.pdf\" target=\"_blank\" rel=\"noopener noreferrer\" type=\"application\/pdf; length=208338\">Hanke-esite englanniksi<\/a><\/p>\n<p><a href=\"http:\/\/www.filha.fi\/wp-content\/uploads\/2019\/02\/keski-aasia_flyer_ru.pdf\" target=\"_blank\" rel=\"noopener noreferrer\" type=\"application\/pdf; length=226218\">Hanke-esite ven\u00e4j\u00e4ksi<\/a><\/p>\n","protected":false},"excerpt":{"rendered":"<p>Kesto 2017\u20132020 P\u00e4\u00e4toteuttaja Filha ry Rahoittajat Ulkoministeri\u00f6 Yhteisty\u00f6kumppanit Kirgisiassa: Kansanterveyden keskus, Terveysministeri\u00f6, Opetusministeri\u00f6, L\u00e4\u00e4ketieteellinen jatkokoulutusinstituutti, Village Health Committee -j\u00e4rjest\u00f6 Tad\u017eikistanissa: Perhel\u00e4\u00e4ketieteen yhdistys Suomessa: Suomen ASH ry Kohderyhm\u00e4 Terveydenhuollon henkil\u00f6st\u00f6, opettajat &#8230; <a title=\"Keski-Aasian keuhkoterveyshanke\" class=\"read-more\" href=\"https:\/\/www.filha.fi\/en\/hankkeet\/keski-aasian-keuhkoterveyshanke\/\" aria-label=\"Read more about Keski-Aasian keuhkoterveyshanke\">Read more<\/a><\/p>\n","protected":false},"author":4,"featured_media":0,"parent":37,"menu_order":0,"comment_status":"closed","ping_status":"closed","template":"","meta":{"_acf_changed":false,"footnotes":""},"categories":[25,46,44,7],"class_list":["post-307","page","type-page","status-publish","category-keski-aasia","category-mikko","category-patrick","category-tupakka"],"translation":{"provider":"WPGlobus","version":"3.0.2","language":"en","enabled_languages":["fi","en"],"languages":{"fi":{"title":true,"content":true,"excerpt":false},"en":{"title":false,"content":false,"excerpt":false}}},"acf":[],"yoast_head":"<!-- This site is optimized with the Yoast SEO plugin v27.4 - https:\/\/yoast.com\/product\/yoast-seo-wordpress\/ -->\n<title>Keski-Aasian keuhkoterveyshanke - Filha<\/title>\n<meta name=\"robots\" content=\"index, follow, max-snippet:-1, max-image-preview:large, max-video-preview:-1\" \/>\n<link rel=\"canonical\" href=\"https:\/\/www.filha.fi\/hankkeet\/keski-aasian-keuhkoterveyshanke\/\" \/>\n<meta property=\"og:locale\" content=\"en_US\" \/>\n<meta property=\"og:type\" content=\"article\" \/>\n<meta property=\"og:title\" content=\"Keski-Aasian keuhkoterveyshanke - Filha\" \/>\n<meta property=\"og:url\" content=\"https:\/\/www.filha.fi\/hankkeet\/keski-aasian-keuhkoterveyshanke\/\" \/>\n<meta property=\"og:site_name\" content=\"Filha\" \/>\n<meta property=\"article:modified_time\" content=\"2021-04-06T08:59:16+00:00\" \/>\n<meta property=\"og:image\" content=\"https:\/\/www.filha.fi\/wp-content\/uploads\/2019\/04\/Filha-logo.png\" \/>\n\t<meta property=\"og:image:width\" content=\"960\" \/>\n\t<meta property=\"og:image:height\" content=\"1230\" \/>\n\t<meta property=\"og:image:type\" content=\"image\/png\" \/>\n<meta name=\"twitter:card\" content=\"summary_large_image\" \/>\n<meta name=\"twitter:label1\" content=\"Est. reading time\" \/>\n\t<meta name=\"twitter:data1\" content=\"1 minute\" \/>\n<script type=\"application\/ld+json\" class=\"yoast-schema-graph\">{\"@context\":\"https:\\\/\\\/schema.org\",\"@graph\":[{\"@type\":\"WebPage\",\"@id\":\"https:\\\/\\\/www.filha.fi\\\/hankkeet\\\/keski-aasian-keuhkoterveyshanke\\\/\",\"url\":\"https:\\\/\\\/www.filha.fi\\\/hankkeet\\\/keski-aasian-keuhkoterveyshanke\\\/\",\"name\":\"Keski-Aasian keuhkoterveyshanke - Filha\",\"isPartOf\":{\"@id\":\"https:\\\/\\\/www.filha.fi\\\/#website\"},\"datePublished\":\"2019-02-08T07:15:20+00:00\",\"dateModified\":\"2021-04-06T08:59:16+00:00\",\"breadcrumb\":{\"@id\":\"https:\\\/\\\/www.filha.fi\\\/hankkeet\\\/keski-aasian-keuhkoterveyshanke\\\/#breadcrumb\"},\"inLanguage\":\"en-US\",\"potentialAction\":[{\"@type\":\"ReadAction\",\"target\":[\"https:\\\/\\\/www.filha.fi\\\/hankkeet\\\/keski-aasian-keuhkoterveyshanke\\\/\"]}]},{\"@type\":\"BreadcrumbList\",\"@id\":\"https:\\\/\\\/www.filha.fi\\\/hankkeet\\\/keski-aasian-keuhkoterveyshanke\\\/#breadcrumb\",\"itemListElement\":[{\"@type\":\"ListItem\",\"position\":1,\"name\":\"Home\",\"item\":\"https:\\\/\\\/www.filha.fi\\\/\"},{\"@type\":\"ListItem\",\"position\":2,\"name\":\"Hankkeet\",\"item\":\"https:\\\/\\\/www.filha.fi\\\/hankkeet\\\/\"},{\"@type\":\"ListItem\",\"position\":3,\"name\":\"Keski-Aasian keuhkoterveyshanke\"}]},{\"@type\":\"WebSite\",\"@id\":\"https:\\\/\\\/www.filha.fi\\\/#website\",\"url\":\"https:\\\/\\\/www.filha.fi\\\/\",\"name\":\"Filha\",\"description\":\"Expertise in lung health\",\"publisher\":{\"@id\":\"https:\\\/\\\/www.filha.fi\\\/#organization\"},\"potentialAction\":[{\"@type\":\"SearchAction\",\"target\":{\"@type\":\"EntryPoint\",\"urlTemplate\":\"https:\\\/\\\/www.filha.fi\\\/?s={search_term_string}\"},\"query-input\":{\"@type\":\"PropertyValueSpecification\",\"valueRequired\":true,\"valueName\":\"search_term_string\"}}],\"inLanguage\":\"en-US\"},{\"@type\":\"Organization\",\"@id\":\"https:\\\/\\\/www.filha.fi\\\/#organization\",\"name\":\"Filha ry\",\"url\":\"https:\\\/\\\/www.filha.fi\\\/\",\"logo\":{\"@type\":\"ImageObject\",\"inLanguage\":\"en-US\",\"@id\":\"https:\\\/\\\/www.filha.fi\\\/#\\\/schema\\\/logo\\\/image\\\/\",\"url\":\"https:\\\/\\\/www.filha.fi\\\/wp-content\\\/uploads\\\/2019\\\/04\\\/Filha-logo.png\",\"contentUrl\":\"https:\\\/\\\/www.filha.fi\\\/wp-content\\\/uploads\\\/2019\\\/04\\\/Filha-logo.png\",\"width\":960,\"height\":1230,\"caption\":\"Filha ry\"},\"image\":{\"@id\":\"https:\\\/\\\/www.filha.fi\\\/#\\\/schema\\\/logo\\\/image\\\/\"}}]}<\/script>\n<!-- \/ Yoast SEO plugin. -->","yoast_head_json":{"title":"Keski-Aasian keuhkoterveyshanke - Filha","robots":{"index":"index","follow":"follow","max-snippet":"max-snippet:-1","max-image-preview":"max-image-preview:large","max-video-preview":"max-video-preview:-1"},"canonical":"https:\/\/www.filha.fi\/hankkeet\/keski-aasian-keuhkoterveyshanke\/","og_locale":"en_US","og_type":"article","og_title":"Keski-Aasian keuhkoterveyshanke - Filha","og_url":"https:\/\/www.filha.fi\/hankkeet\/keski-aasian-keuhkoterveyshanke\/","og_site_name":"Filha","article_modified_time":"2021-04-06T08:59:16+00:00","og_image":[{"width":960,"height":1230,"url":"https:\/\/www.filha.fi\/wp-content\/uploads\/2019\/04\/Filha-logo.png","type":"image\/png"}],"twitter_card":"summary_large_image","twitter_misc":{"Est. reading time":"1 minute"},"schema":{"@context":"https:\/\/schema.org","@graph":[{"@type":"WebPage","@id":"https:\/\/www.filha.fi\/hankkeet\/keski-aasian-keuhkoterveyshanke\/","url":"https:\/\/www.filha.fi\/hankkeet\/keski-aasian-keuhkoterveyshanke\/","name":"Keski-Aasian keuhkoterveyshanke - Filha","isPartOf":{"@id":"https:\/\/www.filha.fi\/#website"},"datePublished":"2019-02-08T07:15:20+00:00","dateModified":"2021-04-06T08:59:16+00:00","breadcrumb":{"@id":"https:\/\/www.filha.fi\/hankkeet\/keski-aasian-keuhkoterveyshanke\/#breadcrumb"},"inLanguage":"en-US","potentialAction":[{"@type":"ReadAction","target":["https:\/\/www.filha.fi\/hankkeet\/keski-aasian-keuhkoterveyshanke\/"]}]},{"@type":"BreadcrumbList","@id":"https:\/\/www.filha.fi\/hankkeet\/keski-aasian-keuhkoterveyshanke\/#breadcrumb","itemListElement":[{"@type":"ListItem","position":1,"name":"Home","item":"https:\/\/www.filha.fi\/"},{"@type":"ListItem","position":2,"name":"Hankkeet","item":"https:\/\/www.filha.fi\/hankkeet\/"},{"@type":"ListItem","position":3,"name":"Keski-Aasian keuhkoterveyshanke"}]},{"@type":"WebSite","@id":"https:\/\/www.filha.fi\/#website","url":"https:\/\/www.filha.fi\/","name":"Filha","description":"Expertise in lung health","publisher":{"@id":"https:\/\/www.filha.fi\/#organization"},"potentialAction":[{"@type":"SearchAction","target":{"@type":"EntryPoint","urlTemplate":"https:\/\/www.filha.fi\/?s={search_term_string}"},"query-input":{"@type":"PropertyValueSpecification","valueRequired":true,"valueName":"search_term_string"}}],"inLanguage":"en-US"},{"@type":"Organization","@id":"https:\/\/www.filha.fi\/#organization","name":"Filha ry","url":"https:\/\/www.filha.fi\/","logo":{"@type":"ImageObject","inLanguage":"en-US","@id":"https:\/\/www.filha.fi\/#\/schema\/logo\/image\/","url":"https:\/\/www.filha.fi\/wp-content\/uploads\/2019\/04\/Filha-logo.png","contentUrl":"https:\/\/www.filha.fi\/wp-content\/uploads\/2019\/04\/Filha-logo.png","width":960,"height":1230,"caption":"Filha ry"},"image":{"@id":"https:\/\/www.filha.fi\/#\/schema\/logo\/image\/"}}]}},"_links":{"self":[{"href":"https:\/\/www.filha.fi\/en\/wp-json\/wp\/v2\/pages\/307","targetHints":{"allow":["GET"]}}],"collection":[{"href":"https:\/\/www.filha.fi\/en\/wp-json\/wp\/v2\/pages"}],"about":[{"href":"https:\/\/www.filha.fi\/en\/wp-json\/wp\/v2\/types\/page"}],"author":[{"embeddable":true,"href":"https:\/\/www.filha.fi\/en\/wp-json\/wp\/v2\/users\/4"}],"replies":[{"embeddable":true,"href":"https:\/\/www.filha.fi\/en\/wp-json\/wp\/v2\/comments?post=307"}],"version-history":[{"count":0,"href":"https:\/\/www.filha.fi\/en\/wp-json\/wp\/v2\/pages\/307\/revisions"}],"up":[{"embeddable":true,"href":"https:\/\/www.filha.fi\/en\/wp-json\/wp\/v2\/pages\/37"}],"wp:attachment":[{"href":"https:\/\/www.filha.fi\/en\/wp-json\/wp\/v2\/media?parent=307"}],"wp:term":[{"taxonomy":"category","embeddable":true,"href":"https:\/\/www.filha.fi\/en\/wp-json\/wp\/v2\/categories?post=307"}],"curies":[{"name":"wp","href":"https:\/\/api.w.org\/{rel}","templated":true}]}}