{"id":308,"date":"2019-03-06T08:27:08","date_gmt":"2019-03-06T08:27:08","guid":{"rendered":"http:\/\/www.filha.fi\/content_page\/irti-nuuskasta\/"},"modified":"2026-03-11T10:24:17","modified_gmt":"2026-03-11T08:24:17","slug":"irti-nuuskasta","status":"publish","type":"page","link":"https:\/\/www.filha.fi\/en\/hankkeet\/irti-nuuskasta\/","title":{"rendered":"Irti nuuskasta"},"content":{"rendered":"<p>&nbsp;<\/p>\n<table border=\"1\" cellspacing=\"0\" cellpadding=\"0\">\n<tbody>\n<tr>\n<td>Nimi<\/td>\n<td>Irti nuuskasta -hanke<\/td>\n<\/tr>\n<tr>\n<td>Kesto<\/td>\n<td>2019\u22122025<\/td>\n<\/tr>\n<tr>\n<td>P\u00e4\u00e4toteuttaja<\/td>\n<td>Filha ry<\/td>\n<\/tr>\n<tr>\n<td>Muut toteuttajat<\/td>\n<td>Puolustusvoimat, eritoten Varusmiestoimikunnat (VMTK)<\/td>\n<\/tr>\n<tr>\n<td>Yhteisty\u00f6kumppanit<\/td>\n<td>Sotilaskotiliitto<br \/>\nSotilasurheiluliitto (SOTUL)<br \/>\nVarusmiesliitto<\/td>\n<\/tr>\n<tr>\n<td>Rahoittaja<\/td>\n<td>Sosiaali- ja terveysj\u00e4rjest\u00f6jen avustuskeskus (STEA)<\/td>\n<\/tr>\n<tr>\n<td>Kohderyhm\u00e4<\/td>\n<td>Varusmiehet<\/td>\n<\/tr>\n<tr>\n<td><\/td>\n<td><\/td>\n<\/tr>\n<tr>\n<td>Lyhyt kuvaus<\/td>\n<td>Irti nuuskasta -hanke <strong>t\u00e4ht\u00e4\u00e4 varusmiesten nuuskan k\u00e4yt\u00f6n v\u00e4hent\u00e4miseen<\/strong> tiedottamisella ja ryhm\u00e4toiminnalla<\/p>\n<p>Tavoitteet:<\/p>\n<ol>\n<li>Tarjota varusmiehille <strong>tukea<\/strong> nuuskan k\u00e4yt\u00f6n v\u00e4hent\u00e4miseen ja lopettamiseen<\/li>\n<li>Tarjota varusmiehille ja heid\u00e4n kanssaan l\u00e4heisesti armeija-aikana toimiville henkil\u00f6ille ja tahoille <strong>tietoa<\/strong> nuuskan k\u00e4yt\u00f6st\u00e4 vahvistamaan lopettamishalukkuutta<\/li>\n<\/ol>\n<\/td>\n<\/tr>\n<tr>\n<td>Yhteyshenkil\u00f6t<\/td>\n<td>Anelma Lammi, hankevastaava, <a href=\"mailto:anelma.lammi@filha.fi\">anelma.lammi(at)filha.fi<\/a><\/p>\n<p>Hannele Anthoni, hankety\u00f6ntekij\u00e4, hannele.anthoni(at)filha.fi<\/p>\n<p>Marika Uusikartano, hankety\u00f6ntekij\u00e4, marika.uusikartano(at)filha.fi<\/td>\n<\/tr>\n<\/tbody>\n<\/table>\n<h2><\/h2>\n<h2>Hankkeen esittelyvideo<\/h2>\n<p><iframe title=\"YouTube video player\" src=\"https:\/\/www.youtube.com\/embed\/XVYqwhBJA8g\" width=\"560\" height=\"315\" frameborder=\"0\" allowfullscreen=\"allowfullscreen\"><span data-mce-type=\"bookmark\" style=\"display: inline-block; width: 0px; overflow: hidden; line-height: 0;\" class=\"mce_SELRES_start\">\ufeff<\/span><\/iframe><\/p>\n<h2><\/h2>\n<h2>Irti nuuskasta -sivusto<\/h2>\n<p>Haluatko irti nuuskasta? Tutustu <a href=\"https:\/\/www.irtinuuskasta.fi\/\" target=\"_blank\" rel=\"noopener noreferrer\"><strong>Irtinuuskasta.fi-sivuihin<\/strong><\/a>, jonne on koottu vinkkej\u00e4 ja tukimateriaalia lopettamiseen.<\/p>\n<h2><\/h2>\n<h2>Nikotiiniriippuvuustestit<\/h2>\n<p><a class=\"button\" href=\"https:\/\/www.filha.fi\/nikotiiniriippuvuustesti-nuuskaajille\/\" target=\"_blank\" rel=\"noopener noreferrer\">Nuuskaaja, tee nikotiiniriippuvuustesti<\/a><\/p>\n<p style=\"text-align: left;\"><a class=\"button\" href=\"https:\/\/www.filha.fi\/nikotiiniriippuvuustesti-tupakoiville\/\" target=\"_blank\" rel=\"noopener noreferrer\">Tupakoija, tee nikotiiniriippuvuustesti<\/a><\/p>\n<p><a href=\"https:\/\/www.filha.fi\/wp-content\/uploads\/2020\/05\/Nikotiinitesti_A4.pdf\" target=\"_blank\" rel=\"noopener noreferrer\"><img fetchpriority=\"high\" decoding=\"async\" class=\"size-medium wp-image-4416\" src=\"https:\/\/www.filha.fi\/wp-content\/uploads\/2020\/05\/Nikotiinitesti-212x300.jpg\" alt=\"\" width=\"212\" height=\"300\" srcset=\"https:\/\/www.filha.fi\/wp-content\/uploads\/2020\/05\/Nikotiinitesti-212x300.jpg 212w, https:\/\/www.filha.fi\/wp-content\/uploads\/2020\/05\/Nikotiinitesti-724x1024.jpg 724w, https:\/\/www.filha.fi\/wp-content\/uploads\/2020\/05\/Nikotiinitesti-768x1086.jpg 768w, https:\/\/www.filha.fi\/wp-content\/uploads\/2020\/05\/Nikotiinitesti-1086x1536.jpg 1086w, https:\/\/www.filha.fi\/wp-content\/uploads\/2020\/05\/Nikotiinitesti-1448x2048.jpg 1448w, https:\/\/www.filha.fi\/wp-content\/uploads\/2020\/05\/Nikotiinitesti-scaled.jpg 1810w\" sizes=\"(max-width: 212px) 100vw, 212px\" \/><\/a><\/p>\n<h2><\/h2>\n<h2>Tutkittua tietoa liikunnan vaikutuksesta nikotiininhimoon<\/h2>\n<p>Irti nuuskasta -hankkeen tuottamassa kirjallisuuskatsauksessa koottiin yhteen t\u00e4m\u00e4n hetkinen tutkimustieto liikunnan vaikutuksista akuuttiin nikotiinin himoon sek\u00e4 vieroitusoireisiin. Tutkimukset osoittavat, ett\u00e4 liikunta helpottaa akuuttia tarvetta saada nikotiinia.<\/p>\n<p>Lue lis\u00e4\u00e4:\u00a0 <a href=\"https:\/\/www.filha.fi\/hankkeet\/irti-nuuskasta\/tutkittua-tietoa-liikunnan-vaikutuksista-nikotiininhimoon\/\" target=\"_blank\" rel=\"noopener\">Tutkittua tietoa liikunnan vaikutuksesta nikotiininhimoon<\/a><\/p>\n<h3>Irti nikotiinituotteista -video<\/h3>\n<p>Puolustusvoimat on julkaissut Youtube-kanavallaan Irti nikotiinituotteista -videon. Filha ry:ll\u00e4 ja Irti nuuskasta -hankkeella oli kunnia olla mukana valmistelemassa videota. Videossa esitell\u00e4\u00e4n riippuvuutta, nikotiinin, tupakoinnin ja nuuskauksen vaikutuksia suoritus- ja toimintakykyyn ja terveyteen sek\u00e4 lopettamisen vaikutuksia. Voit katsoa videon Youtubesta tekstitettyn\u00e4 suomeksi, ruotsiksi ja englanniksi:<br \/>\n<a href=\"https:\/\/www.youtube.com\/watch?v=JWrBko6a7-w\" target=\"_blank\" rel=\"noopener\">Irti nikotiinituotteista<\/a><br \/>\n<a href=\"https:\/\/www.youtube.com\/watch?v=KcTIEqU-3-k\" target=\"_blank\" rel=\"noopener\">Fri fr\u00e5n nikotinprodukter<\/a><br \/>\n<a href=\"https:\/\/www.youtube.com\/watch?v=cyVFQeax1I8\" target=\"_blank\" rel=\"noopener\">Free from nicotine products<\/a><\/p>\n<p>&nbsp;<\/p>\n<h3>Hankkeesta mediassa<\/h3>\n<p><a href=\"https:\/\/areena.yle.fi\/audio\/1-61753373\" target=\"_blank\" rel=\"noopener\">Inttistoorit-podcastissa<\/a> maininta hankkeen tj0nuuskalle Instagram-tilist\u00e4 (Yle Areena, 14.4.2022)<br \/>\n<a href=\"https:\/\/ruotuvaki.fi\/-\/rv-4-22\" target=\"_blank\" rel=\"noopener\">TJ 0 Nuuskalle<\/a> (Ruotuv\u00e4ki 4\/22 s. 22, verkkolehti 8.4.2022)<br \/>\nNuuska, nikotiini ja suorituskyky (Sotilasurheilu, verkkolehti s. 6, 25.2.2022)<br \/>\n<a href=\"https:\/\/ruotuvaki.fi\/-\/tutkimuksen-mukaan-yli-kolmasosa\" target=\"_blank\" rel=\"noopener\">Tutkimuksen mukaan yli kolmasosa varusmiehist\u00e4 k\u00e4ytt\u00e4\u00e4 nuuskaa<\/a> (Ruotuv\u00e4ki, verkkolehti 21.9.2021)<br \/>\n<a href=\"https:\/\/ruotuvaki.fi\/-\/rv-17-20\">Yh\u00e4 useampi varusmies haluaa lopettaa nuuskaamisen<\/a> (Ruotuv\u00e4ki 17\/2020 s. 35)<br \/>\n<a href=\"https:\/\/www.ammattisotilas.fi\/asl\/lehdet\/4_2020\/tupakaton_nuuska_aiheuttaa_riippuvuutta\" target=\"_blank\" rel=\"noopener noreferrer\">Tupakaton nuuska aiheuttaa riippuvuutta<\/a> (Ammattisotilas 14.8.2020)<br \/>\n<a href=\"https:\/\/www.ammattisotilas.fi\/asl\/lehdet\/3_2020\/nuuskaus_riippuvuus_ja_lopettamisen_tuki\" target=\"_blank\" rel=\"noopener noreferrer\">Nuuskaus, riippuvuus ja lopettamisen tuki<\/a> (Ammattisotilas 4.6.2020)<br \/>\n<a href=\"https:\/\/www.is.fi\/kotimaa\/art-2000006506167.html\" target=\"_blank\" rel=\"noopener noreferrer\">Varusmiehet kertoivat tietoja nuuskan k\u00e4yt\u00f6st\u00e4 \u2013 Puolustusvoimissa her\u00e4si huoli<\/a> (Ilta-Sanomat 13.5.2020)<br \/>\n<a href=\"https:\/\/www.sotilaskotiliitto.fi\/lehti\" target=\"_blank\" rel=\"noopener noreferrer\">Irti nuuskasta\u00a0 \u2013 my\u00f6s sotilaskodissa<\/a> (Sotilaskoti-lehti 4\/2019)<br \/>\n<a href=\"https:\/\/ruotuvaki.fi\/-\/tupakointi-ja-nuuskaminen-saattavat-lisata-riskia-koronavirustartunnalle\">Tupakointi ja nuuskaaminen saattavat lis\u00e4t\u00e4 riski\u00e4 koronavirustartunnalle<\/a> (Ruotuv\u00e4ki 6\/2020)<br \/>\n<a href=\"https:\/\/yle.fi\/uutiset\/3-10913204\" target=\"_blank\" rel=\"noopener noreferrer\">Irti nuuskasta -kampanja kannustaa varusmiehi\u00e4 nuuskattomaan el\u00e4m\u00e4\u00e4n<\/a> (Yle 8.8.2019)<br \/>\n<a href=\"https:\/\/www.hameensanomat.fi\/kanta-hame\/nuorten-nuuskan-kayttoa-pyritaan-vahentamaan-kampanjoin-panssariprikaatissa-ja-hameenlinnan-kouluissa-835593\/?fbclid=IwAR28HLPpZ7BQzBb7hWKMDRr3SBxko5NzocQZksH-00qMxgnjepsMQQPFJm0\" target=\"_blank\" rel=\"noopener noreferrer\">Nuorten nuuskan k\u00e4ytt\u00f6\u00e4 pyrit\u00e4\u00e4n v\u00e4hent\u00e4m\u00e4\u00e4n kampanjoin panssariprikaatissa ja H\u00e4meenlinnan kouluissa<\/a> (H\u00e4meen Sanomat 17.8.2019)<br \/>\n<a href=\"https:\/\/areena.yle.fi\/1-4573800?seek=6174\" target=\"_blank\" rel=\"noopener noreferrer\">Ylen Aamu uutisoi ke 23.10.2019 nuuskaamisesta Puolustusvoimissa otsikolla &#8220;Nuuskaaminen halutaan kuriin intiss\u00e4&#8221;<\/a><br \/>\n<a href=\"https:\/\/yle.fi\/uutiset\/3-11031975?fbclid=IwAR0E1xC4dpAhz-7Ld4VT2UHsVJYcGNs5dMjGZ0Se9nSBTToIg96INVts29E\" target=\"_blank\" rel=\"noopener noreferrer\">Puolustusvoimat huolestui: nuuskaaminen lis\u00e4\u00e4ntyy varusmiespalveluksen aikana \u2013 \u201cNuuskapussia saatetaan pit\u00e4\u00e4 suussa jopa tuntikausia\u201d<\/a> (Yle 23.10.2019)<\/p>\n<p>&nbsp;<\/p>\n<h3>Hanke sosiaalisessa mediassa<\/h3>\n<p>tj0nuuskalle Instagramissa<br \/>\n<a href=\"https:\/\/www.youtube.com\/channel\/UC-m_OlsnlE9lcKyVd8vdRBg\/featured\" target=\"_blank\" rel=\"noopener\">Irti nuuskasta Youtubessa<\/a><br \/>\n<a href=\"https:\/\/www.facebook.com\/Irti-nuuskasta-732074177187089\/\" target=\"_blank\" rel=\"noopener noreferrer\">Irti nuuskasta Facebookissa<\/a><\/p>\n<p>Tunnisteet:<br \/>\n#irti<br \/>\n#irtinuuskasta<br \/>\n#Filha_ry<\/p>\n<p>&nbsp;<\/p>\n","protected":false},"excerpt":{"rendered":"<p>&nbsp; Nimi Irti nuuskasta -hanke Kesto 2019\u22122025 P\u00e4\u00e4toteuttaja Filha ry Muut toteuttajat Puolustusvoimat, eritoten Varusmiestoimikunnat (VMTK) Yhteisty\u00f6kumppanit Sotilaskotiliitto Sotilasurheiluliitto (SOTUL) Varusmiesliitto Rahoittaja Sosiaali- ja terveysj\u00e4rjest\u00f6jen avustuskeskus (STEA) Kohderyhm\u00e4 Varusmiehet Lyhyt &#8230; <a title=\"Irti nuuskasta\" class=\"read-more\" href=\"https:\/\/www.filha.fi\/en\/hankkeet\/irti-nuuskasta\/\" aria-label=\"Read more about Irti nuuskasta\">Read more<\/a><\/p>\n","protected":false},"author":4,"featured_media":0,"parent":37,"menu_order":0,"comment_status":"closed","ping_status":"closed","template":"","meta":{"_acf_changed":false,"footnotes":""},"categories":[52,69,40,178,24,192],"class_list":["post-308","page","type-page","status-publish","category-ala-nayta-aiheeseen-liittyvia-koulutuksia","category-ala-nayta-aiheeseen-liittyvia-sivuja","category-anelma","category-hannele","category-irti_nuuskasta","category-marika"],"translation":{"provider":"WPGlobus","version":"3.0.2","language":"en","enabled_languages":["fi","en"],"languages":{"fi":{"title":true,"content":true,"excerpt":false},"en":{"title":false,"content":false,"excerpt":false}}},"acf":[],"yoast_head":"<!-- This site is optimized with the Yoast SEO plugin v27.4 - https:\/\/yoast.com\/product\/yoast-seo-wordpress\/ -->\n<title>Irti nuuskasta - Filha<\/title>\n<meta name=\"robots\" content=\"index, follow, max-snippet:-1, max-image-preview:large, max-video-preview:-1\" \/>\n<link rel=\"canonical\" href=\"https:\/\/www.filha.fi\/hankkeet\/irti-nuuskasta\/\" \/>\n<meta property=\"og:locale\" content=\"en_US\" \/>\n<meta property=\"og:type\" content=\"article\" \/>\n<meta property=\"og:title\" content=\"Irti nuuskasta - Filha\" \/>\n<meta property=\"og:url\" content=\"https:\/\/www.filha.fi\/hankkeet\/irti-nuuskasta\/\" \/>\n<meta property=\"og:site_name\" content=\"Filha\" \/>\n<meta property=\"article:modified_time\" content=\"2026-03-11T08:24:17+00:00\" \/>\n<meta property=\"og:image\" content=\"https:\/\/www.filha.fi\/wp-content\/uploads\/2020\/05\/Nikotiinitesti-scaled.jpg\" \/>\n\t<meta property=\"og:image:width\" content=\"1810\" \/>\n\t<meta property=\"og:image:height\" content=\"2560\" \/>\n\t<meta property=\"og:image:type\" content=\"image\/jpeg\" \/>\n<meta name=\"twitter:card\" content=\"summary_large_image\" \/>\n<meta name=\"twitter:label1\" content=\"Est. reading time\" \/>\n\t<meta name=\"twitter:data1\" content=\"3 minutes\" \/>\n<script type=\"application\/ld+json\" class=\"yoast-schema-graph\">{\"@context\":\"https:\\\/\\\/schema.org\",\"@graph\":[{\"@type\":\"WebPage\",\"@id\":\"https:\\\/\\\/www.filha.fi\\\/hankkeet\\\/irti-nuuskasta\\\/\",\"url\":\"https:\\\/\\\/www.filha.fi\\\/hankkeet\\\/irti-nuuskasta\\\/\",\"name\":\"Irti nuuskasta - Filha\",\"isPartOf\":{\"@id\":\"https:\\\/\\\/www.filha.fi\\\/#website\"},\"primaryImageOfPage\":{\"@id\":\"https:\\\/\\\/www.filha.fi\\\/hankkeet\\\/irti-nuuskasta\\\/#primaryimage\"},\"image\":{\"@id\":\"https:\\\/\\\/www.filha.fi\\\/hankkeet\\\/irti-nuuskasta\\\/#primaryimage\"},\"thumbnailUrl\":\"https:\\\/\\\/www.filha.fi\\\/wp-content\\\/uploads\\\/2020\\\/05\\\/Nikotiinitesti-212x300.jpg\",\"datePublished\":\"2019-03-06T08:27:08+00:00\",\"dateModified\":\"2026-03-11T08:24:17+00:00\",\"description\":\"Irti nuuskasta-hanke tarjoaa tietoa ja tukea varusmiehille nikotiinituotteiden k\u00e4yt\u00f6n lopettamiseen.\",\"breadcrumb\":{\"@id\":\"https:\\\/\\\/www.filha.fi\\\/hankkeet\\\/irti-nuuskasta\\\/#breadcrumb\"},\"inLanguage\":\"en-US\",\"potentialAction\":[{\"@type\":\"ReadAction\",\"target\":[\"https:\\\/\\\/www.filha.fi\\\/hankkeet\\\/irti-nuuskasta\\\/\"]}]},{\"@type\":\"ImageObject\",\"inLanguage\":\"en-US\",\"@id\":\"https:\\\/\\\/www.filha.fi\\\/hankkeet\\\/irti-nuuskasta\\\/#primaryimage\",\"url\":\"https:\\\/\\\/www.filha.fi\\\/wp-content\\\/uploads\\\/2020\\\/05\\\/Nikotiinitesti-212x300.jpg\",\"contentUrl\":\"https:\\\/\\\/www.filha.fi\\\/wp-content\\\/uploads\\\/2020\\\/05\\\/Nikotiinitesti-212x300.jpg\"},{\"@type\":\"BreadcrumbList\",\"@id\":\"https:\\\/\\\/www.filha.fi\\\/hankkeet\\\/irti-nuuskasta\\\/#breadcrumb\",\"itemListElement\":[{\"@type\":\"ListItem\",\"position\":1,\"name\":\"Home\",\"item\":\"https:\\\/\\\/www.filha.fi\\\/\"},{\"@type\":\"ListItem\",\"position\":2,\"name\":\"Hankkeet\",\"item\":\"https:\\\/\\\/www.filha.fi\\\/hankkeet\\\/\"},{\"@type\":\"ListItem\",\"position\":3,\"name\":\"Irti nuuskasta\"}]},{\"@type\":\"WebSite\",\"@id\":\"https:\\\/\\\/www.filha.fi\\\/#website\",\"url\":\"https:\\\/\\\/www.filha.fi\\\/\",\"name\":\"Filha\",\"description\":\"Expertise in lung health\",\"publisher\":{\"@id\":\"https:\\\/\\\/www.filha.fi\\\/#organization\"},\"potentialAction\":[{\"@type\":\"SearchAction\",\"target\":{\"@type\":\"EntryPoint\",\"urlTemplate\":\"https:\\\/\\\/www.filha.fi\\\/?s={search_term_string}\"},\"query-input\":{\"@type\":\"PropertyValueSpecification\",\"valueRequired\":true,\"valueName\":\"search_term_string\"}}],\"inLanguage\":\"en-US\"},{\"@type\":\"Organization\",\"@id\":\"https:\\\/\\\/www.filha.fi\\\/#organization\",\"name\":\"Filha ry\",\"url\":\"https:\\\/\\\/www.filha.fi\\\/\",\"logo\":{\"@type\":\"ImageObject\",\"inLanguage\":\"en-US\",\"@id\":\"https:\\\/\\\/www.filha.fi\\\/#\\\/schema\\\/logo\\\/image\\\/\",\"url\":\"https:\\\/\\\/www.filha.fi\\\/wp-content\\\/uploads\\\/2019\\\/04\\\/Filha-logo.png\",\"contentUrl\":\"https:\\\/\\\/www.filha.fi\\\/wp-content\\\/uploads\\\/2019\\\/04\\\/Filha-logo.png\",\"width\":960,\"height\":1230,\"caption\":\"Filha ry\"},\"image\":{\"@id\":\"https:\\\/\\\/www.filha.fi\\\/#\\\/schema\\\/logo\\\/image\\\/\"}}]}<\/script>\n<!-- \/ Yoast SEO plugin. -->","yoast_head_json":{"title":"Irti nuuskasta - Filha","robots":{"index":"index","follow":"follow","max-snippet":"max-snippet:-1","max-image-preview":"max-image-preview:large","max-video-preview":"max-video-preview:-1"},"canonical":"https:\/\/www.filha.fi\/hankkeet\/irti-nuuskasta\/","og_locale":"en_US","og_type":"article","og_title":"Irti nuuskasta - Filha","og_url":"https:\/\/www.filha.fi\/hankkeet\/irti-nuuskasta\/","og_site_name":"Filha","article_modified_time":"2026-03-11T08:24:17+00:00","og_image":[{"width":1810,"height":2560,"url":"https:\/\/www.filha.fi\/wp-content\/uploads\/2020\/05\/Nikotiinitesti-scaled.jpg","type":"image\/jpeg"}],"twitter_card":"summary_large_image","twitter_misc":{"Est. reading time":"3 minutes"},"schema":{"@context":"https:\/\/schema.org","@graph":[{"@type":"WebPage","@id":"https:\/\/www.filha.fi\/hankkeet\/irti-nuuskasta\/","url":"https:\/\/www.filha.fi\/hankkeet\/irti-nuuskasta\/","name":"Irti nuuskasta - Filha","isPartOf":{"@id":"https:\/\/www.filha.fi\/#website"},"primaryImageOfPage":{"@id":"https:\/\/www.filha.fi\/hankkeet\/irti-nuuskasta\/#primaryimage"},"image":{"@id":"https:\/\/www.filha.fi\/hankkeet\/irti-nuuskasta\/#primaryimage"},"thumbnailUrl":"https:\/\/www.filha.fi\/wp-content\/uploads\/2020\/05\/Nikotiinitesti-212x300.jpg","datePublished":"2019-03-06T08:27:08+00:00","dateModified":"2026-03-11T08:24:17+00:00","description":"Irti nuuskasta-hanke tarjoaa tietoa ja tukea varusmiehille nikotiinituotteiden k\u00e4yt\u00f6n lopettamiseen.","breadcrumb":{"@id":"https:\/\/www.filha.fi\/hankkeet\/irti-nuuskasta\/#breadcrumb"},"inLanguage":"en-US","potentialAction":[{"@type":"ReadAction","target":["https:\/\/www.filha.fi\/hankkeet\/irti-nuuskasta\/"]}]},{"@type":"ImageObject","inLanguage":"en-US","@id":"https:\/\/www.filha.fi\/hankkeet\/irti-nuuskasta\/#primaryimage","url":"https:\/\/www.filha.fi\/wp-content\/uploads\/2020\/05\/Nikotiinitesti-212x300.jpg","contentUrl":"https:\/\/www.filha.fi\/wp-content\/uploads\/2020\/05\/Nikotiinitesti-212x300.jpg"},{"@type":"BreadcrumbList","@id":"https:\/\/www.filha.fi\/hankkeet\/irti-nuuskasta\/#breadcrumb","itemListElement":[{"@type":"ListItem","position":1,"name":"Home","item":"https:\/\/www.filha.fi\/"},{"@type":"ListItem","position":2,"name":"Hankkeet","item":"https:\/\/www.filha.fi\/hankkeet\/"},{"@type":"ListItem","position":3,"name":"Irti nuuskasta"}]},{"@type":"WebSite","@id":"https:\/\/www.filha.fi\/#website","url":"https:\/\/www.filha.fi\/","name":"Filha","description":"Expertise in lung health","publisher":{"@id":"https:\/\/www.filha.fi\/#organization"},"potentialAction":[{"@type":"SearchAction","target":{"@type":"EntryPoint","urlTemplate":"https:\/\/www.filha.fi\/?s={search_term_string}"},"query-input":{"@type":"PropertyValueSpecification","valueRequired":true,"valueName":"search_term_string"}}],"inLanguage":"en-US"},{"@type":"Organization","@id":"https:\/\/www.filha.fi\/#organization","name":"Filha ry","url":"https:\/\/www.filha.fi\/","logo":{"@type":"ImageObject","inLanguage":"en-US","@id":"https:\/\/www.filha.fi\/#\/schema\/logo\/image\/","url":"https:\/\/www.filha.fi\/wp-content\/uploads\/2019\/04\/Filha-logo.png","contentUrl":"https:\/\/www.filha.fi\/wp-content\/uploads\/2019\/04\/Filha-logo.png","width":960,"height":1230,"caption":"Filha ry"},"image":{"@id":"https:\/\/www.filha.fi\/#\/schema\/logo\/image\/"}}]}},"_links":{"self":[{"href":"https:\/\/www.filha.fi\/en\/wp-json\/wp\/v2\/pages\/308","targetHints":{"allow":["GET"]}}],"collection":[{"href":"https:\/\/www.filha.fi\/en\/wp-json\/wp\/v2\/pages"}],"about":[{"href":"https:\/\/www.filha.fi\/en\/wp-json\/wp\/v2\/types\/page"}],"author":[{"embeddable":true,"href":"https:\/\/www.filha.fi\/en\/wp-json\/wp\/v2\/users\/4"}],"replies":[{"embeddable":true,"href":"https:\/\/www.filha.fi\/en\/wp-json\/wp\/v2\/comments?post=308"}],"version-history":[{"count":2,"href":"https:\/\/www.filha.fi\/en\/wp-json\/wp\/v2\/pages\/308\/revisions"}],"predecessor-version":[{"id":34814,"href":"https:\/\/www.filha.fi\/en\/wp-json\/wp\/v2\/pages\/308\/revisions\/34814"}],"up":[{"embeddable":true,"href":"https:\/\/www.filha.fi\/en\/wp-json\/wp\/v2\/pages\/37"}],"wp:attachment":[{"href":"https:\/\/www.filha.fi\/en\/wp-json\/wp\/v2\/media?parent=308"}],"wp:term":[{"taxonomy":"category","embeddable":true,"href":"https:\/\/www.filha.fi\/en\/wp-json\/wp\/v2\/categories?post=308"}],"curies":[{"name":"wp","href":"https:\/\/api.w.org\/{rel}","templated":true}]}}