{"id":31121,"date":"2024-09-06T15:32:30","date_gmt":"2024-09-06T12:32:30","guid":{"rendered":"https:\/\/www.filha.fi\/?page_id=31121"},"modified":"2024-09-06T15:33:02","modified_gmt":"2024-09-06T12:33:02","slug":"lung-cancer-network-for-healthcare-professionals","status":"publish","type":"page","link":"https:\/\/www.filha.fi\/en\/kotimainen-yhteistyo\/lung-cancer-network-for-healthcare-professionals\/","title":{"rendered":"Lung Cancer Network for Healthcare Professionals"},"content":{"rendered":"<p>Filha brings together a lung cancer network for healthcare professionals. The purpose of the network is to serve as a channel for communication, networking, collaboration, and development for professionals involved in or interested in lung cancer care. The goal is to find members from every wellbeing services county. Network language is Finnish.<\/p>\n","protected":false},"excerpt":{"rendered":"<p>Filha brings together a lung cancer network for healthcare professionals. The purpose of the network is to serve as a channel for communication, networking, collaboration, and development for professionals involved &#8230; <a title=\"Lung Cancer Network for Healthcare Professionals\" class=\"read-more\" href=\"https:\/\/www.filha.fi\/en\/kotimainen-yhteistyo\/lung-cancer-network-for-healthcare-professionals\/\" aria-label=\"Read more about Lung Cancer Network for Healthcare Professionals\">Read more<\/a><\/p>\n","protected":false},"author":4,"featured_media":0,"parent":8084,"menu_order":0,"comment_status":"closed","ping_status":"closed","template":"","meta":{"_acf_changed":false,"footnotes":""},"categories":[95],"class_list":["post-31121","page","type-page","status-publish","category-keuhkosyopa"],"translation":{"provider":"WPGlobus","version":"3.0.2","language":"en","enabled_languages":["fi","en"],"languages":{"fi":{"title":true,"content":true,"excerpt":false},"en":{"title":true,"content":true,"excerpt":false}}},"acf":[],"yoast_head":"<!-- This site is optimized with the Yoast SEO plugin v27.4 - https:\/\/yoast.com\/product\/yoast-seo-wordpress\/ -->\n<title>Lung Cancer Network for Healthcare Professionals - Filha<\/title>\n<meta name=\"robots\" content=\"index, follow, max-snippet:-1, max-image-preview:large, max-video-preview:-1\" \/>\n<link rel=\"canonical\" href=\"https:\/\/www.filha.fi\/kotimainen-yhteistyo\/lung-cancer-network-for-healthcare-professionals\/\" \/>\n<meta property=\"og:locale\" content=\"en_US\" \/>\n<meta property=\"og:type\" content=\"article\" \/>\n<meta property=\"og:title\" content=\"Lung Cancer Network for Healthcare Professionals - Filha\" \/>\n<meta property=\"og:url\" content=\"https:\/\/www.filha.fi\/kotimainen-yhteistyo\/lung-cancer-network-for-healthcare-professionals\/\" \/>\n<meta property=\"og:site_name\" content=\"Filha\" \/>\n<meta property=\"article:modified_time\" content=\"2024-09-06T12:33:02+00:00\" \/>\n<meta property=\"og:image\" content=\"https:\/\/www.filha.fi\/wp-content\/uploads\/2019\/04\/Filha-logo.png\" \/>\n\t<meta property=\"og:image:width\" content=\"960\" \/>\n\t<meta property=\"og:image:height\" content=\"1230\" \/>\n\t<meta property=\"og:image:type\" content=\"image\/png\" \/>\n<meta name=\"twitter:card\" content=\"summary_large_image\" \/>\n<meta name=\"twitter:label1\" content=\"Est. reading time\" \/>\n\t<meta name=\"twitter:data1\" content=\"1 minute\" \/>\n<script type=\"application\/ld+json\" class=\"yoast-schema-graph\">{\"@context\":\"https:\\\/\\\/schema.org\",\"@graph\":[{\"@type\":\"WebPage\",\"@id\":\"https:\\\/\\\/www.filha.fi\\\/kotimainen-yhteistyo\\\/lung-cancer-network-for-healthcare-professionals\\\/\",\"url\":\"https:\\\/\\\/www.filha.fi\\\/kotimainen-yhteistyo\\\/lung-cancer-network-for-healthcare-professionals\\\/\",\"name\":\"Lung Cancer Network for Healthcare Professionals - Filha\",\"isPartOf\":{\"@id\":\"https:\\\/\\\/www.filha.fi\\\/#website\"},\"datePublished\":\"2024-09-06T12:32:30+00:00\",\"dateModified\":\"2024-09-06T12:33:02+00:00\",\"breadcrumb\":{\"@id\":\"https:\\\/\\\/www.filha.fi\\\/kotimainen-yhteistyo\\\/lung-cancer-network-for-healthcare-professionals\\\/#breadcrumb\"},\"inLanguage\":\"en-US\",\"potentialAction\":[{\"@type\":\"ReadAction\",\"target\":[\"https:\\\/\\\/www.filha.fi\\\/kotimainen-yhteistyo\\\/lung-cancer-network-for-healthcare-professionals\\\/\"]}]},{\"@type\":\"BreadcrumbList\",\"@id\":\"https:\\\/\\\/www.filha.fi\\\/kotimainen-yhteistyo\\\/lung-cancer-network-for-healthcare-professionals\\\/#breadcrumb\",\"itemListElement\":[{\"@type\":\"ListItem\",\"position\":1,\"name\":\"Home\",\"item\":\"https:\\\/\\\/www.filha.fi\\\/\"},{\"@type\":\"ListItem\",\"position\":2,\"name\":\"Kotimainen yhteisty\u00f6\",\"item\":\"https:\\\/\\\/www.filha.fi\\\/kotimainen-yhteistyo\\\/\"},{\"@type\":\"ListItem\",\"position\":3,\"name\":\"Keuhkosy\u00f6p\u00e4verkosto hoitoty\u00f6n ammattilaisille\"}]},{\"@type\":\"WebSite\",\"@id\":\"https:\\\/\\\/www.filha.fi\\\/#website\",\"url\":\"https:\\\/\\\/www.filha.fi\\\/\",\"name\":\"Filha\",\"description\":\"Expertise in lung health\",\"publisher\":{\"@id\":\"https:\\\/\\\/www.filha.fi\\\/#organization\"},\"potentialAction\":[{\"@type\":\"SearchAction\",\"target\":{\"@type\":\"EntryPoint\",\"urlTemplate\":\"https:\\\/\\\/www.filha.fi\\\/?s={search_term_string}\"},\"query-input\":{\"@type\":\"PropertyValueSpecification\",\"valueRequired\":true,\"valueName\":\"search_term_string\"}}],\"inLanguage\":\"en-US\"},{\"@type\":\"Organization\",\"@id\":\"https:\\\/\\\/www.filha.fi\\\/#organization\",\"name\":\"Filha ry\",\"url\":\"https:\\\/\\\/www.filha.fi\\\/\",\"logo\":{\"@type\":\"ImageObject\",\"inLanguage\":\"en-US\",\"@id\":\"https:\\\/\\\/www.filha.fi\\\/#\\\/schema\\\/logo\\\/image\\\/\",\"url\":\"https:\\\/\\\/www.filha.fi\\\/wp-content\\\/uploads\\\/2019\\\/04\\\/Filha-logo.png\",\"contentUrl\":\"https:\\\/\\\/www.filha.fi\\\/wp-content\\\/uploads\\\/2019\\\/04\\\/Filha-logo.png\",\"width\":960,\"height\":1230,\"caption\":\"Filha ry\"},\"image\":{\"@id\":\"https:\\\/\\\/www.filha.fi\\\/#\\\/schema\\\/logo\\\/image\\\/\"}}]}<\/script>\n<!-- \/ Yoast SEO plugin. -->","yoast_head_json":{"title":"Lung Cancer Network for Healthcare Professionals - Filha","robots":{"index":"index","follow":"follow","max-snippet":"max-snippet:-1","max-image-preview":"max-image-preview:large","max-video-preview":"max-video-preview:-1"},"canonical":"https:\/\/www.filha.fi\/kotimainen-yhteistyo\/lung-cancer-network-for-healthcare-professionals\/","og_locale":"en_US","og_type":"article","og_title":"Lung Cancer Network for Healthcare Professionals - Filha","og_url":"https:\/\/www.filha.fi\/kotimainen-yhteistyo\/lung-cancer-network-for-healthcare-professionals\/","og_site_name":"Filha","article_modified_time":"2024-09-06T12:33:02+00:00","og_image":[{"width":960,"height":1230,"url":"https:\/\/www.filha.fi\/wp-content\/uploads\/2019\/04\/Filha-logo.png","type":"image\/png"}],"twitter_card":"summary_large_image","twitter_misc":{"Est. reading time":"1 minute"},"schema":{"@context":"https:\/\/schema.org","@graph":[{"@type":"WebPage","@id":"https:\/\/www.filha.fi\/kotimainen-yhteistyo\/lung-cancer-network-for-healthcare-professionals\/","url":"https:\/\/www.filha.fi\/kotimainen-yhteistyo\/lung-cancer-network-for-healthcare-professionals\/","name":"Lung Cancer Network for Healthcare Professionals - Filha","isPartOf":{"@id":"https:\/\/www.filha.fi\/#website"},"datePublished":"2024-09-06T12:32:30+00:00","dateModified":"2024-09-06T12:33:02+00:00","breadcrumb":{"@id":"https:\/\/www.filha.fi\/kotimainen-yhteistyo\/lung-cancer-network-for-healthcare-professionals\/#breadcrumb"},"inLanguage":"en-US","potentialAction":[{"@type":"ReadAction","target":["https:\/\/www.filha.fi\/kotimainen-yhteistyo\/lung-cancer-network-for-healthcare-professionals\/"]}]},{"@type":"BreadcrumbList","@id":"https:\/\/www.filha.fi\/kotimainen-yhteistyo\/lung-cancer-network-for-healthcare-professionals\/#breadcrumb","itemListElement":[{"@type":"ListItem","position":1,"name":"Home","item":"https:\/\/www.filha.fi\/"},{"@type":"ListItem","position":2,"name":"Kotimainen yhteisty\u00f6","item":"https:\/\/www.filha.fi\/kotimainen-yhteistyo\/"},{"@type":"ListItem","position":3,"name":"Keuhkosy\u00f6p\u00e4verkosto hoitoty\u00f6n ammattilaisille"}]},{"@type":"WebSite","@id":"https:\/\/www.filha.fi\/#website","url":"https:\/\/www.filha.fi\/","name":"Filha","description":"Expertise in lung health","publisher":{"@id":"https:\/\/www.filha.fi\/#organization"},"potentialAction":[{"@type":"SearchAction","target":{"@type":"EntryPoint","urlTemplate":"https:\/\/www.filha.fi\/?s={search_term_string}"},"query-input":{"@type":"PropertyValueSpecification","valueRequired":true,"valueName":"search_term_string"}}],"inLanguage":"en-US"},{"@type":"Organization","@id":"https:\/\/www.filha.fi\/#organization","name":"Filha ry","url":"https:\/\/www.filha.fi\/","logo":{"@type":"ImageObject","inLanguage":"en-US","@id":"https:\/\/www.filha.fi\/#\/schema\/logo\/image\/","url":"https:\/\/www.filha.fi\/wp-content\/uploads\/2019\/04\/Filha-logo.png","contentUrl":"https:\/\/www.filha.fi\/wp-content\/uploads\/2019\/04\/Filha-logo.png","width":960,"height":1230,"caption":"Filha ry"},"image":{"@id":"https:\/\/www.filha.fi\/#\/schema\/logo\/image\/"}}]}},"_links":{"self":[{"href":"https:\/\/www.filha.fi\/en\/wp-json\/wp\/v2\/pages\/31121","targetHints":{"allow":["GET"]}}],"collection":[{"href":"https:\/\/www.filha.fi\/en\/wp-json\/wp\/v2\/pages"}],"about":[{"href":"https:\/\/www.filha.fi\/en\/wp-json\/wp\/v2\/types\/page"}],"author":[{"embeddable":true,"href":"https:\/\/www.filha.fi\/en\/wp-json\/wp\/v2\/users\/4"}],"replies":[{"embeddable":true,"href":"https:\/\/www.filha.fi\/en\/wp-json\/wp\/v2\/comments?post=31121"}],"version-history":[{"count":0,"href":"https:\/\/www.filha.fi\/en\/wp-json\/wp\/v2\/pages\/31121\/revisions"}],"up":[{"embeddable":true,"href":"https:\/\/www.filha.fi\/en\/wp-json\/wp\/v2\/pages\/8084"}],"wp:attachment":[{"href":"https:\/\/www.filha.fi\/en\/wp-json\/wp\/v2\/media?parent=31121"}],"wp:term":[{"taxonomy":"category","embeddable":true,"href":"https:\/\/www.filha.fi\/en\/wp-json\/wp\/v2\/categories?post=31121"}],"curies":[{"name":"wp","href":"https:\/\/api.w.org\/{rel}","templated":true}]}}