{"id":31220,"date":"2024-12-04T10:33:50","date_gmt":"2024-12-04T08:33:50","guid":{"rendered":"https:\/\/www.filha.fi\/?page_id=31220"},"modified":"2025-11-19T10:51:16","modified_gmt":"2025-11-19T08:51:16","slug":"pikkutopposet-materiaalipankki","status":"publish","type":"page","link":"https:\/\/www.filha.fi\/en\/pikkutopposet-materiaalipankki\/","title":{"rendered":"Pikkut\u00f6pp\u00f6set onnistumiseen -hankkeen materiaalipankki"},"content":{"rendered":"<p>T\u00e4\u00e4lt\u00e4 l\u00f6yd\u00e4t Pikkut\u00f6pp\u00f6set onnistumiseen -hankkeessa tuotetut materiaalit. Huomaathan, ett\u00e4 materiaalipankkia ei en\u00e4\u00e4 p\u00e4ivitet\u00e4 hankkeen p\u00e4\u00e4tytty\u00e4 (31.12.2024). Voit ladata ja tulostaa infograafeja omaan k\u00e4ytt\u00f6\u00f6si.<\/p>\n<h3>Infograafit<\/h3>\n<p><a href=\"https:\/\/www.filha.fi\/wp-content\/uploads\/2024\/12\/Inforgraafit-PDF-1.pdf\">Askel 1 &#8211; Suhteeni tupakkaan tai nikotiinituotteisiin<\/a><br \/>\n<a href=\"https:\/\/www.filha.fi\/wp-content\/uploads\/2024\/12\/Inforgraafit-PDF-2.pdf\">Askel 2 &#8211; Miksi tupakoin tai k\u00e4yt\u00e4n nikotiinituotteita?<\/a><br \/>\n<a href=\"https:\/\/www.filha.fi\/wp-content\/uploads\/2024\/12\/Inforgraafit-PDF-3.pdf\">Askel 3 &#8211; Miksi lopettaisin?<\/a><br \/>\n<a href=\"https:\/\/www.filha.fi\/wp-content\/uploads\/2024\/12\/Inforgraafit-PDF-4.pdf\">Askel 4 &#8211; N\u00e4in onnistun<\/a><br \/>\n<a href=\"https:\/\/www.filha.fi\/wp-content\/uploads\/2024\/12\/Inforgraafit-PDF-5.pdf\">Askel 5 &#8211; Kun nikotiinihimo yll\u00e4tt\u00e4\u00e4<\/a><br \/>\n<a href=\"https:\/\/www.filha.fi\/wp-content\/uploads\/2024\/12\/Inforgraafit-PDF-6.pdf\">Askel 6 &#8211; Riskit haltuun<\/a><br \/>\n<a href=\"https:\/\/www.filha.fi\/wp-content\/uploads\/2024\/12\/Inforgraafit-PDF-7.pdf\">Askel 7 &#8211; Muutokset arjessani<\/a><br \/>\n<a href=\"https:\/\/www.filha.fi\/wp-content\/uploads\/2024\/12\/Inforgraafit-PDF-8.pdf\">Askel 8 &#8211; Miten menee nyt?<\/a><\/p>\n<h3>Asiakasohjeet<\/h3>\n<h4><a href=\"https:\/\/www.filha.fi\/wp-content\/uploads\/2024\/12\/Nikotiiniriippuvuustesti-1.pdf\">Nikotiiniriippuvuustesti<\/a><\/h4>\n<p>Fyysinen riippuvuus tarkoittaa fyysist\u00e4 riippuvuutta nikotiiniin. Nikotiiniriippuvuustestin avulla selvit\u00e4t nikotiiniriippuvuutesi voimakkuutta. Valitse kussakin kysymyksess\u00e4 omaa tilannettasi parhaiten kuvaava vaihtoehto. Testi sis\u00e4lt\u00e4\u00e4 my\u00f6s tuloksen tulkinnan.<\/p>\n<p>Muistathan, ett\u00e4 tupakoinnin lopettaminen on mahdollista riippumatta siit\u00e4, kuinka pitk\u00e4\u00e4n tai kuinka paljon olet\u00a0tupakoinut.<\/p>\n<h4><a href=\"https:\/\/www.filha.fi\/wp-content\/uploads\/2024\/12\/Nikotiinipaivakirja-1.pdf\">Nikotiinip\u00e4iv\u00e4kirja<\/a><\/h4>\n<p>Nikotiinip\u00e4iv\u00e4kirjan avulla p\u00e4\u00e4set tutustumaan arkisiin tupakointitapoihisi. P\u00e4iv\u00e4kirja soveltuu tupakoinnin ohella my\u00f6s muiden nikotiinituotteiden k\u00e4yt\u00f6n tarkkailuun. P\u00e4iv\u00e4kirjaa on suositeltava pit\u00e4\u00e4 ainakin muutaman p\u00e4iv\u00e4n ajalta.<\/p>\n<p>P\u00e4iv\u00e4kirjaan merkataan vuorokautinen savukkeiden m\u00e4\u00e4r\u00e4 sek\u00e4 tupakoinnin ajankohta. Lis\u00e4ksi kunkin tupakan osalta arvioidaan, oliko tupakka silloin v\u00e4ltt\u00e4m\u00e4t\u00f6n vai oliko se vain tapa. Mahdollisesti huomaat tupakointisi liittyv\u00e4n tiettyihin tilanteisiin, tunteisiin tai paikkoihin.<\/p>\n<p>Todenn\u00e4k\u00f6isesti huomaat my\u00f6s, ett\u00e4 kaikki tupakat eiv\u00e4t olleet v\u00e4ltt\u00e4m\u00e4tt\u00f6mi\u00e4. Tupakoinnin v\u00e4hent\u00e4misen voikin hyvin aloittaa luopumalla ensin niist\u00e4 v\u00e4hemm\u00e4n t\u00e4rkeist\u00e4 tupakoista.<\/p>\n<h4><a href=\"https:\/\/www.filha.fi\/wp-content\/uploads\/2024\/12\/Nikotiinituotteen-kayton-hyoty-haittaerittely-1.pdf\">Nikotiinituotteen k\u00e4yt\u00f6n hy\u00f6ty-haittaerittely<\/a><\/h4>\n<p>Hy\u00f6ty-haittaerittelyn avulla voit pohtia, mit\u00e4 tupakointi sinulle merkitsee. Lomake ohjaa tarkastelemaan hy\u00f6tyj\u00e4 ja haittoja sek\u00e4 tupakoinnin ett\u00e4 sen lopettamisen n\u00e4k\u00f6kulmista.<\/p>\n<p>Tupakoinnin lopettamisessa on monta hyv\u00e4\u00e4 puolta. Mitk\u00e4 niist\u00e4 ovat t\u00e4rkeimpi\u00e4 juuri sinulle?<\/p>\n<p>Ymm\u00e4rsit oikein; t\u00e4ss\u00e4 teht\u00e4v\u00e4ss\u00e4 on lupa pohtia my\u00f6s tupakoinnin tuomia hy\u00f6tyj\u00e4. Tupakointi voi olla esimerkiksi hyv\u00e4 yst\u00e4v\u00e4, ensiapu erilaisiin tunnereaktioihin tai vaikka vain tapa kuluttaa aikaa.<\/p>\n<p>Onkin t\u00e4rke\u00e4\u00e4 mietti\u00e4, mit\u00e4 menet\u00e4t, kun lopetat tupakoinnin. Miten tupakoinnin tuomia hy\u00f6tyj\u00e4 voisi jatkossa korvata?<\/p>\n<h4><a href=\"https:\/\/www.filha.fi\/wp-content\/uploads\/2024\/12\/Riskitilanteiden-kartoituslomake-1.pdf\">Riskitilanteiden kartoituslomake<\/a><\/h4>\n<p>Kun lopetat tupakoinnin, eteesi saattaa tulla tilanteita, joissa tupakanhimo yll\u00e4tt\u00e4\u00e4. Kirjaa lomakkeeseen, mink\u00e4laisia riskitilanteita saatat kohdata ja miten aiot selvit\u00e4 niist\u00e4 ilman tupakkaa. On hyv\u00e4 mietti\u00e4 etuk\u00e4teen ainakin kaksi selviytymiskeinoa, mik\u00e4li toinen niist\u00e4 ei olekaan\u00a0tilanteen koittaessa k\u00e4ytett\u00e4viss\u00e4. Mit\u00e4 voisit keksi\u00e4 tupakan tilalle esimerkiksi stressaaviin tilanteisiin?<\/p>\n<p>Fyysinen nikotiiniriippuvuus saattaa vahvistaa ensimm\u00e4isten viikkojen riskitilanteita, kun keho viel\u00e4 \u201dkyselee nikotiinin per\u00e4\u00e4n\u201d. Kun fyysinen riippuvuus on voitettu, psyykkiset ja sosiaaliset riippuvuustekij\u00e4t puolestaan korostuvat. Pohdi siis my\u00f6s riskitilanteita, jotka liittyv\u00e4t esimerkiksi tiettyyn seuraan, paikkaan tai vaikkapa juhlimiseen.<\/p>\n<h4><a href=\"https:\/\/www.filha.fi\/wp-content\/uploads\/2024\/12\/Nikotiinikorvaustuotteiden-kayttoohje.pdf\">Nikotiinikorvaustuotteiden k\u00e4ytt\u00f6ohje<\/a><\/h4>\n<p>Vieroitusoireita ilmenee, kun nikotiinitaso elimist\u00f6ss\u00e4 laskee. Keskim\u00e4\u00e4rin noin 1,5 tunnin tauko nikotiinin saannissa johtaa vieroitusoireisiin. Voit tarvittaessa lievitt\u00e4\u00e4 vieroitusoireita nikotiinikorvaustuotteilla tai reseptil\u00e4\u00e4kkeill\u00e4.<\/p>\n<p><strong>Huomioithan, ett\u00e4 raskauden aikana nikotiinikorvaustuotteiden k\u00e4ytt\u00f6\u00f6n liittyy erityisi\u00e4 rajoituksia. Tutustuthan tarvittaessa erilliseen, raskaudenaikaista nikotiinikorvaushoitoa koskevaan ohjeeseen.<\/strong><\/p>\n<h4><a href=\"https:\/\/www.filha.fi\/wp-content\/uploads\/2024\/12\/Nikotiinikorvaushoito_raskaana_olevalle.pdf\">Raskaudenaikainen nikotiinikorvaushoito<\/a><\/h4>\n<p>Raskaana olevia, kuten my\u00f6s imett\u00e4vi\u00e4 \u00e4itej\u00e4, kannustetaan lopettamaan tupakointi ensisijaisesti ilman nikotiinikorvaustuotteita. Ohjeen mukainen nikotiinikorvaushoito on kuitenkin aina parempi vaihtoehto kuin tupakoinnin jatkaminen.<\/p>\n<p>Raskauden aikana suositaan ensisijaisesti lyhytvaikutteisia nikotiinikorvaustuotteita, kuten purukumia tai imeskelytabletteja. Raskaudenaikaisen nikotiinikorvaushoidon tulee aina tapahtua l\u00e4\u00e4k\u00e4rin tai terveydenhoitajan seurannassa.<\/p>\n<h4><a href=\"https:\/\/www.filha.fi\/wp-content\/uploads\/2025\/01\/tietopisaroita_tupakointi_NETTI.pdf\">Tupakointi imetysaikana &#8211; asiakasohje<\/a><\/h4>\n<p>Imett\u00e4v\u00e4n tai ei-imett\u00e4v\u00e4n vanhemman olisi vauvan ja itsens\u00e4 vuoksi suotuisinta olla savuton ja nikotiiniton. Jos t\u00e4m\u00e4 ei kuitenkaan ole mahdollista, on imetysaikana tupakka- tai nikotiinituotteita k\u00e4ytt\u00e4ess\u00e4 huomioida muutamia seikkoja. On t\u00e4rke\u00e4\u00e4 pit\u00e4\u00e4 huoli siit\u00e4, ett\u00e4 vauvan nikotiinikuorma on mahdollisimman pieni ja vauva ei altistu savulle.<\/p>\n<div id='filha-tyypit'><img src='https:\/\/www.filha.fi\/wp-content\/uploads\/2025\/12\/Hannele-kuva-muokattu-scaled.jpg' class='filha-tyyppi-img' \/><h2 class='filha-tyyppi-name' >Hannele Anthoni<\/h2><h3 class='filha-tyyppi-title' >Project worker, Public Health Nurse, MSc<\/h3><div class='filha-tyyppi-puhelin' ><i class='fa fa-phone-square' aria-hidden='true'><\/i> +358445487330<\/div><img src='https:\/\/www.filha.fi\/wp-content\/uploads\/2021\/09\/Salla.jpg' class='filha-tyyppi-img' \/><h2 class='filha-tyyppi-name' >Salla-Maaret Keij\u00e4l\u00e4<\/h2><h3 class='filha-tyyppi-title' >Project Manager, Project Worker, nurse, BSc<\/h3><div class='filha-tyyppi-puhelin' ><i class='fa fa-phone-square' aria-hidden='true'><\/i> +358 44 747 8899<\/div><\/div>\n","protected":false},"excerpt":{"rendered":"<p>T\u00e4\u00e4lt\u00e4 l\u00f6yd\u00e4t Pikkut\u00f6pp\u00f6set onnistumiseen -hankkeessa tuotetut materiaalit. Huomaathan, ett\u00e4 materiaalipankkia ei en\u00e4\u00e4 p\u00e4ivitet\u00e4 hankkeen p\u00e4\u00e4tytty\u00e4 (31.12.2024). Voit ladata ja tulostaa infograafeja omaan k\u00e4ytt\u00f6\u00f6si. Infograafit Askel 1 &#8211; Suhteeni tupakkaan tai &#8230; <a title=\"Pikkut\u00f6pp\u00f6set onnistumiseen -hankkeen materiaalipankki\" class=\"read-more\" href=\"https:\/\/www.filha.fi\/en\/pikkutopposet-materiaalipankki\/\" aria-label=\"Read more about Pikkut\u00f6pp\u00f6set onnistumiseen -hankkeen materiaalipankki\">Read more<\/a><\/p>\n","protected":false},"author":24,"featured_media":0,"parent":0,"menu_order":0,"comment_status":"closed","ping_status":"closed","template":"","meta":{"_acf_changed":false,"footnotes":""},"categories":[178,97,177],"class_list":["post-31220","page","type-page","status-publish","category-hannele","category-salla-maaret","category-susanna"],"translation":{"provider":"WPGlobus","version":"3.0.2","language":"en","enabled_languages":["fi","en"],"languages":{"fi":{"title":true,"content":true,"excerpt":false},"en":{"title":false,"content":false,"excerpt":false}}},"acf":[],"yoast_head":"<!-- This site is optimized with the Yoast SEO plugin v27.4 - https:\/\/yoast.com\/product\/yoast-seo-wordpress\/ -->\n<title>Pikkut\u00f6pp\u00f6set onnistumiseen -hankkeen materiaalipankki - Filha<\/title>\n<meta name=\"robots\" content=\"index, follow, max-snippet:-1, max-image-preview:large, max-video-preview:-1\" \/>\n<link rel=\"canonical\" href=\"https:\/\/www.filha.fi\/pikkutopposet-materiaalipankki\/\" \/>\n<meta property=\"og:locale\" content=\"en_US\" \/>\n<meta property=\"og:type\" content=\"article\" \/>\n<meta property=\"og:title\" content=\"Pikkut\u00f6pp\u00f6set onnistumiseen -hankkeen materiaalipankki - Filha\" \/>\n<meta property=\"og:url\" content=\"https:\/\/www.filha.fi\/pikkutopposet-materiaalipankki\/\" \/>\n<meta property=\"og:site_name\" content=\"Filha\" \/>\n<meta property=\"article:modified_time\" content=\"2025-11-19T08:51:16+00:00\" \/>\n<meta property=\"og:image\" content=\"https:\/\/www.filha.fi\/wp-content\/uploads\/2019\/04\/Filha-logo.png\" \/>\n\t<meta property=\"og:image:width\" content=\"960\" \/>\n\t<meta property=\"og:image:height\" content=\"1230\" \/>\n\t<meta property=\"og:image:type\" content=\"image\/png\" \/>\n<meta name=\"twitter:card\" content=\"summary_large_image\" \/>\n<meta name=\"twitter:label1\" content=\"Est. reading time\" \/>\n\t<meta name=\"twitter:data1\" content=\"3 minutes\" \/>\n<script type=\"application\/ld+json\" class=\"yoast-schema-graph\">{\"@context\":\"https:\\\/\\\/schema.org\",\"@graph\":[{\"@type\":\"WebPage\",\"@id\":\"https:\\\/\\\/www.filha.fi\\\/pikkutopposet-materiaalipankki\\\/\",\"url\":\"https:\\\/\\\/www.filha.fi\\\/pikkutopposet-materiaalipankki\\\/\",\"name\":\"Pikkut\u00f6pp\u00f6set onnistumiseen -hankkeen materiaalipankki - Filha\",\"isPartOf\":{\"@id\":\"https:\\\/\\\/www.filha.fi\\\/#website\"},\"datePublished\":\"2024-12-04T08:33:50+00:00\",\"dateModified\":\"2025-11-19T08:51:16+00:00\",\"description\":\"Tukimateriaalia vauvaa odottaville ja pikkulasten vanhemmille tupakka- ja nikotiinituotteiden k\u00e4yt\u00f6n lopettamisen tueksi.\",\"breadcrumb\":{\"@id\":\"https:\\\/\\\/www.filha.fi\\\/pikkutopposet-materiaalipankki\\\/#breadcrumb\"},\"inLanguage\":\"en-US\",\"potentialAction\":[{\"@type\":\"ReadAction\",\"target\":[\"https:\\\/\\\/www.filha.fi\\\/pikkutopposet-materiaalipankki\\\/\"]}]},{\"@type\":\"BreadcrumbList\",\"@id\":\"https:\\\/\\\/www.filha.fi\\\/pikkutopposet-materiaalipankki\\\/#breadcrumb\",\"itemListElement\":[{\"@type\":\"ListItem\",\"position\":1,\"name\":\"Home\",\"item\":\"https:\\\/\\\/www.filha.fi\\\/\"},{\"@type\":\"ListItem\",\"position\":2,\"name\":\"Pikkut\u00f6pp\u00f6set onnistumiseen -hankkeen materiaalipankki\"}]},{\"@type\":\"WebSite\",\"@id\":\"https:\\\/\\\/www.filha.fi\\\/#website\",\"url\":\"https:\\\/\\\/www.filha.fi\\\/\",\"name\":\"Filha\",\"description\":\"Expertise in lung health\",\"publisher\":{\"@id\":\"https:\\\/\\\/www.filha.fi\\\/#organization\"},\"potentialAction\":[{\"@type\":\"SearchAction\",\"target\":{\"@type\":\"EntryPoint\",\"urlTemplate\":\"https:\\\/\\\/www.filha.fi\\\/?s={search_term_string}\"},\"query-input\":{\"@type\":\"PropertyValueSpecification\",\"valueRequired\":true,\"valueName\":\"search_term_string\"}}],\"inLanguage\":\"en-US\"},{\"@type\":\"Organization\",\"@id\":\"https:\\\/\\\/www.filha.fi\\\/#organization\",\"name\":\"Filha ry\",\"url\":\"https:\\\/\\\/www.filha.fi\\\/\",\"logo\":{\"@type\":\"ImageObject\",\"inLanguage\":\"en-US\",\"@id\":\"https:\\\/\\\/www.filha.fi\\\/#\\\/schema\\\/logo\\\/image\\\/\",\"url\":\"https:\\\/\\\/www.filha.fi\\\/wp-content\\\/uploads\\\/2019\\\/04\\\/Filha-logo.png\",\"contentUrl\":\"https:\\\/\\\/www.filha.fi\\\/wp-content\\\/uploads\\\/2019\\\/04\\\/Filha-logo.png\",\"width\":960,\"height\":1230,\"caption\":\"Filha ry\"},\"image\":{\"@id\":\"https:\\\/\\\/www.filha.fi\\\/#\\\/schema\\\/logo\\\/image\\\/\"}}]}<\/script>\n<!-- \/ Yoast SEO plugin. -->","yoast_head_json":{"title":"Pikkut\u00f6pp\u00f6set onnistumiseen -hankkeen materiaalipankki - Filha","robots":{"index":"index","follow":"follow","max-snippet":"max-snippet:-1","max-image-preview":"max-image-preview:large","max-video-preview":"max-video-preview:-1"},"canonical":"https:\/\/www.filha.fi\/pikkutopposet-materiaalipankki\/","og_locale":"en_US","og_type":"article","og_title":"Pikkut\u00f6pp\u00f6set onnistumiseen -hankkeen materiaalipankki - Filha","og_url":"https:\/\/www.filha.fi\/pikkutopposet-materiaalipankki\/","og_site_name":"Filha","article_modified_time":"2025-11-19T08:51:16+00:00","og_image":[{"width":960,"height":1230,"url":"https:\/\/www.filha.fi\/wp-content\/uploads\/2019\/04\/Filha-logo.png","type":"image\/png"}],"twitter_card":"summary_large_image","twitter_misc":{"Est. reading time":"3 minutes"},"schema":{"@context":"https:\/\/schema.org","@graph":[{"@type":"WebPage","@id":"https:\/\/www.filha.fi\/pikkutopposet-materiaalipankki\/","url":"https:\/\/www.filha.fi\/pikkutopposet-materiaalipankki\/","name":"Pikkut\u00f6pp\u00f6set onnistumiseen -hankkeen materiaalipankki - Filha","isPartOf":{"@id":"https:\/\/www.filha.fi\/#website"},"datePublished":"2024-12-04T08:33:50+00:00","dateModified":"2025-11-19T08:51:16+00:00","description":"Tukimateriaalia vauvaa odottaville ja pikkulasten vanhemmille tupakka- ja nikotiinituotteiden k\u00e4yt\u00f6n lopettamisen tueksi.","breadcrumb":{"@id":"https:\/\/www.filha.fi\/pikkutopposet-materiaalipankki\/#breadcrumb"},"inLanguage":"en-US","potentialAction":[{"@type":"ReadAction","target":["https:\/\/www.filha.fi\/pikkutopposet-materiaalipankki\/"]}]},{"@type":"BreadcrumbList","@id":"https:\/\/www.filha.fi\/pikkutopposet-materiaalipankki\/#breadcrumb","itemListElement":[{"@type":"ListItem","position":1,"name":"Home","item":"https:\/\/www.filha.fi\/"},{"@type":"ListItem","position":2,"name":"Pikkut\u00f6pp\u00f6set onnistumiseen -hankkeen materiaalipankki"}]},{"@type":"WebSite","@id":"https:\/\/www.filha.fi\/#website","url":"https:\/\/www.filha.fi\/","name":"Filha","description":"Expertise in lung health","publisher":{"@id":"https:\/\/www.filha.fi\/#organization"},"potentialAction":[{"@type":"SearchAction","target":{"@type":"EntryPoint","urlTemplate":"https:\/\/www.filha.fi\/?s={search_term_string}"},"query-input":{"@type":"PropertyValueSpecification","valueRequired":true,"valueName":"search_term_string"}}],"inLanguage":"en-US"},{"@type":"Organization","@id":"https:\/\/www.filha.fi\/#organization","name":"Filha ry","url":"https:\/\/www.filha.fi\/","logo":{"@type":"ImageObject","inLanguage":"en-US","@id":"https:\/\/www.filha.fi\/#\/schema\/logo\/image\/","url":"https:\/\/www.filha.fi\/wp-content\/uploads\/2019\/04\/Filha-logo.png","contentUrl":"https:\/\/www.filha.fi\/wp-content\/uploads\/2019\/04\/Filha-logo.png","width":960,"height":1230,"caption":"Filha ry"},"image":{"@id":"https:\/\/www.filha.fi\/#\/schema\/logo\/image\/"}}]}},"_links":{"self":[{"href":"https:\/\/www.filha.fi\/en\/wp-json\/wp\/v2\/pages\/31220","targetHints":{"allow":["GET"]}}],"collection":[{"href":"https:\/\/www.filha.fi\/en\/wp-json\/wp\/v2\/pages"}],"about":[{"href":"https:\/\/www.filha.fi\/en\/wp-json\/wp\/v2\/types\/page"}],"author":[{"embeddable":true,"href":"https:\/\/www.filha.fi\/en\/wp-json\/wp\/v2\/users\/24"}],"replies":[{"embeddable":true,"href":"https:\/\/www.filha.fi\/en\/wp-json\/wp\/v2\/comments?post=31220"}],"version-history":[{"count":2,"href":"https:\/\/www.filha.fi\/en\/wp-json\/wp\/v2\/pages\/31220\/revisions"}],"predecessor-version":[{"id":34187,"href":"https:\/\/www.filha.fi\/en\/wp-json\/wp\/v2\/pages\/31220\/revisions\/34187"}],"wp:attachment":[{"href":"https:\/\/www.filha.fi\/en\/wp-json\/wp\/v2\/media?parent=31220"}],"wp:term":[{"taxonomy":"category","embeddable":true,"href":"https:\/\/www.filha.fi\/en\/wp-json\/wp\/v2\/categories?post=31220"}],"curies":[{"name":"wp","href":"https:\/\/api.w.org\/{rel}","templated":true}]}}