{"id":31605,"date":"2024-11-15T15:45:50","date_gmt":"2024-11-15T13:45:50","guid":{"rendered":"https:\/\/www.filha.fi\/?page_id=31605"},"modified":"2024-12-09T15:34:33","modified_gmt":"2024-12-09T13:34:33","slug":"ohje-epailtyjen-sisaymparistoon-liittyvien-oireiden-selvittelyyn-ja-hoitoon","status":"publish","type":"page","link":"https:\/\/www.filha.fi\/en\/ohje-epailtyjen-sisaymparistoon-liittyvien-oireiden-selvittelyyn-ja-hoitoon\/","title":{"rendered":"Ohje ep\u00e4iltyjen sis\u00e4ymp\u00e4rist\u00f6\u00f6n liittyvien oireiden selvittelyyn ja hoitoon"},"content":{"rendered":"<h3>Uusi ohje terveydenhuollon ammattilaisille ep\u00e4iltyjen sis\u00e4ymp\u00e4rist\u00f6\u00f6n liittyvien oireiden selvittelyyn ja hoitoon<\/h3>\n<p>Ohje tarjoaa terveydenhuollon ammattilaisille tiivistetysti keinoja ep\u00e4iltyjen sis\u00e4ymp\u00e4rist\u00f6\u00f6n liittyvien oireiden selvittelyyn ja hoitoon. Ohje perustuu kev\u00e4\u00e4ll\u00e4 2024 julkaistuun Sosiaali- ja terveysministeri\u00f6n (STM) suositukseen \u201d<a href=\"https:\/\/www.terveysportti.fi\/apps\/dtk\/ltk\/article\/hsu00028\" target=\"_blank\" rel=\"noopener\">Sis\u00e4ilmaan liittyv\u00e4n oireilun ja sairastumisen hoitosuositus<\/a>\u201d. Suosituksen mukaan onnistuneen kuntoutumisen perustana on kuunteleva kohtaaminen, toimiva hoitosuhde ja yksil\u00f6llinen tuki.<\/p>\n<p>Tutustu ohjeeseen, ota k\u00e4ytt\u00f6\u00f6n omassa ty\u00f6ss\u00e4si ja vinkkaa kollegoille!<\/p>\n<p><a href=\"https:\/\/www.filha.fi\/wp-content\/uploads\/2024\/12\/Sisailmaohje_A4_Final_fi.pdf\" target=\"_blank\" rel=\"noopener\">Ohje avautuu t\u00e4st\u00e4 uuteen ikkunaan<\/a>.<\/p>\n<p><a href=\"https:\/\/www.filha.fi\/wp-content\/uploads\/2024\/12\/Sisailmaohje_A4_sv.pdf\" target=\"_blank\" rel=\"noopener\">Anvisningen p\u00e5 svenska.<\/a><\/p>\n","protected":false},"excerpt":{"rendered":"<p>Uusi ohje terveydenhuollon ammattilaisille ep\u00e4iltyjen sis\u00e4ymp\u00e4rist\u00f6\u00f6n liittyvien oireiden selvittelyyn ja hoitoon Ohje tarjoaa terveydenhuollon ammattilaisille tiivistetysti keinoja ep\u00e4iltyjen sis\u00e4ymp\u00e4rist\u00f6\u00f6n liittyvien oireiden selvittelyyn ja hoitoon. Ohje perustuu kev\u00e4\u00e4ll\u00e4 2024 julkaistuun Sosiaali- &#8230; <a title=\"Ohje ep\u00e4iltyjen sis\u00e4ymp\u00e4rist\u00f6\u00f6n liittyvien oireiden selvittelyyn ja hoitoon\" class=\"read-more\" href=\"https:\/\/www.filha.fi\/en\/ohje-epailtyjen-sisaymparistoon-liittyvien-oireiden-selvittelyyn-ja-hoitoon\/\" aria-label=\"Read more about Ohje ep\u00e4iltyjen sis\u00e4ymp\u00e4rist\u00f6\u00f6n liittyvien oireiden selvittelyyn ja hoitoon\">Read more<\/a><\/p>\n","protected":false},"author":17,"featured_media":0,"parent":0,"menu_order":0,"comment_status":"closed","ping_status":"closed","template":"","meta":{"_acf_changed":false,"footnotes":""},"categories":[21],"class_list":["post-31605","page","type-page","status-publish","category-sisailma"],"translation":{"provider":"WPGlobus","version":"3.0.2","language":"en","enabled_languages":["fi","en"],"languages":{"fi":{"title":true,"content":true,"excerpt":false},"en":{"title":false,"content":false,"excerpt":false}}},"acf":[],"yoast_head":"<!-- This site is optimized with the Yoast SEO plugin v27.5 - https:\/\/yoast.com\/product\/yoast-seo-wordpress\/ -->\n<title>Ohje ep\u00e4iltyjen sis\u00e4ymp\u00e4rist\u00f6\u00f6n liittyvien oireiden selvittelyyn ja hoitoon - Filha<\/title>\n<meta name=\"robots\" content=\"index, follow, max-snippet:-1, max-image-preview:large, max-video-preview:-1\" \/>\n<link rel=\"canonical\" href=\"https:\/\/www.filha.fi\/ohje-epailtyjen-sisaymparistoon-liittyvien-oireiden-selvittelyyn-ja-hoitoon\/\" \/>\n<meta property=\"og:locale\" content=\"en_US\" \/>\n<meta property=\"og:type\" content=\"article\" \/>\n<meta property=\"og:title\" content=\"Ohje ep\u00e4iltyjen sis\u00e4ymp\u00e4rist\u00f6\u00f6n liittyvien oireiden selvittelyyn ja hoitoon - Filha\" \/>\n<meta property=\"og:url\" content=\"https:\/\/www.filha.fi\/ohje-epailtyjen-sisaymparistoon-liittyvien-oireiden-selvittelyyn-ja-hoitoon\/\" \/>\n<meta property=\"og:site_name\" content=\"Filha\" \/>\n<meta property=\"article:modified_time\" content=\"2024-12-09T13:34:33+00:00\" \/>\n<meta property=\"og:image\" content=\"https:\/\/www.filha.fi\/wp-content\/uploads\/2019\/04\/Filha-logo.png\" \/>\n\t<meta property=\"og:image:width\" content=\"960\" \/>\n\t<meta property=\"og:image:height\" content=\"1230\" \/>\n\t<meta property=\"og:image:type\" content=\"image\/png\" \/>\n<meta name=\"twitter:card\" content=\"summary_large_image\" \/>\n<meta name=\"twitter:label1\" content=\"Est. reading time\" \/>\n\t<meta name=\"twitter:data1\" content=\"1 minute\" \/>\n<script type=\"application\/ld+json\" class=\"yoast-schema-graph\">{\"@context\":\"https:\\\/\\\/schema.org\",\"@graph\":[{\"@type\":\"WebPage\",\"@id\":\"https:\\\/\\\/www.filha.fi\\\/ohje-epailtyjen-sisaymparistoon-liittyvien-oireiden-selvittelyyn-ja-hoitoon\\\/\",\"url\":\"https:\\\/\\\/www.filha.fi\\\/ohje-epailtyjen-sisaymparistoon-liittyvien-oireiden-selvittelyyn-ja-hoitoon\\\/\",\"name\":\"Ohje ep\u00e4iltyjen sis\u00e4ymp\u00e4rist\u00f6\u00f6n liittyvien oireiden selvittelyyn ja hoitoon - Filha\",\"isPartOf\":{\"@id\":\"https:\\\/\\\/www.filha.fi\\\/#website\"},\"datePublished\":\"2024-11-15T13:45:50+00:00\",\"dateModified\":\"2024-12-09T13:34:33+00:00\",\"breadcrumb\":{\"@id\":\"https:\\\/\\\/www.filha.fi\\\/ohje-epailtyjen-sisaymparistoon-liittyvien-oireiden-selvittelyyn-ja-hoitoon\\\/#breadcrumb\"},\"inLanguage\":\"en-US\",\"potentialAction\":[{\"@type\":\"ReadAction\",\"target\":[\"https:\\\/\\\/www.filha.fi\\\/ohje-epailtyjen-sisaymparistoon-liittyvien-oireiden-selvittelyyn-ja-hoitoon\\\/\"]}]},{\"@type\":\"BreadcrumbList\",\"@id\":\"https:\\\/\\\/www.filha.fi\\\/ohje-epailtyjen-sisaymparistoon-liittyvien-oireiden-selvittelyyn-ja-hoitoon\\\/#breadcrumb\",\"itemListElement\":[{\"@type\":\"ListItem\",\"position\":1,\"name\":\"Home\",\"item\":\"https:\\\/\\\/www.filha.fi\\\/\"},{\"@type\":\"ListItem\",\"position\":2,\"name\":\"Ohje ep\u00e4iltyjen sis\u00e4ymp\u00e4rist\u00f6\u00f6n liittyvien oireiden selvittelyyn ja hoitoon\"}]},{\"@type\":\"WebSite\",\"@id\":\"https:\\\/\\\/www.filha.fi\\\/#website\",\"url\":\"https:\\\/\\\/www.filha.fi\\\/\",\"name\":\"Filha\",\"description\":\"Expertise in lung health\",\"publisher\":{\"@id\":\"https:\\\/\\\/www.filha.fi\\\/#organization\"},\"potentialAction\":[{\"@type\":\"SearchAction\",\"target\":{\"@type\":\"EntryPoint\",\"urlTemplate\":\"https:\\\/\\\/www.filha.fi\\\/?s={search_term_string}\"},\"query-input\":{\"@type\":\"PropertyValueSpecification\",\"valueRequired\":true,\"valueName\":\"search_term_string\"}}],\"inLanguage\":\"en-US\"},{\"@type\":\"Organization\",\"@id\":\"https:\\\/\\\/www.filha.fi\\\/#organization\",\"name\":\"Filha ry\",\"url\":\"https:\\\/\\\/www.filha.fi\\\/\",\"logo\":{\"@type\":\"ImageObject\",\"inLanguage\":\"en-US\",\"@id\":\"https:\\\/\\\/www.filha.fi\\\/#\\\/schema\\\/logo\\\/image\\\/\",\"url\":\"https:\\\/\\\/www.filha.fi\\\/wp-content\\\/uploads\\\/2019\\\/04\\\/Filha-logo.png\",\"contentUrl\":\"https:\\\/\\\/www.filha.fi\\\/wp-content\\\/uploads\\\/2019\\\/04\\\/Filha-logo.png\",\"width\":960,\"height\":1230,\"caption\":\"Filha ry\"},\"image\":{\"@id\":\"https:\\\/\\\/www.filha.fi\\\/#\\\/schema\\\/logo\\\/image\\\/\"}}]}<\/script>\n<!-- \/ Yoast SEO plugin. -->","yoast_head_json":{"title":"Ohje ep\u00e4iltyjen sis\u00e4ymp\u00e4rist\u00f6\u00f6n liittyvien oireiden selvittelyyn ja hoitoon - Filha","robots":{"index":"index","follow":"follow","max-snippet":"max-snippet:-1","max-image-preview":"max-image-preview:large","max-video-preview":"max-video-preview:-1"},"canonical":"https:\/\/www.filha.fi\/ohje-epailtyjen-sisaymparistoon-liittyvien-oireiden-selvittelyyn-ja-hoitoon\/","og_locale":"en_US","og_type":"article","og_title":"Ohje ep\u00e4iltyjen sis\u00e4ymp\u00e4rist\u00f6\u00f6n liittyvien oireiden selvittelyyn ja hoitoon - Filha","og_url":"https:\/\/www.filha.fi\/ohje-epailtyjen-sisaymparistoon-liittyvien-oireiden-selvittelyyn-ja-hoitoon\/","og_site_name":"Filha","article_modified_time":"2024-12-09T13:34:33+00:00","og_image":[{"width":960,"height":1230,"url":"https:\/\/www.filha.fi\/wp-content\/uploads\/2019\/04\/Filha-logo.png","type":"image\/png"}],"twitter_card":"summary_large_image","twitter_misc":{"Est. reading time":"1 minute"},"schema":{"@context":"https:\/\/schema.org","@graph":[{"@type":"WebPage","@id":"https:\/\/www.filha.fi\/ohje-epailtyjen-sisaymparistoon-liittyvien-oireiden-selvittelyyn-ja-hoitoon\/","url":"https:\/\/www.filha.fi\/ohje-epailtyjen-sisaymparistoon-liittyvien-oireiden-selvittelyyn-ja-hoitoon\/","name":"Ohje ep\u00e4iltyjen sis\u00e4ymp\u00e4rist\u00f6\u00f6n liittyvien oireiden selvittelyyn ja hoitoon - Filha","isPartOf":{"@id":"https:\/\/www.filha.fi\/#website"},"datePublished":"2024-11-15T13:45:50+00:00","dateModified":"2024-12-09T13:34:33+00:00","breadcrumb":{"@id":"https:\/\/www.filha.fi\/ohje-epailtyjen-sisaymparistoon-liittyvien-oireiden-selvittelyyn-ja-hoitoon\/#breadcrumb"},"inLanguage":"en-US","potentialAction":[{"@type":"ReadAction","target":["https:\/\/www.filha.fi\/ohje-epailtyjen-sisaymparistoon-liittyvien-oireiden-selvittelyyn-ja-hoitoon\/"]}]},{"@type":"BreadcrumbList","@id":"https:\/\/www.filha.fi\/ohje-epailtyjen-sisaymparistoon-liittyvien-oireiden-selvittelyyn-ja-hoitoon\/#breadcrumb","itemListElement":[{"@type":"ListItem","position":1,"name":"Home","item":"https:\/\/www.filha.fi\/"},{"@type":"ListItem","position":2,"name":"Ohje ep\u00e4iltyjen sis\u00e4ymp\u00e4rist\u00f6\u00f6n liittyvien oireiden selvittelyyn ja hoitoon"}]},{"@type":"WebSite","@id":"https:\/\/www.filha.fi\/#website","url":"https:\/\/www.filha.fi\/","name":"Filha","description":"Expertise in lung health","publisher":{"@id":"https:\/\/www.filha.fi\/#organization"},"potentialAction":[{"@type":"SearchAction","target":{"@type":"EntryPoint","urlTemplate":"https:\/\/www.filha.fi\/?s={search_term_string}"},"query-input":{"@type":"PropertyValueSpecification","valueRequired":true,"valueName":"search_term_string"}}],"inLanguage":"en-US"},{"@type":"Organization","@id":"https:\/\/www.filha.fi\/#organization","name":"Filha ry","url":"https:\/\/www.filha.fi\/","logo":{"@type":"ImageObject","inLanguage":"en-US","@id":"https:\/\/www.filha.fi\/#\/schema\/logo\/image\/","url":"https:\/\/www.filha.fi\/wp-content\/uploads\/2019\/04\/Filha-logo.png","contentUrl":"https:\/\/www.filha.fi\/wp-content\/uploads\/2019\/04\/Filha-logo.png","width":960,"height":1230,"caption":"Filha ry"},"image":{"@id":"https:\/\/www.filha.fi\/#\/schema\/logo\/image\/"}}]}},"_links":{"self":[{"href":"https:\/\/www.filha.fi\/en\/wp-json\/wp\/v2\/pages\/31605","targetHints":{"allow":["GET"]}}],"collection":[{"href":"https:\/\/www.filha.fi\/en\/wp-json\/wp\/v2\/pages"}],"about":[{"href":"https:\/\/www.filha.fi\/en\/wp-json\/wp\/v2\/types\/page"}],"author":[{"embeddable":true,"href":"https:\/\/www.filha.fi\/en\/wp-json\/wp\/v2\/users\/17"}],"replies":[{"embeddable":true,"href":"https:\/\/www.filha.fi\/en\/wp-json\/wp\/v2\/comments?post=31605"}],"version-history":[{"count":0,"href":"https:\/\/www.filha.fi\/en\/wp-json\/wp\/v2\/pages\/31605\/revisions"}],"wp:attachment":[{"href":"https:\/\/www.filha.fi\/en\/wp-json\/wp\/v2\/media?parent=31605"}],"wp:term":[{"taxonomy":"category","embeddable":true,"href":"https:\/\/www.filha.fi\/en\/wp-json\/wp\/v2\/categories?post=31605"}],"curies":[{"name":"wp","href":"https:\/\/api.w.org\/{rel}","templated":true}]}}