{"id":32005,"date":"2025-01-10T12:16:24","date_gmt":"2025-01-10T10:16:24","guid":{"rendered":"https:\/\/www.filha.fi\/?page_id=32005"},"modified":"2025-04-28T12:36:09","modified_gmt":"2025-04-28T09:36:09","slug":"valtakunnallinen-tuberkuloosipaiva-2025","status":"publish","type":"page","link":"https:\/\/www.filha.fi\/en\/valtakunnallinen-tuberkuloosipaiva-2025\/","title":{"rendered":"Valtakunnallinen tuberkuloosip\u00e4iv\u00e4 2025"},"content":{"rendered":"<p><strong>OHJELMA 5.5.2025 (<a href=\"https:\/\/www.filha.fi\/wp-content\/uploads\/2025\/04\/TB-paiva-ohjelma-2025-FINAL.pdf\" target=\"_blank\" rel=\"noopener\">PDF<\/a>)<\/strong><\/p>\n<p>Puheenjohtaja p\u00e4\u00e4sihteeri, professori Tuula Vasankari, Filha ry<\/p>\n<p><strong>klo 9.30\u201310 Ilmoittautuminen<\/strong>, aamukahvi<br \/>\n<strong>klo 10\u201310.10 Tilaisuuden avaus<\/strong>, johtaja Otto Helve, THL<br \/>\n<strong>klo 10.10\u201310.30 Tuberkuloosin epidemiologinen tilanne<\/strong>, johtava asiantuntija Hanna Soini, THL<br \/>\n<strong>klo 10.30\u201310.50<\/strong> <strong>Ajankohtaista Tartuntatautilain kokonaisuudistuksesta, <\/strong>Ylil\u00e4\u00e4k\u00e4ri Aino Pennanen, STM<br \/>\n<strong>klo 10.50\u201311.10<\/strong> <strong>Tuberkuloosin s\u00e4hk\u00f6inen tartunnanj\u00e4ljitys ja seuranta Pirkanmaalla<\/strong>, infektiol\u00e4\u00e4k\u00e4ri Laura Tervo, Pirha<br \/>\n<strong>klo 11.10\u201311.25 Keskustelua ja jaloittelutauko<\/strong><br \/>\n<strong>klo 11.25\u201311.45 Mykobakteerien laboratoriotutkimukset: mit\u00e4 tilaan, mit\u00e4 saan (ja koska)?<\/strong> sairaalamikrobiologi Bruno Luukinen, Fimlab Laboratoriot Oy<br \/>\n<strong>klo 11.45\u201312.05 Tuberkuloosin l\u00e4\u00e4kehoidot ja -kombinaatiot<\/strong>, osastonylil\u00e4\u00e4k\u00e4ri Hanna-Riikka Kreivi, HUS<br \/>\n<strong>klo 12.05\u201312.10 Keskustelua<\/strong><br \/>\n<strong>klo 12.10\u201313.10 LOUNASTAUKO<\/strong><br \/>\n<strong>klo 13.10\u201313.40 MDR TB case &#8211; How to assist the patient in handling whatever challenges arise<\/strong>, TB coordinator, Hege Bjelkar\u00f8y, Vestre Viken Hospital Trust Drammen Hospital, Norway<br \/>\n<strong>klo 13.40\u201313.55 Vertaistuen voima hoidon tukena<\/strong>, terveydenhoitaja Tadeja Munyui, Helsingin kaupunki<br \/>\n<strong>klo 13.55\u201314.10 Uusia tuberkuloosimateriaaleja verkossa<\/strong>, projektisuunnittelija Mikko Vauhkonen, Filha ry<br \/>\n<strong>klo 14.10\u201314.20 Keskustelua<\/strong><br \/>\n<strong>klo 14.20\u201314.50 KAHVITAUKO<\/strong><br \/>\n<strong>klo 14.50\u201315.10 TB-hoidon lopputuloksen raportointi tartuntatautirekisteriin<\/strong>, keuhkosairauksien erikoisl\u00e4\u00e4k\u00e4ri Iiris Rajalahti, Filha\/TAYS<br \/>\n<strong>klo 15.10\u201315.30<\/strong> <strong>Mielenkiintoinen TB-ryv\u00e4s \u2013 mit\u00e4 voimme oppia? <\/strong>apulaisylil\u00e4\u00e4k\u00e4ri Eeva Ruotsalainen, HUS<br \/>\n<strong>klo 15.30-15.45 Keskustelua<\/strong><\/p>\n<p><strong>klo 15.45 Tilaisuuden p\u00e4\u00e4t\u00f6s<\/strong><\/p>\n","protected":false},"excerpt":{"rendered":"<p>OHJELMA 5.5.2025 (PDF) Puheenjohtaja p\u00e4\u00e4sihteeri, professori Tuula Vasankari, Filha ry klo 9.30\u201310 Ilmoittautuminen, aamukahvi klo 10\u201310.10 Tilaisuuden avaus, johtaja Otto Helve, THL klo 10.10\u201310.30 Tuberkuloosin epidemiologinen tilanne, johtava asiantuntija Hanna &#8230; <a title=\"Valtakunnallinen tuberkuloosip\u00e4iv\u00e4 2025\" class=\"read-more\" href=\"https:\/\/www.filha.fi\/en\/valtakunnallinen-tuberkuloosipaiva-2025\/\" aria-label=\"Read more about Valtakunnallinen tuberkuloosip\u00e4iv\u00e4 2025\">Read more<\/a><\/p>\n","protected":false},"author":27,"featured_media":0,"parent":0,"menu_order":0,"comment_status":"closed","ping_status":"closed","template":"","meta":{"_acf_changed":false,"footnotes":""},"categories":[],"class_list":["post-32005","page","type-page","status-publish"],"translation":{"provider":"WPGlobus","version":"3.0.2","language":"en","enabled_languages":["fi","en"],"languages":{"fi":{"title":true,"content":true,"excerpt":false},"en":{"title":false,"content":false,"excerpt":false}}},"acf":[],"yoast_head":"<!-- This site is optimized with the Yoast SEO plugin v27.5 - https:\/\/yoast.com\/product\/yoast-seo-wordpress\/ -->\n<title>Valtakunnallinen tuberkuloosip\u00e4iv\u00e4 2025 - Filha<\/title>\n<meta name=\"robots\" content=\"index, follow, max-snippet:-1, max-image-preview:large, max-video-preview:-1\" \/>\n<link rel=\"canonical\" href=\"https:\/\/www.filha.fi\/valtakunnallinen-tuberkuloosipaiva-2025\/\" \/>\n<meta property=\"og:locale\" content=\"en_US\" \/>\n<meta property=\"og:type\" content=\"article\" \/>\n<meta property=\"og:title\" content=\"Valtakunnallinen tuberkuloosip\u00e4iv\u00e4 2025 - Filha\" \/>\n<meta property=\"og:url\" content=\"https:\/\/www.filha.fi\/valtakunnallinen-tuberkuloosipaiva-2025\/\" \/>\n<meta property=\"og:site_name\" content=\"Filha\" \/>\n<meta property=\"article:modified_time\" content=\"2025-04-28T09:36:09+00:00\" \/>\n<meta property=\"og:image\" content=\"https:\/\/www.filha.fi\/wp-content\/uploads\/2019\/04\/Filha-logo.png\" \/>\n\t<meta property=\"og:image:width\" content=\"960\" \/>\n\t<meta property=\"og:image:height\" content=\"1230\" \/>\n\t<meta property=\"og:image:type\" content=\"image\/png\" \/>\n<meta name=\"twitter:card\" content=\"summary_large_image\" \/>\n<meta name=\"twitter:label1\" content=\"Est. reading time\" \/>\n\t<meta name=\"twitter:data1\" content=\"2 minutes\" \/>\n<script type=\"application\/ld+json\" class=\"yoast-schema-graph\">{\"@context\":\"https:\\\/\\\/schema.org\",\"@graph\":[{\"@type\":\"WebPage\",\"@id\":\"https:\\\/\\\/www.filha.fi\\\/valtakunnallinen-tuberkuloosipaiva-2025\\\/\",\"url\":\"https:\\\/\\\/www.filha.fi\\\/valtakunnallinen-tuberkuloosipaiva-2025\\\/\",\"name\":\"Valtakunnallinen tuberkuloosip\u00e4iv\u00e4 2025 - Filha\",\"isPartOf\":{\"@id\":\"https:\\\/\\\/www.filha.fi\\\/#website\"},\"datePublished\":\"2025-01-10T10:16:24+00:00\",\"dateModified\":\"2025-04-28T09:36:09+00:00\",\"breadcrumb\":{\"@id\":\"https:\\\/\\\/www.filha.fi\\\/valtakunnallinen-tuberkuloosipaiva-2025\\\/#breadcrumb\"},\"inLanguage\":\"en-US\",\"potentialAction\":[{\"@type\":\"ReadAction\",\"target\":[\"https:\\\/\\\/www.filha.fi\\\/valtakunnallinen-tuberkuloosipaiva-2025\\\/\"]}]},{\"@type\":\"BreadcrumbList\",\"@id\":\"https:\\\/\\\/www.filha.fi\\\/valtakunnallinen-tuberkuloosipaiva-2025\\\/#breadcrumb\",\"itemListElement\":[{\"@type\":\"ListItem\",\"position\":1,\"name\":\"Home\",\"item\":\"https:\\\/\\\/www.filha.fi\\\/\"},{\"@type\":\"ListItem\",\"position\":2,\"name\":\"Valtakunnallinen tuberkuloosip\u00e4iv\u00e4 2025\"}]},{\"@type\":\"WebSite\",\"@id\":\"https:\\\/\\\/www.filha.fi\\\/#website\",\"url\":\"https:\\\/\\\/www.filha.fi\\\/\",\"name\":\"Filha\",\"description\":\"Expertise in lung health\",\"publisher\":{\"@id\":\"https:\\\/\\\/www.filha.fi\\\/#organization\"},\"potentialAction\":[{\"@type\":\"SearchAction\",\"target\":{\"@type\":\"EntryPoint\",\"urlTemplate\":\"https:\\\/\\\/www.filha.fi\\\/?s={search_term_string}\"},\"query-input\":{\"@type\":\"PropertyValueSpecification\",\"valueRequired\":true,\"valueName\":\"search_term_string\"}}],\"inLanguage\":\"en-US\"},{\"@type\":\"Organization\",\"@id\":\"https:\\\/\\\/www.filha.fi\\\/#organization\",\"name\":\"Filha ry\",\"url\":\"https:\\\/\\\/www.filha.fi\\\/\",\"logo\":{\"@type\":\"ImageObject\",\"inLanguage\":\"en-US\",\"@id\":\"https:\\\/\\\/www.filha.fi\\\/#\\\/schema\\\/logo\\\/image\\\/\",\"url\":\"https:\\\/\\\/www.filha.fi\\\/wp-content\\\/uploads\\\/2019\\\/04\\\/Filha-logo.png\",\"contentUrl\":\"https:\\\/\\\/www.filha.fi\\\/wp-content\\\/uploads\\\/2019\\\/04\\\/Filha-logo.png\",\"width\":960,\"height\":1230,\"caption\":\"Filha ry\"},\"image\":{\"@id\":\"https:\\\/\\\/www.filha.fi\\\/#\\\/schema\\\/logo\\\/image\\\/\"}}]}<\/script>\n<!-- \/ Yoast SEO plugin. -->","yoast_head_json":{"title":"Valtakunnallinen tuberkuloosip\u00e4iv\u00e4 2025 - Filha","robots":{"index":"index","follow":"follow","max-snippet":"max-snippet:-1","max-image-preview":"max-image-preview:large","max-video-preview":"max-video-preview:-1"},"canonical":"https:\/\/www.filha.fi\/valtakunnallinen-tuberkuloosipaiva-2025\/","og_locale":"en_US","og_type":"article","og_title":"Valtakunnallinen tuberkuloosip\u00e4iv\u00e4 2025 - Filha","og_url":"https:\/\/www.filha.fi\/valtakunnallinen-tuberkuloosipaiva-2025\/","og_site_name":"Filha","article_modified_time":"2025-04-28T09:36:09+00:00","og_image":[{"width":960,"height":1230,"url":"https:\/\/www.filha.fi\/wp-content\/uploads\/2019\/04\/Filha-logo.png","type":"image\/png"}],"twitter_card":"summary_large_image","twitter_misc":{"Est. reading time":"2 minutes"},"schema":{"@context":"https:\/\/schema.org","@graph":[{"@type":"WebPage","@id":"https:\/\/www.filha.fi\/valtakunnallinen-tuberkuloosipaiva-2025\/","url":"https:\/\/www.filha.fi\/valtakunnallinen-tuberkuloosipaiva-2025\/","name":"Valtakunnallinen tuberkuloosip\u00e4iv\u00e4 2025 - Filha","isPartOf":{"@id":"https:\/\/www.filha.fi\/#website"},"datePublished":"2025-01-10T10:16:24+00:00","dateModified":"2025-04-28T09:36:09+00:00","breadcrumb":{"@id":"https:\/\/www.filha.fi\/valtakunnallinen-tuberkuloosipaiva-2025\/#breadcrumb"},"inLanguage":"en-US","potentialAction":[{"@type":"ReadAction","target":["https:\/\/www.filha.fi\/valtakunnallinen-tuberkuloosipaiva-2025\/"]}]},{"@type":"BreadcrumbList","@id":"https:\/\/www.filha.fi\/valtakunnallinen-tuberkuloosipaiva-2025\/#breadcrumb","itemListElement":[{"@type":"ListItem","position":1,"name":"Home","item":"https:\/\/www.filha.fi\/"},{"@type":"ListItem","position":2,"name":"Valtakunnallinen tuberkuloosip\u00e4iv\u00e4 2025"}]},{"@type":"WebSite","@id":"https:\/\/www.filha.fi\/#website","url":"https:\/\/www.filha.fi\/","name":"Filha","description":"Expertise in lung health","publisher":{"@id":"https:\/\/www.filha.fi\/#organization"},"potentialAction":[{"@type":"SearchAction","target":{"@type":"EntryPoint","urlTemplate":"https:\/\/www.filha.fi\/?s={search_term_string}"},"query-input":{"@type":"PropertyValueSpecification","valueRequired":true,"valueName":"search_term_string"}}],"inLanguage":"en-US"},{"@type":"Organization","@id":"https:\/\/www.filha.fi\/#organization","name":"Filha ry","url":"https:\/\/www.filha.fi\/","logo":{"@type":"ImageObject","inLanguage":"en-US","@id":"https:\/\/www.filha.fi\/#\/schema\/logo\/image\/","url":"https:\/\/www.filha.fi\/wp-content\/uploads\/2019\/04\/Filha-logo.png","contentUrl":"https:\/\/www.filha.fi\/wp-content\/uploads\/2019\/04\/Filha-logo.png","width":960,"height":1230,"caption":"Filha ry"},"image":{"@id":"https:\/\/www.filha.fi\/#\/schema\/logo\/image\/"}}]}},"_links":{"self":[{"href":"https:\/\/www.filha.fi\/en\/wp-json\/wp\/v2\/pages\/32005","targetHints":{"allow":["GET"]}}],"collection":[{"href":"https:\/\/www.filha.fi\/en\/wp-json\/wp\/v2\/pages"}],"about":[{"href":"https:\/\/www.filha.fi\/en\/wp-json\/wp\/v2\/types\/page"}],"author":[{"embeddable":true,"href":"https:\/\/www.filha.fi\/en\/wp-json\/wp\/v2\/users\/27"}],"replies":[{"embeddable":true,"href":"https:\/\/www.filha.fi\/en\/wp-json\/wp\/v2\/comments?post=32005"}],"version-history":[{"count":0,"href":"https:\/\/www.filha.fi\/en\/wp-json\/wp\/v2\/pages\/32005\/revisions"}],"wp:attachment":[{"href":"https:\/\/www.filha.fi\/en\/wp-json\/wp\/v2\/media?parent=32005"}],"wp:term":[{"taxonomy":"category","embeddable":true,"href":"https:\/\/www.filha.fi\/en\/wp-json\/wp\/v2\/categories?post=32005"}],"curies":[{"name":"wp","href":"https:\/\/api.w.org\/{rel}","templated":true}]}}