{"id":32573,"date":"2025-03-26T11:58:48","date_gmt":"2025-03-26T09:58:48","guid":{"rendered":"https:\/\/www.filha.fi\/?page_id=32573"},"modified":"2026-03-03T14:42:06","modified_gmt":"2026-03-03T12:42:06","slug":"tupakkalaskuri","status":"publish","type":"page","link":"https:\/\/www.filha.fi\/en\/tupakka-ja-nikotiini\/tukea-nikotiinivieroitustyohon\/tupakkalaskuri\/","title":{"rendered":""},"content":{"rendered":"<div id=\"tupakkalaskuri\" class=\"calculator-container\">\n<h1>Tupakkalaskuri \u2012 testaa paljonko s\u00e4\u00e4st\u00e4isit ilman tupakkaa<\/h1>\n<p>Tupakkalaskurilla voit laskea helposti, kuinka paljon s\u00e4\u00e4st\u00e4isit tupakoinnin lopettamisella.<\/p>\n<div class=\"section\"><label for=\"cigarettes\">Kuinka monta savuketta poltat p\u00e4iv\u00e4ss\u00e4?<\/label><br \/>\n<input id=\"cigarettes\" max=\"60\" min=\"1\" type=\"range\" value=\"10\" \/><br \/>\n<span id=\"cigarettes-label\">10<\/span> savuketta<\/div>\n<div class=\"section\"><label for=\"price\">Mik\u00e4 on 20 savukkeen askin hinta?<\/label><br \/>\n<input id=\"price\" max=\"15\" min=\"5\" step=\"0.1\" type=\"range\" value=\"7\" \/><br \/>\n<span id=\"price-label\">7.00<\/span> \u20ac<\/div>\n<div class=\"section\"><label>Kuinka pitk\u00e4lt\u00e4 aikav\u00e4lilt\u00e4 haluat n\u00e4hd\u00e4 s\u00e4\u00e4st\u00e4m\u00e4si raham\u00e4\u00e4r\u00e4n?<\/label><\/p>\n<div class=\"radio-group\"><label><input id=\"duration-1m\" checked=\"checked\" name=\"duration\" type=\"radio\" value=\"1\" \/>1 kuukausi<\/label><br \/>\n<label><input id=\"duration-6m\" name=\"duration\" type=\"radio\" value=\"6\" \/>6 kuukautta<\/label><br \/>\n<label><input id=\"duration-1y\" name=\"duration\" type=\"radio\" value=\"12\" \/>1 vuosi<\/label><br \/>\n<label><input id=\"duration-10y\" name=\"duration\" type=\"radio\" value=\"120\" \/>10 vuotta<\/label><br \/>\n<label><input id=\"duration-30y\" name=\"duration\" type=\"radio\" value=\"360\" \/>30 vuotta<\/label><\/div>\n<\/div>\n<div class=\"section result\">Valitulla aikav\u00e4lill\u00e4 voisit s\u00e4\u00e4st\u00e4\u00e4 ilman tupakkaa: <span id=\"total-cost\">0.00<\/span><br \/>\nTulos on vain arvio. Laskutoimitus tehd\u00e4\u00e4n oletuksella, ett\u00e4 kuukaudessa on 30 p\u00e4iv\u00e4\u00e4, yhdess\u00e4 askissa 20 savuketta ja askien m\u00e4\u00e4r\u00e4 kuukaudessa py\u00f6ristet\u00e4\u00e4n yl\u00f6sp\u00e4in kokonaisiin askeihin. Jos poltat esimerkiksi 3 savuketta p\u00e4iv\u00e4ss\u00e4, se tekee 5 askia kuukaudessa (3 x 30 \/20 = 4,5).<\/div>\n<\/div>\n","protected":false},"excerpt":{"rendered":"<p>Tupakkalaskuri \u2012 testaa paljonko s\u00e4\u00e4st\u00e4isit ilman tupakkaa Tupakkalaskurilla voit laskea helposti, kuinka paljon s\u00e4\u00e4st\u00e4isit tupakoinnin lopettamisella. Kuinka monta savuketta poltat p\u00e4iv\u00e4ss\u00e4? 10 savuketta Mik\u00e4 on 20 savukkeen askin hinta? 7.00 &#8230; <a title=\"\" class=\"read-more\" href=\"https:\/\/www.filha.fi\/en\/tupakka-ja-nikotiini\/tukea-nikotiinivieroitustyohon\/tupakkalaskuri\/\" aria-label=\"Read more about \">Read more<\/a><\/p>\n","protected":false},"author":4,"featured_media":0,"parent":34260,"menu_order":0,"comment_status":"closed","ping_status":"closed","template":"","meta":{"_acf_changed":false,"footnotes":""},"categories":[7],"class_list":["post-32573","page","type-page","status-publish","category-tupakka"],"translation":{"provider":"WPGlobus","version":"3.0.2","language":"en","enabled_languages":["fi","en"],"languages":{"fi":{"title":false,"content":true,"excerpt":false},"en":{"title":false,"content":false,"excerpt":false}}},"acf":[],"yoast_head":"<!-- This site is optimized with the Yoast SEO plugin v27.4 - https:\/\/yoast.com\/product\/yoast-seo-wordpress\/ -->\n<title>- Filha<\/title>\n<meta name=\"robots\" content=\"index, follow, max-snippet:-1, max-image-preview:large, max-video-preview:-1\" \/>\n<link rel=\"canonical\" href=\"https:\/\/www.filha.fi\/tupakka-ja-nikotiini\/tukea-nikotiinivieroitustyohon\/tupakkalaskuri\/\" \/>\n<meta property=\"og:locale\" content=\"en_US\" \/>\n<meta property=\"og:type\" content=\"article\" \/>\n<meta property=\"og:title\" content=\"- Filha\" \/>\n<meta property=\"og:url\" content=\"https:\/\/www.filha.fi\/tupakka-ja-nikotiini\/tukea-nikotiinivieroitustyohon\/tupakkalaskuri\/\" \/>\n<meta property=\"og:site_name\" content=\"Filha\" \/>\n<meta property=\"article:modified_time\" content=\"2026-03-03T12:42:06+00:00\" \/>\n<meta property=\"og:image\" content=\"https:\/\/www.filha.fi\/wp-content\/uploads\/2019\/04\/Filha-logo.png\" \/>\n\t<meta property=\"og:image:width\" content=\"960\" \/>\n\t<meta property=\"og:image:height\" content=\"1230\" \/>\n\t<meta property=\"og:image:type\" content=\"image\/png\" \/>\n<meta name=\"twitter:card\" content=\"summary_large_image\" \/>\n<meta name=\"twitter:label1\" content=\"Est. reading time\" \/>\n\t<meta name=\"twitter:data1\" content=\"1 minute\" \/>\n<script type=\"application\/ld+json\" class=\"yoast-schema-graph\">{\"@context\":\"https:\\\/\\\/schema.org\",\"@graph\":[{\"@type\":\"WebPage\",\"@id\":\"https:\\\/\\\/www.filha.fi\\\/tupakka-ja-nikotiini\\\/tukea-nikotiinivieroitustyohon\\\/tupakkalaskuri\\\/\",\"url\":\"https:\\\/\\\/www.filha.fi\\\/tupakka-ja-nikotiini\\\/tukea-nikotiinivieroitustyohon\\\/tupakkalaskuri\\\/\",\"name\":\"- Filha\",\"isPartOf\":{\"@id\":\"https:\\\/\\\/www.filha.fi\\\/#website\"},\"datePublished\":\"2025-03-26T09:58:48+00:00\",\"dateModified\":\"2026-03-03T12:42:06+00:00\",\"breadcrumb\":{\"@id\":\"https:\\\/\\\/www.filha.fi\\\/tupakka-ja-nikotiini\\\/tukea-nikotiinivieroitustyohon\\\/tupakkalaskuri\\\/#breadcrumb\"},\"inLanguage\":\"en-US\",\"potentialAction\":[{\"@type\":\"ReadAction\",\"target\":[\"https:\\\/\\\/www.filha.fi\\\/tupakka-ja-nikotiini\\\/tukea-nikotiinivieroitustyohon\\\/tupakkalaskuri\\\/\"]}]},{\"@type\":\"BreadcrumbList\",\"@id\":\"https:\\\/\\\/www.filha.fi\\\/tupakka-ja-nikotiini\\\/tukea-nikotiinivieroitustyohon\\\/tupakkalaskuri\\\/#breadcrumb\",\"itemListElement\":[{\"@type\":\"ListItem\",\"position\":1,\"name\":\"Home\",\"item\":\"https:\\\/\\\/www.filha.fi\\\/\"},{\"@type\":\"ListItem\",\"position\":2,\"name\":\"Tupakka ja nikotiini\",\"item\":\"https:\\\/\\\/www.filha.fi\\\/tupakka-ja-nikotiini\\\/\"},{\"@type\":\"ListItem\",\"position\":3,\"name\":\"Tukea nikotiinivieroitusty\u00f6h\u00f6n \u2013 tietoa ja ty\u00f6kaluja ammattilaisille\",\"item\":\"https:\\\/\\\/www.filha.fi\\\/tupakka-ja-nikotiini\\\/tukea-nikotiinivieroitustyohon\\\/\"}]},{\"@type\":\"WebSite\",\"@id\":\"https:\\\/\\\/www.filha.fi\\\/#website\",\"url\":\"https:\\\/\\\/www.filha.fi\\\/\",\"name\":\"Filha\",\"description\":\"Expertise in lung health\",\"publisher\":{\"@id\":\"https:\\\/\\\/www.filha.fi\\\/#organization\"},\"potentialAction\":[{\"@type\":\"SearchAction\",\"target\":{\"@type\":\"EntryPoint\",\"urlTemplate\":\"https:\\\/\\\/www.filha.fi\\\/?s={search_term_string}\"},\"query-input\":{\"@type\":\"PropertyValueSpecification\",\"valueRequired\":true,\"valueName\":\"search_term_string\"}}],\"inLanguage\":\"en-US\"},{\"@type\":\"Organization\",\"@id\":\"https:\\\/\\\/www.filha.fi\\\/#organization\",\"name\":\"Filha ry\",\"url\":\"https:\\\/\\\/www.filha.fi\\\/\",\"logo\":{\"@type\":\"ImageObject\",\"inLanguage\":\"en-US\",\"@id\":\"https:\\\/\\\/www.filha.fi\\\/#\\\/schema\\\/logo\\\/image\\\/\",\"url\":\"https:\\\/\\\/www.filha.fi\\\/wp-content\\\/uploads\\\/2019\\\/04\\\/Filha-logo.png\",\"contentUrl\":\"https:\\\/\\\/www.filha.fi\\\/wp-content\\\/uploads\\\/2019\\\/04\\\/Filha-logo.png\",\"width\":960,\"height\":1230,\"caption\":\"Filha ry\"},\"image\":{\"@id\":\"https:\\\/\\\/www.filha.fi\\\/#\\\/schema\\\/logo\\\/image\\\/\"}}]}<\/script>\n<!-- \/ Yoast SEO plugin. -->","yoast_head_json":{"title":"- Filha","robots":{"index":"index","follow":"follow","max-snippet":"max-snippet:-1","max-image-preview":"max-image-preview:large","max-video-preview":"max-video-preview:-1"},"canonical":"https:\/\/www.filha.fi\/tupakka-ja-nikotiini\/tukea-nikotiinivieroitustyohon\/tupakkalaskuri\/","og_locale":"en_US","og_type":"article","og_title":"- Filha","og_url":"https:\/\/www.filha.fi\/tupakka-ja-nikotiini\/tukea-nikotiinivieroitustyohon\/tupakkalaskuri\/","og_site_name":"Filha","article_modified_time":"2026-03-03T12:42:06+00:00","og_image":[{"width":960,"height":1230,"url":"https:\/\/www.filha.fi\/wp-content\/uploads\/2019\/04\/Filha-logo.png","type":"image\/png"}],"twitter_card":"summary_large_image","twitter_misc":{"Est. reading time":"1 minute"},"schema":{"@context":"https:\/\/schema.org","@graph":[{"@type":"WebPage","@id":"https:\/\/www.filha.fi\/tupakka-ja-nikotiini\/tukea-nikotiinivieroitustyohon\/tupakkalaskuri\/","url":"https:\/\/www.filha.fi\/tupakka-ja-nikotiini\/tukea-nikotiinivieroitustyohon\/tupakkalaskuri\/","name":"- Filha","isPartOf":{"@id":"https:\/\/www.filha.fi\/#website"},"datePublished":"2025-03-26T09:58:48+00:00","dateModified":"2026-03-03T12:42:06+00:00","breadcrumb":{"@id":"https:\/\/www.filha.fi\/tupakka-ja-nikotiini\/tukea-nikotiinivieroitustyohon\/tupakkalaskuri\/#breadcrumb"},"inLanguage":"en-US","potentialAction":[{"@type":"ReadAction","target":["https:\/\/www.filha.fi\/tupakka-ja-nikotiini\/tukea-nikotiinivieroitustyohon\/tupakkalaskuri\/"]}]},{"@type":"BreadcrumbList","@id":"https:\/\/www.filha.fi\/tupakka-ja-nikotiini\/tukea-nikotiinivieroitustyohon\/tupakkalaskuri\/#breadcrumb","itemListElement":[{"@type":"ListItem","position":1,"name":"Home","item":"https:\/\/www.filha.fi\/"},{"@type":"ListItem","position":2,"name":"Tupakka ja nikotiini","item":"https:\/\/www.filha.fi\/tupakka-ja-nikotiini\/"},{"@type":"ListItem","position":3,"name":"Tukea nikotiinivieroitusty\u00f6h\u00f6n \u2013 tietoa ja ty\u00f6kaluja ammattilaisille","item":"https:\/\/www.filha.fi\/tupakka-ja-nikotiini\/tukea-nikotiinivieroitustyohon\/"}]},{"@type":"WebSite","@id":"https:\/\/www.filha.fi\/#website","url":"https:\/\/www.filha.fi\/","name":"Filha","description":"Expertise in lung health","publisher":{"@id":"https:\/\/www.filha.fi\/#organization"},"potentialAction":[{"@type":"SearchAction","target":{"@type":"EntryPoint","urlTemplate":"https:\/\/www.filha.fi\/?s={search_term_string}"},"query-input":{"@type":"PropertyValueSpecification","valueRequired":true,"valueName":"search_term_string"}}],"inLanguage":"en-US"},{"@type":"Organization","@id":"https:\/\/www.filha.fi\/#organization","name":"Filha ry","url":"https:\/\/www.filha.fi\/","logo":{"@type":"ImageObject","inLanguage":"en-US","@id":"https:\/\/www.filha.fi\/#\/schema\/logo\/image\/","url":"https:\/\/www.filha.fi\/wp-content\/uploads\/2019\/04\/Filha-logo.png","contentUrl":"https:\/\/www.filha.fi\/wp-content\/uploads\/2019\/04\/Filha-logo.png","width":960,"height":1230,"caption":"Filha ry"},"image":{"@id":"https:\/\/www.filha.fi\/#\/schema\/logo\/image\/"}}]}},"_links":{"self":[{"href":"https:\/\/www.filha.fi\/en\/wp-json\/wp\/v2\/pages\/32573","targetHints":{"allow":["GET"]}}],"collection":[{"href":"https:\/\/www.filha.fi\/en\/wp-json\/wp\/v2\/pages"}],"about":[{"href":"https:\/\/www.filha.fi\/en\/wp-json\/wp\/v2\/types\/page"}],"author":[{"embeddable":true,"href":"https:\/\/www.filha.fi\/en\/wp-json\/wp\/v2\/users\/4"}],"replies":[{"embeddable":true,"href":"https:\/\/www.filha.fi\/en\/wp-json\/wp\/v2\/comments?post=32573"}],"version-history":[{"count":1,"href":"https:\/\/www.filha.fi\/en\/wp-json\/wp\/v2\/pages\/32573\/revisions"}],"predecessor-version":[{"id":34794,"href":"https:\/\/www.filha.fi\/en\/wp-json\/wp\/v2\/pages\/32573\/revisions\/34794"}],"up":[{"embeddable":true,"href":"https:\/\/www.filha.fi\/en\/wp-json\/wp\/v2\/pages\/34260"}],"wp:attachment":[{"href":"https:\/\/www.filha.fi\/en\/wp-json\/wp\/v2\/media?parent=32573"}],"wp:term":[{"taxonomy":"category","embeddable":true,"href":"https:\/\/www.filha.fi\/en\/wp-json\/wp\/v2\/categories?post=32573"}],"curies":[{"name":"wp","href":"https:\/\/api.w.org\/{rel}","templated":true}]}}