{"id":32700,"date":"2025-04-09T15:13:18","date_gmt":"2025-04-09T12:13:18","guid":{"rendered":"https:\/\/www.filha.fi\/?page_id=32700"},"modified":"2026-03-03T14:43:09","modified_gmt":"2026-03-03T12:43:09","slug":"tobaksraknare","status":"publish","type":"page","link":"https:\/\/www.filha.fi\/en\/tupakka-ja-nikotiini\/tukea-nikotiinivieroitustyohon\/tobaksraknare\/","title":{"rendered":""},"content":{"rendered":"<div id=\"tupakkalaskuri\" class=\"calculator-container\">\n<h1>Tobaksr\u00e4knare \u2012 testa hur mycket du skulle spara ifall du slutade r\u00f6ka<\/h1>\n<p>Med tobaksr\u00e4knaren kan du enkelt r\u00e4kna ut hur mycket du skulle spara genom att sluta r\u00f6ka.<\/p>\n<div class=\"section\"><label for=\"cigarettes\">Hur m\u00e5nga cigaretter r\u00f6ker du om dagen?<\/label><br \/>\n<input id=\"cigarettes\" max=\"60\" min=\"1\" type=\"range\" value=\"10\" \/><br \/>\n<span id=\"cigarettes-label\">10<\/span> cigaretter<\/div>\n<div class=\"section\"><label for=\"price\">Vad \u00e4r priset p\u00e5 en ask med 20 cigaretter?<\/label><br \/>\n<input id=\"price\" max=\"15\" min=\"5\" step=\"0.1\" type=\"range\" value=\"7\" \/><br \/>\n<span id=\"price-label\">7.00<\/span> \u20ac<\/div>\n<div class=\"section\">\n<p><label>V\u00e4lj den tidsperiod f\u00f6r vilken du vill se den sparade summan<\/label><\/p>\n<div class=\"radio-group\"><label><input id=\"duration-1m\" checked=\"checked\" name=\"duration\" type=\"radio\" value=\"1\" \/>1 m\u00e5nad<\/label><br \/>\n<label><input id=\"duration-6m\" name=\"duration\" type=\"radio\" value=\"6\" \/>6 m\u00e5nader<\/label><br \/>\n<label><input id=\"duration-1y\" name=\"duration\" type=\"radio\" value=\"12\" \/>1 \u00e5r<\/label><br \/>\n<label><input id=\"duration-10y\" name=\"duration\" type=\"radio\" value=\"120\" \/>10 \u00e5r<\/label><br \/>\n<label><input id=\"duration-30y\" name=\"duration\" type=\"radio\" value=\"360\" \/>30 \u00e5r<\/label><\/div>\n<\/div>\n<div class=\"section result\">Under den valda tidsperioden kunde du spara <span id=\"total-cost\">0.00<\/span><br \/>\nResultatet \u00e4r bara en uppskattning. Ber\u00e4kningen g\u00f6rs utifr\u00e5n antagandet att det finns 30 dagar i en m\u00e5nad, 20 cigaretter i en ask, och antalet askar per m\u00e5nad avrundas upp\u00e5t till hela askar. Om du till exempel r\u00f6ker 3 cigaretter om dagen, blir det 5 askar i m\u00e5naden (3 x 30 \/ 20 = 4,5).<\/div>\n<\/div>\n","protected":false},"excerpt":{"rendered":"<p>Tobaksr\u00e4knare \u2012 testa hur mycket du skulle spara ifall du slutade r\u00f6ka Med tobaksr\u00e4knaren kan du enkelt r\u00e4kna ut hur mycket du skulle spara genom att sluta r\u00f6ka. Hur m\u00e5nga &#8230; <a title=\"\" class=\"read-more\" href=\"https:\/\/www.filha.fi\/en\/tupakka-ja-nikotiini\/tukea-nikotiinivieroitustyohon\/tobaksraknare\/\" aria-label=\"Read more about \">Read more<\/a><\/p>\n","protected":false},"author":4,"featured_media":0,"parent":34260,"menu_order":0,"comment_status":"closed","ping_status":"closed","template":"","meta":{"_acf_changed":false,"footnotes":""},"categories":[7],"class_list":["post-32700","page","type-page","status-publish","category-tupakka"],"translation":{"provider":"WPGlobus","version":"3.0.2","language":"en","enabled_languages":["fi","en"],"languages":{"fi":{"title":false,"content":true,"excerpt":false},"en":{"title":false,"content":false,"excerpt":false}}},"acf":[],"yoast_head":"<!-- This site is optimized with the Yoast SEO plugin v27.4 - https:\/\/yoast.com\/product\/yoast-seo-wordpress\/ -->\n<title>- Filha<\/title>\n<meta name=\"robots\" content=\"index, follow, max-snippet:-1, max-image-preview:large, max-video-preview:-1\" \/>\n<link rel=\"canonical\" href=\"https:\/\/www.filha.fi\/tupakka-ja-nikotiini\/tukea-nikotiinivieroitustyohon\/tobaksraknare\/\" \/>\n<meta property=\"og:locale\" content=\"en_US\" \/>\n<meta property=\"og:type\" content=\"article\" \/>\n<meta property=\"og:title\" content=\"- Filha\" \/>\n<meta property=\"og:url\" content=\"https:\/\/www.filha.fi\/tupakka-ja-nikotiini\/tukea-nikotiinivieroitustyohon\/tobaksraknare\/\" \/>\n<meta property=\"og:site_name\" content=\"Filha\" \/>\n<meta property=\"article:modified_time\" content=\"2026-03-03T12:43:09+00:00\" \/>\n<meta property=\"og:image\" content=\"https:\/\/www.filha.fi\/wp-content\/uploads\/2019\/04\/Filha-logo.png\" \/>\n\t<meta property=\"og:image:width\" content=\"960\" \/>\n\t<meta property=\"og:image:height\" content=\"1230\" \/>\n\t<meta property=\"og:image:type\" content=\"image\/png\" \/>\n<meta name=\"twitter:card\" content=\"summary_large_image\" \/>\n<meta name=\"twitter:label1\" content=\"Est. reading time\" \/>\n\t<meta name=\"twitter:data1\" content=\"1 minute\" \/>\n<script type=\"application\/ld+json\" class=\"yoast-schema-graph\">{\"@context\":\"https:\\\/\\\/schema.org\",\"@graph\":[{\"@type\":\"WebPage\",\"@id\":\"https:\\\/\\\/www.filha.fi\\\/tupakka-ja-nikotiini\\\/tukea-nikotiinivieroitustyohon\\\/tobaksraknare\\\/\",\"url\":\"https:\\\/\\\/www.filha.fi\\\/tupakka-ja-nikotiini\\\/tukea-nikotiinivieroitustyohon\\\/tobaksraknare\\\/\",\"name\":\"- Filha\",\"isPartOf\":{\"@id\":\"https:\\\/\\\/www.filha.fi\\\/#website\"},\"datePublished\":\"2025-04-09T12:13:18+00:00\",\"dateModified\":\"2026-03-03T12:43:09+00:00\",\"breadcrumb\":{\"@id\":\"https:\\\/\\\/www.filha.fi\\\/tupakka-ja-nikotiini\\\/tukea-nikotiinivieroitustyohon\\\/tobaksraknare\\\/#breadcrumb\"},\"inLanguage\":\"en-US\",\"potentialAction\":[{\"@type\":\"ReadAction\",\"target\":[\"https:\\\/\\\/www.filha.fi\\\/tupakka-ja-nikotiini\\\/tukea-nikotiinivieroitustyohon\\\/tobaksraknare\\\/\"]}]},{\"@type\":\"BreadcrumbList\",\"@id\":\"https:\\\/\\\/www.filha.fi\\\/tupakka-ja-nikotiini\\\/tukea-nikotiinivieroitustyohon\\\/tobaksraknare\\\/#breadcrumb\",\"itemListElement\":[{\"@type\":\"ListItem\",\"position\":1,\"name\":\"Home\",\"item\":\"https:\\\/\\\/www.filha.fi\\\/\"},{\"@type\":\"ListItem\",\"position\":2,\"name\":\"Tupakka ja nikotiini\",\"item\":\"https:\\\/\\\/www.filha.fi\\\/tupakka-ja-nikotiini\\\/\"},{\"@type\":\"ListItem\",\"position\":3,\"name\":\"Tukea nikotiinivieroitusty\u00f6h\u00f6n \u2013 tietoa ja ty\u00f6kaluja ammattilaisille\",\"item\":\"https:\\\/\\\/www.filha.fi\\\/tupakka-ja-nikotiini\\\/tukea-nikotiinivieroitustyohon\\\/\"}]},{\"@type\":\"WebSite\",\"@id\":\"https:\\\/\\\/www.filha.fi\\\/#website\",\"url\":\"https:\\\/\\\/www.filha.fi\\\/\",\"name\":\"Filha\",\"description\":\"Expertise in lung health\",\"publisher\":{\"@id\":\"https:\\\/\\\/www.filha.fi\\\/#organization\"},\"potentialAction\":[{\"@type\":\"SearchAction\",\"target\":{\"@type\":\"EntryPoint\",\"urlTemplate\":\"https:\\\/\\\/www.filha.fi\\\/?s={search_term_string}\"},\"query-input\":{\"@type\":\"PropertyValueSpecification\",\"valueRequired\":true,\"valueName\":\"search_term_string\"}}],\"inLanguage\":\"en-US\"},{\"@type\":\"Organization\",\"@id\":\"https:\\\/\\\/www.filha.fi\\\/#organization\",\"name\":\"Filha ry\",\"url\":\"https:\\\/\\\/www.filha.fi\\\/\",\"logo\":{\"@type\":\"ImageObject\",\"inLanguage\":\"en-US\",\"@id\":\"https:\\\/\\\/www.filha.fi\\\/#\\\/schema\\\/logo\\\/image\\\/\",\"url\":\"https:\\\/\\\/www.filha.fi\\\/wp-content\\\/uploads\\\/2019\\\/04\\\/Filha-logo.png\",\"contentUrl\":\"https:\\\/\\\/www.filha.fi\\\/wp-content\\\/uploads\\\/2019\\\/04\\\/Filha-logo.png\",\"width\":960,\"height\":1230,\"caption\":\"Filha ry\"},\"image\":{\"@id\":\"https:\\\/\\\/www.filha.fi\\\/#\\\/schema\\\/logo\\\/image\\\/\"}}]}<\/script>\n<!-- \/ Yoast SEO plugin. -->","yoast_head_json":{"title":"- Filha","robots":{"index":"index","follow":"follow","max-snippet":"max-snippet:-1","max-image-preview":"max-image-preview:large","max-video-preview":"max-video-preview:-1"},"canonical":"https:\/\/www.filha.fi\/tupakka-ja-nikotiini\/tukea-nikotiinivieroitustyohon\/tobaksraknare\/","og_locale":"en_US","og_type":"article","og_title":"- Filha","og_url":"https:\/\/www.filha.fi\/tupakka-ja-nikotiini\/tukea-nikotiinivieroitustyohon\/tobaksraknare\/","og_site_name":"Filha","article_modified_time":"2026-03-03T12:43:09+00:00","og_image":[{"width":960,"height":1230,"url":"https:\/\/www.filha.fi\/wp-content\/uploads\/2019\/04\/Filha-logo.png","type":"image\/png"}],"twitter_card":"summary_large_image","twitter_misc":{"Est. reading time":"1 minute"},"schema":{"@context":"https:\/\/schema.org","@graph":[{"@type":"WebPage","@id":"https:\/\/www.filha.fi\/tupakka-ja-nikotiini\/tukea-nikotiinivieroitustyohon\/tobaksraknare\/","url":"https:\/\/www.filha.fi\/tupakka-ja-nikotiini\/tukea-nikotiinivieroitustyohon\/tobaksraknare\/","name":"- Filha","isPartOf":{"@id":"https:\/\/www.filha.fi\/#website"},"datePublished":"2025-04-09T12:13:18+00:00","dateModified":"2026-03-03T12:43:09+00:00","breadcrumb":{"@id":"https:\/\/www.filha.fi\/tupakka-ja-nikotiini\/tukea-nikotiinivieroitustyohon\/tobaksraknare\/#breadcrumb"},"inLanguage":"en-US","potentialAction":[{"@type":"ReadAction","target":["https:\/\/www.filha.fi\/tupakka-ja-nikotiini\/tukea-nikotiinivieroitustyohon\/tobaksraknare\/"]}]},{"@type":"BreadcrumbList","@id":"https:\/\/www.filha.fi\/tupakka-ja-nikotiini\/tukea-nikotiinivieroitustyohon\/tobaksraknare\/#breadcrumb","itemListElement":[{"@type":"ListItem","position":1,"name":"Home","item":"https:\/\/www.filha.fi\/"},{"@type":"ListItem","position":2,"name":"Tupakka ja nikotiini","item":"https:\/\/www.filha.fi\/tupakka-ja-nikotiini\/"},{"@type":"ListItem","position":3,"name":"Tukea nikotiinivieroitusty\u00f6h\u00f6n \u2013 tietoa ja ty\u00f6kaluja ammattilaisille","item":"https:\/\/www.filha.fi\/tupakka-ja-nikotiini\/tukea-nikotiinivieroitustyohon\/"}]},{"@type":"WebSite","@id":"https:\/\/www.filha.fi\/#website","url":"https:\/\/www.filha.fi\/","name":"Filha","description":"Expertise in lung health","publisher":{"@id":"https:\/\/www.filha.fi\/#organization"},"potentialAction":[{"@type":"SearchAction","target":{"@type":"EntryPoint","urlTemplate":"https:\/\/www.filha.fi\/?s={search_term_string}"},"query-input":{"@type":"PropertyValueSpecification","valueRequired":true,"valueName":"search_term_string"}}],"inLanguage":"en-US"},{"@type":"Organization","@id":"https:\/\/www.filha.fi\/#organization","name":"Filha ry","url":"https:\/\/www.filha.fi\/","logo":{"@type":"ImageObject","inLanguage":"en-US","@id":"https:\/\/www.filha.fi\/#\/schema\/logo\/image\/","url":"https:\/\/www.filha.fi\/wp-content\/uploads\/2019\/04\/Filha-logo.png","contentUrl":"https:\/\/www.filha.fi\/wp-content\/uploads\/2019\/04\/Filha-logo.png","width":960,"height":1230,"caption":"Filha ry"},"image":{"@id":"https:\/\/www.filha.fi\/#\/schema\/logo\/image\/"}}]}},"_links":{"self":[{"href":"https:\/\/www.filha.fi\/en\/wp-json\/wp\/v2\/pages\/32700","targetHints":{"allow":["GET"]}}],"collection":[{"href":"https:\/\/www.filha.fi\/en\/wp-json\/wp\/v2\/pages"}],"about":[{"href":"https:\/\/www.filha.fi\/en\/wp-json\/wp\/v2\/types\/page"}],"author":[{"embeddable":true,"href":"https:\/\/www.filha.fi\/en\/wp-json\/wp\/v2\/users\/4"}],"replies":[{"embeddable":true,"href":"https:\/\/www.filha.fi\/en\/wp-json\/wp\/v2\/comments?post=32700"}],"version-history":[{"count":1,"href":"https:\/\/www.filha.fi\/en\/wp-json\/wp\/v2\/pages\/32700\/revisions"}],"predecessor-version":[{"id":34796,"href":"https:\/\/www.filha.fi\/en\/wp-json\/wp\/v2\/pages\/32700\/revisions\/34796"}],"up":[{"embeddable":true,"href":"https:\/\/www.filha.fi\/en\/wp-json\/wp\/v2\/pages\/34260"}],"wp:attachment":[{"href":"https:\/\/www.filha.fi\/en\/wp-json\/wp\/v2\/media?parent=32700"}],"wp:term":[{"taxonomy":"category","embeddable":true,"href":"https:\/\/www.filha.fi\/en\/wp-json\/wp\/v2\/categories?post=32700"}],"curies":[{"name":"wp","href":"https:\/\/api.w.org\/{rel}","templated":true}]}}