{"id":32706,"date":"2025-04-09T15:54:29","date_gmt":"2025-04-09T12:54:29","guid":{"rendered":"https:\/\/www.filha.fi\/?page_id=32706"},"modified":"2026-03-03T14:43:34","modified_gmt":"2026-03-03T12:43:34","slug":"snus-och-nikotinpaseraknare","status":"publish","type":"page","link":"https:\/\/www.filha.fi\/en\/tupakka-ja-nikotiini\/tukea-nikotiinivieroitustyohon\/snus-och-nikotinpaseraknare\/","title":{"rendered":""},"content":{"rendered":"<div id=\"nuuskalaskuri\" class=\"calculator-container\">\n<h1>Snus- och nikotinp\u00e5ser\u00e4knare<\/h1>\n<p>Med denna r\u00e4knare kan du ber\u00e4kna hur mycket pengar du spenderar p\u00e5 snus eller nikotinp\u00e5sar under en vald tidsperiod. V\u00e4lj f\u00f6rst om du vill uppskatta antalet snus- eller nikotinp\u00e5seburkar du anv\u00e4nder p\u00e5 vecko- eller m\u00e5nadsbasis. Ange sedan antal burkar du anv\u00e4nder per vecka\/m\u00e5nad samt pris per burk, och v\u00e4lj den tidsperiod f\u00f6r vilken du vill ber\u00e4kna summan pengar du anv\u00e4nt.<\/p>\n<p><!-- Kysymys 1: Viikko vai kuukausi --><\/p>\n<div class=\"section\">\n<p><label>Vill du ange antalet snus- eller nikotinp\u00e5seburkar:<\/label><\/p>\n<div class=\"radio-group\"><label><input id=\"frequency-week\" checked=\"checked\" name=\"frequency\" type=\"radio\" value=\"week\" \/> per vecka<\/label><br \/>\n<label><input id=\"frequency-month\" name=\"frequency\" type=\"radio\" value=\"month\" \/> per m\u00e5nad<\/label><\/div>\n<\/div>\n<p><!-- Kysymys 2: Purkkien m\u00e4\u00e4r\u00e4 --><\/p>\n<div class=\"section\"><label id=\"quantity-question\">Hur m\u00e5nga burkar anv\u00e4nder du i genomsnitt per vecka?<\/label><br \/>\n<input id=\"quantity\" max=\"30\" min=\"1\" type=\"range\" value=\"1\" \/><br \/>\n<span id=\"quantity-label\">1<\/span><\/div>\n<p><!-- Kysymys 3: Purkin hinta --><\/p>\n<div class=\"section\"><label>Vad kostar en burk snus eller nikotinp\u00e5sar?<\/label><br \/>\n<input id=\"price\" max=\"15\" min=\"1\" step=\"0.1\" type=\"range\" value=\"1\" \/><br \/>\n<span id=\"price-label\">1,00<\/span> \u20ac<\/div>\n<p><!-- Kysymys 4: Aikav\u00e4li --><\/p>\n<div class=\"section\">\n<p><label>V\u00e4lj den tidsperiod f\u00f6r vilken du vill se den anv\u00e4nda summan<\/label><\/p>\n<div class=\"radio-group\"><label><input id=\"duration-1m\" checked=\"checked\" name=\"duration\" type=\"radio\" value=\"1\" \/> 1 m\u00e5nad<\/label><br \/>\n<label><input id=\"duration-6m\" name=\"duration\" type=\"radio\" value=\"6\" \/> 6 m\u00e5nader<\/label><br \/>\n<label><input id=\"duration-1y\" name=\"duration\" type=\"radio\" value=\"12\" \/> 1 \u00e5r<\/label><br \/>\n<label><input id=\"duration-10y\" name=\"duration\" type=\"radio\" value=\"120\" \/> 10 \u00e5r<\/label><br \/>\n<label><input id=\"duration-30y\" name=\"duration\" type=\"radio\" value=\"360\" \/> 30 \u00e5r<\/label><\/div>\n<\/div>\n<p><!-- Tulokset --><\/p>\n<div class=\"section result\">Uppskattad summa pengar du anv\u00e4nder p\u00e5 snus eller nikotinp\u00e5sar under den valda tidsperioden:<br \/>\n<span id=\"total-cost\">0,00<\/span><\/div>\n<\/div>\n","protected":false},"excerpt":{"rendered":"<p>Snus- och nikotinp\u00e5ser\u00e4knare Med denna r\u00e4knare kan du ber\u00e4kna hur mycket pengar du spenderar p\u00e5 snus eller nikotinp\u00e5sar under en vald tidsperiod. V\u00e4lj f\u00f6rst om du vill uppskatta antalet snus- &#8230; <a title=\"\" class=\"read-more\" href=\"https:\/\/www.filha.fi\/en\/tupakka-ja-nikotiini\/tukea-nikotiinivieroitustyohon\/snus-och-nikotinpaseraknare\/\" aria-label=\"Read more about \">Read more<\/a><\/p>\n","protected":false},"author":4,"featured_media":0,"parent":34260,"menu_order":0,"comment_status":"closed","ping_status":"closed","template":"","meta":{"_acf_changed":false,"footnotes":""},"categories":[7],"class_list":["post-32706","page","type-page","status-publish","category-tupakka"],"translation":{"provider":"WPGlobus","version":"3.0.2","language":"en","enabled_languages":["fi","en"],"languages":{"fi":{"title":false,"content":true,"excerpt":false},"en":{"title":false,"content":false,"excerpt":false}}},"acf":[],"yoast_head":"<!-- This site is optimized with the Yoast SEO plugin v27.4 - https:\/\/yoast.com\/product\/yoast-seo-wordpress\/ -->\n<title>- Filha<\/title>\n<meta name=\"robots\" content=\"index, follow, max-snippet:-1, max-image-preview:large, max-video-preview:-1\" \/>\n<link rel=\"canonical\" href=\"https:\/\/www.filha.fi\/tupakka-ja-nikotiini\/tukea-nikotiinivieroitustyohon\/snus-och-nikotinpaseraknare\/\" \/>\n<meta property=\"og:locale\" content=\"en_US\" \/>\n<meta property=\"og:type\" content=\"article\" \/>\n<meta property=\"og:title\" content=\"- Filha\" \/>\n<meta property=\"og:url\" content=\"https:\/\/www.filha.fi\/tupakka-ja-nikotiini\/tukea-nikotiinivieroitustyohon\/snus-och-nikotinpaseraknare\/\" \/>\n<meta property=\"og:site_name\" content=\"Filha\" \/>\n<meta property=\"article:modified_time\" content=\"2026-03-03T12:43:34+00:00\" \/>\n<meta property=\"og:image\" content=\"https:\/\/www.filha.fi\/wp-content\/uploads\/2019\/04\/Filha-logo.png\" \/>\n\t<meta property=\"og:image:width\" content=\"960\" \/>\n\t<meta property=\"og:image:height\" content=\"1230\" \/>\n\t<meta property=\"og:image:type\" content=\"image\/png\" \/>\n<meta name=\"twitter:card\" content=\"summary_large_image\" \/>\n<meta name=\"twitter:label1\" content=\"Est. reading time\" \/>\n\t<meta name=\"twitter:data1\" content=\"1 minute\" \/>\n<script type=\"application\/ld+json\" class=\"yoast-schema-graph\">{\"@context\":\"https:\\\/\\\/schema.org\",\"@graph\":[{\"@type\":\"WebPage\",\"@id\":\"https:\\\/\\\/www.filha.fi\\\/tupakka-ja-nikotiini\\\/tukea-nikotiinivieroitustyohon\\\/snus-och-nikotinpaseraknare\\\/\",\"url\":\"https:\\\/\\\/www.filha.fi\\\/tupakka-ja-nikotiini\\\/tukea-nikotiinivieroitustyohon\\\/snus-och-nikotinpaseraknare\\\/\",\"name\":\"- Filha\",\"isPartOf\":{\"@id\":\"https:\\\/\\\/www.filha.fi\\\/#website\"},\"datePublished\":\"2025-04-09T12:54:29+00:00\",\"dateModified\":\"2026-03-03T12:43:34+00:00\",\"breadcrumb\":{\"@id\":\"https:\\\/\\\/www.filha.fi\\\/tupakka-ja-nikotiini\\\/tukea-nikotiinivieroitustyohon\\\/snus-och-nikotinpaseraknare\\\/#breadcrumb\"},\"inLanguage\":\"en-US\",\"potentialAction\":[{\"@type\":\"ReadAction\",\"target\":[\"https:\\\/\\\/www.filha.fi\\\/tupakka-ja-nikotiini\\\/tukea-nikotiinivieroitustyohon\\\/snus-och-nikotinpaseraknare\\\/\"]}]},{\"@type\":\"BreadcrumbList\",\"@id\":\"https:\\\/\\\/www.filha.fi\\\/tupakka-ja-nikotiini\\\/tukea-nikotiinivieroitustyohon\\\/snus-och-nikotinpaseraknare\\\/#breadcrumb\",\"itemListElement\":[{\"@type\":\"ListItem\",\"position\":1,\"name\":\"Home\",\"item\":\"https:\\\/\\\/www.filha.fi\\\/\"},{\"@type\":\"ListItem\",\"position\":2,\"name\":\"Tupakka ja nikotiini\",\"item\":\"https:\\\/\\\/www.filha.fi\\\/tupakka-ja-nikotiini\\\/\"},{\"@type\":\"ListItem\",\"position\":3,\"name\":\"Tukea nikotiinivieroitusty\u00f6h\u00f6n \u2013 tietoa ja ty\u00f6kaluja ammattilaisille\",\"item\":\"https:\\\/\\\/www.filha.fi\\\/tupakka-ja-nikotiini\\\/tukea-nikotiinivieroitustyohon\\\/\"}]},{\"@type\":\"WebSite\",\"@id\":\"https:\\\/\\\/www.filha.fi\\\/#website\",\"url\":\"https:\\\/\\\/www.filha.fi\\\/\",\"name\":\"Filha\",\"description\":\"Expertise in lung health\",\"publisher\":{\"@id\":\"https:\\\/\\\/www.filha.fi\\\/#organization\"},\"potentialAction\":[{\"@type\":\"SearchAction\",\"target\":{\"@type\":\"EntryPoint\",\"urlTemplate\":\"https:\\\/\\\/www.filha.fi\\\/?s={search_term_string}\"},\"query-input\":{\"@type\":\"PropertyValueSpecification\",\"valueRequired\":true,\"valueName\":\"search_term_string\"}}],\"inLanguage\":\"en-US\"},{\"@type\":\"Organization\",\"@id\":\"https:\\\/\\\/www.filha.fi\\\/#organization\",\"name\":\"Filha ry\",\"url\":\"https:\\\/\\\/www.filha.fi\\\/\",\"logo\":{\"@type\":\"ImageObject\",\"inLanguage\":\"en-US\",\"@id\":\"https:\\\/\\\/www.filha.fi\\\/#\\\/schema\\\/logo\\\/image\\\/\",\"url\":\"https:\\\/\\\/www.filha.fi\\\/wp-content\\\/uploads\\\/2019\\\/04\\\/Filha-logo.png\",\"contentUrl\":\"https:\\\/\\\/www.filha.fi\\\/wp-content\\\/uploads\\\/2019\\\/04\\\/Filha-logo.png\",\"width\":960,\"height\":1230,\"caption\":\"Filha ry\"},\"image\":{\"@id\":\"https:\\\/\\\/www.filha.fi\\\/#\\\/schema\\\/logo\\\/image\\\/\"}}]}<\/script>\n<!-- \/ Yoast SEO plugin. -->","yoast_head_json":{"title":"- Filha","robots":{"index":"index","follow":"follow","max-snippet":"max-snippet:-1","max-image-preview":"max-image-preview:large","max-video-preview":"max-video-preview:-1"},"canonical":"https:\/\/www.filha.fi\/tupakka-ja-nikotiini\/tukea-nikotiinivieroitustyohon\/snus-och-nikotinpaseraknare\/","og_locale":"en_US","og_type":"article","og_title":"- Filha","og_url":"https:\/\/www.filha.fi\/tupakka-ja-nikotiini\/tukea-nikotiinivieroitustyohon\/snus-och-nikotinpaseraknare\/","og_site_name":"Filha","article_modified_time":"2026-03-03T12:43:34+00:00","og_image":[{"width":960,"height":1230,"url":"https:\/\/www.filha.fi\/wp-content\/uploads\/2019\/04\/Filha-logo.png","type":"image\/png"}],"twitter_card":"summary_large_image","twitter_misc":{"Est. reading time":"1 minute"},"schema":{"@context":"https:\/\/schema.org","@graph":[{"@type":"WebPage","@id":"https:\/\/www.filha.fi\/tupakka-ja-nikotiini\/tukea-nikotiinivieroitustyohon\/snus-och-nikotinpaseraknare\/","url":"https:\/\/www.filha.fi\/tupakka-ja-nikotiini\/tukea-nikotiinivieroitustyohon\/snus-och-nikotinpaseraknare\/","name":"- Filha","isPartOf":{"@id":"https:\/\/www.filha.fi\/#website"},"datePublished":"2025-04-09T12:54:29+00:00","dateModified":"2026-03-03T12:43:34+00:00","breadcrumb":{"@id":"https:\/\/www.filha.fi\/tupakka-ja-nikotiini\/tukea-nikotiinivieroitustyohon\/snus-och-nikotinpaseraknare\/#breadcrumb"},"inLanguage":"en-US","potentialAction":[{"@type":"ReadAction","target":["https:\/\/www.filha.fi\/tupakka-ja-nikotiini\/tukea-nikotiinivieroitustyohon\/snus-och-nikotinpaseraknare\/"]}]},{"@type":"BreadcrumbList","@id":"https:\/\/www.filha.fi\/tupakka-ja-nikotiini\/tukea-nikotiinivieroitustyohon\/snus-och-nikotinpaseraknare\/#breadcrumb","itemListElement":[{"@type":"ListItem","position":1,"name":"Home","item":"https:\/\/www.filha.fi\/"},{"@type":"ListItem","position":2,"name":"Tupakka ja nikotiini","item":"https:\/\/www.filha.fi\/tupakka-ja-nikotiini\/"},{"@type":"ListItem","position":3,"name":"Tukea nikotiinivieroitusty\u00f6h\u00f6n \u2013 tietoa ja ty\u00f6kaluja ammattilaisille","item":"https:\/\/www.filha.fi\/tupakka-ja-nikotiini\/tukea-nikotiinivieroitustyohon\/"}]},{"@type":"WebSite","@id":"https:\/\/www.filha.fi\/#website","url":"https:\/\/www.filha.fi\/","name":"Filha","description":"Expertise in lung health","publisher":{"@id":"https:\/\/www.filha.fi\/#organization"},"potentialAction":[{"@type":"SearchAction","target":{"@type":"EntryPoint","urlTemplate":"https:\/\/www.filha.fi\/?s={search_term_string}"},"query-input":{"@type":"PropertyValueSpecification","valueRequired":true,"valueName":"search_term_string"}}],"inLanguage":"en-US"},{"@type":"Organization","@id":"https:\/\/www.filha.fi\/#organization","name":"Filha ry","url":"https:\/\/www.filha.fi\/","logo":{"@type":"ImageObject","inLanguage":"en-US","@id":"https:\/\/www.filha.fi\/#\/schema\/logo\/image\/","url":"https:\/\/www.filha.fi\/wp-content\/uploads\/2019\/04\/Filha-logo.png","contentUrl":"https:\/\/www.filha.fi\/wp-content\/uploads\/2019\/04\/Filha-logo.png","width":960,"height":1230,"caption":"Filha ry"},"image":{"@id":"https:\/\/www.filha.fi\/#\/schema\/logo\/image\/"}}]}},"_links":{"self":[{"href":"https:\/\/www.filha.fi\/en\/wp-json\/wp\/v2\/pages\/32706","targetHints":{"allow":["GET"]}}],"collection":[{"href":"https:\/\/www.filha.fi\/en\/wp-json\/wp\/v2\/pages"}],"about":[{"href":"https:\/\/www.filha.fi\/en\/wp-json\/wp\/v2\/types\/page"}],"author":[{"embeddable":true,"href":"https:\/\/www.filha.fi\/en\/wp-json\/wp\/v2\/users\/4"}],"replies":[{"embeddable":true,"href":"https:\/\/www.filha.fi\/en\/wp-json\/wp\/v2\/comments?post=32706"}],"version-history":[{"count":1,"href":"https:\/\/www.filha.fi\/en\/wp-json\/wp\/v2\/pages\/32706\/revisions"}],"predecessor-version":[{"id":34797,"href":"https:\/\/www.filha.fi\/en\/wp-json\/wp\/v2\/pages\/32706\/revisions\/34797"}],"up":[{"embeddable":true,"href":"https:\/\/www.filha.fi\/en\/wp-json\/wp\/v2\/pages\/34260"}],"wp:attachment":[{"href":"https:\/\/www.filha.fi\/en\/wp-json\/wp\/v2\/media?parent=32706"}],"wp:term":[{"taxonomy":"category","embeddable":true,"href":"https:\/\/www.filha.fi\/en\/wp-json\/wp\/v2\/categories?post=32706"}],"curies":[{"name":"wp","href":"https:\/\/api.w.org\/{rel}","templated":true}]}}