{"id":32802,"date":"2025-04-20T13:27:02","date_gmt":"2025-04-20T10:27:02","guid":{"rendered":"https:\/\/www.filha.fi\/?page_id=32802"},"modified":"2025-09-10T08:38:01","modified_gmt":"2025-09-10T05:38:01","slug":"valtakunnallinen-tupakka-ja-terveys-paiva-2025-nayttely","status":"publish","type":"page","link":"https:\/\/www.filha.fi\/en\/valtakunnallinen-tupakka-ja-terveys-paiva-2025-nayttely\/","title":{"rendered":"Valtakunnallinen Tupakka ja terveys -p\u00e4iv\u00e4 2025 n\u00e4yttely"},"content":{"rendered":"<p>Koulutusp\u00e4iv\u00e4n yhteydess\u00e4 j\u00e4rjestet\u00e4\u00e4n n\u00e4yttely Terveyden ja hyvinvoinnin laitoksen tiloissa (Mannerheimintie 166, Helsinki).<\/p>\n<p>N\u00e4yttelypaikan hintaan sis\u00e4ltyy n\u00e4yttelyp\u00f6yt\u00e4, tuoli sek\u00e4 langaton internet.<\/p>\n<p>N\u00e4yttelypaikan hinnat:<\/p>\n<ul>\n<li>300 \u20ac (j\u00e4rjest\u00f6hinta)<\/li>\n<li>1000 \u20ac (yrityshinta)<\/li>\n<\/ul>\n<p>Jokaista n\u00e4yttelypaikkaa kohden voi 1 henkil\u00f6 osallistua maksutta koulutustilaisuuteen (sis. luennot sek\u00e4 tarjoilut). Jos j\u00e4rjest\u00f6st\u00e4\/yrityksest\u00e4 osallistuu useampi henkil\u00f6, he maksavat normaalin osallistumismaksun.<\/p>\n<p>Ilmoittautuminen: 26.11.2025 menness\u00e4 <a href=\"https:\/\/ssl.eventilla.com\/event\/2w6Da\" target=\"_blank\" rel=\"noopener\">lomakkeella<\/a>.<\/p>\n<p>N\u00e4yttelytilat jaetaan ilmoittautumisj\u00e4rjestyksess\u00e4 THL:n n\u00e4yttelyohjeistuksia (kiellettyj\u00e4 toimialoja mm. reseptil\u00e4\u00e4kkeet, alkoholi, tupakka) noudattaen.<\/p>\n","protected":false},"excerpt":{"rendered":"<p>Koulutusp\u00e4iv\u00e4n yhteydess\u00e4 j\u00e4rjestet\u00e4\u00e4n n\u00e4yttely Terveyden ja hyvinvoinnin laitoksen tiloissa (Mannerheimintie 166, Helsinki). N\u00e4yttelypaikan hintaan sis\u00e4ltyy n\u00e4yttelyp\u00f6yt\u00e4, tuoli sek\u00e4 langaton internet. N\u00e4yttelypaikan hinnat: 300 \u20ac (j\u00e4rjest\u00f6hinta) 1000 \u20ac (yrityshinta) Jokaista n\u00e4yttelypaikkaa &#8230; <a title=\"Valtakunnallinen Tupakka ja terveys -p\u00e4iv\u00e4 2025 n\u00e4yttely\" class=\"read-more\" href=\"https:\/\/www.filha.fi\/en\/valtakunnallinen-tupakka-ja-terveys-paiva-2025-nayttely\/\" aria-label=\"Read more about Valtakunnallinen Tupakka ja terveys -p\u00e4iv\u00e4 2025 n\u00e4yttely\">Read more<\/a><\/p>\n","protected":false},"author":27,"featured_media":0,"parent":0,"menu_order":0,"comment_status":"closed","ping_status":"closed","template":"","meta":{"_acf_changed":false,"footnotes":""},"categories":[105],"class_list":["post-32802","page","type-page","status-publish","category-tiina"],"translation":{"provider":"WPGlobus","version":"3.0.2","language":"en","enabled_languages":["fi","en"],"languages":{"fi":{"title":true,"content":true,"excerpt":false},"en":{"title":false,"content":false,"excerpt":false}}},"acf":[],"yoast_head":"<!-- This site is optimized with the Yoast SEO plugin v27.5 - https:\/\/yoast.com\/product\/yoast-seo-wordpress\/ -->\n<title>Valtakunnallinen Tupakka ja terveys -p\u00e4iv\u00e4 2025 n\u00e4yttely - Filha<\/title>\n<meta name=\"robots\" content=\"index, follow, max-snippet:-1, max-image-preview:large, max-video-preview:-1\" \/>\n<link rel=\"canonical\" href=\"https:\/\/www.filha.fi\/valtakunnallinen-tupakka-ja-terveys-paiva-2025-nayttely\/\" \/>\n<meta property=\"og:locale\" content=\"en_US\" \/>\n<meta property=\"og:type\" content=\"article\" \/>\n<meta property=\"og:title\" content=\"Valtakunnallinen Tupakka ja terveys -p\u00e4iv\u00e4 2025 n\u00e4yttely - Filha\" \/>\n<meta property=\"og:url\" content=\"https:\/\/www.filha.fi\/valtakunnallinen-tupakka-ja-terveys-paiva-2025-nayttely\/\" \/>\n<meta property=\"og:site_name\" content=\"Filha\" \/>\n<meta property=\"article:modified_time\" content=\"2025-09-10T05:38:01+00:00\" \/>\n<meta property=\"og:image\" content=\"https:\/\/www.filha.fi\/wp-content\/uploads\/2019\/04\/Filha-logo.png\" \/>\n\t<meta property=\"og:image:width\" content=\"960\" \/>\n\t<meta property=\"og:image:height\" content=\"1230\" \/>\n\t<meta property=\"og:image:type\" content=\"image\/png\" \/>\n<meta name=\"twitter:card\" content=\"summary_large_image\" \/>\n<meta name=\"twitter:label1\" content=\"Est. reading time\" \/>\n\t<meta name=\"twitter:data1\" content=\"1 minute\" \/>\n<script type=\"application\/ld+json\" class=\"yoast-schema-graph\">{\"@context\":\"https:\\\/\\\/schema.org\",\"@graph\":[{\"@type\":\"WebPage\",\"@id\":\"https:\\\/\\\/www.filha.fi\\\/valtakunnallinen-tupakka-ja-terveys-paiva-2025-nayttely\\\/\",\"url\":\"https:\\\/\\\/www.filha.fi\\\/valtakunnallinen-tupakka-ja-terveys-paiva-2025-nayttely\\\/\",\"name\":\"Valtakunnallinen Tupakka ja terveys -p\u00e4iv\u00e4 2025 n\u00e4yttely - Filha\",\"isPartOf\":{\"@id\":\"https:\\\/\\\/www.filha.fi\\\/#website\"},\"datePublished\":\"2025-04-20T10:27:02+00:00\",\"dateModified\":\"2025-09-10T05:38:01+00:00\",\"breadcrumb\":{\"@id\":\"https:\\\/\\\/www.filha.fi\\\/valtakunnallinen-tupakka-ja-terveys-paiva-2025-nayttely\\\/#breadcrumb\"},\"inLanguage\":\"en-US\",\"potentialAction\":[{\"@type\":\"ReadAction\",\"target\":[\"https:\\\/\\\/www.filha.fi\\\/valtakunnallinen-tupakka-ja-terveys-paiva-2025-nayttely\\\/\"]}]},{\"@type\":\"BreadcrumbList\",\"@id\":\"https:\\\/\\\/www.filha.fi\\\/valtakunnallinen-tupakka-ja-terveys-paiva-2025-nayttely\\\/#breadcrumb\",\"itemListElement\":[{\"@type\":\"ListItem\",\"position\":1,\"name\":\"Home\",\"item\":\"https:\\\/\\\/www.filha.fi\\\/\"},{\"@type\":\"ListItem\",\"position\":2,\"name\":\"Valtakunnallinen Tupakka ja terveys -p\u00e4iv\u00e4 2025 n\u00e4yttely\"}]},{\"@type\":\"WebSite\",\"@id\":\"https:\\\/\\\/www.filha.fi\\\/#website\",\"url\":\"https:\\\/\\\/www.filha.fi\\\/\",\"name\":\"Filha\",\"description\":\"Expertise in lung health\",\"publisher\":{\"@id\":\"https:\\\/\\\/www.filha.fi\\\/#organization\"},\"potentialAction\":[{\"@type\":\"SearchAction\",\"target\":{\"@type\":\"EntryPoint\",\"urlTemplate\":\"https:\\\/\\\/www.filha.fi\\\/?s={search_term_string}\"},\"query-input\":{\"@type\":\"PropertyValueSpecification\",\"valueRequired\":true,\"valueName\":\"search_term_string\"}}],\"inLanguage\":\"en-US\"},{\"@type\":\"Organization\",\"@id\":\"https:\\\/\\\/www.filha.fi\\\/#organization\",\"name\":\"Filha ry\",\"url\":\"https:\\\/\\\/www.filha.fi\\\/\",\"logo\":{\"@type\":\"ImageObject\",\"inLanguage\":\"en-US\",\"@id\":\"https:\\\/\\\/www.filha.fi\\\/#\\\/schema\\\/logo\\\/image\\\/\",\"url\":\"https:\\\/\\\/www.filha.fi\\\/wp-content\\\/uploads\\\/2019\\\/04\\\/Filha-logo.png\",\"contentUrl\":\"https:\\\/\\\/www.filha.fi\\\/wp-content\\\/uploads\\\/2019\\\/04\\\/Filha-logo.png\",\"width\":960,\"height\":1230,\"caption\":\"Filha ry\"},\"image\":{\"@id\":\"https:\\\/\\\/www.filha.fi\\\/#\\\/schema\\\/logo\\\/image\\\/\"}}]}<\/script>\n<!-- \/ Yoast SEO plugin. -->","yoast_head_json":{"title":"Valtakunnallinen Tupakka ja terveys -p\u00e4iv\u00e4 2025 n\u00e4yttely - Filha","robots":{"index":"index","follow":"follow","max-snippet":"max-snippet:-1","max-image-preview":"max-image-preview:large","max-video-preview":"max-video-preview:-1"},"canonical":"https:\/\/www.filha.fi\/valtakunnallinen-tupakka-ja-terveys-paiva-2025-nayttely\/","og_locale":"en_US","og_type":"article","og_title":"Valtakunnallinen Tupakka ja terveys -p\u00e4iv\u00e4 2025 n\u00e4yttely - Filha","og_url":"https:\/\/www.filha.fi\/valtakunnallinen-tupakka-ja-terveys-paiva-2025-nayttely\/","og_site_name":"Filha","article_modified_time":"2025-09-10T05:38:01+00:00","og_image":[{"width":960,"height":1230,"url":"https:\/\/www.filha.fi\/wp-content\/uploads\/2019\/04\/Filha-logo.png","type":"image\/png"}],"twitter_card":"summary_large_image","twitter_misc":{"Est. reading time":"1 minute"},"schema":{"@context":"https:\/\/schema.org","@graph":[{"@type":"WebPage","@id":"https:\/\/www.filha.fi\/valtakunnallinen-tupakka-ja-terveys-paiva-2025-nayttely\/","url":"https:\/\/www.filha.fi\/valtakunnallinen-tupakka-ja-terveys-paiva-2025-nayttely\/","name":"Valtakunnallinen Tupakka ja terveys -p\u00e4iv\u00e4 2025 n\u00e4yttely - Filha","isPartOf":{"@id":"https:\/\/www.filha.fi\/#website"},"datePublished":"2025-04-20T10:27:02+00:00","dateModified":"2025-09-10T05:38:01+00:00","breadcrumb":{"@id":"https:\/\/www.filha.fi\/valtakunnallinen-tupakka-ja-terveys-paiva-2025-nayttely\/#breadcrumb"},"inLanguage":"en-US","potentialAction":[{"@type":"ReadAction","target":["https:\/\/www.filha.fi\/valtakunnallinen-tupakka-ja-terveys-paiva-2025-nayttely\/"]}]},{"@type":"BreadcrumbList","@id":"https:\/\/www.filha.fi\/valtakunnallinen-tupakka-ja-terveys-paiva-2025-nayttely\/#breadcrumb","itemListElement":[{"@type":"ListItem","position":1,"name":"Home","item":"https:\/\/www.filha.fi\/"},{"@type":"ListItem","position":2,"name":"Valtakunnallinen Tupakka ja terveys -p\u00e4iv\u00e4 2025 n\u00e4yttely"}]},{"@type":"WebSite","@id":"https:\/\/www.filha.fi\/#website","url":"https:\/\/www.filha.fi\/","name":"Filha","description":"Expertise in lung health","publisher":{"@id":"https:\/\/www.filha.fi\/#organization"},"potentialAction":[{"@type":"SearchAction","target":{"@type":"EntryPoint","urlTemplate":"https:\/\/www.filha.fi\/?s={search_term_string}"},"query-input":{"@type":"PropertyValueSpecification","valueRequired":true,"valueName":"search_term_string"}}],"inLanguage":"en-US"},{"@type":"Organization","@id":"https:\/\/www.filha.fi\/#organization","name":"Filha ry","url":"https:\/\/www.filha.fi\/","logo":{"@type":"ImageObject","inLanguage":"en-US","@id":"https:\/\/www.filha.fi\/#\/schema\/logo\/image\/","url":"https:\/\/www.filha.fi\/wp-content\/uploads\/2019\/04\/Filha-logo.png","contentUrl":"https:\/\/www.filha.fi\/wp-content\/uploads\/2019\/04\/Filha-logo.png","width":960,"height":1230,"caption":"Filha ry"},"image":{"@id":"https:\/\/www.filha.fi\/#\/schema\/logo\/image\/"}}]}},"_links":{"self":[{"href":"https:\/\/www.filha.fi\/en\/wp-json\/wp\/v2\/pages\/32802","targetHints":{"allow":["GET"]}}],"collection":[{"href":"https:\/\/www.filha.fi\/en\/wp-json\/wp\/v2\/pages"}],"about":[{"href":"https:\/\/www.filha.fi\/en\/wp-json\/wp\/v2\/types\/page"}],"author":[{"embeddable":true,"href":"https:\/\/www.filha.fi\/en\/wp-json\/wp\/v2\/users\/27"}],"replies":[{"embeddable":true,"href":"https:\/\/www.filha.fi\/en\/wp-json\/wp\/v2\/comments?post=32802"}],"version-history":[{"count":0,"href":"https:\/\/www.filha.fi\/en\/wp-json\/wp\/v2\/pages\/32802\/revisions"}],"wp:attachment":[{"href":"https:\/\/www.filha.fi\/en\/wp-json\/wp\/v2\/media?parent=32802"}],"wp:term":[{"taxonomy":"category","embeddable":true,"href":"https:\/\/www.filha.fi\/en\/wp-json\/wp\/v2\/categories?post=32802"}],"curies":[{"name":"wp","href":"https:\/\/api.w.org\/{rel}","templated":true}]}}