{"id":32806,"date":"2025-04-20T13:29:32","date_gmt":"2025-04-20T10:29:32","guid":{"rendered":"https:\/\/www.filha.fi\/?page_id=32806"},"modified":"2025-06-03T10:40:14","modified_gmt":"2025-06-03T07:40:14","slug":"valtakunnallinen-tupakka-ja-terveys-paiva-2025-posterinayttely","status":"publish","type":"page","link":"https:\/\/www.filha.fi\/en\/valtakunnallinen-tupakka-ja-terveys-paiva-2025-posterinayttely\/","title":{"rendered":"Valtakunnallinen Tupakka ja terveys -p\u00e4iv\u00e4 2025: posterin\u00e4yttely"},"content":{"rendered":"<p>Tupakka ja terveys -p\u00e4iv\u00e4ss\u00e4 posterin\u00e4yttely toteutetaan virtuaalisesti.<\/p>\n<p>N\u00e4yttelyss\u00e4 on mahdollista esitell\u00e4 postereita aiheeseen sopivista tutkimuksia, kehitt\u00e4mishankkeista tai hyvist\u00e4 k\u00e4yt\u00e4nn\u00f6n toimintamalleista. Posterit voivat olla aiemmin esill\u00e4 olleita ja suomen-, ruotsin- tai englanninkielisi\u00e4. Posterin\u00e4yttelyss\u00e4 my\u00f6s j\u00e4rjest\u00f6t voivat esitt\u00e4yty\u00e4.<\/p>\n<p><strong>Posterin muoto<\/strong><\/p>\n<p>Posteri voi olla pdf-muodossa tai 1\u20132 min videomuotoisena esittelyn\u00e4.<\/p>\n<p><strong>Postereiden esill\u00e4olo<\/strong><\/p>\n<p>Posterit ovat esill\u00e4 s\u00e4hk\u00f6isesti 1.-11.12.2025. Linkki posterin\u00e4yttelyyn l\u00e4hetet\u00e4\u00e4n s\u00e4hk\u00f6postilla koulutukseen ilmoittautuneille.<\/p>\n<p><strong>L\u00e4het\u00e4 posteri s\u00e4hk\u00f6postilla tiina.kononen@filha.fi viimeist\u00e4\u00e4n 24.11.2025.\u00a0<\/strong><\/p>\n<p>Posterin esitt\u00e4j\u00e4t maksavat normaalin osallistumismaksun.<\/p>\n","protected":false},"excerpt":{"rendered":"<p>Tupakka ja terveys -p\u00e4iv\u00e4ss\u00e4 posterin\u00e4yttely toteutetaan virtuaalisesti. N\u00e4yttelyss\u00e4 on mahdollista esitell\u00e4 postereita aiheeseen sopivista tutkimuksia, kehitt\u00e4mishankkeista tai hyvist\u00e4 k\u00e4yt\u00e4nn\u00f6n toimintamalleista. Posterit voivat olla aiemmin esill\u00e4 olleita ja suomen-, ruotsin- tai &#8230; <a title=\"Valtakunnallinen Tupakka ja terveys -p\u00e4iv\u00e4 2025: posterin\u00e4yttely\" class=\"read-more\" href=\"https:\/\/www.filha.fi\/en\/valtakunnallinen-tupakka-ja-terveys-paiva-2025-posterinayttely\/\" aria-label=\"Read more about Valtakunnallinen Tupakka ja terveys -p\u00e4iv\u00e4 2025: posterin\u00e4yttely\">Read more<\/a><\/p>\n","protected":false},"author":27,"featured_media":0,"parent":0,"menu_order":0,"comment_status":"closed","ping_status":"closed","template":"","meta":{"_acf_changed":false,"footnotes":""},"categories":[105],"class_list":["post-32806","page","type-page","status-publish","category-tiina"],"translation":{"provider":"WPGlobus","version":"3.0.2","language":"en","enabled_languages":["fi","en"],"languages":{"fi":{"title":true,"content":true,"excerpt":false},"en":{"title":false,"content":false,"excerpt":false}}},"acf":[],"yoast_head":"<!-- This site is optimized with the Yoast SEO plugin v27.4 - https:\/\/yoast.com\/product\/yoast-seo-wordpress\/ -->\n<title>Valtakunnallinen Tupakka ja terveys -p\u00e4iv\u00e4 2025: posterin\u00e4yttely - Filha<\/title>\n<meta name=\"robots\" content=\"index, follow, max-snippet:-1, max-image-preview:large, max-video-preview:-1\" \/>\n<link rel=\"canonical\" href=\"https:\/\/www.filha.fi\/valtakunnallinen-tupakka-ja-terveys-paiva-2025-posterinayttely\/\" \/>\n<meta property=\"og:locale\" content=\"en_US\" \/>\n<meta property=\"og:type\" content=\"article\" \/>\n<meta property=\"og:title\" content=\"Valtakunnallinen Tupakka ja terveys -p\u00e4iv\u00e4 2025: posterin\u00e4yttely - Filha\" \/>\n<meta property=\"og:url\" content=\"https:\/\/www.filha.fi\/valtakunnallinen-tupakka-ja-terveys-paiva-2025-posterinayttely\/\" \/>\n<meta property=\"og:site_name\" content=\"Filha\" \/>\n<meta property=\"article:modified_time\" content=\"2025-06-03T07:40:14+00:00\" \/>\n<meta property=\"og:image\" content=\"https:\/\/www.filha.fi\/wp-content\/uploads\/2019\/04\/Filha-logo.png\" \/>\n\t<meta property=\"og:image:width\" content=\"960\" \/>\n\t<meta property=\"og:image:height\" content=\"1230\" \/>\n\t<meta property=\"og:image:type\" content=\"image\/png\" \/>\n<meta name=\"twitter:card\" content=\"summary_large_image\" \/>\n<meta name=\"twitter:label1\" content=\"Est. reading time\" \/>\n\t<meta name=\"twitter:data1\" content=\"1 minute\" \/>\n<script type=\"application\/ld+json\" class=\"yoast-schema-graph\">{\"@context\":\"https:\\\/\\\/schema.org\",\"@graph\":[{\"@type\":\"WebPage\",\"@id\":\"https:\\\/\\\/www.filha.fi\\\/valtakunnallinen-tupakka-ja-terveys-paiva-2025-posterinayttely\\\/\",\"url\":\"https:\\\/\\\/www.filha.fi\\\/valtakunnallinen-tupakka-ja-terveys-paiva-2025-posterinayttely\\\/\",\"name\":\"Valtakunnallinen Tupakka ja terveys -p\u00e4iv\u00e4 2025: posterin\u00e4yttely - Filha\",\"isPartOf\":{\"@id\":\"https:\\\/\\\/www.filha.fi\\\/#website\"},\"datePublished\":\"2025-04-20T10:29:32+00:00\",\"dateModified\":\"2025-06-03T07:40:14+00:00\",\"breadcrumb\":{\"@id\":\"https:\\\/\\\/www.filha.fi\\\/valtakunnallinen-tupakka-ja-terveys-paiva-2025-posterinayttely\\\/#breadcrumb\"},\"inLanguage\":\"en-US\",\"potentialAction\":[{\"@type\":\"ReadAction\",\"target\":[\"https:\\\/\\\/www.filha.fi\\\/valtakunnallinen-tupakka-ja-terveys-paiva-2025-posterinayttely\\\/\"]}]},{\"@type\":\"BreadcrumbList\",\"@id\":\"https:\\\/\\\/www.filha.fi\\\/valtakunnallinen-tupakka-ja-terveys-paiva-2025-posterinayttely\\\/#breadcrumb\",\"itemListElement\":[{\"@type\":\"ListItem\",\"position\":1,\"name\":\"Home\",\"item\":\"https:\\\/\\\/www.filha.fi\\\/\"},{\"@type\":\"ListItem\",\"position\":2,\"name\":\"Valtakunnallinen Tupakka ja terveys -p\u00e4iv\u00e4 2025: posterin\u00e4yttely\"}]},{\"@type\":\"WebSite\",\"@id\":\"https:\\\/\\\/www.filha.fi\\\/#website\",\"url\":\"https:\\\/\\\/www.filha.fi\\\/\",\"name\":\"Filha\",\"description\":\"Expertise in lung health\",\"publisher\":{\"@id\":\"https:\\\/\\\/www.filha.fi\\\/#organization\"},\"potentialAction\":[{\"@type\":\"SearchAction\",\"target\":{\"@type\":\"EntryPoint\",\"urlTemplate\":\"https:\\\/\\\/www.filha.fi\\\/?s={search_term_string}\"},\"query-input\":{\"@type\":\"PropertyValueSpecification\",\"valueRequired\":true,\"valueName\":\"search_term_string\"}}],\"inLanguage\":\"en-US\"},{\"@type\":\"Organization\",\"@id\":\"https:\\\/\\\/www.filha.fi\\\/#organization\",\"name\":\"Filha ry\",\"url\":\"https:\\\/\\\/www.filha.fi\\\/\",\"logo\":{\"@type\":\"ImageObject\",\"inLanguage\":\"en-US\",\"@id\":\"https:\\\/\\\/www.filha.fi\\\/#\\\/schema\\\/logo\\\/image\\\/\",\"url\":\"https:\\\/\\\/www.filha.fi\\\/wp-content\\\/uploads\\\/2019\\\/04\\\/Filha-logo.png\",\"contentUrl\":\"https:\\\/\\\/www.filha.fi\\\/wp-content\\\/uploads\\\/2019\\\/04\\\/Filha-logo.png\",\"width\":960,\"height\":1230,\"caption\":\"Filha ry\"},\"image\":{\"@id\":\"https:\\\/\\\/www.filha.fi\\\/#\\\/schema\\\/logo\\\/image\\\/\"}}]}<\/script>\n<!-- \/ Yoast SEO plugin. -->","yoast_head_json":{"title":"Valtakunnallinen Tupakka ja terveys -p\u00e4iv\u00e4 2025: posterin\u00e4yttely - Filha","robots":{"index":"index","follow":"follow","max-snippet":"max-snippet:-1","max-image-preview":"max-image-preview:large","max-video-preview":"max-video-preview:-1"},"canonical":"https:\/\/www.filha.fi\/valtakunnallinen-tupakka-ja-terveys-paiva-2025-posterinayttely\/","og_locale":"en_US","og_type":"article","og_title":"Valtakunnallinen Tupakka ja terveys -p\u00e4iv\u00e4 2025: posterin\u00e4yttely - Filha","og_url":"https:\/\/www.filha.fi\/valtakunnallinen-tupakka-ja-terveys-paiva-2025-posterinayttely\/","og_site_name":"Filha","article_modified_time":"2025-06-03T07:40:14+00:00","og_image":[{"width":960,"height":1230,"url":"https:\/\/www.filha.fi\/wp-content\/uploads\/2019\/04\/Filha-logo.png","type":"image\/png"}],"twitter_card":"summary_large_image","twitter_misc":{"Est. reading time":"1 minute"},"schema":{"@context":"https:\/\/schema.org","@graph":[{"@type":"WebPage","@id":"https:\/\/www.filha.fi\/valtakunnallinen-tupakka-ja-terveys-paiva-2025-posterinayttely\/","url":"https:\/\/www.filha.fi\/valtakunnallinen-tupakka-ja-terveys-paiva-2025-posterinayttely\/","name":"Valtakunnallinen Tupakka ja terveys -p\u00e4iv\u00e4 2025: posterin\u00e4yttely - Filha","isPartOf":{"@id":"https:\/\/www.filha.fi\/#website"},"datePublished":"2025-04-20T10:29:32+00:00","dateModified":"2025-06-03T07:40:14+00:00","breadcrumb":{"@id":"https:\/\/www.filha.fi\/valtakunnallinen-tupakka-ja-terveys-paiva-2025-posterinayttely\/#breadcrumb"},"inLanguage":"en-US","potentialAction":[{"@type":"ReadAction","target":["https:\/\/www.filha.fi\/valtakunnallinen-tupakka-ja-terveys-paiva-2025-posterinayttely\/"]}]},{"@type":"BreadcrumbList","@id":"https:\/\/www.filha.fi\/valtakunnallinen-tupakka-ja-terveys-paiva-2025-posterinayttely\/#breadcrumb","itemListElement":[{"@type":"ListItem","position":1,"name":"Home","item":"https:\/\/www.filha.fi\/"},{"@type":"ListItem","position":2,"name":"Valtakunnallinen Tupakka ja terveys -p\u00e4iv\u00e4 2025: posterin\u00e4yttely"}]},{"@type":"WebSite","@id":"https:\/\/www.filha.fi\/#website","url":"https:\/\/www.filha.fi\/","name":"Filha","description":"Expertise in lung health","publisher":{"@id":"https:\/\/www.filha.fi\/#organization"},"potentialAction":[{"@type":"SearchAction","target":{"@type":"EntryPoint","urlTemplate":"https:\/\/www.filha.fi\/?s={search_term_string}"},"query-input":{"@type":"PropertyValueSpecification","valueRequired":true,"valueName":"search_term_string"}}],"inLanguage":"en-US"},{"@type":"Organization","@id":"https:\/\/www.filha.fi\/#organization","name":"Filha ry","url":"https:\/\/www.filha.fi\/","logo":{"@type":"ImageObject","inLanguage":"en-US","@id":"https:\/\/www.filha.fi\/#\/schema\/logo\/image\/","url":"https:\/\/www.filha.fi\/wp-content\/uploads\/2019\/04\/Filha-logo.png","contentUrl":"https:\/\/www.filha.fi\/wp-content\/uploads\/2019\/04\/Filha-logo.png","width":960,"height":1230,"caption":"Filha ry"},"image":{"@id":"https:\/\/www.filha.fi\/#\/schema\/logo\/image\/"}}]}},"_links":{"self":[{"href":"https:\/\/www.filha.fi\/en\/wp-json\/wp\/v2\/pages\/32806","targetHints":{"allow":["GET"]}}],"collection":[{"href":"https:\/\/www.filha.fi\/en\/wp-json\/wp\/v2\/pages"}],"about":[{"href":"https:\/\/www.filha.fi\/en\/wp-json\/wp\/v2\/types\/page"}],"author":[{"embeddable":true,"href":"https:\/\/www.filha.fi\/en\/wp-json\/wp\/v2\/users\/27"}],"replies":[{"embeddable":true,"href":"https:\/\/www.filha.fi\/en\/wp-json\/wp\/v2\/comments?post=32806"}],"version-history":[{"count":0,"href":"https:\/\/www.filha.fi\/en\/wp-json\/wp\/v2\/pages\/32806\/revisions"}],"wp:attachment":[{"href":"https:\/\/www.filha.fi\/en\/wp-json\/wp\/v2\/media?parent=32806"}],"wp:term":[{"taxonomy":"category","embeddable":true,"href":"https:\/\/www.filha.fi\/en\/wp-json\/wp\/v2\/categories?post=32806"}],"curies":[{"name":"wp","href":"https:\/\/api.w.org\/{rel}","templated":true}]}}